{"id":42,"date":"2020-12-19T21:43:58","date_gmt":"2020-12-19T21:43:58","guid":{"rendered":"https:\/\/wierdmarket.com\/?page_id=42"},"modified":"2020-12-19T21:43:58","modified_gmt":"2020-12-19T21:43:58","slug":"binance","status":"publish","type":"page","link":"https:\/\/wierdmarket.com\/ro\/binance\/","title":{"rendered":"Binance Review 2020: \u00c1tver\u00e9s vagy Legit?"},"content":{"rendered":"<p>Binance este \u00een prezent cel mai mare schimb de criptomonede din lume. Cea fondat\u0103 de Changpeng Zhao (folosind \u0219i psedonimul CZ) \u00een 2017 este \u00een prezent cea mai mare \u0219i mai renumit\u0103 burs\u0103 din lume.<br \/>\n\u00cen prezent, bursa func\u021bioneaz\u0103 \u00een jurisdic\u021bia Maltei \u0219i a fost primit\u0103 cu c\u0103ldur\u0103 acolo. Changpeng Zhao a fost chiar \u00eent\u00e2mpinat chiar de Primul Ministru al Maltei. Malta are reglement\u0103ri legale \u0219i fiscale foarte prietenoase cu criptomonedele. Fiecare persoan\u0103 interesat\u0103 de criptomonede mai devreme sau mai t\u00e2rziu \u00ee\u0219i va crea un cont pe Binance, mai ales c\u0103 schimbul nu necesit\u0103 KYC \u0219i este pe deplin anonim.<\/p>\n<p>Binance a fost creat ca urmare a ICO (Initial Coin Offering) a jetonului Binance Coin (BNB) bazat pe EC20 din re\u021beaua Etherum, care a avut loc \u00een perioada 26 iunie &#8211; 3 iulie 2017.<br \/>\n\u00cen prezent, BNB se bazeaz\u0103 pe propriul blockchain independent Binance Chain. Jetoanele BNB sunt unitatea de baz\u0103 prin care decont\u0103m conturile cu schimbul pentru schimbul de criptomonede \u0219i achizi\u021bionarea de oferte pe Binance.<br \/>\nEste foarte important pentru persoanele care tocmai \u00ee\u0219i \u00eencep aventura cu Binance, deoarece f\u0103r\u0103 a avea aceste jetoane \u00een portofel, comisionul se percepe pentru achizi\u021biile noastre \u0219i, de exemplu, atunci c\u00e2nd cump\u0103r\u0103m 1000 de jetoane sau criptomonede, putem ob\u021bine 999 dup\u0103 deducerea comisionului. Prin urmare, merit\u0103 s\u0103 avem cel pu\u021bin o sum\u0103 minim\u0103 de BNB \u00een portofel.<br \/>\n\u00cen plus, BNB \u00eei pas\u0103 de valoarea tolkenului s\u0103u \u0219i, \u00een viitor, dore\u0219te s\u0103 ard\u0103 100 de milioane de g\u0103lbenu\u0219uri BNB, adic\u0103 reduce cantitatea acestora cu 50%<\/p>\n<p>Binance a achizi\u021bionat cel mai mare schimb de criptomonede din India numit WazirX<\/p>\n","protected":false},"excerpt":{"rendered":"<p>Binance este \u00een prezent cel mai mare schimb de criptomonede din lume. Cea fondat\u0103 de Changpeng Zhao (folosind \u0219i psedonimul CZ) \u00een 2017 este \u00een prezent cea mai mare \u0219i mai renumit\u0103 burs\u0103 din lume. \u00cen prezent, bursa func\u021bioneaz\u0103 \u00een jurisdic\u021bia Maltei \u0219i a fost primit\u0103 cu c\u0103ldur\u0103 acolo. Changpeng Zhao a fost chiar \u00eent\u00e2mpinat &#8230; <a title=\"Binance Review 2020: \u00c1tver\u00e9s vagy Legit?\" class=\"read-more\" href=\"https:\/\/wierdmarket.com\/ro\/binance\/\" aria-label=\"Mai multe despre Binance Review 2020: \u00c1tver\u00e9s vagy Legit?\">Cite\u0219te mai mult<\/a><\/p>\n","protected":false},"author":1,"featured_media":0,"parent":0,"menu_order":0,"comment_status":"closed","ping_status":"closed","template":"","meta":{"footnotes":""},"class_list":["post-42","page","type-page","status-publish"],"_links":{"self":[{"href":"https:\/\/wierdmarket.com\/ro\/wp-json\/wp\/v2\/pages\/42","targetHints":{"allow":["GET"]}}],"collection":[{"href":"https:\/\/wierdmarket.com\/ro\/wp-json\/wp\/v2\/pages"}],"about":[{"href":"https:\/\/wierdmarket.com\/ro\/wp-json\/wp\/v2\/types\/page"}],"author":[{"embeddable":true,"href":"https:\/\/wierdmarket.com\/ro\/wp-json\/wp\/v2\/users\/1"}],"replies":[{"embeddable":true,"href":"https:\/\/wierdmarket.com\/ro\/wp-json\/wp\/v2\/comments?post=42"}],"version-history":[{"count":1,"href":"https:\/\/wierdmarket.com\/ro\/wp-json\/wp\/v2\/pages\/42\/revisions"}],"predecessor-version":[{"id":43,"href":"https:\/\/wierdmarket.com\/ro\/wp-json\/wp\/v2\/pages\/42\/revisions\/43"}],"wp:attachment":[{"href":"https:\/\/wierdmarket.com\/ro\/wp-json\/wp\/v2\/media?parent=42"}],"curies":[{"name":"wp","href":"https:\/\/api.w.org\/{rel}","templated":true}]}}