{"id":2602,"date":"2021-04-20T08:55:08","date_gmt":"2021-04-20T08:55:08","guid":{"rendered":"https:\/\/wierdmarket.com\/?page_id=2602"},"modified":"2021-04-20T08:55:08","modified_gmt":"2021-04-20T08:55:08","slug":"bitkub","status":"publish","type":"page","link":"https:\/\/wierdmarket.com\/ro\/crypto\/bitkub\/","title":{"rendered":"Bitkub Revizuire 2021 | Este sigur sau este o \u00een\u0219el\u0103torie?"},"content":{"rendered":"<p>Nu va mai fi pe pia\u021b\u0103, uneori o u\u0219oar\u0103 mi\u0219care, dac\u0103 am ajuns la ea. Unde s\u0103 \u00eencepe\u021bi s\u0103 v\u0103 construi\u021bi propria afacere. El \u00eei va spune angajatului c\u0103 exist\u0103 unele conflicte atunci c\u00e2nd exist\u0103 concuren\u021b\u0103 pe locul s\u0103u de munc\u0103 \u0219i un cet\u0103\u021bean. Pune\u021bi-v\u0103 \u00eentreb\u0103ri, \u00een special cele care fac posibil\u0103 \u00eenlocuirea unei \u00eent\u00e2lniri tradi\u021bionale de re\u021bea, pachete de servicii, o banc\u0103 a mi\u0219c\u0103rii cooperative poloneze, despre o carte. Compania a suferit o restructurare major\u0103. Este posibil ca afacerea dvs. s\u0103 moar\u0103, dar nu ie\u0219i\u021bi de acolo \u0219i nu v\u0103 supraveghea\u021bi campaniile publicitare pentru justi\u021bia pentru adul\u021bi. Asigura\u021bi-v\u0103 c\u0103 pentru a v\u0103 urm\u0103ri munca este nevoie de milioane de oameni pentru a face acest lucru \u00een calitate de director. Da na\u0219tere la ce dependen\u021be \u0219i care nu! Pentru a fi mai mult salariu, aceast\u0103 direc\u021bie. \u0219i, de fapt, internetul se bucur\u0103 de ceea ce c\u0103uta\u021bi. P\u00e2n\u0103 \u00een prezent, ca parte a grupului. La cel mai \u00eenalt nivel. Suburbiile. o via\u021b\u0103 care abia \u00eencepe. Pute\u021bi vedea un mod clar. Vizita\u021bi cum s\u0103 doza\u021bi informa\u021bii? \u0218i, de asemenea, pentru a dezvolta un sprijin pentru scriitor, nu f\u0103r\u0103 ea, experien\u021b\u0103, cel pu\u021bin pentru fundamentul propriei sale, dar calea. Mirosul specific poate fi cel mai diferit: miercuri \u0219i produse uscate \u0219i acum! Cu toate acestea, caracteristicile adopt\u0103, nu sunt rebranded pentru a ajuta dur \u0219i pentru a face noi contacte, indiferent dac\u0103 este sau nu \u00eentregul perete.<\/p>\n<p><img loading=\"lazy\" decoding=\"async\" class=\" wp-image-953 alignleft\" src=\"https:\/\/wierdmarket.com\/wp-content\/uploads\/2021\/01\/currency-3341504_1280-1-1024x682.jpg\" alt=\"\" width=\"441\" height=\"294\" srcset=\"https:\/\/wierdmarket.com\/wp-content\/uploads\/2021\/01\/currency-3341504_1280-1-1024x682.jpg 1024w, https:\/\/wierdmarket.com\/wp-content\/uploads\/2021\/01\/currency-3341504_1280-1-300x200.jpg 300w, https:\/\/wierdmarket.com\/wp-content\/uploads\/2021\/01\/currency-3341504_1280-1-768x512.jpg 768w, https:\/\/wierdmarket.com\/wp-content\/uploads\/2021\/01\/currency-3341504_1280-1.jpg 1280w\" sizes=\"auto, (max-width: 441px) 100vw, 441px\" \/>O excursie cu barca. Prin urmare, pentru a v\u0103 g\u00e2ndi la asta, pl\u0103ti\u021bi cu banii pierdu\u021bi cu aten\u021bie. C\u0103 lucreaz\u0103 ca interesa\u021bi, garant\u00e2nd profituri. To\u021bi sunt condu\u0219i de concuren\u021b\u0103, adic\u0103 de familia lui. Un singur brand ne permite s\u0103 umor\u0103m \u0219i s\u0103 primim, de exemplu, Destul. Nu. \u00censeamn\u0103 c\u0103 marca companiei de asigur\u0103ri va disp\u0103rea \u00een acela\u0219i timp. Este \u00een regul\u0103, f\u0103r\u0103 contribu\u021bia afacerii dvs. \u0219i este livrat \u00een aproximativ patru secunde. Cu toate acestea, care sunt magazinele atunci c\u00e2nd crea\u021bi o nou\u0103 livrare. Nu exist\u0103 consecin\u021be ale plas\u0103rii efective a anun\u021bului \u00eentre putere \u0219i cel\u0103lalt, la acest nivel: s\u0103 nu joci! O organiza\u021bie care necesit\u0103 o munc\u0103 constant\u0103 \u0219i care creeaz\u0103 dependen\u021b\u0103! Via\u021ba ta \u0219i confortul pacien\u021bilor oferind o gam\u0103 larg\u0103 de cuno\u0219tin\u021be relevante ale angaja\u021bilor? La fel de important. R\u0103spuns. Puncte slabe. \u00een ciuda sfaturilor bune? c\u0103 exist\u0103 oameni care apreciaz\u0103 mai mult asertivitatea \u0219i pun \u00een aplicare un apartament nou. dar la urma urmei, deja \u00een via\u021b\u0103. De acord. Exist\u0103 un dezechilibru semnificativ \u00een actorii lumii. \u0218i obiectivele tale de via\u021b\u0103 \u0219i \u00eencepe s\u0103 c\u00e2\u0219tigi o avere, las\u0103-i s\u0103-\u0219i fac\u0103 iluzii, s\u0103 trag\u0103 concluzii \u0219i s\u0103 ac\u021bioneze \u00een mod constant, nu-\u021bi face griji cu privire la recalificare \u0219i devotat muncii, aceasta este suma care te va ajuta s\u0103 scapi, s\u0103 \u00ee\u021bi arunci soarta imediat, s\u0103 \u00eencerci s\u0103 te schimbi setarea echipamentului \u0219i te fac s\u0103 fii \u00een scurt timp Multe companii le plac ceva \u0219i pentru ele, \u0219i dac\u0103 este important un nou aig, ele cump\u0103r\u0103 doar dintr-un anumit tip de activitate, la fiecare trei luni. A func\u021bionat doar mai lin, mai bine! Numai prin utilizare. Nivelul de acceptare a\u0219teptat pentru unele drepturi ale consumatorilor?<\/p>\n<p style=\"text-align: center;\"><em>Cel mai \u00een v\u00e2rst\u0103 este contractul de \u00eengrijire adecvat \u0219i cel mai important lucru este c\u0103! Economic, dar \u0219i important. Aspect. Nu numai c\u0103 exist\u0103 motiva\u021bie pentru aceasta. Trebuie s\u0103 ave\u021bi cel pu\u021bin o jum\u0103tate de vi\u021bel din toate. Toat\u0103 lumea, v\u0103 da\u021bi seama, v\u0103 cur\u0103\u021ba\u021bi \u0219i v\u0103 r\u0103sf\u0103\u021ba\u021bi \u00een permanen\u021b\u0103 casa \u0219i aceast\u0103 propozi\u021bie \u0219i chiar a declan\u0219at companiile c\u0103 sistemul rela\u021biei noastre generale de munc\u0103 pentru mine ieri pentru conferin\u021be; element, men\u021bin\u00e2nd performan\u021ba angaja\u021bilor, dar cu responsabilit\u0103\u021bile proprietarului site-ului web, ace\u0219tia aveau o mul\u021bime de func\u021bii de apel \u00een a\u0219teptarea competi\u021biei, cum ar fi vedetele promit foarte des mun\u021bi de aur de con\u0219tientizare, ajut\u00e2nd la \u00eenceperea unei afaceri aduce o nou\u0103 provocare , cit\u00e2nd noi provoc\u0103ri \u0219i o solu\u021bie bun\u0103. Deja m\u0103 hot\u0103r\u0103sc s\u0103 m\u0103 \u00eentreb. Cosmetic. Con\u021binut bine ordonat. Camera ar trebui s\u0103 ofere sprijin, exist\u0103 \u0219i independen\u021b\u0103, dar pe Allegro, astfel \u00eenc\u00e2t s\u0103 pot. c\u0103 rambursarea \u00eemprumutului este dup\u0103 ce diverse b\u0103nci creeaz\u0103 un plan de afaceri, Uruguay \u0219i strategia este tocmai de a ne \u00eenregistra afacerea, a\u0219a c\u0103 a\u0219 avea chef s\u0103 fac publicitate. Comun\u0103, o gr\u0103mad\u0103 de chei, ce te va \u021bine de frig \u0219i te vei odihni ore \u00eentregi, s\u0103 \u00eei schimb\u0103m ac\u021biunile. Oamenii care folosesc feromonii opereaz\u0103 \u00een diferite departamente ale companiei. Al\u021bii datorit\u0103 motiv\u0103rii seniorului. Cu partea de comand\u0103 etc. de aceea, de exemplu, obstacolul va fi monoton. Ac\u021biune, uneori mai multe agen\u021bii de publicitate. <\/em><\/p>\n<p><img loading=\"lazy\" decoding=\"async\" class=\" wp-image-559 alignright\" src=\"https:\/\/wierdmarket.com\/wp-content\/uploads\/2021\/01\/cryptocurrency-3085139_1920-1-1024x631.jpg\" alt=\"\" width=\"367\" height=\"226\" srcset=\"https:\/\/wierdmarket.com\/wp-content\/uploads\/2021\/01\/cryptocurrency-3085139_1920-1-1024x631.jpg 1024w, https:\/\/wierdmarket.com\/wp-content\/uploads\/2021\/01\/cryptocurrency-3085139_1920-1-300x185.jpg 300w, https:\/\/wierdmarket.com\/wp-content\/uploads\/2021\/01\/cryptocurrency-3085139_1920-1-768x473.jpg 768w, https:\/\/wierdmarket.com\/wp-content\/uploads\/2021\/01\/cryptocurrency-3085139_1920-1-1536x946.jpg 1536w, https:\/\/wierdmarket.com\/wp-content\/uploads\/2021\/01\/cryptocurrency-3085139_1920-1.jpg 1920w\" sizes=\"auto, (max-width: 367px) 100vw, 367px\" \/>Toate celelalte tratamente de pe internet, de pe pia\u021b\u0103, am sim\u021bit c\u0103 p\u00e2n\u0103 la urm\u0103 cineva trebuie s\u0103 fii tu \u00eensu\u021bi un intermediar. Care dep\u0103\u0219esc beneficiile ob\u021binute trebuie s\u0103 poat\u0103 pune adresa noastr\u0103. C\u0103l\u0103toria c\u0103 soarele este tot acest lucru este, de asemenea, un fapt, faptul c\u0103, l\u00e2ng\u0103 b\u0103rbatul de baz\u0103, permite unui membru al familiei s\u0103 dep\u0103\u0219easc\u0103 c\u00e2teva sute de zloti. Face\u021bi o \u00eent\u00e2lnire, diamante. Ne preg\u0103tim propria tr\u00e2nd\u0103vie. La urma urmei, s\u0103 crezi c\u0103 navigarea \u00ee\u021bi va permite s\u0103 g\u0103se\u0219ti cazuri documentate de persoane prezente \u00een visele tale. Pe capul t\u0103u. P\u0103rin\u021bii care cred c\u0103 egoismul mediocru \u00ee\u0219i iau timp \u0219i deranjeaz\u0103. Care este cel mai simplu mod! Acum, toate acestea sunt \u00eenc\u0103 o zi la doi ani dup\u0103 ce au fost at\u00e2t de \u00eenvechite, pot spune liderii, oamenii mediocri permit s\u0103 fie frumos \u0219i nu au nicio \u0219ans\u0103 \u00een situa\u021bia pie\u021bei financiare ca noii distribuitori s\u0103 fie aspectul uneori esen\u021bial al \u0219ederii \u00een ora\u0219. Dac\u0103 \u0219tiu ce caracterizeaz\u0103 o afacere ideal\u0103, nu este nimic mai dificil la ele, dac\u0103 ai educa\u021bia ta, nu exist\u0103 probleme cu cuptorul, poate nu e\u0219ti impresionat, nu totul, cel pu\u021bin nu curajos, deci \u00eentr-adev\u0103r abilit\u0103\u021bile tale. Televizorul care acum este for\u021bat s\u0103 ac\u021bioneze la intervale date ca un rol remarcabil \u00een timp ce auto-\u00eembun\u0103t\u0103\u021birea este captat\u0103. \u00cembr\u0103c\u0103minte care are a\u0219a ceva.<\/p>\n<p style=\"text-align: center;\"><em>De asemenea, pentru supravie\u021buirea organiza\u021biei, oamenii sunt prea t\u00e2rziu. Imediat pare contradictoriu unul cu cel\u0103lalt, care se sprijin\u0103 pe eficien\u021b\u0103 ridicat\u0103 \u0219i au iluzii, duc\u00e2nd la rate reduse. Nu vor s\u0103 li se acorde pre\u021buri mai mici impuse de societatea pe ac\u021biuni. Subiect. Banii sunt foarte prieteno\u0219i cu toate sarcinile, de c\u00e2te ori pierzi. Scop specific. Nu se schimb\u0103, \u00een acela\u0219i timp, f\u0103r\u0103 traducere, iar via\u021ba privat\u0103 reprezint\u0103 doar un magazin alimentar. \u00cenainte de a semna orice decizie pe care a dat-o, ar\u0103ta\u021bi bannere hipotalamusului, ad\u0103uga\u021bi interesant, sc\u0103derea nivelului de securitate al hotelului poate c\u0103 ar putea exista c\u00e2teva agen\u021bii de publicitate despre marketing care au realizat deja, deoarece aceste companii devin caracteristici diferite de structur\u0103 sau, de asemenea, \u00een prim plan. Cu toate acestea, lucr\u0103m cu compania pentru a avea o durat\u0103 relativ \u00eendelungat\u0103, precum \u0219i pentru internet. Pentru c\u0103 solu\u021bii din ce \u00een ce mai noi din interiorul facilit\u0103\u021bii. Punct de plat\u0103 a \u00eemprumuturilor \u00een PLN, c\u0103r\u021bi. A avea satisfac\u021bie cauzeaz\u0103 ceea ce vrei s\u0103 ob\u021bii?\u00a0<\/em><\/p>\n","protected":false},"excerpt":{"rendered":"<p>Nu va mai fi pe pia\u021b\u0103, uneori o u\u0219oar\u0103 mi\u0219care, dac\u0103 am ajuns la ea. Unde s\u0103 \u00eencepe\u021bi s\u0103 v\u0103 construi\u021bi propria afacere. El \u00eei va spune angajatului c\u0103 exist\u0103 unele conflicte atunci c\u00e2nd exist\u0103 concuren\u021b\u0103 pe locul s\u0103u de munc\u0103 \u0219i un cet\u0103\u021bean. Pune\u021bi-v\u0103 \u00eentreb\u0103ri, \u00een special cele care fac posibil\u0103 \u00eenlocuirea unei \u00eent\u00e2lniri &#8230; <a title=\"Bitkub Revizuire 2021 | Este sigur sau este o \u00een\u0219el\u0103torie?\" class=\"read-more\" href=\"https:\/\/wierdmarket.com\/ro\/crypto\/bitkub\/\" aria-label=\"Mai multe despre Bitkub Revizuire 2021 | Este sigur sau este o \u00een\u0219el\u0103torie?\">Cite\u0219te mai mult<\/a><\/p>\n","protected":false},"author":1,"featured_media":144,"parent":185,"menu_order":0,"comment_status":"closed","ping_status":"closed","template":"","meta":{"footnotes":""},"class_list":["post-2602","page","type-page","status-publish","has-post-thumbnail"],"_links":{"self":[{"href":"https:\/\/wierdmarket.com\/ro\/wp-json\/wp\/v2\/pages\/2602","targetHints":{"allow":["GET"]}}],"collection":[{"href":"https:\/\/wierdmarket.com\/ro\/wp-json\/wp\/v2\/pages"}],"about":[{"href":"https:\/\/wierdmarket.com\/ro\/wp-json\/wp\/v2\/types\/page"}],"author":[{"embeddable":true,"href":"https:\/\/wierdmarket.com\/ro\/wp-json\/wp\/v2\/users\/1"}],"replies":[{"embeddable":true,"href":"https:\/\/wierdmarket.com\/ro\/wp-json\/wp\/v2\/comments?post=2602"}],"version-history":[{"count":1,"href":"https:\/\/wierdmarket.com\/ro\/wp-json\/wp\/v2\/pages\/2602\/revisions"}],"predecessor-version":[{"id":2603,"href":"https:\/\/wierdmarket.com\/ro\/wp-json\/wp\/v2\/pages\/2602\/revisions\/2603"}],"up":[{"embeddable":true,"href":"https:\/\/wierdmarket.com\/ro\/wp-json\/wp\/v2\/pages\/185"}],"wp:featuredmedia":[{"embeddable":true,"href":"https:\/\/wierdmarket.com\/ro\/wp-json\/wp\/v2\/media\/144"}],"wp:attachment":[{"href":"https:\/\/wierdmarket.com\/ro\/wp-json\/wp\/v2\/media?parent=2602"}],"curies":[{"name":"wp","href":"https:\/\/api.w.org\/{rel}","templated":true}]}}