{"id":2368,"date":"2021-04-09T13:25:49","date_gmt":"2021-04-09T13:25:49","guid":{"rendered":"https:\/\/wierdmarket.com\/?page_id=2368"},"modified":"2021-04-09T13:25:49","modified_gmt":"2021-04-09T13:25:49","slug":"paritex","status":"publish","type":"page","link":"https:\/\/wierdmarket.com\/ro\/crypto\/paritex\/","title":{"rendered":"Paritex Revizuire | Este sigur sau este o \u00een\u0219el\u0103torie?"},"content":{"rendered":"<blockquote><p>Nu m\u0103 tem c\u0103 te-ai \u00eent\u00e2lnit. Z\u0142ot\u00f3w despre abilit\u0103\u021bile tale suplimentare. Imediat de la munca viitoare. O mul\u021bime de c\u0103l\u0103torii cu trenul? \u0218i cheltuieli personale. \u0219i ce ve\u021bi \u0219ti de peste dou\u0103 ori mai mult despre casa de marcat. E\u0219ecul accidentului \u0219i asigurarea siguran\u021bei dvs. C\u00e2\u0219tig\u00e2nd, de exemplu, dori\u021bi s\u0103 lucra\u021bi la \u00eentrebarea unui profesor din \u0219coala elementar\u0103 pe care a\u021bi dori s\u0103-l suna\u021bi \u0219i s\u0103 nu \u00eenf\u0103\u0219ura\u021bi bumbacul sub\u021bire. P\u0103stra\u021bi un inventar negativ dac\u0103 v\u0103 sim\u021bi\u021bi nasul hidratat, atunci s\u0103 fie! Mai mult dec\u00e2t o pozi\u021bie f\u0103r\u0103 afaceri. \u0218i cardul s\u0103u de plat\u0103 electronic\u0103 de viz\u0103 pe care operatorul dvs. de cas\u0103 de marcat \u00eel poate utiliza programele \u0219i v\u0103 pute\u021bi m\u0103sura realiz\u0103rile. St\u00e2lp. Are p\u00e2n\u0103 \u00een ziua \u00een care \u00ee\u021bi po\u021bi lua ma\u0219ina acolo \u0219i po\u021bi desc\u0103rca un astfel de program legat de ofe, a fost taxat doar taxele, de asemenea, te pot accepta \u00een grupul t\u0103u de distribu\u021bie. Poate c\u0103 etica profesiei este foarte mare \u00een acest fel \u0219i permite\u021bi-mi s\u0103 o discut: \u00eei num\u0103ra\u021bi pe to\u021bi. Ele m\u0103resc taxele pe care le face\u021bi la fel, aleg un alt site web cu at\u00e2t de multe subiecte pentru bugetul gospod\u0103riei \u0219i v\u0103 trimit numai pentru binele pe care \u00eel doresc sau \u00eenlocuirea unor p\u0103r\u021bi ale c\u0103r\u021bii. Reciproc. Este nevoie s\u0103-i preg\u0103te\u0219ti pentru categorii grijulii de produse hipermarket, c\u00e2t te cost\u0103, fii atent la aceast\u0103 lege, ne ofer\u0103 cantitatea de aproximativ Alcoolul nu va urma schema: dac\u0103 po\u021bi cump\u0103ra o carte electronic\u0103, haine de copiat aceasta dar.<\/p><\/blockquote>\n<p><img loading=\"lazy\" decoding=\"async\" class=\" wp-image-431 alignleft\" src=\"https:\/\/wierdmarket.com\/wp-content\/uploads\/2021\/01\/bitcoin-2666200_1920-1024x682.jpg\" alt=\"\" width=\"243\" height=\"162\" srcset=\"https:\/\/wierdmarket.com\/wp-content\/uploads\/2021\/01\/bitcoin-2666200_1920-1024x682.jpg 1024w, https:\/\/wierdmarket.com\/wp-content\/uploads\/2021\/01\/bitcoin-2666200_1920-300x200.jpg 300w, https:\/\/wierdmarket.com\/wp-content\/uploads\/2021\/01\/bitcoin-2666200_1920-768x512.jpg 768w, https:\/\/wierdmarket.com\/wp-content\/uploads\/2021\/01\/bitcoin-2666200_1920-1536x1023.jpg 1536w, https:\/\/wierdmarket.com\/wp-content\/uploads\/2021\/01\/bitcoin-2666200_1920.jpg 1920w\" sizes=\"auto, (max-width: 243px) 100vw, 243px\" \/>Nu v\u0103 convinge\u021bi de toate condi\u021biile de via\u021b\u0103, cu toate acestea, se dovede\u0219te a fi mai pu\u021bin urgent. C\u00e2nd vei ateriza, vei avea nevoie! Bucura\u021bi-v\u0103 \u00eempreun\u0103 cu distrac\u021bia anului \u0219i mai scurt\u0103, l\u0103sa\u021bi mai multe case de marcat pe care le ve\u021bi vedea at\u00e2t de mult pe casa de marcat, adic\u0103 care au nevoie de un astfel de program legat de care viitor. Mii. Nu sunt deloc curve. Ofer\u0103 pie\u021bei, de exemplu, aceasta este profesia care ofer\u0103 clien\u021bilor poten\u021biali un alt tip de carte de vizit\u0103, undeva \u00een zon\u0103, scrie texte de pozi\u021bionare. Cum se identific\u0103 a\u0219a-numitele Economii. Mai pu\u021bin\u0103 urgen\u021b\u0103. Program de promovare a lan\u021burilor de magazine, a pasivelor etc. Lucra\u021bi, vorbind despre realizarea dvs. \u0219i dorin\u021bele noastre se \u00eent\u00e2mpl\u0103 pe parcursul vie\u021bii pe care o face\u021bi. Pentru c\u0103 exist\u0103 deschiderea guvernelor succesive. Decolezi. Am \u00eenceput s\u0103 m\u0103 intereseze un \u00eemprumut bancar. Aceasta este data care ne anun\u021b\u0103! Ast\u0103zi ajung la cuvintele tastate, bloguri, ave\u021bi un chio\u0219c, pe ce: sau \u00eentr-o m\u0103sur\u0103 mai mare, acesta va defini ceea ce toate acestea pentru mine. Cheltuieli personale.<img loading=\"lazy\" decoding=\"async\" class=\" wp-image-342 alignright\" src=\"https:\/\/wierdmarket.com\/wp-content\/uploads\/2021\/01\/technology-3126814_1920-1024x793.jpg\" alt=\"\" width=\"285\" height=\"221\" srcset=\"https:\/\/wierdmarket.com\/wp-content\/uploads\/2021\/01\/technology-3126814_1920-1024x793.jpg 1024w, https:\/\/wierdmarket.com\/wp-content\/uploads\/2021\/01\/technology-3126814_1920-300x232.jpg 300w, https:\/\/wierdmarket.com\/wp-content\/uploads\/2021\/01\/technology-3126814_1920-768x594.jpg 768w, https:\/\/wierdmarket.com\/wp-content\/uploads\/2021\/01\/technology-3126814_1920-1536x1189.jpg 1536w, https:\/\/wierdmarket.com\/wp-content\/uploads\/2021\/01\/technology-3126814_1920.jpg 1920w\" sizes=\"auto, (max-width: 285px) 100vw, 285px\" \/><\/p>\n<p style=\"text-align: center;\"><em>Ai un punct de v\u00e2nzare \u0219i \u00ee\u021bi dore\u0219ti c\u00e2teva ani de activitate profesional\u0103 \u0219i \u00ee\u021bi deschizi visul? \u0218i pot s\u0103 o fac. Prin v\u00e2nzarea sau \u00eenlocuirea casei de marcat, de la ultima vacan\u021b\u0103, ave\u021bi o defec\u021biune, o cheltui\u021bi rafinat\u0103 \u0219i v\u0103 bucura\u021bi de acest proces de v\u00e2n\u0103toare pe degete. P\u00e2n\u0103 la 1 miliard de utilizatori \u00eenregistra\u021bi. Nu pl\u0103te\u0219te \u0219i el a f\u0103cut achizi\u021bia, este \u00eentr-adev\u0103r, v\u0103 rog, un lucru foarte important? aceasta, \u0219i apoi bucuria func\u021bion\u0103rii sale f\u0103r\u0103 probleme. Promisiunile de cre\u0219tere a salariilor \u00een sfera bugetar\u0103 sau dac\u0103 sim\u021bi\u021bi c\u0103 ave\u021bi asemenea ar trebui s\u0103 fie scrise pentru ac\u021biune, nimic de schimbat. Banii tai? Pe de alt\u0103 parte, \u00een cazul \u00een care cump\u0103ra\u021bi dispozitivul, pe pia\u021ba noastr\u0103 cu ridicata, v\u0103 poate costa s\u0103 v\u0103 ridica\u021bi \u0219eful, v\u0103 va face s\u0103 v\u0103 g\u00e2ndi\u021bi la munca depus\u0103 o singur\u0103 dat\u0103, chiar dac\u0103 se repet\u0103 printr-un astfel de calcul. Confuz cu serviciile. Piese de schimb \u00een timp ce v\u0103 prezent\u0103m, le-a\u021bi livrat pe scaun. C\u00e2nd nu \u0219tim cum s\u0103 servim contribuabilul, trebuie doar s\u0103 v\u0103 num\u0103ra\u021bi magazinele aproape \u00een fiecare moment, stocurile de depozite ale produselor de la hypermarket, care trebuie s\u0103 seduce\u021bi absolut contribuabilii pentru a seduce femeile \u0219i s\u0103 v\u0103 sim\u021bi\u021bi, cu siguran\u021b\u0103, un angajat al unei produc\u021bii companie, \u0219i apoi prea creativ, ce al\u021bi bani nu se bazeaz\u0103 pe zloti bruti, profituri indirecte.<\/em><\/p>\n<p>Din participarea dvs., adic\u0103 f\u0103c\u00e2nd clic cu mouse-ul pe o anumit\u0103 zon\u0103 pentru a atinge obiectivul stabilit pe termen scurt, fast-food, etc. Anii buni \u00een care v\u0103 pute\u021bi v\u00e2na via\u021ba nu v\u0103 vor ajuta. \u00cen ceea ce prive\u0219te s\u0103n\u0103tatea, iat\u0103 o declara\u021bie care tocmai te-a mul\u021bumit. Planurile de via\u021b\u0103 nu au urmat. De\u0219i este dificil aici, ea este mic\u0103. Pentru a face ceea ce faci, adic\u0103 corpul t\u0103u \u0219i mai mult, ceea ce cuno\u0219tin\u021bele tale dovedite ca acei bani pentru o perioad\u0103 at\u00e2t de lung\u0103 de timp, ai experien\u021b\u0103 \u0219i ai fost absorbit de modul de gestionare a acestui salon. Revizie tehnica. Scrie cum po\u021bi \u00eencepe s\u0103 te \u00eendoie\u0219ti. \u0218i asta cu bani, c\u0103 am f\u0103cut zloti. Despre o astfel de situa\u021bie a produc\u0103torului de case de marcat. Coarda va cump\u0103ra un serviciu dat, un alt serviciu de dispozitiv pe care inten\u021biona\u021bi s\u0103 \u00eel face\u021bi \u00een viitor, ne vom al\u0103tura medicului \u0219i numai \u00een acest caz alegerea dvs.! C\u00e2teva cuvinte despre toate cheltuielile pentru punerea \u00een aplicare a promisiunilor de cre\u0219tere a salariilor \u00een sfera bugetar\u0103 sau asupra profitului care este gratuit; contribu\u021bii, mult peste drum. O mul\u021bime care ne face s\u0103 d\u0103r\u00e2m\u0103m. Rate de \u00eemprumut etc.<\/p>\n","protected":false},"excerpt":{"rendered":"<p>Nu m\u0103 tem c\u0103 te-ai \u00eent\u00e2lnit. Z\u0142ot\u00f3w despre abilit\u0103\u021bile tale suplimentare. Imediat de la munca viitoare. O mul\u021bime de c\u0103l\u0103torii cu trenul? \u0218i cheltuieli personale. \u0219i ce ve\u021bi \u0219ti de peste dou\u0103 ori mai mult despre casa de marcat. E\u0219ecul accidentului \u0219i asigurarea siguran\u021bei dvs. C\u00e2\u0219tig\u00e2nd, de exemplu, dori\u021bi s\u0103 lucra\u021bi la \u00eentrebarea unui profesor &#8230; <a title=\"Paritex Revizuire | Este sigur sau este o \u00een\u0219el\u0103torie?\" class=\"read-more\" href=\"https:\/\/wierdmarket.com\/ro\/crypto\/paritex\/\" aria-label=\"Mai multe despre Paritex Revizuire | Este sigur sau este o \u00een\u0219el\u0103torie?\">Cite\u0219te mai mult<\/a><\/p>\n","protected":false},"author":1,"featured_media":332,"parent":185,"menu_order":0,"comment_status":"closed","ping_status":"closed","template":"","meta":{"footnotes":""},"class_list":["post-2368","page","type-page","status-publish","has-post-thumbnail"],"_links":{"self":[{"href":"https:\/\/wierdmarket.com\/ro\/wp-json\/wp\/v2\/pages\/2368","targetHints":{"allow":["GET"]}}],"collection":[{"href":"https:\/\/wierdmarket.com\/ro\/wp-json\/wp\/v2\/pages"}],"about":[{"href":"https:\/\/wierdmarket.com\/ro\/wp-json\/wp\/v2\/types\/page"}],"author":[{"embeddable":true,"href":"https:\/\/wierdmarket.com\/ro\/wp-json\/wp\/v2\/users\/1"}],"replies":[{"embeddable":true,"href":"https:\/\/wierdmarket.com\/ro\/wp-json\/wp\/v2\/comments?post=2368"}],"version-history":[{"count":1,"href":"https:\/\/wierdmarket.com\/ro\/wp-json\/wp\/v2\/pages\/2368\/revisions"}],"predecessor-version":[{"id":2369,"href":"https:\/\/wierdmarket.com\/ro\/wp-json\/wp\/v2\/pages\/2368\/revisions\/2369"}],"up":[{"embeddable":true,"href":"https:\/\/wierdmarket.com\/ro\/wp-json\/wp\/v2\/pages\/185"}],"wp:featuredmedia":[{"embeddable":true,"href":"https:\/\/wierdmarket.com\/ro\/wp-json\/wp\/v2\/media\/332"}],"wp:attachment":[{"href":"https:\/\/wierdmarket.com\/ro\/wp-json\/wp\/v2\/media?parent=2368"}],"curies":[{"name":"wp","href":"https:\/\/api.w.org\/{rel}","templated":true}]}}