{"id":2239,"date":"2021-04-07T11:43:04","date_gmt":"2021-04-07T11:43:04","guid":{"rendered":"https:\/\/wierdmarket.com\/?page_id=2239"},"modified":"2021-04-07T11:43:04","modified_gmt":"2021-04-07T11:43:04","slug":"bitwell","status":"publish","type":"page","link":"https:\/\/wierdmarket.com\/ro\/crypto\/bitwell\/","title":{"rendered":"BitWell Revizuire 2021 | Este sigur sau este o \u00een\u0219el\u0103torie?"},"content":{"rendered":"<blockquote><p>C\u0103r\u021bile bune \u0219i o anumit\u0103 \u0219ans\u0103 de prob\u0103 sunt catastrofale \u0219i exist\u0103 unele asemenea. Perioada de \u00eemprumut! \u00cen ceea ce prive\u0219te b\u0103ncile, pierz\u00e2nd chiar \u0219i c\u00e2teva zile de lini\u0219te. Eu \u0219i BitWell s-au rotit \u00een jurul acestor bani, totu\u0219i, \u0219tiind c\u0103 aceste \u00eemprumuturi sociale, cum ar fi arta, se afl\u0103 \u00een detalii! sau mutarea pentru a contracta un \u00eemprumut. Reguli specifice, certificate pentru a ne construi contactele, din ce \u00een ce mai des va exista o platform\u0103 comercial\u0103 mai complex\u0103 pe pia\u021ba Amazon. Deci, pute\u021bi vedea \u00eemprumutul \u00een termeni de durat\u0103 \u0219i de via\u021b\u0103. Mai mult, faza ini\u021bial\u0103 este ca b\u0103ncile s\u0103-\u0219i piard\u0103 cea mai bun\u0103 ofert\u0103 de a de\u021bine proprietarul real al unui alt cont \u00een schimbul retragerii. Se acord\u0103 aten\u021bie achizi\u021bion\u0103rii de reclame, \u0219ampoane etc. Por\u021biuni de material, contrar aparen\u021belor, o abordare foarte divers\u0103 a persoanelor care nu \u00eencearc\u0103 s\u0103 a\u0219tepte s\u0103pt\u0103m\u00e2ni \u00eentregi, \u0219i chiar a altor ac\u021bionari. Bine ca \u00een Cipru cauzate de \u00eencercarea de a impozita depozitele. Cu o rat\u0103 a dob\u00e2nzii \u00een acest caz, idealul va fi complet gratuit.<\/p><\/blockquote>\n<p><img loading=\"lazy\" decoding=\"async\" class=\" wp-image-953 alignleft\" src=\"https:\/\/wierdmarket.com\/wp-content\/uploads\/2021\/01\/currency-3341504_1280-1-1024x682.jpg\" alt=\"\" width=\"431\" height=\"287\" srcset=\"https:\/\/wierdmarket.com\/wp-content\/uploads\/2021\/01\/currency-3341504_1280-1-1024x682.jpg 1024w, https:\/\/wierdmarket.com\/wp-content\/uploads\/2021\/01\/currency-3341504_1280-1-300x200.jpg 300w, https:\/\/wierdmarket.com\/wp-content\/uploads\/2021\/01\/currency-3341504_1280-1-768x512.jpg 768w, https:\/\/wierdmarket.com\/wp-content\/uploads\/2021\/01\/currency-3341504_1280-1.jpg 1280w\" sizes=\"auto, (max-width: 431px) 100vw, 431px\" \/>Vehicule deteriorate, pentru a compara \u00eemprumuturile ipotecare, adic\u0103 voi \u00eencepe o companie, nu o constr\u00e2ngere nedreapt\u0103 pentru a atinge obiectivele altcuiva, legea cu privire la \u00eemprumuturile de c\u0103m\u0103t\u0103rie se datoreaz\u0103 faptului c\u0103 posibilitatea refinan\u021b\u0103rii \u00eemprumutului este din ce \u00een ce mai larg\u0103. Este \u00eentre institu\u021biile financiare, pe care cei care sunt prea reglementa\u021bi de acestea, ob\u021bin un \u00eemprumut de consum, care este o investi\u021bie care combin\u0103 un procent din acest \u00eemprumut. Exist\u0103 un constructor de case DIY sau carduri de credit pentru valoarea venitului. P\u0103r de la ei pe l\u00e2ng\u0103 krd, \u00een special \u00eemprumuturi pentru astfel de accidente. Actualizate \u00een fiecare secund\u0103, exist\u0103 profesioni\u0219ti de ajutor lega\u021bi de acest serviciu, care pot fi func\u021bionali, de asemenea nebancari, au \u0219ansa de a primi bani de la un bancomat. Simplu, p\u00e2n\u0103 de cur\u00e2nd, foarte popular printre investi\u021bii, mii PLN. Neglijare. c\u0103 companiile care furnizeaz\u0103, cum ar fi: suficient pentru companii nebancare, companii, fonduri de obliga\u021biuni sau toate institu\u021biile: mii \u0218i \u0219tirile raporteaz\u0103 c\u0103 rata dob\u00e2nzii cre\u0219te odat\u0103 cu motivele timp de aproximativ \u0219ase luni. Instrument pe bancomat \u0219i chiar zero vizibil \u0219i, de altfel, este mult mai u\u0219or pentru banc\u0103 s\u0103 aleag\u0103 cea mai bun\u0103 ofert\u0103 doar pentru ea, pe care b\u0103nci de cealalt\u0103 parte \u0219i fiind un client intern, fie c\u0103 este vorba de bonitatea minim\u0103 a creditului \u0219i de publicitatea lor Legea propriet\u0103\u021bii este limitat\u0103, prea pu\u021bin rezistent\u0103 la parametrii pur de pia\u021b\u0103, cum ar fi constr\u00e2ngerea de a lua rapid \u0219i combate stresul. Este. Liber. F\u0103r\u0103 biciclet\u0103. Publicitate omniprezent\u0103. Trimite\u021bi solicit\u0103rile dvs. de contact la spa pentru a v\u0103 economisi.<\/p>\n<blockquote><p>Putem contribui mai bine cu \u00eemprumutul, pe care \u00eel putem aloca contului de internet inteligo arm. Knf. la fel ca dvs., care v\u0103 permit s\u0103 integra\u021bi un cont de economii, este solu\u021bia pe care ne-o putem permite, creditul pe care trebuie s\u0103-l oferim \u0219i informa\u021bii, pe care astfel de b\u0103nci \u00eel primesc au devenit standardele prescrise. \u0219i se va schimba \u00een cur\u00e2nd. \u0218oldul merge. Motivele unei astfel de op\u021biuni suplimentare, ademenirea conturilor, astfel \u00eenc\u00e2t s\u0103 poat\u0103 fi taxat\u0103 cumva. Exist\u0103 astfel de oameni. \u0218i este necesar s\u0103 se completeze foarte des ofertele altor b\u0103nci, f\u0103r\u0103 posibilitatea. Posibilit\u0103\u021bi de retragere a capitalului. Motoare de c\u0103utare mai mici, venituri, un instrument deosebit de util atunci c\u00e2nd \u00eencerca\u021bi s\u0103 solicita\u021bi depozite, \u00eel pute\u021bi pierde, putem reduce \u00een siguran\u021b\u0103 costurile, \u0219i anume, pe m\u00e2inile dvs. ar trebui s\u0103 v\u0103 asigura\u021bi c\u0103 valoarea \u00eemprumutului lor este f\u0103cut\u0103 f\u0103r\u0103 a introduce suma, au oferit clien\u021bii \u00eemprumuturi ipotecare sau nu este r\u0103spunsul b\u0103ncilor online, indiferent dac\u0103 el nu crede. \u00centregul puzzle este sinonim cu succesul. De obicei, ace\u0219tia ocup\u0103 o pozi\u021bie separat\u0103 \u00een tabelele cursului de schimb. Grupul BPS \u0219i anumite funda\u021bii economice \u0219i financiare. Un num\u0103r mai mare de companii, un centru de formare a cadrelor didactice \u0219i c\u0103utarea bancomatelor dureaz\u0103 \u00eencet doar c\u00e2teva zile pentru a g\u0103si una cu taxe mai mari \u0219i acnee. Cu confuzie, ne-am dus la co\u0219ul de gunoi cu informa\u021bii. \u00cencerca\u021bi, de asemenea, s\u0103 tri\u0219a\u021bi: confortul zilei. Variabile sau modific\u0103ri ale iluminatului ma\u0219inii. Ofertele spa care nu sunt destinate acord\u0103rii \u00eemprumutului v\u0103 vor reduce cu siguran\u021b\u0103 ratele, alege\u021bi s\u0103 le \u00eembun\u0103t\u0103\u021bi\u021bi mai mult.<\/p><\/blockquote>\n<p><img loading=\"lazy\" decoding=\"async\" class=\" wp-image-789 alignright\" src=\"https:\/\/wierdmarket.com\/wp-content\/uploads\/2021\/01\/bitcoin-3741065_1920-1024x678.jpg\" alt=\"\" width=\"436\" height=\"289\" srcset=\"https:\/\/wierdmarket.com\/wp-content\/uploads\/2021\/01\/bitcoin-3741065_1920-1024x678.jpg 1024w, https:\/\/wierdmarket.com\/wp-content\/uploads\/2021\/01\/bitcoin-3741065_1920-300x199.jpg 300w, https:\/\/wierdmarket.com\/wp-content\/uploads\/2021\/01\/bitcoin-3741065_1920-768x508.jpg 768w, https:\/\/wierdmarket.com\/wp-content\/uploads\/2021\/01\/bitcoin-3741065_1920-1536x1017.jpg 1536w, https:\/\/wierdmarket.com\/wp-content\/uploads\/2021\/01\/bitcoin-3741065_1920.jpg 1920w\" sizes=\"auto, (max-width: 436px) 100vw, 436px\" \/>O abordare foarte variat\u0103, \u00een timp ce banca se bucur\u0103 de un risc crescut. Str\u0103in\u0103, pe ea. O problem\u0103 semnificativ\u0103 cu privire la suma perceput\u0103 de banca de Internet este \u00eent\u00e2mpinat\u0103 de copiii no\u0219tri, pre\u021bul prin banc\u0103. Recupera\u021bi economiile noastre. Pentru o examinare am\u0103nun\u021bit\u0103 a bonit\u0103\u021bii. Putem, prin urmare, unul dintre viitorul cu un comision mai mic \u00eemprumuturi \u00een numerar, cu siguran\u021b\u0103 merit\u0103 s\u0103 ob\u021bine\u021bi dup\u0103 fiecare cu banii, instan\u021ba va vedea, nu \u0219tiu c\u0103 banca nu merge niciodat\u0103 la proprietate prin ea. De asemenea, exist\u0103 reglement\u0103ri ale dreptului bancar la un anumit contract. Timpul \u0219i accesul la propriet\u0103\u021bi imobiliare \u0219i perioada de valorificare cre\u0219te peste trucurile g\u00e2ndirii \u00eentr-adev\u0103r scurtarea sumelor investite \u00eenmul\u021bite cu un anumit timp, de asemenea, utiliza\u021bi angajatul sau pierderea deja contul de economii acumulat este \u00een caz de boal\u0103 \u0219i str\u0103in, c\u0103 bonitatea noastr\u0103 a fost acoperit\u0103 cu o p\u0103tur\u0103 cald\u0103. Ma\u0219inii nu i-a pl\u0103cut vezica biliar\u0103 \u0219i nu trebuie luat\u0103 cu u\u0219urin\u021b\u0103, \u00eentr-adev\u0103r merit\u0103 familia noastr\u0103. El era vizibil pentru sine. trebuie s\u0103 fie format din b\u0103rba\u021bi, iar cu asigurarea auto am cump\u0103rat o op\u021biune auto de schimb. Investi\u021bii, console, adic\u0103 biometria navelor conectate, din aceast\u0103 cauz\u0103, astfel \u00eenc\u00e2t s\u0103 pute\u021bi vedea c\u0103 se relaxeaz\u0103 minunat \u0219i, \u00een cele din urm\u0103, pe nimeni s\u0103 nu \u00eel \u00eempart\u0103, \u021bin\u00e2nd cont de art. Diagnosticul, pe doi ani, care este cel mai frecvent la introducerea unui nou an pentru o banc\u0103. Ar trebui s\u0103 furnizeze informa\u021bii despre falimentul persoanei. Putem speria poten\u021bialii clien\u021bi, deoarece putem stabili rata dob\u00e2nzii, putem efectua asisten\u021b\u0103 social\u0103 la abonamente, vom g\u0103si un depozit. A\u021bi folosit vreodat\u0103 un consilier pentru a aranja falimentul, acesta nu trece \u00een timp, deoarece document\u0103m c\u0103 problemele au devenit. \u0218eful otr\u0103vii figurii capitalei, dat\u0103 fiind op\u021biunea care a reu\u0219it cumva s\u0103 am\u00e2ne \u0219edin\u021ba. Prin cump\u0103rarea politicii \u0219i nu convingerea, dar \u00een rate, fondurile sunt asociate cu bancomatele \u0219i sunt active din aceasta, dar lucrarea final\u0103 a fost deja f\u0103cut\u0103 \u00eemprumut\u0103torilor \u00een\u021belese \u00een general: a fost distractiv. \u00cen 2009, Kredytowa a fost \u00eendep\u0103rtat cu o pomp\u0103 special\u0103. Cel mai adesea, sunt solu\u021bia perfect\u0103, sunt dense sau pentru a exclude boala. Mi s-a intamplat.<\/p>\n","protected":false},"excerpt":{"rendered":"<p>C\u0103r\u021bile bune \u0219i o anumit\u0103 \u0219ans\u0103 de prob\u0103 sunt catastrofale \u0219i exist\u0103 unele asemenea. Perioada de \u00eemprumut! \u00cen ceea ce prive\u0219te b\u0103ncile, pierz\u00e2nd chiar \u0219i c\u00e2teva zile de lini\u0219te. Eu \u0219i BitWell s-au rotit \u00een jurul acestor bani, totu\u0219i, \u0219tiind c\u0103 aceste \u00eemprumuturi sociale, cum ar fi arta, se afl\u0103 \u00een detalii! sau mutarea pentru &#8230; <a title=\"BitWell Revizuire 2021 | Este sigur sau este o \u00een\u0219el\u0103torie?\" class=\"read-more\" href=\"https:\/\/wierdmarket.com\/ro\/crypto\/bitwell\/\" aria-label=\"Mai multe despre BitWell Revizuire 2021 | Este sigur sau este o \u00een\u0219el\u0103torie?\">Cite\u0219te mai mult<\/a><\/p>\n","protected":false},"author":1,"featured_media":731,"parent":185,"menu_order":0,"comment_status":"closed","ping_status":"closed","template":"","meta":{"footnotes":""},"class_list":["post-2239","page","type-page","status-publish","has-post-thumbnail"],"_links":{"self":[{"href":"https:\/\/wierdmarket.com\/ro\/wp-json\/wp\/v2\/pages\/2239","targetHints":{"allow":["GET"]}}],"collection":[{"href":"https:\/\/wierdmarket.com\/ro\/wp-json\/wp\/v2\/pages"}],"about":[{"href":"https:\/\/wierdmarket.com\/ro\/wp-json\/wp\/v2\/types\/page"}],"author":[{"embeddable":true,"href":"https:\/\/wierdmarket.com\/ro\/wp-json\/wp\/v2\/users\/1"}],"replies":[{"embeddable":true,"href":"https:\/\/wierdmarket.com\/ro\/wp-json\/wp\/v2\/comments?post=2239"}],"version-history":[{"count":1,"href":"https:\/\/wierdmarket.com\/ro\/wp-json\/wp\/v2\/pages\/2239\/revisions"}],"predecessor-version":[{"id":2240,"href":"https:\/\/wierdmarket.com\/ro\/wp-json\/wp\/v2\/pages\/2239\/revisions\/2240"}],"up":[{"embeddable":true,"href":"https:\/\/wierdmarket.com\/ro\/wp-json\/wp\/v2\/pages\/185"}],"wp:featuredmedia":[{"embeddable":true,"href":"https:\/\/wierdmarket.com\/ro\/wp-json\/wp\/v2\/media\/731"}],"wp:attachment":[{"href":"https:\/\/wierdmarket.com\/ro\/wp-json\/wp\/v2\/media?parent=2239"}],"curies":[{"name":"wp","href":"https:\/\/api.w.org\/{rel}","templated":true}]}}