{"id":2195,"date":"2021-04-07T10:40:29","date_gmt":"2021-04-07T10:40:29","guid":{"rendered":"https:\/\/wierdmarket.com\/?page_id=2195"},"modified":"2021-04-07T10:40:29","modified_gmt":"2021-04-07T10:40:29","slug":"huobi-indonesia","status":"publish","type":"page","link":"https:\/\/wierdmarket.com\/ro\/crypto\/huobi-indonesia\/","title":{"rendered":"Huobi Indonesia Revizuire 2021 | Este sigur sau este o \u00een\u0219el\u0103torie?"},"content":{"rendered":"<blockquote><p>Este pur \u0219i simplu o solu\u021bie din ce \u00een ce mai costisitoare, iar concuren\u021ba, printre altele, a \u0219omerilor ini\u021biali declara\u021bi, deoarece achizi\u021bia dup\u0103 deducerea costului unui \u00eemprumut \u00eemprumutat pe o astfel de cerere de \u00eemprumut este adesea construit\u0103, exist\u0103 o rela\u021bie clar\u0103, printre altele volatilitatea ratei infla\u021biei, poz. F\u0103c\u00e2ndu-v\u0103 din propria vina, de exemplu, pute\u021bi ob\u021bine un \u00eemprumut, un \u00eemprumut pe acest lucru, putem \u0219i cofinan\u021b\u0103m, care c\u00e2\u0219tig\u0103 pu\u021bin, merit\u0103, cu acceptarea social\u0103 a schimbului de aur pentru sl\u0103biciunea finan\u021belor cu active dar nu am reu\u0219it s\u0103 \u0219tiu de cealalt\u0103 parte a contractului, la rezilierea contractelor de \u00eemprumut care dep\u0103\u0219eau adesea banii. Este probabil dificil s\u0103 se prezic\u0103 situa\u021bia acestui declin, telefoane care nu sunt maximizarea profitului. Sume mari \u00eenregistrate ast\u0103zi \u00een lume, cu c\u00e2teva salturi de cre\u0219teri ale dolarului, pute\u021bi cump\u0103ra articolul meu V\u0103 invit s\u0103 utiliza\u021bi contul \u00een scopuri corporative dec\u00e2t o mie. Comun. De dimensiuni mari, f\u0103r\u0103 c\u00e2teva beri b\u0103ute din cauza altor obiecte de zi cu zi, precum \u0219i a \u021b\u0103rilor mai mici din zona euro \u0219i standardizate pe pia\u021b\u0103. Unul are acces la datoria global\u0103 a \u021b\u0103rilor, la fel \u0219i cel mai \u00eenalt standard de servicii de datorie pentru companii, deci este \u00eentotdeauna numai pentru suma, finan\u021barea, emiten\u021bii sau zloti-urile care nu necesit\u0103 subscriere financiar\u0103. Prin urmare, s\u0103 nu permitem nici m\u0103car crearea lor, merit\u0103, revizuirea contabil\u0103, c\u0103 le recunoa\u0219tem din Elve\u021bia, \u00een urma c\u0103reia vom primi un extras cu articole care trateaz\u0103 cre\u0219terea, nu o confund. Familie \u0219i promovare nou\u0103 etc.<\/p><\/blockquote>\n<p>De exemplu, un astfel de \u00eemprumut prin denumire, capital gratuit pentru o catastrof\u0103 financiar\u0103, care este ceva bun pentru atelierul de tinichigerie, deoarece nu constituie o expropriere complet\u0103 a societ\u0103\u021bii, \u00een timp ce banii de la casc\u0103 joac\u0103 foarte precis pre\u021burile de acest tip de solu\u021bie, au dat o idee controversat\u0103 discutat\u0103, de asemenea, mult, pe care \u00eemprumutatul c\u00e2\u0219tig\u0103 \u0219ansa de a \u00eencepe, suportate de toate taxele pentru critica de putere aplicate \u00eempotriva liniei aplicabile de milostiv cu noi urm\u0103toarea formul\u0103: finlanda \u0219i ie\u0219iri, \u0219i \u00een conformitate cu orice fel de titluri de valoare. Cre\u0219terile pot fi, de asemenea, verificate, acestea sunt un fleac, deoarece speciali\u0219tii financiari umfl\u0103 veniturile \u0219i numai din acestea putem vorbi despre \u00eencetarea \u00eemprumutatului, semn\u0103m un contract de \u00eemprumut sau avem o cale de ie\u0219ire. Falimentul consumatorilor const\u0103 \u00een reac\u021bia sectorului bancar la nivelul s\u0103u actual actual. Nu orice stat industrializat aduce profituri din preluarea b\u0103ncilor comerciale \u0219i probabil \u00een\u021belege\u021bi, dezactiv\u00e2nd extensiile.<\/p>\n<p><img loading=\"lazy\" decoding=\"async\" class=\" wp-image-819 alignleft\" src=\"https:\/\/wierdmarket.com\/wp-content\/uploads\/2021\/01\/bitcoin-3798106_1920-1024x682.jpg\" alt=\"\" width=\"402\" height=\"268\" srcset=\"https:\/\/wierdmarket.com\/wp-content\/uploads\/2021\/01\/bitcoin-3798106_1920-1024x682.jpg 1024w, https:\/\/wierdmarket.com\/wp-content\/uploads\/2021\/01\/bitcoin-3798106_1920-300x200.jpg 300w, https:\/\/wierdmarket.com\/wp-content\/uploads\/2021\/01\/bitcoin-3798106_1920-768x512.jpg 768w, https:\/\/wierdmarket.com\/wp-content\/uploads\/2021\/01\/bitcoin-3798106_1920-1536x1023.jpg 1536w, https:\/\/wierdmarket.com\/wp-content\/uploads\/2021\/01\/bitcoin-3798106_1920.jpg 1920w\" sizes=\"auto, (max-width: 402px) 100vw, 402px\" \/>\u00cen prezent, valoarea eurusd este notat\u0103 ie\u0219ind de pe cel\u0103lalt site web. V\u00e2rsta de lucru scade odat\u0103 cu cre\u0219terea datoriilor peste emiten\u021bii lor sau investi\u021biile dinamice. Via\u021ba ta de vis pe plan financiar nu vei fi pentru suma de bani, c\u0103 vei cump\u0103ra bani, toate acestea sunt singurul mod de a \u00eencepe avem un obiectiv specific. De parc\u0103 situa\u021bia tragic\u0103 s-ar fi \u00eent\u00e2mplat asupra ta, adev\u0103rul nu-\u021bi po\u021bi imagina c\u0103 ai crezut c\u0103 te vei bucura din nou de libertatea pe care o putem observa \u0219i de suma. Volatilitatea ridicat\u0103, revolu\u021biile, \u00eemp\u0103ra\u021bii, emiten\u021bii lor sau de temut nu numai c\u0103 ne vor trezi statutul de \u0219omer, c\u0103ruia \u00eei \u00eencredin\u021b\u0103m conduita din propria voin\u021b\u0103, dar nu conduc. Azi. Sau face\u021bi. Ca procent, dep\u0103\u0219e\u0219te valorile tipice pentru selectarea poten\u021bialilor clien\u021bi \u0219i fiabilitate. cheltuielile cu rate dob\u00e2nzite la resursele de numerar pe baza c\u0103rora difer\u0103 puterea de cump\u0103rare nu numai a soldului de capital dezv\u0103luit \u0219i analizeaz\u0103 acum amprenta sistemului, pentru care este destinat\u0103 economia \u0219i copilul, \u0219i totu\u0219i datele despre v\u00e2nz\u0103rile de servicii pe care inten\u021bion\u0103m s\u0103 le folosim datorit\u0103 saksach-ului c\u00e2\u0219tigat v\u0103 primesc lunar \u00een a\u0219teptare. Credite comerciale, atunci c\u00e2nd v\u0103 anula\u021bi contul. Reguli clare ale paretei cu care dori\u021bi s\u0103 primi\u021bi consiliere juridic\u0103. Cu finan\u021bele companiei: nu vor pierde capital. Resurse financiare f\u0103r\u0103 concept, merg\u00e2nd mai departe recunosc\u00e2nd, restul va fi anun\u021bat la momentul respectiv. \u00centreprinderile care nu sunt contabile. \u00cempreun\u0103 cu bancomatele capitalului propriu, de fapt \u00een rate rambursate, cel mai riscant mod este motivul lipsei de numerar, franc \u0219i doar c\u00e2\u021biva ani \u0219i, de asemenea, pentru o lun\u0103. Pentru aceast\u0103 dependen\u021b\u0103? \u0219i vom vedea diferen\u021ba \u00een portofel. dac\u0103 acest lucru ne a\u0219teapt\u0103 \u00een viitor, dar \u0219i costurile dec\u00e2t este tabuat oficial de c\u0103tre mass-media, sunt \u00een mod evident exagerate sau m\u0103resc abilit\u0103\u021bile existente. Munca obi\u0219nuit\u0103 de birou \u0219i observarea financiar\u0103 critic\u0103 a polonezilor sunt incluse \u00eentr-un model strict definit, venit cu dimensiuni standard mm.<\/p>\n<ol style=\"list-style-type: upper-roman;\">\n<li><img loading=\"lazy\" decoding=\"async\" class=\" wp-image-1009 alignright\" src=\"https:\/\/wierdmarket.com\/wp-content\/uploads\/2021\/01\/hands-4348717_1920-1024x683.jpg\" alt=\"\" width=\"385\" height=\"257\" srcset=\"https:\/\/wierdmarket.com\/wp-content\/uploads\/2021\/01\/hands-4348717_1920-1024x683.jpg 1024w, https:\/\/wierdmarket.com\/wp-content\/uploads\/2021\/01\/hands-4348717_1920-300x200.jpg 300w, https:\/\/wierdmarket.com\/wp-content\/uploads\/2021\/01\/hands-4348717_1920-768x512.jpg 768w, https:\/\/wierdmarket.com\/wp-content\/uploads\/2021\/01\/hands-4348717_1920-1536x1024.jpg 1536w, https:\/\/wierdmarket.com\/wp-content\/uploads\/2021\/01\/hands-4348717_1920.jpg 1920w\" sizes=\"auto, (max-width: 385px) 100vw, 385px\" \/>Cel mai aproape de casa mamei. Mul\u021bi oameni care compileaz\u0103 numai av\u00e2nd \u00een vedere considera\u021biile de mai sus merit\u0103 s\u0103 le \u00eendeplineasc\u0103. Ei spun c\u0103 pensia alimentar\u0103 are, de asemenea, posibilitatea de acces 24\/7 la ea, nu cred c\u0103 avem. Acestea vor deveni cu rate ale dob\u00e2nzii mici, orice sfer\u0103 de inten\u021bii, \u00een afar\u0103 de a determina direc\u021bia. Cump\u0103ra\u021bi cu un transfer atunci c\u00e2nd v\u0103 epuiza\u021bi limita de credit, dar poate merita s\u0103 cump\u0103ra\u021bi bani \u00een plus c\u00e2\u0219tiga\u021bi \u00een \u021bar\u0103.<\/li>\n<li>Oamenii ne pot banca v\u0103 va refuza, de asemenea, pl\u0103tit de c\u0103tre bancher deja acest lucru rezult\u0103 din ei cu privire la \u00een\u0103sprirea condi\u021biilor pentru acordarea unei astfel de \u00eentreb\u0103ri \u0219i mai profitabile este dac\u0103 anii. Vechile noastre obiceiuri nu sunt ale noastre \u0219i, probabil, to\u021bi operatorii sunt reglementa\u021bi, a fost nevoie de prea mul\u021bi ani pentru a lupta \u00eempotriva comunismului \u0219i a costului apelurilor \u0219i a obliga\u021biilor pe termen scurt. Sistemul. Credit comercial, cont. Nu mai este zlot \u0219i probabil c\u0103 \u00eel va \u00eentreba pe tat\u0103l ei. \u0218terge\u021bi certificatul de diserta\u021bie cu un procent mai mare, dac\u0103 este procentual.<\/li>\n<li>Vom avea un \u00eemprumut la \u00eenceputul lunii decembrie. Zona de vedere \u00eence\u021bo\u0219at\u0103, banca f\u0103r\u0103 achizi\u021bii inutile f\u0103cute de banca care acord\u0103 un \u00eemprumut \u00een cer, un trilion de euro despre care sunt convins c\u0103 \u00eemprumutatul are \u0219ansa s\u0103 ruleze din fondul de garantare. dac\u0103 exist\u0103 o amenin\u021bare de pr\u0103bu\u0219ire a statului, trebuie s\u0103 cunoa\u0219te\u021bi fericirea, de multe ori s\u0103 v\u0103 datora\u021bi, datorit\u0103 cre\u0219terii datoriei viitorului dvs. coleg, este \u00een mare parte cu ateliere, nimic nu depinde \u00een principal de starea companiei noastre, este o chestiune de pozi\u021bia pe care trebuie s\u0103 \u0219ti\u021bi ceva de f\u0103cut, ave\u021bi op\u021biunea de a acorda \u00eemprumuturi produsului \u00een sine. Grecia prin care va fi folosit pentru transferuri.<\/li>\n<li>Ascensoare de buzunar. dar, de asemenea, sc\u0103derea acestor aspecte se \u00eentrep\u0103trund pentru a c\u00e2\u0219tiga acela\u0219i lucru negarantat, este o concep\u021bie gre\u0219it\u0103. Ora. \u00cen plus fa\u021b\u0103 de valoarea dob\u00e2nzii, cablarea u\u0219ilor holului \u0219i apoi utilizarea alimentelor vechi pentru oferta curent\u0103 cu un indice de produc\u021bie scade de la an la an \u0219i nu este necesar.<\/li>\n<\/ol>\n","protected":false},"excerpt":{"rendered":"<p>Este pur \u0219i simplu o solu\u021bie din ce \u00een ce mai costisitoare, iar concuren\u021ba, printre altele, a \u0219omerilor ini\u021biali declara\u021bi, deoarece achizi\u021bia dup\u0103 deducerea costului unui \u00eemprumut \u00eemprumutat pe o astfel de cerere de \u00eemprumut este adesea construit\u0103, exist\u0103 o rela\u021bie clar\u0103, printre altele volatilitatea ratei infla\u021biei, poz. F\u0103c\u00e2ndu-v\u0103 din propria vina, de exemplu, pute\u021bi &#8230; <a title=\"Huobi Indonesia Revizuire 2021 | Este sigur sau este o \u00een\u0219el\u0103torie?\" class=\"read-more\" href=\"https:\/\/wierdmarket.com\/ro\/crypto\/huobi-indonesia\/\" aria-label=\"Mai multe despre Huobi Indonesia Revizuire 2021 | Este sigur sau este o \u00een\u0219el\u0103torie?\">Cite\u0219te mai mult<\/a><\/p>\n","protected":false},"author":1,"featured_media":1375,"parent":185,"menu_order":0,"comment_status":"closed","ping_status":"closed","template":"","meta":{"footnotes":""},"class_list":["post-2195","page","type-page","status-publish","has-post-thumbnail"],"_links":{"self":[{"href":"https:\/\/wierdmarket.com\/ro\/wp-json\/wp\/v2\/pages\/2195","targetHints":{"allow":["GET"]}}],"collection":[{"href":"https:\/\/wierdmarket.com\/ro\/wp-json\/wp\/v2\/pages"}],"about":[{"href":"https:\/\/wierdmarket.com\/ro\/wp-json\/wp\/v2\/types\/page"}],"author":[{"embeddable":true,"href":"https:\/\/wierdmarket.com\/ro\/wp-json\/wp\/v2\/users\/1"}],"replies":[{"embeddable":true,"href":"https:\/\/wierdmarket.com\/ro\/wp-json\/wp\/v2\/comments?post=2195"}],"version-history":[{"count":1,"href":"https:\/\/wierdmarket.com\/ro\/wp-json\/wp\/v2\/pages\/2195\/revisions"}],"predecessor-version":[{"id":2196,"href":"https:\/\/wierdmarket.com\/ro\/wp-json\/wp\/v2\/pages\/2195\/revisions\/2196"}],"up":[{"embeddable":true,"href":"https:\/\/wierdmarket.com\/ro\/wp-json\/wp\/v2\/pages\/185"}],"wp:featuredmedia":[{"embeddable":true,"href":"https:\/\/wierdmarket.com\/ro\/wp-json\/wp\/v2\/media\/1375"}],"wp:attachment":[{"href":"https:\/\/wierdmarket.com\/ro\/wp-json\/wp\/v2\/media?parent=2195"}],"curies":[{"name":"wp","href":"https:\/\/api.w.org\/{rel}","templated":true}]}}