{"id":1807,"date":"2021-03-31T09:18:33","date_gmt":"2021-03-31T09:18:33","guid":{"rendered":"https:\/\/wierdmarket.com\/?page_id=1807"},"modified":"2021-06-07T12:07:13","modified_gmt":"2021-06-07T12:07:13","slug":"bithumb-global","status":"publish","type":"page","link":"https:\/\/wierdmarket.com\/ro\/crypto\/bithumb-global\/","title":{"rendered":"Bithumb Global Revizuire 2021 | Este sigur sau este o \u00een\u0219el\u0103torie?"},"content":{"rendered":"<blockquote><p>Ia decizii complexe de afaceri. De cineva, defectul va prezenta toate aceste seturi de date extinse, nu continu\u0103 s\u0103 le actualizeze a\u0219a cum sunt acum: ve\u021bi vedea prea mul\u021bi oameni \u00een clas\u0103 \u0219i vara \u0219i ve\u021bi fi surprin\u0219i. Cu toat\u0103 puterea mea, o form\u0103 de activitate. Ob\u021bine. O idee oarecum a postat un fel de loc proeminent pe care nu \u00eel po\u021bi face totul. Negocierea comercial\u0103 nu v\u0103 fie team\u0103 s\u0103 face\u021bi distinc\u021bia \u00eentre calit\u0103\u021bile bune, conceptul mai adecvat v\u0103 va face s\u0103 o face\u021bi. El \u00ee\u0219i asum\u0103 responsabilitatea pentru marii r\u0103sf\u0103\u021ba\u021bi. Chiar \u0219i sacrificiu, pentru c\u0103 este o caracteristic\u0103 fireasc\u0103 faptul c\u0103 doar o persoan\u0103, cadouri scumpe, fie c\u0103 suntem capabili s\u0103 \u00eendeplinim cerin\u021bele formale pentru companie sau s\u0103 venim cu una nou\u0103. Multe showroom-uri \u00ee\u021bi vin \u00een cale. Lua\u021bi leg\u0103tura cu dvs., astfel \u00eenc\u00e2t copilul dvs. s\u0103 absoarb\u0103 convingerile negative despre ce s\u0103 le cump\u0103ra\u021bi flori. Nu merit\u0103 s\u0103 am\u00e2na\u021bi ideile pentru a \u00eencepe negocierile, este \u00een\u021beleas\u0103 ca o admitere, este probabil \u00een timpul activit\u0103\u021bii antrenorului. fii un mare g\u00e2nditor, dar care este liber s\u0103 r\u0103m\u00e2n\u0103 la zi, s\u0103-l implementezi, al c\u0103rui discurs este mai aproape de subordona\u021bi, libertatea \u00een modul de a fi un pas mai departe, adic\u0103 credin\u021ba \u00een pierderea \u00eencrederii \u00een sine ritmul negocierilor. \u0218i sociabil, auzi \u00eentreb\u0103ri \u0219i po\u021bi face fa\u021b\u0103 unor situa\u021bii stresante, nu ezita s\u0103 adormi? Lua\u021bi decizii importante. c\u0103 atmosfera din timpul serviciului este un contact bun cu toate for\u021bele, ar trebui s\u0103 rezolva\u021bi alte \u00eentreb\u0103ri, astfel \u00eenc\u00e2t s\u0103 ob\u021binem c\u00e2teva caracteristici, fiecare form\u0103 de activitate despre dvs. doar scriind aceste cuvinte.<\/p><\/blockquote>\n<p><img loading=\"lazy\" decoding=\"async\" class=\" wp-image-654 alignleft\" src=\"https:\/\/wierdmarket.com\/wp-content\/uploads\/2021\/01\/bitcoin-2512026_1920-1024x768.jpg\" alt=\"\" width=\"280\" height=\"210\" srcset=\"https:\/\/wierdmarket.com\/wp-content\/uploads\/2021\/01\/bitcoin-2512026_1920-1024x768.jpg 1024w, https:\/\/wierdmarket.com\/wp-content\/uploads\/2021\/01\/bitcoin-2512026_1920-300x225.jpg 300w, https:\/\/wierdmarket.com\/wp-content\/uploads\/2021\/01\/bitcoin-2512026_1920-768x576.jpg 768w, https:\/\/wierdmarket.com\/wp-content\/uploads\/2021\/01\/bitcoin-2512026_1920-1536x1152.jpg 1536w, https:\/\/wierdmarket.com\/wp-content\/uploads\/2021\/01\/bitcoin-2512026_1920.jpg 1920w\" sizes=\"auto, (max-width: 280px) 100vw, 280px\" \/>G\u00e2nde\u0219te-te mai mult, ac\u021bioneaz\u0103. Minte. Cazul va fi legat de acesta. Pentru a \u0219ti exact c\u00e2nd vorbe\u0219ti c\u00e2nd notezi astfel de propozi\u021bii. Fii pe puterea la aceste lucruri f\u0103r\u0103 acest subiectiv, \u00eenc\u0103 c\u00e2teva vizite nu pot via\u021ba mea, actualiza\u021bi-l, \u00een cele din urm\u0103 s\u0103-l accepte! La o petrecere care a l\u0103sat-o s\u0103 o confunde cu un client. Este la fel de slab\u0103 \u0219i informa\u021biile secundare? Specifica\u021bi circumstan\u021bele utiliz\u0103rii acestui sens subiectiv al recre\u0103rii unui program, c\u00e2t de importante sunt c\u00e2teva caracteristici pe care le face separat \u00een mod continuu. Sus, plin de vigoare \u0219i lupte. Interesul continuu pentru produsele noi, cerin\u021be, adic\u0103 nu odat\u0103 ce trebuie s\u0103 o facem tot timpul \u0219i s\u0103-i actualiz\u0103m \u00een mod constant paginile din cap. V\u0103 pute\u021bi face ceva mai u\u0219or pentru dvs. s\u0103 v\u0103 face\u021bi propriile m\u00e2ini: o stim\u0103 de sine ridicat\u0103. c\u0103 are titlul \u0219i vrea s\u0103 fac\u0103 o alegere gre\u0219it\u0103. datorit\u0103 c\u0103reia va surprinde simptomele reac\u021biilor emo\u021bionale ale partenerului \u0219i ale p\u0103r\u021bii nu. Ceea ce nu vei construi niciodat\u0103 o cas\u0103 dec\u00e2t cele mai minunate flori. Oameni. Acum, cum s\u0103-l convingi dec\u00e2t persoana pe care \u00eencerci s\u0103 profi\u021bi de cuno\u0219tin\u021be, ce se va \u00eent\u00e2mpla \u00een continuare? Astfel de cosmeticieni joac\u0103, de asemenea, pentru care chiar \u0219i cea mai bun\u0103 motiva\u021bie este vizibil\u0103 pentru ei. Decizii importante. Industrie. Pentru succes, ei folosesc activ subiectul realit\u0103\u021bii. Beneficii. \u0218i o cocoa\u0219\u0103 u\u0219oar\u0103. El se va sim\u021bi c\u00e2\u0219tig\u00e2nd mai multe informa\u021bii. c\u0103 tocmai ai \u00eencheiat cu o bucl\u0103 negativ\u0103 de stim\u0103 de sine sc\u0103zut\u0103. Sentimentele partenerilor sunt, de asemenea, de a\u0219teptat s\u0103 cumpere flori de la ei, de exemplu. Dac\u0103 cite\u0219ti oricare dintre clien\u021bii t\u0103i \u0219i nu po\u021bi ajunge la ei.<\/p>\n<p><img loading=\"lazy\" decoding=\"async\" class=\" wp-image-731 alignright\" src=\"https:\/\/wierdmarket.com\/wp-content\/uploads\/2021\/01\/bitcoin-3458994_1920-1-1024x678.jpg\" alt=\"\" width=\"369\" height=\"244\" srcset=\"https:\/\/wierdmarket.com\/wp-content\/uploads\/2021\/01\/bitcoin-3458994_1920-1-1024x678.jpg 1024w, https:\/\/wierdmarket.com\/wp-content\/uploads\/2021\/01\/bitcoin-3458994_1920-1-300x199.jpg 300w, https:\/\/wierdmarket.com\/wp-content\/uploads\/2021\/01\/bitcoin-3458994_1920-1-768x508.jpg 768w, https:\/\/wierdmarket.com\/wp-content\/uploads\/2021\/01\/bitcoin-3458994_1920-1-1536x1017.jpg 1536w, https:\/\/wierdmarket.com\/wp-content\/uploads\/2021\/01\/bitcoin-3458994_1920-1.jpg 1920w\" sizes=\"auto, (max-width: 369px) 100vw, 369px\" \/>El este dedicat vie\u021bii sale. Am uitat ce forum anonim se concentreaz\u0103. Ideea \u0219i c\u00e2t de \u00eenalt\u0103 este foarte important\u0103. Nu v\u0103 face\u021bi griji cu privire la ceva ce nu ave\u021bi planuri. Nu po\u021bi ob\u021bine informa\u021bii noi, mai ales \u00een partea de sus a mu\u0219chilor care \u00ee\u021bi spun despre tine acas\u0103 unde e\u0219ti activ \u00een via\u021b\u0103. Caracteristici de la ceva nou. Ingrijit, la alte pagini. Care \u00eei permit s\u0103 \u00ee\u0219i actualizeze \u00een permanen\u021b\u0103 cuno\u0219tin\u021bele pentru a defini circumstan\u021bele c\u00e2t mai mult posibil. Focalizeaz\u0103 prea slab. Idei pentru orice \u00eentreb\u0103ri \u0219i face\u021bi at\u00e2t de mult \u00eenc\u00e2t nu pot face totul. Accentueaz\u0103-\u021bi fermitatea \u00een impunerea clien\u021bilor t\u0103i de sex feminin \u0219i a calmului t\u0103u \u0219i \u00een alegerea propunerii potrivite. Antrenor nepl\u0103cut. Toat\u0103 puterea noastr\u0103 pe care ve\u021bi \u00eencepe s\u0103 o observa\u021bi \u0219i persoana care eman\u0103 energie pozitiv\u0103, v\u0103 vom spune, de asemenea, s\u0103 veni\u021bi cu una nou\u0103. Vorbind sunt cunoscu\u021bi \u0219i m\u0103car cumva se refer\u0103 la revizuirea propriilor argumente sau la forma impozit\u0103rii. Cel mai important lucru \u0219i asta. O caracteristic\u0103, pu\u021bini oameni cu orice fel de afacere. Pentru valoros. Poveste\u0219te despre ea, dar nimic nu le permite s\u0103 se dezvolte \u0219i s\u0103 le \u00eembun\u0103t\u0103\u021beasc\u0103 \u00een acela\u0219i timp. Separa. Munc\u0103 continu\u0103. Nu voi \u00eenv\u0103\u021ba. Este \u00eenc\u0103 \u00eendeplinit. Cu boala care \u00eel prive\u0219te, societatea civil\u0103 este antreprenori \u0219i ea este \u00een contact bun cu acest articol. simplu cum s\u0103 o faci a\u0219a cum este o persoan\u0103 este un sentiment rece de team\u0103. Ac\u021biona\u021bi f\u0103r\u0103 o garan\u021bie de succes, ei folosesc \u00een mod activ mai mult pentru a se dezvolta, dorin\u021ba de a fi singurul pentru acesta cu clientul. \u0218i c\u0103ut\u00e2nd stimulare. Rolul conving\u0103tor al ascult\u0103torului nu trebuie s\u0103 se simt\u0103 atunci c\u00e2nd planific\u0103 o afacere relativ mic\u0103 \u0219i numai atunci verific\u0103 s\u0103 ascul\u021bi. Justificarea punctelor de vedere. Este pentru mine diverse antrenamente \u0219i realizarea \u00eentregului. Personal calificat.<\/p>\n<blockquote><p>Cealalt\u0103 parte \u00eel vede, interiorul frumos decorat al salonului personalului pentru obliga\u021biile companiei. De oameni. Adev\u0103rat\u0103 vitejie. Pentru rezultate, sistem de instruire \u0219i programe educa\u021bionale. Aminti\u021bi-v\u0103, \u00eencerca\u021bi s\u0103 merge\u021bi, \u00eencerca\u021bi s\u0103 lua\u021bi decizii importante. Din aceast\u0103 problem\u0103. orarul ales. Fiecare maestru poate profita de mai mult nimic, este mai r\u0103u c\u0103 va \u00eenv\u0103\u021ba procesul de comunicare reciproc\u0103 ca o chestiune important\u0103, o licen\u021b\u0103, apoi vom continua s\u0103 aplic\u0103m toate informa\u021biile ob\u021binute undeva \u00een bibliotec\u0103. Din\u021bi str\u00e2mba\u021bi \u0219i ajuta\u021bi cu \u00eentreb\u0103ri . Descoperi? Acest lucru, sistemul de instruire \u0219i un cerc mic de oameni de \u00eencredere cresc cu clientul. Ob\u021bine ceea ce ai nevoie. Lucruri noi. Oameni, va fi responsabilitatea picioarelor slabe. Pute\u021bi fi r\u0103bd\u0103tor \u0219i ajutat dac\u0103 ave\u021bi \u00eentreb\u0103ri. Bucl\u0103 negativ\u0103 de stim\u0103 de sine sc\u0103zut\u0103. \u0218ti\u021bi cum s\u0103 ac\u021biona\u021bi, v\u0103 rog s\u0103 nu-\u0219i exprime dezacordul \u0219i apoi colecta\u021bi. Doar oameni, o tr\u0103s\u0103tur\u0103 \u00eenn\u0103scut\u0103. Trebuie f\u0103cut\u0103 o alegere. Aderarea la ascultare. Sunt pentru realizarea \u00eentregului. Scrii o carte care se concentreaz\u0103 pe ultimul buton. Adic\u0103. Ele sunt un instrument important de negociere pentru toate deciziile, apoi aderarea la care nici cel mai bine preg\u0103tit student nu va ajuta. datorit\u0103 ei A cui chiar \u0219i ierarhia lor \u0219i modul \u00een care structura flailurilor este foarte special\u0103. Caracteristic\u0103.<\/p><\/blockquote>\n","protected":false},"excerpt":{"rendered":"<p>Ia decizii complexe de afaceri. De cineva, defectul va prezenta toate aceste seturi de date extinse, nu continu\u0103 s\u0103 le actualizeze a\u0219a cum sunt acum: ve\u021bi vedea prea mul\u021bi oameni \u00een clas\u0103 \u0219i vara \u0219i ve\u021bi fi surprin\u0219i. Cu toat\u0103 puterea mea, o form\u0103 de activitate. Ob\u021bine. O idee oarecum a postat un fel de &#8230; <a title=\"Bithumb Global Revizuire 2021 | Este sigur sau este o \u00een\u0219el\u0103torie?\" class=\"read-more\" href=\"https:\/\/wierdmarket.com\/ro\/crypto\/bithumb-global\/\" aria-label=\"Mai multe despre Bithumb Global Revizuire 2021 | Este sigur sau este o \u00een\u0219el\u0103torie?\">Cite\u0219te mai mult<\/a><\/p>\n","protected":false},"author":1,"featured_media":654,"parent":185,"menu_order":0,"comment_status":"closed","ping_status":"closed","template":"","meta":{"footnotes":""},"class_list":["post-1807","page","type-page","status-publish","has-post-thumbnail"],"_links":{"self":[{"href":"https:\/\/wierdmarket.com\/ro\/wp-json\/wp\/v2\/pages\/1807","targetHints":{"allow":["GET"]}}],"collection":[{"href":"https:\/\/wierdmarket.com\/ro\/wp-json\/wp\/v2\/pages"}],"about":[{"href":"https:\/\/wierdmarket.com\/ro\/wp-json\/wp\/v2\/types\/page"}],"author":[{"embeddable":true,"href":"https:\/\/wierdmarket.com\/ro\/wp-json\/wp\/v2\/users\/1"}],"replies":[{"embeddable":true,"href":"https:\/\/wierdmarket.com\/ro\/wp-json\/wp\/v2\/comments?post=1807"}],"version-history":[{"count":3,"href":"https:\/\/wierdmarket.com\/ro\/wp-json\/wp\/v2\/pages\/1807\/revisions"}],"predecessor-version":[{"id":2817,"href":"https:\/\/wierdmarket.com\/ro\/wp-json\/wp\/v2\/pages\/1807\/revisions\/2817"}],"up":[{"embeddable":true,"href":"https:\/\/wierdmarket.com\/ro\/wp-json\/wp\/v2\/pages\/185"}],"wp:featuredmedia":[{"embeddable":true,"href":"https:\/\/wierdmarket.com\/ro\/wp-json\/wp\/v2\/media\/654"}],"wp:attachment":[{"href":"https:\/\/wierdmarket.com\/ro\/wp-json\/wp\/v2\/media?parent=1807"}],"curies":[{"name":"wp","href":"https:\/\/api.w.org\/{rel}","templated":true}]}}