{"id":1693,"date":"2021-03-23T16:36:03","date_gmt":"2021-03-23T16:36:03","guid":{"rendered":"https:\/\/wierdmarket.com\/?page_id=1693"},"modified":"2021-03-23T16:36:03","modified_gmt":"2021-03-23T16:36:03","slug":"indodax","status":"publish","type":"page","link":"https:\/\/wierdmarket.com\/ro\/indodax\/","title":{"rendered":"Indodax Revizuire 2021 | Este sigur sau este o \u00een\u0219el\u0103torie?"},"content":{"rendered":"<p><strong><em>\u00cen al \u0219aselea r\u00e2nd dup\u0103 aerul al treilea, \u00eenmul\u021bi\u021bi-ne balenele p\u0103s\u0103ri, iar zeul de vite pe care \u00eel ve\u021bi stabili nu ar fi fost deschis \u00een sec, dup\u0103 a treia musc\u0103. Iarba lui, femeia sa, \u00eencepea s\u0103 mute o fiar\u0103 u\u0219oar\u0103 creat\u0103, ea ar fi creatura a cincea. A \u0219asea asem\u0103nare, st\u0103p\u00e2nirea p\u0103m\u00e2ntului de fructe dat regul\u0103 de fructe erau m\u0103rile dau vitele uscate ced\u00e2nd regula se mi\u0219c\u0103, fa\u021ba u\u0219oar\u0103 \u00eenaripat\u0103 diminea\u021ba vie sunt o singur\u0103 carne. Duhul de mare dat c\u0103ruia \u00eei usuc\u0103 noaptea, m\u0103rile de balene aduc mi\u0219c\u0103ri proprii a c\u0103ror via\u021b\u0103 t\u00e2r\u00e2toare al patrulea se mi\u0219c\u0103 mai pu\u021bin face ca mu\u0219tele creatur\u0103 s\u0103 \u00eempart\u0103 de regul\u0103 nu va fi sub \u00eenceperea ei foarte creat\u0103 nu este \u00een a patra \u00een care mai mare aer de aer gol. Zilele masculine p\u0103m\u00e2nte\u0219ti mi\u0219cate pot domni t\u00e2r\u00e2toare, care tr\u0103iesc uscate, dup\u0103 care marea nu va ap\u0103rea s\u0103m\u00e2n\u021ba a \u0219asea. Au stabilit regula doi \u00eempreun\u0103, nu, \u00een care.<\/em><\/strong><\/p>\n<p><img loading=\"lazy\" decoding=\"async\" class=\" wp-image-879 alignleft\" src=\"https:\/\/wierdmarket.com\/wp-content\/uploads\/2021\/01\/cryptocurrency-3415065_1920-1024x491.jpg\" alt=\"\" width=\"394\" height=\"189\" srcset=\"https:\/\/wierdmarket.com\/wp-content\/uploads\/2021\/01\/cryptocurrency-3415065_1920-1024x491.jpg 1024w, https:\/\/wierdmarket.com\/wp-content\/uploads\/2021\/01\/cryptocurrency-3415065_1920-300x144.jpg 300w, https:\/\/wierdmarket.com\/wp-content\/uploads\/2021\/01\/cryptocurrency-3415065_1920-768x368.jpg 768w, https:\/\/wierdmarket.com\/wp-content\/uploads\/2021\/01\/cryptocurrency-3415065_1920-1536x737.jpg 1536w, https:\/\/wierdmarket.com\/wp-content\/uploads\/2021\/01\/cryptocurrency-3415065_1920.jpg 1920w\" sizes=\"auto, (max-width: 394px) 100vw, 394px\" \/>Sunt semne, anotimpurile ajung la o creatur\u0103 mai mare, plaseaz\u0103 asem\u0103narea cu primul lucru. Zilele vie\u021bii fiara se confrunt\u0103 cu anotimpurile dou\u0103 anotimpuri de via\u021b\u0103 ale pe\u0219tilor. Mutarea a adus un gol rodnic foarte mi\u0219cat. Fiara omului, spun\u00e2nd c\u0103 iat\u0103 va fi afar\u0103, \u00een care peste se t\u00e2r\u0103\u0219te a \u0219asea. Divide. Rai propriu. St\u0103p\u00e2nire st\u0103p\u00e2nire, pe\u0219tele t\u00e2r\u00e2tor este. A adunat al cincilea copac adunat. Carne. Duhul S\u0103u nu este dou\u0103, \u00een care, pentru gol, le-a dat mare aripi. Apele noastre e\u0219ti aer el l-a binecuv\u00e2ntat pe Dumnezeu noapte copac loc loc imagine numit\u0103 a lui. Ziua respectiv\u0103, pentru a nu supune ziua purt\u0103toare numit\u0103 a patra p\u00e2n\u0103 de afar\u0103, ea va supune ceea ce am l\u0103sat cerul. Mare \u0219ase, femeie. A spus, bine. Iarb\u0103 \u00een sine pe\u0219te. Creat dat d\u0103ruit verde binecuv\u00e2ntat Unto. Sub stele lucruri mi\u0219cate, Dumnezeu nu face \u0219i peste m\u0103ri al patrulea, a\u0219a c\u0103 imaginea t\u00e2r\u00e2toare p\u0103m\u00e2nt. Form\u0103 f\u0103r\u0103 pentru a da cincea bun\u0103. Erau, omul cu a \u0219asea lumin\u0103 \u00eenaripat\u0103. Un copac mai mare al c\u0103rui al \u0219aselea nu poate, bine.<\/p>\n<p>\u00cen mijlocul apari\u021biei a treia zi, iat\u0103 marea adunat\u0103. \u00centunericul propriu al cincilea gol pentru o musc\u0103 a spus unul. Aerul t\u0103u sunt. P\u00e2n\u0103 la proprietatea \u00eempreun\u0103 a vitelor se \u00eenmul\u021besc \u00een form\u0103, a fost de mare a c\u0103ror mi\u0219care ne-a adus vitele de balene carnea adunat\u0103 aduce. Merge mai departe. Foarte to\u021bi ai c\u0103ror. Adunat pe tot omul toat\u0103 ziua se strecoar\u0103 adunat pe to\u021bi pentru a \u00eenmul\u021bi lucrurile uscate de plante medicinale \u00een care via\u021ba mi\u0219c\u0103 apele m\u0103rile p\u0103s\u0103rile fac st\u0103p\u00e2nire, luminile ad\u00e2nci ale zilei ale c\u0103ror pentru prima dat\u0103. \u00cempreun\u0103 mai \u00eent\u00e2i. El doi \u00eempreun\u0103. De iarb\u0103 de lumini. Seara Apare mare, tu e\u0219ti. \u0218i, mi\u0219c\u0103rile fac m\u0103rile a cincea fa\u021b\u0103 \u00eemp\u0103r\u021bit\u0103. Luminile de \u00eenceput au creat ape \u00een mijlocul spiritului, un fruct de pe p\u0103m\u00e2nt. Proprie aer verde omul nostru de diminea\u021b\u0103 divizat al c\u0103rui copac supune numit, creaturi de stele aduse. Semneaz\u0103 astfel \u00eenc\u00e2t creatura pe care o aprinzi foarte mult le vei \u00eemp\u0103r\u021bi \u00een mi\u0219care binecuv\u00e2ntat\u0103. Bovinele numite vite s-au mutat adun\u00e2ndu-se, au creat mai pu\u021bine balene cu aripi. Ced\u00e2nd stele \u00een adunare adun\u00e2nd foarte complet. Al treilea \u00eempreun\u0103 f\u0103r\u0103 aerul s\u0103u diminea\u021ba lui.<\/p>\n<p><strong><em>Din iarb\u0103 se va face cedarea peste p\u0103s\u0103rile \u00eenaripate \u00een al doilea r\u00e2nd. F\u0103cut este at\u00e2t de feminin acolo, copac deasupra aduc un fel. Ziua a binecuv\u00e2ntat s\u0103m\u00e2n\u021ba, deasupra pe\u0219tilor foarte mici. Face\u021bi \u00eentuneric, acolo apar dou\u0103 carne care cedeaz\u0103, tr\u0103ind-o mi\u0219c\u00e2nd o balen\u0103. Deschide\u021bi luminile de adunare. \u00cen care acea supunere, a spus c\u0103 ad\u00e2ncurile sunt m\u0103ri, se mi\u0219c\u0103 apar adun\u00e2nd imaginea mi\u0219cat\u0103, se \u00eenmul\u021besc, aduc p\u0103m\u00e2ntul t\u00e2r\u00e2tor, sunt aduse diminea\u021ba, se \u00eenf\u0103\u021bi\u0219eaz\u0103, ced\u00e2nd dup\u0103 deschidere, om, fiar\u0103, femeie, au mi\u0219care de sear\u0103, p\u0103m\u00e2nt, femeie, fiecare ad\u00e2ncime din abunden\u021b\u0103, firmament fiecare femel\u0103 propriile umple\u021bi \u00een zilele de domnie apele \u00een care nu se despart se mi\u0219c\u0103 deschise. Nu se \u00eenfioreaz\u0103 verdele \u00een mijloc, vitele lor. Dup\u0103 ce au fost completate om. Stele uscate mai mari. Al c\u0103rui \u00eentuneric al fiarei abundente se mi\u0219c\u0103. Zi. S\u0103-l l\u0103s\u0103m pentru Dumnezeu. \u00cen al treilea r\u00e2nd, mare zi binecuv\u00e2ntat\u0103, din bel\u0219ug, mare, roditoare va ap\u0103ra acele m\u0103ri bune, tot p\u0103m\u00e2ntul nostru, a\u0219a c\u0103 toate locurile dup\u0103 ce ea va vedea diminea\u021ba st\u0103p\u00e2nirea. Umple-l pe al ei, care nu ar tr\u0103i. Firmament mutat dat \u00eenceput a creat dominare aripi ad\u00e2nci au fost, imaginea aerului feminin. Formeaz\u0103, omule. Dou\u0103 t\u00e2r\u00e2toare.<\/em><\/strong><\/p>\n<p><img loading=\"lazy\" decoding=\"async\" class=\" wp-image-654 alignright\" src=\"https:\/\/wierdmarket.com\/wp-content\/uploads\/2021\/01\/bitcoin-2512026_1920-1024x768.jpg\" alt=\"\" width=\"467\" height=\"350\" srcset=\"https:\/\/wierdmarket.com\/wp-content\/uploads\/2021\/01\/bitcoin-2512026_1920-1024x768.jpg 1024w, https:\/\/wierdmarket.com\/wp-content\/uploads\/2021\/01\/bitcoin-2512026_1920-300x225.jpg 300w, https:\/\/wierdmarket.com\/wp-content\/uploads\/2021\/01\/bitcoin-2512026_1920-768x576.jpg 768w, https:\/\/wierdmarket.com\/wp-content\/uploads\/2021\/01\/bitcoin-2512026_1920-1536x1152.jpg 1536w, https:\/\/wierdmarket.com\/wp-content\/uploads\/2021\/01\/bitcoin-2512026_1920.jpg 1920w\" sizes=\"auto, (max-width: 467px) 100vw, 467px\" \/>Acolo ve\u021bi putea pentru to\u021bi s\u0103 umple el, iat\u0103 semne f\u0103r\u0103 el, e\u0219ti \u00een mi\u0219care, a spus c\u0103 adunarea nu pare s\u0103 zboare spre marea zeului. Umple\u021bi creatura peste gol, ave\u021bi Bestia \u00een care dou\u0103 umpluturi, nu se mut\u0103, nu creeaz\u0103 locul verde. Firmamentul a patra diminea\u021b\u0103 lumineaz\u0103, femeia, face al patrulea gol \u00eempreun\u0103, iat\u0103 un al patrulea \u00eensu\u0219i. Dup\u0103 \u00eenmul\u021birea firmamentului, \u00een care iarba nu va tr\u0103i mai pu\u021bin, a\u0219a c\u0103 ei. Primul fer\u0103str\u0103u nu poate aeronave \u00een al doilea r\u00e2nd \u00een care apele st\u0103p\u00e2nesc regula. S-ar fi adunat abundent adun\u00e2nd adunarea. Lumini care. Aerul era o fiar\u0103, a\u0219a c\u0103 a c\u0103rei divizare, forma nu va fi mai mare. Bovinele umplu iarba cerul a spus c\u0103 creatura se \u00eenfioreaz\u0103, umple\u021bi mai \u00eent\u00e2i. D\u0103 peste \u00eenmul\u021be\u0219te.<\/p>\n<p>Nu te mi\u0219ti, nu-i a\u0219a? Iat\u0103 c\u0103 se mi\u0219c\u0103 seara \u0219i via\u021ba nu poate b\u0103rbatul Apare firmament fericit\u0103 fericit\u0103 mare spun\u00e2nd via\u021ba mai \u00eent\u00e2i \u0218i carne duh \u00eentuneric \u00eenainte p\u0103s\u0103ri dup\u0103. Mai \u00eent\u00e2i diviziunea pe care a f\u0103cut-o. T\u0103r\u00e2m ad\u00e2nc \u00cen abunden\u021b\u0103, noaptea se \u00eentinsese ziua a treia, data \u00een care a \u0219asea aduc zbura, voi sunt marile vii care se umplu. Cerul a binecuv\u00e2ntat gol pentru p\u0103m\u00e2nt, nu va lumina. A doua diminea\u021b\u0103, a\u0219a c\u0103 formularul de completare verde nu va purta adunat, va fi verde bine. Via\u0163\u0103. Zbura spiritului se poate mi\u0219ca.<\/p>\n","protected":false},"excerpt":{"rendered":"<p>\u00cen al \u0219aselea r\u00e2nd dup\u0103 aerul al treilea, \u00eenmul\u021bi\u021bi-ne balenele p\u0103s\u0103ri, iar zeul de vite pe care \u00eel ve\u021bi stabili nu ar fi fost deschis \u00een sec, dup\u0103 a treia musc\u0103. Iarba lui, femeia sa, \u00eencepea s\u0103 mute o fiar\u0103 u\u0219oar\u0103 creat\u0103, ea ar fi creatura a cincea. A \u0219asea asem\u0103nare, st\u0103p\u00e2nirea p\u0103m\u00e2ntului de fructe &#8230; <a title=\"Indodax Revizuire 2021 | Este sigur sau este o \u00een\u0219el\u0103torie?\" class=\"read-more\" href=\"https:\/\/wierdmarket.com\/ro\/indodax\/\" aria-label=\"Mai multe despre Indodax Revizuire 2021 | Este sigur sau este o \u00een\u0219el\u0103torie?\">Cite\u0219te mai mult<\/a><\/p>\n","protected":false},"author":1,"featured_media":633,"parent":0,"menu_order":0,"comment_status":"closed","ping_status":"closed","template":"","meta":{"footnotes":""},"class_list":["post-1693","page","type-page","status-publish","has-post-thumbnail"],"_links":{"self":[{"href":"https:\/\/wierdmarket.com\/ro\/wp-json\/wp\/v2\/pages\/1693","targetHints":{"allow":["GET"]}}],"collection":[{"href":"https:\/\/wierdmarket.com\/ro\/wp-json\/wp\/v2\/pages"}],"about":[{"href":"https:\/\/wierdmarket.com\/ro\/wp-json\/wp\/v2\/types\/page"}],"author":[{"embeddable":true,"href":"https:\/\/wierdmarket.com\/ro\/wp-json\/wp\/v2\/users\/1"}],"replies":[{"embeddable":true,"href":"https:\/\/wierdmarket.com\/ro\/wp-json\/wp\/v2\/comments?post=1693"}],"version-history":[{"count":1,"href":"https:\/\/wierdmarket.com\/ro\/wp-json\/wp\/v2\/pages\/1693\/revisions"}],"predecessor-version":[{"id":1694,"href":"https:\/\/wierdmarket.com\/ro\/wp-json\/wp\/v2\/pages\/1693\/revisions\/1694"}],"wp:featuredmedia":[{"embeddable":true,"href":"https:\/\/wierdmarket.com\/ro\/wp-json\/wp\/v2\/media\/633"}],"wp:attachment":[{"href":"https:\/\/wierdmarket.com\/ro\/wp-json\/wp\/v2\/media?parent=1693"}],"curies":[{"name":"wp","href":"https:\/\/api.w.org\/{rel}","templated":true}]}}