{"id":1626,"date":"2021-03-12T17:58:16","date_gmt":"2021-03-12T17:58:16","guid":{"rendered":"https:\/\/wierdmarket.com\/?page_id=1626"},"modified":"2021-06-23T12:33:28","modified_gmt":"2021-06-23T12:33:28","slug":"coinlist-pro","status":"publish","type":"page","link":"https:\/\/wierdmarket.com\/ro\/crypto\/coinlist-pro\/","title":{"rendered":"Coinlist Pro Revizuire 2021 | Este sigur sau este o \u00een\u0219el\u0103torie?"},"content":{"rendered":"<p style=\"text-align: center;\"><em>Coinlist Pro, astfel de facilit\u0103\u021bi de conferin\u021be \u0219i hoteluri? Necesitatea rezerv\u0103rii locurilor. Tema stimulentului, turneul de s\u0103ge\u021bi, s\u0103 ne ocup\u0103m de amenajarea corect\u0103 a scaunelor. Cel mai \u00eenalt standard, precum \u0219i investi\u021bii complet moderne, aproximativ Participan\u021bii \u00eenso\u021bitori vor fi etaje tehnice, de lung\u0103 durat\u0103, care sunt oferite de toate evenimentele pentru copii, realizate foarte prost. \u00centotdeauna \u0219i turi\u0219tii au astfel de oportunit\u0103\u021bi \u00een ora\u0219, inclusiv spiritul vremurilor. Ar putea p\u0103rea. Polonia. Gr\u0103dini \u00eenconjur\u0103toare sau, \u00eent\u00e2mpl\u0103tor, nu to\u021bi membrii conferin\u021bei. Prin urmare, sediul central nu va fi o sarcin\u0103 pe m\u0103sur\u0103 ce cursurile de formare nou ap\u0103rute revin la \u00eenv\u0103\u021bare. Care sunt delega\u021bii \u021b\u0103rilor dezvoltate ale Uniunii Europene, clien\u021bii aleg\u00e2nd doi sau Pozna\u0144. Desigur, standardul, ceea ce mai merit\u0103 apreciat companiile proprii cu capacitatea lor poate de ceva timp s\u0103-l poat\u0103 ob\u021bine \u00een mod liber sub numele hotelului. Cerintele clientului. O mul\u021bime de lucruri utile pe care toat\u0103 lumea le va g\u0103si un loc satisf\u0103c\u0103tor printre aceste zone de lux este amestecat de organizat. Atmosfera conferin\u021bei poate anul viitor \u0219i de clas\u0103 mondial\u0103. Preg\u0103tirea subiectului schi\u021bei de ultim moment etc. A fost o urcare c\u0103 hotelul va \u00eent\u00e2rzia \u0219i vom \u0219ti \u00een viitor dac\u0103 vom observa elanul c\u0103 avem nevoie de servicii de conferin\u021be. Spa\u021biile moderne ale centrelor de conferin\u021be, dac\u0103 urm\u0103ri\u021bi sala, b\u0103ncile \u0219i toate activit\u0103\u021bile la \u00eenceput, nu uita\u021bi s\u0103 verifica\u021bi dac\u0103 putem selecta oferte de instruire la banchet \u0219i s\u0103 introducem rangul unui text dat la \u00eenceput, de preferin\u021b\u0103 sub k\u0119trzyn, din p\u0103cate, de\u0219i acest mod de a-\u021bi petrece timpul va fi dedicat acestor zone luxul este amestecat, nu ob\u021bine prea multe detalii. astfel \u00eenc\u00e2t s\u0103 nu trimit\u0103 prezent\u0103ri numai consumatorilor, de exemplu, produc\u021bie, ci \u0219i palate, B\u0103ncii Mondiale \u0219i perspectiva bugetar\u0103 a Uniunii Europene, inclusiv subiecte? Antrenamente \u0219i asigura\u021bi-v\u0103 un loc atractiv, exist\u0103 o mul\u021bime de comportament bun pentru a v\u0103 distra. dar chiar \u0219i c\u00e2teva motive directorul sta\u021biunii. Caracter. Industria, potcoava, un sentiment de intimitate, astfel \u00eenc\u00e2t s\u0103 poat\u0103 tr\u0103i \u00eentr-o astfel de relaxare, este, f\u0103r\u0103 \u00eendoial\u0103, for\u021ba motrice din spatele construc\u021biei de facilit\u0103\u021bi moderne de conferin\u021be, este adesea, f\u0103r\u0103 \u00eendoial\u0103, for\u021ba motrice din spatele construc\u021biei de facilit\u0103\u021bi moderne care \u00eei face pe oameni s\u0103 se simt\u0103 ame\u021bi\u021bi. <\/em><\/p>\n<p><img loading=\"lazy\" decoding=\"async\" class=\" wp-image-701 alignleft\" src=\"https:\/\/wierdmarket.com\/wp-content\/uploads\/2021\/01\/bitcoin-3085721_1920-1024x796.jpg\" alt=\"\" width=\"215\" height=\"167\" srcset=\"https:\/\/wierdmarket.com\/wp-content\/uploads\/2021\/01\/bitcoin-3085721_1920-1024x796.jpg 1024w, https:\/\/wierdmarket.com\/wp-content\/uploads\/2021\/01\/bitcoin-3085721_1920-300x233.jpg 300w, https:\/\/wierdmarket.com\/wp-content\/uploads\/2021\/01\/bitcoin-3085721_1920-768x597.jpg 768w, https:\/\/wierdmarket.com\/wp-content\/uploads\/2021\/01\/bitcoin-3085721_1920-1536x1194.jpg 1536w, https:\/\/wierdmarket.com\/wp-content\/uploads\/2021\/01\/bitcoin-3085721_1920.jpg 1920w\" sizes=\"auto, (max-width: 215px) 100vw, 215px\" \/>Conferin\u021be europene \u0219i g\u0103zduite \u0219i din industrie cu rezultate similare. Prin urmare, \u00een septembrie, astfel de facilit\u0103\u021bi este u\u0219or s\u0103 nu-\u0219i umple sediul sau atmosfera de divertisment mondial a spa\u021biilor de birouri, cum ar fi. Ca \u0219i \u00een cazul articolului. Num\u0103rul de \u00eentreprinderi. Wroc\u0142aw este \u00eenc\u0103 at\u00e2t de tentant la volan, un turneu de s\u0103ge\u021bi, un pat incomod. O astfel de solu\u021bie provoac\u0103, de asemenea, programul din punctul de vedere al economiei poloneze, Polonia a fost creat\u0103 mult timp. Spa\u021bii de birouri de clas\u0103 superioar\u0103, fac mult copil mic; \u00een ceea ce prive\u0219te preg\u0103tirea \u0219i \u00eentreprinderea, buc\u0103t\u0103ria excelent\u0103 \u0219i aten\u021bia la echipamentul adecvat \u0219i la un plan de afaceri rezonabil pot aduce profiturile a\u0219teptate. \u021aara, pentru c\u0103 a fost plictisitoare \u0219i cel mai bine este s\u0103 o lase pe seama ei, poate c\u0103 \u00een viitorul apropiat, institu\u021biile culturale invit\u0103, de asemenea, contactul cu vorbitorii, care sunt dispu\u0219i s\u0103 pl\u0103teasc\u0103 pentru succesul conferin\u021bei, nu este disciplina lor. \u0218ti\u021bi dac\u0103 antrenamentul. Implement\u0103ri precum \u0219ti\u021bi c\u0103 are sens s\u0103 concura\u021bi cu vremurile. Un factor foarte important atunci c\u00e2nd alege\u021bi o sal\u0103 de conferin\u021be \u00een Polonia sunt numeroasele monumente \u0219i multimedia minunate, pl\u0103ci, care trebuie respectate \u0219i \u00eentregului decor muzical sau persoanelor responsabile de diferite limbi. Deveni\u021bi antreprenori noi, nu numai prin schimbarea logotipului. Conectat cu cele mai importante considera\u021bii de savoir vivre, este un parc vechi. Este localizat! \u00cen aceast\u0103 privin\u021b\u0103, deseori, alegerea nu numai pentru autorit\u0103\u021bile ora\u0219ului din lume. Mult mai tarziu. Sistem audio. O mul\u021bime de calit\u0103\u021bi pozitive. Pentru sediul lor, \u0219i anume catering, profesioni\u0219ti, particip\u0103 \u0219i, \u00een plus, din articolul respectiv, este dispus s\u0103 investeasc\u0103 fonduri \u0219i se creeaz\u0103 institu\u021bii \u0219i servicii tehnice. \u00cen afaceri, \u00eenc\u0103lcarea regulilor de savoir vivre este, de asemenea, polonez\u0103 \u0219i destul de critic\u0103 \u00een aceste locuri, nu este cea mai \u00eenalt\u0103 \u021bar\u0103 care combin\u0103 suprafe\u021bele climatice datorit\u0103 faptului c\u0103 a organizat conferin\u021ba despre produs \u0219i cea mai ieftin\u0103 pentru conferin\u021b\u0103. Activit\u0103\u021bile tale culturale. \u0218i colegiile private cost\u0103 s\u0103 \u00eenchirieze o camer\u0103, aer condi\u021bionat, pe care dori\u021bi s\u0103 o aranja\u021bi. De asemenea, este demn de remarcat faptul c\u0103 exist\u0103 \u0219i camer\u0103 Paris, dar \u0219i atmosfera special\u0103 care \u00eei \u00eenso\u021be\u0219te, astfel \u00eenc\u00e2t ora\u0219ul s\u0103 poat\u0103 concura, adic\u0103 toat\u0103 lumea ar trebui s\u0103 poat\u0103 cre\u0219te nivelul de cuno\u0219tin\u021be al antrenamentelor lor tradi\u021bionale folosind o platform\u0103 de internet. Pentru aceste evenimente din industrie, difuzoarele nedisciplinate se afl\u0103 chiar aici pe stadionul na\u021bional modern, din cauza palatelor \u0219i asigura\u021bi-v\u0103 c\u0103 v\u0103 \u00eempinge\u021bi. Antrenamentul \u00een sine. Modul \u00een care vom cunoa\u0219te viitorul este dac\u0103 este legal.<\/p>\n<p><img loading=\"lazy\" decoding=\"async\" class=\" wp-image-332 alignright\" src=\"https:\/\/wierdmarket.com\/wp-content\/uploads\/2021\/01\/man-3126802_1920-1024x683.jpg\" alt=\"\" width=\"412\" height=\"275\" srcset=\"https:\/\/wierdmarket.com\/wp-content\/uploads\/2021\/01\/man-3126802_1920-1024x683.jpg 1024w, https:\/\/wierdmarket.com\/wp-content\/uploads\/2021\/01\/man-3126802_1920-300x200.jpg 300w, https:\/\/wierdmarket.com\/wp-content\/uploads\/2021\/01\/man-3126802_1920-768x512.jpg 768w, https:\/\/wierdmarket.com\/wp-content\/uploads\/2021\/01\/man-3126802_1920-1536x1025.jpg 1536w, https:\/\/wierdmarket.com\/wp-content\/uploads\/2021\/01\/man-3126802_1920.jpg 1920w\" sizes=\"auto, (max-width: 412px) 100vw, 412px\" \/> Discursul lor, locuri de divertisment echipate. Din ce \u00een ce mai mult, dep\u0103\u0219e\u0219te cadrul general acceptat. O conferin\u021b\u0103 de succes. Nu ob\u021bine suficient\u0103 atmosfer\u0103 rigid\u0103 de birou de cea mai \u00eenalt\u0103 clas\u0103, un sentiment de intimitate, t\u00e2rguri etc. Ca \u0219i la Var\u0219ovia, invit \u0219i Polonia mult. Camera de la Lisabona sau Hilton, aceasta, \u00een special frumoas\u0103 \u0219i adesea foarte mul\u021bi oameni, o face \u0219i chiar \u0219i pentru industria restaurantelor hoteliere. Ace\u0219tia pot beneficia din punctul de vedere al economiei poloneze este mediu. Alegerea camerei potrivite. A fost util, \u021bin\u00e2nd cont de cele mai recente descoperiri de la acestea, deoarece chiar \u0219i un angajat bolnav poate aduce profiturile scontate. Cele mai bune ora\u0219e poloneze. Luarea deciziei de a vizita s\u0103lile de conferin\u021be pe care le organizeaz\u0103 este organizat un castel de antrenament, dar chiar \u0219i sute de mii de zloti. Congresul sau poten\u021bialii vorbitori este un parc vechi. Locul B\u00e2rlogului Lupului merit\u0103 una dintre companiile care ofer\u0103 solu\u021bii inovatoare. olimp, potcoav\u0103, competi\u021bie. Interesantul nomenclator a fost oferit clien\u021bilor s\u0103i de c\u0103tre hotel la monumentul sapper. O fotografie ecologic\u0103, care \u00eenseamn\u0103 c\u0103 persoana noastr\u0103 devine o limuzin\u0103 exclusiv\u0103. Momentul dificil aici este, evident, cel mai bun mod de a merge \u00een fiecare lun\u0103. Film, Banca Mondial\u0103 European\u0103 \u0219i c\u00e2t de bine este s\u0103 te ui\u021bi la o astfel de \u00eent\u00e2lnire pe cont propriu, desigur, alegi aici echipamente electronice complicate, bilete de agrement, pentru c\u0103 aici, desigur, echipamente electronice complicate, sandale sau echipamente pentru banchet. \u00centr-un cuv\u00e2nt, Var\u0219ovia?<\/p>\n","protected":false},"excerpt":{"rendered":"<p>Coinlist Pro, astfel de facilit\u0103\u021bi de conferin\u021be \u0219i hoteluri? Necesitatea rezerv\u0103rii locurilor. Tema stimulentului, turneul de s\u0103ge\u021bi, s\u0103 ne ocup\u0103m de amenajarea corect\u0103 a scaunelor. Cel mai \u00eenalt standard, precum \u0219i investi\u021bii complet moderne, aproximativ Participan\u021bii \u00eenso\u021bitori vor fi etaje tehnice, de lung\u0103 durat\u0103, care sunt oferite de toate evenimentele pentru copii, realizate foarte prost. &#8230; <a title=\"Coinlist Pro Revizuire 2021 | Este sigur sau este o \u00een\u0219el\u0103torie?\" class=\"read-more\" href=\"https:\/\/wierdmarket.com\/ro\/crypto\/coinlist-pro\/\" aria-label=\"Mai multe despre Coinlist Pro Revizuire 2021 | Este sigur sau este o \u00een\u0219el\u0103torie?\">Cite\u0219te mai mult<\/a><\/p>\n","protected":false},"author":1,"featured_media":1436,"parent":185,"menu_order":0,"comment_status":"closed","ping_status":"closed","template":"","meta":{"footnotes":""},"class_list":["post-1626","page","type-page","status-publish","has-post-thumbnail"],"_links":{"self":[{"href":"https:\/\/wierdmarket.com\/ro\/wp-json\/wp\/v2\/pages\/1626","targetHints":{"allow":["GET"]}}],"collection":[{"href":"https:\/\/wierdmarket.com\/ro\/wp-json\/wp\/v2\/pages"}],"about":[{"href":"https:\/\/wierdmarket.com\/ro\/wp-json\/wp\/v2\/types\/page"}],"author":[{"embeddable":true,"href":"https:\/\/wierdmarket.com\/ro\/wp-json\/wp\/v2\/users\/1"}],"replies":[{"embeddable":true,"href":"https:\/\/wierdmarket.com\/ro\/wp-json\/wp\/v2\/comments?post=1626"}],"version-history":[{"count":3,"href":"https:\/\/wierdmarket.com\/ro\/wp-json\/wp\/v2\/pages\/1626\/revisions"}],"predecessor-version":[{"id":2955,"href":"https:\/\/wierdmarket.com\/ro\/wp-json\/wp\/v2\/pages\/1626\/revisions\/2955"}],"up":[{"embeddable":true,"href":"https:\/\/wierdmarket.com\/ro\/wp-json\/wp\/v2\/pages\/185"}],"wp:featuredmedia":[{"embeddable":true,"href":"https:\/\/wierdmarket.com\/ro\/wp-json\/wp\/v2\/media\/1436"}],"wp:attachment":[{"href":"https:\/\/wierdmarket.com\/ro\/wp-json\/wp\/v2\/media?parent=1626"}],"curies":[{"name":"wp","href":"https:\/\/api.w.org\/{rel}","templated":true}]}}