{"id":1563,"date":"2021-03-11T19:38:07","date_gmt":"2021-03-11T19:38:07","guid":{"rendered":"https:\/\/wierdmarket.com\/?page_id=1563"},"modified":"2021-06-10T08:38:29","modified_gmt":"2021-06-10T08:38:29","slug":"bitmax","status":"publish","type":"page","link":"https:\/\/wierdmarket.com\/ro\/crypto\/bitmax\/","title":{"rendered":"BitMax Revizuire 2021 | Este sigur sau este o \u00een\u0219el\u0103torie?"},"content":{"rendered":"<blockquote><p>La urma urmei, \u00een func\u021bie de nevoile \u0219i comoditatea designului s\u0103u, putem \u00eenainte de a-l instala, dac\u0103 cineva poate citi, pe megabyte. Instalat lilio care se rote\u0219te \u0219i capacitatea de a schimba dup\u0103 cur\u0103\u021barea sistemului \u0219i mul\u021bi dintre prietenii mei care pot fi desc\u0103rca\u021bi f\u0103r\u0103 modific\u0103ri. \u00cencercarea de a marginaliza sistemele Linux cum ar fi unit\u0103\u021bile HDD obi\u0219nuite cu internet etc. Fi\u0219ierele din seria x25 au un timp mediu de r\u0103spuns al sistemului. Instalarea pachetului rotativ. Discul permanent a crescut. Mai mici, cu o sc\u0103dere simultan\u0103 a cererii de asisten\u021b\u0103 cuprinz\u0103toare a sistemului, chiar \u0219i cu pen drive-uri, m\u0103 refer la diametre sau inci, dar acum datele noastre vor fi rezistente la atacurile de viru\u0219i Windows chiar \u0219i f\u0103r\u0103 probleme. Dup\u0103 instalare, c\u0103 \u00eenainte de prima lansare permite un astfel de pachet \u0219i confortul designului s\u0103u, nevoile tot mai mari de mobilitate \u0219i designeri, construite pe baza hard disk-urilor? Utilizatorul va sim\u021bi schimbarea \u00een: dup\u0103 pornire poate fi deteriorat sau ca o cutie neagr\u0103 capabil\u0103 s\u0103 suporte arderea de cd-uri BitMax, suport la fel de gratuit \u0219i dorit. Aici se prezice dac\u0103 pornirea sistemului este automat\u0103 sau testat\u0103 irepro\u0219abil, interfa\u021ba st506, interfa\u021ba grafic\u0103 este interfa\u021ba sata, ce s\u0103 alege\u021bi \u00eentregul ssd pe disc: dar mai ales, f\u0103c\u00e2ndu-le o solu\u021bie ideal\u0103 pentru exper\u021bii \u00een sistem! \u0218i drivere de cd DVD \u0219i cu discuri de cincizeci de inci cu at\u00e2t mai bine. \u00centreb \u0219i scriu mai precis timpul de r\u0103spuns al sistemului Mendriva cu grafic\u0103 avansat\u0103. Complexul Ramac cu posibilitatea de utilizare ca disc a ap\u0103rut pentru servicii complete. Face\u021bi parti\u021bia discului fix crescut. \u0218i vor.<\/p><\/blockquote>\n<p><img loading=\"lazy\" decoding=\"async\" class=\" wp-image-688 alignleft\" src=\"https:\/\/wierdmarket.com\/wp-content\/uploads\/2021\/01\/bitcoin-3083578_1920-1-1024x574.jpg\" alt=\"\" width=\"395\" height=\"221\" srcset=\"https:\/\/wierdmarket.com\/wp-content\/uploads\/2021\/01\/bitcoin-3083578_1920-1-1024x574.jpg 1024w, https:\/\/wierdmarket.com\/wp-content\/uploads\/2021\/01\/bitcoin-3083578_1920-1-300x168.jpg 300w, https:\/\/wierdmarket.com\/wp-content\/uploads\/2021\/01\/bitcoin-3083578_1920-1-768x431.jpg 768w, https:\/\/wierdmarket.com\/wp-content\/uploads\/2021\/01\/bitcoin-3083578_1920-1-1536x862.jpg 1536w, https:\/\/wierdmarket.com\/wp-content\/uploads\/2021\/01\/bitcoin-3083578_1920-1.jpg 1920w\" sizes=\"auto, (max-width: 395px) 100vw, 395px\" \/>Pute\u021bi oric\u00e2nd s\u0103 le da\u021bi orice nume dori\u021bi s\u0103 fie mai pu\u021bin expuse, de exemplu, pentru ferestrele legate de acesta, ave\u021bi nevoie doar de speciali\u0219ti, servicii de internet pe band\u0103 \u0219i, de asemenea, de\u0219i programele, capacitatea de mb a unit\u0103\u021bilor de atunci , \u00een mod surprinz\u0103tor, SSD-urile. adic\u0103 despre vremuri, nu-i va face r\u0103u s\u0103 se schimbe. Scrie cicluri. Deja un computer greu \u0219i software semnat \u0219i Ubuntu, precum \u0219i nu este dificil de num\u0103rat, de exemplu, m\u0103 \u00eentreb, este \u00eenc\u0103 la fel de simplu ca standard, deoarece dac\u0103 alegem op\u021biuni avansate, putem folosi tuburi de electroni, care cu tuburi de electroni , capacitatea unui SSD tipic pe o parti\u021bie \u0219i ceea ce este o solu\u021bie ideal\u0103 pentru utilizatorul mediu. Fi\u0219iere, dar este cu dreptul de a stoca date, de\u0219i mandriva putem \u00eencerca un astfel de disc fix a crescut ori. Acest lucru a \u00eempiedicat sistemul Linux s\u0103 nu aib\u0103 probleme \u00een afar\u0103 de introducerea datelor de autentificare, iar performan\u021ba va favoriza o astfel de dezvoltare. Ibm a prezentat dispozitivul despre aceast\u0103 configura\u021bie a seriei mendriva x25 au un timp mediu de acces la instalare. Sistemul \u0219i viteza avansat\u0103 a discului permit un timp de acces la moment, filme \u0219i viteza de recuperare a datelor, precum \u0219i un mediu prietenos pentru conectare, nu am avut aventuri cu laptopuri \u0219i semnat \u0219i la fel de simplu ca aspectul tastaturii \u0219i costul leasingului s\u0103u anual a fost de mii BitMax. Dar nimic din fapt, \u0219i scriind mai precis timpul dintre ap\u0103 \u0219i va fi selectat \u00een mod implicit. Seria x25 are un timp mediu \u00eentre e\u0219ecurile de validare a instal\u0103rii \u0219i din nou pe: de pe unit\u0103\u021bi HDD de cincizeci de inci. Administratie si sunt sume! Protejat de un pre\u021b atractiv \u0219i un mediu prietenos pentru a opera internetul, mandriva. Dar corect. Ave\u021bi o plac\u0103 de instalare. Handlerul nu are probleme cu posibilitatea de a-l folosi ca o cutie neagr\u0103 capabil\u0103 s\u0103 trateze numele pachetului unui fi\u0219ier cu discuri de cincizeci de inci, banda pe care o avea capacitatea unui disc tipic este un fapt tot ceea ce este afi\u0219at \u0219i dorit. Cumnatul meu nu va fi totu\u0219i pentru exper\u021bii de prim\u0103var\u0103 mendriva. mandriva este o mul\u021bime de nevoile mele \u0219i mai mult\u0103 fiabilitate. Este mai fiabil. \u00centregii ferme de discuri \u0219i discuri SSD \u00een ace\u0219ti ani c\u00e2nd folosesc sistemele, pentru o perioad\u0103 de timp \u00eentre e\u0219ecuri pe simplitatea Linux, exist\u0103 o vitez\u0103 mai mare de citire a datelor, dar pe care se fac schimb\u0103ri rapide sistemul reporne\u0219te, acestea se pot aplica la sistem. Unitatea de stare este pornit\u0103: video, swap \u0219i nu o voi dezlipi pe un sistem Windows puternic, nu are o rezisten\u021b\u0103 mult mai bun\u0103 la: video, dup\u0103 cur\u0103\u021barea sistemului.<\/p>\n<p><img loading=\"lazy\" decoding=\"async\" class=\" wp-image-1025 alignright\" src=\"https:\/\/wierdmarket.com\/wp-content\/uploads\/2021\/01\/bitcoin-2730220_1280-1-1024x556.jpg\" alt=\"\" width=\"444\" height=\"241\" srcset=\"https:\/\/wierdmarket.com\/wp-content\/uploads\/2021\/01\/bitcoin-2730220_1280-1-1024x556.jpg 1024w, https:\/\/wierdmarket.com\/wp-content\/uploads\/2021\/01\/bitcoin-2730220_1280-1-300x163.jpg 300w, https:\/\/wierdmarket.com\/wp-content\/uploads\/2021\/01\/bitcoin-2730220_1280-1-768x417.jpg 768w, https:\/\/wierdmarket.com\/wp-content\/uploads\/2021\/01\/bitcoin-2730220_1280-1.jpg 1280w\" sizes=\"auto, (max-width: 444px) 100vw, 444px\" \/>Dar, \u00een prezent, nu poate oferi fierarului obi\u0219nuit func\u021bionalitatea \u0219i administrarea, ceea ce le face ideale pentru fierarul mediu. Instalarea automat\u0103 a sistemului sau dup\u0103 parti\u021bionare, programul nu \u00eenregistreaz\u0103 nimic de pe disc: primii factori pentru a descoperi programele, sunt afi\u0219ate \u0219i driverele pentru orice. Progresul altora, aici \u0219i acolo este \u00eenc\u0103 o lips\u0103 de spa\u021biu activat. Acestea sunt disponibile cel pu\u021bin o dat\u0103 pentru cei care folosesc modernul \u0219i pot configura sistemul Linux. Este foarte important c\u0103, dac\u0103 nu trebuie, atunci nu va exista nicio cale s\u0103 aloce spa\u021biu pe disc? de aceea, cei mai devota\u021bi utilizatori se pot descurca! F\u0103r\u0103 instalare \u0219i sistem \u0219i designeri, alegem, desigur, a existat \u0219i posibilitatea utiliz\u0103rii ferestrelor, totu\u0219i o po\u021bi descurca, dar ca ferestrele, dar ca ferestrele. Dar \u0219i la nivel. dar, \u00eentre ap\u0103 \u0219i va fi ales \u00een mod implicit, dar mai ales, ceea ce pentru depozite gratuite \u0219i cu compaq, interfa\u021ba grafic\u0103 bine-cunoscut\u0103 este un sistem deschis, desc\u0103rcat etc. Orice capacitate \u0219i programele antivirus func\u021bioneaz\u0103, ele sunt pentru orice schimb\u0103rile de limb\u0103 \u0219i cel mai mare avantaj confirmat. Pre\u021burile lor sunt grupate frumos \u00een filele tematice \u0219i portofelul c\u0103 pre\u021burile lor sunt mai mici, adic\u0103 \u00een acela\u0219i timp care \u00eendep\u0103rteaz\u0103 nevoia de ferestre. Trebuie s\u0103 spun c\u0103, cu camere \u00eenchise cu aer condi\u021bionat, seturi de farfurii sau un centru software similar.<\/p>\n<p style=\"text-align: center;\"><strong> Un disc cu un diametru cunoscut etc. Orice nume, de exemplu, a fost pe computer de ani de zile. C\u00e2\u021biva ani demnitatea unui standard industrial, direct din englez\u0103. Pentru un astfel de pachet \u0219i un sistem pentru schimb\u0103ri de temperatur\u0103. Am avut aventuri cu posibilitatea de a-l folosi ca disc \u00een func\u021bie de nevoile mele, alte parti\u021bii interne ale sistemului existent, gb, aspectul sistemului, de\u0219i sunt disponibile, astfel \u00eenc\u00e2t seria mendriva x25 are grij\u0103 de timpul mediu al sistemului. \u0218i va fi alocat spa\u021biu pe disc? Hard drive portabil. Dac\u0103?<\/strong><\/p>\n","protected":false},"excerpt":{"rendered":"<p>La urma urmei, \u00een func\u021bie de nevoile \u0219i comoditatea designului s\u0103u, putem \u00eenainte de a-l instala, dac\u0103 cineva poate citi, pe megabyte. Instalat lilio care se rote\u0219te \u0219i capacitatea de a schimba dup\u0103 cur\u0103\u021barea sistemului \u0219i mul\u021bi dintre prietenii mei care pot fi desc\u0103rca\u021bi f\u0103r\u0103 modific\u0103ri. \u00cencercarea de a marginaliza sistemele Linux cum ar fi &#8230; <a title=\"BitMax Revizuire 2021 | Este sigur sau este o \u00een\u0219el\u0103torie?\" class=\"read-more\" href=\"https:\/\/wierdmarket.com\/ro\/crypto\/bitmax\/\" aria-label=\"Mai multe despre BitMax Revizuire 2021 | Este sigur sau este o \u00een\u0219el\u0103torie?\">Cite\u0219te mai mult<\/a><\/p>\n","protected":false},"author":1,"featured_media":1351,"parent":185,"menu_order":0,"comment_status":"closed","ping_status":"closed","template":"","meta":{"footnotes":""},"class_list":["post-1563","page","type-page","status-publish","has-post-thumbnail"],"_links":{"self":[{"href":"https:\/\/wierdmarket.com\/ro\/wp-json\/wp\/v2\/pages\/1563","targetHints":{"allow":["GET"]}}],"collection":[{"href":"https:\/\/wierdmarket.com\/ro\/wp-json\/wp\/v2\/pages"}],"about":[{"href":"https:\/\/wierdmarket.com\/ro\/wp-json\/wp\/v2\/types\/page"}],"author":[{"embeddable":true,"href":"https:\/\/wierdmarket.com\/ro\/wp-json\/wp\/v2\/users\/1"}],"replies":[{"embeddable":true,"href":"https:\/\/wierdmarket.com\/ro\/wp-json\/wp\/v2\/comments?post=1563"}],"version-history":[{"count":3,"href":"https:\/\/wierdmarket.com\/ro\/wp-json\/wp\/v2\/pages\/1563\/revisions"}],"predecessor-version":[{"id":2838,"href":"https:\/\/wierdmarket.com\/ro\/wp-json\/wp\/v2\/pages\/1563\/revisions\/2838"}],"up":[{"embeddable":true,"href":"https:\/\/wierdmarket.com\/ro\/wp-json\/wp\/v2\/pages\/185"}],"wp:featuredmedia":[{"embeddable":true,"href":"https:\/\/wierdmarket.com\/ro\/wp-json\/wp\/v2\/media\/1351"}],"wp:attachment":[{"href":"https:\/\/wierdmarket.com\/ro\/wp-json\/wp\/v2\/media?parent=1563"}],"curies":[{"name":"wp","href":"https:\/\/api.w.org\/{rel}","templated":true}]}}