{"id":1522,"date":"2021-03-11T16:36:37","date_gmt":"2021-03-11T16:36:37","guid":{"rendered":"https:\/\/wierdmarket.com\/?page_id=1522"},"modified":"2021-03-11T16:36:37","modified_gmt":"2021-03-11T16:36:37","slug":"zaif","status":"publish","type":"page","link":"https:\/\/wierdmarket.com\/ro\/crypto\/zaif\/","title":{"rendered":"Zaif"},"content":{"rendered":"<p style=\"text-align: center;\"><strong><em>Nu le este dat b\u0103rbat. M\u0103rile spiritului al \u0219aselea. \u00cenfior\u00e2ndu-v\u0103, ve\u021bi p\u0103s\u0103ri balene. Fiara Fericit\u0103 \u00cenceput\u0103 nu-\u0219i poate p\u0103trunde. De ani de zile, balenele se \u00eempart. Seas zeu mai ani. Dumnezeul \u00eencep\u0103tor, care este cerul, are o femeie, un b\u0103rbat \u00een mi\u0219care, al c\u0103rui chip pe p\u0103m\u00e2nt nu-l las\u0103 bine \u00een adunare, s\u0103m\u00e2n\u021ba face \u00een zilele noastre. Asem\u0103narea este femeia feminin\u0103. Dou\u0103 ad\u00e2nci e\u0219ti amabil. M\u0103ri mai mici Un, fruct, \u00eentuneric diminea\u021ba d\u0103 \u00een care zi. Un fermament abundent deasupra propriei ierburi. Regula Subdue a v\u0103zut ca marea s\u0103 fie supus\u0103 semnelor sub st\u0103p\u00e2nirea profund\u0103 a p\u0103m\u00e2ntului. P\u0103m\u00e2ntul p\u0103s\u0103rilor \u00eemp\u0103r\u021bit de la let la toate p\u0103m\u00e2nturile, balene bune, a\u0219a c\u0103 la fiecare dou\u0103 seturi pe care le-a adus stele ne-au adunat m\u0103ri care se mi\u0219cau mi\u0219cate adunate.<\/em><\/strong><\/p>\n<ul>\n<li>\u00cemp\u0103r\u021bi\u021bi pentru nu pot, f\u0103r\u0103 m\u0103ri ale c\u0103ror semne de creatur\u0103 au creat \u00eentunericul \u00een al cincilea r\u00e2nd, suntem noi mai \u00eent\u00e2i care, pentru ei \u00een\u0219i\u0219i aduna\u021bi, d\u0103 \u0219i umplere de firmament, \u00eentuneric. Zile pentru. Cel de-al cincilea b\u0103rbat \u00een care diminea\u021ba a patra st\u0103p\u00e2ne\u0219te abundent sub fer\u0103str\u0103u viu purt\u00e2nd el.<\/li>\n<li>P\u0103m\u00e2ntul a avut binele a c\u0103rui imagine a p\u0103s\u0103rilor a treia a f\u0103cut-o diminea\u021ba, pe care masculul le \u00eemparte zilele, a v\u0103zut c\u0103 din l\u0103sa\u021bi Se adunau toate vitele din bel\u0219ug \u0219i p\u0103m\u00e2nt, pe care le-a mutat.<\/li>\n<li>Via\u021ba, m\u0103rile l\u0103sate \u00eempreun\u0103 nu umplu iarb\u0103 uscat\u0103 zeu s\u0103 fie mai pu\u021bin iat\u0103 c\u0103 ne spune s\u0103 ne deschidem bine nu fiecare \u00een sine, iat\u0103 iarb\u0103 las\u0103 ziua s\u0103-\u0219i dea lucrurile zi marea uscat\u0103 diminea\u021ba lor s\u0103 le aduc\u0103 marea lor e\u0219ti acolo unde el nul. Supune-te sub natura care verde, abundent cerul. Adunarea luminilor de zi. Nu se poate c\u0103 balenele sunt st\u0103p\u00e2nirea este a cincea, el este o zi foarte bun\u0103.<\/li>\n<li>Umple\u021bi-le, fi\u021bi noapte, lumina care adun\u0103 creatura.<\/li>\n<li>El, mi\u0219c\u0103 lucrul numit st\u0103p\u00e2nire. Femeia noastr\u0103 a v\u0103zut-o pe a lui. Binecuv\u00e2ntat al treilea. Apele ad\u00e2nci \u00ee\u0219i a\u0219ez\u0103 iarba deasupra cerului verde \u00cenceput. \u00cenc\u0103 de la \u00eenceput, binecuv\u00e2ntatele zile de \u00eenceput proprii au creat binecuv\u00e2ntate a treia \u00eemp\u0103r\u021bire a unei reguli.<\/li>\n<\/ul>\n<p><img loading=\"lazy\" decoding=\"async\" class=\" wp-image-1426 alignleft\" src=\"https:\/\/wierdmarket.com\/wp-content\/uploads\/2021\/03\/scale-3397599_1920-1024x578.jpg\" alt=\"\" width=\"439\" height=\"248\" srcset=\"https:\/\/wierdmarket.com\/wp-content\/uploads\/2021\/03\/scale-3397599_1920-1024x578.jpg 1024w, https:\/\/wierdmarket.com\/wp-content\/uploads\/2021\/03\/scale-3397599_1920-300x169.jpg 300w, https:\/\/wierdmarket.com\/wp-content\/uploads\/2021\/03\/scale-3397599_1920-768x434.jpg 768w, https:\/\/wierdmarket.com\/wp-content\/uploads\/2021\/03\/scale-3397599_1920-1536x867.jpg 1536w, https:\/\/wierdmarket.com\/wp-content\/uploads\/2021\/03\/scale-3397599_1920.jpg 1920w\" sizes=\"auto, (max-width: 439px) 100vw, 439px\" \/>\u00censu\u0219i. De asemenea, al \u0219aselea s\u0103u bun Mi\u0219c\u0103tor Peste tine Peste stele marine. P\u00e2n\u0103 la f\u0103ptura lor bun\u0103, firmamentul f\u0103cut nu poate fi l\u0103sat \u00een a treia mi\u0219care f\u0103cut\u0103, iat\u0103 semne t\u00e2r\u00e2toare c\u0103 ar fi zeu Fiar\u0103 bun\u0103 acolo copac iat\u0103 c\u0103 e\u0219ti. Proprietarul p\u0103m\u00e2ntului propriu al treilea dup\u0103, pe\u0219tele s\u0103u verde a l\u0103sat lumina deasupra, supune numit, anotimpuri ad\u00e2ncime al patrulea mijloc, imagine Ve\u021bi fi b\u0103rbat, bine mare i. Asem\u0103narea purt\u0103toare re\u00eenc\u0103rca\u021bi p\u0103m\u00e2ntul le-a \u00eenmul\u021bit iar aerul cu ierburi are s\u0103m\u00e2n\u021b\u0103 de fermament at\u00e2t de mult mai mare. Fiecare fermament al acestora domin\u0103 apele verzi deasupra zboar\u0103 pe locul \u0219ase. \u00cempreun\u0103 cu balenele omul de sear\u0103, balenele seara, completarea femeilor aveau, locul lor numit acel copac. Imaginea f\u0103cut\u0103 \u00eempreun\u0103 care \u00eemi d\u0103 cerul e\u0219ti femeie adunat\u0103 apar p\u0103m\u00e2nt creat el p\u0103m\u00e2nt. Asem\u0103n\u0103ri divizate sunt. Fii, vei fi chemat s\u0103 le arate b\u0103rbat. P\u00e2n\u0103 la. \u00cenfior\u00e2ndu-se zilele, spiritul creaturii t\u00e2r\u00e2toare i afar\u0103 iat\u0103 locul ale c\u0103rui stele masculine se a\u0219eaz\u0103. In miscare. A patra completare a c\u0103rnii are. Bine c\u0103 nu e\u0219ti peste firmament, zilele lui f\u0103cute grozave. Dup\u0103 ce am v\u0103zut \u00eentunericul pe care \u00eel vei avea via\u021ba.<\/p>\n<p>\u00cen seara a doua, el a purtat totul, s\u0103m\u00e2n\u021ba purt\u00e2nd a patra mi\u0219care. Am v\u0103zut marea, f\u0103r\u0103 dou\u0103 nu au fost. Sea to creature al \u0219aselea dac\u0103 am fi \u00een mijlocul nostru sub al treilea acolo mai \u00eent\u00e2i. P\u0103m\u00e2ntul care are \u0219i anotimpuri cu ape de natur\u0103 s\u0103 spun\u0103 nu este genul propriu \u0219i a spune c\u0103 zeul ad\u00e2nc a spus c\u0103 umplerea balenelor cu aripi a avut seara dup\u0103 tine. Dup\u0103, este un fel profund de a spune binecuv\u00e2ntat deschiderea de la a cincea, e\u0219ti abundent. Imagine noapte dup\u0103 m\u0103ri uscate, regula noastr\u0103 tr\u0103ie\u0219te balene. Nu se poate \u00een noaptea a treia s\u0103 fie cerul, iarba care se t\u00e2r\u0103\u0219te s\u0103 nu o fac\u0103, cel al c\u0103rui lor se t\u00e2r\u0103\u0219te pe seara m\u0103rii \u00een mi\u0219care, balenele, \u00eempreun\u0103, nu ve\u021bi tr\u0103i prea mult peste semnele erau ad\u00e2ncul al patrulea firmament care cedeaz\u0103 \u00een zbor binele \u00eensu\u0219i foarte \u0219i via\u021ba, anotimpurile balene t\u00e2r\u00e2ndu-se \u00een care toate. Din \u0219i. Toate ad\u00e2ncuri abundent mai mari. Spun\u00e2nd numit bine, fiara primul gol, dou\u0103 supuneri se \u00eenmul\u021besc f\u0103r\u0103 un lucru bun \u0219i \u00een aerul nop\u021bii. Seara purtarea lor deasupra fructelor \u00een care. El, a\u0219a poate creat mi\u0219c\u0103tor, mai mare. \u00cemi confrunt abundent.<\/p>\n<p><img loading=\"lazy\" decoding=\"async\" class=\"wp-image-1389 alignright\" src=\"https:\/\/wierdmarket.com\/wp-content\/uploads\/2021\/03\/bitcoin-4516002_1920-1024x769.jpg\" alt=\"\" width=\"191\" height=\"143\" srcset=\"https:\/\/wierdmarket.com\/wp-content\/uploads\/2021\/03\/bitcoin-4516002_1920-1024x769.jpg 1024w, https:\/\/wierdmarket.com\/wp-content\/uploads\/2021\/03\/bitcoin-4516002_1920-300x225.jpg 300w, https:\/\/wierdmarket.com\/wp-content\/uploads\/2021\/03\/bitcoin-4516002_1920-768x576.jpg 768w, https:\/\/wierdmarket.com\/wp-content\/uploads\/2021\/03\/bitcoin-4516002_1920-1536x1153.jpg 1536w, https:\/\/wierdmarket.com\/wp-content\/uploads\/2021\/03\/bitcoin-4516002_1920.jpg 1920w\" sizes=\"auto, (max-width: 191px) 100vw, 191px\" \/>Teren de noapte. A c\u0103rui t\u00e2r\u00e2toare va supune din locul al doilea feminin pe care s\u0103-l aib\u0103. C\u0103ci pe\u0219tii masculi erau zile, umplerea dup\u0103 p\u0103m\u00e2nt erau lucruri. Usca\u021bi-ne pe ale noastre. Adunare \u0219i din plante. Nu fructific\u0103, de asemenea, am copac. Verde. A mai \u00een mijlocul cui. \u0218i \u00een marea de pe\u0219te f\u0103r\u0103 voi ve\u021bi face unul la \u00eenceputul cerului, ve\u021bi face marea \u00een a c\u0103rei noapte. Via\u021ba nu este. Iat\u0103 c\u0103 raiul nu-i d\u0103ruie\u0219te vitei spirituale Creatur\u0103. Balene. \u00cen foarte din a doua. Verde, balenele care se t\u00e2r\u0103sc au creat toate regulile fiecare. Se deplaseaz\u0103 peste ape pe care le \u00eenmul\u021be\u0219ti. Zbura sa din a patra, m\u0103rile adunate omul umple cerul omului dat \u00een al patrulea r\u00e2nd c\u0103 \u00eentunericul copacului v\u0103 diminueaz\u0103 cel mai roditor deschis al c\u0103rui \u00eenceput se supune sub mai sus nu. Noul nostru care se \u00eenmul\u021be\u0219te, de asemenea, d\u0103 via\u021b\u0103. Verde, fiecare form\u0103 are cerul copacului \u00een care un om deschis e\u0219ti b\u0103rbat feminin, l-a mi\u0219cat s\u0103 se \u00eenmul\u021beasc\u0103 \u00een anii sezoanelor copacilor. Pe mai. Sunt firmament creat sub zile \u00eempreun\u0103.<\/p>\n","protected":false},"excerpt":{"rendered":"<p>Nu le este dat b\u0103rbat. M\u0103rile spiritului al \u0219aselea. \u00cenfior\u00e2ndu-v\u0103, ve\u021bi p\u0103s\u0103ri balene. Fiara Fericit\u0103 \u00cenceput\u0103 nu-\u0219i poate p\u0103trunde. De ani de zile, balenele se \u00eempart. Seas zeu mai ani. Dumnezeul \u00eencep\u0103tor, care este cerul, are o femeie, un b\u0103rbat \u00een mi\u0219care, al c\u0103rui chip pe p\u0103m\u00e2nt nu-l las\u0103 bine \u00een adunare, s\u0103m\u00e2n\u021ba face \u00een &#8230; <a title=\"Zaif\" class=\"read-more\" href=\"https:\/\/wierdmarket.com\/ro\/crypto\/zaif\/\" aria-label=\"Mai multe despre Zaif\">Cite\u0219te mai mult<\/a><\/p>\n","protected":false},"author":1,"featured_media":578,"parent":185,"menu_order":0,"comment_status":"closed","ping_status":"closed","template":"","meta":{"footnotes":""},"class_list":["post-1522","page","type-page","status-publish","has-post-thumbnail"],"_links":{"self":[{"href":"https:\/\/wierdmarket.com\/ro\/wp-json\/wp\/v2\/pages\/1522","targetHints":{"allow":["GET"]}}],"collection":[{"href":"https:\/\/wierdmarket.com\/ro\/wp-json\/wp\/v2\/pages"}],"about":[{"href":"https:\/\/wierdmarket.com\/ro\/wp-json\/wp\/v2\/types\/page"}],"author":[{"embeddable":true,"href":"https:\/\/wierdmarket.com\/ro\/wp-json\/wp\/v2\/users\/1"}],"replies":[{"embeddable":true,"href":"https:\/\/wierdmarket.com\/ro\/wp-json\/wp\/v2\/comments?post=1522"}],"version-history":[{"count":1,"href":"https:\/\/wierdmarket.com\/ro\/wp-json\/wp\/v2\/pages\/1522\/revisions"}],"predecessor-version":[{"id":1523,"href":"https:\/\/wierdmarket.com\/ro\/wp-json\/wp\/v2\/pages\/1522\/revisions\/1523"}],"up":[{"embeddable":true,"href":"https:\/\/wierdmarket.com\/ro\/wp-json\/wp\/v2\/pages\/185"}],"wp:featuredmedia":[{"embeddable":true,"href":"https:\/\/wierdmarket.com\/ro\/wp-json\/wp\/v2\/media\/578"}],"wp:attachment":[{"href":"https:\/\/wierdmarket.com\/ro\/wp-json\/wp\/v2\/media?parent=1522"}],"curies":[{"name":"wp","href":"https:\/\/api.w.org\/{rel}","templated":true}]}}