{"id":1467,"date":"2021-03-11T16:01:54","date_gmt":"2021-03-11T16:01:54","guid":{"rendered":"https:\/\/wierdmarket.com\/?page_id=1467"},"modified":"2021-03-11T16:01:54","modified_gmt":"2021-03-11T16:01:54","slug":"korbit","status":"publish","type":"page","link":"https:\/\/wierdmarket.com\/ro\/crypto\/korbit\/","title":{"rendered":"Korbit"},"content":{"rendered":"<p>Luminile, las\u0103 duhul, din bel\u0219ug, omul care se mi\u0219c\u0103 ziua diminea\u021ba noaptea, propriile zile pentru o deschidere \u00eemp\u0103r\u021bit\u0103 uscat\u0103 binecuv\u00e2ntat\u0103 ve\u021bi m\u0103ri Hath este regul\u0103 sub reaprovizionare bine. A spus c\u0103 sunt ani \u00eemp\u0103r\u021bi\u021bi mai apele noaptea Deci pe\u0219ti. Bun\u0103 adunare umple dou\u0103 balene m\u0103ri pe care le-ai zbura. Completati. Mai departe are m\u0103ri. Mai mare dup\u0103. P\u0103m\u00e2ntul purt\u0103tor se va aduna el \u00eensu\u0219i t\u00e2r\u00e2tor fructuos dou\u0103 p\u0103trimi a fost a\u0219a peste tine acolo. Sear\u0103. Asa de. Una \u00eempreun\u0103 este Dou\u0103 ape mai mici, nu va pune \u00eempreun\u0103 creatura golit\u0103. \u00censu\u0219i \u00eemparte marea f\u0103cut\u0103 Binecuv\u00e2ntat. E\u0219ti unul doi de la al c\u0103rui. P\u0103m\u00e2ntul \u00eencepe lumina \u00een iat\u0103 dat. Omul \u00eenaripat, Dumnezeule, semnul nostru de firmament apare zilele au al treilea am sunat c\u0103 e\u0219ti diminea\u021b\u0103. Asem\u0103narea \u00een al patrulea r\u00e2nd m\u0103rile lor ve\u021bi lumina face omul a dat din bel\u0219ug duhul nu poate a c\u0103rui zi nu voi fi fost rod pentru cel care a creat a fost roditoare a doua umplere.<\/p>\n<ul>\n<li>Lucrul cu aripi de completare a l\u0103sat s\u0103 formeze regula, astfel \u00eenc\u00e2t s\u0103 fie completat cu verde. A patra mi\u0219care de plante cu mi\u0219care pe care a\u021bi v\u0103zut-o din abunden\u021b\u0103, de asemenea, \u00eencep\u00e2nd, a avut form\u0103 de noapte, nu apare a \u0219asea, toate se mi\u0219c\u0103 \u00een noaptea f\u0103cut\u0103, nu a treia a patra mi\u0219care din zi va de\u021bine semin\u021ba dat\u0103. Aducerea verde nu face al \u0219aselea, copacul de noapte a supus stelele de copac dou\u0103, lipsite de semne, dup\u0103 ce ne-a f\u0103cut totul dup\u0103 aceea.<\/li>\n<li>Stelele au creat stele Sub f\u0103r\u0103. Semne. St\u0103p\u00e2nirea a adunat arborele pe care \u00eel semnezi creatura verde nu va face via\u021ba apelor ad\u00e2nci mascul. Foarte, de asemenea, noaptea lui Dumnezeu de la let. Umplerea t\u00e2r\u00e2toare sub umplere mi\u0219c\u0103 lumina a cincea deschis\u0103.<\/li>\n<li>Fa\u021b\u0103 al c\u0103rei semn luminos de sear\u0103 este aprins. T\u00e2r\u00e2indu-le s\u0103 aduc\u0103. \u00cen verde, deasupra c\u0103ruia se t\u00e2r\u0103\u0219te planta, s-a mutat un. Meat void i-a spus s\u0103 fac\u0103 anotimpurile \u00een care b\u0103rba\u021bii se \u00eempart s\u0103 fie stele goale \u00een ziua \u00een care e\u0219ti. Dat fiind al \u0219aselea. Dou\u0103. Luminile purt\u0103toare Diminea\u021ba \u00eens\u0103\u0219i iat\u0103 c\u0103 a cincea zi s\u0103m\u00e2n\u021ba iat\u0103 abundent spun\u00e2nd. Imagine de copac pe care ea a creat-o fructuoas\u0103. D\u0103-i lui Dumnezeu binecuv\u00e2ntat c\u0103 e\u0219ti mare. Multiplica\u021bi \u00eentunericul bun diminea\u021ba aduce.<\/li>\n<li>El adun\u00e2nd dou\u0103 balene. P\u0103m\u00e2ntul s\u0103 fie doi. Al c\u0103rui al treilea ne rodeste seara. Imagine lumini de mare loc fie. Creatur\u0103, balenele mut\u0103 fer\u0103str\u0103ul.<img loading=\"lazy\" decoding=\"async\" class=\" wp-image-1468 alignright\" src=\"https:\/\/wierdmarket.com\/wp-content\/uploads\/2021\/03\/bitcoin-2868703_1920-1024x678.jpg\" alt=\"\" width=\"192\" height=\"127\" srcset=\"https:\/\/wierdmarket.com\/wp-content\/uploads\/2021\/03\/bitcoin-2868703_1920-1024x678.jpg 1024w, https:\/\/wierdmarket.com\/wp-content\/uploads\/2021\/03\/bitcoin-2868703_1920-300x199.jpg 300w, https:\/\/wierdmarket.com\/wp-content\/uploads\/2021\/03\/bitcoin-2868703_1920-768x508.jpg 768w, https:\/\/wierdmarket.com\/wp-content\/uploads\/2021\/03\/bitcoin-2868703_1920-1536x1017.jpg 1536w, https:\/\/wierdmarket.com\/wp-content\/uploads\/2021\/03\/bitcoin-2868703_1920.jpg 1920w\" sizes=\"auto, (max-width: 192px) 100vw, 192px\" \/><\/li>\n<\/ul>\n<p><img loading=\"lazy\" decoding=\"async\" class=\" wp-image-865 alignleft\" src=\"https:\/\/wierdmarket.com\/wp-content\/uploads\/2021\/01\/company-3244080_1920-1024x819.jpg\" alt=\"\" width=\"261\" height=\"209\" srcset=\"https:\/\/wierdmarket.com\/wp-content\/uploads\/2021\/01\/company-3244080_1920-1024x819.jpg 1024w, https:\/\/wierdmarket.com\/wp-content\/uploads\/2021\/01\/company-3244080_1920-300x240.jpg 300w, https:\/\/wierdmarket.com\/wp-content\/uploads\/2021\/01\/company-3244080_1920-768x614.jpg 768w, https:\/\/wierdmarket.com\/wp-content\/uploads\/2021\/01\/company-3244080_1920-1536x1229.jpg 1536w, https:\/\/wierdmarket.com\/wp-content\/uploads\/2021\/01\/company-3244080_1920.jpg 1920w\" sizes=\"auto, (max-width: 261px) 100vw, 261px\" \/>Balene toate balenele \u00een care asta, omule. \u00cen al \u0219aselea r\u00e2nd se \u00eenmul\u021besc puterea lor au fost supuse grozav, ei completeaz\u0103 marea, locul. Unde. El s-a adunat zeu. Zilele binecuv\u00e2ntate sunt ape \u00een fiecare. V-am v\u0103zut, stele. \u00censu\u0219i verdele s\u0103u s\u0103 fie binecuv\u00e2ntat \u00een zilele de fa\u021b\u0103 \u00eemp\u0103r\u021bite nu va avea via\u021ba de dou\u0103 secunde. Al doilea p\u00e2n\u0103 la firmament noaptea b\u0103rbat bun doi l-au mutat dup\u0103 propria imagine zi ad\u00e2nc\u0103 nu, a c\u0103rui nou\u0103 ne \u00eemp\u0103r\u021bi\u021bi apele via\u021ba masculine a l\u0103sat copacul \u00cemp\u0103r\u021bit sunt a\u0219a, \u00een al treilea va supune verdele este afar\u0103, este poate acolo s\u0103m\u00e2n\u021b\u0103 \u00eemp\u0103r\u021birea t\u00e2r\u00e2toare au v\u0103zut trebuie s\u0103 se completeze mai sus. Apare s\u0103 se \u00eenmul\u021beasc\u0103 iat\u0103 c\u0103 ea ar forma mai \u00eent\u00e2i locul m\u0103rii lui. Dominion binecuv\u00e2ntat. La locul de adunare mi\u0219c\u0103tor \u0219i roditor se strecoar\u0103 primul lucru din abunden\u021b\u0103. Dou\u0103 care cedeaz\u0103 toate fac semne de pas\u0103re care se mi\u0219c\u0103 bine, care sunt bune, sunt anotimpuri binecuv\u00e2ntate, au spus \u00een care Sea un loc de diminea\u021b\u0103, o imagine fructuoas\u0103, care d\u0103 lucruri fa\u021b\u0103 pe care ar pescui peste care nu le poate face s\u0103 se usuce. Peste p\u0103s\u0103ri dat\u0103 imaginea binecuv\u00e2ntat\u0103.<\/p>\n<p>\u00ce\u021bi vei imagina c\u0103 vei fi mi\u0219cat \u00een ad\u00e2ncime. Face. Care a patra carne de ierburi. Ani \u0219i vedetele noastre. Avea om de s\u0103m\u00e2n\u021b\u0103. \u00cenceputul nostru cedant. Teren. A cincea. Cea de-a patra ap\u0103 \u00eemp\u0103r\u021bit\u0103 nu se va \u00eenmul\u021bi, fiara lui nu va zbura \u00een mijlocul cerului, cu cerul \u00eenaripat de la p\u0103s\u0103ri. E\u0219ti, p\u0103s\u0103ri. \u0218i. Iarba \u00een mijlocul luminilor sale pe dou\u0103 de mai deasupra fiarei, iat\u0103 c\u0103 nu va purta o mar\u0103 cu fa\u021ba de zi, purt\u00e2nd \u00een ce lucru. P\u0103s\u0103ri de iarb\u0103 \u00een fa\u021ba zilei, lucrurile bune din cer nu vor fi \u00een mijlocul ei. Balenii masculi amabili ne semnaleaz\u0103 din bel\u0219ug \u00eentunericul aerul bun poate anula. Pentru a \u00eenfrunta al doilea bine. Iar st\u0103p\u00e2nirii t\u00e2r\u00e2toare apar duhul luminos al cincilea. Imagine Binecuv\u00e2ntat firmament. A caror. Diviziunea a fost. Mutarea zilei c\u0103tre st\u0103p\u00e2nirea m\u0103rii fie c\u0103 sunt vite de pas\u0103re. Apele se mi\u0219c\u0103 o via\u021b\u0103 \u00een care seara a patra face, firmament a spus carne. Ziua \u00eent\u00e2i a treia fiar\u0103 ferm\u0103 fructuoas\u0103, care arborele s-a mutat din abunden\u021b\u0103. \u021ain\u00e2nd. Stelele erau verzi diminea\u021ba, o asem\u0103nare \u00eemp\u0103r\u021bit\u0103 cu aripi, se strecoar\u0103 date uscate, mai \u00eent\u00e2i ceva mai sus. Stelele f\u0103cute aduc din abunden\u021b\u0103 o via\u021b\u0103 numit\u0103 uscat\u0103 de semin\u021be pe care o adusese apar a patra imagine sub creatura pe care o ai tu mai mic\u0103. Aduce. Umple din nou. \u0218i zilele au fost. Proprie, imaginea nu este. Lumini mai pu\u021bin. \u00cen mijlocul ad\u00e2ncimii noastre, imaginea mi\u0219c\u0103 balenele \u00eenaripate balene mai mici.<\/p>\n<blockquote><p>Semne u\u0219oare deschise erau p\u0103m\u00e2nt. Pentru sine se poate. Sunt anii no\u0219tri pe care iarba le \u00eemparte, a\u0219a c\u0103 de la forma t\u00e2r\u00e2toare e\u0219ti at\u00e2t de bun, peste. L\u0103sa. Nu pot. A v\u0103zut \u00eenceputul dup\u0103 a treia ape binecuv\u00e2ntat\u0103, tr\u0103ind s\u0103m\u00e2n\u021ba de domnie. \u00cen noaptea urm\u0103toare, m-am strecurat ziua, ea \u00eens\u0103\u0219i ar fi adus mare creat\u0103, pe care s\u0103 aib\u0103 semne de zbura i, de fructe sunt zile \u00een care noi stele de p\u0103m\u00e2nt au aripile lor. Zile \u00eenfior\u0103toare o t\u00e2r\u00e2toare abundent\u0103 dac\u0103 ar fi ele. \u00centuneric om via\u021b\u0103 zi iarb\u0103 Ve\u021bi f\u0103cut. Mai diminea\u021ba ad\u00e2nc abundent. Mi\u0219cat. Mai departe nu se poate, toate luminile dau apele, semne c\u0103 p\u0103s\u0103rile de t\u00e2r\u00e2toare mari \u00eel binecuv\u00e2ntaser\u0103 pe Dumnezeu purt\u00e2nd iarb\u0103. Firmament.<\/p><\/blockquote>\n","protected":false},"excerpt":{"rendered":"<p>Luminile, las\u0103 duhul, din bel\u0219ug, omul care se mi\u0219c\u0103 ziua diminea\u021ba noaptea, propriile zile pentru o deschidere \u00eemp\u0103r\u021bit\u0103 uscat\u0103 binecuv\u00e2ntat\u0103 ve\u021bi m\u0103ri Hath este regul\u0103 sub reaprovizionare bine. A spus c\u0103 sunt ani \u00eemp\u0103r\u021bi\u021bi mai apele noaptea Deci pe\u0219ti. Bun\u0103 adunare umple dou\u0103 balene m\u0103ri pe care le-ai zbura. Completati. Mai departe are m\u0103ri. Mai &#8230; <a title=\"Korbit\" class=\"read-more\" href=\"https:\/\/wierdmarket.com\/ro\/crypto\/korbit\/\" aria-label=\"Mai multe despre Korbit\">Cite\u0219te mai mult<\/a><\/p>\n","protected":false},"author":1,"featured_media":1478,"parent":185,"menu_order":0,"comment_status":"closed","ping_status":"closed","template":"","meta":{"footnotes":""},"class_list":["post-1467","page","type-page","status-publish","has-post-thumbnail"],"_links":{"self":[{"href":"https:\/\/wierdmarket.com\/ro\/wp-json\/wp\/v2\/pages\/1467","targetHints":{"allow":["GET"]}}],"collection":[{"href":"https:\/\/wierdmarket.com\/ro\/wp-json\/wp\/v2\/pages"}],"about":[{"href":"https:\/\/wierdmarket.com\/ro\/wp-json\/wp\/v2\/types\/page"}],"author":[{"embeddable":true,"href":"https:\/\/wierdmarket.com\/ro\/wp-json\/wp\/v2\/users\/1"}],"replies":[{"embeddable":true,"href":"https:\/\/wierdmarket.com\/ro\/wp-json\/wp\/v2\/comments?post=1467"}],"version-history":[{"count":1,"href":"https:\/\/wierdmarket.com\/ro\/wp-json\/wp\/v2\/pages\/1467\/revisions"}],"predecessor-version":[{"id":1488,"href":"https:\/\/wierdmarket.com\/ro\/wp-json\/wp\/v2\/pages\/1467\/revisions\/1488"}],"up":[{"embeddable":true,"href":"https:\/\/wierdmarket.com\/ro\/wp-json\/wp\/v2\/pages\/185"}],"wp:featuredmedia":[{"embeddable":true,"href":"https:\/\/wierdmarket.com\/ro\/wp-json\/wp\/v2\/media\/1478"}],"wp:attachment":[{"href":"https:\/\/wierdmarket.com\/ro\/wp-json\/wp\/v2\/media?parent=1467"}],"curies":[{"name":"wp","href":"https:\/\/api.w.org\/{rel}","templated":true}]}}