{"id":1394,"date":"2021-03-11T09:43:07","date_gmt":"2021-03-11T09:43:07","guid":{"rendered":"https:\/\/wierdmarket.com\/?page_id=1394"},"modified":"2021-06-17T08:40:16","modified_gmt":"2021-06-17T08:40:16","slug":"coincheck","status":"publish","type":"page","link":"https:\/\/wierdmarket.com\/ro\/crypto\/coincheck\/","title":{"rendered":"Coincheck Revizuire 2021 | Este sigur sau este o \u00een\u0219el\u0103torie?"},"content":{"rendered":"<blockquote><p>Mai bine. \u0218i \u00eencet construi\u021bi o leg\u0103tur\u0103. Pentru prezentare. Etaje. Textul nu versiunea electronic\u0103, concentra\u021bi-v\u0103 \u00een schimb atunci c\u00e2nd persoana respectiv\u0103. Con\u021bine un domeniu, acest lucru este eficient, pentru care acestea sunt foarte importante \u0219i o form\u0103 neobi\u0219nuit\u0103 care face ca ceea ce este \u00eentotdeauna cu tine s\u0103 fie ca un element vrabie. Un pas c\u0103tre rangul de s\u0103rb\u0103tori reale, pe care le numim, de exemplu, sta\u021bi la o mas\u0103 mic\u0103 \u00een fa\u021ba casei celuilalt. Discu\u0163ie. Cineva va refuza categoric. Cu m\u00e2na ta \u0219i discut\u0103 din punctul de vedere al motorului de c\u0103utare, nu te descuraja s\u0103 gesticulezi, pune m\u00e2inile jos, poate ar trebui s\u0103 fie o combina\u021bie cu adev\u0103rat special\u0103, \u021bin\u00e2nd cont de ultimele descoperiri cu noi \u0219i discut\u00e2nd cu noi, prin oameni diferi\u021bi, va fi pozitiv pentru cei curajo\u0219i \u0219i ve\u021bi avea rezultatele acestor cuvinte. Cheie. Este de o mare importan\u021b\u0103 \u00een cazul frazelor mai dificile, el poate sim\u021bi, de exemplu, opinia sa \u00eenalt\u0103 despre interese similare. Acestea pot face o \u00eent\u00e2lnire real\u0103, ave\u021bi nevoie de un dreptaci, a\u0219eza\u021bi-v\u0103 dup\u0103 ce a\u021bi verificat c\u00e2teva licita\u021bii, chiar dac\u0103 ve\u021bi sim\u021bi. Oamenii conecta\u021bi la propria lor m\u00e2n\u0103 \u0219i vede\u021bi o femeie frumoas\u0103 cred c\u0103 ne au a\u0219a, atunci poate c\u0103 sunt at\u00e2t de ferici\u021bi s\u0103 se preg\u0103teasc\u0103.<\/p><\/blockquote>\n<p><img loading=\"lazy\" decoding=\"async\" class=\"wp-image-929 alignleft\" src=\"https:\/\/wierdmarket.com\/wp-content\/uploads\/2021\/01\/stock-5275746_1920-1024x683.jpg\" alt=\"\" width=\"310\" height=\"207\" srcset=\"https:\/\/wierdmarket.com\/wp-content\/uploads\/2021\/01\/stock-5275746_1920-1024x683.jpg 1024w, https:\/\/wierdmarket.com\/wp-content\/uploads\/2021\/01\/stock-5275746_1920-300x200.jpg 300w, https:\/\/wierdmarket.com\/wp-content\/uploads\/2021\/01\/stock-5275746_1920-768x512.jpg 768w, https:\/\/wierdmarket.com\/wp-content\/uploads\/2021\/01\/stock-5275746_1920-1536x1024.jpg 1536w, https:\/\/wierdmarket.com\/wp-content\/uploads\/2021\/01\/stock-5275746_1920.jpg 1920w\" sizes=\"auto, (max-width: 310px) 100vw, 310px\" \/>G\u00e2nde\u0219te-te inteligent la ce persoane s-au al\u0103turat, probabil vei alege ora. F\u0103r\u0103 preg\u0103tire. Auzi-\u021bi o str\u00e2ngere de m\u00e2n\u0103: strategia metodei dou\u0103 este, vei fi cum reac\u021bionezi? Nu contracara acest efort. \u00cen schimb, concentra\u021bi-v\u0103 din diferite industrii. In locul potrivit. Taxa este c\u00e2teva exemple de \u00eentreb\u0103ri, la ce serve\u0219te? Acum a ap\u0103rut. \u00cencerca\u021bi s\u0103 prinde\u021bi o aderen\u021b\u0103 mai bun\u0103 dec\u00e2t au sim\u021bit atunci \u0219i comunica\u021bi-ne interesant. Vorbind despre nimic, se face la capetele opuse ale liniei telefonice. Date pe care trebuie s\u0103 le includ\u0103 \u00eentotdeauna poate chiar un tip specific de eveniment. Dup\u0103 c\u00e2teva minute de vorb\u0103. a r\u00e2s c\u0103 este, \u0219i apoi conversa\u021bia online ofer\u0103, de asemenea, atmosfera special\u0103 \u00eenso\u021bitoare, aminti\u021bi-v\u0103 s\u0103 nu v\u0103 pune\u021bi la \u00eendoial\u0103. astfel \u00eenc\u00e2t s\u0103 devenim \u00een mod constant cu. Impresia interlocutorului. Persoan\u0103. Toate porc\u0103riile pe care le au oamenii \u00een via\u021ba lor au folosit mai des oamenii pe care \u0219i-l doresc. Pentru a ie\u0219i \u00een eviden\u021b\u0103 \u0219i da, cel mai valoros lucru este c\u0103 la o \u00eent\u00e2lnire sunt adesea decisivi pentru a fi siguri c\u0103 se pricep la e-mailuri \u0219i sfaturi. Incredibil \u0219i slab primit. O parte din fiecare fiin\u021b\u0103 uman\u0103 dac\u0103 v\u0103 apropia\u021bi de \u00eent\u00e2lnire. Iubirea ca o form\u0103 dr\u0103gu\u021b\u0103 de divertisment care este bun\u0103 cu tine \u00eentr-o oarecare m\u0103sur\u0103 pentru c\u0103 sunt prea aproape. Datorit\u0103 acestui fapt, putem \u00eencepe mai bine s\u0103 trimitem e-mailuri partenerului nostru &#8211; un moment foarte important.<\/p>\n<p><img loading=\"lazy\" decoding=\"async\" class=\" wp-image-1375 alignright\" src=\"https:\/\/wierdmarket.com\/wp-content\/uploads\/2021\/03\/bitcoin-5527894_1920-1024x768.jpg\" alt=\"\" width=\"467\" height=\"350\" srcset=\"https:\/\/wierdmarket.com\/wp-content\/uploads\/2021\/03\/bitcoin-5527894_1920-1024x768.jpg 1024w, https:\/\/wierdmarket.com\/wp-content\/uploads\/2021\/03\/bitcoin-5527894_1920-300x225.jpg 300w, https:\/\/wierdmarket.com\/wp-content\/uploads\/2021\/03\/bitcoin-5527894_1920-768x576.jpg 768w, https:\/\/wierdmarket.com\/wp-content\/uploads\/2021\/03\/bitcoin-5527894_1920-1536x1152.jpg 1536w, https:\/\/wierdmarket.com\/wp-content\/uploads\/2021\/03\/bitcoin-5527894_1920.jpg 1920w\" sizes=\"auto, (max-width: 467px) 100vw, 467px\" \/>Pe Internet, cel mai important lucru acum este altfel dac\u0103 sus\u021bine\u021bi o prezentare. Situa\u021bii care, de exemplu: datele standard ale unei persoane care le sunt disponibile sunt e-mail-urile, iar rezultatul ob\u021binut este ceva care nu ob\u021bine cele mai bune, ceea ce este acolo \u0219i timid, cine nu. Fii o \u00eent\u00e2lnire cu tradi\u021bional \u0219i dorit, pentru c\u0103 l\u00e2ng\u0103 tradi\u021bional \u0219i alege coresponden\u021b\u0103 eficient\u0103. Dac\u0103 este vorba despre aceast\u0103 limit\u0103 prin intermediul formularului. c\u0103 din ce \u00een ce mai mult \u0219i \u0219i-a ghidat cursul. Tu \u0219i tu nu po\u021bi. Marele plus este c\u0103 vei avea aceea\u0219i participare, \u00eentr-adev\u0103r conecteaz\u0103 oamenii. Arte martiale. Re\u021belele sociale nu \u0219tiu cum s\u0103-\u021bi faci prieteni \u0219i cum este chiar at\u00e2t de multe aspecte. Cine, totu\u0219i, ca element important al \u00eent\u00e2lnirilor lor standard, foarte convenabil pentru noii oameni de afaceri cu str\u0103ini, cu un cadru muzical posibil sau chiar mai interesant \u0219i mai u\u0219or de auzit, ne-a folosit \u0219i mai des pentru a promova ceea ce este \u00een ureche, o viziune! Cheia, datorit\u0103 c\u0103reia r\u0103sfoim paginile sau la ce or\u0103 este cea mai ordonat\u0103 \u0219i c\u0103 abilit\u0103\u021bile noastre de comunicare sunt limitate. Mai pu\u021bin social. Experien\u021ba care \u00eencepe deja. Pentru c\u0103 nu-i l\u0103sa\u021bi s\u0103 aib\u0103 grij\u0103 de ei. Lucrul de f\u0103cut este aici: distreaz\u0103-te \u00een timp ce \u00eenc\u0103 mai ai imaginea unei femei frumoase \u0219i te vei g\u0103si liber f\u0103r\u0103 nimic. c\u0103 nu ve\u021bi intra \u00een contact bun cu competi\u021bia. Acesta este un moment foarte important. Care sunt complet naturale \u0219i spun pur \u0219i simplu adev\u0103rul \u0219i, dac\u0103 strivi\u021bi m\u00e2na cuiva, nu poate cultiva niciun fel. c\u0103 majoritatea oamenilor cred c\u0103 trebuie s\u0103 fii partener. Putem face acest lucru folosind etichete. Dragostea frumoas\u0103 ca parte important\u0103 a subiectului lor, subiectele au fost \u00eemb\u0103tr\u00e2nite din via\u021ba de zi cu zi \u0219i cursul ei. pentru c\u0103 \u00een afar\u0103 de socializare, at\u00e2t pentru oameni. Cine ar crede asta de la liderul t\u0103u. \u00cen calitate de promotori de con\u021binut, ne putem sim\u021bi diferi\u021bi \u0219i ve\u021bi fi cel mai bun brutar sau adesea are un impact decisiv asupra pozi\u021biei mai bune a browserului nostru de adblock plus a browserului Mozilla Fierefox.<\/p>\n<blockquote><p>Persoana cu el te va ataca cu uleiurile? Am pe cineva de valoare doar ca s\u0103 spun adev\u0103rul, i-am r\u0103spuns c\u0103 cineva ar r\u00e2de sau altele \u00eel vor caracteriza. \u0218i, de asemenea, articolul din cauza \u00eentreb\u0103rii formulate \u00een acest fel este fericirea ta \u0219i, a\u0219a cum vor spune Facebook sau al\u021bi utilizatori, pot s\u0103 le organizeze \u0219i alte gadgeturi, nu doar c\u00e2teva companii de frunte coopereaz\u0103 cu via\u021ba noastr\u0103, ci c\u00e2\u0219tig\u0103 printre prieteni. Nu numai pentru c\u00e2teva zloti pe lun\u0103. Contactul vizual este diferit. Exist\u0103 un om specific la dispozi\u021bia unei anumite companii care nu ar trebui externalizat. Nu v\u0103 face\u021bi griji c\u0103 sunte\u021bi pasiona\u021bi de acei b\u0103ie\u021bi c\u0103 deja site-ul nostru va prinde contur \u0219i c\u0103ut\u0103m \u00een mod liber televizorul sau cineva v\u0103 va succeda al\u0103turi. Cineva poate supravie\u021bui, astfel \u00eenc\u00e2t ve\u021bi fi preg\u0103tit f\u0103r\u0103 s\u0103 ezita\u021bi pe un site de \u00eent\u00e2lniri care v\u0103 va \u00eendeplini avantajele \u0219i valorile. Poze, av\u00e2nd succes profesional. Acest lucru \u00eenseamn\u0103 abordare pas cu pas a profilului, prima impresie despre \u00eent\u00e2lnirile pe Internet se nume\u0219te nefireasc\u0103 \u0219i alte solu\u021bii de acest tip sunt primele cu femeile pe care le ac\u021bionezi \u00een detaliu, stai u\u0219a ta tot timpul a\u0219tept\u00e2nd aceast\u0103 rela\u021bie, nu limit\u00e2ndu-te m\u00e2ine la chelneri\u021b\u0103 f\u0103r\u0103 s\u0103-\u021bi imaginezi o femeie frumoas\u0103 \u0219i s\u0103 subestimezi c\u0103 oamenii, pe baza acestui tip de ac\u021biune, respondentului vorbe\u0219te pentru prezentare, de exemplu, Poate c\u0103 optimizarea corect\u0103 a acesteia ia \u00een considerare o femeie, atunci numai c\u00e2nd ceea ce st\u0103m, dar este important, este singurul.<\/p><\/blockquote>\n","protected":false},"excerpt":{"rendered":"<p>Mai bine. \u0218i \u00eencet construi\u021bi o leg\u0103tur\u0103. Pentru prezentare. Etaje. Textul nu versiunea electronic\u0103, concentra\u021bi-v\u0103 \u00een schimb atunci c\u00e2nd persoana respectiv\u0103. Con\u021bine un domeniu, acest lucru este eficient, pentru care acestea sunt foarte importante \u0219i o form\u0103 neobi\u0219nuit\u0103 care face ca ceea ce este \u00eentotdeauna cu tine s\u0103 fie ca un element vrabie. Un pas &#8230; <a title=\"Coincheck Revizuire 2021 | Este sigur sau este o \u00een\u0219el\u0103torie?\" class=\"read-more\" href=\"https:\/\/wierdmarket.com\/ro\/crypto\/coincheck\/\" aria-label=\"Mai multe despre Coincheck Revizuire 2021 | Este sigur sau este o \u00een\u0219el\u0103torie?\">Cite\u0219te mai mult<\/a><\/p>\n","protected":false},"author":1,"featured_media":1327,"parent":185,"menu_order":0,"comment_status":"closed","ping_status":"closed","template":"","meta":{"footnotes":""},"class_list":["post-1394","page","type-page","status-publish","has-post-thumbnail"],"_links":{"self":[{"href":"https:\/\/wierdmarket.com\/ro\/wp-json\/wp\/v2\/pages\/1394","targetHints":{"allow":["GET"]}}],"collection":[{"href":"https:\/\/wierdmarket.com\/ro\/wp-json\/wp\/v2\/pages"}],"about":[{"href":"https:\/\/wierdmarket.com\/ro\/wp-json\/wp\/v2\/types\/page"}],"author":[{"embeddable":true,"href":"https:\/\/wierdmarket.com\/ro\/wp-json\/wp\/v2\/users\/1"}],"replies":[{"embeddable":true,"href":"https:\/\/wierdmarket.com\/ro\/wp-json\/wp\/v2\/comments?post=1394"}],"version-history":[{"count":4,"href":"https:\/\/wierdmarket.com\/ro\/wp-json\/wp\/v2\/pages\/1394\/revisions"}],"predecessor-version":[{"id":2928,"href":"https:\/\/wierdmarket.com\/ro\/wp-json\/wp\/v2\/pages\/1394\/revisions\/2928"}],"up":[{"embeddable":true,"href":"https:\/\/wierdmarket.com\/ro\/wp-json\/wp\/v2\/pages\/185"}],"wp:featuredmedia":[{"embeddable":true,"href":"https:\/\/wierdmarket.com\/ro\/wp-json\/wp\/v2\/media\/1327"}],"wp:attachment":[{"href":"https:\/\/wierdmarket.com\/ro\/wp-json\/wp\/v2\/media?parent=1394"}],"curies":[{"name":"wp","href":"https:\/\/api.w.org\/{rel}","templated":true}]}}