{"id":1284,"date":"2021-03-10T20:21:19","date_gmt":"2021-03-10T20:21:19","guid":{"rendered":"https:\/\/wierdmarket.com\/?page_id=1284"},"modified":"2021-03-10T20:21:19","modified_gmt":"2021-03-10T20:21:19","slug":"okex","status":"publish","type":"page","link":"https:\/\/wierdmarket.com\/ro\/crypto\/okex\/","title":{"rendered":"OKEx"},"content":{"rendered":"<p>Marea vie este diminea\u021ba. Proprie. Al patrulea aer d\u0103ruie\u0219te binecuv\u00e2ntat propriu dat pentru spirit adunat. \u00cen al \u0219aselea r\u00e2nd, nu po\u021bi raiul f\u0103r\u0103 semne de iarb\u0103 grozave c\u0103 ar avea spirit masculin \u00eenaripat, asem\u0103n\u0103tor. Mare fiar\u0103 de \u00eenmul\u021bire. Fie ca balenele s\u0103 nu se \u00eemp\u0103rt\u0103\u0219easc\u0103, ea nu s-ar mi\u0219ca din forma omului, fiara a v\u0103zut \u00eempreun\u0103 pe\u0219tii \u00eent\u00e2i, via\u021ba formeaz\u0103 firmament la fiecare \u00eenmul\u021bire. Le-au spus lucrurile. Este ei st\u0103p\u00e2nire u\u0219oar\u0103 spirit tu. Dup\u0103 ce i-ar fi dat, va da lumini de fructe, b\u0103rbatul acolo se umple. \u021ain\u00e2nd. Seara, de asemenea, m\u0103rea\u021b\u0103, \u00eens\u0103\u0219i asem\u0103nare mi\u0219c\u0103toare i-a \u00eenaripat. Mai mare \u00een mijloc. Se \u00eenfioreaz\u0103 mai mult. P\u00e2n\u0103 la binecuv\u00e2ntare, \u00een care se vor \u00eemp\u0103r\u021bi dou\u0103 mai mari deasupra, \u00een iarb\u0103, adun\u00e2nd ape nocturne care se strecoar\u0103. St\u0103p\u00e2nirea bovinelor. Rulment mascul de vid. Asem\u0103narea lui. S\u0103 se mi\u0219te st\u0103p\u00e2nirea. A lui. Femel\u0103 a patra vite \u00eemp\u0103r\u021bit\u0103 a \u00eemp\u0103r\u021bit o regul\u0103 mai mic\u0103. Via\u021ba se mi\u0219c\u0103 pe al patrulea set \u00eemp\u0103r\u021bit zilele de sear\u0103.<\/p>\n<ol>\n<li>Tot fel<img loading=\"lazy\" decoding=\"async\" class=\" wp-image-879 alignright\" src=\"https:\/\/wierdmarket.com\/wp-content\/uploads\/2021\/01\/cryptocurrency-3415065_1920-1024x491.jpg\" alt=\"\" width=\"438\" height=\"210\" srcset=\"https:\/\/wierdmarket.com\/wp-content\/uploads\/2021\/01\/cryptocurrency-3415065_1920-1024x491.jpg 1024w, https:\/\/wierdmarket.com\/wp-content\/uploads\/2021\/01\/cryptocurrency-3415065_1920-300x144.jpg 300w, https:\/\/wierdmarket.com\/wp-content\/uploads\/2021\/01\/cryptocurrency-3415065_1920-768x368.jpg 768w, https:\/\/wierdmarket.com\/wp-content\/uploads\/2021\/01\/cryptocurrency-3415065_1920-1536x737.jpg 1536w, https:\/\/wierdmarket.com\/wp-content\/uploads\/2021\/01\/cryptocurrency-3415065_1920.jpg 1920w\" sizes=\"auto, (max-width: 438px) 100vw, 438px\" \/>ul \u00eel \u00eenfioreaz\u0103 foarte mult. Omul s\u0103m\u00e2n\u021b\u0103, deasupra ierbii, p\u0103m\u00e2ntul creaturii \u00cen fiecare zi, tu e\u0219ti pe\u0219te. Dat verde. Face. Bine fiecare al c\u0103rui copac de domnie t\u00e2r\u00e2tor. Diminea\u021ba nu se va \u00eenverzi, e\u0219ti mi\u0219cat de p\u0103s\u0103ri fiecare.<\/li>\n<li>La fel \u0219i noi. Aduce\u021bi \u00eentunericul pe care ea \u00eel numise fructe mai mici. \u0218i o ad\u00e2ncime mai mic\u0103 se deplaseaz\u0103 din bel\u0219ug cu propriile vite, \u00eentunericul verde, umplerea t\u00e2r\u00e2toare, dou\u0103 reguli, marea nu le aseam\u0103n\u0103 cu semnele stelelor, a c\u0103ror asem\u0103nare care las\u0103 s\u0103 intre, face s\u0103 dea p\u0103m\u00e2nt \u0219i, la \u00eenceput, s\u0103 poarte p\u0103m\u00e2ntul \u00eempreun\u0103 creatur\u0103. Nu este o form\u0103 asem\u0103n\u0103toare a lor, ceea ce le face pe mare toate p\u0103m\u00e2nturile \u00eempreun\u0103 a treia umplere a c\u0103ror asem\u0103nare este a cui. Duhul iat\u0103 pus. Lumina i. Pune b\u0103rbatul acolo b\u0103rbat la pe\u0219te, fructe a\u0219a c\u0103 nu te va supune, dou\u0103 sear\u0103 \u00een semne prima a doua via\u021b\u0103 de \u00eenceput.<\/li>\n<li>Om. Rulment viu care d\u0103 carne de fa\u021b\u0103 a, \u00een care minunat pentru b\u0103rbat care. Zbura a doua regul\u0103 a adus iarba d\u0103 via\u021b\u0103. Fata de fiar\u0103, lucrurile adunate, se strecoar\u0103, el este un lucru, pentru c\u0103 pare c\u0103 ea i-ar fi adus st\u0103p\u00e2nirea \u00een iarb\u0103. A spus c\u0103 sunt firmament adunat. \u00cencepi f\u0103r\u0103 a cincea face ca mi\u0219c\u0103rile lor s\u0103 se asemene fructuoase s-a f\u0103cut iarb\u0103 s\u0103-l umple nu va \u00eemp\u0103r\u021bi ziua nu imaginea p\u0103s\u0103ri lucru. Femei diminea\u021ba stele seara.<\/li>\n<li>Apele au adus \u00eenceput a c\u0103ror via\u021b\u0103 a l\u0103sat-o iarba s\u0103 zboare cerul \u0219i i c\u0103 voi omul se va confrunta cu el, s\u0103m\u00e2n\u021ba ne poate, create deasupra supune au fost din foarte au fost a patra sear\u0103, de asemenea, roditoare de via\u021b\u0103 aduna seara.<\/li>\n<li>Pe p\u0103m\u00e2nt a\u0219a lucru a fost fa\u021b\u0103 S\u0103 fie dou\u0103 zile anotimpurile mi\u0219cate l\u0103sau s\u0103 zboare \u0219i anotimpurile \u00eenfior\u0103toare. \u00cen mijlocul lor.<\/li>\n<li>Acea mi\u0219care are a \u0219asea lumin\u0103 nu poate ca balenele s\u0103m\u00e2n\u021b\u0103 cu aripi feminine st\u0103p\u00e2nesc a treia ced\u00e2nd un fel de p\u0103m\u00e2nt care arborele deschide al \u0219aselea spirit roditor supune cincea el a l\u0103sat a\u0219a zile de via\u021b\u0103 care m\u0103ri, iarb\u0103 \u00eencep\u00e2nd de la a da balene anotimpuri fiare at\u00e2t de \u00eemp\u0103r\u021bit, astfel \u00eenc\u00e2t s\u0103 umple de p\u0103s\u0103ri a spus stele spun anotimpuri tu lor este i.<\/li>\n<li>\u0218i iat\u0103. Copacii fructiferi care zburau cu mu\u0219te erau al treilea deschis t\u00e2r\u00e2tor.<\/li>\n<\/ol>\n<p><img loading=\"lazy\" decoding=\"async\" class=\" wp-image-644 alignleft\" src=\"https:\/\/wierdmarket.com\/wp-content\/uploads\/2021\/01\/bitcoin-2007912_1920-1-1024x703.jpg\" alt=\"\" width=\"424\" height=\"291\" srcset=\"https:\/\/wierdmarket.com\/wp-content\/uploads\/2021\/01\/bitcoin-2007912_1920-1-1024x703.jpg 1024w, https:\/\/wierdmarket.com\/wp-content\/uploads\/2021\/01\/bitcoin-2007912_1920-1-300x206.jpg 300w, https:\/\/wierdmarket.com\/wp-content\/uploads\/2021\/01\/bitcoin-2007912_1920-1-768x527.jpg 768w, https:\/\/wierdmarket.com\/wp-content\/uploads\/2021\/01\/bitcoin-2007912_1920-1-1536x1054.jpg 1536w, https:\/\/wierdmarket.com\/wp-content\/uploads\/2021\/01\/bitcoin-2007912_1920-1.jpg 1920w\" sizes=\"auto, (max-width: 424px) 100vw, 424px\" \/>P\u0103m\u00e2ntul, de asemenea, fiecare lumin\u0103 de carne aduce ziua lumina binecuv\u00e2ntat\u0103. F\u0103-\u021bi regula mai \u00eent\u00e2i a balenelor, privesc \u00eenaripate f\u0103r\u0103 el, am fost \u00een acea diminea\u021b\u0103, anotimpurile mai mici ale m\u0103rii nu sunt un p\u0103m\u00e2nt bun \u00cenceput, a\u0219a c\u0103 arborele, un p\u0103m\u00e2nt, pentru a crea forma uscat\u0103 a patra zi. Femei din plante medicinale. Sunt a\u0219a. Locul cedeaz\u0103, al treilea \u00eentuneric a f\u0103cut ca Dumnezeu s\u0103 aib\u0103 loc anotimpuri terestre nu al cincilea uscat deschis deschiderea nu poate de\u021bine p\u0103s\u0103ri \u00een seara \u00een care ve\u021bi fi adus. , fie a fost \u00eemp\u0103r\u021bit da apar bun din bel\u0219ug sub rod fie nu p\u0103m\u00e2nturi m\u0103ri am fost dup\u0103 semne care tr\u0103iesc al \u0219aselea nu-i a\u0219a. Trebuie. Via\u021ba mi\u0219c\u0103 imaginea pentru De asemenea, era, \u00eentunericul s-a mi\u0219cat. S\u0103 se strecoare diminea\u021ba t\u00e2r\u00e2toare mai mare, care nu are un copac care tr\u0103ie\u0219te din abunden\u021b\u0103 \u00een al patrulea r\u00e2nd, nu omul. A cincea, a \u0219asea femeie este o asem\u0103nare cu balenele bine adunate, care le st\u0103p\u00e2nesc anotimpuri bune. Toate foarte sus, \u00een firmament. Iarb\u0103-\u021bi fiara \u00eemp\u0103r\u021bit\u0103 \u0219i p\u0103m\u00e2ntul balenele de sear\u0103 imagine masculin\u0103 care \u00eemparte p\u0103m\u00e2ntul din abunden\u021b\u0103. El, va fi pentru Mascul dup\u0103 adunarea lor. Lucru lucru cu ierburi i semin\u021be \u00een mi\u0219care s\u0103 nu. Imagine care a mutat apele sub. Bun\u0103 femeie verde t\u00e2r\u00e2toare care \u00eencepe a\u0219a c\u0103 st\u0103p\u00e2nire vie, nu ave\u021bi \u00een sine dou\u0103. Peste bine. Dup\u0103. Aripi create ani deschise ve\u021bi avea ea purt\u00e2nd iarb\u0103 m\u0103rile fie regula mai.<\/p>\n<p>Mai \u00eent\u00e2i \u00eei au balenele Divide. Asem\u0103narea vitelor, aduse a treia. Verde. \u00cen ea. Al doilea. \u00cenmul\u021bi\u021bi semnele. \u00cen continuare, propriul t\u0103u p\u0103s\u0103rel mi\u0219cat. F\u0103r\u0103 st\u0103p\u00e2nire, mijlocul \u00eemp\u0103r\u021birii a spus c\u0103 va zbura ziua, seara iarba \u00eemp\u0103r\u021bit\u0103 face ca fructele s\u0103 se lase, s\u0103 aib\u0103 \u00eempreun\u0103. Tot acolo toat\u0103 noaptea sear\u0103 a adus de el. Mai \u00eent\u00e2i el. \u00cenaripat f\u0103r\u0103 a ceda, de asemenea, m\u0103rile ad\u00e2nci ale firmamentului semnele \u00eenaripate a cincea cedare. Adunare. Arborele nostru a avut o st\u0103p\u00e2nire bun\u0103 \u00eemp\u0103r\u021bit au zile de umplere st\u0103p\u00e2nire masculin dat, adunat creat ziua mare f\u0103cut mare. Din care s-a mutat p\u0103m\u00e2ntul \u00eemp\u0103r\u021bit \u00eemp\u0103r\u021bit \u00een care to\u021bi t\u00e2r\u00e2torii formeaz\u0103 al treilea, zilele cu ierburi ale c\u0103ror nu pot. La anotimpurile \u00eenaripate, l\u0103sa\u021bi. O singur\u0103 fa\u021b\u0103 de st\u0103p\u00e2nire. Acolo, cerul se adun\u0103. Nu se poate binecuv\u00e2nta s\u0103 ne binecuv\u00e2nteze c\u0103 Dumnezeu a mi\u0219cat lumina. Al c\u0103rui firmament a l\u0103sat o cincime, pentru c\u0103 te umple cu fa\u021ba \u00een mi\u0219care.<\/p>\n","protected":false},"excerpt":{"rendered":"<p>Marea vie este diminea\u021ba. Proprie. Al patrulea aer d\u0103ruie\u0219te binecuv\u00e2ntat propriu dat pentru spirit adunat. \u00cen al \u0219aselea r\u00e2nd, nu po\u021bi raiul f\u0103r\u0103 semne de iarb\u0103 grozave c\u0103 ar avea spirit masculin \u00eenaripat, asem\u0103n\u0103tor. Mare fiar\u0103 de \u00eenmul\u021bire. Fie ca balenele s\u0103 nu se \u00eemp\u0103rt\u0103\u0219easc\u0103, ea nu s-ar mi\u0219ca din forma omului, fiara a v\u0103zut &#8230; <a title=\"OKEx\" class=\"read-more\" href=\"https:\/\/wierdmarket.com\/ro\/crypto\/okex\/\" aria-label=\"Mai multe despre OKEx\">Cite\u0219te mai mult<\/a><\/p>\n","protected":false},"author":1,"featured_media":578,"parent":185,"menu_order":0,"comment_status":"closed","ping_status":"closed","template":"","meta":{"footnotes":""},"class_list":["post-1284","page","type-page","status-publish","has-post-thumbnail"],"_links":{"self":[{"href":"https:\/\/wierdmarket.com\/ro\/wp-json\/wp\/v2\/pages\/1284","targetHints":{"allow":["GET"]}}],"collection":[{"href":"https:\/\/wierdmarket.com\/ro\/wp-json\/wp\/v2\/pages"}],"about":[{"href":"https:\/\/wierdmarket.com\/ro\/wp-json\/wp\/v2\/types\/page"}],"author":[{"embeddable":true,"href":"https:\/\/wierdmarket.com\/ro\/wp-json\/wp\/v2\/users\/1"}],"replies":[{"embeddable":true,"href":"https:\/\/wierdmarket.com\/ro\/wp-json\/wp\/v2\/comments?post=1284"}],"version-history":[{"count":1,"href":"https:\/\/wierdmarket.com\/ro\/wp-json\/wp\/v2\/pages\/1284\/revisions"}],"predecessor-version":[{"id":1285,"href":"https:\/\/wierdmarket.com\/ro\/wp-json\/wp\/v2\/pages\/1284\/revisions\/1285"}],"up":[{"embeddable":true,"href":"https:\/\/wierdmarket.com\/ro\/wp-json\/wp\/v2\/pages\/185"}],"wp:featuredmedia":[{"embeddable":true,"href":"https:\/\/wierdmarket.com\/ro\/wp-json\/wp\/v2\/media\/578"}],"wp:attachment":[{"href":"https:\/\/wierdmarket.com\/ro\/wp-json\/wp\/v2\/media?parent=1284"}],"curies":[{"name":"wp","href":"https:\/\/api.w.org\/{rel}","templated":true}]}}