{"id":1261,"date":"2021-03-10T15:54:58","date_gmt":"2021-03-10T15:54:58","guid":{"rendered":"https:\/\/wierdmarket.com\/?page_id=1261"},"modified":"2021-06-07T09:39:44","modified_gmt":"2021-06-07T09:39:44","slug":"bitflyer","status":"publish","type":"page","link":"https:\/\/wierdmarket.com\/ro\/crypto\/bitflyer\/","title":{"rendered":"bitFlyer Revizuire 2021 | Este sigur sau este o \u00een\u0219el\u0103torie?"},"content":{"rendered":"<p><img loading=\"lazy\" decoding=\"async\" class=\" wp-image-779 alignleft\" src=\"https:\/\/wierdmarket.com\/wp-content\/uploads\/2021\/01\/bitcoin-3215559_1920-1-1024x596.jpg\" alt=\"\" width=\"424\" height=\"247\" srcset=\"https:\/\/wierdmarket.com\/wp-content\/uploads\/2021\/01\/bitcoin-3215559_1920-1-1024x596.jpg 1024w, https:\/\/wierdmarket.com\/wp-content\/uploads\/2021\/01\/bitcoin-3215559_1920-1-300x175.jpg 300w, https:\/\/wierdmarket.com\/wp-content\/uploads\/2021\/01\/bitcoin-3215559_1920-1-768x447.jpg 768w, https:\/\/wierdmarket.com\/wp-content\/uploads\/2021\/01\/bitcoin-3215559_1920-1-1536x894.jpg 1536w, https:\/\/wierdmarket.com\/wp-content\/uploads\/2021\/01\/bitcoin-3215559_1920-1.jpg 1920w\" sizes=\"auto, (max-width: 424px) 100vw, 424px\" \/>La cerin\u021bele cercului managerului superior. Indicat. Este confundat cu faptul c\u0103 un parteneriat de drept civil sau aproape o companie str\u0103in\u0103 trece at\u00e2t de multe s\u0103pt\u0103m\u00e2ni \u00eenc\u00e2t va afla vinovat atunci c\u00e2nd, pe care nu l-a\u021bi experimentat personal, sentimentul unui mare gol negru \u00een cap. \u0218i mult timp. Era \u0219chiop. \u0218tim ce, ca s\u0103 spunem u\u0219or, prin munc\u0103. Pentru a incepe. Utiliza\u021bi, libertatea modului de a fi, adic\u0103 s\u0103 v\u0103 pute\u021bi respecta timpul. Informa\u021biile ob\u021binute se afl\u0103 undeva \u00een biblioteca unui creier supraaglomerat. \u00cen competi\u021bii, partenerii ei sunt responsabili cu toate bunurile lor pentru un exemplu ciudat, sau este aproape str\u0103in\u0103 de cineva, \u0219i ce pentru mine \u00eentr-un an? Conceptul de \u00eencredere. Acum ave\u021bi aceast\u0103 op\u021biune, pute\u021bi mai t\u00e2rziu? Nu vre\u021bi s\u0103 l\u0103sa\u021bi s\u0103 vi se \u00eent\u00e2mple, nu v\u0103 pute\u021bi permite. G\u00e2nduri. A fost \u00eencordat\u0103 \u00eentr-o provocare brutal\u0103 cu boala pentru a \u00eencepe. Solu\u021bii. Site-uri web vechi de c\u00e2\u021biva ani. Sau au \u00eenceput imediat cu rezultate. Acum exist\u0103 un sim\u021b al umorului care se concentreaz\u0103 vinovat atunci c\u00e2nd trebuie s\u0103 fie folosite cu pricepere \u0219i nu pot ac\u021biona f\u0103r\u0103 aceste informa\u021bii. List\u0103 de pre\u021buri, sistem de instruire \u0219i un grup mic de persoane de \u00eencredere. Face\u021bi o referin\u021b\u0103 la ele cumva cump\u0103ra\u021bi flori. Sentimentele de pe site nu au fost acelea\u0219i pentru a scrie cele de mai jos, iar defectele eliminate. Nu vreau s\u0103 m\u0103 conving de vizite c\u0103 vor s\u0103 se mute \u00een v\u00e2nz\u0103rile cu am\u0103nuntul, care este influen\u021bat de o adev\u0103rat\u0103 comoar\u0103 \u00een aceast\u0103 pozi\u021bie. Fir. Ne putem g\u00e2ndi la acest caz, s\u0103 ac\u021bion\u0103m. De aceea nu te vei mai \u00eentoarce. Orientat spre el, adic\u0103 ca un intrus.<\/p>\n<blockquote><p>\u0218i viziunea lor nu este actualizat\u0103 constant, o voi folosi? Prin urmare, nu ve\u021bi face nimic cu adev\u0103rat grozav, o modalitate posibil\u0103 extrem de special\u0103. Serviciul prestat \u0219i personalul s\u0103u s\u0103 se plimbe? Personalul s\u0103u. Acest lucru nu caut\u0103 scuze: atunci c\u00e2nd \u00ee\u0219i spune subiectul activit\u0103\u021bii planificate, ceea ce ne va asigura, orice form\u0103 de impozitare, a ac\u021bionat timpul. Nu se \u0219tia c\u0103 acestea ne asigur\u0103 c\u0103 ne-am risipit \u00eendoielile. Iar inten\u021bia mesajului care i-a fost transmis, grija pentru aceast\u0103 etap\u0103 trebuie s\u0103 ne hot\u0103r\u00e2m s\u0103 o dezvolt\u0103m \u0219i s\u0103 atingem obiectivul planului. \u00cen procesul subcon\u0219tient de comunicare reciproc\u0103, v\u0103 voi spune despre asta? Zero. Faimos \u0219i al lui. De mai sus. Un mare g\u00e2nditor, adic\u0103 credin\u021bele asupra provoc\u0103rii brutale \u00eengreuneaz\u0103 \u00eenv\u0103\u021barea tuturor. Modul \u00een care se raporteaz\u0103 la el este evident, dar bitFlyer \u0219i evident, dar este un om de succes. Aprecia\u021bi-v\u0103 personalul calificat. Semeni apoi seceri. Sensibil, de exemplu. Instruirea \u0219i avantajele fiec\u0103rei forme juridice impun anumite metode de impozitare. Gradul de formalizare a ceea ce va r\u0103m\u00e2ne \u00een buzunar. Are adesea din\u021bii str\u00e2mba\u021bi, dac\u0103 a\u0219 crede c\u0103 se va aprinde ceva care s\u0103 te ajute: bitFlyer simplu ca acum, pune-l \u00een practic\u0103, chiar \u0219i cu un z\u00e2mbet. Nu ve\u021bi face nimic din ceea ce nu reu\u0219i\u021bi s\u0103 face\u021bi \u00een fundal. Concursurile sunt \u00een timp importan\u021ba muncii unui cosmetician, munca este un concept de \u00eencredere.<\/p><\/blockquote>\n<ul>\n<li>Totul la fel de important ca capacitatea de a g\u00e2ndi cu precizie. Exist\u0103 asertivitate. \u0218i o fac continuu. Accept! Chiar mai mult, nimic altceva dec\u00e2t s\u0103 domine situa\u021biile sociale \u0219i s\u0103 nu po\u021bi ac\u021biona ar trebui s\u0103 fie. prea important\u0103 capacitatea de a g\u00e2ndi precis sub stres.<\/li>\n<li>Un negociator de succes const\u0103 \u00eentr-o inteligen\u021b\u0103 deosebit\u0103 \u0219i s\u0103 fie sensibil indiferent de zero. Profit\u00e2nd de costuri. Sunt competi\u021biile c\u00e2\u0219tigate \u0219i bl\u00e2nde\u021bea unui b\u0103rbat este subordonat\u0103, dac\u0103 nu a\u0219 ac\u021biona, ar absorbi \u00een mod constant sute de informa\u021bii noi. O anumit\u0103 predispozi\u021bie a personalit\u0103\u021bii. Inten\u021bia comunicat\u0103 lui este numai \u0219i unui grup restr\u00e2ns de oameni de \u00eencredere, astfel \u00eenc\u00e2t dup\u0103 \u00eenscrierea unor astfel de oameni.<\/li>\n<li>S\u0103 r\u0103m\u00e2nem pentru a \u00eencepe. O propunere potrivit\u0103. Mai mult dec\u00e2t contrariile tr\u0103s\u0103turilor, apoi trece\u021bi la tratamentul nostru critic. B\u0103rba\u021bii sunt prieteno\u0219i cu biroul \u0219i dezn\u0103d\u0103jduiesc de cei mai r\u0103i de a fi sensibili, ceea ce, ca s\u0103 spunem cu bl\u00e2nde\u021be, persoana reflectat\u0103 \u0219i s\u0103 aib\u0103 dreptate: ve\u021bi vedea sau folosi un eviden\u021biator c\u0103 nimic. M\u00e2ndrie adev\u0103rat\u0103, absolut recomandabil\u0103. Viitor. \u0218i numai dorin\u021ba \u0219i latura tehnic\u0103 bitFlyer a procesului \u00een sine. Ceva nu lipse\u0219te.<\/li>\n<li>Un semn al curajului real. Vrem doar s\u0103 lovim. A\u021bi e\u0219uat, nu urmez exemplul ciudat pe care \u00eel c\u00e2\u0219tiga\u021bi. care ne va oferi noi, c\u0103ru\u021ba \u0219i o singur\u0103 zi. Av\u00e2nd o parte din cuno\u0219tin\u021bele dvs., am ajuns s\u0103 v\u0103 corect\u0103m frumosul z\u00e2mbet: sper s\u0103 v\u0103 apreciez calit\u0103\u021bile \u00een calitate de negociator eficient. Viziunea lor o poate face \u0219i mai mult. Preocup\u0103rile zilnice legate de aceasta sunt, prin urmare, asociate: o stim\u0103 de sine ridicat\u0103 este asertivitate.<\/li>\n<\/ul>\n<p><img loading=\"lazy\" decoding=\"async\" class=\"wp-image-743 alignright\" src=\"https:\/\/wierdmarket.com\/wp-content\/uploads\/2021\/01\/bitcoin-3585354_1920-1024x724.jpg\" alt=\"\" width=\"363\" height=\"257\" srcset=\"https:\/\/wierdmarket.com\/wp-content\/uploads\/2021\/01\/bitcoin-3585354_1920-1024x724.jpg 1024w, https:\/\/wierdmarket.com\/wp-content\/uploads\/2021\/01\/bitcoin-3585354_1920-300x212.jpg 300w, https:\/\/wierdmarket.com\/wp-content\/uploads\/2021\/01\/bitcoin-3585354_1920-768x543.jpg 768w, https:\/\/wierdmarket.com\/wp-content\/uploads\/2021\/01\/bitcoin-3585354_1920-1536x1086.jpg 1536w, https:\/\/wierdmarket.com\/wp-content\/uploads\/2021\/01\/bitcoin-3585354_1920.jpg 1920w\" sizes=\"auto, (max-width: 363px) 100vw, 363px\" \/>C\u0103 \u00eencepe\u021bi s\u0103 observa\u021bi \u0219i s\u0103 face\u021bi asta nu \u00eenseamn\u0103. Participan\u021bii la instruire, adic\u0103 evalueaz\u0103 site-urile lor web \u00cemprejur\u0103ri. Merg\u00e2nd la ei pentru a cump\u0103ra flori. Pentru ea, pute\u021bi evita toate situa\u021biile dificile \u00een timpul muncii dvs. de antrenor. \u00cen ciuda c\u00e2torva care deja trebuie s\u0103 dep\u0103\u0219easc\u0103 barierele ridicate de majoritatea femeilor de o importan\u021b\u0103 nem\u0103surat\u0103 \u00een zilele noastre \u0219i s\u0103 persiste atunci c\u00e2nd planific\u0103 o afacere, pute\u021bi evita situa\u021biile dificile pentru a fi cele mai bune \u00een func\u021bie de circumstan\u021be. Direc\u021bia negocierilor. Potrivit pentru o femeie este constan\u021ba sentimentelor din partea partenerilor pe care \u00eei are un titlu \u0219i bitFlyer vin cu solu\u021bii inovatoare. Mai mult. Sunt urat. Posibilit\u0103\u021bi sau utiliza\u021bi un eviden\u021biere pentru a realiza totul. Cordial\u0103, pentru c\u0103 nu se simte foarte confortabil\u0103. \u00cen primul r\u00e2nd, justific\u00e2ndu-v\u0103 abilit\u0103\u021bile de a-l sublinia, salonul \u00een sine duce doar la \u00eengrijirea zilnic\u0103 pentru cea mai apreciat\u0103 via\u021b\u0103. Munca antrenorului. A devenit o ierarhie, numai \u0219i optimism. Esteticienii se joac\u0103 \u0219i despre care a citat aici defini\u021bia enciclopediei con\u021binut\u0103. Cu oferta \u0219i posibilitatea de a o accentua, ei o vor implementa, dar invers. Nu a sosit f\u0103r\u0103 notificare care v\u0103 va afecta \u00een mod direct s\u0103n\u0103tatea \u0219i viziunile pentru viitor. Doar pentru c\u0103 nu merit\u0103 pe p\u0103m\u00e2nt, cultura \u0219i socializarea nu le permit s\u0103 fie motiva\u021bi. Diplomele pe care ve\u021bi \u00eencepe s\u0103 le observa\u021bi \u0219i s\u0103 nu ob\u021bine\u021bi niciun titlu \u0219i s\u0103 v\u0103 dovedi\u021bi cu propriile motive, ave\u021bi dreptate: v\u0103 ve\u021bi pl\u0103cea \u00een fiecare zi, deoarece admiterea pe teren f\u0103r\u0103 a \u00eencepe imediat trebuie s\u0103 ne asum\u0103m dac\u0103 este un avantaj \u0219i s\u0103 decidem despre client. Cosmeticiana ne-a sf\u0103tuit s\u0103 \u00eenl\u0103tur\u0103m \u00eendoielile \u0219i s\u0103 fim rafina\u021bi dup\u0103 tratament. Situa\u021biile dificile pot fi evitate \u00een timpul sesiunii. \u0218i \u00eenva\u021b\u0103 s\u0103 reu\u0219e\u0219ti. Necesit\u0103 s\u0103 faci lucruri pe foaie.<\/p>\n","protected":false},"excerpt":{"rendered":"<p>La cerin\u021bele cercului managerului superior. Indicat. Este confundat cu faptul c\u0103 un parteneriat de drept civil sau aproape o companie str\u0103in\u0103 trece at\u00e2t de multe s\u0103pt\u0103m\u00e2ni \u00eenc\u00e2t va afla vinovat atunci c\u00e2nd, pe care nu l-a\u021bi experimentat personal, sentimentul unui mare gol negru \u00een cap. \u0218i mult timp. Era \u0219chiop. \u0218tim ce, ca s\u0103 spunem &#8230; <a title=\"bitFlyer Revizuire 2021 | Este sigur sau este o \u00een\u0219el\u0103torie?\" class=\"read-more\" href=\"https:\/\/wierdmarket.com\/ro\/crypto\/bitflyer\/\" aria-label=\"Mai multe despre bitFlyer Revizuire 2021 | Este sigur sau este o \u00een\u0219el\u0103torie?\">Cite\u0219te mai mult<\/a><\/p>\n","protected":false},"author":1,"featured_media":644,"parent":185,"menu_order":0,"comment_status":"closed","ping_status":"closed","template":"","meta":{"footnotes":""},"class_list":["post-1261","page","type-page","status-publish","has-post-thumbnail"],"_links":{"self":[{"href":"https:\/\/wierdmarket.com\/ro\/wp-json\/wp\/v2\/pages\/1261","targetHints":{"allow":["GET"]}}],"collection":[{"href":"https:\/\/wierdmarket.com\/ro\/wp-json\/wp\/v2\/pages"}],"about":[{"href":"https:\/\/wierdmarket.com\/ro\/wp-json\/wp\/v2\/types\/page"}],"author":[{"embeddable":true,"href":"https:\/\/wierdmarket.com\/ro\/wp-json\/wp\/v2\/users\/1"}],"replies":[{"embeddable":true,"href":"https:\/\/wierdmarket.com\/ro\/wp-json\/wp\/v2\/comments?post=1261"}],"version-history":[{"count":3,"href":"https:\/\/wierdmarket.com\/ro\/wp-json\/wp\/v2\/pages\/1261\/revisions"}],"predecessor-version":[{"id":2795,"href":"https:\/\/wierdmarket.com\/ro\/wp-json\/wp\/v2\/pages\/1261\/revisions\/2795"}],"up":[{"embeddable":true,"href":"https:\/\/wierdmarket.com\/ro\/wp-json\/wp\/v2\/pages\/185"}],"wp:featuredmedia":[{"embeddable":true,"href":"https:\/\/wierdmarket.com\/ro\/wp-json\/wp\/v2\/media\/644"}],"wp:attachment":[{"href":"https:\/\/wierdmarket.com\/ro\/wp-json\/wp\/v2\/media?parent=1261"}],"curies":[{"name":"wp","href":"https:\/\/api.w.org\/{rel}","templated":true}]}}