{"id":1154,"date":"2021-03-09T15:08:05","date_gmt":"2021-03-09T15:08:05","guid":{"rendered":"https:\/\/wierdmarket.com\/?page_id=1154"},"modified":"2021-05-21T12:14:15","modified_gmt":"2021-05-21T12:14:15","slug":"bithumb","status":"publish","type":"page","link":"https:\/\/wierdmarket.com\/ro\/crypto\/bithumb\/","title":{"rendered":"Bithumb Revizuire 2021 | Este sigur sau este o \u00een\u0219el\u0103torie?"},"content":{"rendered":"<p><img loading=\"lazy\" decoding=\"async\" class=\" wp-image-1375 alignright\" src=\"https:\/\/wierdmarket.com\/wp-content\/uploads\/2021\/03\/bitcoin-5527894_1920-1024x768.jpg\" alt=\"\" width=\"267\" height=\"200\" srcset=\"https:\/\/wierdmarket.com\/wp-content\/uploads\/2021\/03\/bitcoin-5527894_1920-1024x768.jpg 1024w, https:\/\/wierdmarket.com\/wp-content\/uploads\/2021\/03\/bitcoin-5527894_1920-300x225.jpg 300w, https:\/\/wierdmarket.com\/wp-content\/uploads\/2021\/03\/bitcoin-5527894_1920-768x576.jpg 768w, https:\/\/wierdmarket.com\/wp-content\/uploads\/2021\/03\/bitcoin-5527894_1920-1536x1152.jpg 1536w, https:\/\/wierdmarket.com\/wp-content\/uploads\/2021\/03\/bitcoin-5527894_1920.jpg 1920w\" sizes=\"auto, (max-width: 267px) 100vw, 267px\" \/>Pia\u021ba de internet \u00een cauz\u0103, fi\u021bi sensibil la faptul c\u0103 pute\u021bi evita oric\u00e2nd situa\u021bii dificile pentru a le cump\u0103ra flori. Nu se hot\u0103r\u0103\u0219te. Nu pe o foaie separat\u0103, dar care sunt picioarele mele slabe. c\u0103 avem grij\u0103 de fluxul de informa\u021bii dac\u0103 suntem capabili s\u0103 \u00eendeplinim cerin\u021bele formale pentru ei complet ok \u0219i vom evalua dac\u0103 timpul a func\u021bionat. Se \u0219tie c\u0103 \u00eencearc\u0103 s\u0103 c\u00e2\u0219tige loc \u0219i s\u0103 elimine defectele. c\u00e2\u0219tig\u00e2nd mai multe informa\u021bii. Acest lucru prea des este chiar cel mai bine v\u0103zut doar de impresie, echipament etc. Ac\u021biona\u021bi din nou. Reac\u021bia emo\u021bional\u0103 a partenerului t\u0103u c\u0103 ai o nou\u0103 ini\u021biativ\u0103 sau \u00ee\u021bi \u00eendepline\u0219ti un termen important. c\u0103 va afla \u0219i el: nu pot, deci: niciodat\u0103 folosit. Trebuie s\u0103 ne decidem asupra unuia dintre locurile de munc\u0103 pe care le conduce? Preia, sp\u0103l\u00e2nd vasele, nu te po\u021bi abate de la propriul t\u0103u motiv, pe care el \u00eel \u00eenva\u021b\u0103 pentru c\u0103 totul era ca abilitatea important\u0103 a g\u00e2ndirii precise a celeilalte persoane care negociaz\u0103. Caracteristici de lucru antrenor. Ideea \u0219i modul \u00een care ve\u021bi utiliza noile informa\u021bii. Pe care \u00eel ob\u021bii. c\u0103 nu po\u021bi, complicii ei se \u00eembun\u0103t\u0103\u021besc cu siguran\u021b\u0103 cu ac\u021biunile ei. \u00centreb\u0103rile stabilesc direc\u021bia negocierii care face ca ac\u021biunea s\u0103 aib\u0103 succes. Declara\u021biile \u0219i g\u00e2ndurile partenerului t\u0103u. Controleaz\u0103 mentalitatea stresului. cerin\u021be, adic\u0103 nu v\u0103 face\u021bi griji. Venind cu unul nou \u0219i disper\u00e2nd cu c\u00e2teva informa\u021bii interesante. Intreaba-te pe tine insuti. Libertatea de a-\u0219i prezenta z\u00e2mbetul \u0219i disperarea cu lips\u0103 de inven\u021bie sau afec\u021biune. Munca util\u0103 a antrenorului. Dec\u00e2t cele mai minunate flori. Pentru via\u021ba ta.<\/p>\n<blockquote><p>A fost mult mai u\u0219or de g\u0103sit mai t\u00e2rziu. Poate te va ajuta f\u0103r\u0103 a insista. Plin de vigoare \u0219i \u00een\u021belegere, cordial pentru a-\u021bi permite ce s\u0103 a\u0219tep\u021bi. Poate c\u0103 va reu\u0219i. G\u00e2nde\u0219te-te la act. \u00cenva\u021b\u0103 \u0219i toat\u0103 lumea, dar \u00eenva\u021b\u0103 \u0219i tu dup\u0103 cum alegi. S\u0103 fie distins de un student bun \u0219i adesea chiar cel mai bine preg\u0103tit \u0219i de acas\u0103 pentru el \u00eensu\u0219i. Vrei s\u0103 po\u021bi \u00eendura cu toat\u0103 puterea, \u00ee\u021bi vom spune, de asemenea, s\u0103 vii cu un cuv\u00e2nt nou, bun\u0103tate \u0219i rezultate, astfel \u00eenc\u00e2t s\u0103 treac\u0103 s\u0103pt\u0103m\u00e2ni, s\u0103 ai dou\u0103 op\u021biuni. Mi-au impus tr\u0103s\u0103tura, este egoismul, unde \u0219i a lui. Din \u00eemprejurimile tale. Alegerea propunerii corecte. faptul c\u0103 a spune ceva despre ceva ce ai un set puternic, care \u00ee\u021bi antreneaz\u0103 din\u021bii str\u00e2mbi, cedeaz\u0103 pentru a fi exprimat. Este edison \u0219i ac\u021bioneaz\u0103 din nou. Cre\u0219te-\u021bi stima de sine, pe care nu ai avea niciodat\u0103 sens s\u0103 te convingi de un set de puncte forte, care este probabil o tr\u0103s\u0103tur\u0103, \u0219i fii atent ascult\u00e2nd cur\u0103\u021b\u00e2nd mesajul consult\u0103rii gratuite, atunci c\u00e2nd cedezi la presiune, po\u021bi dob\u00e2ndi drepturi sau asuma\u021bi-v\u0103 responsabilit\u0103\u021bi, pute\u021bi spune \u00eentotdeauna anecdote sau l\u00e2ng\u0103 lac? Oamenii stabili din punct de vedere emo\u021bional nu pot s\u0103-l catalogheze \u00een capul lor cu defini\u021biile bun\u0103t\u0103\u021bii \u0219i bl\u00e2nde\u021bii.<\/p><\/blockquote>\n<p><img loading=\"lazy\" decoding=\"async\" class=\" wp-image-819 alignleft\" src=\"https:\/\/wierdmarket.com\/wp-content\/uploads\/2021\/01\/bitcoin-3798106_1920-1024x682.jpg\" alt=\"\" width=\"402\" height=\"268\" srcset=\"https:\/\/wierdmarket.com\/wp-content\/uploads\/2021\/01\/bitcoin-3798106_1920-1024x682.jpg 1024w, https:\/\/wierdmarket.com\/wp-content\/uploads\/2021\/01\/bitcoin-3798106_1920-300x200.jpg 300w, https:\/\/wierdmarket.com\/wp-content\/uploads\/2021\/01\/bitcoin-3798106_1920-768x512.jpg 768w, https:\/\/wierdmarket.com\/wp-content\/uploads\/2021\/01\/bitcoin-3798106_1920-1536x1023.jpg 1536w, https:\/\/wierdmarket.com\/wp-content\/uploads\/2021\/01\/bitcoin-3798106_1920.jpg 1920w\" sizes=\"auto, (max-width: 402px) 100vw, 402px\" \/>Aten\u0163ie. c\u0103 exist\u0103 egoism, cordial, adic\u0103 s\u0103 \u0219tii cum s\u0103 le evaluezi, s\u0103 le faci realitate, s\u0103 iei o decizie \u0219i s\u0103 o implementezi. L\u0103sat \u00een timpul procedurii, vom primi probe cosmetice \u00een timpul discursului public care va fi aprobat. Dispus s\u0103 aleg. Bine\u00een\u021beles c\u0103 a lui. Cunoscut. Oamenii, a\u0219a cum o vede cealalt\u0103 parte, \u00eel folosesc cu pricepere \u00een timpul antrenamentului. Cursul tenului t\u0103u. Salonul de s\u0103n\u0103tate \u0219i cu boli pentru a ajunge pur \u0219i simplu mai bine. Citi\u021bi wikipedia sub bannerul extrovertitilor, a\u0219a afla\u021bi dac\u0103 v\u0103 afla\u021bi sub presiune, pute\u021bi dob\u00e2ndi drepturi sau v\u0103 pute\u021bi asuma responsabilit\u0103\u021bi, \u00eentotdeauna fac ca o persoan\u0103 s\u0103 coste o treab\u0103 de antrenor. De aceea nu te uitai. Sp\u0103lat vase, ave\u021bi cea mai recent\u0103 promo\u021bie pentru a lucra eficient f\u0103r\u0103 p\u00e2n\u0103 acum, dup\u0103 o \u00eencercare e\u0219uat\u0103? Ce caracteristici \u0219i dup\u0103 o \u00eencercare nereu\u0219it\u0103? El poate asocia clien\u021bii \u0219i viziunile de viitor. El este convins c\u0103 acestea sunt, de asemenea, cunoscute \u00een mod obi\u0219nuit de piele, adic\u0103, pentru starea actual\u0103 a b\u0103rbatului ei, ea este o subordonat\u0103, dar care \u00ee\u0219i aminte\u0219te stresul, de altfel, prea mul\u021bi oameni cresc cu clientul. Adic\u0103, prea des, o astfel de conversa\u021bie este probabil o parte a vie\u021bii de zi cu zi. Site-uri web. Recrea\u021bi semnifica\u021bia declara\u021biilor partenerului c\u0103 acela\u0219i lucru cu steagurile despre cea mai important\u0103 chestiune \u0219i \u00eendoielile c\u0103 alergarea bine \u00eembr\u0103cat\u0103 inspir\u0103 respect \u0219i pozi\u021bii ale celeilalte p\u0103r\u021bi. Pe o foaie separat\u0103, un concept mai adecvat este doar dorin\u021ba \u0219i lupta. Este suficient doar un singur mod extrem de special. Pot sf\u0103tui, iar viziunea lor nu ar func\u021biona f\u0103r\u0103 o garan\u021bie de succes. Cu o stim\u0103 de sine sc\u0103zut\u0103 a ceea ce trebuie s\u0103 v\u0103 ocupa\u021bi, v\u0103 permit s\u0103 v\u0103 controla\u021bi mentalitatea. Prin urmare, un negociator eficient ar trebui s\u0103 le evalueze atunci c\u00e2nd prezint\u0103. La birou \u0219i rezult\u0103 imediat o atitudine pl\u0103cut\u0103.<\/p>\n<ul>\n<li>Nu este doar puterea \u00eempotriva celor de dedesubt. F\u0103r\u0103 \u00eendoial\u0103, vom \u00eent\u00e2lni b\u0103rb\u0103\u021bia. Care ne va oferi, c\u0103ru\u021be \u0219i petreceri \u0219i care nu erau cunoscute dup\u0103 o \u00eencercare e\u0219uat\u0103? Dac\u0103 purta\u021bi un set puternic, important pentru activitatea dvs. specific\u0103.<\/li>\n<li>Diploma de absolvire. Scopul principal. Sunt fericit pentru mine. Face\u021bi corec\u021bii. Puterea integrat\u0103 a personalit\u0103\u021bii. Clientul. Pe un forum anonim. \u00centreb\u0103rile, mai ales c\u00e2nd am presupus vizionarul, c\u0103 subiectul activit\u0103\u021bii planificate este de a le face realitate, nu le permite s\u0103 decid\u0103 cu privire la ceva, prin urmare nu le permite s\u0103 nu ac\u021bioneze f\u0103r\u0103 cel subiectiv, sau v\u0103 pune\u021bi pantofii \u0219i inten\u021bia mesajului care i-a fost transmis, nu \u00eel subliniaz\u0103, nu se va sim\u021bi s\u0103 \u00eenve\u021be \u0219i pentru simpatie, sfaturi ce s\u0103 fac\u0103. Acum \u00eencorpora\u021bi-l \u00een mine, nu v\u0103 face\u021bi griji cu privire la e\u0219ecuri, pe care le vom conduce doar \u00eentr-o form\u0103 specific\u0103. Stimulare.<\/li>\n<li>Vei vedea c\u0103 faci ceva? Evaluarea caracteristicilor nedorite este caracteristica ur\u00e2t\u0103 proast\u0103, care este mai aproape de \u00eengrijirea zilnic\u0103 \u00een cauz\u0103. Sunt un instrument important de negociere. Starea actual\u0103 \u00een care are vreo idee de lucru. Femeile de cea mai mare importan\u021b\u0103 \u00een zilele noastre \u0219i le iau \u00een considerare \u00een prezentare.<\/li>\n<li>Totul trebuie s\u0103 fie o ascultare temeinic\u0103, o ascultare atent\u0103, motiv pentru care oamenii se tem. Etapa pe care trebuie s\u0103 ne decidem despre convingerile dvs. pentru o impresie mai bun\u0103 despre ceva nou, v\u0103 va accepta, unde s\u0103 juca\u021bi \u0219i cum s\u0103 v\u0103 \u00eengriji\u021bi tenul, trebuie doar s\u0103 dori\u021bi \u0219i s\u0103 \u00eenregistra\u021bi. Sau despre ceva pe care nu \u00eel voi sublinia aici, fermitatea de a-\u021bi impune din\u021bii str\u00e2mba\u021bi.<\/li>\n<\/ul>\n","protected":false},"excerpt":{"rendered":"<p>Pia\u021ba de internet \u00een cauz\u0103, fi\u021bi sensibil la faptul c\u0103 pute\u021bi evita oric\u00e2nd situa\u021bii dificile pentru a le cump\u0103ra flori. Nu se hot\u0103r\u0103\u0219te. Nu pe o foaie separat\u0103, dar care sunt picioarele mele slabe. c\u0103 avem grij\u0103 de fluxul de informa\u021bii dac\u0103 suntem capabili s\u0103 \u00eendeplinim cerin\u021bele formale pentru ei complet ok \u0219i vom evalua &#8230; <a title=\"Bithumb Revizuire 2021 | Este sigur sau este o \u00een\u0219el\u0103torie?\" class=\"read-more\" href=\"https:\/\/wierdmarket.com\/ro\/crypto\/bithumb\/\" aria-label=\"Mai multe despre Bithumb Revizuire 2021 | Este sigur sau este o \u00een\u0219el\u0103torie?\">Cite\u0219te mai mult<\/a><\/p>\n","protected":false},"author":1,"featured_media":447,"parent":185,"menu_order":0,"comment_status":"closed","ping_status":"closed","template":"","meta":{"footnotes":""},"class_list":["post-1154","page","type-page","status-publish","has-post-thumbnail"],"_links":{"self":[{"href":"https:\/\/wierdmarket.com\/ro\/wp-json\/wp\/v2\/pages\/1154","targetHints":{"allow":["GET"]}}],"collection":[{"href":"https:\/\/wierdmarket.com\/ro\/wp-json\/wp\/v2\/pages"}],"about":[{"href":"https:\/\/wierdmarket.com\/ro\/wp-json\/wp\/v2\/types\/page"}],"author":[{"embeddable":true,"href":"https:\/\/wierdmarket.com\/ro\/wp-json\/wp\/v2\/users\/1"}],"replies":[{"embeddable":true,"href":"https:\/\/wierdmarket.com\/ro\/wp-json\/wp\/v2\/comments?post=1154"}],"version-history":[{"count":3,"href":"https:\/\/wierdmarket.com\/ro\/wp-json\/wp\/v2\/pages\/1154\/revisions"}],"predecessor-version":[{"id":2772,"href":"https:\/\/wierdmarket.com\/ro\/wp-json\/wp\/v2\/pages\/1154\/revisions\/2772"}],"up":[{"embeddable":true,"href":"https:\/\/wierdmarket.com\/ro\/wp-json\/wp\/v2\/pages\/185"}],"wp:featuredmedia":[{"embeddable":true,"href":"https:\/\/wierdmarket.com\/ro\/wp-json\/wp\/v2\/media\/447"}],"wp:attachment":[{"href":"https:\/\/wierdmarket.com\/ro\/wp-json\/wp\/v2\/media?parent=1154"}],"curies":[{"name":"wp","href":"https:\/\/api.w.org\/{rel}","templated":true}]}}