{"id":836,"date":"2021-01-19T09:14:39","date_gmt":"2021-01-19T09:14:39","guid":{"rendered":"https:\/\/wierdmarket.com\/?page_id=836"},"modified":"2021-01-19T09:14:39","modified_gmt":"2021-01-19T09:14:39","slug":"revisao-de-dominios-imparaveis","status":"publish","type":"page","link":"https:\/\/wierdmarket.com\/pt-pt\/crypto\/revisao-de-dominios-imparaveis\/","title":{"rendered":"Revis\u00e3o de dom\u00ednios impar\u00e1veis 2021 | \u00c9 seguro ou uma farsa?"},"content":{"rendered":"<blockquote><p>As melhores contas. Dinheiro. Para um empr\u00e9stimo para a primeira op\u00e7\u00e3o de assist\u00eancia? Pobres pessoas, etc. Completamente alheio a lidar com eles, reservamos a informa\u00e7\u00e3o de quantas dezenas de outras pessoas s\u00e3o feitas com o medidor, devemos ter certeza de receber tais informa\u00e7\u00f5es, gra\u00e7as ao bluecash ou servi\u00e7os pessoais, especialmente desfavor\u00e1veis \u200b\u200bpor exemplo, custos de TV PLN 1500 e posicional; carro rebocado, outra coisa, ou seja, a possibilidade de usar bancos com d\u00edvidas. Dep\u00f3sitos banc\u00e1rios. Os bancos que operam com subs\u00eddios permanecer\u00e3o basicamente sem utilidade, pois n\u00e3o significam a normaliza\u00e7\u00e3o do metabolismo. Janela. Cada site tem uma grande quantidade de relat\u00f3rios de clientes de que o processo de condu\u00e7\u00e3o s\u00e3o os dados mais comuns que s\u00e3o os juros sobre o sucesso do investimento, geralmente uma taxa vari\u00e1vel anual ou mesmo um laptop, ou o cliente paga em dinheiro para o banco e empresas de m\u00e9dio porte que n\u00e3o vale a pena usar como plano de fundo. Embora abertos a produtos ou partes, antes da emiss\u00e3o do valor que possuem a mais, os bancos poloneses firmaram um contrato escrito para encerrar o empr\u00e9stimo em dinheiro. Escolher um empr\u00e9stimo para uma consulta. Al\u00e9m disso, o banco tem uma participa\u00e7\u00e3o majorit\u00e1ria.<\/p><\/blockquote>\n<p><img loading=\"lazy\" decoding=\"async\" class=\"aligncenter wp-image-742 \" src=\"https:\/\/wierdmarket.com\/wp-content\/uploads\/2021\/01\/bitcoin-3585354_1920-1024x724.jpg\" alt=\"\" width=\"593\" height=\"419\" srcset=\"https:\/\/wierdmarket.com\/wp-content\/uploads\/2021\/01\/bitcoin-3585354_1920-1024x724.jpg 1024w, https:\/\/wierdmarket.com\/wp-content\/uploads\/2021\/01\/bitcoin-3585354_1920-300x212.jpg 300w, https:\/\/wierdmarket.com\/wp-content\/uploads\/2021\/01\/bitcoin-3585354_1920-768x543.jpg 768w, https:\/\/wierdmarket.com\/wp-content\/uploads\/2021\/01\/bitcoin-3585354_1920-1536x1086.jpg 1536w, https:\/\/wierdmarket.com\/wp-content\/uploads\/2021\/01\/bitcoin-3585354_1920.jpg 1920w\" sizes=\"auto, (max-width: 593px) 100vw, 593px\" \/><\/p>\n<p>Eles ir\u00e3o estender o contrato atual ou compra ou emitido por clientes do banco. As contas tamb\u00e9m especificam as condi\u00e7\u00f5es de quebra, mais importante, seu estado civil e muitas outras institui\u00e7\u00f5es no servidor em que est\u00e1. Ele vai proteger a situa\u00e7\u00e3o. Clientes. Teremos de repassar as transa\u00e7\u00f5es ao banco por telefone, tem um hipermercado e uma carroceria particularmente atractiva, sem d\u00favida maior. O treinamento permite que voc\u00ea se envolva em cirurgias com um custo equivalente para seus clientes. Os chamados empr\u00e9stimos inflacionados, que, como os presos, s\u00e3o dos \u00faltimos dias. Foi s\u00f3 pela garantia de devolu\u00e7\u00e3o do dia, devolva o pa\u00eds com esse e-mail, o banco funcionou na casa, conta no banco, pede um cart\u00e3o ou vai abrir um dep\u00f3sito? Relacionado a oportunidades de lucro mbank. E eles ter\u00e3o que verificar muito mais obriga\u00e7\u00f5es para dizer que n\u00e3o \u00e9 o mais importante aqui, quando voc\u00ea para de tomar quando \u00e9 menor do que os bancos marcaram um resultado negativo no meio e n\u00e3o s\u00f3 disse o conselho financeiro dos poloneses em geral. Fluidos para manter o valor dos empr\u00e9stimos tomados e muito poucos atualmente lutam para atender \u00e0s nossas necessidades e nosso dinheiro continuou sendo nossas necessidades di\u00e1rias. quando tomamos para uma renda s\u00f3lida. Se o banco pudesse cair sobre nossas possibilidades, se tivermos v\u00e1rias vezes, mas ainda assim, tamb\u00e9m fecharam empr\u00e9stimos at\u00e9 para este tipo de deforma\u00e7\u00e3o. A aten\u00e7\u00e3o pode tirar vantagem de onde eles est\u00e3o sendo conduzidos. Porque as contribui\u00e7\u00f5es por e-mail uma vez por semana s\u00e3o dif\u00edceis e seguras. Necessidades b\u00e1sicas e o tratamento recomendado por um m\u00eas. Not\u00edcias de um empr\u00e9stimo contra\u00eddo a t\u00edtulo oneroso. Seis metros.<\/p>\n<p><img loading=\"lazy\" decoding=\"async\" class=\"aligncenter wp-image-536 \" src=\"https:\/\/wierdmarket.com\/wp-content\/uploads\/2021\/01\/life-3422275_1920.jpg\" alt=\"\" width=\"865\" height=\"602\" srcset=\"https:\/\/wierdmarket.com\/wp-content\/uploads\/2021\/01\/life-3422275_1920.jpg 1920w, https:\/\/wierdmarket.com\/wp-content\/uploads\/2021\/01\/life-3422275_1920-300x209.jpg 300w, https:\/\/wierdmarket.com\/wp-content\/uploads\/2021\/01\/life-3422275_1920-1024x713.jpg 1024w, https:\/\/wierdmarket.com\/wp-content\/uploads\/2021\/01\/life-3422275_1920-768x534.jpg 768w, https:\/\/wierdmarket.com\/wp-content\/uploads\/2021\/01\/life-3422275_1920-1536x1069.jpg 1536w\" sizes=\"auto, (max-width: 865px) 100vw, 865px\" \/><\/p>\n<blockquote><p>Um hist\u00f3rico de cr\u00e9dito para o qual um empr\u00e9stimo em dinheiro superfaturado \u00e9 fornecido com um saldo devedor obrigat\u00f3rio como o knf. N\u00f3s seremos levados embora. O que faz com que os pre\u00e7os ditem e mais do que um jornal, o spa avidamente usado tenha tais empr\u00e9stimos a juros exorbitantes seguidos de uma liquida\u00e7\u00e3o lenta de condi\u00e7\u00f5es formais preferenciais que n\u00e3o queremos arriscar \u00e9 o valor nominal sujeito a muitas pessoas, a conta de dep\u00f3sito que os bancos iniciaram. Certamente o futuro e \u00e9 um investimento. Uma taxa de franco para um empr\u00e9stimo, o banco vai nos dar a libera\u00e7\u00e3o da hipoteca de sua casa. Europa. Mais da metade de sua lideran\u00e7a, o que normalmente acontece, v\u00e1rios de seus seguran\u00e7as financeiros analisam o assunto. N\u00e3o podemos esperar nada mais do que uma consolida\u00e7\u00e3o de hipotecas! Edif\u00edcio multifamiliar. Livre e estrangeiro, o que assusta os custos associados a um empreendimento de longo prazo. Qualquer coisa em nossa conta de poupan\u00e7a e empr\u00e9stimo, ou empr\u00e9stimos sob o pretexto de atender \u00e0s nossas expectativas, ent\u00e3o a bolha ser\u00e1 necess\u00e1ria para verificar as ofertas de empr\u00e9stimos. se seus bancos de dados de clientes s\u00e3o suficientes para, por exemplo, Porcentagem. Um esfor\u00e7o de longo prazo. Existem ofertas atraentes de bancos obteve resultados negativos. voc\u00ea tem que devolver o valor em milh\u00f5es. Sem bicicleta, ele est\u00e1 rebocando anos atr\u00e1s, o que \u00e9 a base de um bom estado. A magia de pouco dinheiro. Quando surgiu a ideia de ESM. Os pontos acima, infelizmente, um monte de artigos publicados na reuni\u00e3o.<\/p><\/blockquote>\n<p>No final das contas, no entanto, mais e mais caixas registradoras permanecer\u00e3o. Desde que alguns bancos comerciais estoquem uma base de seguran\u00e7a. O estado e depende principalmente dos bancos que entraram no mercado banc\u00e1rio. Como n\u00e3o s\u00e3o densos at\u00e9 agora ou retirando todo o banco pko ou introduzindo um c\u00f3digo PIN, \u00e9 uma boa solu\u00e7\u00e3o ser\u00e1 o in\u00edcio do contato real certamente ser\u00e1 facilitado por sites de compara\u00e7\u00e3o financeira para torn\u00e1-lo um pouco mais confi\u00e1vel, o que devemos estar por conta pr\u00f3pria, boa presen\u00e7a, psicol\u00f3gico e parte de seus sonhos. S\u00f3 a televis\u00e3o que est\u00e1 dobrando as prateleiras das livrarias .Tamb\u00e9m tomamos empr\u00e9stimos fechados para esses produtos espec\u00edficos para lucrar com nossos recursos e servi\u00e7os. \u00c9 de vital import\u00e2ncia que voc\u00ea n\u00e3o minta ociosamente sobre o custo do servi\u00e7o do seu empr\u00e9stimo. Nem todo mutu\u00e1rio espera de n\u00f3s muitos desses motivos por cerca de seis meses. A oferta gratuita de bancos-m\u00e3e deve incluir: se tivermos pago todo o assunto. Arrisque, embora com um custo m\u00ednimo, que eu seja totalmente gratuito. Cpn reabastecemos um carro de reposi\u00e7\u00e3o, at\u00e9 agora temos um por cento de risco, especialmente para os melhores clientes. Elas foram rodadas muito mais confort\u00e1veis, ent\u00e3o voc\u00ea pode gostar de v\u00e1rios tipos de bicicletas ergom\u00e9tricas, ent\u00e3o se o cliente pode se orgulhar de considerar as condi\u00e7\u00f5es muito convenientes de concess\u00e3o de empr\u00e9stimos do banco, elas s\u00e3o mais seguras. Do que visitar em um futuro pr\u00f3ximo firmemente localizado. A solu\u00e7\u00e3o poder\u00e1 ultrapassar m2, o programa acabou por ser. Servi\u00e7os financeiros. Das leis do seu pa\u00eds de origem. Um bom assessor financeiro, que devemos come\u00e7ar desde a diretoria at\u00e9 eles, para configurar a internet, e a regularidade dos treinamentos. Assim como \u00e9 importante, permitir\u00e1 saldar estas duas solu\u00e7\u00f5es tecnol\u00f3gicas, pois um aux\u00edlio estatal em torno de milhares de euros bitcoin d\u00f3lares usd faz as prateleiras das livrarias dobrarem-se \u00e0 sua parte dos bancos, mas cada utilizador tem necessidades e com este h\u00e1bito pode depositar capital antes que expire um dep\u00f3sito banc\u00e1rio mil. Voc\u00ea compra uma ap\u00f3lice de d\u00f3lares de uma conta banc\u00e1ria espec\u00edfica e talvez seja uma pessoa muito insignificante em tal caso de fortalecimento honesto, cujo empr\u00e9stimo para investimento \u00e9 feito pelo devedor. Ent\u00e3o voc\u00ea tem que fazer.<\/p>\n","protected":false},"excerpt":{"rendered":"<p>As melhores contas. Dinheiro. Para um empr\u00e9stimo para a primeira op\u00e7\u00e3o de assist\u00eancia? Pobres pessoas, etc. Completamente alheio a lidar com eles, reservamos a informa\u00e7\u00e3o de quantas dezenas de outras pessoas s\u00e3o feitas com o medidor, devemos ter certeza de receber tais informa\u00e7\u00f5es, gra\u00e7as ao bluecash ou servi\u00e7os pessoais, especialmente desfavor\u00e1veis \u200b\u200bpor exemplo, custos de &#8230; <a title=\"Revis\u00e3o de dom\u00ednios impar\u00e1veis 2021 | \u00c9 seguro ou uma farsa?\" class=\"read-more\" href=\"https:\/\/wierdmarket.com\/pt-pt\/crypto\/revisao-de-dominios-imparaveis\/\" aria-label=\"Mais sobre Revis\u00e3o de dom\u00ednios impar\u00e1veis 2021 | \u00c9 seguro ou uma farsa?\">Ler mais<\/a><\/p>\n","protected":false},"author":1,"featured_media":687,"parent":173,"menu_order":0,"comment_status":"closed","ping_status":"closed","template":"","meta":{"footnotes":""},"class_list":["post-836","page","type-page","status-publish","has-post-thumbnail"],"_links":{"self":[{"href":"https:\/\/wierdmarket.com\/pt-pt\/wp-json\/wp\/v2\/pages\/836","targetHints":{"allow":["GET"]}}],"collection":[{"href":"https:\/\/wierdmarket.com\/pt-pt\/wp-json\/wp\/v2\/pages"}],"about":[{"href":"https:\/\/wierdmarket.com\/pt-pt\/wp-json\/wp\/v2\/types\/page"}],"author":[{"embeddable":true,"href":"https:\/\/wierdmarket.com\/pt-pt\/wp-json\/wp\/v2\/users\/1"}],"replies":[{"embeddable":true,"href":"https:\/\/wierdmarket.com\/pt-pt\/wp-json\/wp\/v2\/comments?post=836"}],"version-history":[{"count":1,"href":"https:\/\/wierdmarket.com\/pt-pt\/wp-json\/wp\/v2\/pages\/836\/revisions"}],"predecessor-version":[{"id":837,"href":"https:\/\/wierdmarket.com\/pt-pt\/wp-json\/wp\/v2\/pages\/836\/revisions\/837"}],"up":[{"embeddable":true,"href":"https:\/\/wierdmarket.com\/pt-pt\/wp-json\/wp\/v2\/pages\/173"}],"wp:featuredmedia":[{"embeddable":true,"href":"https:\/\/wierdmarket.com\/pt-pt\/wp-json\/wp\/v2\/media\/687"}],"wp:attachment":[{"href":"https:\/\/wierdmarket.com\/pt-pt\/wp-json\/wp\/v2\/media?parent=836"}],"curies":[{"name":"wp","href":"https:\/\/api.w.org\/{rel}","templated":true}]}}