{"id":37,"date":"2020-12-19T21:40:35","date_gmt":"2020-12-19T21:40:35","guid":{"rendered":"https:\/\/wierdmarket.com\/?page_id=37"},"modified":"2020-12-19T21:41:49","modified_gmt":"2020-12-19T21:41:49","slug":"binance","status":"publish","type":"page","link":"https:\/\/wierdmarket.com\/pt-pt\/binance\/","title":{"rendered":"Binance Revis\u00e3o 2020 &#8211; Golpe ou Legit?"},"content":{"rendered":"<p>Binance \u00e9 atualmente o maior site criptogr\u00e1fico do mundo. Fundada por Changpeng Zhao (que tamb\u00e9m usa o pseud\u00f4nimo CZ) em 2017, Binance \u00e9 atualmente o maior e mais famoso site criptogr\u00e1fico do mundo.<br \/>\nAtualmente, o interc\u00e2mbio opera na jurisdi\u00e7\u00e3o de Malta e foi calorosamente recebido l\u00e1. Changpeng Zhao foi at\u00e9 mesmo recebido pelo pr\u00f3prio Primeiro Ministro de Malta. Malta tem uma regulamenta\u00e7\u00e3o legal e de criptografia fiscal muito amig\u00e1vel. Qualquer pessoa interessada em criptografia fiscal, mais cedo ou mais tarde abrir\u00e1 uma conta no Binance com a troca, esta troca n\u00e3o requer KYC e \u00e9 totalmente an\u00f4nima.<\/p>\n<p>O Binance foi criado como resultado do token ICO (Initial Coin Offering) Binance Coin (BNB) baseado no EC20 em Etherum, que ocorreu de 26 de junho a 3 de julho de 2017.<br \/>\nAtualmente, o BNB se baseia em sua pr\u00f3pria cadeia independente de bin\u00f4mios em cadeia de blocos. As fichas do BNB s\u00e3o a unidade b\u00e1sica gra\u00e7as \u00e0 qual nos estabelecemos com a bolsa de valores para a troca de cripto-valoriza\u00e7\u00e3o e aquisi\u00e7\u00e3o de ofertas oferecidas na Cadeia de Bin\u00e1vios.<br \/>\n\u00c9 muito importante para as pessoas que est\u00e3o apenas come\u00e7ando sua aventura com Binance porque se elas n\u00e3o tiverem estas fichas na carteira, a comiss\u00e3o \u00e9 retirada de nossas compras e assim, por exemplo, comprando 1000 de qualquer ficha ou uma criptovaluta podemos obter 999 delas ap\u00f3s deduzir a comiss\u00e3o. \u00c9 por isso que vale a pena ter pelo menos uma quantidade m\u00ednima de BNB na carteira.<br \/>\nAl\u00e9m disso, BNB se preocupa com o valor de sua portagem e no futuro quer queimar 100mln de portagens BNB, ou seja, reduzir sua quantia em 50%.<\/p>\n<p>A Binance assumiu a maior bolsa de criptografia da \u00cdndia chamada WazirX<\/p>\n","protected":false},"excerpt":{"rendered":"<p>Binance \u00e9 atualmente o maior site criptogr\u00e1fico do mundo. Fundada por Changpeng Zhao (que tamb\u00e9m usa o pseud\u00f4nimo CZ) em 2017, Binance \u00e9 atualmente o maior e mais famoso site criptogr\u00e1fico do mundo. Atualmente, o interc\u00e2mbio opera na jurisdi\u00e7\u00e3o de Malta e foi calorosamente recebido l\u00e1. Changpeng Zhao foi at\u00e9 mesmo recebido pelo pr\u00f3prio Primeiro &#8230; <a title=\"Binance Revis\u00e3o 2020 &#8211; Golpe ou Legit?\" class=\"read-more\" href=\"https:\/\/wierdmarket.com\/pt-pt\/binance\/\" aria-label=\"Mais sobre Binance Revis\u00e3o 2020 &#8211; Golpe ou Legit?\">Ler mais<\/a><\/p>\n","protected":false},"author":1,"featured_media":0,"parent":0,"menu_order":0,"comment_status":"closed","ping_status":"closed","template":"","meta":{"footnotes":""},"class_list":["post-37","page","type-page","status-publish"],"_links":{"self":[{"href":"https:\/\/wierdmarket.com\/pt-pt\/wp-json\/wp\/v2\/pages\/37","targetHints":{"allow":["GET"]}}],"collection":[{"href":"https:\/\/wierdmarket.com\/pt-pt\/wp-json\/wp\/v2\/pages"}],"about":[{"href":"https:\/\/wierdmarket.com\/pt-pt\/wp-json\/wp\/v2\/types\/page"}],"author":[{"embeddable":true,"href":"https:\/\/wierdmarket.com\/pt-pt\/wp-json\/wp\/v2\/users\/1"}],"replies":[{"embeddable":true,"href":"https:\/\/wierdmarket.com\/pt-pt\/wp-json\/wp\/v2\/comments?post=37"}],"version-history":[{"count":3,"href":"https:\/\/wierdmarket.com\/pt-pt\/wp-json\/wp\/v2\/pages\/37\/revisions"}],"predecessor-version":[{"id":40,"href":"https:\/\/wierdmarket.com\/pt-pt\/wp-json\/wp\/v2\/pages\/37\/revisions\/40"}],"wp:attachment":[{"href":"https:\/\/wierdmarket.com\/pt-pt\/wp-json\/wp\/v2\/media?parent=37"}],"curies":[{"name":"wp","href":"https:\/\/api.w.org\/{rel}","templated":true}]}}