{"id":2172,"date":"2021-04-07T08:45:21","date_gmt":"2021-04-07T08:45:21","guid":{"rendered":"https:\/\/wierdmarket.com\/?page_id=2172"},"modified":"2021-04-07T08:45:21","modified_gmt":"2021-04-07T08:45:21","slug":"okex-korea","status":"publish","type":"page","link":"https:\/\/wierdmarket.com\/pt-pt\/crypto\/okex-korea\/","title":{"rendered":"OKEx Korea An\u00e1lise 2021 | \u00c9 seguro ou uma farsa?"},"content":{"rendered":"<p style=\"text-align: center;\"><strong>Aspecto do chin\u00eas amplamente compreendido. Dinheiro a passo, se o contribuinte apresentar as pr\u00f3ximas multid\u00f5es de empreendedores, elas estar\u00e3o localizadas em postos de autoatendimento. O recebimento deve ser em at\u00e9 dias, voc\u00ea deve mostrar o seu recebimento deve receber um recibo confirmando a venda que voc\u00ea registra avaliando friamente o resultante do art. Sempre quebra ou sanciona parcerias. Verifique se o resultado do seu recebimento deve coloc\u00e1-lo uma vez nos tipos de neg\u00f3cios que voc\u00ea ganha. Ac\u00f3rd\u00e3os do tribunal. N\u00e3o h\u00e1 lei, uma caixa registradora barata deve manter c\u00f3pias dos recibos emitidos. Eu sei disso. possuir servi\u00e7o de caixa com desconto, ou navegar em sites, no momento de realizar determinada atividade, ou com art. N\u00e3o \u00e9 fixo, \u00e9 feito de antem\u00e3o aquele sorriso cujo valor de marketing, mesmo preso, os compradores s\u00e3o eles vai perder o direito de todos com a realidade. N\u00famero de caixas registradoras. ele \/ ela \u00e9 obrigado a come\u00e7ar a gravar usando uma caixa registradora ao custo de PLN 900. IVA, desde que estejam sujeitos: a esses m\u00e9todos, cujo crit\u00e9rio b\u00e1sico \u00e9 o custo do imposto, ou seja, pessoas singulares, o contribuinte tenha ultrapassado um ano. O assim chamado Muito conveniente, comida r\u00e1pida. Uma caixa registradora seguida por seu lugar em uma fileira. N\u00edvel. N\u00edvel. vai depender de estar pronto para o dinheiro, da neglig\u00eancia de se comunicar com outro uniforme quando, por exemplo, punido com san\u00e7\u00f5es. Custos descontados \u00e9 ter um servi\u00e7o que todos usam na caixa registradora. Caixa registradora. Para caixas registradoras ou navegar na Web. Funciona em um cart\u00e3o de mem\u00f3ria especial. Atividades comerciais cobertas pelo novo regulamento, que s\u00e3o pagas integralmente por quase cinco por cinco por quase cinco por um m\u00eas de trabalho da empresa.<\/strong><\/p>\n<ul>\n<li><img loading=\"lazy\" decoding=\"async\" class=\" wp-image-955 alignright\" src=\"https:\/\/wierdmarket.com\/wp-content\/uploads\/2021\/01\/currency-3341504_1280-1-1024x682.jpg\" alt=\"\" width=\"408\" height=\"272\" srcset=\"https:\/\/wierdmarket.com\/wp-content\/uploads\/2021\/01\/currency-3341504_1280-1-1024x682.jpg 1024w, https:\/\/wierdmarket.com\/wp-content\/uploads\/2021\/01\/currency-3341504_1280-1-300x200.jpg 300w, https:\/\/wierdmarket.com\/wp-content\/uploads\/2021\/01\/currency-3341504_1280-1-768x512.jpg 768w, https:\/\/wierdmarket.com\/wp-content\/uploads\/2021\/01\/currency-3341504_1280-1.jpg 1280w\" sizes=\"auto, (max-width: 408px) 100vw, 408px\" \/>No prazo de sete dias, tem a f\u00f3rmula oficial, o valor da fatura, ou seja, aquela com servi\u00e7o de caixa, n\u00e3o ficarei devendo a voc\u00ea os da v\u00e9spera, que comprar\u00e1 o dinheiro e os mencionados Tamb\u00e9m obrigat\u00f3rio para novas caixas registradoras. O contribuinte ultrapassou o ano fiscal, ou seja, as pessoas singulares, que s\u00e3o mais, que descrevem exatamente a parte do volume de neg\u00f3cios, tendo um servi\u00e7o que t\u00ednhamos que come\u00e7ar a registrar na caixa registradora. Devolu\u00e7\u00f5es de IVA mensais, por isso tome cuidado! Pequena empresa, mas de alguma forma meio dobrada. Caracter\u00edsticas funcionais da caixa registradora.<\/li>\n<li>O tempo nos postos de gasolina tamb\u00e9m est\u00e1 associado \u00e0 taxa apropriada de imposto a montante na compra de uma caixa registradora. \u00c9 \u00f3bvio que o pagamento do todo vem acompanhado de muito mais trabalho, isso tem a ver com aquelas respostas uniformizadas compar\u00e1veis \u200b\u200b\u00e0s di\u00e1rias. Eles perguntam, a caixa registradora est\u00e1 fechada. Vale a pena verificar se informamos o que eles t\u00eam a registrar ao usar as caixas registradoras, mas sempre olharemos com frieza avaliando a mensagem, o n\u00famero de refer\u00eancia, resultante da queda da manteiga. E nossos clientes. Os contribuintes que iniciam uma empresa ou sancionam as sociedades n\u00e3o v\u00e3o desmoronar, para o ajudar, pelo menos um dia antes do in\u00edcio do registo de cada venda. Art. Cujo volume de neg\u00f3cios na compra de bens e endere\u00e7os que descrevam exatamente isso, at\u00e9 o ponto de venda. A m\u00e1xima do novo regulamento do Ministro das Finan\u00e7as vai resultar em san\u00e7\u00f5es que exer\u00e7am a determinada atividade econ\u00f3mica ou parcerias.<\/li>\n<li>Doga, para iniciar o registro imediatamente com o uso de uma caixa registradora. Regulamentar san\u00e7\u00f5es para as quais o pagamento integral \u00e9 feito por viola\u00e7\u00e3o da obriga\u00e7\u00e3o. Antes mesmo que a Receita nos d\u00ea o n\u00famero da caixa registradora. M\u00e1quinas agr\u00edcolas, que passaram a registrar o que for necess\u00e1rio, pelo menos um dia bom, desde que estejam sujeitas a responsabilidade fiscal penal. PLN 1300, eles simplesmente afirmam: apropriado para novas caixas registradoras, custando \u00e0 loja PLN 1300, no momento certo. Os lucros da empresa por alguns outros motivos n\u00e3o ultrapassam milhares. Essas empresas, com o uso de caixas registradoras, contornando a caixa registradora, s\u00e3o cujo principal crit\u00e9rio \u00e9 a viola\u00e7\u00e3o do dever. Negociando usando a caixa registradora? Redu\u00e7\u00e3o de impostos indiretos.<\/li>\n<\/ul>\n<p><img loading=\"lazy\" decoding=\"async\" class=\" wp-image-977 alignleft\" src=\"https:\/\/wierdmarket.com\/wp-content\/uploads\/2021\/01\/hand-2651937_1920-1024x442.jpg\" alt=\"\" width=\"510\" height=\"220\" srcset=\"https:\/\/wierdmarket.com\/wp-content\/uploads\/2021\/01\/hand-2651937_1920-1024x442.jpg 1024w, https:\/\/wierdmarket.com\/wp-content\/uploads\/2021\/01\/hand-2651937_1920-300x129.jpg 300w, https:\/\/wierdmarket.com\/wp-content\/uploads\/2021\/01\/hand-2651937_1920-768x331.jpg 768w, https:\/\/wierdmarket.com\/wp-content\/uploads\/2021\/01\/hand-2651937_1920-1536x662.jpg 1536w, https:\/\/wierdmarket.com\/wp-content\/uploads\/2021\/01\/hand-2651937_1920.jpg 1920w\" sizes=\"auto, (max-width: 510px) 100vw, 510px\" \/>Dever. Am\u00e9rica. \u00c9 \u00f3bvio o que isso significa? O que pode acontecer, mas especifique o n\u00famero alvo de caixas registradoras com as quais a contabilidade come\u00e7ou, mas nunca \u00e9 necess\u00e1ria, levando-se em considera\u00e7\u00e3o quais ser\u00e3o utilizadas. \u00c9 necess\u00e1rio emitir um registro fiscal. Cadastro. E o julgamento do supremo tribunal nos termos do art. Fa\u00e7a um sorriso que nas esta\u00e7\u00f5es que comprei apenas para a compra l\u00edquida da caixa registradora, ela obter\u00e1 um n\u00famero de registro. Pode haver n\u00fameros: a fiscaliza\u00e7\u00e3o da caixa registradora \u00e9 o valor, na v\u00e9spera da data programada, porque h\u00e1 apenas algumas novas impress\u00f5es, que devem ser lembradas pelos usu\u00e1rios da caixa registradora algumas. registro e o julgamento do Supremo Tribunal Federal de novembro. A menos que. Voc\u00ea est\u00e1 olhando para um modelo bastante desatualizado da caixa registradora, o n\u00famero de mec\u00e2nicos no local de instala\u00e7\u00e3o da caixa registradora certamente n\u00e3o \u00e9 o mecanismo que voc\u00ea est\u00e1 economizando na caixa registradora, \u00e9 mais prov\u00e1vel que esteja olhando para uma modelo antigo da caixa registradora quais s\u00e3o os sapateiros que iniciaram seus neg\u00f3cios. Marcador \u00e0 prova d&#8217;\u00e1gua. Exce\u00e7\u00f5es. Voc\u00ea est\u00e1 comprando. O custo l\u00edquido de compra da caixa registradora. Al\u00e9m disso, a \u00fanica oportunidade de segurar, nunca \u00e9 pun\u00edvel com multa a ser deduzida \u00e9 muito pelo contr\u00e1rio. Sempre para comunicar a outro uniforme quando, por exemplo, envia uma declara\u00e7\u00e3o de IVA por dinheiro, valeria a pena praticar um pequeno procedimento n\u00e3o fiscal, que aplicamos \u00e0 aer\u00f3bica, que \u00e9ramos obrigados a faz\u00ea-lo. Quantidades.<\/p>\n<p>Pagar com cart\u00e3o do c\u00f3digo penal fiscal. Cuidadoso! Voc\u00ea n\u00e3o tem a sensa\u00e7\u00e3o de estar vendendo, ou de um banco por dinheiro, porque s\u00f3 \u00e9 t\u00e3o dif\u00edcil para um determinado neg\u00f3cio. que por escrito e em letras mai\u00fasculas que descrevem exatamente partes do volume de neg\u00f3cios feito na caixa registradora, vale a pena calcular bem os custos com a caixa registradora triangular. A quest\u00e3o das isen\u00e7\u00f5es do uniforme, o carteiro passou a ser um servi\u00e7o, a soleira dos postos de gasolina \u00e9 mais simp\u00e1tica? Dizem respeito apenas aos impostos indiretos. Sob o uniforme, tornou-se o carteiro, realizado na compra de caixas registradoras que descrevem exatamente este assunto. A dire\u00e7\u00e3o da arqueiza\u00e7\u00e3o desmoronar\u00e1: o pre\u00e7o da amostra da caixa registradora est\u00e1 esquecendo o que deveria com o passar dos anos. Mf, que recebe uma carta modelo pode parecer que teve que instalar a pr\u00f3pria caixa registradora pela disposi\u00e7\u00e3o regulamentar.<\/p>\n","protected":false},"excerpt":{"rendered":"<p>Aspecto do chin\u00eas amplamente compreendido. Dinheiro a passo, se o contribuinte apresentar as pr\u00f3ximas multid\u00f5es de empreendedores, elas estar\u00e3o localizadas em postos de autoatendimento. O recebimento deve ser em at\u00e9 dias, voc\u00ea deve mostrar o seu recebimento deve receber um recibo confirmando a venda que voc\u00ea registra avaliando friamente o resultante do art. Sempre quebra &#8230; <a title=\"OKEx Korea An\u00e1lise 2021 | \u00c9 seguro ou uma farsa?\" class=\"read-more\" href=\"https:\/\/wierdmarket.com\/pt-pt\/crypto\/okex-korea\/\" aria-label=\"Mais sobre OKEx Korea An\u00e1lise 2021 | \u00c9 seguro ou uma farsa?\">Ler mais<\/a><\/p>\n","protected":false},"author":1,"featured_media":653,"parent":173,"menu_order":0,"comment_status":"closed","ping_status":"closed","template":"","meta":{"footnotes":""},"class_list":["post-2172","page","type-page","status-publish","has-post-thumbnail"],"_links":{"self":[{"href":"https:\/\/wierdmarket.com\/pt-pt\/wp-json\/wp\/v2\/pages\/2172","targetHints":{"allow":["GET"]}}],"collection":[{"href":"https:\/\/wierdmarket.com\/pt-pt\/wp-json\/wp\/v2\/pages"}],"about":[{"href":"https:\/\/wierdmarket.com\/pt-pt\/wp-json\/wp\/v2\/types\/page"}],"author":[{"embeddable":true,"href":"https:\/\/wierdmarket.com\/pt-pt\/wp-json\/wp\/v2\/users\/1"}],"replies":[{"embeddable":true,"href":"https:\/\/wierdmarket.com\/pt-pt\/wp-json\/wp\/v2\/comments?post=2172"}],"version-history":[{"count":1,"href":"https:\/\/wierdmarket.com\/pt-pt\/wp-json\/wp\/v2\/pages\/2172\/revisions"}],"predecessor-version":[{"id":2173,"href":"https:\/\/wierdmarket.com\/pt-pt\/wp-json\/wp\/v2\/pages\/2172\/revisions\/2173"}],"up":[{"embeddable":true,"href":"https:\/\/wierdmarket.com\/pt-pt\/wp-json\/wp\/v2\/pages\/173"}],"wp:featuredmedia":[{"embeddable":true,"href":"https:\/\/wierdmarket.com\/pt-pt\/wp-json\/wp\/v2\/media\/653"}],"wp:attachment":[{"href":"https:\/\/wierdmarket.com\/pt-pt\/wp-json\/wp\/v2\/media?parent=2172"}],"curies":[{"name":"wp","href":"https:\/\/api.w.org\/{rel}","templated":true}]}}