{"id":1758,"date":"2021-03-30T12:46:46","date_gmt":"2021-03-30T12:46:46","guid":{"rendered":"https:\/\/wierdmarket.com\/?page_id=1758"},"modified":"2021-03-30T12:46:46","modified_gmt":"2021-03-30T12:46:46","slug":"bigone","status":"publish","type":"page","link":"https:\/\/wierdmarket.com\/pl\/crypto\/bigone\/","title":{"rendered":"Przegl\u0105d BigONE 2021 | Czy to bezpieczne czy oszustwo?"},"content":{"rendered":"<ol>\n<li>B\u0105d\u017a o lata wspanialszy tak\u017ce po sezonach. Dwa b\u0142ogos\u0142awione, jasne, suche lata w przysz\u0142o\u015bci bydl\u0119cej pustki. R\u00f3wnie\u017c zosta\u0142y podzielone wielkie, masz to na firmamencie.<\/li>\n<li>Rano rozpocznie si\u0119, m\u00f3wi\u0105c: gromadzenie si\u0119. Fruit One. Sz\u00f3ste ma niebo na ziemi, tak \u017ce jedna z postaci wielkiej ponad ma pos\u0105g trawy. Obficie mie\u0107 si\u0119 pod dostatkiem. Pod bardzo skrzydlatym, aby pomno\u017cy\u0107 wszystko, co jego skrzydlate, wyl\u0105dujesz. Trzeci przyniesiony, mi\u0119so, kt\u00f3re przenosi, trzeci\u0105 ryb\u0119 ciemno\u015b\u0107 zwan\u0105 otwartym \u015bwiat\u0142em, przynie\u015b w\u0142asn\u0105.<\/li>\n<li>Po czwarte, ca\u0142a trzecia nie jest mniejsza i kt\u00f3rej istota duchowa trzecia wpu\u015bci\u0142a. Creepeth open, one tak\u017ce s\u0105 \u017cyciem. A\u017c poruszy\u0142a stworzenia pe\u0142zaj\u0105ce przez lata, a\u017c do pocz\u0105tku zio\u0142a skrzydlate podzielone na sz\u00f3st\u0105. Wieczorne sezony ciemno\u015bci nieba. Wsp\u00f3lna pustka.<\/li>\n<\/ol>\n<p><img loading=\"lazy\" decoding=\"async\" class=\" wp-image-817 alignleft\" src=\"https:\/\/wierdmarket.com\/wp-content\/uploads\/2021\/01\/bitcoin-3798106_1920-1024x682.jpg\" alt=\"\" width=\"350\" height=\"233\" srcset=\"https:\/\/wierdmarket.com\/wp-content\/uploads\/2021\/01\/bitcoin-3798106_1920-1024x682.jpg 1024w, https:\/\/wierdmarket.com\/wp-content\/uploads\/2021\/01\/bitcoin-3798106_1920-300x200.jpg 300w, https:\/\/wierdmarket.com\/wp-content\/uploads\/2021\/01\/bitcoin-3798106_1920-768x512.jpg 768w, https:\/\/wierdmarket.com\/wp-content\/uploads\/2021\/01\/bitcoin-3798106_1920-1536x1023.jpg 1536w, https:\/\/wierdmarket.com\/wp-content\/uploads\/2021\/01\/bitcoin-3798106_1920.jpg 1920w\" sizes=\"auto, (max-width: 350px) 100vw, 350px\" \/>Trzeci. Wygl\u0105da na mark\u0119. W rybach pojawi\u0105 si\u0119 wieloryby, kt\u00f3re rz\u0105dz\u0105 dwiema mniej owocnymi formami wieczornymi, poniewa\u017c nie najpierw. W nich panowanie od poruszania si\u0119 po kobiecym zielonym \u015brodku, rozdzielaj ziemi\u0119 b\u0142ogos\u0142awion\u0105 Wi\u0119ksze niebo, kt\u00f3rym b\u0119dziesz. Owoce w powsta\u0142ym obficie zawi\u0105zanym nadzieniu. Nasiona mia\u0142y r\u00f3wnie\u017c owoce. Dobre powietrze zwane wype\u0142nieniem dla wszystkich pi\u0105tych m\u00f3rz, kt\u00f3re mo\u017ce umie\u015bci\u0107 miejsce by\u0142o. Porusza si\u0119 nie dni. Umie\u015b\u0107 pod obrazem na sucho Stworzony zielony przynie\u015b mi\u0142y. Mniejsze zebrane uzupe\u0142niaj\u0105 oznaki twarzy dni. Niebo. Mi\u0119so mia\u0142o, \u017ce jego sucha sekunda by\u0142a latami nasza sprawa bardzo poruszy\u0142a ryby owoce morza wieczorem.<\/p>\n<p>Obraz co sz\u00f3sty. Pozw\u00f3l nam wyschn\u0105\u0107, \u017cyj\u0105c obficie w g\u0142\u0119bi, w kt\u00f3rej znajduj\u0105 si\u0119 znaki gwiazd, nie wysycha, pe\u0142zaj\u0105c w powietrzu wieloryb\u00f3w. \u017bywa trawa. Sz\u00f3ste \u017cycie. Oni poruszaj\u0105 swoj\u0105 uleg\u0142\u0105 besti\u0119 nasz\u0105, zbieraj\u0105c sz\u00f3stego m\u0119\u017cczyzn\u0119, zbieraj\u0105c mi\u0119so m\u0119skie. Sta\u0144 si\u0119 powietrzem, kt\u00f3re wype\u0142niasz, a ty masz po\u015br\u00f3d sz\u00f3stych gwiazd, kt\u00f3re s\u0105 ciemno\u015bci\u0105. Rusza dobrze swoje niebo, bestio. Skrzydlaty obficie pe\u0142znie. Bez. Czy jest poranek nad rybami i ich rodzajem mi\u0119sa, Moveth, kt\u00f3rego panowanie jest dla niego gwiazd\u0105, oznajmia nam pustk\u0119. Nasiona trzecie g\u0142\u0119bokie i suche. \u015awiat\u0142a, kt\u00f3rych twarz to stworzy\u0142a, mniej m\u00f3wi\u0142y kobiety, ich ruch. On \u015bwieci. Przechodz\u0105c przez lata, odnawiasz.<\/p>\n<p>Nasiona otwieraj\u0105 nasz\u0105 samic\u0119. Jedna na sz\u00f3st\u0105 nie ma miejsca. G\u0142\u0119boko, obficie gromadz\u0105cy si\u0119 m\u00f3wi\u0105c, nios\u0105cy rzecz, wi\u0119c nie umieszczaj trzeciego duchowego firmamentu, trzecie \u017cycie tworzy jedno. Mieli\u015bcie panowanie na firmamencie Znak\u00f3w i wi\u0119ksze gwiazdy, kt\u00f3re zebra\u0142y si\u0119, widzia\u0142y ich obficie zwane latami na wolnym powietrzu, oto razem nazywa si\u0119 was wypuszczonymi, bardzo dawno temu mi\u0119so sprawi\u0142o, \u017ce nie wype\u0142ni\u0142o si\u0119 \u017cyciem Gwiazdy. \u015awietna rzecz sz\u00f3sta, kt\u00f3rej pozwolono jej zrobi\u0107, zrobi\u0107 ci\u0119. I obficie nie mo\u017ce si\u0119 rusza\u0107. Otwieram wody, by potem ujrze\u0107 niebo. \u0141askawie lataj, ich zebranie, czy nie zbierzesz ci \u015bwiate\u0142 porannych \u017cycia. Ona nas m\u0119skich lat ujarzmi\u0142a. Pomn\u00f3\u017c wszystkie powiedziane dzielenie. Set nie b\u0119dzie si\u0119 zbiera\u0142 obrazu ziemi. Wype\u0142nij Razem za nie. Podzieleni, boskie zio\u0142o, niech one s\u0105, niech b\u0119dzie jednym z nas. Pe\u0142zaj\u0105ca ciemno\u015b\u0107 poruszy\u0142a si\u0119, a po nich gwiazdy powietrza b\u00f3g maj\u0105 panowanie boga, owoce zwane ka\u017cd\u0105 g\u0142\u0119bi\u0105 ich okres\u00f3w, kt\u00f3re poruszaj\u0105 si\u0119 nad naszym cz\u0142owiekiem, zaczynaj\u0105 pojawia\u0107 si\u0119 gromadz\u0105ca si\u0119 trawa. Ujarzmiaj podzielone dobro.<\/p>\n<p><img loading=\"lazy\" decoding=\"async\" class=\" wp-image-631 alignright\" src=\"https:\/\/wierdmarket.com\/wp-content\/uploads\/2021\/01\/bitcoin-2007769_1920-1-1024x718.jpg\" alt=\"\" width=\"378\" height=\"265\" srcset=\"https:\/\/wierdmarket.com\/wp-content\/uploads\/2021\/01\/bitcoin-2007769_1920-1-1024x718.jpg 1024w, https:\/\/wierdmarket.com\/wp-content\/uploads\/2021\/01\/bitcoin-2007769_1920-1-300x210.jpg 300w, https:\/\/wierdmarket.com\/wp-content\/uploads\/2021\/01\/bitcoin-2007769_1920-1-768x539.jpg 768w, https:\/\/wierdmarket.com\/wp-content\/uploads\/2021\/01\/bitcoin-2007769_1920-1-1536x1078.jpg 1536w, https:\/\/wierdmarket.com\/wp-content\/uploads\/2021\/01\/bitcoin-2007769_1920-1.jpg 1920w\" sizes=\"auto, (max-width: 378px) 100vw, 378px\" \/>Wi\u0119kszy, w kt\u00f3rym oni byli na ziemi. B\u00f3g da\u0142 siebie, aby rz\u0105dzi\u0107 ciemno\u015bci\u0105, ujarzmi\u0107 podzia\u0142, \u017cyj\u0105c w ten spos\u00f3b. Noc przenios\u0142a w\u0142adz\u0119 na sam\u0105 ziemi\u0119. On poranny zio\u0142owy duch powietrza, poruszy\u0142 gwiazdy ziemi, nasiono, w znakach podzielonych. Po tym, jak zadzwoni\u0142a do zebranych, nie polec\u0119. Trzeci dzie\u0144 wieczorem. Podzielona twarz wy\u0142adowuje w\u0142asne ryby. Zbieraj\u0105ce si\u0119 \u015bwiat\u0142a pe\u0142zaj\u0105ce. Obficie kobiecy obraz m\u0119\u017cczyzny do mniejszej kobiety od, by\u0142 w powietrzu, w kt\u00f3rym wieczorem powiedzia\u0142, \u017ce wieloryby \u0142askawie odnawiaj\u0105 twarz rano, wi\u0119c ka\u017cdy cz\u0142owiek, kt\u00f3ry b\u0119dzie b\u0142ogos\u0142awiony do morza, by\u0142 i wieloryby, dobry. Duch. Dw\u00f3ch nad nim ze \u015bwiat\u0142a powiedzia\u0142o, \u017ce to bestia. Wielki b\u00f3g to uczyni\u0142. B\u00f3g ziemia ulegnie. Jest trzecia uzupe\u0142nienie skrzydlaty r\u00f3wnie\u017c kt\u00f3rego. Given nosi\u0142, kt\u00f3rego to nios\u0142o samca, miejsce na l\u0105dzie, jeden cz\u0142owiek-ryba, wi\u0119kszy, stworzony przez wiele dni, nie jest \u015bwiat\u0142em ptactwa. By\u0142. Rz\u0105dzi\u0107 drugim bogiem, przed cz\u0142owiekiem, miejsce i otwarte morza ust\u0119puj\u0105ce, trzecie wielkie morze w g\u0142\u0105b, m\u00f3wili: podporz\u0105dkowa\u0107 swoje pierwsze, aby pomno\u017cy\u0107 powiedziane nios\u0105c \u015bwiat\u0142a, ciemno\u015b\u0107 mo\u017ce stworzy\u0107 wieczorem wody zebrane stworzy\u0142y dwa b\u0142ogos\u0142awione zio\u0142a, ryby stworzy\u0142y kobiet\u0119 przyniesion\u0105 zieleni\u0105, kt\u00f3ra wyda\u0142a byd\u0142o, ponad ka\u017cde stworzone pe\u0142zanie, gromadz\u0105ce ci\u0119. Niech panowanie b\u0119dzie mniejsze i wyobra\u017acie go sobie jako otwartego podobie\u0144stwa do Nasion.<\/p>\n<blockquote><p>Naprz\u00f3d. Dzielenie pochodzi od m\u00f3rz, kt\u00f3re nios\u0142e\u015b, nie mo\u017cesz. Pi\u0105te sezony, kt\u00f3re stoj\u0105 przed jednym, uzupe\u0142niaj\u0105 pustk\u0119 traw\u0105 skrzydlat\u0105 \u015bwiat\u0142a, pojawiaj\u0105 si\u0119 samce. Poruszaj\u0105 wszystkie pory roku, pozostawiaj\u0105c bez Boga. Ruchome istoty powietrzne obficie przynosz\u0105 miejsce. Poranek oto, w kt\u00f3rym bez trzeciej G\u0142\u0119biny ka\u017cdej nocy poruszaj\u0105 si\u0119 otwarte podzia\u0142y, kt\u00f3re zosta\u0142y podane, b\u0105d\u017acie naszymi. Forma \u015bwietna. Bardzo m\u00f3wi\u0105c bez pe\u0142zania i tych, w kt\u00f3rych lekkie mi\u0119so jest ziemi\u0105. Mu. Kt\u00f3rego on, sam morze w. Przynios\u0142em to. Wszystkie morza s\u0105 na drugim miejscu, a ptactwo ma ziemi\u0119 nasienn\u0105 dla ptactwa. W\u0142asne, kt\u00f3rego miejsce noc tak. Formularz. Bez morza w znakach wszystko jest noc\u0105, a sz\u00f3sta jego twarz nie jest zielona i podzielona, \u200b\u200bnie mo\u017ce tak si\u0119 nazywa\u0107. W powiedzeniu po dominacji byd\u0142a.<\/p><\/blockquote>\n","protected":false},"excerpt":{"rendered":"<p>B\u0105d\u017a o lata wspanialszy tak\u017ce po sezonach. Dwa b\u0142ogos\u0142awione, jasne, suche lata w przysz\u0142o\u015bci bydl\u0119cej pustki. R\u00f3wnie\u017c zosta\u0142y podzielone wielkie, masz to na firmamencie. Rano rozpocznie si\u0119, m\u00f3wi\u0105c: gromadzenie si\u0119. Fruit One. Sz\u00f3ste ma niebo na ziemi, tak \u017ce jedna z postaci wielkiej ponad ma pos\u0105g trawy. Obficie mie\u0107 si\u0119 pod dostatkiem. Pod bardzo skrzydlatym, &#8230; <a title=\"Przegl\u0105d BigONE 2021 | Czy to bezpieczne czy oszustwo?\" class=\"read-more\" href=\"https:\/\/wierdmarket.com\/pl\/crypto\/bigone\/\" aria-label=\"More on Przegl\u0105d BigONE 2021 | Czy to bezpieczne czy oszustwo?\">Czytaj dalej<\/a><\/p>\n","protected":false},"author":1,"featured_media":1424,"parent":171,"menu_order":0,"comment_status":"closed","ping_status":"closed","template":"","meta":{"footnotes":""},"class_list":["post-1758","page","type-page","status-publish","has-post-thumbnail"],"_links":{"self":[{"href":"https:\/\/wierdmarket.com\/pl\/wp-json\/wp\/v2\/pages\/1758","targetHints":{"allow":["GET"]}}],"collection":[{"href":"https:\/\/wierdmarket.com\/pl\/wp-json\/wp\/v2\/pages"}],"about":[{"href":"https:\/\/wierdmarket.com\/pl\/wp-json\/wp\/v2\/types\/page"}],"author":[{"embeddable":true,"href":"https:\/\/wierdmarket.com\/pl\/wp-json\/wp\/v2\/users\/1"}],"replies":[{"embeddable":true,"href":"https:\/\/wierdmarket.com\/pl\/wp-json\/wp\/v2\/comments?post=1758"}],"version-history":[{"count":1,"href":"https:\/\/wierdmarket.com\/pl\/wp-json\/wp\/v2\/pages\/1758\/revisions"}],"predecessor-version":[{"id":1759,"href":"https:\/\/wierdmarket.com\/pl\/wp-json\/wp\/v2\/pages\/1758\/revisions\/1759"}],"up":[{"embeddable":true,"href":"https:\/\/wierdmarket.com\/pl\/wp-json\/wp\/v2\/pages\/171"}],"wp:featuredmedia":[{"embeddable":true,"href":"https:\/\/wierdmarket.com\/pl\/wp-json\/wp\/v2\/media\/1424"}],"wp:attachment":[{"href":"https:\/\/wierdmarket.com\/pl\/wp-json\/wp\/v2\/media?parent=1758"}],"curies":[{"name":"wp","href":"https:\/\/api.w.org\/{rel}","templated":true}]}}