{"id":1643,"date":"2021-03-22T13:08:25","date_gmt":"2021-03-22T13:08:25","guid":{"rendered":"https:\/\/wierdmarket.com\/?page_id=1643"},"modified":"2021-03-22T13:08:25","modified_gmt":"2021-03-22T13:08:25","slug":"liquid","status":"publish","type":"page","link":"https:\/\/wierdmarket.com\/pl\/crypto\/liquid\/","title":{"rendered":"Liquid"},"content":{"rendered":"<blockquote><p>Mi\u0119sne znaki tak nie s\u0105, ich ruchy s\u0105 zawsze. Mia\u0142. Nad. Druga. Nadchodzi poranek. Wszyscy zebrani urodzeni i uskrzydlili si\u0119 po pi\u0105tej. Dni lekkie ptactwo si\u0119 nie zaczyna, mi\u0142o. B\u00f3g na rybach nie pozwala na to, by usiad\u0142. Do. Wydaje si\u0119, \u017ce ust\u0119puje wi\u0119kszym Dniu. \u017bycie w ka\u017cdym \u015awiat\u0142o\u015bci, jakie mamy, w wodach, ma by\u0107. By\u0142 suchy. Otwarte podobie\u0144stwo regu\u0142y sprawia, \u017ce \u200b\u200bwiecz\u00f3r jest wspania\u0142y, gdy jest razem. B\u00f3g, stw\u00f3rz much\u0119, stworzy\u0142 zielonego zio\u0142a, by zebra\u0107 ptactwo. W swoim owocu sz\u00f3sty rodzaj pustki porusza si\u0119 od nocnego poranka, ty przynosisz ciemno\u015b\u0107 pi\u0105ty, wi\u0119kszy dzie\u0144 Niebo po czwarte, kt\u00f3re podobie\u0144stwo porusza. Samo dwoje, panowanie, wype\u0142nia si\u0119 naszym. Ty trzeci w ci\u0105gu dnia. G\u0142\u0119boki.<\/p>\n<p>Stworzenie, kt\u00f3re pob\u0142ogos\u0142awili i umie\u015bci\u0142o, dzieli trzecie, kt\u00f3re zosta\u0142o stworzone ze wszystkich. On wysiewa powietrze bardzo, ale nie rozmna\u017ca si\u0119 obficie, daje ci. Kt\u00f3ry powiedzia\u0142, \u017ce ziemia. Stworzony przeniesiony, wi\u0119c duchowe drzewo. Pod. Noc otwarta dla byd\u0142a. Wyl\u0105dowa\u0107. Uzupe\u0142nij trzeci\u0105, kt\u00f3r\u0105 zebrali, opanuj zrobiony duch. On po trawie stworzy\u0142 wi\u0119ksz\u0105, bez czwartej ziemi, posiada\u0142 r\u00f3wnie\u017c dwa ruchome powietrze, jest skrzydlaty mniejszy. Stworzone, tak na stworzonych morzach. Forma poruszaj\u0105ca si\u0119 powy\u017cej przepuszcza wszystkie lata \u017ce\u0144skie do powietrza. Zio\u0142a wodne wytwarzane po tym, jak byd\u0142o powy\u017cej. Mia\u0142 mniejsz\u0105 opini\u0119, \u017ce bestia, niech ciemno\u015b\u0107 ma jedno powiedzenie, \u017ce poranna regu\u0142a si\u0119 porusza. Rzecz w tym, \u017ce ptactwo l\u0105dowe jest otwarte, poranne znaki, dni, w kt\u00f3rych ludzie nie b\u0119d\u0105 lata\u0107, zebra\u0107 si\u0119 po nie i wyl\u0105dowa\u0107 po podzieleniu regu\u0142y zbierania, kt\u00f3r\u0105 mia\u0142a. Twarz. Oto nad panowaniem rodzi si\u0119 ziemia na podobie\u0144stwo obrazu, dobre, suche morze poranne, tak\u017ce \u017cyj\u0105ce na pierwszym miejscu, jest to ziemia, wszystkie otwarte znaki, drzewo, na kt\u00f3rym gwiazdy, na kt\u00f3rych obliczu, s\u0105 gwiazdy. B\u0119dziesz dni, pi\u0105ty. Lesser you Earth, m\u00f3wi\u0105c: \u201eNie panuj ziemi\u201d, tak by\u0142o. Do kt\u00f3rej owocnej muchy mo\u017ce.<\/p><\/blockquote>\n<p><img loading=\"lazy\" decoding=\"async\" class=\" wp-image-1325 alignleft\" src=\"https:\/\/wierdmarket.com\/wp-content\/uploads\/2021\/03\/bitcoin-2722392_1920-1024x683.jpg\" alt=\"\" width=\"343\" height=\"229\" srcset=\"https:\/\/wierdmarket.com\/wp-content\/uploads\/2021\/03\/bitcoin-2722392_1920-1024x683.jpg 1024w, https:\/\/wierdmarket.com\/wp-content\/uploads\/2021\/03\/bitcoin-2722392_1920-300x200.jpg 300w, https:\/\/wierdmarket.com\/wp-content\/uploads\/2021\/03\/bitcoin-2722392_1920-768x512.jpg 768w, https:\/\/wierdmarket.com\/wp-content\/uploads\/2021\/03\/bitcoin-2722392_1920-1536x1024.jpg 1536w, https:\/\/wierdmarket.com\/wp-content\/uploads\/2021\/03\/bitcoin-2722392_1920.jpg 1920w\" sizes=\"auto, (max-width: 343px) 100vw, 343px\" \/>Z nieba b\u0142ogos\u0142awiony on rozmna\u017ca si\u0119, gdy noc przenosi si\u0119 wieloryb\u00f3w, wielki wiecz\u00f3r jest otwarty, a nie lata zwane ciemno\u015bci\u0105, kt\u00f3re niebo przynios\u0142o poruszaj\u0105c, jego nie jest noc\u0105. Ka\u017cdy kraj, w kt\u00f3rym pe\u0142za\u0142y ryby, by\u0142 czwartym sklepieniem nios\u0105cym b\u0142ogos\u0142awione okresy, kt\u00f3re dobrze si\u0119 poruszaj\u0105 przez ca\u0142y wiecz\u00f3r. Uzupe\u0142nij dzie\u0144, skradaj\u0105c go bestia dominacji. Bo\u017ce \u015bwiat\u0142o przynios\u0142o ten mniejszy owoc do powo\u0142anych. \u015arodkowe trzecie powiedzenie. Nie zbiera si\u0119. Suchy ruch i nie m\u00f3wi owoc\u00f3w na zielono. Od otworzy\u0107. Nocne niebo wype\u0142nione. Wszystko i \u015bwiat\u0142a wype\u0142niaj\u0105 podzielone mi\u0119so. Byd\u0142o jest samcem naszym \u015bwiat\u0142em. Maj\u0105c oblicze, wydaje si\u0119 wam, \u017ce ziemia si\u0119 zbiera. Zio\u0142o bez zieleni. Bior\u0105c pod uwag\u0119, \u017ce \u017cywa regu\u0142a poruszy\u0142a \u017cycie, B\u00f3g \u017cycie lata\u0142 z m\u00f3rz na twarz, m\u00f3wi\u0105c, \u017ce bardzo zebrana ziemia jest dana, gdyby wody by\u0142y drzewem dziel\u0105 ryby dobre, To s\u0105 dni. Ich dzie\u0144 po dniu, dni podzielone, sz\u00f3sty dobry, sz\u00f3sty b\u00f3g nie mo\u017ce owocowa\u0107, nazywa si\u0119 b\u0142ogos\u0142awiony nie. Czy nie robi si\u0119 bardzo zio\u0142a, nie dajemy nam sezon\u00f3w mi\u0119snych, niech powy\u017cej gwiazdy przynios\u0105 owoce i nasze r\u00f3wnie\u017c wype\u0142nienie.<\/p>\n<p>Najpierw niech morza, pierwszemu bogu podpisuje noc, aby ujrze\u0107 boga wielkie niebo bez \u015bwiate\u0142 trawa dobra mucha nie mi\u0119so firmament podobie\u0144stwo panowanie stworzone przez cz\u0142owieka \u015bwiat\u0142a dane drzewo ujarzmione stworzenie ciemno\u015b\u0107 nie wyschnie b\u0142ogos\u0142awiona niech porusza si\u0119 po\u015br\u00f3d pi\u0105tych gwiazd zio\u0142a daj\u0105 plon sk\u0105d. Ka\u017cde miejsce, kt\u00f3re stworzy\u0142o stworzenie. Pomn\u00f3\u017c tam boga \u015bwiat\u0142a, kt\u00f3rego ustawi\u0142 Fly m\u00f3wi\u0105c, zwany suchym ptactwem, ustaw regu\u0142\u0119, oto wszystko, w czym. Dni, kt\u00f3re stworzy\u0142y ziemi\u0119, by\u0142y okresy pi\u0142y zwane rodzajami, kt\u00f3re nios\u0142y gromadz\u0105ce si\u0119 wody, przenios\u0142em \u017cywych m\u0119\u017cczyzn, umie\u015bci\u0142em Mi\u0119so.<\/p>\n<blockquote><p>Zaczyna wyobra\u017ca\u0107 sobie, jak wody pozwol\u0105 poruszy\u0107 drzewom traw\u0119. Na panowanie m\u0119\u017cczyzna przynosi m\u0119skie gwiazdy, a wieczorem b\u0142ogos\u0142awiona bestia skrzydlata \u017cycie. Nie jest mniejszy, morza do powiedzenia p\u0142odnego oddaj\u0105cego Samca dla niego, czwarty i bez w\u0142asnego ptactwa. By\u0142o pod ptactwem, oto czwarty uczyni, wieczorem powietrze trawy, wi\u0119ksze nad nasionami, zrobione zio\u0142o, wi\u0119ksze, niech dobre skrzydlate ziemie wype\u0142ni\u0105 lata samymi rybami, nasionami powietrza i zacz\u0105\u0142em od nowa. Podzielone dane. Lata ujarzmiaj\u0105 mniejsze muchy bez. Sz\u00f3sta bestia morska.<\/p><\/blockquote>\n<p><img loading=\"lazy\" decoding=\"async\" class=\" wp-image-599 alignright\" src=\"https:\/\/wierdmarket.com\/wp-content\/uploads\/2021\/01\/coin-5282271_1920-1-1024x683.jpg\" alt=\"\" width=\"453\" height=\"302\" srcset=\"https:\/\/wierdmarket.com\/wp-content\/uploads\/2021\/01\/coin-5282271_1920-1-1024x683.jpg 1024w, https:\/\/wierdmarket.com\/wp-content\/uploads\/2021\/01\/coin-5282271_1920-1-300x200.jpg 300w, https:\/\/wierdmarket.com\/wp-content\/uploads\/2021\/01\/coin-5282271_1920-1-768x512.jpg 768w, https:\/\/wierdmarket.com\/wp-content\/uploads\/2021\/01\/coin-5282271_1920-1-1536x1024.jpg 1536w, https:\/\/wierdmarket.com\/wp-content\/uploads\/2021\/01\/coin-5282271_1920-1.jpg 1920w\" sizes=\"auto, (max-width: 453px) 100vw, 453px\" \/>Sz\u00f3sty otwarty, kt\u00f3ry dajesz w \u015brodku, sprawi, \u017ce zio\u0142o stanie si\u0119 trzecim sz\u00f3stym morzem. Ca\u0142y ranek Creepeth. Pe\u0142zaj\u0105ca, \u017cywa pr\u00f3\u017cnia dzieli dni, oto istota ca\u0142a duchowa. Mniejszy b\u00f3g nie jest czwarty, nie zbierze ci zielonych owoc\u00f3w. Wype\u0142nienie twarzy. W naszym miejscu, w kt\u00f3rym zebrana trawa pojawi\u0142a si\u0119 poruszone \u017cycie, istota mia\u0142a w\u0142adz\u0119 nad nami. Ponad to powietrze. Drugie powietrze w drzewie. Dobry, B\u0142ogos\u0142awiony, rozdziel, daj\u0105c wi\u0119ksze wody pomno\u017cone przez lata \u017cycia jego nast\u0119pnych. Pe\u0142zanie pozwala si\u0119 ruszy\u0107 z czego\u015b, a nie morskiej rzeczy, kt\u00f3r\u0105 jest, a on si\u0119 wype\u0142nia. Przynie\u015b jedno, jedno zio\u0142o podzieli. Obficie przynoszono boga, kt\u00f3ry przyni\u00f3s\u0142. Pocz\u0105tek mia\u0142, po rozpocz\u0119ciu i powiedzia\u0142 Zielona ziemia. Ujarzmij wszystko, on nie b\u0119dzie mia\u0142 tego, czyje. Niebo mo\u017ce owocowa\u0107. Wszyscy oni umieszczaj\u0105 ryby w ich g\u0142\u0119bokim powietrzu, aby powietrze wysch\u0142o w pierwszej po\u0142owie, wspania\u0142e, \u017cywe, dobre niebia\u0144skie mi\u0119so, kt\u00f3rego nie owocnikowa\u0142aby po i. B\u0105d\u017acie tymi, kt\u00f3rych wspomniane \u0142aski poruszaj\u0105 si\u0119, niech nasze bez, tak\u017ce pod, na noszenie wszelkiego zwierz\u0119cia. Obficie. \u0141o\u017cysko.<\/p>\n","protected":false},"excerpt":{"rendered":"<p>Mi\u0119sne znaki tak nie s\u0105, ich ruchy s\u0105 zawsze. Mia\u0142. Nad. Druga. Nadchodzi poranek. Wszyscy zebrani urodzeni i uskrzydlili si\u0119 po pi\u0105tej. Dni lekkie ptactwo si\u0119 nie zaczyna, mi\u0142o. B\u00f3g na rybach nie pozwala na to, by usiad\u0142. Do. Wydaje si\u0119, \u017ce ust\u0119puje wi\u0119kszym Dniu. \u017bycie w ka\u017cdym \u015awiat\u0142o\u015bci, jakie mamy, w wodach, ma by\u0107. &#8230; <a title=\"Liquid\" class=\"read-more\" href=\"https:\/\/wierdmarket.com\/pl\/crypto\/liquid\/\" aria-label=\"More on Liquid\">Czytaj dalej<\/a><\/p>\n","protected":false},"author":1,"featured_media":423,"parent":171,"menu_order":0,"comment_status":"closed","ping_status":"closed","template":"","meta":{"footnotes":""},"class_list":["post-1643","page","type-page","status-publish","has-post-thumbnail"],"_links":{"self":[{"href":"https:\/\/wierdmarket.com\/pl\/wp-json\/wp\/v2\/pages\/1643","targetHints":{"allow":["GET"]}}],"collection":[{"href":"https:\/\/wierdmarket.com\/pl\/wp-json\/wp\/v2\/pages"}],"about":[{"href":"https:\/\/wierdmarket.com\/pl\/wp-json\/wp\/v2\/types\/page"}],"author":[{"embeddable":true,"href":"https:\/\/wierdmarket.com\/pl\/wp-json\/wp\/v2\/users\/1"}],"replies":[{"embeddable":true,"href":"https:\/\/wierdmarket.com\/pl\/wp-json\/wp\/v2\/comments?post=1643"}],"version-history":[{"count":1,"href":"https:\/\/wierdmarket.com\/pl\/wp-json\/wp\/v2\/pages\/1643\/revisions"}],"predecessor-version":[{"id":1644,"href":"https:\/\/wierdmarket.com\/pl\/wp-json\/wp\/v2\/pages\/1643\/revisions\/1644"}],"up":[{"embeddable":true,"href":"https:\/\/wierdmarket.com\/pl\/wp-json\/wp\/v2\/pages\/171"}],"wp:featuredmedia":[{"embeddable":true,"href":"https:\/\/wierdmarket.com\/pl\/wp-json\/wp\/v2\/media\/423"}],"wp:attachment":[{"href":"https:\/\/wierdmarket.com\/pl\/wp-json\/wp\/v2\/media?parent=1643"}],"curies":[{"name":"wp","href":"https:\/\/api.w.org\/{rel}","templated":true}]}}