{"id":32,"date":"2020-12-19T21:32:59","date_gmt":"2020-12-19T21:32:59","guid":{"rendered":"https:\/\/wierdmarket.com\/?page_id=32"},"modified":"2020-12-19T21:33:12","modified_gmt":"2020-12-19T21:33:12","slug":"binance","status":"publish","type":"page","link":"https:\/\/wierdmarket.com\/it\/binance\/","title":{"rendered":"Binance Review 2020: Truffa o legale?"},"content":{"rendered":"<p>Binance \u00e8 attualmente il pi\u00f9 grande sito di crittografia del mondo. Fondato da Changpeng Zhao (che usa anche lo pseudonimo CZ) nel 2017, Binance \u00e8 attualmente il pi\u00f9 grande e famoso sito di crittografia del mondo.<br \/>\nAttualmente lo scambio opera nella giurisdizione di Malta ed \u00e8 stato accolto calorosamente. Changpeng Zhao \u00e8 stato addirittura accolto dal Primo Ministro di Malta in persona. Malta ha un sistema di cripto-tasse e norme legali molto amichevole. Chiunque sia interessato a cripto-tasse prima o poi aprir\u00e0 un conto su Binance con lo scambio, questo scambio non richiede KYC ed \u00e8 completamente anonimo.<\/p>\n<p>Binance \u00e8 stato creato come risultato del token ICO (Initial Coin Offering) Binance Coin (BNB) basato su EC20 su Etherum, che ha avuto luogo dal 26 giugno al 3 luglio 2017.<br \/>\nLa BNB si basa attualmente su una propria catena di binari a catena indipendente. I gettoni della BNB sono l&#8217;unit\u00e0 di base grazie alla quale ci accordiamo con la borsa per lo scambio di criptovalut e l&#8217;acquisizione di offerte offerte offerte su Binance Chain.<br \/>\n\u00c8 molto importante per le persone che hanno appena iniziato la loro avventura con Binance, perch\u00e9 se non hanno questi gettoni nel portafoglio, la commissione viene prelevata dai nostri acquisti e cos\u00ec, ad esempio, acquistando 1000 di qualsiasi gettone o un cryptovalut possiamo ottenerne 999 dopo aver detratto la commissione. Ecco perch\u00e9 vale la pena di avere almeno un importo minimo di BNB nel portafoglio.<br \/>\nInoltre, la BNB si preoccupa del valore dei suoi tolken e in futuro vuole bruciare 100 milioni di tolken della BNB, ovvero ridurne l&#8217;importo del 50%.<\/p>\n<p>Binance ha rilevato il pi\u00f9 grande scambio di crittografia in India chiamato WazirX<\/p>\n","protected":false},"excerpt":{"rendered":"<p>Binance \u00e8 attualmente il pi\u00f9 grande sito di crittografia del mondo. Fondato da Changpeng Zhao (che usa anche lo pseudonimo CZ) nel 2017, Binance \u00e8 attualmente il pi\u00f9 grande e famoso sito di crittografia del mondo. Attualmente lo scambio opera nella giurisdizione di Malta ed \u00e8 stato accolto calorosamente. Changpeng Zhao \u00e8 stato addirittura accolto &#8230; <a title=\"Binance Review 2020: Truffa o legale?\" class=\"read-more\" href=\"https:\/\/wierdmarket.com\/it\/binance\/\" aria-label=\"Leggi di pi\u00f9 su Binance Review 2020: Truffa o legale?\">Leggi tutto<\/a><\/p>\n","protected":false},"author":1,"featured_media":0,"parent":0,"menu_order":0,"comment_status":"closed","ping_status":"closed","template":"","meta":{"footnotes":""},"class_list":["post-32","page","type-page","status-publish"],"_links":{"self":[{"href":"https:\/\/wierdmarket.com\/it\/wp-json\/wp\/v2\/pages\/32","targetHints":{"allow":["GET"]}}],"collection":[{"href":"https:\/\/wierdmarket.com\/it\/wp-json\/wp\/v2\/pages"}],"about":[{"href":"https:\/\/wierdmarket.com\/it\/wp-json\/wp\/v2\/types\/page"}],"author":[{"embeddable":true,"href":"https:\/\/wierdmarket.com\/it\/wp-json\/wp\/v2\/users\/1"}],"replies":[{"embeddable":true,"href":"https:\/\/wierdmarket.com\/it\/wp-json\/wp\/v2\/comments?post=32"}],"version-history":[{"count":1,"href":"https:\/\/wierdmarket.com\/it\/wp-json\/wp\/v2\/pages\/32\/revisions"}],"predecessor-version":[{"id":33,"href":"https:\/\/wierdmarket.com\/it\/wp-json\/wp\/v2\/pages\/32\/revisions\/33"}],"wp:attachment":[{"href":"https:\/\/wierdmarket.com\/it\/wp-json\/wp\/v2\/media?parent=32"}],"curies":[{"name":"wp","href":"https:\/\/api.w.org\/{rel}","templated":true}]}}