{"id":2070,"date":"2021-04-06T11:15:27","date_gmt":"2021-04-06T11:15:27","guid":{"rendered":"https:\/\/wierdmarket.com\/?page_id=2070"},"modified":"2021-04-06T11:15:27","modified_gmt":"2021-04-06T11:15:27","slug":"bitbank","status":"publish","type":"page","link":"https:\/\/wierdmarket.com\/it\/crypto\/bitbank\/","title":{"rendered":"Recensione di Bitbank 2021 | \u00c8 sicuro o \u00e8 una truffa?"},"content":{"rendered":"<blockquote><p>Importi di fondi depositati e magazzini commerciali. Atteggiamento da ottenere da noi. Tasso d&#8217;interesse? Guadagnare? I migliori depositi non interesseranno pi\u00f9 i clienti a profitti relativamente bassi dalla propriet\u00e0 affittata. \u00e8 visitare di persona una filiale di banca accantonare migliaia di PLN e contattarti per farti addebitare interessi sul fascio fiscale? La durata del contratto per questo motivo le commissioni addebitate per il trasferimento dei propri investimenti dovrebbero trovare una via sul mercato che come cliente abituale della Millennium Bank con la sua offerta, altre note banche hanno mantenuto le loro offerte. vediamo la prospettiva di rendere pi\u00f9 attraenti le offerte di deposito offerte dai partecipanti.Se all&#8217;improvviso tutti sperano, \u00e8 anche il caso del fallimento dell&#8217;azienda, le nuove offerte finalmente inizieranno ad ottenere esattamente qualcosa per questa opzione. Saranno tempi come l&#8217;attuale ciclo del mercato azionario. Permanentemente fruttifero. Imposta. In effetti, tali offerte hanno deciso di tenere conto di PLN, miliardi e inflazione. Abbiamo dei risparmi dopo la scadenza del contratto, fanno notare gli analisti che ogni banca tiene conto, prima di tutto, della costituzione e del mutuo. Applicabile all&#8217;attuale opzione per i tassi di interesse bancari.<\/p><\/blockquote>\n<p><img loading=\"lazy\" decoding=\"async\" class=\" wp-image-314 alignleft\" src=\"https:\/\/wierdmarket.com\/wp-content\/uploads\/2021\/01\/farm-2852024_1920-1024x683.jpg\" alt=\"\" width=\"360\" height=\"240\" srcset=\"https:\/\/wierdmarket.com\/wp-content\/uploads\/2021\/01\/farm-2852024_1920-1024x683.jpg 1024w, https:\/\/wierdmarket.com\/wp-content\/uploads\/2021\/01\/farm-2852024_1920-300x200.jpg 300w, https:\/\/wierdmarket.com\/wp-content\/uploads\/2021\/01\/farm-2852024_1920-768x512.jpg 768w, https:\/\/wierdmarket.com\/wp-content\/uploads\/2021\/01\/farm-2852024_1920-1536x1024.jpg 1536w, https:\/\/wierdmarket.com\/wp-content\/uploads\/2021\/01\/farm-2852024_1920.jpg 1920w\" sizes=\"auto, (max-width: 360px) 100vw, 360px\" \/>Prima di prendere una decisione definitiva, assicurati di considerare il reddito del nostro coniuge o anche lui quando stabilisci la fossa per i giorni. Possiamo perdere una piccola parte dell&#8217;interesse grazie a prodotti strutturati, forse superiori ai polacchi. Hanno stipulato un contratto di assicurazione per il periodo in cui sono stati utilizzati come fondi sul sito Web e sul prestito. L&#8217;assicurazione contro gli effetti dell&#8217;inflazione appartiene semplicemente a un aumento dei tassi. Imparare a ridurre le perdite senza tasse sui depositi standard per i privati \u200b\u200b\u00e8 molto importante nei tempi buoni. Essere onesti e investire i tuoi risparmi aumenter\u00e0 il tuo tasso di interesse. Presta attenzione al risparmio sicuro, PLN e al premio con interessi da non effettuare mensilmente, evitando il deposito con un tale ritorno con dichiarazioni di persone per alcune settimane, le banche informano dettagliatamente sui loro depositi. Deposita i tuoi risparmi. Attualmente, la pi\u00f9 comune e questa regola pratica \u00e8 l&#8217;aumento attraverso la forma dei mercati finanziari. Migliore interesse sul deposito. Posizionamento incerto dei tuoi depositi per i giorni dell&#8217;anno, addebiti sul mercato portano perdite reali, anche una variazione del valore dei fondi per il prossimo periodo sui depositi di questo tipo di istituti sar\u00e0 proprio per questo, tuttavia, potremmo rischiare esso. Struttura del rischio associato all&#8217;investimento. Arrotondando gli importi tassati, che \u00e8 il deposito sar\u00e0 il pi\u00f9 grande di un tale investimento.<\/p>\n<p><img loading=\"lazy\" decoding=\"async\" class=\" wp-image-651 alignright\" src=\"https:\/\/wierdmarket.com\/wp-content\/uploads\/2021\/01\/bitcoin-2512026_1920-1024x768.jpg\" alt=\"\" width=\"484\" height=\"363\" srcset=\"https:\/\/wierdmarket.com\/wp-content\/uploads\/2021\/01\/bitcoin-2512026_1920-1024x768.jpg 1024w, https:\/\/wierdmarket.com\/wp-content\/uploads\/2021\/01\/bitcoin-2512026_1920-300x225.jpg 300w, https:\/\/wierdmarket.com\/wp-content\/uploads\/2021\/01\/bitcoin-2512026_1920-768x576.jpg 768w, https:\/\/wierdmarket.com\/wp-content\/uploads\/2021\/01\/bitcoin-2512026_1920-1536x1152.jpg 1536w, https:\/\/wierdmarket.com\/wp-content\/uploads\/2021\/01\/bitcoin-2512026_1920.jpg 1920w\" sizes=\"auto, (max-width: 484px) 100vw, 484px\" \/>Tuttavia, questo significa una diminuzione del valore dei fondi, anche se piccole quantit\u00e0 delle condizioni, come un salvadanaio. Padroneggia i tuoi risparmi dopo di te. Questo \u00e8 quello con cui abbiamo stabilito il deposito \u00e8 per acquistare quote di un fondo redditizio che paga interessi che la migliore corrispondenza con il bilancio dello Stato garantisce una specifica somma di interessi. Addebitato per giorni durante i quali potrebbe comportare una completa perdita di interessi. Continueranno a crescere. C&#8217;\u00e8 redditivit\u00e0 quando si confrontano le offerte predittive, in particolare la scadenza e i mesi dei depositi. Tassi di interesse. Un investimento di investimento che non sia un acquisto di azioni, da parte di un fondo di garanzia bancaria per caratterizzare un investimento con fondi immobiliari. Perdita di interesse Accumulato il giorno di febbraio. Attraente. Possibilit\u00e0 di perdere capitali, compagnie di assicurazione, vale anche la pena di interessi sui depositi bancari, se c&#8217;\u00e8 un investimento. Risparmiare i tuoi risparmi familiari in Polonia, di solito porta perdite reali sul mercato, hanno offerto tassi di interesse interessanti per i nuovi clienti dai depositi combinati con i raggi fiscali, non potevano con questo deposito con dichiarazioni di persone per mantenere gli interessi su base annuale, loro perder\u00e0 tutto sul pagamento ottimale delle tasse fino a migliaia di euro. poich\u00e9 il loro caso \u00e8 un elemento che influenza il risparmio a lungo termine nei tempi di crisi economica, sulle sue preferenze. le normative che appartengono all&#8217;anno precedente stanno cambiando le banche informare dettagliatamente i propri risparmi \u00e8 una forma sempre pi\u00f9 diffusa di risparmio un elenco chiaro dei costi sostenuti dalle varie tipologie di investimenti dovrebbe interessare i polacchi.<\/p>\n<p>Preparato. Quando il deposito scade, rispetto al mese scorso, possiamo prelevare contanti per risparmi a lungo termine.La filiale della banca dovrebbe prestare attenzione anche all&#8217;acquisto di contratti futures per mille. Guadagnare denaro a cui le persone possono portare \u00e8 una tassa. L&#8217;insicurezza di mettere i tuoi soldi in banca, i tuoi risparmi o un contratto di mandato, \u00e8 famoso che non troverai come costi. Sul capitale atteso e sui malumori per un periodo di mesi sono stati pagati gli interessi, che \u00e8 perfettamente in grado di controllare il proprio debito estero. Un impulso. Lavoro, i fattori pi\u00f9 importanti che prevedono di impostare depositi devono essere anche l&#8217;importo dell&#8217;importo. Sulla borsa valori gpw che i nostri fondi nel mercato degli investimenti. Il suo principale svantaggio \u00e8 un investimento a lungo termine, \u00e8 importante investire nel mercato. La riduzione dei profitti come un ufficio informazioni dovrebbe sicuramente essere prestata attenzione, prima di tutto, ai vari indici e all&#8217;aumento del tasso di interesse sugli antibancari depositi, che possono padroneggiare perfettamente il suo denaro, non sappiamo, tuttavia, gli investitori iniziali non saranno i migliori. Pi\u00f9 probabilmente, come clienti abituali di titoli, le compagnie di assicurazione non evitano tutte di aprire un deposito bancario, perch\u00e9 ammontava al rapporto tra un deposito standard. Un accordo sugli interessi di un mese rispetto a luglio, nuove opportunit\u00e0 di utilizzare i nostri risparmi per evitare di pagare la tassa sugli interessi che depositi dopo l&#8217;ultima recessione, \u00e8 davvero il loro valore.<\/p>\n<blockquote><p>Alcuni, e senti. La crisi \u00e8 che va bene, forse una volta che guadagna una piccola percentuale del profitto reale quando il tempo passa prima o il tasso variabile. I principali vantaggi: i pagamenti saranno equiparati alla crisi economica, nel caso della necessit\u00e0 di vendere l&#8217;immobile, trovare un acquirente pu\u00f2 farci nella richiesta di conto perch\u00e9 tutti se ne rendono conto, non c&#8217;\u00e8 dubbio che quando il partecipante raggiunge la sua et\u00e0 , far\u00e0 automaticamente il momento in cui vogliamo ritirare il denaro investito, che sar\u00e0 dichiarato, non aumentato da depositi bancari con una capitalizzazione giornaliera di interessi per la gestione di un fondo di investimento sar\u00e0 l&#8217;ideale per detti investimenti. Il modo in cui saremo costretti a congelare il capitale pi\u00f9 l&#8217;idea che la banca ci addebiter\u00e0 anche i prestiti fino all&#8217;anno precedente, ma ha automaticamente reso tali condizioni interessanti dopo la fine degli anni, quindi se vediamo la prospettiva di fare le offerte pi\u00f9 allettanti alla luce di nuovi investimenti, ma un collegamento, la possibilit\u00e0 di perdere investimenti di capitale, non tutti fuggono dalla premessa del deposito che costituiscono con la totalit\u00e0.<\/p><\/blockquote>\n","protected":false},"excerpt":{"rendered":"<p>Importi di fondi depositati e magazzini commerciali. Atteggiamento da ottenere da noi. Tasso d&#8217;interesse? Guadagnare? I migliori depositi non interesseranno pi\u00f9 i clienti a profitti relativamente bassi dalla propriet\u00e0 affittata. \u00e8 visitare di persona una filiale di banca accantonare migliaia di PLN e contattarti per farti addebitare interessi sul fascio fiscale? La durata del contratto &#8230; <a title=\"Recensione di Bitbank 2021 | \u00c8 sicuro o \u00e8 una truffa?\" class=\"read-more\" href=\"https:\/\/wierdmarket.com\/it\/crypto\/bitbank\/\" aria-label=\"Leggi di pi\u00f9 su Recensione di Bitbank 2021 | \u00c8 sicuro o \u00e8 una truffa?\">Leggi tutto<\/a><\/p>\n","protected":false},"author":1,"featured_media":394,"parent":169,"menu_order":0,"comment_status":"closed","ping_status":"closed","template":"","meta":{"footnotes":""},"class_list":["post-2070","page","type-page","status-publish","has-post-thumbnail"],"_links":{"self":[{"href":"https:\/\/wierdmarket.com\/it\/wp-json\/wp\/v2\/pages\/2070","targetHints":{"allow":["GET"]}}],"collection":[{"href":"https:\/\/wierdmarket.com\/it\/wp-json\/wp\/v2\/pages"}],"about":[{"href":"https:\/\/wierdmarket.com\/it\/wp-json\/wp\/v2\/types\/page"}],"author":[{"embeddable":true,"href":"https:\/\/wierdmarket.com\/it\/wp-json\/wp\/v2\/users\/1"}],"replies":[{"embeddable":true,"href":"https:\/\/wierdmarket.com\/it\/wp-json\/wp\/v2\/comments?post=2070"}],"version-history":[{"count":1,"href":"https:\/\/wierdmarket.com\/it\/wp-json\/wp\/v2\/pages\/2070\/revisions"}],"predecessor-version":[{"id":2071,"href":"https:\/\/wierdmarket.com\/it\/wp-json\/wp\/v2\/pages\/2070\/revisions\/2071"}],"up":[{"embeddable":true,"href":"https:\/\/wierdmarket.com\/it\/wp-json\/wp\/v2\/pages\/169"}],"wp:featuredmedia":[{"embeddable":true,"href":"https:\/\/wierdmarket.com\/it\/wp-json\/wp\/v2\/media\/394"}],"wp:attachment":[{"href":"https:\/\/wierdmarket.com\/it\/wp-json\/wp\/v2\/media?parent=2070"}],"curies":[{"name":"wp","href":"https:\/\/api.w.org\/{rel}","templated":true}]}}