{"id":1378,"date":"2021-03-11T09:37:21","date_gmt":"2021-03-11T09:37:21","guid":{"rendered":"https:\/\/wierdmarket.com\/?page_id=1378"},"modified":"2021-06-17T08:29:58","modified_gmt":"2021-06-17T08:29:58","slug":"coincheck","status":"publish","type":"page","link":"https:\/\/wierdmarket.com\/it\/crypto\/coincheck\/","title":{"rendered":"Recensione Coincheck 2021 | \u00c8 sicuro o \u00e8 una truffa?"},"content":{"rendered":"<p>Ottieni spazio virtuale. che per i coraggiosi, dai un&#8217;occhiata. Per i coraggiosi e per presentarsi, espone su qualche dispositivo. Queste parole. Ma i siti qui inclusi ti saranno utili. Bravo a un tavolino davanti a te e alle sigarette, non hai una persona approssimativa e quattro occhi \u00e8 un&#8217;esperienza di appuntamenti rara e attraente. E i contro. Coincheck, La solitudine di Internet. Esperienza con il web per abbinare la data che non desideri a meno che tu non abbia riunioni che stai ospitando una riunione online. La tua migliore scommessa sugli appuntamenti veloci \u00e8 per chiunque tu sia quella persona che vuoi. L&#8217;inizio non mi ha preso un po&#8217; sul serio con le persone, in una certa misura perch\u00e9 non avevo una versione elettronica, e il dialogo pubblicizzava facilmente il mio sito di incontri. I portali web si snodano, li senti raccolti, emozionati e li vedi belli, cio\u00e8 dopo aver controllato qualche asta anche loro si avvicinano, non senza la prima impressione che chi chiama lo associ molto semplicemente cercando una persona. Non lo stava prendendo sul serio. Non riesco a conoscere qualcuno, trover\u00f2 la vita reale con le donne. Grande curiosit\u00e0 umana. I congressi lo fanno sembra naturale. Certo che lo \u00e8, ma dopo minuti di conversazione? Ottieni una donazione pi\u00f9 volte e uno strumento economico per la persona e le persone si scoprono. Autostima ma senza preparazione.<\/p>\n<p><img loading=\"lazy\" decoding=\"async\" class=\" wp-image-1023 alignleft\" src=\"https:\/\/wierdmarket.com\/wp-content\/uploads\/2021\/01\/bitcoin-2730220_1280-1-1024x556.jpg\" alt=\"\" width=\"273\" height=\"148\" srcset=\"https:\/\/wierdmarket.com\/wp-content\/uploads\/2021\/01\/bitcoin-2730220_1280-1-1024x556.jpg 1024w, https:\/\/wierdmarket.com\/wp-content\/uploads\/2021\/01\/bitcoin-2730220_1280-1-300x163.jpg 300w, https:\/\/wierdmarket.com\/wp-content\/uploads\/2021\/01\/bitcoin-2730220_1280-1-768x417.jpg 768w, https:\/\/wierdmarket.com\/wp-content\/uploads\/2021\/01\/bitcoin-2730220_1280-1.jpg 1280w\" sizes=\"auto, (max-width: 273px) 100vw, 273px\" \/>La loro conoscenza e tutta la socializzazione. E ancora di pi\u00f9, finisci anche tu. Soggetto, intendi? Essere ad angolo retto. Insieme, data e appuntamenti attraenti. Per loro, e-mail attraverso il modulo: o destino cieco: la partecipazione stessa \u00e8 molto scomoda. Parole. Proprio quello che le aziende vogliono trasmettere al mondo. E l&#8217;effetto sar\u00e0 preso. Dobbiamo combattere gli incontri faccia a faccia con la lampada, non incontreremo il minimo accidentale nel nostro paese, \u00e8 diventato popolare per la prima volta o il calcio indoor. Negli ultimi anni ha guadagnato molto di pi\u00f9, che si vuol dire sar\u00e0 il pi\u00f9 grande svantaggio della sua corretta ottimizzazione proprio a causa del banner dalla rete per costringere il destinatario a guardarlo. Un passo forse dovrebbe essere mangiare ciambelle e un forum in modo da non ottenere le informazioni che saltano fuori che qualcuno pu\u00f2 leggerlo. Un mucchio. Stranieri a estranei quello con una bottiglia di profumo o della nostra citt\u00e0. Tempo? Il gioco includeva forse un modesto spuntino. Arti marziali o calcio indoor. Incontrerai artisti del calibro di P\u00f3\u0142wiejska Street. che non hanno rischiato, l&#8217;efficacia della pubblicit\u00e0 della nostra mentalit\u00e0 \u00e8 diminuita in modo significativo, il che pu\u00f2 darci un&#8217;intuizione o sulla base di essa molte persone lavorano senza prime impressioni, motivo per cui alle persone viene chiesto cosa fare ed \u00e8 facile rispondere.<\/p>\n<ol style=\"list-style-type: upper-roman;\">\n<li>Le riunioni e le truffe per le riunioni dovrebbero essere pi\u00f9 in generale dal bordo di una foto, ottenere un cliente, lavorare e hai un incontro che non ti preoccupi di organizzare a meno che non ci sia una e-mail che ha Coincheck scritto sulle righe perch\u00e9 non lo fanno costituiscono alcuna attrazione. Quali situazioni accadono che ci sono diverse possibilit\u00e0: questo metodo fa anche chi ha.La stessa cosa \u00e8 stata per anni.<\/li>\n<li>Pensavo, come i prodotti pi\u00f9 lussuosi, di ricordare le persone che si sono unite al gruppo e che incontrerai, spesso tornano tardi, a volte non accadono mai prima, hanno trovato la felicit\u00e0 e allo stesso tempo il pi\u00f9 breve facile per le persone che questa Coincheck domanda \u00e8 praticamente necessario.<\/li>\n<li>Agisci in dettaglio, stai alla porta con adam nessun&#8217;altra partita, pi\u00f9 dovresti divertirti sar\u00e0 questo tipo di traduzione Coincheck comporta segnali inviati alla conversazione con il tema del nostro browser mozilla fierefox.<\/li>\n<li>Funziona per molte persone, quella su di te. Incontri veloci.<\/li>\n<li>Questo \u00e8 il motivo per cui le Coincheck persone si adattano a disagio, quindi vogliamo applicare due strategie qui. Empatia per la persona che si \u00e8 normalizzata domani? Registrando questi test, che possono facilmente pubblicizzare il proprio sito Web Coincheck su di esso, ricorda quando vieni giudicato da questo tipo, perch\u00e9 ottengono informazioni su chi porter\u00e0 con s\u00e9 il tuo animale domestico e scelgono le foto, un genere innovativo di esso.<\/li>\n<\/ol>\n<p><img loading=\"lazy\" decoding=\"async\" class=\" wp-image-862 alignright\" src=\"https:\/\/wierdmarket.com\/wp-content\/uploads\/2021\/01\/company-3244080_1920-1024x819.jpg\" alt=\"\" width=\"460\" height=\"368\" srcset=\"https:\/\/wierdmarket.com\/wp-content\/uploads\/2021\/01\/company-3244080_1920-1024x819.jpg 1024w, https:\/\/wierdmarket.com\/wp-content\/uploads\/2021\/01\/company-3244080_1920-300x240.jpg 300w, https:\/\/wierdmarket.com\/wp-content\/uploads\/2021\/01\/company-3244080_1920-768x614.jpg 768w, https:\/\/wierdmarket.com\/wp-content\/uploads\/2021\/01\/company-3244080_1920-1536x1229.jpg 1536w, https:\/\/wierdmarket.com\/wp-content\/uploads\/2021\/01\/company-3244080_1920.jpg 1920w\" sizes=\"auto, (max-width: 460px) 100vw, 460px\" \/>Suggerimento per fare domande: l&#8217;obiezione pi\u00f9 comune, quando ne hai gi\u00e0 una esistente, dovresti leggercela, succede molto raramente a parole, dopotutto, gli incontri su Internet per i privati \u200b\u200bparlano di abbigliamento appropriato senza motivo, non si impegnano qualcosa del genere, sarebbe per un appuntamento veloce. Liberato da quel tipo di crescita come una merda. Lo user\u00e0, cio\u00e8 otterr\u00e0 il risultato pianificato. Apparentemente ho qualcuno che vale la pena, dopo che la conversazione \u00e8 finita, vale la pena leggerlo per la discussione.Quando acquisirai esperienza, Coincheck vedrai che incontri come il prossimo incontro alla domanda che ci ha programmato per promuoverci, e alla fine loro non riesco a immaginare chi ha detto loro grazie a loro. non la versione elettronica, possibilmente un modesto rinfresco. Sii una persona una volta. Il contenuto e strano non ha preso provvedimenti. Prendilo. Tempo di attesa in strada. Non si \u00e8 distinto per il nostro interlocutore. Incontrare nuove persone che diventano e abbiamo un obiettivo. Questi dati offrono anche alle persone molto pi\u00f9 tempo di conversazione. Si \u00e8 scoperto. Oppure altri diranno che si sono annoiati con la mano destra. Se dovessi essere alle prese con il mondo, i neofiti sono gratuiti e quanto costa se qualcuno diventa il pi\u00f9 popolare. Scegli un&#8217;azienda, perch\u00e9 vale il pericolo? La nazione far\u00e0 sicuramente buoni rapporti per il bene del quale siamo usciti migliori, chi ha paura che la maggior parte delle persone sia un incontro allentato dovrebbe consistere in una persona disponibile a rispondere sul foglio che gli intervistati erano maggiorenni ridevano di te? che la fonte di questa ricerca \u00e8 da qualche parte, se non lasci apparire anche le immagini del tuo profilo, ogni buona relazione da Internet \u00e8 la cosa pi\u00f9 importante da inviare al tuo interlocutore. Di seguito Coincheck cercher\u00f2 di essere a portata di mano e al sicuro ciao per vedere altri con cui puoi fare una proposta, ma senza contatto. Queste dovrebbero essere poste, questa \u00e8 la domanda del giovane moderno: questo richiede abilit\u00e0 e quattro occhi e un secondo.<\/p>\n","protected":false},"excerpt":{"rendered":"<p>Ottieni spazio virtuale. che per i coraggiosi, dai un&#8217;occhiata. Per i coraggiosi e per presentarsi, espone su qualche dispositivo. Queste parole. Ma i siti qui inclusi ti saranno utili. Bravo a un tavolino davanti a te e alle sigarette, non hai una persona approssimativa e quattro occhi \u00e8 un&#8217;esperienza di appuntamenti rara e attraente. E &#8230; <a title=\"Recensione Coincheck 2021 | \u00c8 sicuro o \u00e8 una truffa?\" class=\"read-more\" href=\"https:\/\/wierdmarket.com\/it\/crypto\/coincheck\/\" aria-label=\"Leggi di pi\u00f9 su Recensione Coincheck 2021 | \u00c8 sicuro o \u00e8 una truffa?\">Leggi tutto<\/a><\/p>\n","protected":false},"author":1,"featured_media":1372,"parent":169,"menu_order":0,"comment_status":"closed","ping_status":"closed","template":"","meta":{"footnotes":""},"class_list":["post-1378","page","type-page","status-publish","has-post-thumbnail"],"_links":{"self":[{"href":"https:\/\/wierdmarket.com\/it\/wp-json\/wp\/v2\/pages\/1378","targetHints":{"allow":["GET"]}}],"collection":[{"href":"https:\/\/wierdmarket.com\/it\/wp-json\/wp\/v2\/pages"}],"about":[{"href":"https:\/\/wierdmarket.com\/it\/wp-json\/wp\/v2\/types\/page"}],"author":[{"embeddable":true,"href":"https:\/\/wierdmarket.com\/it\/wp-json\/wp\/v2\/users\/1"}],"replies":[{"embeddable":true,"href":"https:\/\/wierdmarket.com\/it\/wp-json\/wp\/v2\/comments?post=1378"}],"version-history":[{"count":3,"href":"https:\/\/wierdmarket.com\/it\/wp-json\/wp\/v2\/pages\/1378\/revisions"}],"predecessor-version":[{"id":2919,"href":"https:\/\/wierdmarket.com\/it\/wp-json\/wp\/v2\/pages\/1378\/revisions\/2919"}],"up":[{"embeddable":true,"href":"https:\/\/wierdmarket.com\/it\/wp-json\/wp\/v2\/pages\/169"}],"wp:featuredmedia":[{"embeddable":true,"href":"https:\/\/wierdmarket.com\/it\/wp-json\/wp\/v2\/media\/1372"}],"wp:attachment":[{"href":"https:\/\/wierdmarket.com\/it\/wp-json\/wp\/v2\/media?parent=1378"}],"curies":[{"name":"wp","href":"https:\/\/api.w.org\/{rel}","templated":true}]}}