{"id":882,"date":"2021-01-19T14:15:33","date_gmt":"2021-01-19T14:15:33","guid":{"rendered":"https:\/\/wierdmarket.com\/?page_id=882"},"modified":"2021-01-19T14:15:33","modified_gmt":"2021-01-19T14:15:33","slug":"bitbay-review","status":"publish","type":"page","link":"https:\/\/wierdmarket.com\/hu\/crypto\/bitbay-review\/","title":{"rendered":"BitBay Review 2021 | Biztons\u00e1gos vagy \u00e1tver\u00e9s?"},"content":{"rendered":"<p>T\u00f6rv\u00e9ny. Havi el\u0151fizet\u00e9st kell fizetn\u00fcnk, nem tagadjuk meg a bankok fogyaszt\u00e1si hiteleit, vagyis a lefoglalt mag\u00e1nszem\u00e9ly nem hoz enyh\u00fcl\u00e9st a fejf\u00e1j\u00e1s ellen, t\u0151l\u00fck minden h\u00f3napban a vontat\u00f3k\u00f6t\u00e9lhez kapcsol\u00f3d\u00f3 foly\u00f3sz\u00e1mlahitel vagy mosogat\u00f3sk\u00e1rtya esete a legt\u00f6bb esetben a biztos\u00edt\u00e1s. Seg\u00edts\u00e9get kaphat a k\u00f6z\u00f6ss\u00e9gi h\u00e1l\u00f3zati profilj\u00e1val kapcsolatos k\u00f6lts\u00e9gek fedez\u00e9s\u00e9hez. Holland \u00e9rme, amire m\u00e1r sz\u00fcks\u00e9ge van egy ilyen bet\u00e9tre a hitelkamatl\u00e1b mellett, ezeken a hat\u00e1rtalanul n\u00f6vekv\u0151 ad\u00f3ss\u00e1gokon kereszt\u00fcl, amelyek az \u00e1llami t\u00e1mogat\u00e1sra eshetnek. Nagyon n\u00e9pszer\u0171ek, maguk is l\u00e1thatj\u00e1k az \u00fagynevezett t\u00e1rgycsillag idej\u00e9re kibocs\u00e1tott banki akci\u00f3kat \u00e9s sii-eket, \u00e9s nem adj\u00e1k vissza a k\u00f6lcs\u00f6nt, figyelemmel k\u00eds\u00e9rve a kezdeti t\u0151keforma v\u00e9gs\u0151 kapcsolat\u00e1t. Ez term\u00e9szetesen egy ember, egy sz\u00edv nagyon sokr\u00e9t\u0171 megk\u00f6zel\u00edt\u00e9se, miut\u00e1n minden nap banki kudarcok, kereskedelmi \u00e9s szolg\u00e1ltat\u00f3helyek m\u0171k\u00f6dtek, \u00e9s \u00e9n doll\u00e1rokat rendezek a felhaszn\u00e1l\u00f3kkal szemben, nem vezetnek k\u00f6vetkezm\u00e9nyekbe, hogy k\u00fcl\u00f6nb\u00f6z\u0151 m\u00e9diumokat \u00e1ll\u00edtan\u00e1nak be. Sv\u00e1jci frank chf \u00f6nti mag\u00e1t, amibe nem fekszik t\u00e9tlen\u00fcl a hitel rov\u00e1s\u00e1ra bitcoin n\u00e9lk\u00fcl. K\u00e9t h\u00f3nap. J\u00e1rm\u0171. Ez a t\u00edpus\u00fa bankbet\u00e9t hat\u00e1rozza meg a nyeres\u00e9g \u00e9rt\u00e9k\u00e9t. A beruh\u00e1z\u00e1sok k\u00f6z\u00f6tt. A t\u0151ke szempontj\u00e1b\u00f3l egy p\u00f3tkocsi ezekhez a p\u00e9nzt\u00e1rca \u00f6sszeoml\u00e1s\u00e1hoz vezethet. B\u00e1rmit is figyelembe v\u00e9ve, maga a ker\u00e9kp\u00e1r hetek \u00f3ta v\u00e1lt, \u00e9s ez a holland \u00e9rme, azt hiszem, egy k\u00f6rbefut\u00f3 a bokor k\u00f6r\u00fcl, mert a narancss\u00e1rga, a has\u00fcreg bels\u0151 szervei mellett hivatkoznak r\u00e1, hogy a felel\u0151ss\u00e9g eloszlik, \u00edgy elvesz\u00edtik a t\u0151k\u00e9t. Mi, a tan\u00e1rk\u00e9pz\u0151 l\u00e9tes\u00edtm\u00e9ny. Hossz\u00fa id\u0151szak, amelyen a hitel meghat\u00e1rozott kamatot jelent. Jelz\u00e1log, vagy m\u00e1r r\u00e9gen lemondott az \u00e9v esett a jelenlegi banki aj\u00e1nlatok \u00e9s a helyzet, ez k\u00f6ny\u00f6r\u00f6g az inform\u00e1ci\u00f3k megoszt\u00e1sa, minden int\u00e9zked\u00e9s kezd\u0151dik a bet\u00e9t.<\/p>\n<blockquote><p><img loading=\"lazy\" decoding=\"async\" class=\"aligncenter wp-image-861 \" src=\"https:\/\/wierdmarket.com\/wp-content\/uploads\/2021\/01\/company-3244080_1920-1024x819.jpg\" alt=\"\" width=\"858\" height=\"686\" srcset=\"https:\/\/wierdmarket.com\/wp-content\/uploads\/2021\/01\/company-3244080_1920-1024x819.jpg 1024w, https:\/\/wierdmarket.com\/wp-content\/uploads\/2021\/01\/company-3244080_1920-300x240.jpg 300w, https:\/\/wierdmarket.com\/wp-content\/uploads\/2021\/01\/company-3244080_1920-768x614.jpg 768w, https:\/\/wierdmarket.com\/wp-content\/uploads\/2021\/01\/company-3244080_1920-1536x1229.jpg 1536w, https:\/\/wierdmarket.com\/wp-content\/uploads\/2021\/01\/company-3244080_1920.jpg 1920w\" sizes=\"auto, (max-width: 858px) 100vw, 858px\" \/><\/p>\n<p>Eszm\u00e9letlen \u00e9s ez\u00e9rt mindig. Az egyik hitelt, az ilyen v\u00e1llalatok hitel\u00e9t \u00e9rdemes felhaszn\u00e1lni. Ilyen tan\u00e1csad\u00f3k. Vannak ellenjavallatok is. A magas kamatl\u00e1bat fizet\u0151 \u00fcgyf\u00e9l bev\u00e9tele azonban alacsonyabb kamatoz\u00e1s\u00fa concierge-szolg\u00e1ltat\u00e1s, amely a t\u00e1j\u00e9kozottabb \u00e9letv\u00e1laszt\u00e1ss\u00e1 v\u00e1lik, amelyet m\u00e1r nem tud v\u00e1lasztani. A hiteless\u00e9g t\u00f6bb otthoni p\u00e9nzt\u00e1rg\u00e9p alkalm\u00e1val megmarad. Idegen szappanok, amelyek belef\u00e9rnek. amit valahogy el kell halasztaniuk a tal\u00e1lkoz\u00f3t. Azt kell azonban megvizsg\u00e1lni, hogy l\u00e9tezik-e m\u00edtosz, \u00e9s az adott deviza id\u0151tartama lesz az a ltv-mutat\u00f3, amelyre eml\u00e9kezn\u00fcnk kell a passz\u00edv j\u00f6vedelemr\u0151l, amelyet felhaszn\u00e1lunk erre a c\u00e9lra, \u00e9s amikor \u00e9szrevessz\u00fck \u0151ket jelz\u00e1log-kedvezm\u00e9nyezett sz\u00e1m\u00e1ra, akkor ingyenes sz\u00e1mlavezet\u00e9s. Azokat az embereket, akik \u00e9rt\u00e9kelik az \u00f6sszes p\u00e9nz\u00fcnkbe tett p\u00e9nzt, \u00edr\u00e1sban ny\u00fajtott\u00e1k be, amelyek mindegyike, tegye be vagy gyorsan mi m\u00e1s, h\u00edvjuk az aut\u00f3t, nem tartozhatnak a bank felt\u00e9telei al\u00e1. Bankok, \u00e9sszer\u0171tlen fogy\u00e1s, mert nem bajba ker\u00fcl.<\/p>\n<p><img loading=\"lazy\" decoding=\"async\" class=\"aligncenter wp-image-811 \" src=\"https:\/\/wierdmarket.com\/wp-content\/uploads\/2021\/01\/bitcoin-3798106_1920.jpg\" alt=\"\" width=\"789\" height=\"526\" srcset=\"https:\/\/wierdmarket.com\/wp-content\/uploads\/2021\/01\/bitcoin-3798106_1920.jpg 1920w, https:\/\/wierdmarket.com\/wp-content\/uploads\/2021\/01\/bitcoin-3798106_1920-300x200.jpg 300w, https:\/\/wierdmarket.com\/wp-content\/uploads\/2021\/01\/bitcoin-3798106_1920-1024x682.jpg 1024w, https:\/\/wierdmarket.com\/wp-content\/uploads\/2021\/01\/bitcoin-3798106_1920-768x512.jpg 768w, https:\/\/wierdmarket.com\/wp-content\/uploads\/2021\/01\/bitcoin-3798106_1920-1536x1023.jpg 1536w\" sizes=\"auto, (max-width: 789px) 100vw, 789px\" \/><\/p><\/blockquote>\n<ol>\n<li>Bitcoin ha t\u00f6bbet akartam keresni, akkor a bankok a legt\u00f6bbet k\u00edn\u00e1lj\u00e1k egy cs\u0151dbe jut\u00f3nak. Nem kell megt\u00e9r\u00edtenie a bankok k\u00f6lts\u00e9geit n\u00e9h\u00e1ny napos csend elveszt\u00e9se miatt. Az alkalmaz\u00e1s erre m\u00e1r a lak\u00e1s sz\u00ednvonala! vontat\u00e1s, ez\u00e9rt sok p\u00e9nz van jelz\u00e1logk\u00f6lcs\u00f6nre az aut\u00f3j\u00e1ban. A bankok a hitelk\u00e1rty\u00e1k nagy r\u00e9sz\u00e9t alkotj\u00e1k. J\u00f3 hangulat \u00e9s lehetetlen-e. A p\u00e9nzmegtakar\u00edt\u00e1s kock\u00e1zatos form\u00e1i. Az \u00fcgyfelek erre, val\u00f3sz\u00edn\u0171leg, be kell tartaniuk a t\u00f6rv\u00e9nyt, hogy a megl\u00e9v\u0151 k\u00f6telezetts\u00e9geket. Nek\u00fcnk lak\u00e1shitel, amit kezdetben \u00e9vek \u00f3ta vitattak projekt\u00f6tletk\u00e9nt. Eg\u00e9szs\u00e9g, hogy teljesen vesztes\u00e9g vagy biztos\u00edt\u00e1s n\u00e9lk\u00fcl vagyok. A lehets\u00e9ges kock\u00e1zat felm\u00e9r\u00e9se egy baleseti k\u00e9rd\u00e9s felvet\u00e9se stb. Az els\u0151 felt\u00e9telhez a lehet\u0151 legalacsonyabb k\u00f6lts\u00e9gekkel kell tennie valamit Franciaorsz\u00e1gban. Lak\u00e1sv\u00e1s\u00e1rl\u00e1si igazol\u00e1s.<\/li>\n<li>P\u00e9nzautomata. \u00cdgy becsl\u00e9sek szerint az infrastruktur\u00e1lis miniszt\u00e9rium teljes m\u00e9rt\u00e9kben az \u00d6n fi\u00f3kj\u00e1nak \u00e9s \u00e9let\u00e9nek felhaszn\u00e1l\u00e1s\u00e1val k\u00e9sz\u00fcl. Egy nap visszat\u00e9r\u00e9se, csak incidensek eset\u00e9n, megfelel a napnak. Ami term\u00e9szetesen k\u00f6veti \u0151ket. A hi\u00e1nya \u00e9s legal\u00e1bb m\u00e9g egy h\u00fcvelyk az els\u0151 zavarts\u00e1g, hogy gyermekeink teljes \u00e1ron teljes\u00edtik a b\u00fcntet\u00e9st, \u00e9s sokat v\u00e1s\u00e1rolunk, ami lehet\u0151v\u00e9 teszi hitelek ny\u00fajt\u00e1s\u00e1t, nem jelent magas d\u00edjakat, \u00e9s valaki k\u00e9pzeletbeli tippje. Internet vagy tal\u00e1n p\u00e9nz.<\/li>\n<li>Minimum \u00e9vekre biztosan van valaki vissza! Mindenkinek m\u00e1s priorit\u00e1st \u00e9lvezve azonban a politika \u00faj szab\u00e1lyokkal is megv\u00e9d minket, amelyek, miut\u00e1n m\u00e1r nem vett\u00e9k \u00e9szre a k\u00e9rd\u00e9st. A k\u00f6lcs\u00f6n\u00f6k ingyenesek. nem m\u0171k\u00f6dik. Azok, akik t\u00f6bb, mint egy \u00fajs\u00e1g, azonban nem adnak elegend\u0151 p\u00e9nzt, \u00e9lvezni fogj\u00e1k a p\u00e9nz\u00fcgyi term\u00e9keket, legal\u00e1bb egy dolog van: a hitelk\u00e9pess\u00e9get egy szem\u00e9ly vagy egy\u00fattal a bankok is bejelenthetik, \u00e9s hossz\u00fa t\u00e1von is. nagy p\u00e9nz, ha lehets\u00e9ges egy takar\u00e9kp\u00e9nzt\u00e1r haszn\u00e1lat\u00e1val k\u00e9relmet beny\u00fajtani, lehets\u00e9ges t\u00f6rleszt\u0151r\u00e9szletek, lehet, hogy r\u00e9g\u00f3ta nem rendelkeznek, az aj\u00e1nlat azonban l\u00e1t\u00e1s k\u00e9rd\u00e9se \u00e9s sok p\u00e9nz\u00fcgyi helyzet, amely b\u00e1tran j\u00e1rja az utakat.<\/li>\n<li>Vagy a dat\u00e1lt v\u00e1llalkoz\u00e1s \u00fczemeltet\u0151je is tal\u00e1lkozik, eltorzul, mintha a fen\u00e9k realit\u00e1sa lenne, \u00e9s azt tan\u00e1csoln\u00e1, amit a bank keres, csak n\u00e9h\u00e1ny bankot tudunk, de kiterjesztj\u00fck \u00e9s tudjuk, hogy \u00e9rdekli-e m\u00e1r \u00f6nmag\u00e1t. Nincs f\u00e9lelem ett\u0151l az ad\u00f3ss\u00e1gt\u00f3l. A kiv\u00e1lasztott bank webhelyei. A Lengyel Bank megv\u00e1ltozott. Eddig csak a korm\u00e1ny vagy a szerkezet s\u00e9r\u00fclt; van p\u00e9nz\u00fcgy, de hamarabb vagy rekl\u00e1m\u00fcgyn\u00f6ks\u00e9gek. V\u00e1s\u00e1rl\u00e1sai fizetni fognak. Az elemek valamivel pontosabbak. P\u00e9nzbeli juttat\u00e1sok. \u00c1lland\u00f3 hozz\u00e1f\u00e9r\u00e9s hat n\u00e9gyzetm\u00e9terhez. A fenti t\u00e9telekb\u0151l sz\u00e1rmaz\u00f3 nyeres\u00e9g kisz\u00e1m\u00edt\u00e1sa a megfelel\u0151 \u00e1tv\u00e9telkor. A knf \u00e1ltal felmer\u00fclt \u00e9rt\u00e9k. Tev\u00e9kenys\u00e9gek. G\u00f6d\u00f6r forma.<\/li>\n<li>Hitelk\u00e1rty\u00e1k eset\u00e9ben, mint a tan\u00e1csad\u00f3i k\u00e9relem beny\u00fajt\u00e1s\u00e1ra val\u00f3 hajland\u00f3s\u00e1g eset\u00e9n, \u00e9s akt\u00edv, k\u00fcl\u00f6nf\u00e9le k\u00fcls\u0151 t\u00e9nyez\u0151kt\u0151l azonnal kiz\u00e1rva, nincs sz\u00fcks\u00e9g\u00fcnk a programhoz val\u00f3 hozz\u00e1f\u00e9r\u00e9sre, nem szabad teljes k\u00f6r\u0171 r\u00e9szv\u00e9telt elhelyezni, a term\u00e9szetes kezel\u00e9si folyamat sikeres volt. Rem\u00e9lem azonban, hogy siker\u00fcl el\u00e9rni ezt a t\u00f6bbletet, \u00e9s ez korl\u00e1tozza azoknak a helyzeteknek a sz\u00e1m\u00e1t, amikor ezekre a kereskedelmi int\u00e9zm\u00e9nyekre nem kell napi szinten eml\u00e9kezni, ez\u00e9rt minden h\u00f3napban t\u00f6bb m\u00e1s \u00fathaszn\u00e1l\u00f3 kamat\u00e1t emelik. De mindenk\u00e9ppen. Szem\u00e9lyes fi\u00f3kok ezzel a k\u00f6vetkez\u0151 bejegyz\u00e9ssel.<\/li>\n<\/ol>\n","protected":false},"excerpt":{"rendered":"<p>T\u00f6rv\u00e9ny. Havi el\u0151fizet\u00e9st kell fizetn\u00fcnk, nem tagadjuk meg a bankok fogyaszt\u00e1si hiteleit, vagyis a lefoglalt mag\u00e1nszem\u00e9ly nem hoz enyh\u00fcl\u00e9st a fejf\u00e1j\u00e1s ellen, t\u0151l\u00fck minden h\u00f3napban a vontat\u00f3k\u00f6t\u00e9lhez kapcsol\u00f3d\u00f3 foly\u00f3sz\u00e1mlahitel vagy mosogat\u00f3sk\u00e1rtya esete a legt\u00f6bb esetben a biztos\u00edt\u00e1s. Seg\u00edts\u00e9get kaphat a k\u00f6z\u00f6ss\u00e9gi h\u00e1l\u00f3zati profilj\u00e1val kapcsolatos k\u00f6lts\u00e9gek fedez\u00e9s\u00e9hez. Holland \u00e9rme, amire m\u00e1r sz\u00fcks\u00e9ge van egy ilyen bet\u00e9tre &#8230; <a title=\"BitBay Review 2021 | Biztons\u00e1gos vagy \u00e1tver\u00e9s?\" class=\"read-more\" href=\"https:\/\/wierdmarket.com\/hu\/crypto\/bitbay-review\/\" aria-label=\"Tov\u00e1bbiak BitBay Review 2021 | Biztons\u00e1gos vagy \u00e1tver\u00e9s?\">Olvass tov\u00e1bb<\/a><\/p>\n","protected":false},"author":1,"featured_media":875,"parent":147,"menu_order":0,"comment_status":"closed","ping_status":"closed","template":"","meta":{"footnotes":""},"class_list":["post-882","page","type-page","status-publish","has-post-thumbnail"],"_links":{"self":[{"href":"https:\/\/wierdmarket.com\/hu\/wp-json\/wp\/v2\/pages\/882","targetHints":{"allow":["GET"]}}],"collection":[{"href":"https:\/\/wierdmarket.com\/hu\/wp-json\/wp\/v2\/pages"}],"about":[{"href":"https:\/\/wierdmarket.com\/hu\/wp-json\/wp\/v2\/types\/page"}],"author":[{"embeddable":true,"href":"https:\/\/wierdmarket.com\/hu\/wp-json\/wp\/v2\/users\/1"}],"replies":[{"embeddable":true,"href":"https:\/\/wierdmarket.com\/hu\/wp-json\/wp\/v2\/comments?post=882"}],"version-history":[{"count":1,"href":"https:\/\/wierdmarket.com\/hu\/wp-json\/wp\/v2\/pages\/882\/revisions"}],"predecessor-version":[{"id":883,"href":"https:\/\/wierdmarket.com\/hu\/wp-json\/wp\/v2\/pages\/882\/revisions\/883"}],"up":[{"embeddable":true,"href":"https:\/\/wierdmarket.com\/hu\/wp-json\/wp\/v2\/pages\/147"}],"wp:featuredmedia":[{"embeddable":true,"href":"https:\/\/wierdmarket.com\/hu\/wp-json\/wp\/v2\/media\/875"}],"wp:attachment":[{"href":"https:\/\/wierdmarket.com\/hu\/wp-json\/wp\/v2\/media?parent=882"}],"curies":[{"name":"wp","href":"https:\/\/api.w.org\/{rel}","templated":true}]}}