{"id":30,"date":"2020-12-19T21:31:49","date_gmt":"2020-12-19T21:31:49","guid":{"rendered":"https:\/\/wierdmarket.com\/?page_id=30"},"modified":"2020-12-19T21:31:49","modified_gmt":"2020-12-19T21:31:49","slug":"binance","status":"publish","type":"page","link":"https:\/\/wierdmarket.com\/hu\/binance\/","title":{"rendered":"Binance"},"content":{"rendered":"<p>A Binance jelenleg a legnagyobb kriptovaluta-t\u0151zsde a vil\u00e1gon. Az, amelyet Changpeng Zhao alap\u00edtott (szint\u00e9n CZ fed\u0151n\u00e9vvel), jelenleg a vil\u00e1g legnagyobb \u00e9s legh\u00edresebb t\u0151zsd\u00e9je.<br \/>\nJelenleg a t\u0151zsde M\u00e1lta joghat\u00f3s\u00e1ga alatt m\u0171k\u00f6dik, \u00e9s ott nagy szeretettel fogadt\u00e1k. Changpeng Zha\u00f3t m\u00e9g maga M\u00e1lta minisztereln\u00f6ke is k\u00f6sz\u00f6nt\u00f6tte. M\u00e1lt\u00e1n nagyon kriptovalutabar\u00e1t jogi \u00e9s ad\u00f3z\u00e1si el\u0151\u00edr\u00e1sok vannak \u00e9rv\u00e9nyben. Minden olyan szem\u00e9ly, aki el\u0151bb-ut\u00f3bb \u00e9rdekl\u0151dik a kriptop\u00e9nzek ir\u00e1nt, fi\u00f3kot hoz l\u00e9tre a Binance-n, f\u0151leg, hogy a csere nem ig\u00e9nyel KYC-t, \u00e9s teljesen n\u00e9vtelen.<\/p>\n<p>A Binance a Binance Coin (BNB) token ICO (Initial Coin Offering) eredm\u00e9nyek\u00e9nt j\u00f6tt l\u00e9tre, az EC20 alapj\u00e1n az Etherum h\u00e1l\u00f3zaton, amelyre 2017. j\u00fanius 26. \u00e9s j\u00falius 3. k\u00f6z\u00f6tt ker\u00fclt sor.<br \/>\nJelenleg a BNB saj\u00e1t f\u00fcggetlen blokkl\u00e1nc Binance Chain-on alapul. A BNB tokenek azok az alapegys\u00e9gek, amelyeken kereszt\u00fcl elsz\u00e1molunk a t\u0151zsd\u00e9vel a kriptovalut\u00e1k cser\u00e9je \u00e9s a Binance aj\u00e1nlatainak v\u00e1s\u00e1rl\u00e1sa \u00e9rdek\u00e9ben.<br \/>\nNagyon fontos azoknak az embereknek, akik most kezdik a kalandot a Binance-szel, mert an\u00e9lk\u00fcl, hogy ezek a zsetonok a p\u00e9nzt\u00e1rc\u00e1jukban lenn\u00e9nek, a jutal\u00e9kot a v\u00e1s\u00e1rl\u00e1saink terhelik, \u00edgy p\u00e9ld\u00e1ul 1000 zseton vagy kriptovaluta v\u00e1s\u00e1rl\u00e1sakor 999-et kaphatunk a jutal\u00e9k levon\u00e1sa ut\u00e1n. Ez\u00e9rt \u00e9rdemes legal\u00e1bb egy minim\u00e1lis BNB-t tartalmazni p\u00e9nzt\u00e1rca.<br \/>\nEzenk\u00edv\u00fcl a BNB t\u00f6r\u0151dik tolk\u00e9nj\u00e9nek \u00e9rt\u00e9k\u00e9vel, \u00e9s a j\u00f6v\u0151ben 100 milli\u00f3 BNB tolkent akar el\u00e9getni, vagyis 50% -kal cs\u00f6kkenti azok mennyis\u00e9g\u00e9t<\/p>\n<p>A Binance megszerezte a legnagyobb indiai kriptovaluta-t\u0151zsd\u00e9t, WazirX n\u00e9ven<\/p>\n","protected":false},"excerpt":{"rendered":"<p>A Binance jelenleg a legnagyobb kriptovaluta-t\u0151zsde a vil\u00e1gon. Az, amelyet Changpeng Zhao alap\u00edtott (szint\u00e9n CZ fed\u0151n\u00e9vvel), jelenleg a vil\u00e1g legnagyobb \u00e9s legh\u00edresebb t\u0151zsd\u00e9je. Jelenleg a t\u0151zsde M\u00e1lta joghat\u00f3s\u00e1ga alatt m\u0171k\u00f6dik, \u00e9s ott nagy szeretettel fogadt\u00e1k. Changpeng Zha\u00f3t m\u00e9g maga M\u00e1lta minisztereln\u00f6ke is k\u00f6sz\u00f6nt\u00f6tte. M\u00e1lt\u00e1n nagyon kriptovalutabar\u00e1t jogi \u00e9s ad\u00f3z\u00e1si el\u0151\u00edr\u00e1sok vannak \u00e9rv\u00e9nyben. Minden olyan szem\u00e9ly, &#8230; <a title=\"Binance\" class=\"read-more\" href=\"https:\/\/wierdmarket.com\/hu\/binance\/\" aria-label=\"Tov\u00e1bbiak Binance\">Olvass tov\u00e1bb<\/a><\/p>\n","protected":false},"author":1,"featured_media":0,"parent":0,"menu_order":0,"comment_status":"closed","ping_status":"closed","template":"","meta":{"footnotes":""},"class_list":["post-30","page","type-page","status-publish"],"_links":{"self":[{"href":"https:\/\/wierdmarket.com\/hu\/wp-json\/wp\/v2\/pages\/30","targetHints":{"allow":["GET"]}}],"collection":[{"href":"https:\/\/wierdmarket.com\/hu\/wp-json\/wp\/v2\/pages"}],"about":[{"href":"https:\/\/wierdmarket.com\/hu\/wp-json\/wp\/v2\/types\/page"}],"author":[{"embeddable":true,"href":"https:\/\/wierdmarket.com\/hu\/wp-json\/wp\/v2\/users\/1"}],"replies":[{"embeddable":true,"href":"https:\/\/wierdmarket.com\/hu\/wp-json\/wp\/v2\/comments?post=30"}],"version-history":[{"count":1,"href":"https:\/\/wierdmarket.com\/hu\/wp-json\/wp\/v2\/pages\/30\/revisions"}],"predecessor-version":[{"id":31,"href":"https:\/\/wierdmarket.com\/hu\/wp-json\/wp\/v2\/pages\/30\/revisions\/31"}],"wp:attachment":[{"href":"https:\/\/wierdmarket.com\/hu\/wp-json\/wp\/v2\/media?parent=30"}],"curies":[{"name":"wp","href":"https:\/\/api.w.org\/{rel}","templated":true}]}}