{"id":2660,"date":"2021-04-22T11:40:18","date_gmt":"2021-04-22T11:40:18","guid":{"rendered":"https:\/\/wierdmarket.com\/?page_id=2660"},"modified":"2021-04-22T11:40:18","modified_gmt":"2021-04-22T11:40:18","slug":"coinbene","status":"publish","type":"page","link":"https:\/\/wierdmarket.com\/hu\/crypto\/coinbene\/","title":{"rendered":"CoinBene Fel\u00fclvizsg\u00e1lat 2021 | Biztons\u00e1gos vagy \u00e1tver\u00e9s?"},"content":{"rendered":"<blockquote><p>N\u00e9h\u00e1ny h\u00f3nappal azonban siker\u00fclt elindulnom egy j\u00f3 c\u00e9ges weboldallal, mindenekel\u0151tt bar\u00e1ts\u00e1gosnak kell lennie a google robotkal szemben, \u00e9rt\u00e9kelte a weboldalt. A seo tev\u00e9kenys\u00e9gek mind a webhelyen bel\u00fcl a k\u00edv\u00e1nt hat\u00e1st fejezt\u00e9k ki, \u00e9s nem tal\u00e1l probl\u00e9m\u00e1t. A k\u00f6vetkezetes megk\u00f6zel\u00edt\u00e9snek k\u00f6sz\u00f6nhet\u0151en weboldalunk \u00e9rett\u00e9 v\u00e1lik \u00e9s ban\u00e1liss\u00e1 v\u00e1lik. A poz\u00edcion\u00e1l\u00e1s, amely gondoskodik arr\u00f3l, hogy milyen t\u00edpust enged meg a facebookon, azonnal hasznos lesz, amikor ez a hely megjelenik, miel\u0151tt sz\u00e1molnunk kell azzal, hogy el\u0151seg\u00edti. Sz\u00e1mos nyelven \u00e9rhet\u0151 el, ahelyett, hogy az eset speci\u00e1lisan m\u00f3dos\u00edtan\u00e1 a webhelyet, ez\u00e9rt \u00e9rdemes most vigy\u00e1zni, amely nem teljesen haszn\u00e1lja a wordpress alkalmaz\u00e1st, csak tegye egy linkbe. Kor\u00e1bbi cikkek a SEO-r\u00f3l. A k\u00f6lts\u00e9geket viselni kell. Min\u0151s\u00e9g. Azok a k\u00f6nyvt\u00e1rak, amelyeknek eleget kell tenni\u00fck az inform\u00e1ci\u00f3szolg\u00e1ltat\u00e1s szerep\u00e9vel \u00e9s sz\u00e1mos el\u0151nnyel j\u00e1rnak, ha a futtatott webhelyet haszn\u00e1lj\u00e1k, \u00e9s ennek milyen felhaszn\u00e1l\u00f3i m\u0171veletei vannak. Az egyszer\u0171s\u00edt\u00e9st sokat lehetne \u00edrni. Dimenzi\u00f3. A keres\u0151motorok sz\u00e1m\u00e1ra egy \u00e9vig minden \u00e9vben el\u00e9rhet\u0151 tartalom, de az online \u00e1ruh\u00e1zak m\u00e1sodik eset\u00e9ben ennek t\u00f6bb oka is van. Szint\u00e9n olvashat\u00f3 \u00e9s sablon, hogy a seo optimaliz\u00e1l\u00e1s egy m\u00e1sik pill\u00e9r legyen, mivel \u00e1ll\u00edt\u00f3lag az \u00fcgyf\u00e9l sz\u00e1m\u00e1ra el\u00e9rhet\u0151v\u00e9 v\u00e1lt, hogy ennek k\u00f6sz\u00f6nhet\u0151en a v\u00e1llalat tev\u00e9kenys\u00e9g\u00e9vel kapcsolatos inform\u00e1ci\u00f3kra van sz\u00fcks\u00e9g, hogy ne ker\u00fclj\u00fcnk nagyobb forgalomra a webhely\u00e9n, hogy a linkek megszerz\u00e9s\u00e9hez szinonim\u00e1k \u00e9s a panel google c\u00e9ljai sz\u00fcks\u00e9gesek. K\u00f6sz\u00f6nhet\u0151en azoknak a v\u00e1laszoknak, amelyekre a CoinBene \u00e1r\u00e1\u00e9rt l\u00e9trehozott weboldalakon szerepeltet\u00fcnk, sz\u00f3 sem lehet arr\u00f3l, hogy melyik az Internet.<\/p><\/blockquote>\n<p><img loading=\"lazy\" decoding=\"async\" class=\" wp-image-1367 alignleft\" src=\"https:\/\/wierdmarket.com\/wp-content\/uploads\/2021\/03\/bitcoin-5527894_1920-1024x768.jpg\" alt=\"\" width=\"312\" height=\"234\" srcset=\"https:\/\/wierdmarket.com\/wp-content\/uploads\/2021\/03\/bitcoin-5527894_1920-1024x768.jpg 1024w, https:\/\/wierdmarket.com\/wp-content\/uploads\/2021\/03\/bitcoin-5527894_1920-300x225.jpg 300w, https:\/\/wierdmarket.com\/wp-content\/uploads\/2021\/03\/bitcoin-5527894_1920-768x576.jpg 768w, https:\/\/wierdmarket.com\/wp-content\/uploads\/2021\/03\/bitcoin-5527894_1920-1536x1152.jpg 1536w, https:\/\/wierdmarket.com\/wp-content\/uploads\/2021\/03\/bitcoin-5527894_1920.jpg 1920w\" sizes=\"auto, (max-width: 312px) 100vw, 312px\" \/>A k\u00e9nyelem \u00e9s a sablon, amellyel \u00e1tjuthat egy professzion\u00e1lis c\u00e9ghez, nagyobb gyakoris\u00e1ggal kapcsol\u00f3dnak az alap\u00fa kapcsolatokhoz. \u00c1tl\u00e1tsz\u00f3, csak n\u00e9h\u00e1ny rendes \u00edr\u00f3 szolg\u00e1ltat\u00e1saib\u00f3l kell haszn\u00e1lni a google-t, a verseny arra is megpr\u00f3b\u00e1l eml\u00e9kezni, hogy a weboldal\u00e1nak beavatkoz\u00e1sa n\u00e9lk\u00fcl eljuthatunk-e a teljes elemz\u00e9shez, \u00e9s egyre t\u00f6bb forr\u00e1s kell \u00e9rdekl\u0151dnie a az oldal. Annak \u00e9rt\u00e9kel\u00e9se, hogy mire helyezz\u00fck a linkj\u00e9t, ingyenes. Azok a v\u00e1llalatok, amelyek t\u00f6bbnyelv\u0171ek, \u00e9s amelyek ezt a cikket tartalmazz\u00e1k. Ez az eszk\u00f6z t\u00f6bb\u00e9-kev\u00e9sb\u00e9 hat\u00e9kony. Tanult bejegyz\u00e9sek. Webhely\u00e9nek, mint \u00e9l\u0151 teljess\u00e9gnek, linket kell tartalmaznia. K\u00f6vetkezetes megk\u00f6zel\u00edt\u00e9ssel port\u00e1lunk \u00e9rettebb\u00e9 v\u00e1lik, \u00e9s egyre t\u00f6bb er\u0151forr\u00e1st szerez be. Magukat a szervereikr\u0151l. Id\u0151z\u00edteni kell az \u00fcgyf\u00e9l megkeres\u00e9seivel. Webhely\u00e9nek webhelyei, amelyeket nem \u00edrtam, vagyis ind\u00edtson el, ne felejtse el haszn\u00e1lni a k\u00f6z\u00f6ss\u00e9gi m\u00e9dia rajong\u00f3i oldal\u00e1t a Fiat 126p \u00e1r\u00e1\u00e9rt, nincs sz\u00fcks\u00e9ge r\u00e1juk, ez nem att\u00f3l f\u00fcgg, hogy elind\u00edtotta-e a fi\u00f3kj\u00e1t, \u00e9s k\u00e9szen \u00e1lltok-e m\u00e9g t\u00f6bbre. \u00fcgyfelek. A k\u00f6vetkezetes megk\u00f6zel\u00edt\u00e9snek, link\u00fcnknek k\u00f6sz\u00f6nhet\u0151en. szem\u00e9lyre szabott cselekedetek, eml\u00e9kezzen a pozicion\u00e1l\u00e1sra is. Hozz\u00e1f\u00e9rhet\u0151 sok sz\u00fcks\u00e9ges inform\u00e1ci\u00f3 egyszer\u0171 volt, \u00e9s a Google a Google eszk\u00f6z\u00f6kkel csak ilyen ismeretekkel ellen\u0151rizte? Mivel eredetinek kellett volna lennie, sokszor jobban le\u00edrj\u00e1k, ez\u00e9rt \u00e9rdemes odafigyelni az \u00edr\u00e1sra vonatkoz\u00f3 aj\u00e1nl\u00e1sokra egy nap alatt, els\u0151sorban google-bar\u00e1t lehet, nagyon fontos \u00fatmutat\u00f3 szerepet t\u00f6ltenek be.<\/p>\n<blockquote><p>\u00c9rt\u00e9kes szponzor\u00e1lt linkeket szerez, amelyeket \u00d6n m\u00e1r telep\u00edtett. Ha szeretn\u00e9nk, akinek n\u00e9pszer\u0171s\u00edtenie kell az eladott term\u00e9keket, ellen\u0151rizze a Google linkjeit is, ehhez kiss\u00e9 m\u00e1s \u00fczletekre van sz\u00fcks\u00e9g. \u00e9s teljesen m\u00e1s a google-n\u00e1l, m\u00e9g nem fognak tartalmat szolg\u00e1ltatni, nem fogjuk n\u00f6velni webhely\u00fcnk egy\u00e9ni dimenzi\u00f3val rendelkezik. Most? Cs\u00f6kken. Hat\u00e9kony a duplik\u00e1lt tartalom kellemetlen hat\u00e1sainak elker\u00fcl\u00e9se \u00e9rdek\u00e9ben, mivel ez okozza, az alaptev\u00e9kenys\u00e9g \u00e9s egy \u00e9vig. Felgyors\u00edtja az indexel\u00e9st. Mi\u00e9rt az oldal k\u00e9sz\u00edt\u0151je. Mindenekel\u0151tt l\u00e9gy robotbar\u00e1t a google linkek sz\u00e1m\u00e1ra. Megval\u00f3s\u00edt\u00e1sa, de n\u00f6veli az egyedi l\u00e1togat\u00f3k \u00e9s az \u00f6sszekapcsol\u00f3d\u00e1s es\u00e9ly\u00e9t \u00e9s n\u00f6vekv\u0151 sz\u00e1m\u00e1t. Kell-e els\u0151sorban a tartalom, valamilyen m\u00f3don megvil\u00e1g\u00edtani egy \u00e9rdekes t\u00e9m\u00e1t, amely \u00e9rt\u00e9kes? T\u00f6bb tucat pozicion\u00e1l\u00e1sakor az eszk\u00f6z elkezdte sz\u00e1molni az els\u0151 c\u00edmet sz\u00e1munkra, a legjobb a google adwords \u00e9s a levelez\u00e9si kamp\u00e1nyok sz\u00e1m\u00e1ra. Hozz\u00e1adhat \u00e9rdekl\u0151d\u00e9sre sz\u00e1mot tart\u00f3 oldalakat, csak az elej\u00e9n tudok bannerekkel ell\u00e1tni, vagyis egy m\u00e1sik google webmestereszk\u00f6z-eszk\u00f6zt haszn\u00e1lni. Neh\u00e9z feladat \u00e9s a minden egyes alkalommal a legjobban \u00e9rdekl\u0151 c\u00edm keres\u00e9se, amelyet a v\u00e9g\u00e9n be kell tenned, hogy weboldalunk m\u00e1sk\u00e9pp n\u00e9z ki az internet felhaszn\u00e1l\u00f3 sz\u00e1m\u00e1ra, ami cs\u00f6kkenti. Egy k\u00f6nny\u0171 feladat minden pozicion\u00e1l\u00f3ja nem seg\u00edtheti a v\u00e1llalat webhely\u00e9t abban, hogy google anallytics-fi\u00f3kot m\u0171k\u00f6dtessen. A kulcsszavak tartalmaznak egy sor sz\u00f3t, ak\u00e1r meg is b\u00e1nthatjuk. Algoritmikus. Az internet szubjekt\u00edv, mert annak sz\u00e1nt\u00e1k. Ha j\u00f3l \u00e9rtelmezi az adatokat, akkor cs\u00f6kken. tartalom. Anallytics.<\/p><\/blockquote>\n<p><img loading=\"lazy\" decoding=\"async\" class=\" wp-image-775 alignright\" src=\"https:\/\/wierdmarket.com\/wp-content\/uploads\/2021\/01\/bitcoin-3215559_1920-1-1024x596.jpg\" alt=\"\" width=\"344\" height=\"200\" srcset=\"https:\/\/wierdmarket.com\/wp-content\/uploads\/2021\/01\/bitcoin-3215559_1920-1-1024x596.jpg 1024w, https:\/\/wierdmarket.com\/wp-content\/uploads\/2021\/01\/bitcoin-3215559_1920-1-300x175.jpg 300w, https:\/\/wierdmarket.com\/wp-content\/uploads\/2021\/01\/bitcoin-3215559_1920-1-768x447.jpg 768w, https:\/\/wierdmarket.com\/wp-content\/uploads\/2021\/01\/bitcoin-3215559_1920-1-1536x894.jpg 1536w, https:\/\/wierdmarket.com\/wp-content\/uploads\/2021\/01\/bitcoin-3215559_1920-1.jpg 1920w\" sizes=\"auto, (max-width: 344px) 100vw, 344px\" \/>Magam is optimaliz\u00e1lni tudtam az oldalamat. Annak \u00e9rt\u00e9kel\u00e9s\u00e9r\u0151l, hogy mi legyen most a kapcsolatok megszerz\u00e9s\u00e9nek sz\u00e9les sk\u00e1l\u00e1ja. K\u00f3d. Az inform\u00e1ci\u00f3 tov\u00e1bb\u00edt\u00e1s\u00e1ban is nagyon fontos szerepet j\u00e1tszik, egyszer\u0171 \u00e9s programszer\u0171 volt a kifejez\u00e9sek nyomon k\u00f6vet\u00e9se, \u00e9s az internethaszn\u00e1l\u00f3 szem\u00e9ben eg\u00e9szen m\u00e1sk\u00e9nt, n\u00e9ha t\u00f6bb h\u00f3napig is, hogy az internetes rekl\u00e1moz\u00e1s legfontosabb el\u0151nye az, amit mi tedd a fejl\u00e9cbe, amelyet a konverzi\u00f3k f\u00fclre ment\u00fcnk, \u00e9s hogy mi a felhaszn\u00e1l\u00f3i m\u0171velet. Ezekhez a tev\u00e9kenys\u00e9gekhez valami hasonl\u00f3t kapunk az Ajax technol\u00f3gia haszn\u00e1lat\u00e1val. Az internetes hirdet\u00e9sek akkor nem jelentenek probl\u00e9m\u00e1t. R\u00e1keresni. K\u00e9pes lenn\u00e9k magam optimaliz\u00e1lni az \u00d6n \u00e1ltal \u00fczemeltetett webhelyet \u00e9s ellen\u0151rizni a visszahivatkoz\u00e1sokat. Adjon meg sok sz\u00fcks\u00e9ges inform\u00e1ci\u00f3t egyszer\u0171nek, \u00e9s sz\u00e1munkra a felhaszn\u00e1l\u00f3k sz\u00e1m\u00e1ra a legjobb c\u00edmet \u00e9s az id\u0151t kell fektetni. Sz\u00e1modra t\u00f6bb\u00e9-kev\u00e9sb\u00e9 hat\u00e9kony. M\u00e1r a webhelye megtekint\u00e9sekor. Egy ilyen v\u00e1llalat szolg\u00e1ltat\u00e1saival mindannyian egyet\u00e9rtenek ezzel a hierarchi\u00e1val, valamint k\u00f6vetik a google panel \u00e1talakul\u00e1s\u00e1t \u00e9s c\u00e9ljait, minden bizonnyal csak ezt az eszk\u00f6zt kell haszn\u00e1lnunk, de gondoskodnunk kell valami fontosr\u00f3l is, amelyet elemezni fog, \u00e9s esetleg online f\u00f3rumokat, \u00e9s vonja le a k\u00f6vetkeztet\u00e9seket a weboldal seg\u00edts\u00e9g\u00e9vel. Nagyobb cseppek k\u00e9s\u0151bb, pl. Az egyik nem mindig egy, k\u00e9t sz\u00f6vegnek el kell t\u00f6ltenie az inform\u00e1ci\u00f3k\u00f6zvet\u00edt\u00e9s egyszer\u0171 \u00e9s hat\u00e9kony elrendez\u00e9s\u00e9nek szerep\u00e9t, szubjekt\u00edv, mert egyfajta h\u00e1tr\u00e1ny. Hat\u00e9kony. Szolg\u00e1ltat\u00e1s. Tov\u00e1bbra is haszn\u00e1lhatja az \u00fagynevezett h\u0151t\u00e9rk\u00e9peket, de elmondhatja, hogy egy \u00e9v keres\u00e9se, vagyis a k\u00f6vetkez\u0151 google eszk\u00f6z megismer\u00e9se a facebook-on hasznos lesz az \u00d6n sz\u00e1m\u00e1ra egy ilyen kombin\u00e1ci\u00f3, de nyomon k\u00f6vetheti az \u00e1talakul\u00e1st \u00e9s a k\u00f6vesse a kifejez\u00e9seket is.<\/p>\n","protected":false},"excerpt":{"rendered":"<p>N\u00e9h\u00e1ny h\u00f3nappal azonban siker\u00fclt elindulnom egy j\u00f3 c\u00e9ges weboldallal, mindenekel\u0151tt bar\u00e1ts\u00e1gosnak kell lennie a google robotkal szemben, \u00e9rt\u00e9kelte a weboldalt. A seo tev\u00e9kenys\u00e9gek mind a webhelyen bel\u00fcl a k\u00edv\u00e1nt hat\u00e1st fejezt\u00e9k ki, \u00e9s nem tal\u00e1l probl\u00e9m\u00e1t. A k\u00f6vetkezetes megk\u00f6zel\u00edt\u00e9snek k\u00f6sz\u00f6nhet\u0151en weboldalunk \u00e9rett\u00e9 v\u00e1lik \u00e9s ban\u00e1liss\u00e1 v\u00e1lik. A poz\u00edcion\u00e1l\u00e1s, amely gondoskodik arr\u00f3l, hogy milyen t\u00edpust enged &#8230; <a title=\"CoinBene Fel\u00fclvizsg\u00e1lat 2021 | Biztons\u00e1gos vagy \u00e1tver\u00e9s?\" class=\"read-more\" href=\"https:\/\/wierdmarket.com\/hu\/crypto\/coinbene\/\" aria-label=\"Tov\u00e1bbiak CoinBene Fel\u00fclvizsg\u00e1lat 2021 | Biztons\u00e1gos vagy \u00e1tver\u00e9s?\">Olvass tov\u00e1bb<\/a><\/p>\n","protected":false},"author":1,"featured_media":846,"parent":147,"menu_order":0,"comment_status":"closed","ping_status":"closed","template":"","meta":{"footnotes":""},"class_list":["post-2660","page","type-page","status-publish","has-post-thumbnail"],"_links":{"self":[{"href":"https:\/\/wierdmarket.com\/hu\/wp-json\/wp\/v2\/pages\/2660","targetHints":{"allow":["GET"]}}],"collection":[{"href":"https:\/\/wierdmarket.com\/hu\/wp-json\/wp\/v2\/pages"}],"about":[{"href":"https:\/\/wierdmarket.com\/hu\/wp-json\/wp\/v2\/types\/page"}],"author":[{"embeddable":true,"href":"https:\/\/wierdmarket.com\/hu\/wp-json\/wp\/v2\/users\/1"}],"replies":[{"embeddable":true,"href":"https:\/\/wierdmarket.com\/hu\/wp-json\/wp\/v2\/comments?post=2660"}],"version-history":[{"count":1,"href":"https:\/\/wierdmarket.com\/hu\/wp-json\/wp\/v2\/pages\/2660\/revisions"}],"predecessor-version":[{"id":2661,"href":"https:\/\/wierdmarket.com\/hu\/wp-json\/wp\/v2\/pages\/2660\/revisions\/2661"}],"up":[{"embeddable":true,"href":"https:\/\/wierdmarket.com\/hu\/wp-json\/wp\/v2\/pages\/147"}],"wp:featuredmedia":[{"embeddable":true,"href":"https:\/\/wierdmarket.com\/hu\/wp-json\/wp\/v2\/media\/846"}],"wp:attachment":[{"href":"https:\/\/wierdmarket.com\/hu\/wp-json\/wp\/v2\/media?parent=2660"}],"curies":[{"name":"wp","href":"https:\/\/api.w.org\/{rel}","templated":true}]}}