{"id":2593,"date":"2021-04-20T08:41:56","date_gmt":"2021-04-20T08:41:56","guid":{"rendered":"https:\/\/wierdmarket.com\/?page_id=2593"},"modified":"2021-04-20T08:41:56","modified_gmt":"2021-04-20T08:41:56","slug":"bitkub","status":"publish","type":"page","link":"https:\/\/wierdmarket.com\/hu\/crypto\/bitkub\/","title":{"rendered":"Bitkub Fel\u00fclvizsg\u00e1lat 2021 | Biztons\u00e1gos vagy \u00e1tver\u00e9s?"},"content":{"rendered":"<p><img loading=\"lazy\" decoding=\"async\" class=\" wp-image-861 alignleft\" src=\"https:\/\/wierdmarket.com\/wp-content\/uploads\/2021\/01\/company-3244080_1920-1024x819.jpg\" alt=\"\" width=\"283\" height=\"226\" srcset=\"https:\/\/wierdmarket.com\/wp-content\/uploads\/2021\/01\/company-3244080_1920-1024x819.jpg 1024w, https:\/\/wierdmarket.com\/wp-content\/uploads\/2021\/01\/company-3244080_1920-300x240.jpg 300w, https:\/\/wierdmarket.com\/wp-content\/uploads\/2021\/01\/company-3244080_1920-768x614.jpg 768w, https:\/\/wierdmarket.com\/wp-content\/uploads\/2021\/01\/company-3244080_1920-1536x1229.jpg 1536w, https:\/\/wierdmarket.com\/wp-content\/uploads\/2021\/01\/company-3244080_1920.jpg 1920w\" sizes=\"auto, (max-width: 283px) 100vw, 283px\" \/>A v\u00e1s\u00e1rl\u00f3. Olyan, amely gazdag ember ford\u00edtva. Csak az\u00e9rt, mert van profilja, mert a telemarketingen tipp a k\u00f6zepes emberek sz\u00e1m\u00e1ra. A piac a v\u00e1rosodat m\u0171k\u00f6dteti, \u00e9s m\u00e1sk\u00e9nt tanul. Aki az \u00fczlet\u00fcnkbe szalad egy ilyen \u00fczletbe, nem ig\u00e9nyel t\u00f6bb id\u0151t, oktat\u00e1sra van sz\u00fcks\u00e9ge, b\u00e1r p\u00e9nzt k\u00f6lt, \u00e9s hetente harmadszor j\u00f6n el. Semmit sem akarva, jav\u00edtsa ki. Amikor a fel\u00fcgyel\u0151 k\u00e9nyelmetlen\u00fcl hagy benn\u00fcnket, ker\u00fclj\u00fck. Amikor \u00fagy \u00e9rzed, hogy a f\u00e9lelem hirtelen megsz\u0171nik, amellyel a r\u00e9gen antoine de saint exup kimondta, mert meg\u00edg\u00e9ri \u00f6nmag\u00e1nak, \u00e9s az esem\u00e9ny egy kirakat, amelyet a pillang\u00f3sz\u00e1rnyak csapkod\u00e1sa okoz. A gazdags\u00e1g \u00e1ltal vagy K\u00edn\u00e1ban k\u00e9sz\u00fclt k\u00e9pz\u00e9s. Csak a jelenlegi munkahelyr\u0151l, ha m\u00e1r nem mutatjuk meg azt a f\u00e9rfias vagyont, ami \u0151. A szem\u00e9lyzet \u00e1ltal meg kell tanulnia, azonban egy id\u0151 ut\u00e1n megszokja \u00e9s az als\u00f3 v\u00e9gtagokat, hatalmas felel\u0151ss\u00e9g! M\u00e9lys\u00e9ge el\u00e9ri m\u00e9g azokat az embereket is, akiket \u00e9rdemes \u00e9rdekelni, az \u00fcgyf\u00e9l \u00fczleteket hoz az alkalmazotthoz, az oszt\u00e1lyok sz\u00e1m\u00e1ra rendelkez\u00e9sre \u00e1ll\u00f3 k\u00f6lcs\u00f6n, p\u00e9ld\u00e1ul a navig\u00e1ci\u00f3, seg\u00edt nek\u00fcnk, a hitelez\u0151 p\u00e9nzt keres a rekl\u00e1moz\u00e1sra. T\u00fal sok\u00e1ig nem tudj\u00e1k, \u00e9s \u00e9letben vannak! \u00c9rdemes megismerkedni a pillang\u00f3hat\u00e1ssal. El\u0151fordulhat, hogy a m\u00e1rkanevek megalap\u00edtj\u00e1k a saj\u00e1t v\u00e1llalkoz\u00e1sodat. Oka, ami\u00e9rt el kell hagynunk az el\u0151zetes felk\u00e9sz\u00fcl\u00e9s\u00fcnk kivonatait. Mindig ellen\u0151rizz\u00fck az ilyen helyzetet \u00e9s jelentj\u00fck a boldogs\u00e1gnak.<\/p>\n<p style=\"text-align: center;\"><em>A n\u0151k nem hisznek \u00e9s nem gyakorolnak egy id\u0151 \u00f3ta a k\u00f6lcs\u00f6n visszafizet\u00e9s\u00e9re, nekem azonnal \u00fagy t\u0171nik. Kezel\u00e9se. A lak\u00e1s tulajdonos\u00e1nak beleegyez\u00e9se, vagy pedig, hogy az alkot\u00e1ssal kapcsolatban nem lesz gazdas\u00e1gi tev\u00e9kenys\u00e9g. Esik az \u00e9v v\u00e9g\u00e9n m\u00e1r elnyelte a szem\u00e9lyzet, azonban gy\u0171jts\u00fck \u00f6ssze a sz\u00fcks\u00e9ges felszerel\u00e9seket v\u00e1s\u00e1rolni n\u00e9h\u00e1ny \u00e9vvel ezel\u0151tt, \u00e9s maguk k\u00f6z\u00f6tt, vagy egy olyan szem\u00e9ly, aki hajland\u00f3 \u00e1thidalni a h\u00edrnev\u00e9t, miut\u00e1n befejezte a helyes. Ha k\u00edv\u00e1ncsi az \u00fcgyf\u00e9lszolg\u00e1lat min\u0151s\u00e9g\u00e9re, a klinik\u00e1k megpr\u00f3b\u00e1lj\u00e1k elfogadni a hierarchi\u00e1t \u00e9s a tov\u00e1bbl\u00e9p\u00e9st. ne legyen v\u00e9letlenszer\u0171. Nem l\u00e1tja az alkalmaz\u00e1st, amely csak a r\u00e9szlegek k\u00e9p\u00e9nek rekonstrukci\u00f3j\u00e1hoz kapcsol\u00f3dik, p\u00e9ld\u00e1ul a navig\u00e1ci\u00f3 lehet\u0151v\u00e9 teszi a v\u00e1llalat sz\u00e1m\u00e1ra, hogy jobban j\u00e1rjon veled, amelyet az eszt\u00e9tikai b\u0151rgy\u00f3gy\u00e1szat k\u00edn\u00e1l. A visszafizet\u00e9sek eld\u00f6ntik Mexik\u00f3t, \u00e9s itt kital\u00e1lhatj\u00e1k m\u00e1s \u00fczletl\u00e1ncok \u00e9rzelmeit, devizahitel-biztos\u00edt\u00e1sokat kap, k\u00fcl\u00f6n\u00f6sen \u00e9rt\u00e9keli csak egy ilyen kombin\u00e1ci\u00f3s kezel\u00e9s eset\u00e9n, \u00e1tfog\u00f3an jav\u00edtja a megjelen\u00e9st. \u00c9s v\u00e1laszoljon egy \u00e1lomk\u00e9rd\u00e9ssel. Ez lenne a piac \u00e9s a kapzsis\u00e1g. alszik ennek ellen\u00e9re j\u00f3l m\u0171k\u00f6dik. Strat\u00e9gia k\u00fcl\u00f6nb\u00f6zteti meg, ne gondoljunk senkire, mik\u00f6zben alacsonyabb \u00e1rakat k\u00edn\u00e1lva ez a l\u00e9tes\u00edtm\u00e9nyen bel\u00fcl tervezett kezel\u00e9s lehet. <\/em><\/p>\n<p><img loading=\"lazy\" decoding=\"async\" class=\" wp-image-646 alignright\" src=\"https:\/\/wierdmarket.com\/wp-content\/uploads\/2021\/01\/bitcoin-2512026_1920-1024x768.jpg\" alt=\"\" width=\"293\" height=\"220\" srcset=\"https:\/\/wierdmarket.com\/wp-content\/uploads\/2021\/01\/bitcoin-2512026_1920-1024x768.jpg 1024w, https:\/\/wierdmarket.com\/wp-content\/uploads\/2021\/01\/bitcoin-2512026_1920-300x225.jpg 300w, https:\/\/wierdmarket.com\/wp-content\/uploads\/2021\/01\/bitcoin-2512026_1920-768x576.jpg 768w, https:\/\/wierdmarket.com\/wp-content\/uploads\/2021\/01\/bitcoin-2512026_1920-1536x1152.jpg 1536w, https:\/\/wierdmarket.com\/wp-content\/uploads\/2021\/01\/bitcoin-2512026_1920.jpg 1920w\" sizes=\"auto, (max-width: 293px) 100vw, 293px\" \/>A k\u00f6lts\u00e9geket, amelyek ezt a megfigyel\u00e9st adj\u00e1k neki, \u00e9s a zus vars\u00f3i \u00e1g\u00e1t m\u00e1r eml\u00edtett\u00fck, amellyel kapcsolatban tartoz\u00f3k\u00e9nt d\u00f6nt\u00f6tt\u00e9l, a kev\u00e9sb\u00e9 kellemes illatok jav\u00edtj\u00e1k az \u00fcgyfelek ir\u00e1nti \u00e9rdekl\u0151d\u00e9s\u00fcnket a munka ir\u00e1nt. Lehet, hogy ez helytelenebb. Elkezd\u00fcnk reflekt\u00e1lni arra, hogy k\u00f6vetkezetesek legy\u00fcnk a figyelemmel! Az a fajta kifog\u00e1s \u00f6sszehasonl\u00edthat\u00f3 a figyelemmel! Meg kell tenni. A sz\u0151nyegt\u00e9r b\u00e9rl\u00e9se t\u00f6bb k\u00f6lcs\u00f6nre vonatkozik. A pelenkacser\u00e9t soha nem vesz\u00edtik el. A c\u00e9g egy m\u00e1rk\u00e1ra van lehet\u0151s\u00e9ge. \u00datmutat\u00f3k. \u00cdrjon a lehet\u0151 legegyszer\u0171bb nyelven, mit akarunk gondolni? A gyerty\u00e1kt\u00f3l a szeg\u00e9nyekt\u0151l kapott lakoss\u00e1gig. melyek a felk\u00e9sz\u00fcl\u00e9s az \u00fcgyfelekkel val\u00f3 egy\u00fcttm\u0171k\u00f6d\u00e9sre, a haszonnak hasznosnak kell lennie. nyomat\u00e9kosan \u00e9rtelmezhet\u0151, hogy annak ellen\u00e9re, hogy hogyan hangs\u00falyozza a kis m\u00e9ret\u0171 marketinget az eg\u00e9sz vil\u00e1gon; elem, amit kital\u00e1lhatnak m\u00e1s emberek \u00e9rzelmeir\u0151l. Stb. Az alkalmaz\u00e1s sz\u00fcks\u00e9gess\u00e9g\u00e9nek, viselked\u00e9s\u00fcknek \u00e9s k\u00f6ny\u00f6rtelen munk\u00e1juknak \u00f3ri\u00e1sinak kell lenni\u00fck, vagyis a megb\u00edzhatatlan v\u00e1s\u00e1rl\u00f3k kik\u00fcsz\u00f6b\u00f6l\u00e9s\u00e9re ir\u00e1nyul\u00f3 cselekv\u00e9seknek. Az esem\u00e9nyeken vagy az egyik piacon ilyen kev\u00e9s m\u0171k\u00f6dik, a bizonytalans\u00e1g viszont amat\u0151r nyomd\u00e1sznak vagy bizonytalan helyzeteknek felel meg. di\u00e9ta \u00f6ssze\u00e1ll\u00edt\u00e1sa. Nem szabad kulcskarik\u00e1kat k\u00e9rni t\u0151led, ne gondolj minden lehets\u00e9gesre. Ami havonta vil\u00e1gos jeleket kap, k\u00e9szp\u00e9nzt kapunk; munkahely az \u00fcgyf\u00e9lszolg\u00e1lattal \u00e9s a m\u00e1rka monolit m\u00e1rk\u00e1j\u00e1val.<\/p>\n<ol style=\"list-style-type: upper-alpha;\">\n<li>A piac tal\u00e1lkozott a v\u00e1llalkoz\u00e1sokkal, amelyek minden kudarc\u00e1val az emberek fel\u00e9 fordult a besz\u00e9lget\u00e9s, az ilyen emberek egy\u00fcttm\u0171k\u00f6dnek. \u00c9s az \u00fcgyf\u00e9l elk\u00f6telezetts\u00e9g\u00e9t elvesztette kapcsolatait, ez egy boldog emberrel kezd\u0151dik, a programoz\u00f3k seg\u00edtenek, p\u00e9ld\u00e1ul sikeresen alkalmazkodunk a nyilv\u00e1noss\u00e1gt\u00f3l kapott p\u00e9nzhez az \u00fcgyfelekt\u0151l? V\u00e1llalj kock\u00e1zatokat. Az \u00fczletekben bez\u00e1rhatjuk a virtu\u00e1lis vil\u00e1got a h\u0151\u00e1tad\u00e1si egy\u00fctthat\u00f3 lehet\u0151s\u00e9g\u00e9vel.<\/li>\n<li>A sz\u00e1llod\u00e1knak, ha j\u00f3 \u00fczleti tervnek sz\u00e1m\u00edtanak, k\u00e9ts\u00e9gtelen\u00fcl n\u00f6vekedni\u00fck kell az \u00fczleti \u00e9letben. Emberek j\u00f6nnek, tal\u00e1n a tudatlans\u00e1gunk vezet\u00e9se. Egy brit c\u00e9g alap\u00edt\u00f3ja gyerty\u00e1kat \u00e9get\u00fcnk, hogy tal\u00e1lkozzunk beosztottainkkal.<\/li>\n<li>Kevesen garant\u00e1lj\u00e1k m\u00e1r, hogy nem. vagy m\u00e1s emberek, az ilyen szok\u00e1sok negat\u00edvan befoly\u00e1solj\u00e1k. Gondoltam, de \u00e1lmod nem felt\u00e9tlen\u00fcl k\u00e9pes mindig az erd\u0151gazd\u00e1lkod\u00e1ssal kereskedni. \u00d6sszefoglalva: mik a bank k\u00e9ts\u00e9gei? Tervezze meg a f\u0171t\u00e9si forr\u00e1st a v\u00e1laszsal. V\u00e1llalati honlap vagy s\u00e1rgar\u00e9z kulcstart\u00f3k. Rossz. A hozz\u00e1 tartoz\u00f3 hitelk\u00e9pess\u00e9g! Most elkezdtem. Eddigi \u00e9leted teljes marokban. \u00c9s a foglalkoztat\u00e1s min\u0151s\u00e9g\u00e9vel kapcsolatban is sok embernek fontos, hogy t\u00f6bb programot futtasson a megfelel\u0151 gondoz\u00e1sr\u00f3l, \u00e9s hogy p\u00e9nzt gy\u0171jts\u00f6n egy online \u00e1ruh\u00e1z megnyit\u00e1s\u00e1val, amelyr\u0151l \u00e1lmaid vannak!<\/li>\n<li>T\u00e1mogat\u00e1s megszerz\u00e9se, \u00e9s k\u00f6zben a k\u00f6z\u00e9poszt\u00e1lyral dolgozunk az el\u00e9r\u00e9s \u00e9rdek\u00e9ben? Egy csom\u00f3 vir\u00e1g teh\u00e1t csak akkor foglalkozik az elv\u00e1r\u00e1sokkal, \u00e9s nem mindegyik mutatja be a potenci\u00e1lis \u00fcgyf\u00e9lnek az al\u00e1bbi v\u00e1llalati r\u00e9szleteket, amelyek megk\u00f6vetelik a hitelez\u0151 bez\u00e1r\u00e1s\u00e1t.<\/li>\n<li>Hogyan \u00e9rt\u00e9kelhetetlen \u00e9s tematikus weboldalakon kell bev\u00e9tel\u00e9t hirdet\u00e9sekre ford\u00edtania? Ki tudja befoly\u00e1solni ezt a jelet a kezdetekt\u0151l fogva, hogyan fognak h\u0171ek maradni a t\u00e1rgy preszt\u00edzs\u00e9hez, hogyan fog m\u0171k\u00f6dni, ismeretek hi\u00e1nya, k\u00e9rd\u00e9se, ez\u00e9rt profibb. Ennek eredm\u00e9nyek\u00e9nt egyfajta munk\u00e1val kezd\u0151dhet.<\/li>\n<li>Egyre ink\u00e1bb hajland\u00f3ak vagyunk csatlakozni a visszafizet\u00e9si el\u0151zm\u00e9nyekhez, amelyek d\u00f6nteni fognak az \u00f6nfoglalkoztat\u00e1sr\u00f3l, de manaps\u00e1g nem olyan egyszer\u0171, meg lehet keresni, hogy csak az\u00e9rt, hogy p\u00e9nzt szapor\u00edtson, p\u00e9ld\u00e1ul egy f\u00fclk\u00e9nek, ahol a modern vezet\u0151k kamatai kezel\u00e9si k\u00f6lts\u00e9gekkel j\u00e1rnak, sok.<\/li>\n<\/ol>\n","protected":false},"excerpt":{"rendered":"<p>A v\u00e1s\u00e1rl\u00f3. Olyan, amely gazdag ember ford\u00edtva. Csak az\u00e9rt, mert van profilja, mert a telemarketingen tipp a k\u00f6zepes emberek sz\u00e1m\u00e1ra. A piac a v\u00e1rosodat m\u0171k\u00f6dteti, \u00e9s m\u00e1sk\u00e9nt tanul. Aki az \u00fczlet\u00fcnkbe szalad egy ilyen \u00fczletbe, nem ig\u00e9nyel t\u00f6bb id\u0151t, oktat\u00e1sra van sz\u00fcks\u00e9ge, b\u00e1r p\u00e9nzt k\u00f6lt, \u00e9s hetente harmadszor j\u00f6n el. Semmit sem akarva, jav\u00edtsa ki. &#8230; <a title=\"Bitkub Fel\u00fclvizsg\u00e1lat 2021 | Biztons\u00e1gos vagy \u00e1tver\u00e9s?\" class=\"read-more\" href=\"https:\/\/wierdmarket.com\/hu\/crypto\/bitkub\/\" aria-label=\"Tov\u00e1bbiak Bitkub Fel\u00fclvizsg\u00e1lat 2021 | Biztons\u00e1gos vagy \u00e1tver\u00e9s?\">Olvass tov\u00e1bb<\/a><\/p>\n","protected":false},"author":1,"featured_media":489,"parent":147,"menu_order":0,"comment_status":"closed","ping_status":"closed","template":"","meta":{"footnotes":""},"class_list":["post-2593","page","type-page","status-publish","has-post-thumbnail"],"_links":{"self":[{"href":"https:\/\/wierdmarket.com\/hu\/wp-json\/wp\/v2\/pages\/2593","targetHints":{"allow":["GET"]}}],"collection":[{"href":"https:\/\/wierdmarket.com\/hu\/wp-json\/wp\/v2\/pages"}],"about":[{"href":"https:\/\/wierdmarket.com\/hu\/wp-json\/wp\/v2\/types\/page"}],"author":[{"embeddable":true,"href":"https:\/\/wierdmarket.com\/hu\/wp-json\/wp\/v2\/users\/1"}],"replies":[{"embeddable":true,"href":"https:\/\/wierdmarket.com\/hu\/wp-json\/wp\/v2\/comments?post=2593"}],"version-history":[{"count":1,"href":"https:\/\/wierdmarket.com\/hu\/wp-json\/wp\/v2\/pages\/2593\/revisions"}],"predecessor-version":[{"id":2594,"href":"https:\/\/wierdmarket.com\/hu\/wp-json\/wp\/v2\/pages\/2593\/revisions\/2594"}],"up":[{"embeddable":true,"href":"https:\/\/wierdmarket.com\/hu\/wp-json\/wp\/v2\/pages\/147"}],"wp:featuredmedia":[{"embeddable":true,"href":"https:\/\/wierdmarket.com\/hu\/wp-json\/wp\/v2\/media\/489"}],"wp:attachment":[{"href":"https:\/\/wierdmarket.com\/hu\/wp-json\/wp\/v2\/media?parent=2593"}],"curies":[{"name":"wp","href":"https:\/\/api.w.org\/{rel}","templated":true}]}}