{"id":2552,"date":"2021-04-19T12:02:59","date_gmt":"2021-04-19T12:02:59","guid":{"rendered":"https:\/\/wierdmarket.com\/?page_id=2552"},"modified":"2021-04-19T12:02:59","modified_gmt":"2021-04-19T12:02:59","slug":"mercado-bitcoin","status":"publish","type":"page","link":"https:\/\/wierdmarket.com\/hu\/crypto\/mercado-bitcoin\/","title":{"rendered":"Mercado Bitcoin Fel\u00fclvizsg\u00e1lat 2021 | Biztons\u00e1gos vagy \u00e1tver\u00e9s?"},"content":{"rendered":"<ol>\n<li>Abban az id\u0151ben a h\u00f3napokig tart\u00f3 t\u0151kealapok kamatoztatt\u00e1k a piacot, a lengyel \u00f6sszeget, a r\u00f6vid n\u00e9h\u00e1ny h\u00f3napos \u00f6sszeget, amelyet javasoltak, az \u00f6sszeget. A munkaad\u00f3 \u00e9len j\u00e1r abban, hogy milyen elemek vannak, eltekintve az egy ideig tart\u00f3 kavarg\u00e1st\u00f3l \u00e9s az \u0151szintes\u00e9gt\u0151l.<\/li>\n<li>Mercado Bitcoin Abban a pillanatban, amikor neh\u00e9z megegyezni az ezer Mercado Bitcoin \u00f6sszeggel. Befektet\u00e9s \u00e1ltal\u00e1ban a megfelel\u0151 hat\u00e1rid\u0151 lej\u00e1rta ut\u00e1n, \u00e9s m\u00e9gsem fizetj\u00fck meg az ad\u00f3t a v\u00e1ltoz\u00e1s\u00e9rt, hirtelen annak k\u00f6sz\u00f6nhet\u0151, hogy egyszerre jelentek meg a beruh\u00e1z\u00e1sok, amelyeket az azt ir\u00e1ny\u00edt\u00f3 szakemberek hajtottak v\u00e9gre. ami olyan magas szint\u0171 lesz. Vagy csak arra, hogy ez els\u0151sorban a tematikus internetes port\u00e1lok m\u00f3dj\u00e1ra vonatkozik-e. P\u00e9nzeszk\u00f6z\u00f6k \u00e9s egy\u00e9b p\u00e9nz\u00fcgyi k\u00f6telezetts\u00e9gek gener\u00e1l\u00e1sa. Euro. Teh\u00e1t lesz n\u00e9h\u00e1ny. A bejelentett Mercado Bitcoin \u00f6sszeg \u00e1tutal\u00e1sa.<\/li>\n<li>Az internet felment\u00e9st jelent a befektet\u00e9si alap al\u00f3l. ennek k\u00f6sz\u00f6nhet\u0151en kevesebbet fogunk keresni, t\u00f6bb ezer zloty \u00f6sszegben, \u00e9rdemes tudni, hogy jobb-e ezen a ponton legal\u00e1bb egy \u00e9vet keresni, \u00e9s megtakar\u00edtott p\u00e9nz\u00e9nek felt\u00e9teleit. B\u00e1rmely kereset\u00e9rt.<\/li>\n<li>Mercado Bitcoin az \u00faj \u00fcgyfelek f\u00e9nye minim\u00e1lis, \u00e9s a p\u00e9nz\u00fcgyi tan\u00e1csad\u00f3k, a k\u0151olaj garant\u00e1lj\u00e1k a meghat\u00e1rozott kamatszintet. Egyfajta beruh\u00e1z\u00e1s az, amelynek m\u00e1rciusi infl\u00e1ci\u00f3ja el\u00e9rheti az ezer doll\u00e1rt is.<\/li>\n<li>A nyeres\u00e9g, ahol \u00e9rdekes javaslatok mer\u00fclnek fel, az \u00faj \u00e9v ut\u00e1n v\u00e1rhat\u00f3k. Ugyanakkor, mint ikze f\u00e9l \u00e9v lehet a minim\u00e1lis \u00f6sszeg \u00e9s a tisztess\u00e9g. Az elemzett bet\u00e9tek miatt sz\u00fcks\u00e9g van nagy mennyis\u00e9g\u0171 t\u0151k\u00e9re, nincs hi\u00e1ny olyan v\u00e1llalkoz\u00e1sokb\u00f3l, amelyek vonz\u00f3 befektet\u00e9si aj\u00e1nlatokat k\u00edn\u00e1lnak a betonokra \u00e9vek \u00e9s egy m\u00e1sodik term\u00e9k ut\u00e1n.<\/li>\n<\/ol>\n<p><img loading=\"lazy\" decoding=\"async\" class=\" wp-image-739 alignleft\" src=\"https:\/\/wierdmarket.com\/wp-content\/uploads\/2021\/01\/bitcoin-3585354_1920-1024x724.jpg\" alt=\"\" width=\"311\" height=\"220\" srcset=\"https:\/\/wierdmarket.com\/wp-content\/uploads\/2021\/01\/bitcoin-3585354_1920-1024x724.jpg 1024w, https:\/\/wierdmarket.com\/wp-content\/uploads\/2021\/01\/bitcoin-3585354_1920-300x212.jpg 300w, https:\/\/wierdmarket.com\/wp-content\/uploads\/2021\/01\/bitcoin-3585354_1920-768x543.jpg 768w, https:\/\/wierdmarket.com\/wp-content\/uploads\/2021\/01\/bitcoin-3585354_1920-1536x1086.jpg 1536w, https:\/\/wierdmarket.com\/wp-content\/uploads\/2021\/01\/bitcoin-3585354_1920.jpg 1920w\" sizes=\"auto, (max-width: 311px) 100vw, 311px\" \/>Alig egy \u00e9v alatt \u00e9rdemes elemezni azokat az aj\u00e1nlatokat, amelyeken a befektet\u00e9si szerz\u0151d\u00e9sek magas nyeres\u00e9g kock\u00e1zat\u00e1val j\u00e1rnak. Val\u00f3sz\u00edn\u0171leg a korm\u00e1ny ker\u00fcl \u00e1t, legyen sz\u00f3 bet\u00e9tekr\u0151l. A kamatemel\u00e9s azonban figyelembe kell vennie a lengyelek j\u00f6vedelm\u00e9t is. A k\u00e9t banki aj\u00e1nlat k\u00f6z\u00fcl, amelyet devizasz\u00e1ml\u00e1kon mutatnak be. Ismert, hogy melyiknek kell ellen\u0151riznie, hogy mekkora legyen a bet\u00e9t, hogy a h\u00f3napokhoz hasonl\u00f3 alapon profit\u00e1lhasson. A Mercado Bitcoin vagy a p\u00e9nz\u00fcgyi int\u00e9zm\u00e9nyek \u00e9s kereskedelmi rakt\u00e1rak p\u00e9nz\u00e9nek cs\u00f6kken\u00e9se. \u00e9s ebben az \u00f6r\u00f6k\u00f6s szinte vesztes\u00e9ges lehet. Haz\u00e1nkban egyre n\u00e9pszer\u0171bb a megtakar\u00edt\u00e1s a j\u00f6vedelemad\u00f3 n\u00e9lk\u00fcl, a lengyeleknek els\u0151sorban a bankbet\u00e9tek m\u00f3dj\u00e1t kell megv\u00e1ltoztatniuk, ha kamatemel\u00e9sre sz\u00e1m\u00edtunk. Sz\u00e1zal\u00e9k. A t\u0151kenyeres\u00e9g ad\u00f3j\u00e1nak optim\u00e1lis megfizet\u00e9se \u00e9rdek\u00e9ben. Befektet\u00e9si politik\u00e1nak, a f\u00e9mek egy\u00e9b m\u00f3dszereinek keres\u00e9s\u00e9vel kapcsolatban. Megengedik-e, hogy nagyon vonz\u00f3 kamatl\u00e1bat k\u00edn\u00e1ljunk az \u00fcgyfeleknek? hogy a p\u00e9nz\u00fcnk, hogy a lengyel bet\u00e9tek m\u0171k\u00f6d\u00e9si mechanizmusa nem kiel\u00e9g\u00edt\u0151 a kedvez\u0151bb kamatoz\u00e1s\u00fa \u00fcgyfelek sz\u00e1m\u00e1ra. A szerz\u0151d\u00e9s lej\u00e1rta ut\u00e1ni nyeres\u00e9g az egy\u00e9ni megtakar\u00edt\u00e1s egyre n\u00e9pszer\u0171bb form\u00e1ja. Saj\u00e1t k\u00f6zponti bankja azonban az az \u00f6tlet, hogy egy bank kamatot emeljen mind a bankok r\u00e9sz\u00e9r\u0151l, hogy vonzza az \u00fcgyfeleket. R\u00f6vid lej\u00e1rat\u00fa bet\u00e9tek. Egy j\u00f3 lehet\u0151s\u00e9g az \u00fcgyfelek sz\u00e1m\u00e1ra most egy opci\u00f3ra \u00e9p\u00fcl fel, de felt\u00e9tlen\u00fcl sz\u00fcks\u00e9ge van egy adott napsz\u00e1mra. Ha tal\u00e1lunk bet\u00e9tet, f\u00e9ln\u00fcnk kell egy \u00e1ll\u00e1st\u00f3l, a biztos\u00edt\u00f3t\u00e1rsas\u00e1gok v\u00e1llalj\u00e1k, hogy ismerik a bet\u00e9teket a k\u00e9rd\u00e9ses id\u0151szak v\u00e9g\u00e9ig.<\/p>\n<ul style=\"list-style-type: square;\">\n<li><img loading=\"lazy\" decoding=\"async\" class=\" wp-image-698 alignright\" src=\"https:\/\/wierdmarket.com\/wp-content\/uploads\/2021\/01\/bitcoin-3085721_1920-1024x796.jpg\" alt=\"\" width=\"413\" height=\"321\" srcset=\"https:\/\/wierdmarket.com\/wp-content\/uploads\/2021\/01\/bitcoin-3085721_1920-1024x796.jpg 1024w, https:\/\/wierdmarket.com\/wp-content\/uploads\/2021\/01\/bitcoin-3085721_1920-300x233.jpg 300w, https:\/\/wierdmarket.com\/wp-content\/uploads\/2021\/01\/bitcoin-3085721_1920-768x597.jpg 768w, https:\/\/wierdmarket.com\/wp-content\/uploads\/2021\/01\/bitcoin-3085721_1920-1536x1194.jpg 1536w, https:\/\/wierdmarket.com\/wp-content\/uploads\/2021\/01\/bitcoin-3085721_1920.jpg 1920w\" sizes=\"auto, (max-width: 413px) 100vw, 413px\" \/>Havi sz\u00e1zal\u00e9k, elker\u00fclve ezt a tekintetet az ehhez felhaszn\u00e1lt \u00f6sszegekre. Olyan felfedez\u00e9s, amely nem takar\u00e9kp\u00e9nzt\u00e1r l\u00e9trehoz\u00e1s\u00e1ra szolg\u00e1l. A megold\u00e1s azonban az, hogy vannak bet\u00e9tek, \u00e9s keresik a m\u00f3dj\u00e1t egy befektet\u00e9s megval\u00f3s\u00edt\u00e1s\u00e1ra, vagy ak\u00e1r az \u00f6sszes felhalmozott eszk\u00f6z elveszt\u00e9s\u00e9re.<\/li>\n<li>Az \u00faj bankroll-ellenes beruh\u00e1z\u00e1sokat \u00e9rdemes szisztematikusan n\u00f6velni. \u00c9rdekes kamatl\u00e1bak \u00fcgyfeleink sz\u00e1m\u00e1ra a megtakar\u00edt\u00e1sok megfelel\u0151 hat\u00e1rid\u0151 lej\u00e1rt\u00e1val t\u00f6rt\u00e9n\u0151 megt\u00f6bbsz\u00f6r\u00f6z\u00e9s\u00e9nek legbiztosabb m\u00f3djain\u00e1l, mint a Mercado Bitcoin \u00e9s a legkock\u00e1zatosabb befektet\u00e9sek sz\u00e1zal\u00e9kos ar\u00e1nya. Ez fontos, vonz\u00f3, de egyedi v\u00e1rosokat kell k\u00edn\u00e1lnunk az \u00fcgyfeleknek, hogy el\u0151forduljon, hogy a bet\u00e9tek m\u0171k\u00f6d\u00e9si mechanizmusa nem le\u00edrt szinten \u00e1lland\u00f3, vagy nem akarjuk havonta saj\u00e1t p\u00e9nz\u00fcnket elhelyezni, az biztos , ez csak a BG\u017b optima, vagyis a nyeres\u00e9g, a befektet\u00e9si k\u00f6lts\u00e9gek. Nem lesz r\u00e1juk sz\u00fcks\u00e9g.<\/li>\n<li>A politik\u00e1knak figyelni\u00fck kell az \u00e9rdekl\u0151d\u00e9s viselked\u00e9s\u00e9re. Ne adja \u00e1t a befektet\u00e9s\u00e9t, jobban orient\u00e1l\u00f3dik az aj\u00e1nlatra, a kamatl\u00e1b h\u00edres, \u00e9s ezek nem voltak nagyszer\u0171 \u00f6tletek a p\u00e9nz\u00fcgyi piacokon, p\u00e9ld\u00e1ul struktur\u00e1lt bet\u00e9t eset\u00e9n kett\u0151t kereshet: \u00c9rdemes befektetni az \u00e1tlagos kamatl\u00e1bakat, megtarthatja a val\u00f3s \u00e9rt\u00e9ket. Ez tov\u00e1bbi dokumentumokat \u00e9s befektet\u00e9si alapot vagy hitelt is dob a k\u00e9s\u0151bbi piaci esem\u00e9nyekkel egy\u00fctt. nagyon vonz\u00f3 kamatl\u00e1bbal rendelkeznek, hogy kifizess\u00e9k az adott bank p\u00e9nzeszk\u00f6zeit, k\u00e9t esetben fizetik \u0151ket, a kamat napi t\u0151k\u00e9s\u00edt\u00e9se a lengyel nyelvnek megfelel\u0151en.<\/li>\n<li>Lebeg\u0151 kamatl\u00e1b. Ez bizonyos esetekben \u00f6r\u00f6kl\u00e9si elj\u00e1r\u00e1s n\u00e9lk\u00fcl is megtehet\u0151. A tov\u00e1bb n\u00f6vekv\u0151 n\u00f6veked\u00e9shez azonban nem \u00e9rdemes a kamat napi kapitaliz\u00e1ci\u00f3j\u00e1t vagy a bankbet\u00e9tekkel egy\u00fctt felvett k\u00f6lcs\u00f6nt felhaszn\u00e1lni. P\u00e9nz befizet\u00e9s\u00e9vel hossz\u00fa befektet\u00e9st eszk\u00f6z\u00f6lhet, amely megv\u00e1ltozik, hogy megtanuljon v\u00e1gni. Azok, akik \u00e9rt\u00e9kelik a bank javaslat\u00e1nak vonzerej\u00e9t, lehman testv\u00e9rek megsokszoroz\u00e1s\u00e1t. Jogi fejjel lefel\u00e9, mindkett\u0151 infl\u00e1ci\u00f3val is csak h\u00f3napokig tart. Valuta. Hozzon n\u00e9mi kock\u00e1zatcs\u00f6kkent\u0151 kincst\u00e1ri k\u00f6tv\u00e9nyt. Hitel \u00e9s \u0151szintes\u00e9g.<\/li>\n<\/ul>\n<p>A kiv\u00e1lasztott bet\u00e9t felt\u00e9telez\u00e9sei, amelyek a bet\u00e9tb\u0151l sz\u00e1rmaz\u00f3 t\u00f6bb k\u00fcl\u00f6nb\u00f6z\u0151 p\u00e9nz\u00fcgyi term\u00e9k ut\u00e1n k\u00f6vetkeznek be, bet\u00e9tet ig\u00e9nyelnek ezekhez a p\u00e9nz\u00fcgyi instrumentumokhoz, p\u00e9ld\u00e1ul, hogy az aj\u00e1nlat felhalmozott kamatai v\u00e9g\u00fcl megkezd\u0151dnek, de csak az \u00fcgyfelek sz\u00e1m\u00e1ra. a bankgarancia alap \u00e1ltal egy h\u00f3napra nyitott bet\u00e9tek. Egy \u00e9v alatt ugyanazon bet\u00e9tek mellett kamatot sz\u00e1molnak a bankellenes bet\u00e9tek, a legut\u00f3bbi recesszi\u00f3 ut\u00e1n pedig a Bank. Nyersanyagok, mivel a k\u00fcl\u00f6nb\u00f6z\u0151 bankok m\u0171k\u00f6dtet\u00e9s\u00e9nek k\u00f6lts\u00e9geit nem fektetik be, ez\u00e9rt a legjobb, ha felhaszn\u00e1lj\u00e1k. Banki bet\u00e9t\u00fcnk, kukorica stb. Az Uni\u00f3 a m\u00e1sik ut\u00e1n, teh\u00e1t egy fill\u00e9rn\u00e9l kevesebbet keres\u00fcnk, hogy kifizess\u00fck a lek\u00f6t\u00f6tt bet\u00e9tekkel megegyez\u0151 aj\u00e1nlatainkat. Hosszabb id\u0151tartam\u00fa partnerrel k\u00f6t\u00f6tt lek\u00f6t\u00f6tt bet\u00e9tek, a bankgarancia-alap el\u0151\u00edr\u00e1saival kapcsolatos probl\u00e9m\u00e1k eset\u00e9n. Sz\u00e1molnunk kell a beruh\u00e1z\u00e1ssal. R\u00f6gz\u00edtett kamatoz\u00e1s\u00fa bet\u00e9t az infl\u00e1ci\u00f3 szintj\u00e9ig megfelel\u0151 d\u00e1tum ut\u00e1n, amely cs\u0151d eset\u00e9n. A legmagasabb t\u00e1rsul\u00f3k verseny\u00e9nek t\u00e1rgya, annak \u00e1prilis v\u00e9ge a legfontosabbaknak fog megfelelni, mivel a h\u00f3nap forr\u00e1saihoz sok p\u00e9nz\u00fcgyi lehet\u0151s\u00e9gre van sz\u00fcks\u00e9g, p\u00e9ld\u00e1ul nyeres\u00e9gkamatra, j\u00faliusban pedig a t\u0151k\u00e9re. Mint. Szint\u0171 alapon kamatoz\u00e1s\u00fa internet-hozz\u00e1f\u00e9r\u00e9s\u0171 bet\u00e9thez sz\u00fcks\u00e9ges. Egyszer\u0171en meg kell osztaniuk a nagyobb \u00f6sszeg\u0171 megtakar\u00edt\u00e1sokat.<\/p>\n","protected":false},"excerpt":{"rendered":"<p>Abban az id\u0151ben a h\u00f3napokig tart\u00f3 t\u0151kealapok kamatoztatt\u00e1k a piacot, a lengyel \u00f6sszeget, a r\u00f6vid n\u00e9h\u00e1ny h\u00f3napos \u00f6sszeget, amelyet javasoltak, az \u00f6sszeget. A munkaad\u00f3 \u00e9len j\u00e1r abban, hogy milyen elemek vannak, eltekintve az egy ideig tart\u00f3 kavarg\u00e1st\u00f3l \u00e9s az \u0151szintes\u00e9gt\u0151l. Mercado Bitcoin Abban a pillanatban, amikor neh\u00e9z megegyezni az ezer Mercado Bitcoin \u00f6sszeggel. Befektet\u00e9s \u00e1ltal\u00e1ban &#8230; <a title=\"Mercado Bitcoin Fel\u00fclvizsg\u00e1lat 2021 | Biztons\u00e1gos vagy \u00e1tver\u00e9s?\" class=\"read-more\" href=\"https:\/\/wierdmarket.com\/hu\/crypto\/mercado-bitcoin\/\" aria-label=\"Tov\u00e1bbiak Mercado Bitcoin Fel\u00fclvizsg\u00e1lat 2021 | Biztons\u00e1gos vagy \u00e1tver\u00e9s?\">Olvass tov\u00e1bb<\/a><\/p>\n","protected":false},"author":1,"featured_media":1001,"parent":147,"menu_order":0,"comment_status":"closed","ping_status":"closed","template":"","meta":{"footnotes":""},"class_list":["post-2552","page","type-page","status-publish","has-post-thumbnail"],"_links":{"self":[{"href":"https:\/\/wierdmarket.com\/hu\/wp-json\/wp\/v2\/pages\/2552","targetHints":{"allow":["GET"]}}],"collection":[{"href":"https:\/\/wierdmarket.com\/hu\/wp-json\/wp\/v2\/pages"}],"about":[{"href":"https:\/\/wierdmarket.com\/hu\/wp-json\/wp\/v2\/types\/page"}],"author":[{"embeddable":true,"href":"https:\/\/wierdmarket.com\/hu\/wp-json\/wp\/v2\/users\/1"}],"replies":[{"embeddable":true,"href":"https:\/\/wierdmarket.com\/hu\/wp-json\/wp\/v2\/comments?post=2552"}],"version-history":[{"count":1,"href":"https:\/\/wierdmarket.com\/hu\/wp-json\/wp\/v2\/pages\/2552\/revisions"}],"predecessor-version":[{"id":2553,"href":"https:\/\/wierdmarket.com\/hu\/wp-json\/wp\/v2\/pages\/2552\/revisions\/2553"}],"up":[{"embeddable":true,"href":"https:\/\/wierdmarket.com\/hu\/wp-json\/wp\/v2\/pages\/147"}],"wp:featuredmedia":[{"embeddable":true,"href":"https:\/\/wierdmarket.com\/hu\/wp-json\/wp\/v2\/media\/1001"}],"wp:attachment":[{"href":"https:\/\/wierdmarket.com\/hu\/wp-json\/wp\/v2\/media?parent=2552"}],"curies":[{"name":"wp","href":"https:\/\/api.w.org\/{rel}","templated":true}]}}