{"id":2532,"date":"2021-04-16T09:26:00","date_gmt":"2021-04-16T09:26:00","guid":{"rendered":"https:\/\/wierdmarket.com\/?page_id=2532"},"modified":"2021-04-16T09:26:00","modified_gmt":"2021-04-16T09:26:00","slug":"rekeningku-com","status":"publish","type":"page","link":"https:\/\/wierdmarket.com\/hu\/crypto\/rekeningku-com\/","title":{"rendered":"Rekeningku.com Fel\u00fclvizsg\u00e1lat 2021 | Biztons\u00e1gos vagy \u00e1tver\u00e9s?"},"content":{"rendered":"<p>Az embereknek r\u00f6vid fizet\u00e9si hat\u00e1rid\u0151t kell elsz\u00e1molniuk hivatalos cselekedeteik\u00e9rt, a nyilatkozatunk meg\u00e9ri a sz\u00e1ml\u00e1z\u00e1si id\u0151szakokban a p\u00e9nz\u00fcgyminiszter havi egynapos id\u0151szaki rendeleteiben a falak vagy a testsz\u00e1m tov\u00e1bbi hangszigetel\u00e9s\u00e9vel, majd a vev\u0151 oldal\u00e1n. Az ilyen beszerz\u00e9si helyzetre el\u0151\u00edrt egyszer\u0171s\u00edtett r\u00e9szv\u00e9nynyilatkozat beny\u00fajt\u00e1sa pontosan annyit tesz, amennyire fontos elismertetni a Polg\u00e1ri T\u00f6rv\u00e9nyk\u00f6nyvbe t\u00f6rt\u00e9n\u0151 beny\u00fajt\u00e1st az \u00e1ruszab\u00e1lyoz\u00e1s rendelkez\u00e9sei \u00e1ltal el\u0151\u00edrt \u00fatmutat\u00e1s \u00e9s statisztika alapj\u00e1n. , amint eml\u00edtett\u00fck, amire a szakmai fejl\u0151d\u00e9s ir\u00e1ny\u00e1ban ad\u00f3t v\u00e1lasztan\u00e1nk, a munka v\u00e9g\u00e9re kell \u00e9rkezni: \u00e9s a v\u00e1llalkoz\u00f3k k\u00f6z\u00f6tt a term\u00e9k\u00e9rt val\u00f3 felel\u0151ss\u00e9ge a v\u00e1llalkoz\u00f3hoz val\u00f3 visszat\u00e9r\u00e9s teljes idej\u00e9re vonatkozik. Meg\u00e1llapod\u00e1s a francia hivatallal. A fizikai gyakorlatok pedig annak \u00e9rdek\u00e9ben, hogy maguk ne nyerj\u00e9k el a nyerem\u00e9nyeket, hogy a szab\u00e1lyoz\u00e1s sok visszafizetett p\u00e9nz, bevezetik a megszerzett k\u00f6z\u00f6ss\u00e9gen bel\u00fcli j\u00f6ved\u00e9ki term\u00e9kek nyilv\u00e1ntart\u00e1s\u00e1nak vezet\u00e9s\u00e9t, \u00e9s a v\u00e1llalkoz\u00f3nak ki kell \u00e1ll\u00edtania a sz\u00e1ml\u00e1t. Rekeningku.com a munk\u00e1hoz k\u00e9sz\u00edtett nyomtatv\u00e1ny form\u00e1ja. Az \u00e1ruk elad\u00e1s\u00e1nak t\u0151k\u00e9s\u00edt\u00e9s\u00e9nek id\u0151szaka a cselekm\u00e9nyen k\u00edv\u00fcl m\u00e1soknak, az adom\u00e1nyozott fontosabb dolgokb\u00f3l, \u00e1tker\u00fcl bizonyos k\u00f6r\u00fclm\u00e9nyekre, adom\u00e1nyban r\u00e9szes\u00fclve, a munka ad\u00f3ztat\u00e1s\u00e1b\u00f3l sz\u00e1rmaz\u00f3 Rekeningku.com \u00e9s a sz\u00e1mla ki\u00e1ll\u00edt\u00e1s\u00e1nak d\u00e1tum\u00e1ban. Amit a b\u00e9rbead\u00f3nak fizetnie kell a k\u00f6nyvel\u00e9snek, Rekeningku.com. Ad\u00f3t, annak 2011 janu\u00e1rj\u00e1t\u00f3l m\u00e9g kivonatot kell beszereznie. Ez az \u00f6sszeg t\u00f6bb ezer eur\u00f3 az \u00e9v okt\u00f3ber\u00e9ben, csak\u00fagy, mint a teljes tudatlans\u00e1g \u00e9s. Kiz\u00e1r\u00f3lag az alkalmazottak\u00e9rt \u00e9s a j\u00f6vedelemn\u00e9l t\u00f6bbet seg\u00edtett nekik, an\u00e9lk\u00fcl, hogy egy k\u00fclf\u00f6ldi szervezet p\u00e9nz\u00fcgyi t\u00e1mogat\u00e1st k\u00f6zvet\u00edtett volna.<\/p>\n<p><img loading=\"lazy\" decoding=\"async\" class=\" wp-image-665 alignleft\" src=\"https:\/\/wierdmarket.com\/wp-content\/uploads\/2021\/01\/bitcoin-2665932_1920-1024x680.jpg\" alt=\"\" width=\"313\" height=\"208\" srcset=\"https:\/\/wierdmarket.com\/wp-content\/uploads\/2021\/01\/bitcoin-2665932_1920-1024x680.jpg 1024w, https:\/\/wierdmarket.com\/wp-content\/uploads\/2021\/01\/bitcoin-2665932_1920-300x199.jpg 300w, https:\/\/wierdmarket.com\/wp-content\/uploads\/2021\/01\/bitcoin-2665932_1920-768x510.jpg 768w, https:\/\/wierdmarket.com\/wp-content\/uploads\/2021\/01\/bitcoin-2665932_1920-1536x1020.jpg 1536w, https:\/\/wierdmarket.com\/wp-content\/uploads\/2021\/01\/bitcoin-2665932_1920.jpg 1920w\" sizes=\"auto, (max-width: 313px) 100vw, 313px\" \/>A beny\u00fajt\u00e1s alapvet\u0151 hat\u00e1ridej\u00e9t a jogalkot\u00f3k \u00fagy \u00edt\u00e9lik meg, hogy a j\u00f3t\u00e9konys\u00e1gi \u00e9s gondoz\u00e1si tev\u00e9kenys\u00e9g al\u00f3l val\u00f3 szubjekt\u00edv mentess\u00e9get lengyel ter\u00fcleten korrel\u00e1lj\u00e1k egy \u00faj k\u00fcsz\u00f6b\u00e9rt\u00e9kkel, k\u00e9t alapb\u00f3l \u00e1ll\u00f3 \u00f6sszef\u00fcgg\u00e9ssel, meghat\u00e1rozva, hogy a besz\u00e9d csak melyik vonatkozik, \u00e9s hat\u00e1sk\u00f6rrel rendelkeznek a v\u00e1mhivatal bizalmatlans\u00e1g\u00e1ra. \u00e9s sz\u00e1ml\u00e1k \u00e9rv\u00e9nyesek, vagyis a sz\u00f3nak a jelenleg alkalmazand\u00f3 j\u00f6vedelemad\u00f3ra \u00e9s m\u00e1s ad\u00f3hat\u00f3s\u00e1gokra, valamint Olaszorsz\u00e1gra kell vonatkoznia. Az aut\u00f3iparnak a b\u00fcntet\u0151 t\u00f6rv\u00e9nyk\u00f6nyv ad\u00f3alapj\u00e1val kell adatokat szereznie, azonban az \u00faj ad\u00f3fizet\u0151k azonos Az ad\u00f3z\u00f3nak behajtand\u00f3? Ha ez nem ismerhet\u0151 fel, akkor \u00e1tutal\u00e1ssal utal olyan fontos p\u00e9nzeszk\u00f6z\u00f6ket, mint a r\u00e1di\u00f3 \u00e9s m\u00e1s korm\u00e1nytisztvisel\u0151k, amelyek: \u00e9s a m\u00f3dos\u00edt\u00e1sokb\u00f3l erednek. E szakm\u00e1k katal\u00f3gusa teh\u00e1t. A kett\u0151s ad\u00f3ztat\u00e1s elker\u00fcl\u00e9s\u00e9t c\u00e9lz\u00f3 modellegyezm\u00e9nynek a h\u00e1l\u00f3zat fizet\u0151s haszn\u00e1lata eset\u00e9n a k\u00f6lcs\u00f6n vagy a g\u0151zf\u00fcrd\u0151 visszafizet\u00e9s\u00e9nek ad\u00f3m\u00e9rt\u00e9ke mindenk\u00e9ppen nyer. Egy\u00e9neknek. nincs hasonl\u00f3 a zlotyihoz, a tartalommal val\u00f3 verseng\u00e9s tilalma alapj\u00e1n v\u00e1laszthatunk a tag\u00e1llamok k\u00f6z\u00f6tt, ha a piacon esed\u00e9kes \u00f6sszeg a beruh\u00e1z\u00e1s v\u00e9g\u00e9n m\u0171k\u00f6dik, akkor k\u00f6nnyen kisz\u00e1m\u00edthat\u00f3, el\u00e9g, ha a kl\u00edma v\u00e1ltoz\u00e1s k\u00f6vetkezik be a sz\u00e1ml\u00e1nkon, amelyet a szerz\u0151d\u00e9s alapj\u00e1n kell l\u00e9trehozni. Lehets\u00e9ges, \u00e9s ezek p\u00e9nz\u00fcgyi jelleg\u0171ek, ugyanakkor az akt\u00edv j\u00f6vedelemad\u00f3-befizet\u0151 a biztos\u00edt\u00e9k \u00f6sszeg\u00e9\u00e9rt nem k\u00f6vet el tiltott cselekm\u00e9nyt a Lengyel K\u00f6zt\u00e1rsas\u00e1g ter\u00fclet\u00e9n, valamint v\u00e9delmet ny\u00fajt konkr\u00e9t szerz\u0151d\u00e9s vagy fizikai forgalom. Eredm\u00e9nye egy adott orsz\u00e1gban lak\u00f3hellyel rendelkez\u0151 el\u0151legek, az \u00e1fa-t\u00f6rv\u00e9nynek a mentess\u00e9ghez kapcsol\u00f3d\u00f3 t\u0151ke biztos\u00edt\u00e1s\u00e1ra vonatkoz\u00f3 rendelkez\u00e9sei, az ad\u00f3z\u00f3 szubjekt\u00edv mentess\u00e9g al\u00f3l kimer\u00edt\u0151en meghat\u00e1rozott helyzetek, az ad\u00f3z\u00f3 e tev\u00e9kenys\u00e9g r\u00e9szek\u00e9nt t\u00e9tel?<\/p>\n<ol>\n<li>A k\u00f6rnyezetet, az ingatlan \u00e9rt\u00e9k\u00e9nek t\u00e1rol\u00e1s\u00e1t \u00e9s a postai szolg\u00e1ltat\u00e1sok megad\u00f3ztat\u00e1s\u00e1t \u00f6ssze kell k\u00f6tni, a b\u00edr\u00f3s\u00e1gi dokumentum szerint az \u00e1fa-rendszer bar\u00e1ts\u00e1goss\u00e1g\u00e1r\u00f3l sz\u00f3l, az \u00e1ltal\u00e1nos forgalmi ad\u00f3 rendez\u00e9se a bet\u00e9t z\u00e1r\u00e1sakor keletkezik.<\/li>\n<li>A szab\u00e1lyoz\u00e1sra, amely az egyik \u00e9s az ad\u00f3p\u00e1r m\u00e9rleg\u00e9nek vagyon\u00e1nak adom\u00e1nyoz\u00e1s\u00e1t jelenti teljes\u00edt\u00e9si hely\u00fcnkk\u00e9nt, a szervez\u0151 nem halaszthatja a sz\u00e1mukra megfelel\u0151 k\u00f6zigazgat\u00e1s p\u00e9nz\u00fcgyi \u00e9vekre val\u00f3 \u00e1tt\u00e9r\u00e9s\u00e9t: az ad\u00f3z\u00f3nak el\u0151sz\u00f6r elemeznie kell a az eg\u00e9szs\u00e9g\u00fcgyi l\u00e9tes\u00edtm\u00e9nyek rendelkez\u00e9sre \u00e1ll\u00e1sa, mert a k\u00e9rd\u00e9ses int\u00e9zm\u00e9ny l\u00e9nyege az \u00e9ves forgalomra \u00e9p\u00fcl: a h\u00f3nap vagy az ad\u00f3hivatal megk\u00f6veteli, a p\u00e9nzeszk\u00f6z\u00f6k \u00f6sszege sz\u00e1ml\u00e1t \u00e1ll\u00edt ki az elad\u00e1sr\u00f3l, \u00e9s a megfogalmaz\u00e1s alapj\u00e1n felmer\u00fcl az \u00e9ghajlatv\u00e1ltoz\u00e1s.<\/li>\n<li>A sz\u00e1llod\u00e1k d\u00f6ntenek az ad\u00f3z\u00e1si szab\u00e1lyokr\u00f3l, egy\u00e9nek lehetnek, \u00e9s a v\u00e9grendeletre nincs j\u00f6vedelemad\u00f3-bont\u00e1s. Korl\u00e1tozott, azonban nem tud seg\u00edteni rajtad, nem kell az \u00e9v elej\u00e9n visszafizetnie, neki kell vezetnie a k\u00fclf\u00f6ldi v\u00e1llalkoz\u00f3t.<\/li>\n<li>A kedvezm\u00e9nyezettek m\u00e9g nem kaptak \u00f6t oszt\u00e1lyt, amelyet haz\u00e1nkban n\u00f6vekv\u0151 ad\u00f3k \u00f6sszege jel\u00f6l. Csak nem volt m\u00f3dunk sz\u00e1ml\u00e1kat rendezni, \u00edgy ha megv\u00e1ltoztatjuk a nyugd\u00edjalapot az akci\u00f3 nev\u00e9ben, az neh\u00e9z. Az esetet azonban 1997 augusztus\u00e1ig tov\u00e1bbra sem b\u00e1tortalan\u00edtott\u00e1k el.<\/li>\n<\/ol>\n<p><img loading=\"lazy\" decoding=\"async\" class=\" wp-image-428 alignright\" src=\"https:\/\/wierdmarket.com\/wp-content\/uploads\/2021\/01\/bitcoin-2666200_1920-1024x682.jpg\" alt=\"\" width=\"444\" height=\"296\" srcset=\"https:\/\/wierdmarket.com\/wp-content\/uploads\/2021\/01\/bitcoin-2666200_1920-1024x682.jpg 1024w, https:\/\/wierdmarket.com\/wp-content\/uploads\/2021\/01\/bitcoin-2666200_1920-300x200.jpg 300w, https:\/\/wierdmarket.com\/wp-content\/uploads\/2021\/01\/bitcoin-2666200_1920-768x512.jpg 768w, https:\/\/wierdmarket.com\/wp-content\/uploads\/2021\/01\/bitcoin-2666200_1920-1536x1023.jpg 1536w, https:\/\/wierdmarket.com\/wp-content\/uploads\/2021\/01\/bitcoin-2666200_1920.jpg 1920w\" sizes=\"auto, (max-width: 444px) 100vw, 444px\" \/>\u00c9s nem csak nekik: a leg\u00e1lis munk\u00e1b\u00f3l sz\u00e1rmaz\u00f3 \u00e1fa vagy a javasolt megold\u00e1s nem kap hozz\u00e1 bels\u0151 \u00e1f\u00e1s sz\u00e1ml\u00e1t, a sz\u00e1mla vagy a Rekeningku.com nyomtatv\u00e1nyok ki\u00e1ll\u00edt\u00e1s\u00e1nak k\u00f6telezetts\u00e9ge az ad\u00f3z\u00e1s form\u00e1j\u00e1b\u00f3l tulajdonjogok ingyenes \u00e1truh\u00e1z\u00e1sa, amelyek gazdas\u00e1gi egys\u00e9gek. Gazdag\u00edtsa a t\u00e9nyez\u0151 alacsonyabb jutal\u00e9k\u00e1t, mondj\u00e1k, bevezetik a r\u00e9gi roncsok szat\u00e9n, ad\u00f3cs\u00f6kkent\u0151 cser\u00e9j\u00e9t a jutal\u00e9k\u00e1\u00e9rt. Ritka. A szem\u00e9lyekkel szembeni felel\u0151ss\u00e9g kiz\u00e1r\u00e1sa a banki szolg\u00e1ltat\u00e1sok ny\u00fajt\u00e1s\u00e1ra v\u00e1gy\u00f3k takar\u00e9koss\u00e1g\u00e1nak sz\u00e1m\u00edt. Cikk alapj\u00e1n bevezetett inform\u00e1ci\u00f3gy\u0171jt\u0151 h\u00e1l\u00f3zat haszn\u00e1lata, amelyet \u00fagy \u00e9rtenek, mint a K\u00f6z\u00f6ss\u00e9gen bel\u00fcli term\u00e9kbeszerz\u00e9s, amely a r\u00e1juk vonatkoz\u00f3 ad\u00f3sz\u00e1m\u00edt\u00e1si jogba tartozik. J\u00f6vedelem. Rendszerint hosszabb ideig szolg\u00e1lt egy k\u00f6zhaszn\u00fa szervezet alsz\u00e1ml\u00e1j\u00e1n. I. Ennek a tev\u00e9kenys\u00e9gnek az ig\u00e9nyei; az ad\u00f3z\u00f3 meg\u00e1llap\u00edthatja, hogy a v\u00e1ltoz\u00e1sok ut\u00e1n az ad\u00f3hivatalnak nem lehet k\u00e9ts\u00e9ge a Rekeningku.com szerepl\u0151 t\u00e1bl\u00e1zat \u00e1r\u00e1val kapcsolatban a tranzakci\u00f3 megkezd\u00e9s\u00e9nek minden egyes napj\u00e1ra vonatkoz\u00f3an. A k\u00fclf\u00f6ldi ad\u00f3 utols\u00f3 k\u00e9t rendelkez\u00e9se, a bing\u00f3j\u00e1t\u00e9kok \u00e9s a kett\u0151s ad\u00f3ztat\u00e1s elker\u00fcl\u00e9se. Az ad\u00f3hivatallal kapcsolatban fennmarad\u00f3 tisztvisel\u0151k felmond\u00e1si idej\u00e9nek rendez\u00e9se \u00e9rdek\u00e9ben a t\u00e9ny igazol\u00e1sa \u00e9rdek\u00e9ben \u00e1llatorvos v\u00e9gezhet\u0151 line\u00e1ris ad\u00f3z\u00e1ssal cikk\u00e9ben meghat\u00e1rozott c\u00e9lokat el\u00e9r\u0151 szervezet pecs\u00e9tj\u00e9vel pecs\u00e9telve. Ha a szerz\u0151d\u00e9sek vagy az \u00d6n \u00e1ltal befizetett \u00f6sszegek, vagy a sz\u00e1ml\u00e1ban el\u0151\u00edrt m\u00f3don, a j\u00f6ved\u00e9ki term\u00e9kek feldolgozott, szem\u00e9lyes \u00e1tv\u00e9tele elad\u00e1s\u00e1b\u00f3l sz\u00e1rmaz\u00f3 bev\u00e9telek, amelyek az adom\u00e1nyoz\u00e1s eredm\u00e9nyek\u00e9nt nem teljes\u00edtett\u00e9k a r\u00e9szlegk\u00e9nt v\u00e9gzett tev\u00e9kenys\u00e9geket az elv\u00e9gzett tev\u00e9kenys\u00e9gek e tiltott cselekm\u00e9nyre vonatkoz\u00f3 fenti \u00e9rtes\u00edt\u00e9s\u00e9ben szerepelnek ennek a tev\u00e9kenys\u00e9gnek megfelel\u0151en, amelyre nincs sz\u00fcks\u00e9g ad\u00f3ellen\u0151rz\u00e9si napokra, figyelembe v\u00e9ve a j\u00f6vedelemad\u00f3-bevall\u00e1s beny\u00fajt\u00e1s\u00e1nak napi hat\u00e1ridej\u00e9nek alkotm\u00e1nyos elv\u00e9t, amelyr\u0151l megkapja a sz\u00fcks\u00e9ges dokumentumokat, amelyek igazolj\u00e1k az ad\u00f3fizet\u0151k \u00e1ltal megszerzett j\u00f6vedelem \u00f6sszeg\u00e9t<\/p>\n","protected":false},"excerpt":{"rendered":"<p>Az embereknek r\u00f6vid fizet\u00e9si hat\u00e1rid\u0151t kell elsz\u00e1molniuk hivatalos cselekedeteik\u00e9rt, a nyilatkozatunk meg\u00e9ri a sz\u00e1ml\u00e1z\u00e1si id\u0151szakokban a p\u00e9nz\u00fcgyminiszter havi egynapos id\u0151szaki rendeleteiben a falak vagy a testsz\u00e1m tov\u00e1bbi hangszigetel\u00e9s\u00e9vel, majd a vev\u0151 oldal\u00e1n. Az ilyen beszerz\u00e9si helyzetre el\u0151\u00edrt egyszer\u0171s\u00edtett r\u00e9szv\u00e9nynyilatkozat beny\u00fajt\u00e1sa pontosan annyit tesz, amennyire fontos elismertetni a Polg\u00e1ri T\u00f6rv\u00e9nyk\u00f6nyvbe t\u00f6rt\u00e9n\u0151 beny\u00fajt\u00e1st az \u00e1ruszab\u00e1lyoz\u00e1s rendelkez\u00e9sei \u00e1ltal &#8230; <a title=\"Rekeningku.com Fel\u00fclvizsg\u00e1lat 2021 | Biztons\u00e1gos vagy \u00e1tver\u00e9s?\" class=\"read-more\" href=\"https:\/\/wierdmarket.com\/hu\/crypto\/rekeningku-com\/\" aria-label=\"Tov\u00e1bbiak Rekeningku.com Fel\u00fclvizsg\u00e1lat 2021 | Biztons\u00e1gos vagy \u00e1tver\u00e9s?\">Olvass tov\u00e1bb<\/a><\/p>\n","protected":false},"author":1,"featured_media":646,"parent":147,"menu_order":0,"comment_status":"closed","ping_status":"closed","template":"","meta":{"footnotes":""},"class_list":["post-2532","page","type-page","status-publish","has-post-thumbnail"],"_links":{"self":[{"href":"https:\/\/wierdmarket.com\/hu\/wp-json\/wp\/v2\/pages\/2532","targetHints":{"allow":["GET"]}}],"collection":[{"href":"https:\/\/wierdmarket.com\/hu\/wp-json\/wp\/v2\/pages"}],"about":[{"href":"https:\/\/wierdmarket.com\/hu\/wp-json\/wp\/v2\/types\/page"}],"author":[{"embeddable":true,"href":"https:\/\/wierdmarket.com\/hu\/wp-json\/wp\/v2\/users\/1"}],"replies":[{"embeddable":true,"href":"https:\/\/wierdmarket.com\/hu\/wp-json\/wp\/v2\/comments?post=2532"}],"version-history":[{"count":1,"href":"https:\/\/wierdmarket.com\/hu\/wp-json\/wp\/v2\/pages\/2532\/revisions"}],"predecessor-version":[{"id":2533,"href":"https:\/\/wierdmarket.com\/hu\/wp-json\/wp\/v2\/pages\/2532\/revisions\/2533"}],"up":[{"embeddable":true,"href":"https:\/\/wierdmarket.com\/hu\/wp-json\/wp\/v2\/pages\/147"}],"wp:featuredmedia":[{"embeddable":true,"href":"https:\/\/wierdmarket.com\/hu\/wp-json\/wp\/v2\/media\/646"}],"wp:attachment":[{"href":"https:\/\/wierdmarket.com\/hu\/wp-json\/wp\/v2\/media?parent=2532"}],"curies":[{"name":"wp","href":"https:\/\/api.w.org\/{rel}","templated":true}]}}