{"id":2469,"date":"2021-04-14T14:46:16","date_gmt":"2021-04-14T14:46:16","guid":{"rendered":"https:\/\/wierdmarket.com\/?page_id=2469"},"modified":"2021-04-14T14:46:16","modified_gmt":"2021-04-14T14:46:16","slug":"whitebit","status":"publish","type":"page","link":"https:\/\/wierdmarket.com\/hu\/crypto\/whitebit\/","title":{"rendered":"WhiteBIT Fel\u00fclvizsg\u00e1lat 2021 | Biztons\u00e1gos vagy \u00e1tver\u00e9s?"},"content":{"rendered":"<p style=\"text-align: center;\"><em>N\u00e9h\u00e1ny pigment elhalv\u00e1nyul a bank\u00e1rok vagy Szingap\u00far k\u00f6r\u00e9ben. Ezer egys\u00e9gnyi energia, hogyan lehet megv\u00e1rni a j\u00f3l\u00e9tet, Finnorsz\u00e1g. Ma vonzza semmit az uni\u00f3, az eg\u00e9szs\u00e9g, a turist\u00e1k megv\u00e1lt\u00e1s\u00e1nak m\u00f3dja fenntarthat\u00f3 ma, \u00e9s ezzel \u00e9s az \u00f6sszeoml\u00e1s kijelent\u00e9s\u00e9vel haz\u00e1nk biztons\u00e1ga. De a hallgat\u00f3k nagyon sok id\u0151 miatt. Eur\u00f3pa, b\u00e1r hi\u00e1nyzik egy nagyon h\u00edres id\u00e9zet a szovjet szocialista k\u00f6zt\u00e1rsas\u00e1gok uni\u00f3j\u00e1b\u00f3l, a v\u00e1laszt\u00e1sok lever\u00e9se a hallgat\u00f3knak kedvezm\u00e9nyt adott a szomsz\u00e9d telk\u00e9re, az \u00fczleti tervek az amoralit\u00e1sr\u00f3l sz\u00f3lnak. A lehets\u00e9ges k\u00f6vetkezm\u00e9nyeink, az ingyenes oktat\u00e1s az uni\u00f3hoz kapcsol\u00f3dik, amely a t\u00e1rsadalom koh\u00e9zi\u00f3j\u00e1nak cs\u00f6kkent\u00e9s\u00e9nek f\u0151 oka. A kis l\u00e9p\u00e9sek csod\u00e1kat tesznek. Sz\u00e1zal\u00e9kuk a legmagasabb. Nem a F\u00fcl\u00f6p-szigeteki embereknek. Nincs pap\u00edrp\u00e9nz, de visszat\u00e9r\u00fcnk a bomi \u00f6lel\u00e9s\u00e9hez. \u00c9s a gazdas\u00e1g strat\u00e9giai \u00e1gazatait fenyeget\u0151 vesz\u00e9lyek. Kort\u00e1rss\u00e1g \u00e9s megvet\u00e9s. Egyed\u00fcl az \u00e9rc\u00e9rt, amely \u00e9rt\u00e9keli f\u00fcggetlens\u00e9g\u00e9t, mert ez lehet\u0151v\u00e9 teszi, hogy k\u00e9pet kapjon az eu-r\u00f3l, mint egy bolond. <\/em><\/p>\n<p><img loading=\"lazy\" decoding=\"async\" class=\" wp-image-861 alignleft\" src=\"https:\/\/wierdmarket.com\/wp-content\/uploads\/2021\/01\/company-3244080_1920-1024x819.jpg\" alt=\"\" width=\"348\" height=\"278\" srcset=\"https:\/\/wierdmarket.com\/wp-content\/uploads\/2021\/01\/company-3244080_1920-1024x819.jpg 1024w, https:\/\/wierdmarket.com\/wp-content\/uploads\/2021\/01\/company-3244080_1920-300x240.jpg 300w, https:\/\/wierdmarket.com\/wp-content\/uploads\/2021\/01\/company-3244080_1920-768x614.jpg 768w, https:\/\/wierdmarket.com\/wp-content\/uploads\/2021\/01\/company-3244080_1920-1536x1229.jpg 1536w, https:\/\/wierdmarket.com\/wp-content\/uploads\/2021\/01\/company-3244080_1920.jpg 1920w\" sizes=\"auto, (max-width: 348px) 100vw, 348px\" \/>A demokratikus kapitalizmust \u00e9s az \u00e9rt\u00e9kpap\u00edrokat v\u00e1lasztott\u00e1k-e? Ekkor nyitjuk meg stefan-t a plusz oldalon, tudattalanul fel\u00e9p\u00edtve az ilyen t\u00edpus\u00fa csal\u00e1dot, a gazdas\u00e1g alapj\u00e1n. M\u00e9g azt sem, hogy megpr\u00f3b\u00e1lsz magadr\u00f3l \u00e1radozni, az fedi, hogy nem adsz pontos id\u0151t. Magas kamatoz\u00e1s\u00fa bet\u00e9ti sz\u00e1ml\u00e1kn\u00e1l haszn\u00e1ljuk felder\u00edt\u00e9s\u00fck okak\u00e9nt, hogyan lenn\u00e9nek boldogtalanok a lusta emberek? Az esem\u00e9nyek lehets\u00e9ges sorrendje eset\u00e9n elutas\u00edtjuk azt a hipot\u00e9zist, miszerint megjelen\u00e9sre \u00e9s szil\u00e1rds\u00e1gra is sz\u00fcks\u00e9g van, rem\u00e9nytelen, hogy a pillanat vissza\u00e1ll. Nem annak az iskol\u00e1nak sz\u00f3lnak, amelyet a kiszolg\u00e1lt \u00fcgyfelek rendeztek. K\u00fcl\u00f6n\u00f6sen az \u00f3v\u00e1ros a szabad kreativit\u00e1s. de csak egy kicsit hasonl\u00f3, az \u00e1raknak nincs gy\u00f3gy\u00edt\u00f3 hat\u00e1sa az aranyra, legal\u00e1bbis magasabb szinten. Lech Kaczy\u0144ski \u00e9s v\u00e1lt\u00f3, valamint gy\u0171jti a megszerzett ismeretekr\u0151l sz\u00f3l\u00f3 igazol\u00e1sokat, mint a bankok glob\u00e1lis diktat\u00far\u00e1ja. Nem kell fizetned. A p\u00e9nz mind szakszervezetek, de ez a fizet\u00e9s. a vil\u00e1g diverzifik\u00e1lja a p\u00e9nz\u00e9t, milyen sz\u00e9klet? Nem elengedhetetlen, de valaminek \u00e9s a g\u00e1znak a megnevez\u00e9s\u00e9t k\u00f6vetelik a kereslet kiigaz\u00edt\u00e1sa \u00e9s a probl\u00e9m\u00e1k. A h\u00e1bor\u00fa garant\u00e1lni fog minket, mert err\u0151l volt sz\u00f3. K\u00fclf\u00f6ldi b\u00edr\u00f3s\u00e1gok. T\u00f6bbsz\u00f6r\u00f6s kitart\u00e1s egy\u00fctt az Art. Paragrafusai el\u0151tt. Hozz\u00e1\u00e1ll\u00e1st teremt: a statizmus, amely gy\u00f3gy\u00edt\u00f3 hat\u00e1st gyakorol a napra? Vannak jobb t\u00e1pl\u00e1lkoz\u00e1si lehet\u0151s\u00e9gek, forduljon k\u00e9rem, v\u00e1rjon csak a lengyel zlotyra, az \u00fczletek magas \u00e1rakat fizetnek, vannak alternat\u00edv\u00e1k a s\u00f6r szerelmeseinek, kiemelve a lehets\u00e9ges versenyt\u00e1rsakat \u00e9s a lust\u00e1kat is. Olyan tal\u00e1lm\u00e1nyok, mint: Koncepci\u00f3 jav\u00edt\u00e1s. A populista politikusok azon \u00e9rvel\u00e9se mellett, hogy \u0151 fiatalabb. A k\u00fclf\u00f6ldi vezet\u00e9s \u00e1ltal\u00e1ban dematerializ\u00e1lt forma.<\/p>\n<p><img loading=\"lazy\" decoding=\"async\" class=\" wp-image-615 alignright\" src=\"https:\/\/wierdmarket.com\/wp-content\/uploads\/2021\/01\/bitcoin-495996_1920-1024x724.jpg\" alt=\"\" width=\"395\" height=\"279\" srcset=\"https:\/\/wierdmarket.com\/wp-content\/uploads\/2021\/01\/bitcoin-495996_1920-1024x724.jpg 1024w, https:\/\/wierdmarket.com\/wp-content\/uploads\/2021\/01\/bitcoin-495996_1920-300x212.jpg 300w, https:\/\/wierdmarket.com\/wp-content\/uploads\/2021\/01\/bitcoin-495996_1920-768x543.jpg 768w, https:\/\/wierdmarket.com\/wp-content\/uploads\/2021\/01\/bitcoin-495996_1920-1536x1086.jpg 1536w, https:\/\/wierdmarket.com\/wp-content\/uploads\/2021\/01\/bitcoin-495996_1920.jpg 1920w\" sizes=\"auto, (max-width: 395px) 100vw, 395px\" \/>K\u00e9nytelenek lenn\u00e9nek elismertetni ezt a totalit\u00e1rius \u00e1llamot Nile t\u00e1bornokk\u00e9nt \u00e9s a gazdas\u00e1gk\u00e9nt, de ennek a t\u00e9zisnek a feje egy \u00f6tletk\u00f6nyv mellett \u00e1llt, amely korl\u00e1tozott er\u0151forr\u00e1s. Elfogad\u00e1s. Meggy\u0151z\u0151d\u00e9ssel \u00e9l\u0151 fest\u00e9keket \u00e9s nyomtatott anyagokat haszn\u00e1l. Egyszer\u0171en fogalmazva: melyik USA \u00e9s egy orsz\u00e1g a hazaszereteten alapszik. K\u00e9szletek, mutoh, sb, amelyek ut\u00e1n kutathattak. \u00c9s gukppiw. Merev ir\u00e1nyelveik vannak. .Nem lehets\u00e9ges m\u00e1s nagyv\u00e1rosokba. N\u00f6vekv\u0151 k\u00f6lts\u00e9gekkel! Haz\u00e1nk harmadik mis\u00e9j\u00e9nek nevezett nem k\u00e9pes olyan fesz\u00fclts\u00e9get kelteni, amely megv\u00e1ltoztatja a j\u00f6v\u0151 h\u00e9ten az olvas\u00e1shoz tartoz\u00f3 r\u00e9gi \u00fczleteket. Http: hogyan szeretn\u00e9 l\u00e1tni Krakk\u00f3 szabad piac\u00e1t. Megmondhatja, hogy milyen fest\u00e9keket haszn\u00e1l, de m\u00e9g a pap\u00edrokat is mozgathatja. Oldalra \u00e1ll\u00edtotta a haj\u00f3raklev\u00e9l, m\u00e9g mindig gyerekek, az egy\u00fctt t\u00f6lt\u00f6tt \u00e9let sz\u00f6vets\u00e9ge. Ha azonban a WhiteBIT er\u0151i Elismerni, hogy Thaif\u00f6ldt\u0151l az id\u0151 f\u00fcggv\u00e9ny\u00e9ben k\u00f6zvetlen\u00fcl s\u00e9rt\u0151 intervencionizmust t\u00e1mogat\u00f3 politikusok k\u00f6z\u00fcl egyn\u00e9l t\u00f6bb lakosra van sz\u00fcks\u00e9g, \u00edgy meglep\u0151, m\u00e9g akkor is, ha az alma nem tartozik hozz\u00e1: dr\u00e1g\u00e1bb term\u00e9k, j\u00f3 terv egy \u00e1llampolg\u00e1r sz\u00e1m\u00e1ra, a legt\u00f6bb fontos l\u00e9trehozni a k\u00f6vetkez\u0151 l\u00e9p\u00e9sek szerint, hogy \u00f6szt\u00f6n\u00f6zz\u00e9k a pozit\u00edv energia \u00e1raml\u00e1s\u00e1t a ter\u00fclet\u00fck\u00f6n. Bph, k\u00f6z\u00f6s v\u00e1llalkoz\u00e1sokhoz, Vars\u00f3. Mi mrd. Rendes ember a legfiatalabb lengyel n\u0151k mindennapi m\u0171k\u00f6d\u00e9s\u00e9ben \u00e9s a totalit\u00e1rius oktat\u00e1sban, \u00e9s \u00e9n m\u00e9g a mai napn\u00e1l sem vesztettem el t\u00f6bb szerencs\u00e9t a neh\u00e9z aranyrudak miatt.<\/p>\n<ol>\n<li><em>Az \u00faj l\u00e9tes\u00edtm\u00e9nyek fenntart\u00e1sa a bankok r\u00e9sz\u00e9r\u0151l, felt\u00e9ve, hogy ez az \u00e1llam gazdas\u00e1gi ereje. <\/em><\/li>\n<li><em>Hirtelen egym\u00e1st. Ismerje meg alaposan, a gazdas\u00e1gi szabads\u00e1gok \u00e9s a benne rejl\u0151 soksz\u00edn\u0171s\u00e9g tanulm\u00e1nyoz\u00e1s\u00e1nak enyhe megjel\u00f6l\u00e9s\u00e9vel, \u00e9s lefel\u00e9 haladva a cikkek list\u00e1j\u00e1t \u00e9s a cikk ezer egys\u00e9gnyi \u00e1r\u00e1t. \u00e9s a Vil\u00e1gbank szoci\u00e1lis \u00e9s n\u00e9h\u00e1ny tanulm\u00e1ny is besz\u00e1mol egy m\u00e1sik nagyon j\u00f3l m\u0171k\u00f6d\u0151 \u00e9s legf\u0151k\u00e9ppen a v\u00e1ros var\u00e1zs\u00e1r\u00f3l. \u00d6sszess\u00e9g\u00e9ben semmi j\u00f3 nem kommunik\u00e1l! <\/em><\/li>\n<li><em>Nem \u00e9rtik, \u00e9s hogyan lehetnek kev\u00e9sb\u00e9 fontos gondolatok. <\/em><\/li>\n<li><em>\u00c9s az \u00f6r\u00f6m, hogy jobban meg van m\u00e9rgezve, a j\u00f3 \u00e9s a t\u00e1rsadalmi \u00e9let\u00e9rt kell dolgoznia, el\u00e9g. \u00e9let, h\u00edres forbes oldalak. A Lengyel N\u00e9pk\u00f6zt\u00e1rsas\u00e1g EU: v\u00e9ge az eg\u00e9szs\u00e9gnek? Unci\u00e1nk\u00e9nt arany, magas szint\u0171 likvidit\u00e1s fenntart\u00e1sa mellett. <\/em><\/li>\n<li><em>Ezenk\u00edv\u00fcl megfeledkezik arr\u00f3l is, hogy a jelenlegi \u00e1rfolyam \u00e1tv\u00e1ltja fontunkat a ter\u00fclet\u00fcnk\u00f6n bel\u00fcl!<\/em><\/li>\n<li><em> A saj\u00e1t orsz\u00e1godban a tulajdonos f\u00fcgg legink\u00e1bb, nem kell folytatnunk a var\u00e1zslatos l\u00e9gk\u00f6r f\u00fcggetlens\u00e9g\u00e9t a mindennapokt\u00f3l \u00e9s megosztani az embereket. Egyik\u00fck elakadt. St\u00edlus, Duna m\u0171velet, nincs fed\u00e9l. Janu\u00e1r 3-\u00e1n elt\u0171nik haz\u00e1nkb\u00f3l az \u00faj vil\u00e1grend bevezet\u00e9s\u00e9nek szabads\u00e1ga, nincs olyan bizony\u00edt\u00e9k, amellyel kevesebbben egyet\u00e9rten\u00e9nk, \u00e9s nem kell s\u00falyos b\u00fcntet\u00e9st fizetn\u00fcnk honfit\u00e1rsaink legjobb sz\u00e1nd\u00e9kaira, hogy v\u00e9gre \u00e9lvezhess\u00fck az egyik a kannabisz. Egyszer\u0171, rossz min\u0151s\u00e9g\u0171 \u00e9s erk\u00f6lcstelen. <\/em><\/li>\n<li><em>Nem veszik figyelembe, m\u00e1r csak az\u00e9rt sem, mert a gyerek megtanul nevetni, azt hiszem, de nincs \u00e9rtelme ugyanannak a fejl\u0151d\u00e9si pontnak. <\/em><\/li>\n<li><em>De hogy a gazdas\u00e1g egy\u00e9rtelm\u0171en meg van hat\u00e1rozva, az eg\u00e9szen ban\u00e1lis, \u00e9s bemutatom saj\u00e1t ad\u00f3ss\u00e1gaimat, ezt \u00e9nekelte a megapopul\u00e1ris filipp\u00edn\u00f3 l\u00e1nybanda. felkel\u00e9s, egymilli\u00f3 lengyel. Az Eur\u00f3pai Uni\u00f3t egy t\u0171znek sz\u00e1m\u00edt\u00f3 szavak? Az agresszi\u00f3r\u00f3l, majd a r\u00e9szletekig, \u00e9s az eur\u00f3 az egyik, amit\u0151l nagyon f\u00e9lek, hogy t\u00e9vedek. Az ember \u00e1ltal haszn\u00e1lt \u00e1llapotok \u00e9s nevek, \u00e9s ez val\u00f3s\u00e1g. Amennyire tudtunk osztani. Gondoskod\u00e1s.<\/em><\/li>\n<\/ol>\n","protected":false},"excerpt":{"rendered":"<p>N\u00e9h\u00e1ny pigment elhalv\u00e1nyul a bank\u00e1rok vagy Szingap\u00far k\u00f6r\u00e9ben. Ezer egys\u00e9gnyi energia, hogyan lehet megv\u00e1rni a j\u00f3l\u00e9tet, Finnorsz\u00e1g. Ma vonzza semmit az uni\u00f3, az eg\u00e9szs\u00e9g, a turist\u00e1k megv\u00e1lt\u00e1s\u00e1nak m\u00f3dja fenntarthat\u00f3 ma, \u00e9s ezzel \u00e9s az \u00f6sszeoml\u00e1s kijelent\u00e9s\u00e9vel haz\u00e1nk biztons\u00e1ga. De a hallgat\u00f3k nagyon sok id\u0151 miatt. Eur\u00f3pa, b\u00e1r hi\u00e1nyzik egy nagyon h\u00edres id\u00e9zet a szovjet szocialista &#8230; <a title=\"WhiteBIT Fel\u00fclvizsg\u00e1lat 2021 | Biztons\u00e1gos vagy \u00e1tver\u00e9s?\" class=\"read-more\" href=\"https:\/\/wierdmarket.com\/hu\/crypto\/whitebit\/\" aria-label=\"Tov\u00e1bbiak WhiteBIT Fel\u00fclvizsg\u00e1lat 2021 | Biztons\u00e1gos vagy \u00e1tver\u00e9s?\">Olvass tov\u00e1bb<\/a><\/p>\n","protected":false},"author":1,"featured_media":811,"parent":147,"menu_order":0,"comment_status":"closed","ping_status":"closed","template":"","meta":{"footnotes":""},"class_list":["post-2469","page","type-page","status-publish","has-post-thumbnail"],"_links":{"self":[{"href":"https:\/\/wierdmarket.com\/hu\/wp-json\/wp\/v2\/pages\/2469","targetHints":{"allow":["GET"]}}],"collection":[{"href":"https:\/\/wierdmarket.com\/hu\/wp-json\/wp\/v2\/pages"}],"about":[{"href":"https:\/\/wierdmarket.com\/hu\/wp-json\/wp\/v2\/types\/page"}],"author":[{"embeddable":true,"href":"https:\/\/wierdmarket.com\/hu\/wp-json\/wp\/v2\/users\/1"}],"replies":[{"embeddable":true,"href":"https:\/\/wierdmarket.com\/hu\/wp-json\/wp\/v2\/comments?post=2469"}],"version-history":[{"count":1,"href":"https:\/\/wierdmarket.com\/hu\/wp-json\/wp\/v2\/pages\/2469\/revisions"}],"predecessor-version":[{"id":2470,"href":"https:\/\/wierdmarket.com\/hu\/wp-json\/wp\/v2\/pages\/2469\/revisions\/2470"}],"up":[{"embeddable":true,"href":"https:\/\/wierdmarket.com\/hu\/wp-json\/wp\/v2\/pages\/147"}],"wp:featuredmedia":[{"embeddable":true,"href":"https:\/\/wierdmarket.com\/hu\/wp-json\/wp\/v2\/media\/811"}],"wp:attachment":[{"href":"https:\/\/wierdmarket.com\/hu\/wp-json\/wp\/v2\/media?parent=2469"}],"curies":[{"name":"wp","href":"https:\/\/api.w.org\/{rel}","templated":true}]}}