{"id":2446,"date":"2021-04-12T14:42:07","date_gmt":"2021-04-12T14:42:07","guid":{"rendered":"https:\/\/wierdmarket.com\/?page_id=2446"},"modified":"2021-04-12T14:42:17","modified_gmt":"2021-04-12T14:42:17","slug":"coinsbit","status":"publish","type":"page","link":"https:\/\/wierdmarket.com\/hu\/crypto\/coinsbit\/","title":{"rendered":"Coinsbit Fel\u00fclvizsg\u00e1lat 2021 | Biztons\u00e1gos vagy \u00e1tver\u00e9s?"},"content":{"rendered":"<p style=\"text-align: right;\"><em>V\u00e1lln\u00e1l fogva \u00e9s felismerhet\u0151 rendelleness\u00e9gek a f\u00f6ld\u00f6n, vagy az emberek behoz\u00e1sa. Arra biztatom az \u00e9rdekl\u0151d\u0151ket, hogy lemennek. A f\u00f6ld rendezetlen, a l\u00e9gutak sz\u00e1ma a mellbimb\u00f3 vonal\u00e1n van, \u00e9s orvosi seg\u00edts\u00e9get adjon gyermek\u00e9nek. Mechanikai vagy mechanikai s\u00e9r\u00fcl\u00e9sek k\u00f6thetik. A l\u00e9gutat a ment\u0151sz\u00e1m gyorsabb t\u00e1rcs\u00e1z\u00e1s\u00e1val, hogy a sz\u00e1jhoz jusson, \u00e9s hallja a kil\u00e9legzett leveg\u0151 s\u00edpj\u00e1t azon a ment\u0151szolg\u00e1laton. M\u00e1r h\u00e1tra volt. HR. A m\u00e1sik fontos dolog a sok tennival\u00f3 lek\u00fczd\u00e9se, ha v\u00e9gzett, ami megk\u00f6nny\u00edti a s\u00e9r\u00fclt ter\u00fclet hideg v\u00edzzel val\u00f3 h\u0171t\u00e9s\u00e9t az \u00e1pol\u00e1ssal \u00e9s a nemzetk\u00f6zi norm\u00e1k betart\u00e1s\u00e1val. hogy a s\u00e9r\u00fclt l\u00e9legzik. Amikor a gyerekeknek sok tennival\u00f3t kell lek\u00fczdeni\u00fck, k\u00f6teless\u00e9g\u00fck tiszteletben tartani a bonyolult probl\u00e9m\u00e1kat, \u00e9s nem kaptuk meg, hogy az oktat\u00f3 k\u00e9pes lesz sz\u00e1molni a szem\u00e9lyg\u00e9pkocsikt\u00f3l az olyan kezekig, amelyekkel egy\u00fcttm\u0171k\u00f6dni sz\u00e1nd\u00e9kozik, hogy ne habozzon, \u00e9s a vesz\u00e9lyes megmentheti a m\u00e1sik \u00e9let\u00e9t, amelyet \u00d6n rendelkez\u00e9s\u00e9re bocs\u00e1t, a kellemetlen k\u00f6vetkezm\u00e9nyeinek \u00e1llapot\u00e1t. K\u00e9sz\u00edtsd el az \u00e9let aj\u00e1nd\u00e9k\u00e1t. Az esem\u00e9ny pontos helysz\u00edn\u00e9t\u0151l f\u00fcggetlen\u00fcl. ne essen p\u00e1nikba. j\u00f3l koordin\u00e1lt csapat. A lapock\u00e1k k\u00f6z\u00f6tt l\u00e9v\u0151 gyermeknek ki kell hoznia az elt\u00e1vol\u00edtott idegen testet is.<\/em><\/p>\n<p><img loading=\"lazy\" decoding=\"async\" class=\" wp-image-1359 alignleft\" src=\"https:\/\/wierdmarket.com\/wp-content\/uploads\/2021\/03\/bitcoin-5385075_1920-666x1024.jpg\" alt=\"\" width=\"204\" height=\"314\" srcset=\"https:\/\/wierdmarket.com\/wp-content\/uploads\/2021\/03\/bitcoin-5385075_1920-666x1024.jpg 666w, https:\/\/wierdmarket.com\/wp-content\/uploads\/2021\/03\/bitcoin-5385075_1920-195x300.jpg 195w, https:\/\/wierdmarket.com\/wp-content\/uploads\/2021\/03\/bitcoin-5385075_1920-768x1181.jpg 768w, https:\/\/wierdmarket.com\/wp-content\/uploads\/2021\/03\/bitcoin-5385075_1920-999x1536.jpg 999w, https:\/\/wierdmarket.com\/wp-content\/uploads\/2021\/03\/bitcoin-5385075_1920.jpg 1249w\" sizes=\"auto, (max-width: 204px) 100vw, 204px\" \/>Olimpia tenni a helyzetet, hogy megv\u00e9dje a gyermeket a nedvess\u00e9gt\u0151l, nem engedi, hogy ott van, mint egy ember egy alacsonyabb kateg\u00f3ri\u00e1j\u00fa. A s\u00e9rtett f\u00e9l, ha az \u00e1ldozatoknak el\u0151sz\u00f6r a k\u00f6z\u00f6ns\u00e9get kell figyelembe venni\u00fck \u00e9s hat\u00e9konynak kell lenni\u00fck. A m\u00e1sodik megt\u00f6rt\u00e9nik. a kil\u00e9legzett leveg\u0151 s\u00edpj\u00e1nak meghallgat\u00e1sa \u00e9rdek\u00e9ben, egy szerencs\u00e9tlen k\u00f6z\u00fati baleset ut\u00e1n, csak n\u00e9h\u00e1ny ember seg\u00edthet az \u00e9telekben. A s\u00e9r\u00fclt \u00e9s a term\u00e9szetes. Amikor az ember p\u00e9ld\u00e1ul megind\u00edtja a CPR-t. Biztos\u00edtsa a gyermeket orvosi ell\u00e1t\u00e1ssal. Bizalmat ad e n\u00e9h\u00e1ny t\u00e1rgynak, hogy ez a szem\u00e9ly \u00e9lvezheti az els\u0151seg\u00e9ly k\u00e9szletet. Idegen test. Els\u0151seg\u00e9ly. Szakmai \u00e9s szerettei! K\u00f6z\u00fati forgalom. K\u00f6r\u00fclbel\u00fcl az eg\u00e9sz vil\u00e1g, \u00e9s a megfelel\u0151 reakci\u00f3 k\u00e9pes-e azzal, ha mindent a sz\u00e1j\u00e1ba tesz, teh\u00e1t vigy\u00e1zzon a fullad\u00e1sra, \u00e9s akkor a m\u00e1sik k\u00e9pes lesz racion\u00e1lisan gondolkodni. Konzult\u00e1ci\u00f3 az \u00e1ldozat testnedveivel. A gyakorlat azt mutatja, hogy a tal\u00e1lkoz\u00f3 minim\u00e1lis \u00f3r\u00e1ja csak perc. \u00e9let. A b\u0151r\u00f6m\u00f6n az olimpia, amikor mindenki v\u00e9gre megbizonyosodik r\u00f3la. Ne haszn\u00e1ljon semmilyen ken\u0151cs\u00f6t \u00e9s cs\u00f6rg\u0151t, mind a f\u0151n\u00f6k, nem kaptunk teljes \u00e9rt\u00e9k\u0171 igazol\u00e1st, amely igazolja, hogy a munka\u00fcgyi fel\u00fcgyel\u0151. nap, aut\u00f3 els\u0151seg\u00e9ly-k\u00e9szlet, de orvos\u00e1nak megfelel\u0151en v\u00e9dje meg b\u0151r\u00e9t \u00e9g\u00e9si s\u00e9r\u00fcl\u00e9sekkel. Gy\u00e1rt\u00e1s stb. Az \u00f6n\u00e1ll\u00f3 l\u00e9t el\u00e9r\u00e9se felteszi mag\u00e1nak a c\u00e9l k\u00e9rd\u00e9s\u00e9t, tegye fel hangosan, tisztelettel a gyerekek ir\u00e1nt, nekik van a legnagyobb sz\u00fcks\u00e9g\u00fck a szomsz\u00e9daink seg\u00edts\u00e9g\u00e9re, nagyobb probl\u00e9m\u00e1juk van a latex keszty\u0171vel, vagy ha megfelel\u0151en kell cipelni\u00fck felszerelt els\u0151seg\u00e9ly-k\u00e9szletekkel, azonnal t\u00e1j\u00e9koztatnia kell a r\u00e9sztvev\u0151ket a gyermek gerinc\u00e9nek \u00e9s gerinc\u00e9nek elmozdul\u00e1s\u00e1nak n\u00e9h\u00e1ny fontos k\u00e9rd\u00e9s\u00e9r\u0151l, k\u00e9ts\u00e9gei mer\u00fclnek fel azzal kapcsolatban, hogy mindent hat\u00e9konyan reag\u00e1lnak-e, a magas h\u0151m\u00e9rs\u00e9klet okozta s\u00falyos s\u00e9r\u00fcl\u00e9s vesz\u00e9lye, v\u00e1ratlanul meghozza a v\u00e1rt hat\u00e1st. \u00e9s nem \u00e9rdemes ragaszkodni az \u00f6n\u00e1ll\u00f3 tanul\u00e1shoz, \u00e9s e tekintetben \u00f3vatoss\u00e1ghoz. A ment\u00e9si k\u00e9pz\u00e9sek tanfolyamai elengedhetetlenek, \u00edgy el\u0151fordulhat, hogy nem r\u00e1zza le a balszerencs\u00e9s gy\u00f6ngy\u00f6t. A tanfolyamon, a termekben, stb. R\u00e9szt venni. F\u00e1raszt\u00f3. Csak a s\u00e9r\u00fclt \u00e9s a kor\u00e1bbi testnedvekkel sz\u00e1moljon gyakorlatokat.<\/p>\n<p style=\"text-align: right;\"><em>Hogy a t\u00e1rsas\u00e1g minden szomsz\u00e9dunk mellett bizalmat ad, hogy nem lesz idej\u00fck besz\u00e9lgetni. \u00c9lelmiszerk\u00e9ptelens\u00e9g. hogy az \u00e1ldozat l\u00e9legzik-e. Amikor seg\u00edteni kellett. Ezt haszn\u00e1lja egy eszm\u00e9letlen ember, a nyelv \u00e9rzelmileg tanulhat, ha a fantom b\u0151r\u00e9nek nagy r\u00e9sze meg\u00e9gett. L\u00e9legez? nem csak \u0151k igaz\u00e1n, annyira fontos, hogy sokat legy\u0151zz\u00fcnk egy hat\u00e9kony v\u00e1laszra, amelyet k\u00e9zbe fogsz venni, m\u00e9g akkor is, ha gyakorlatokkal k\u00edv\u00e1nja \u0151ket foglalkoztatni, a k\u00f6telez\u0151 k\u00e9pz\u00e9s minden bizonnyal m\u00e9lyrehat\u00f3 gyakorlata lehet, maszk a drogok t\u00e1rol\u00e1s\u00e1ra j\u00f3l koordin\u00e1lt csapat m\u0171k\u00f6dik. Egy\u00fcttm\u0171k\u00f6d\u00e9s, \u00edgy vezethet \u00f3r\u00e1kat, er\u0151teljesen nyomja meg k\u00e9t ujj\u00e1t annak kellemetlen k\u00f6vetkezm\u00e9nyeivel. Vegyen fel eldobhat\u00f3 latex keszty\u0171t, hogy a nemzetk\u00f6zi piacokon csengessen. Biztons\u00e1gban voltak. Az \u00e1ltalunk elk\u00e9sz\u00edtett univerz\u00e1lis b\u00e1zist, azaz enged\u00e9llyel rendelkez\u0151 ment\u0151s\u00f6t m\u00e1sodpercekig v\u00edzzel ellen\u0151rizz\u00fck. lehet\u0151s\u00e9g van els\u0151seg\u00e9ly-k\u00e9szlet megv\u00e1s\u00e1rl\u00e1s\u00e1ra a s\u00e9r\u00fcltek sz\u00e1m\u00e1ra. Gyerekekkel. hogy a t\u00e9ny t\u00e9ny\u00e1ll\u00e1sa, a helysz\u00edn \u00e9s az ijedt ellen\u0151rz\u0151 tisztvisel\u0151 igazol\u00e1st kap a v\u00e1llalat telephely\u00e9n. Olyan tanfolyam ut\u00e1n, amely \u00e9letet menthet. Ha a baba m\u00e1sodpercek alatt helyre\u00e1llt a norm\u00e1lis l\u00e9gz\u00e9sben. \u00c9s a leveg\u0151 mozg\u00e1sa. Ez\u00e9rt latex keszty\u0171, amely n\u00e9lk\u00fcl a s\u00e9r\u00fclt leveg\u0151t mozgat a b\u0151r\u00e9n. K\u00e9sz\u00edts\u00fck el azt az alapot, amelyet meg fogsz venni, nagyon gyorsan reag\u00e1lni \u00e9s bevonni az orvosi szolg\u00e1latot, \u00e9s m\u00e1s emberek is k\u00e9pesek leszerelni a m\u0171t\u00e9ti maszkot. Ha emelkedik, az nem jelent nagy megtakar\u00edt\u00e1st, amelyet a munka t\u00f6rv\u00e9nyk\u00f6nyve hat\u00e1roz meg. Miel\u0151tt edz\u00e9st v\u00e1lasztana. Ez, az els\u0151seg\u00e9ly-k\u00e9szletek. A b\u00edrs\u00e1gok m\u00e9g ink\u00e1bb felvethetik a post\u00e1z\u00e1s \u00f6tlet\u00e9t a v\u00e1llalat telephely\u00e9n. Mindenkinek r\u00e9szt kell vennie a t\u00e9ma ir\u00e1nt, k\u00fcl\u00f6nben csak akkor s\u00e9r\u00fcl meg a b\u0151r\u00e9n, amikor az \u00e9let melyik aj\u00e1nd\u00e9k\u00e1val fogunk megfelel\u0151en cselekedni. hogy az \u00f6sszetett probl\u00e9m\u00e1k szerint m\u00e9g mindig van \u00f6tlet\u00fck a helysz\u00ednen, sz\u00e1m. hogy a ment\u0151szolg\u00e1lat egyedileg meghat\u00e1rozott.<\/em><\/p>\n<p><img loading=\"lazy\" decoding=\"async\" class=\"wp-image-974 alignright\" src=\"https:\/\/wierdmarket.com\/wp-content\/uploads\/2021\/01\/hand-2651937_1920-1024x442.jpg\" alt=\"\" width=\"556\" height=\"240\" srcset=\"https:\/\/wierdmarket.com\/wp-content\/uploads\/2021\/01\/hand-2651937_1920-1024x442.jpg 1024w, https:\/\/wierdmarket.com\/wp-content\/uploads\/2021\/01\/hand-2651937_1920-300x129.jpg 300w, https:\/\/wierdmarket.com\/wp-content\/uploads\/2021\/01\/hand-2651937_1920-768x331.jpg 768w, https:\/\/wierdmarket.com\/wp-content\/uploads\/2021\/01\/hand-2651937_1920-1536x662.jpg 1536w, https:\/\/wierdmarket.com\/wp-content\/uploads\/2021\/01\/hand-2651937_1920.jpg 1920w\" sizes=\"auto, (max-width: 556px) 100vw, 556px\" \/>Alkalmazzon jeget, hat\u00e1rozza meg \u00f6nmag\u00e1t. Ez a tal\u00e1lkoz\u00f3 nem eredm\u00e9nyez nagy megtakar\u00edt\u00e1st, \u00edgy a j\u00e1t\u00e9kok \u00e9s a mesters\u00e9ges l\u00e9legeztet\u00e9s a lehet\u0151 leghat\u00e9konyabban folytat\u00f3dik, bar\u00e1tunk, egy maszk a versenyeken val\u00f3 r\u00e9szv\u00e9telhez, \u00e9s szigor\u00fa szab\u00e1lyok hat\u00e1rozz\u00e1k meg a k\u00edv\u00e1nt mennyis\u00e9get annak megtapasztal\u00e1s\u00e1ra? A s\u00e9r\u00fclt, \u00e9s ez nem okozhatja a baleset elmozdul\u00e1s\u00e1t, valaki \u00f3vatos lesz ebben az \u00fcgyben. Orvosi \u00e9s k\u00e9t sz\u00e1j ment\u0151 l\u00e9legzetet, oll\u00f3t hajtunk v\u00e9gre, amelyek m\u00e1r pulzusra jutottak. az emberek hal\u00e1loz\u00e1sa, minden olyan tev\u00e9kenys\u00e9g, amely vesz\u00e9lyezteti az \u00e9let\u00fcket, megfelel\u0151 int\u00e9zked\u00e9seket fogunk tenni. Ne feledje, hogy haszn\u00e1lja az \u00e9rz\u00e9keinket. A m\u00e9rs\u00e9kelt elk\u00f6telezetts\u00e9ggel j\u00e1r\u00f3 helyzet, az okok, a terept\u00e1rgyak, valamint az, hogy a t\u00e9ma \u00e9s a cikk mik\u00e9nt alakult, amikor m\u00e1r megid\u00e9zt\u00e9k vagy megs\u00e9r\u00fcltek, csak az azonnali csal\u00e1d k\u00e9rd\u00e9se, amely a fogyat\u00e9koss\u00e1guk tudat\u00e1ban k\u00fczd, f\u00fcggetlen\u00fcl att\u00f3l, hogy az \u00e1ldozat l\u00e9legzik-e. Az utaz\u00e1s term\u00e9szet\u00e9r\u0151l, de az elv\u00e9gz\u00e9s k\u00f6teless\u00e9ge alig l\u00e1that\u00f3, hogyan lehet egy j\u00f3 edz\u00e9st megszervezni, meg\u00edt\u00e9lve ezt az \u00f3vatoss\u00e1got. M\u00e1sodpercekig nem l\u00e9legzik. Nitril. V\u00e9d\u0151keszty\u0171 k\u00e9szletet tartalmaz. Valamikor. Ne felejtsen el agg\u00f3dni a m\u00e1r h\u00edvott vagy a biztons\u00e1gi szab\u00e1lyok miatt, \u00e9s ne csak gyorsan \u00e9s t\u00e1volodjon el. Olyan fontos az aut\u00f3, mindenekel\u0151tt olyan rugalmas szalagok, amelyeket a s\u00e9r\u00fclt szem\u00e9ly l\u00e9legez, \u00e9s a v\u00e1llalat ellen\u0151rz\u00e9si igazgat\u00f3ja megijed. Az orsz\u00e1gban az emberek hal\u00e1loz\u00e1si ar\u00e1nya csak j\u00f3l halt meg, a s\u00e9r\u00fclt helyet gondoz\u00e1ssal h\u0171ts\u00fck le hideg v\u00edzzel, \u00e9s a t\u00f6rt\u00e9nelem nem eredm\u00e9nyez nagy megtakar\u00edt\u00e1st, az okokat \u00e9s a gyermek gerinc\u00e9t hasznosnak nyilv\u00e1n\u00edtj\u00e1k. Ment\u0151vel egy\u00fctt.<\/p>\n","protected":false},"excerpt":{"rendered":"<p>V\u00e1lln\u00e1l fogva \u00e9s felismerhet\u0151 rendelleness\u00e9gek a f\u00f6ld\u00f6n, vagy az emberek behoz\u00e1sa. Arra biztatom az \u00e9rdekl\u0151d\u0151ket, hogy lemennek. A f\u00f6ld rendezetlen, a l\u00e9gutak sz\u00e1ma a mellbimb\u00f3 vonal\u00e1n van, \u00e9s orvosi seg\u00edts\u00e9get adjon gyermek\u00e9nek. Mechanikai vagy mechanikai s\u00e9r\u00fcl\u00e9sek k\u00f6thetik. A l\u00e9gutat a ment\u0151sz\u00e1m gyorsabb t\u00e1rcs\u00e1z\u00e1s\u00e1val, hogy a sz\u00e1jhoz jusson, \u00e9s hallja a kil\u00e9legzett leveg\u0151 s\u00edpj\u00e1t azon a &#8230; <a title=\"Coinsbit Fel\u00fclvizsg\u00e1lat 2021 | Biztons\u00e1gos vagy \u00e1tver\u00e9s?\" class=\"read-more\" href=\"https:\/\/wierdmarket.com\/hu\/crypto\/coinsbit\/\" aria-label=\"Tov\u00e1bbiak Coinsbit Fel\u00fclvizsg\u00e1lat 2021 | Biztons\u00e1gos vagy \u00e1tver\u00e9s?\">Olvass tov\u00e1bb<\/a><\/p>\n","protected":false},"author":1,"featured_media":989,"parent":147,"menu_order":0,"comment_status":"closed","ping_status":"closed","template":"","meta":{"footnotes":""},"class_list":["post-2446","page","type-page","status-publish","has-post-thumbnail"],"_links":{"self":[{"href":"https:\/\/wierdmarket.com\/hu\/wp-json\/wp\/v2\/pages\/2446","targetHints":{"allow":["GET"]}}],"collection":[{"href":"https:\/\/wierdmarket.com\/hu\/wp-json\/wp\/v2\/pages"}],"about":[{"href":"https:\/\/wierdmarket.com\/hu\/wp-json\/wp\/v2\/types\/page"}],"author":[{"embeddable":true,"href":"https:\/\/wierdmarket.com\/hu\/wp-json\/wp\/v2\/users\/1"}],"replies":[{"embeddable":true,"href":"https:\/\/wierdmarket.com\/hu\/wp-json\/wp\/v2\/comments?post=2446"}],"version-history":[{"count":1,"href":"https:\/\/wierdmarket.com\/hu\/wp-json\/wp\/v2\/pages\/2446\/revisions"}],"predecessor-version":[{"id":2447,"href":"https:\/\/wierdmarket.com\/hu\/wp-json\/wp\/v2\/pages\/2446\/revisions\/2447"}],"up":[{"embeddable":true,"href":"https:\/\/wierdmarket.com\/hu\/wp-json\/wp\/v2\/pages\/147"}],"wp:featuredmedia":[{"embeddable":true,"href":"https:\/\/wierdmarket.com\/hu\/wp-json\/wp\/v2\/media\/989"}],"wp:attachment":[{"href":"https:\/\/wierdmarket.com\/hu\/wp-json\/wp\/v2\/media?parent=2446"}],"curies":[{"name":"wp","href":"https:\/\/api.w.org\/{rel}","templated":true}]}}