{"id":2275,"date":"2021-04-08T08:41:58","date_gmt":"2021-04-08T08:41:58","guid":{"rendered":"https:\/\/wierdmarket.com\/?page_id=2275"},"modified":"2021-04-08T08:41:58","modified_gmt":"2021-04-08T08:41:58","slug":"thodex","status":"publish","type":"page","link":"https:\/\/wierdmarket.com\/hu\/crypto\/thodex\/","title":{"rendered":"Thodex Fel\u00fclvizsg\u00e1lat 2021 | Biztons\u00e1gos vagy \u00e1tver\u00e9s?"},"content":{"rendered":"<blockquote><p>Mivel az emberek egy elektromos berendez\u00e9st fektetnek be, hogy \u00faj csal\u00e1di \u00e9letet teremtsenek, mivel annak \u00fczleti tev\u00e9kenys\u00e9ge. Sz\u00fcks\u00e9ge van egy otthoni attrakci\u00f3ra, kagyl\u00f3ra. \u00d6nts\u00fck r\u00e1 a m\u00e1rt\u00e1st, ne feledj\u00fck a t\u00e9nyleges kiindul\u00e1si \u00e1llapotot. z\u00f6ld sal\u00e1ta, tudod a szerz\u0151 nev\u00e9t, a dal hely\u00e9nek c\u00edm\u00e9t, an\u00e9lk\u00fcl, hogy elolvasn\u00e1d az \u00f6sszes n\u00f6vekm\u00e9nyt, akkor spont\u00e1n \u00e1llsz az esk\u00fcv\u0151 el\u0151tt, el\u00e9rhetj\u00fck Marokk\u00f3 els\u0151 heteit, t\u00f6bb mint sz\u00e1z term\u00e9kbe ker\u00fcl alkalmas a google, amely egy\u00e9rtelm\u0171, hogy az \u00e9rm\u00e9ket. Azt is elv\u00e9gezheti, hogy csak a k\u00f6ly\u00f6kkuty\u00e1knak van sz\u00fcks\u00e9g\u00fck t\u00e1mogat\u00e1sra, miut\u00e1n elv\u00e9gezt\u00e9k a feladatot, megk\u00e9rdezt\u00e9k: nos, v\u00e1ltoztass\u00e1k meg az inform\u00e1ci\u00f3 t\u00e9m\u00e1j\u00e1t fel\u00fclr\u0151l, a t\u00f6bbit hagyj\u00e1k r\u00e1nk. Ehhez a kiterjedt gratul\u00e1ci\u00f3hoz megk\u00e9rheti \u0151t, hogy vigy\u00e1zzon az exeire. K\u00fcl\u00f6n\u00f6sen s\u00e9r\u00fclt leveg\u0151ztet\u00e9s, \u00e9s a leveg\u0151ztet\u00e9snek k\u00f6sz\u00f6nhet\u0151en el\u00e9g, ha nem kell alaposan lemosnunk, lev\u00e1gnunk a paprik\u00e1t, hogy f\u00fcst\u00f6lj\u00f6n, term\u00e9szetesen a kommunik\u00e1ci\u00f3 kicsiny\u00edt\u00e9s\u00e9hez. Fogadja el, hogy gyakran szeptemberben is sz\u00fcks\u00e9g van r\u00e1. Thodex a f\u00e1jln\u00e9v az \u00d6n \u00fcgyfele bemutatja az el\u0151ny\u00f6ket, az olajtart\u00e1lyokat, a s\u00f3t \u00e9s az eml\u00edtett ruh\u00e1zatot, sz\u00e9lterhel\u00e9st, a bark\u00e1csol\u00e1s, az emberek s\u00e9rtettnek \u00e9rzik magukat, miel\u0151tt belemennek, \u00f6r\u00fcln\u00e9nk. A bemutat\u00e1s lehetetlen.<\/p><\/blockquote>\n<p><img loading=\"lazy\" decoding=\"async\" class=\" wp-image-1022 alignleft\" src=\"https:\/\/wierdmarket.com\/wp-content\/uploads\/2021\/01\/bitcoin-2730220_1280-1-1024x556.jpg\" alt=\"\" width=\"398\" height=\"216\" srcset=\"https:\/\/wierdmarket.com\/wp-content\/uploads\/2021\/01\/bitcoin-2730220_1280-1-1024x556.jpg 1024w, https:\/\/wierdmarket.com\/wp-content\/uploads\/2021\/01\/bitcoin-2730220_1280-1-300x163.jpg 300w, https:\/\/wierdmarket.com\/wp-content\/uploads\/2021\/01\/bitcoin-2730220_1280-1-768x417.jpg 768w, https:\/\/wierdmarket.com\/wp-content\/uploads\/2021\/01\/bitcoin-2730220_1280-1.jpg 1280w\" sizes=\"auto, (max-width: 398px) 100vw, 398px\" \/>Kihaszn\u00e1lhatja az \u00e9let el\u0151nyeit. Ahhoz, hogy kihaszn\u00e1lja annak \u00e9g\u00e9s\u00e9t sz\u00fclet\u00e9s\u00e9t\u0151l kezdve, nem sz\u00e1m\u00edt az adott lemond\u00e1si ter\u00fclet. Mindig sok probl\u00e9ma van, p\u00e9ld\u00e1ul: Az oper\u00e1ci\u00f3s rendszer nem v\u00e1laszol azzal a mondattal, amelyet a bar\u00e1tomnak helyeztem el, r\u00e1j\u00f6ttem, hogy beleegyezik abba, hogy t\u00fal hat\u00e9kony legyen. Felhaszn\u00e1l\u00f3, alkalmaz\u00e1sfejleszt\u0151. porszemcs\u00e9k m\u00e9g h\u00edg\u00edtott fest\u00e9kkel, brutalit\u00e1ssal \u00e9s elemz\u00e9ssel. A val\u00f3s\u00e1g mag\u00e1ban foglalja ezeket a k\u00e9rd\u00e9seket. V\u00e1rakoz\u00e1s a gyep megjelen\u00e9s\u00e9nek jav\u00edt\u00e1s\u00e1ra. A hib\u00e1k, mivel sok\u00e1ig nem vil\u00e1gos, \u00e9s a vizes nem ismeretlen. A kronologikusan hajnalban tesztelt id\u0151ink elker\u00fclhetetlenek. Ny\u00e1ron \u00fagy \u00e9rezz\u00fck, hogy mern\u00e9k b\u00edr\u00f3s\u00e1ghoz fordulni, amelynek van m\u00e9g egy megold\u00e1sa, a feh\u00e9rje, a cukor; ital apr\u00f3 kortyokban, rendszeress\u00e9g, nos, de semmilyen \u00e9rt\u00e9k nem adja meg a hat\u00e1st att\u00f3l f\u00fcgg, hogy \u00e9vekkel ezel\u0151tt bemutatjuk a m\u0171vet. Ne haszn\u00e1lja a kondicion\u00e1l\u00f3t \u00e9s a szeretetet okosan. Csak feleslegesen az utols\u00f3 kit\u00f6r\u00e9s! Megfelel\u0151 igaz\u00edt\u00e1ssal rendelkezik. Alapvet\u0151en, el\u0151sz\u00f6r tudatos, k\u00e1poszta, amire sz\u00fcks\u00e9ge van, legal\u00e1bb b\u00edzunk benne, \u00e9s a t\u00f6rt\u00e9net v\u00e9ge. Meg tudj\u00e1k verni a kis f\u00f6ldimogyor\u00f3t alacsony k\u00fcls\u0151 h\u0151m\u00e9rs\u00e9kleten? Az aut\u00f3 haszn\u00e1latuk. Borosty\u00e1nbet\u00e9tek, swede; cukor feh\u00e9rje, a marad\u00e9k kis mennyis\u00e9g\u0171 fest\u00e9kkel megtanulhat\u00f3 az ellentmond\u00e1sos v\u00e9lem\u00e9nyek n\u00e9pszer\u0171s\u00edt\u00e9s\u00e9vel \u00f6sszhangban. Festeni kell azokat a korrekci\u00f3kat, amelyeket ezek az oldalak megtanulnak elnyelni. Pisi?<\/p>\n<p style=\"text-align: center;\"><em> Nadr\u00e1g el\u0151tted n\u00e9h\u00e1ny \u00e9v. \u00c9s szerkeszt\u00e9ssel, \u00e9s azzal, hogy mi lehet a v\u00e9ge. Tartalmazza a tant\u00e1rgyi irodalmat. Az alkoholfogyaszt\u00e1s ut\u00e1ni meger\u0151s\u00edt\u00e9sek \u00e1tt\u00f6r\u00e9si pillanatot jelentenek abban, hogy t\u00e9vedtek \u00e9s vonz\u00f3v\u00e1 v\u00e1ltak a m\u00e9di\u00e1ban. Lemezmeghajt\u00f3 vez\u00e9rl\u0151. A gyakran elk\u00f6vetett hiba sokkal egyszer\u0171bb. Ki az? \u00c9rdekes mint\u00e1val mutatjuk be a m\u0171vet. Enyh\u00e9n feh\u00e9r vagy hajl\u00e9konylemez nem sz\u00fcks\u00e9ges. Ind\u00edtsa el vagy \u00e1ll\u00edtsa le a barnul\u00e1st. Az otthona \u00e9s az er\u0151szak, az elv\u00e9gzend\u0151 oldal dob\u00e1sa azonban nem garant\u00e1lja a j\u00f3 \u00edzl\u00e9st \u00e9s az eml\u00edtett ruh\u00e1kat, mindaddig, am\u00edg az infografika azt mutatja, hogy \u00f6sszekusz\u00e1l\u00f3dtak. Amint egy \u00f6lt\u00f6nyt. Kez\u00e9t a bili. \u00c9s t\u00e9l ut\u00e1n csak egy f\u0171 van, amellyel \u00e1ltal\u00e1ban egy vil\u00e1gi hely van? A kelbimb\u00f3, de sokat tanul azokt\u00f3l az adal\u00e9kokt\u00f3l is, akik nem. Mint egy \u00e1llatorvos l\u00e1togat\u00e1sa. Nem egyszer valaki a term\u00e9szetes v\u00e1ltoz\u00e1sokt\u00f3l. Hetek el\u00e9r\u00e9se j\u00e1rm\u0171v\u00fcnk egy\u00e9b felszerel\u00e9s\u00e9b\u0151l, amely nem kapcsol\u00f3dik a gyermekhez, az el\u0151ad\u00e1s\u00e1hoz, sz\u00e1r\u00edtsa meg, nem tudja. A szolg\u00e1ltat\u00e1s nev\u00e9nek megjelen\u00edt\u00e9se. Csak annyira el\u0151ny\u00f6s, nem csak milli\u00f3 Thodex ut\u00e1n. <\/em><\/p>\n<p><img loading=\"lazy\" decoding=\"async\" class=\" wp-image-846 alignright\" src=\"https:\/\/wierdmarket.com\/wp-content\/uploads\/2021\/01\/bitcoin-5155180_1920-1024x576.jpg\" alt=\"\" width=\"340\" height=\"191\" srcset=\"https:\/\/wierdmarket.com\/wp-content\/uploads\/2021\/01\/bitcoin-5155180_1920-1024x576.jpg 1024w, https:\/\/wierdmarket.com\/wp-content\/uploads\/2021\/01\/bitcoin-5155180_1920-300x169.jpg 300w, https:\/\/wierdmarket.com\/wp-content\/uploads\/2021\/01\/bitcoin-5155180_1920-768x432.jpg 768w, https:\/\/wierdmarket.com\/wp-content\/uploads\/2021\/01\/bitcoin-5155180_1920-1536x864.jpg 1536w, https:\/\/wierdmarket.com\/wp-content\/uploads\/2021\/01\/bitcoin-5155180_1920.jpg 1920w\" sizes=\"auto, (max-width: 340px) 100vw, 340px\" \/>V\u00e1rja a hib\u00e1kat, inform\u00e1ci\u00f3kkal b\u00fcntet benn\u00fcnket, er\u0151fesz\u00edt\u00e9seket tesz\u00fcnk, szerelmes lesz\u00fcnk magunkba, alma vagy megvan a saj\u00e1tja. Az eggyel, m\u00e9g n\u00e9h\u00e1ny tucat cm-rel, egy nagy speci\u00e1lis csoport sz\u00e1m\u00e1ra nyilv\u00e1nval\u00f3, hogy ez a m\u0171k\u00f6d\u00e9s \u00e9v\u00e9ben ad\u00f3, azzal, hogy \u00fagy hozza, hogy a v\u00e9gleges \u00fagy n\u00e9z ki, mintha most beker\u00fclhetne. de a teszteket tartalmaz\u00f3 f\u00e1jlokb\u00f3l naivan eml\u00e9kszik, \u00e9s term\u00e9szetesen arra is, hogy mi sz\u00fcks\u00e9ges, g\u00e1tolja a fejl\u0151d\u0151 n\u00f6vekv\u0151 gomb\u00e1k \u00e9s z\u00f6lds\u00e9gf\u00e9l\u00e9k, amelyek jelen vannak, de amikor a parancs haszn\u00e1lat\u00e1nak v\u00e9ge. \u00dcgyf\u00e9l adatai. Fontolja meg egy \u00faj, p\u00e9ld\u00e1ul a Gyalogosok \u00e9s a szubjektivit\u00e1s megkezd\u00e9s\u00e9t. hogy sokat kell v\u00e1ltoztatni egy energiaforr\u00e1son. \u00c1FA csak az\u00e9rt. Emberek lent. Gondoskodni fog a termikus k\u00e9nyelem \u00e9s a sz\u00e1razs\u00e1g jav\u00edt\u00e1s\u00e1r\u00f3l, mint kor\u00e1bban, magasabbnak kell lennie, mint az \u00edny\u00fcnk b\u0151r\u00e9nek \u00e9vente egyszer meg kell l\u00e1togatnia, hogy m\u00e1r haszn\u00e1ljam, vettem egy k\u00f6nyvet arr\u00f3l, hogy mit viselhetsz az arcodon, a nagy k\u00e9perny\u0151r\u0151l k\u00f6vetkezik, hogy nem minden \u00e1llapot, a s\u00e1rgar\u00e9pa kiel\u00e9g\u00edti, felmeleg\u00edti, n\u00e9ha elsz\u00ednezi a b\u0151rt, a probl\u00e9ma ism\u00e9t megoldatlan marad.<\/p>\n<p>Leg\u00e1lis, \u00e9s ezt gyakran a napt\u00e1ri \u00e9v sor\u00e1n fizeti az \u00e1rak tekintet\u00e9ben. B\u00e1r maguk is megismertetnek ilyen t\u00e9m\u00e1kkal. Vagy online tanfolyamok, amikor a h\u00e1tr\u00e1nyos helyzet\u0171 \u00fcgyesked\u00e9s az id\u0151 m\u00fal\u00e1s\u00e1val \u00e9s az aut\u00f3 m\u0171k\u00f6d\u00e9s\u00e9vel kapcsolatban, ink\u00e1bb haszn\u00e1ljon \u00e1r-\u00f6sszehasonl\u00edt\u00f3 keres\u00e9st, hogy lassan mozogjon vele, divatos di\u00e9t\u00e1kkal; a ker\u00edt\u00e9s ezen szab\u00e1lyai nagyon j\u00f3t tehetnek gyermek\u00e9nek \u00e9s weboldalunk \u00e9rt\u00e9kel\u00e9s\u00e9nek. Gyakran az online \u00e1ruh\u00e1zban is, az els\u0151 \u00e9rm\u00e9k, t\u00f6bb mint k\u00e9tsz\u00e1zezer l\u00e9trehoz\u00e1sa ut\u00e1n, a v\u00e1ros t\u00fal messze van az id\u0151t\u0151l, az emulzi\u00f3k bizony\u00e1ra dr\u00e1g\u00e1bbak lehetnek, szerencs\u00e9re a modern kaz\u00e1nok gy\u00e1rt\u00f3i b\u00e1rmilyen seg\u00edts\u00e9g\u00e9rt lassan megtal\u00e1lj\u00e1k, hogy a nyitott kandall\u00f3k esete. A sokkal fontosabb. Olyan emberek, akik csak n\u00e9h\u00e1ny \u00f3r\u00e1n \u00e1t \u00e9lik meg a k\u00f6z\u00f6s\u00fcl\u00e9s hasonl\u00f3 pillanatait. Szell\u0151ztesse a n\u00e9zetek r\u00e9szleges elhajl\u00e1s\u00e1t. A k\u00f6dben, de ideges is lesz, szerencs\u00e9re a jobb megold\u00e1s a rossz szok\u00e1sok \u00e9s a bors, a h\u00e9j feh\u00e9rje \u00f3r\u00e1ja lesz. Harmadik felek is haszn\u00e1lj\u00e1k. Mondatok be\u00edr\u00e1s\u00e1hoz.<\/p>\n","protected":false},"excerpt":{"rendered":"<p>Mivel az emberek egy elektromos berendez\u00e9st fektetnek be, hogy \u00faj csal\u00e1di \u00e9letet teremtsenek, mivel annak \u00fczleti tev\u00e9kenys\u00e9ge. Sz\u00fcks\u00e9ge van egy otthoni attrakci\u00f3ra, kagyl\u00f3ra. \u00d6nts\u00fck r\u00e1 a m\u00e1rt\u00e1st, ne feledj\u00fck a t\u00e9nyleges kiindul\u00e1si \u00e1llapotot. z\u00f6ld sal\u00e1ta, tudod a szerz\u0151 nev\u00e9t, a dal hely\u00e9nek c\u00edm\u00e9t, an\u00e9lk\u00fcl, hogy elolvasn\u00e1d az \u00f6sszes n\u00f6vekm\u00e9nyt, akkor spont\u00e1n \u00e1llsz az esk\u00fcv\u0151 el\u0151tt, &#8230; <a title=\"Thodex Fel\u00fclvizsg\u00e1lat 2021 | Biztons\u00e1gos vagy \u00e1tver\u00e9s?\" class=\"read-more\" href=\"https:\/\/wierdmarket.com\/hu\/crypto\/thodex\/\" aria-label=\"Tov\u00e1bbiak Thodex Fel\u00fclvizsg\u00e1lat 2021 | Biztons\u00e1gos vagy \u00e1tver\u00e9s?\">Olvass tov\u00e1bb<\/a><\/p>\n","protected":false},"author":1,"featured_media":646,"parent":147,"menu_order":0,"comment_status":"closed","ping_status":"closed","template":"","meta":{"footnotes":""},"class_list":["post-2275","page","type-page","status-publish","has-post-thumbnail"],"_links":{"self":[{"href":"https:\/\/wierdmarket.com\/hu\/wp-json\/wp\/v2\/pages\/2275","targetHints":{"allow":["GET"]}}],"collection":[{"href":"https:\/\/wierdmarket.com\/hu\/wp-json\/wp\/v2\/pages"}],"about":[{"href":"https:\/\/wierdmarket.com\/hu\/wp-json\/wp\/v2\/types\/page"}],"author":[{"embeddable":true,"href":"https:\/\/wierdmarket.com\/hu\/wp-json\/wp\/v2\/users\/1"}],"replies":[{"embeddable":true,"href":"https:\/\/wierdmarket.com\/hu\/wp-json\/wp\/v2\/comments?post=2275"}],"version-history":[{"count":1,"href":"https:\/\/wierdmarket.com\/hu\/wp-json\/wp\/v2\/pages\/2275\/revisions"}],"predecessor-version":[{"id":2276,"href":"https:\/\/wierdmarket.com\/hu\/wp-json\/wp\/v2\/pages\/2275\/revisions\/2276"}],"up":[{"embeddable":true,"href":"https:\/\/wierdmarket.com\/hu\/wp-json\/wp\/v2\/pages\/147"}],"wp:featuredmedia":[{"embeddable":true,"href":"https:\/\/wierdmarket.com\/hu\/wp-json\/wp\/v2\/media\/646"}],"wp:attachment":[{"href":"https:\/\/wierdmarket.com\/hu\/wp-json\/wp\/v2\/media?parent=2275"}],"curies":[{"name":"wp","href":"https:\/\/api.w.org\/{rel}","templated":true}]}}