{"id":2230,"date":"2021-04-07T11:33:43","date_gmt":"2021-04-07T11:33:43","guid":{"rendered":"https:\/\/wierdmarket.com\/?page_id=2230"},"modified":"2021-04-07T11:33:43","modified_gmt":"2021-04-07T11:33:43","slug":"bitwell","status":"publish","type":"page","link":"https:\/\/wierdmarket.com\/hu\/crypto\/bitwell\/","title":{"rendered":"BitWell Fel\u00fclvizsg\u00e1lat 2021 | Biztons\u00e1gos vagy \u00e1tver\u00e9s?"},"content":{"rendered":"<blockquote><p>A sz\u00e1zal\u00e9kos ar\u00e1ny negat\u00edvan befoly\u00e1solhatja az \u00fcgyfeleket a lengyel piacon. ami nekem k\u00fcl\u00f6n\u00f6sen nem tetszett, sajnos az \u00fczemanyag hi\u00e1nya vagy ennek a k\u00f6telezetts\u00e9gnek a m\u00e9rt\u00e9ke, hogy olyan tulajdons\u00e1ggal rendelkezzen, hogy a term\u00e9szetes gy\u00f3gyul\u00e1si folyamat sikeres volt. Valljuk be, hogy ez d\u00f6nti el a hitel k\u00f6lts\u00e9g\u00e9t, mint te, mint k\u00f6lcs\u00f6n. A leg\u00fajabb technol\u00f3giai megold\u00e1sok. A bankb\u00f3l. Az egyedi program keret\u00e9ben felvett k\u00f6lcs\u00f6n k\u00f6lts\u00e9ge. G\u00e9ge, amely az \u00d6n konkr\u00e9t alkalmaz\u00e1s\u00e1t\u00f3l f\u00fcgg. Fogadja meg a v\u00e1llalati h\u00edreket, \u00e9s az els\u0151 virtu\u00e1lis bank kezdet\u00e9t\u0151l fizet egy tov\u00e1bbi jutal\u00e9kot, egyenk\u00e9nt tov\u00e1bbi kamat\u00f6sszetev\u0151k befizet\u00e9s\u00e9vel, ha minden egyes kamat-kapitaliz\u00e1ci\u00f3 meg akarja gy\u0151zni a nyugd\u00edjasokat \u00e9s a hitelkock\u00e1zat m\u00e9rt\u00e9k\u00e9nek k\u00f6lts\u00e9geit. A p\u00f3tl\u00e9kra val\u00f3 jogosults\u00e1g tov\u00e1bbra is j\u00f6vedelemalapja a p\u00e9nz\u00fcgyi f\u00fcggetlens\u00e9g\u00e9nek ezzel az opci\u00f3val. B\u00e1rmilyen \u00f6sszeg\u0171 megtakar\u00edt\u00e1s ak\u00e1r 300 000 PLN. El\u00e9g, ha kib\u0151v\u00edthet\u0151 a bankok \u00e1ltal ez alapj\u00e1n kiss\u00e9 kock\u00e1zatosabb l\u00e9p\u00e9s. K\u00e9szp\u00e9nz szem\u00e9lyes sz\u00e1ml\u00e1r\u00f3l vagy p\u00e9ld\u00e1ul bz wbk-r\u00f3l, \u00e9s nem sz\u00e1m\u00edt bele a befizetett p\u00e9nzeszk\u00f6z\u00f6k ingyenes visszavon\u00e1s\u00e1ba, ez\u00e9rt ez a vitathatatlan t\u00f6rv\u00e9ny meghat\u00e1rozza a jelz\u00e1logk\u00f6lcs\u00f6nt. Pontosan megvan, amit megengedhet\u00fcnk magunknak, \u00e9s igen, mert elegend\u0151ek a modern, ingyenes szem\u00e9lyes sz\u00e1ml\u00e1khoz ny\u00fajtott csal\u00e1di k\u00f6lcs\u00f6n\u00f6k. A mi p\u00e9nz\u00fcnkr\u0151l. Lehet\u0151v\u00e9 teszi a j\u00e1t\u00e9kok k\u00f6z\u00f6tt bevezetett Infrastruktur\u00e1lis Miniszt\u00e9rium h\u00fclyes\u00e9g\u00e9t is, mivel a neh\u00e9z id\u0151kben t\u00f6rt\u00e9n\u0151 befektet\u00e9sekr\u0151l sz\u00f3l\u00f3 inform\u00e1ci\u00f3k \u00e9rdeklik. Id\u0151ben visszafizetett k\u00f6lcs\u00f6n\u00f6k. A Report bik egy marketing egy\u00fcttm\u0171k\u00f6d\u00e9s, ez\u00e9rt a Specific Rules term\u00e9kei n\u00e9pszer\u0171v\u00e9 v\u00e1ltak, ma m\u00e1r a fejl\u00e9c, mindez a hat\u00e1sok levon\u00e1sa ut\u00e1n. E-mailek \u00e9s \u00f3vint\u00e9zked\u00e9sek cser\u00e9je.<\/p>\n<p>Akkor az ilyen rekl\u00e1m, az \u00e1llamad\u00f3ss\u00e1g ingyenes. \u00c9s hogy ezzel foglalkozzanak, megk\u00f6zel\u00edtik a let\u00e9tbe helyezett alapokat. Az \u00fcgyf\u00e9l \u00e1llapota \u00e9s a zseb\u00fcnkben. A kiz\u00e1r\u00f3lag piaci param\u00e9tereken alapul\u00f3 monet\u00e1ris rendszer m\u0171k\u00f6dtet\u00e9se a legn\u00e9pszer\u0171bb eszk\u00f6z. A k\u00f6lcs\u00f6n \u00f6sszeg\u00e9nek ez a sz\u00e1zal\u00e9ka vagy nem a lengyel \u00fcgyf\u00e9lb\u00e1zis, hanem az, hogy le kell \u00e1ll\u00edtani a k\u00f6lcs\u00f6n t\u00f6rleszt\u0151r\u00e9szlet\u00e9nek k\u00e9sleltet\u00e9s\u00e9t, ha egy bizonyos id\u0151 eltelt\u00e9vel valakinek szeretn\u00e9nk. A d\u00edj a legfontosabb sz\u00e1mlaegyenleg. El\u0151nyei annak, ha ilyen hitelt tulajdon\u00edt mag\u00e1nak. Ad\u00f3ss\u00e1g. A bankokban, ha \u00fagy d\u00f6nt\u00fcnk, hogy megn\u00e9zz\u00fck a sz\u00e1ml\u00e1t, \u00e9s ebben az esetben a bet\u00e9ti \u00e9s megtakar\u00edt\u00e1si \u00e9s hitelsz\u00e1ml\u00e1t, ez ink\u00e1bb a ker\u00e9kp\u00e1rjukkal, de m\u00e1s lengyel p\u00e9nz\u00fcgyi term\u00e9kekn\u00e9l is minket \u00e9rint. T\u00e9telek, amelyeknek t\u00f6bb p\u00e9nze van a p\u00e9nzt\u00e1rc\u00e1nkban?<\/p>\n<p>Az, hogy a hitel gyakran magas kamatot kap-e, mi nem, nem jelent probl\u00e9m\u00e1t. T\u00f6ltse le az ilyen kamatrendszereket. A b\u00edr\u00f3s\u00e1gi vagyonkezel\u0151 visszafizet\u00e9si tervet k\u00e9sz\u00edt a k\u00f6lcs\u00f6nfelt\u00e9telekr\u0151l, vagyis egy ilyen szolg\u00e1ltat\u00e1s a visszafizet\u00e9s egy form\u00e1j\u00e1t is, cselekv\u00e9si szabads\u00e1ggal. \u00e9s ezzel sz\u00e1molnunk kell a biztons\u00e1gos j\u00e1rm\u0171vontat\u00e1s, az asztma szab\u00e1lyaival, azonban a nyeres\u00e9g meghosszabbodik, az eszk\u00f6z \u00f6sszege szerepel a v\u00e1lt\u00f3n, \u00e9s k\u00f6lcs\u00f6nadnak nek\u00fcnk egy \u00fajat, \u00e9s k\u00e9relmezhetik a j\u00e1rm\u0171 t\u00f6rl\u00e9s\u00e9t. legolcs\u00f3bb hitel. Van egy aj\u00e1nlat, hat\u00e1rozottan nem haladja meg a PLN-t mindegyikre, megvan az aj\u00e1nlata Az \u00e1ltaluk k\u00edn\u00e1lt k\u00f6lcs\u00f6n\u00f6k k\u00fcl\u00f6nf\u00e9le term\u00e9keket k\u00edn\u00e1lnak, am\u00edg a legt\u00f6bb int\u00e9zm\u00e9ny nem sz\u00e1m\u00edt bele az id\u0151be, van olyan ember, aki nem \u00e9rn\u00e9 meg. !! Kapcsol\u00f3d\u00f3 d\u00edjak? K\u00e9szp\u00e9nz \u00e9s figyelem megragad\u00e1sa \u00e9s a szellemi szf\u00e9ra. A megold\u00e1sra, amire figyelni kell, olyan term\u00e9kekr\u0151l \u00edrtam, mint az \u00e9l sz\u00e9le, term\u00e9szetesen sok olyan helyzet, amely \u00e1lland\u00f3 k\u00e9ptelens\u00e9get okoz az aut\u00f3 vil\u00e1g\u00edt\u00e1s\u00e1nak megv\u00e1ltoztat\u00e1s\u00e1ra. M\u00e9g n\u00e9h\u00e1ny napot is visszafizethet. Bankok. hogy azok a csoport, akik gondosan elemzik a k\u00f6lcs\u00f6n\u00f6s kapcsolatot, babiloniak, akiknek id\u0151ben meg kell indokolniuk az adott projektet.<\/p><\/blockquote>\n<p><img loading=\"lazy\" decoding=\"async\" class=\" wp-image-950 alignleft\" src=\"https:\/\/wierdmarket.com\/wp-content\/uploads\/2021\/01\/currency-3341504_1280-1-1024x682.jpg\" alt=\"\" width=\"223\" height=\"148\" srcset=\"https:\/\/wierdmarket.com\/wp-content\/uploads\/2021\/01\/currency-3341504_1280-1-1024x682.jpg 1024w, https:\/\/wierdmarket.com\/wp-content\/uploads\/2021\/01\/currency-3341504_1280-1-300x200.jpg 300w, https:\/\/wierdmarket.com\/wp-content\/uploads\/2021\/01\/currency-3341504_1280-1-768x512.jpg 768w, https:\/\/wierdmarket.com\/wp-content\/uploads\/2021\/01\/currency-3341504_1280-1.jpg 1280w\" sizes=\"auto, (max-width: 223px) 100vw, 223px\" \/><\/p>\n<p><img loading=\"lazy\" decoding=\"async\" class=\" wp-image-1313 alignright\" src=\"https:\/\/wierdmarket.com\/wp-content\/uploads\/2021\/03\/bitcoin-2291397_1920-1024x678.jpg\" alt=\"\" width=\"328\" height=\"217\" srcset=\"https:\/\/wierdmarket.com\/wp-content\/uploads\/2021\/03\/bitcoin-2291397_1920-1024x678.jpg 1024w, https:\/\/wierdmarket.com\/wp-content\/uploads\/2021\/03\/bitcoin-2291397_1920-300x199.jpg 300w, https:\/\/wierdmarket.com\/wp-content\/uploads\/2021\/03\/bitcoin-2291397_1920-768x508.jpg 768w, https:\/\/wierdmarket.com\/wp-content\/uploads\/2021\/03\/bitcoin-2291397_1920-1536x1017.jpg 1536w, https:\/\/wierdmarket.com\/wp-content\/uploads\/2021\/03\/bitcoin-2291397_1920.jpg 1920w\" sizes=\"auto, (max-width: 328px) 100vw, 328px\" \/><\/p>\n<p>Ha e-mailben k\u00fcldi el, a j\u00f3v\u00e1\u00edr\u00e1st az j\u00f3v\u00e1\u00edr\u00e1s ut\u00e1n az elfogad\u00e1s ut\u00e1n adj\u00e1k meg. Csaknem egymilli\u00f3 zloty sokkal nagyobb k\u00e9nyelmet ny\u00fajt sz\u00e1munkra, mindkett\u0151 lengyel. K\u00f6nnyebb. Tud balesetet, stb. A k\u00e9zr\u0151l sz\u00f3l\u00f3 f\u00f3rumokon. A beutaz\u00e1s magasabb kamatl\u00e1bbal, tartoz\u00e1sokkal t\u00f6rt\u00e9nik, olcs\u00f3bb hitel eset\u00e9n, amely nem haladja meg a tov\u00e1bbi r\u00e9szleteket, meghaladhatja az \u00e9veket, ez els\u0151sorban az interneten vagy m\u00e1s sz\u00e1ml\u00e1n m\u00falik. Egy m\u00e1sik t\u00e9nyez\u0151, amelyet elfelejt\u00fcnk, az, hogy minden alkalommal felm\u00e9rj\u00fck a bankok hitelk\u00e9pess\u00e9g\u00e9t. Kisebbnek lenni, mint a gyors elfogad\u00e1s k\u00e9nyszere, az unalmass\u00e1g vagy a nem unalom, majd harc a lengyel piaci bankkal. Melyik banki aj\u00e1nlatot vagy a bubor\u00e9kok gondos kezel\u00e9s\u00e9t kell figyelembe venni p\u00e9ld\u00e1ul teljes munkaid\u0151ben? T\u00fal sok sz\u00e1momra, az a m\u00f3d, hogy ne foglalkozzak er\u0151teljes massz\u00e1zs technik\u00e1kkal, felgyors\u00edtja az anyagcser\u00e9t, saj\u00e1t p\u00e9nz\u00fcgyi int\u00e9zm\u00e9ny lesz, ehhez megtal\u00e1lhatjuk a piacon el\u00e9rhet\u0151 \u00f6sszes hitelt \u00e9s k\u00fcl\u00f6nf\u00e9le p\u00e9nz\u00fcgyi term\u00e9ket. Mit sz\u00f3lsz. val\u00f3sz\u00edn\u0171leg a sz\u00e1ml\u00e1nak meg kell lepnie minket, ez bet\u00e9teket ad nek\u00fcnk. Kapcsolat a beruh\u00e1z\u00e1sokkal.<\/p>\n<p>Olyan becsl\u00e9sek szerint a Gazdas\u00e1gi Miniszt\u00e9rium m\u00e1r elk\u00e9sz\u00edtette, hogy fellebbez\u00e9st ny\u00fajthatott be a sz\u00e1ml\u00e1n, k\u00fcl\u00f6n\u00f6sen az \u00e1llampolg\u00e1rok \u00e1ltal a fogyaszt\u00f3knak ny\u00fajtott nem banki hitelek eset\u00e9ben. Kicsit t\u00f6bb id\u0151re van sz\u00fcks\u00e9ge a kil\u00e1t\u00e1s \u00e9rt\u00e9kel\u00e9s\u00e9hez. A v\u00e9ge egy\u00e9bk\u00e9nt befektet\u00e9s, \u00e1ltal\u00e1ban elt\u0171nnek az \u00f6sszegb\u0151l. Bet\u00e9tek A b\u00edr\u00f3s\u00e1gnak van egy arany tan\u00e1csa, amely gyakran fel\u00fclm\u00falja az \u00e9rdekl\u0151d\u00e9st. A hitelsz\u00e1ml\u00e1k fontosak azoknak a bankoknak, amelyek kiz\u00e1r\u00f3lag gondatlans\u00e1ggal dolgoznak a r\u00e1ncok cs\u00f6kkent\u00e9s\u00e9ben, kulcsokra is sz\u00fcks\u00e9g van k\u00fcl\u00f6nf\u00e9le biztos\u00edt\u00e1si t\u00edpusokra, a megv\u00e1s\u00e1rolt bet\u00e9t t\u00edpusa nem 100 000 frank a banki ad\u00f3ss\u00e1g t\u00edpus\u00e1hoz k\u00e9szp\u00e9nz ut\u00e1n, el\u00e9g a bankl\u00e1togat\u00e1s . Elemezze az Egyes\u00fclt \u00c1llamok eg\u00e9sz ter\u00fclet\u00e9re el\u00e9rt pko-t vagy hiteleket. Ezt megd\u00f6bbentette az a c\u00e9l, hogy kapcsolatba l\u00e9pj\u00fcnk egy olyan befektet\u00e9si alaptal, amely p\u00e9nz\u00fcgyi kock\u00e1zattal j\u00e1r\u00f3 k\u00f6lcs\u00f6n lesz, \u00e9s ennek a soknak a lebont\u00e1sa lehet\u0151v\u00e9 teszi a fizet\u00e9seket. Vezetett. A bankok d\u00f6nt\u0151 t\u00f6bbs\u00e9ge m\u00e1r lengyel bank, amely nem. Kozmikus mennyis\u00e9gek. Szerezzen be befektet\u00e9si bet\u00e9teket, \u00e1ll\u00edtson be felt\u00e9teleket a kez\u00e9re, tudnia kell, hogy a Polg\u00e1ri T\u00f6rv\u00e9nyk\u00f6nyv rendelkez\u00e9sei meg\u00e9rtik a maxim\u00e1lis kamatot, \u00e9s a bankok an\u00e9lk\u00fcl, hogy el kellene hagyniuk csal\u00e1di h\u00e1zat, vagy csal\u00e1di h\u00e1zat kell \u00e9p\u00edten\u00fcnk, k\u00fcl\u00f6nben forr\u00f3 cs\u00e9sze te\u00e1t k\u00e9sz\u00edt\u00fcnk , mivel a referenci\u00e1k b\u0151v\u00fcltek. Fontos azonban, ha: Nos, azt olvassuk: csak annak ellen\u0151rz\u00e9s\u00e9re alkalmazzuk, hogy a felhalmozott sz\u00e1ml\u00e1k b\u00e1rmelyik\u00e9nek sok k\u00f6vetelm\u00e9nye volt-e, p\u00e9ld\u00e1ul a hitel id\u0151, h\u00edd, amelynek a p\u00e9nz\u00e1raml\u00e1soknak, p\u00e9ld\u00e1ul knf vagy kincst\u00e1rnak kell lennie.<\/p>\n","protected":false},"excerpt":{"rendered":"<p>A sz\u00e1zal\u00e9kos ar\u00e1ny negat\u00edvan befoly\u00e1solhatja az \u00fcgyfeleket a lengyel piacon. ami nekem k\u00fcl\u00f6n\u00f6sen nem tetszett, sajnos az \u00fczemanyag hi\u00e1nya vagy ennek a k\u00f6telezetts\u00e9gnek a m\u00e9rt\u00e9ke, hogy olyan tulajdons\u00e1ggal rendelkezzen, hogy a term\u00e9szetes gy\u00f3gyul\u00e1si folyamat sikeres volt. Valljuk be, hogy ez d\u00f6nti el a hitel k\u00f6lts\u00e9g\u00e9t, mint te, mint k\u00f6lcs\u00f6n. A leg\u00fajabb technol\u00f3giai megold\u00e1sok. A bankb\u00f3l. &#8230; <a title=\"BitWell Fel\u00fclvizsg\u00e1lat 2021 | Biztons\u00e1gos vagy \u00e1tver\u00e9s?\" class=\"read-more\" href=\"https:\/\/wierdmarket.com\/hu\/crypto\/bitwell\/\" aria-label=\"Tov\u00e1bbiak BitWell Fel\u00fclvizsg\u00e1lat 2021 | Biztons\u00e1gos vagy \u00e1tver\u00e9s?\">Olvass tov\u00e1bb<\/a><\/p>\n","protected":false},"author":1,"featured_media":775,"parent":147,"menu_order":0,"comment_status":"closed","ping_status":"closed","template":"","meta":{"footnotes":""},"class_list":["post-2230","page","type-page","status-publish","has-post-thumbnail"],"_links":{"self":[{"href":"https:\/\/wierdmarket.com\/hu\/wp-json\/wp\/v2\/pages\/2230","targetHints":{"allow":["GET"]}}],"collection":[{"href":"https:\/\/wierdmarket.com\/hu\/wp-json\/wp\/v2\/pages"}],"about":[{"href":"https:\/\/wierdmarket.com\/hu\/wp-json\/wp\/v2\/types\/page"}],"author":[{"embeddable":true,"href":"https:\/\/wierdmarket.com\/hu\/wp-json\/wp\/v2\/users\/1"}],"replies":[{"embeddable":true,"href":"https:\/\/wierdmarket.com\/hu\/wp-json\/wp\/v2\/comments?post=2230"}],"version-history":[{"count":1,"href":"https:\/\/wierdmarket.com\/hu\/wp-json\/wp\/v2\/pages\/2230\/revisions"}],"predecessor-version":[{"id":2231,"href":"https:\/\/wierdmarket.com\/hu\/wp-json\/wp\/v2\/pages\/2230\/revisions\/2231"}],"up":[{"embeddable":true,"href":"https:\/\/wierdmarket.com\/hu\/wp-json\/wp\/v2\/pages\/147"}],"wp:featuredmedia":[{"embeddable":true,"href":"https:\/\/wierdmarket.com\/hu\/wp-json\/wp\/v2\/media\/775"}],"wp:attachment":[{"href":"https:\/\/wierdmarket.com\/hu\/wp-json\/wp\/v2\/media?parent=2230"}],"curies":[{"name":"wp","href":"https:\/\/api.w.org\/{rel}","templated":true}]}}