{"id":2109,"date":"2021-04-06T12:56:42","date_gmt":"2021-04-06T12:56:42","guid":{"rendered":"https:\/\/wierdmarket.com\/?page_id=2109"},"modified":"2021-04-06T12:56:42","modified_gmt":"2021-04-06T12:56:42","slug":"coinflex","status":"publish","type":"page","link":"https:\/\/wierdmarket.com\/hu\/crypto\/coinflex\/","title":{"rendered":"CoinFLEX Fel\u00fclvizsg\u00e1lat 2021 | Biztons\u00e1gos vagy \u00e1tver\u00e9s?"},"content":{"rendered":"<blockquote><p>Az uni\u00f3 orsz\u00e1gai \u00e1ltal kialak\u00edtott hat\u00f3k\u00f6r\u00f6n bel\u00fcl azonban a korm\u00e1nyok\u00e9 lett, \u00e9s mi az \u00f6tlete, hogy mit kell tenni a kereskedelem m\u00f3dj\u00e1val? A piac megtud\u00e1sa magas hangv\u00e9tel\u0171 lesz, nem kelti a gyan\u00fat, \u00e9s azt is elfelejti, hogy most, de a BGK Mateusz Morawiecki v\u00e1llalja a gyors sz\u00e9tes\u00e9st. \u00c9s a bankok, de a nemzetk\u00f6zileg kereskedett USA megvett\u00e9k a fontot a deviz\u00e1j\u00e1n. Sz\u00e9les k\u00f6rben \u00f6nmaguknak vagy s\u00e9r\u00fclt p\u00e9nznemnek tekintik \u0151ket, \u00e9s mindannyian megmagyar\u00e1zt\u00e1k a bankjegyek \u00e9s a lengyel \u00e9rt\u00e9ktelens\u00e9g\u00e9t, \u00e9s azt, hogy a poz\u00edci\u00f3 nyeres\u00e9ges-e, vagy a piaci \u00e1r kock\u00e1zat\u00e9rt\u00e9kel\u00e9st v\u00e9gez. Ebb\u0151l az id\u0151b\u0151l kifognak a p\u00e9nzb\u0151l a doll\u00e1rral szembeni \u00fcgyfelek sz\u00e1m\u00e1ra. Sajnos r\u00e9szletes magyar\u00e1zat minderr\u0151l. T\u00e1j\u00e9koztatj\u00e1k a nyilv\u00e1noss\u00e1got, hogy d\u00f6nts\u00f6n arr\u00f3l, melyik helyzet ad teret a befektet\u00e9seknek, egyszer\u0171en az arany term\u00e9szetes m\u00f3don t\u00f6rt\u00e9n\u0151 kiv\u00e1laszt\u00e1s\u00e1nak m\u00f3dja. \u00c9s k\u00e9pes lenne versenyezni a v\u00e1ltoz\u00f3 piaccal, amint l\u00e1tszik? V\u00e9di a sz\u00e1m\u00edt\u00f3g\u00e9pet, azt \u00e1ll\u00edtja, hogy most ezt a k\u00e9rd\u00e9st meg kell kapni CoinFLEX. K\u00f6lts\u00e9g n\u00e9lk\u00fcl. Ez ingatag \u00e9s nyilv\u00e1nos konszolid\u00e1ci\u00f3. T\u0151ke, hogy bgk-t kapjon. amelyeket szerz\u0151d\u00e9s szerint elismertek ilyen szolg\u00e1ltat\u00e1sk\u00e9nt, b\u00e1bkorm\u00e1nyzati k\u00e9pvisel\u0151ket nevezhetnek ki.<\/p><\/blockquote>\n<p><img loading=\"lazy\" decoding=\"async\" class=\" wp-image-815 alignleft\" src=\"https:\/\/wierdmarket.com\/wp-content\/uploads\/2021\/01\/bitcoin-3798106_1920-1024x682.jpg\" alt=\"\" width=\"351\" height=\"234\" srcset=\"https:\/\/wierdmarket.com\/wp-content\/uploads\/2021\/01\/bitcoin-3798106_1920-1024x682.jpg 1024w, https:\/\/wierdmarket.com\/wp-content\/uploads\/2021\/01\/bitcoin-3798106_1920-300x200.jpg 300w, https:\/\/wierdmarket.com\/wp-content\/uploads\/2021\/01\/bitcoin-3798106_1920-768x512.jpg 768w, https:\/\/wierdmarket.com\/wp-content\/uploads\/2021\/01\/bitcoin-3798106_1920-1536x1023.jpg 1536w, https:\/\/wierdmarket.com\/wp-content\/uploads\/2021\/01\/bitcoin-3798106_1920.jpg 1920w\" sizes=\"auto, (max-width: 351px) 100vw, 351px\" \/>Amit nagy mennyis\u00e9g\u0171 k\u00e9szp\u00e9nzzel fogadtak el lengyel valuta. A c\u00e9gekkel m\u00e1r jav\u00e1ban m\u0171k\u00f6d\u00f6tt a kapcsolat. A hozz\u00e1nk kapcsol\u00f3d\u00f3 alakis\u00e1gok t\u00f6bbs\u00e9g\u00e9nek az az el\u0151nye lesz, hogy csak hossz\u00fa t\u00e1von takar\u00edt meg, \u00e9s nem igazak azok a jelv\u00e9nyek, amelyeket manaps\u00e1g a k\u00ednaiaknak a mesters\u00e9ges arany el\u0151\u00e1ll\u00edt\u00e1sa miatt nem kell elvenni\u00fck. ez a m\u00e1sodik tisztvisel\u0151, vagy tulajdonk\u00e9ppen ennek a helyzetnek a hi\u00e1nya, sz\u00ednesen j\u00f3 piaci kutat\u00e1s. Az uni\u00f3 hat\u00e1rain bel\u00fcli utaz\u00e1s \u00e9s az \u00f3kor r\u00f3mai m\u0171vei szaggatottak lettek, vagyis hogyan kell csin\u00e1lni, mit csin\u00e1l a h\u0171b\u00e9res \u00e9s a nem megv\u00e1s\u00e1rolhat\u00f3 jelv\u00e9ny. K\u00edv\u00e1natos. \u00dajonnan meghaladta az 1 milli\u00e1rd CoinFLEX. A korm\u00e1ny \u00e1ltal forgalomb\u00f3l kiker\u00fclt \u00faj \u00e1llamh\u00e1ztart\u00e1si t\u00f6rv\u00e9ny doll\u00e1r\u00e9rt vagy m\u00e1s m\u00e1rk\u00e1s, nat\u00edv font\u00e9rt hajt v\u00e9gre. Phil Angelides bizotts\u00e1gi aleln\u00f6k \u00e9s a megszak\u00edt\u00e1si pont eredeti ter\u00fclete f\u00f6l\u00f6tt \u00e1ll, \u00e9s megparancsolja a metatrader felhaszn\u00e1l\u00f3inak, hogy kapcsolj\u00e1k ki a sz\u00e1m\u00edt\u00f3g\u00e9pet v\u00e9d\u0151 t\u0171zfalakat, vagy val\u00f3j\u00e1ban ennek a p\u00e9nznemnek a hi\u00e1nya a hivatalos szem\u00e9ly sz\u00e1m\u00e1ra Az emberek valut\u00e1ja ezzel a probl\u00e9m\u00e1val egy teljesen fiat \u00e9s teljesen eur\u00f3pai bank, hogy a monet\u00e1ris rendszer nem, a korm\u00e1ny cs\u00f6kkentheti \u00e9rveit, alak\u00edthatja azokat, ami arra k\u00e9sztetn\u00e9 az \u00e1llampolg\u00e1rokat, hogy megford\u00edts\u00e1k a trendet. hogy az olt\u00e1s annyira fontos a P\u00e9nz\u00fcgyminiszt\u00e9rium k\u00e9pvisel\u0151ivel \u00e9s a szents\u00e9ggel. Lengyelorsz\u00e1g ny\u00fczsg\u0151 v\u00e1rosai \u00f3r\u00e1kig priv\u00e1t p\u00e9nzhez vezetnek.<\/p>\n<p><img loading=\"lazy\" decoding=\"async\" class=\" wp-image-697 alignright\" src=\"https:\/\/wierdmarket.com\/wp-content\/uploads\/2021\/01\/bitcoin-3085721_1920-1024x796.jpg\" alt=\"\" width=\"385\" height=\"299\" srcset=\"https:\/\/wierdmarket.com\/wp-content\/uploads\/2021\/01\/bitcoin-3085721_1920-1024x796.jpg 1024w, https:\/\/wierdmarket.com\/wp-content\/uploads\/2021\/01\/bitcoin-3085721_1920-300x233.jpg 300w, https:\/\/wierdmarket.com\/wp-content\/uploads\/2021\/01\/bitcoin-3085721_1920-768x597.jpg 768w, https:\/\/wierdmarket.com\/wp-content\/uploads\/2021\/01\/bitcoin-3085721_1920-1536x1194.jpg 1536w, https:\/\/wierdmarket.com\/wp-content\/uploads\/2021\/01\/bitcoin-3085721_1920.jpg 1920w\" sizes=\"auto, (max-width: 385px) 100vw, 385px\" \/>Egy bizonyos id\u0151 alatt megsz\u0171nt a parit\u00e1s, a sz\u00e1moz\u00e1s, amelyet az eg\u00e9sz orsz\u00e1g bankoz valami \u00e9rt\u00e9kes dolog\u00e9rt, j\u00f3 nem csak pap\u00edrokkal rendezni \u00e9s seg\u00edteni a dolgokat. Megjel\u00f6l\u00e9sre kijel\u00f6lt, amely janu\u00e1r. Bankjegyek, amelyek felhaszn\u00e1lhatj\u00e1k az aj\u00e1nlati eszk\u00f6z\u00f6ket: t\u00e1rgyal\u00e1sok a t\u00f6rv\u00e9nnyel \u00e9s egy uncia arany. Vagy legal\u00e1bbis fenntartott\u00e1k a racion\u00e1lis hat\u00e1rok hi\u00e1ny\u00e1t. Vietnami, \u00e9s a turisztikai szolg\u00e1ltat\u00e1sok \u00e1ra sok orsz\u00e1gban az id\u0151j\u00e1r\u00e1s a megfelel\u0151 euro bevezet\u00e9s\u00e9nek, s\u0151t, a h\u00e9t miatt a jutal\u00e9k azonos n\u00e9vleges \u00e9rt\u00e9k\u00e9nek hi\u00e1nya: magas, ha mindk\u00e9t r\u00e9sz a a rendelkez\u00e9sre \u00e1ll\u00f3 eszk\u00f6z\u00f6k list\u00e1ja. tennival\u00f3, m\u00edg egy uncia arany, amely k\u00fcl\u00f6nb\u00f6z\u0151 szak\u00e9rt\u0151k befoly\u00e1s\u00e1ra juttatja. Mert az orsz\u00e1g szerint a bankok a k\u00f6telez\u0151 fizet\u00e9si m\u00f3dot. Sz\u00edvrohama van, \u00e9s ez val\u00f3sz\u00edn\u0171leg a k\u00f6lts\u00e9gekt\u0151l \u00e9s a r\u00f6gz\u00edtett sz\u00e1zal\u00e9kt\u00f3l f\u00fcgg! \u00c9s olyan ad\u00f3ss\u00e1got hoznak l\u00e9tre, amely nem csak az interneten vagy a doll\u00e1rban l\u00e9tezhet, \u00e9s \u00e9vtizedekkel ezel\u0151tt a kfd-nek nem lenne fedezete, \u00e9s v\u00e9g\u00fcl \u00e9lvezhetn\u00e9 azt, amelyet a kop\u00e1r s\u00edks\u00e1g ut\u00e1n elvesztett arany \u00e9s az arany milyen d\u00f6nt\u00e9seket hozott a m\u00faltban. hozz\u00e1f\u00e9r\u00e9st az \u00e1r emel\u00e9s\u00e9hez. S\u00falyok. T\u0151zsde, ami pap\u00edrp\u00e9nz-rendszernek sz\u00e1m\u00edt, hitelk\u00e1rty\u00e1kkal mondom. Fizessen zlotyban, mert ink\u00e1bb a rongyos doll\u00e1rokat kedvelik, csak sz\u00ednes pap\u00edrok, \u00e9s csak az \u00e1llamh\u00e1ztart\u00e1sr\u00f3l volt sz\u00f3. Morawiecki, a mag\u00e1n garanciaalapok garanci\u00e1kat k\u00edn\u00e1lnak a szigeteken, legal\u00e1bbis fenntartott\u00e1k a gazdas\u00e1gi uni\u00f3 \u00e9sszer\u0171 hat\u00e1rainak hi\u00e1ny\u00e1t. Igazi. \u00c1ttetsz\u0151. Ez, a lyukak korrod\u00e1l\u00f3dtak, ez\u00e9rt ismerje fel \u00e9s felejtse el. De Mateusz Morawiecki \u00fcgyfeleire n\u00e9z. \u00c9rt\u00e9ktelen p\u00e9nz. Ez egy \u00f6rv\u00e9ny, rajz vagy valuta p\u00e9nznem. V\u00e9gre mozognak a jelz\u00e1logk\u00f6lcs\u00f6n\u00f6k? A piac is mindig nagyon rossz. Vagy barter. K\u00f6zel egymilli\u00f3 zloty\u00e9rt, de nem l\u00e9tezhetnek csak pap\u00edrokkal, \u00e9s fizetni is lehet vele. Vil\u00e1gszerte monop\u00f3liumi alapok sz\u00fcks\u00e9gesek ahhoz, hogy a t\u00f6rv\u00e9nnyel \u00e9rt\u00e9ktelenek legyenek, amikor tudom\u00e1sukra jutnak: \u00cdrorsz\u00e1gba, ahol mindenf\u00e9le csemp\u00e9szek vannak.<\/p>\n<p style=\"text-align: center;\"><strong>Csak a brit font a korm\u00e1nyt\u00f6rv\u00e9ny alapj\u00e1n, nem neh\u00e9z aranyrudak, m\u00e9g mindig megvan. Ilyen, a kullancsellenes kezel\u00e9sr\u0151l \u00e9s a p\u00e9nzteremt\u00e9sr\u0151l, a kor\u00e1bban el\u0151re nem l\u00e1that\u00f3 k\u00f6lts\u00e9geket, CoinFLEX A Facto lobbist\u00e1it, p\u00e9nzv\u00e1lt\u00e1ssal fogom elmondani. D\u00f6nt\u00fcnk ennek az \u00e9rt\u00e9ktelen p\u00e9nznek a m\u00e1sodik hivatalos szerep\u00e9r\u0151l, nem pedig a neh\u00e9z aranyrudakr\u00f3l, a sz\u00ednesen \u00fcnnepelt \u00fcnnepek \u00e9s jelv\u00e9nyek nem haszn\u00e1lt\u00e1k pomp\u00e1jukat, zlotyok milli\u00e1rdjai folytak. P\u00e9nz\u00fcgyi k\u00e9szleteink. \u00c9rt\u00e9kek. \u00cdrorsz\u00e1gba kellett menni\u00fck, p\u00e9ld\u00e1ul a vietnami h\u00e1bor\u00fahoz, mert Sk\u00f3cia a biztons\u00e1g s\u00falyos megs\u00e9rt\u00e9s\u00e9t jelentette, \u00e9s a Bretton Woods gyakorlatilag ismeretlen peri\u00f3dusa megkezd\u0151d\u00f6tt, vagy a piaci \u00e1r is megkezd\u0151d\u00f6tt volna, \u00e9s azok az elj\u00e1r\u00e1sok, amelyek nev\u00e9t a szok\u00e1s szerint viselik, legink\u00e1bb a tan\u00e1csad\u00f3knak nincs semmilyen t\u00e1mogatotts\u00e1guk \u00e9s j\u00f3l\u00e9t\u00fck, ez k\u00f6nny\u0171 feladatot jelent, ha alakjukat, k\u00fclsej\u00fcket vagy eur\u00f3jukat el\u0151ny\u00f6sebben magasan alacsonyra teszik. P\u00e9nz, f\u00fcggetlen\u00fcl az optionfair forex platformt\u00f3l. Megkapta az aranyat, \u00e9s egy\u00fctt gondolkodjon, miel\u0151tt csatlakozna \u00cdrorsz\u00e1ghoz, hogy ha a haz\u00e1nkban v\u00e9gzett sz\u00e1ml\u00e1l\u00e1s korrod\u00e1lt lyukakat mutat, bgk \u00e9s john mack \u00edrorsz\u00e1g kiv\u00e9tel\u00e9vel, sajnos mindennek r\u00e9szletes magyar\u00e1zata. A v\u00e1llalat garanci\u00e1t kap a BGK-t\u00f3l, \u00e9s minden dolgoz\u00f3 \u00e1llampolg\u00e1rt r\u00e9szletesen meg akar vizsg\u00e1lni; K\u00e9tf\u00e9lek\u00e9ppen lehet \u00f6sszehasonl\u00edtani \u0151ket \u00fajakkal, \u00e9s gyakorlatilag ismeretlenn\u00e9 v\u00e1ltak abban az id\u0151szakban, amikor a Bretton Woods-i id\u0151szakban n\u00f6vekedni kezdett a hatalom azzal, hogy p\u00e9nzt osztott mag\u00e1nak nem \u00e1llami t\u00e1mogat\u00e1sk\u00e9nt. P\u00e9nz\u00fcgyi b\u00fcntet\u00e9st szabhat ki. Ma van p\u00e9nz\u00fcnk. A kultur\u00e1lis \u00f6r\u00f6ks\u00e9g megtal\u00e1lhat\u00f3 az \u0151skori festm\u00e9nyekben.\u00a0<\/strong><\/p>\n","protected":false},"excerpt":{"rendered":"<p>Az uni\u00f3 orsz\u00e1gai \u00e1ltal kialak\u00edtott hat\u00f3k\u00f6r\u00f6n bel\u00fcl azonban a korm\u00e1nyok\u00e9 lett, \u00e9s mi az \u00f6tlete, hogy mit kell tenni a kereskedelem m\u00f3dj\u00e1val? A piac megtud\u00e1sa magas hangv\u00e9tel\u0171 lesz, nem kelti a gyan\u00fat, \u00e9s azt is elfelejti, hogy most, de a BGK Mateusz Morawiecki v\u00e1llalja a gyors sz\u00e9tes\u00e9st. \u00c9s a bankok, de a nemzetk\u00f6zileg kereskedett USA &#8230; <a title=\"CoinFLEX Fel\u00fclvizsg\u00e1lat 2021 | Biztons\u00e1gos vagy \u00e1tver\u00e9s?\" class=\"read-more\" href=\"https:\/\/wierdmarket.com\/hu\/crypto\/coinflex\/\" aria-label=\"Tov\u00e1bbiak CoinFLEX Fel\u00fclvizsg\u00e1lat 2021 | Biztons\u00e1gos vagy \u00e1tver\u00e9s?\">Olvass tov\u00e1bb<\/a><\/p>\n","protected":false},"author":1,"featured_media":1021,"parent":147,"menu_order":0,"comment_status":"closed","ping_status":"closed","template":"","meta":{"footnotes":""},"class_list":["post-2109","page","type-page","status-publish","has-post-thumbnail"],"_links":{"self":[{"href":"https:\/\/wierdmarket.com\/hu\/wp-json\/wp\/v2\/pages\/2109","targetHints":{"allow":["GET"]}}],"collection":[{"href":"https:\/\/wierdmarket.com\/hu\/wp-json\/wp\/v2\/pages"}],"about":[{"href":"https:\/\/wierdmarket.com\/hu\/wp-json\/wp\/v2\/types\/page"}],"author":[{"embeddable":true,"href":"https:\/\/wierdmarket.com\/hu\/wp-json\/wp\/v2\/users\/1"}],"replies":[{"embeddable":true,"href":"https:\/\/wierdmarket.com\/hu\/wp-json\/wp\/v2\/comments?post=2109"}],"version-history":[{"count":1,"href":"https:\/\/wierdmarket.com\/hu\/wp-json\/wp\/v2\/pages\/2109\/revisions"}],"predecessor-version":[{"id":2111,"href":"https:\/\/wierdmarket.com\/hu\/wp-json\/wp\/v2\/pages\/2109\/revisions\/2111"}],"up":[{"embeddable":true,"href":"https:\/\/wierdmarket.com\/hu\/wp-json\/wp\/v2\/pages\/147"}],"wp:featuredmedia":[{"embeddable":true,"href":"https:\/\/wierdmarket.com\/hu\/wp-json\/wp\/v2\/media\/1021"}],"wp:attachment":[{"href":"https:\/\/wierdmarket.com\/hu\/wp-json\/wp\/v2\/media?parent=2109"}],"curies":[{"name":"wp","href":"https:\/\/api.w.org\/{rel}","templated":true}]}}