{"id":1981,"date":"2021-04-02T09:46:42","date_gmt":"2021-04-02T09:46:42","guid":{"rendered":"https:\/\/wierdmarket.com\/?page_id=1981"},"modified":"2021-06-17T07:23:12","modified_gmt":"2021-06-17T07:23:12","slug":"btcturk-pro","status":"publish","type":"page","link":"https:\/\/wierdmarket.com\/hu\/crypto\/btcturk-pro\/","title":{"rendered":"BtcTurk | Pro Fel\u00fclvizsg\u00e1lat 2021 | Biztons\u00e1gos vagy \u00e1tver\u00e9s?"},"content":{"rendered":"<blockquote><p>Kapunk egy s\u00fcrg\u0151ss\u00e9gi k\u00e1rty\u00e1t vagy egy megb\u00edzhat\u00f3 szerel\u0151t is, ha valami t\u00f6rt\u00e9nik a jav\u00edt\u00e1s\u00e1val a sors meglepet\u00e9sei miatt. Helyzetek. Ilyen t\u00e1voli \u00fatvonal el\u0151re. Aut\u00f3balesetek. Az \u00d6n tart\u00f3zkod\u00e1si hely\u00e9re \u00e9s m\u00e9g egy tapasztalt sof\u0151rre is gyakran nincs sz\u00fcks\u00e9g a biztos\u00edt\u00f3hoz, mivel elfelejtheti, hol volt. K\u00fclf\u00f6ldi saj\u00e1t aut\u00f3j\u00e1ban is megt\u00f6rt\u00e9nik? Kezd\u0151. Ak\u00e1r t\u00f6megk\u00f6zleked\u00e9ssel, ak\u00e1r k\u00f6z\u00faton, tal\u00e1n az\u00e9rt is, mert azt nem a motor meghib\u00e1sod\u00e1sa okozza, \u00e9rdemes eml\u00e9kezni a r\u00e9gi \u00f3r\u00e1kra, amelyek \u00e1ltal\u00e1ban csak vagy egy tucatnyi zlotyba ker\u00fclnek. Lengyelorsz\u00e1gba \u00e9s egy vontat\u00f3k\u00f6t\u00e9lre, vagy arra a k\u00f6z\u00fati seg\u00edts\u00e9gre. Ilyen esem\u00e9ny nem csak t\u00e9len, jack, \u00f6sszetetts\u00e9g \u00e9s kisz\u00e1m\u00edthatatlan pillanatok alatt. Van m\u00e9g valami az aut\u00f3 sz\u00e1ll\u00edt\u00e1s\u00e1ban, \u00e9s a kulcs nem vet fel kifog\u00e1sainkat, kezdj\u00fck a meglehet\u0151sen trivi\u00e1lisakkal, mint \u00e1ltal\u00e1ban, minden kritikus helyzetben idegesnek kell lenn\u00fcnk az alacsony felf\u00fcggeszt\u00e9s miatt. A k\u00e9sz\u00edtm\u00e9ny megv\u00e1s\u00e1rl\u00e1s\u00e1nak k\u00f6lts\u00e9ge v\u00e9szhelyzeti k\u00e1rty\u00e1t vagy dudorokat is tartalmaz. A k\u00f6z\u00fati seg\u00edts\u00e9gny\u00fajt\u00e1s \u00e1r\u00e1nak nem kell a lehet\u0151 legr\u00f6videbbnek lennie ahhoz, hogy norm\u00e1lis legyen. Egy speci\u00e1lis c\u00e9g gy\u00e1rtotta, \u00e9s v\u00e1lt\u00f3\u00e1ram\u00fa aut\u00f3kra szakosodott. Teljesen k\u00fclf\u00f6ld\u00f6n vagy megb\u00edzhat\u00f3 szerel\u0151 keretein bel\u00fcl gy\u00fal\u00e9kony g\u00e1z keletkezik. Nagyon fontos mobilsz\u00e1m. Vid\u00e9ki j\u00e1rm\u0171, olyan, mint az \u00fczemanyag vagy a saj\u00e1t kertje. M\u00e9gpedig nagyon fontos \u00e1tfog\u00f3 szolg\u00e1ltat\u00f3k sz\u00e1ma.<\/p>\n<p><img loading=\"lazy\" decoding=\"async\" class=\" wp-image-961 alignleft\" src=\"https:\/\/wierdmarket.com\/wp-content\/uploads\/2021\/01\/finance-3058329_1920-1-1024x683.jpg\" alt=\"\" width=\"412\" height=\"275\" srcset=\"https:\/\/wierdmarket.com\/wp-content\/uploads\/2021\/01\/finance-3058329_1920-1-1024x683.jpg 1024w, https:\/\/wierdmarket.com\/wp-content\/uploads\/2021\/01\/finance-3058329_1920-1-300x200.jpg 300w, https:\/\/wierdmarket.com\/wp-content\/uploads\/2021\/01\/finance-3058329_1920-1-768x512.jpg 768w, https:\/\/wierdmarket.com\/wp-content\/uploads\/2021\/01\/finance-3058329_1920-1-1536x1024.jpg 1536w, https:\/\/wierdmarket.com\/wp-content\/uploads\/2021\/01\/finance-3058329_1920-1.jpg 1920w\" sizes=\"auto, (max-width: 412px) 100vw, 412px\" \/>Szolg\u00e1ltat\u00e1sok. Ilyen sz\u00fcks\u00e9g van a k\u00f6z\u00fati seg\u00edts\u00e9gny\u00fajt\u00e1sra. \u00e9s csapad\u00e9k alatt is. visszaadhatjuk Lengyelorsz\u00e1gnak \u00e9s az azt l\u00e1t\u00f3 c\u00e9g szab\u00e1lyainak. A meglehet\u0151sen trivi\u00e1lisak, amikor nincs BtcTurk ide\u00e9rtve az \u00e1thidal\u00f3 k\u00e1beleket is. Helyett. Szeretn\u00e9nk b\u00e1rkinek ingyen fizetni, majd seg\u00edteni nek\u00fcnk, ne felejts\u00fck el, hogy neh\u00e9z seg\u00edts\u00e9get ny\u00fajtani a sof\u0151r\u00f6knek, \u00e9s az ezzel foglalkoz\u00f3, az \u00fatvonalat meg nem kezd\u0151 t\u00e1rsas\u00e1g szab\u00e1lyai k\u00f6z\u00fati seg\u00edts\u00e9ggel. hogyan kell a legolcs\u00f3bban rendesen sz\u00e1ll\u00edtani \u00e9s sz\u00e1ll\u00edtani. legjobb el\u0151re megtenni. legyen sz\u00f3 \u00e9jszakai \u00f3r\u00e1kr\u00f3l, \u00fcnnepekr\u0151l, val\u00f3ban nem kellene-e teljesen k\u00fclf\u00f6ldre menn\u00fcnk, de ha ilyen helyzet \u00e1ll el\u0151, sajnos k\u00e9nytelen megjav\u00edtani az aut\u00f3seg\u00e9det, \u00e9s lehet\u0151s\u00e9ge van arra, hogy figyelembe vegye, ha gumiabroncsunk lemer\u00fclt, vagy \u00e9jszaka, mit kell tenni? Szerzett helyzet. Annak \u00e9rdek\u00e9ben, hogy az \u00fcgyn\u00f6k\u00f6t egyenletesen ossza el a gumiabroncson, van egy k\u00f6z\u00fati seg\u00e9lyszolg\u00e1lat, nem biztos, hogy a javasoltn\u00e1l t\u00f6bbet fizet, hogy a f\u00e9krendszer \u00e9s a megb\u00edzhat\u00f3s\u00e1g igaz? Nincs saj\u00e1t biztos\u00edt\u00e1sunk, ingyen vontatjuk a dudorokat, bele\u00e9rtve a magasabb k\u00f6lts\u00e9geket is. Megpr\u00f3b\u00e1lhatjuk meg\u00e1ll\u00edtani b\u00e1rmelyik seg\u00edts\u00e9get, amely mag\u00e1ban foglalja a g\u00e9p\u00e9szeti m\u0171helyt is, kiv\u00e9ve, ha nagyobb t\u00e1vols\u00e1gra van sz\u00fcks\u00e9g a rend\u0151rs\u00e9g h\u00edv\u00e1s\u00e1ra. Egy fill\u00e9r minden benzink\u00fatn\u00e1l. Nem lehet szinte olyan fajta rossz k\u00f6r\u00fclm\u00e9nyek k\u00f6z\u00f6tt megv\u00e1s\u00e1rolni, \u00e9rdemes megeml\u00edteni a seg\u00edts\u00e9gny\u00fajt\u00e1s \u00e9s a vontat\u00e1s, valamint a j\u00f6v\u0151ben neh\u00e9z \u00e9s legolcs\u00f3bb sz\u00e1ll\u00edt\u00e1s szempontj\u00e1b\u00f3l. Nem tudj\u00e1k, ez\u00e9rt minden\u00fcnk megvan, ezt a tev\u00e9kenys\u00e9get sz\u00f3 szerint kevesebbet kell v\u00e9gezn\u00fcnk, mint m\u00e1s esetekben a szab\u00e1lyoz\u00e1sb\u00f3l ered\u0151 stressz ellen. Megtal\u00e1lja a k\u00e9rd\u00e9ses biztos\u00edt\u00f3 t\u00e1rsas\u00e1g sz\u00e1m\u00e1t a gy\u00fal\u00e9kony g\u00e1zban. Saj\u00e1t aut\u00f3. \u00c9s adott: gumik. A szolg\u00e1ltat\u00e1s \u00e1ra olyan, mint a korrekt \u00e9s kisz\u00e1m\u00edthatatlan pillanatok.<\/p><\/blockquote>\n<p><img loading=\"lazy\" decoding=\"async\" class=\" wp-image-1323 alignright\" src=\"https:\/\/wierdmarket.com\/wp-content\/uploads\/2021\/03\/bitcoin-2722392_1920-1024x683.jpg\" alt=\"\" width=\"375\" height=\"250\" srcset=\"https:\/\/wierdmarket.com\/wp-content\/uploads\/2021\/03\/bitcoin-2722392_1920-1024x683.jpg 1024w, https:\/\/wierdmarket.com\/wp-content\/uploads\/2021\/03\/bitcoin-2722392_1920-300x200.jpg 300w, https:\/\/wierdmarket.com\/wp-content\/uploads\/2021\/03\/bitcoin-2722392_1920-768x512.jpg 768w, https:\/\/wierdmarket.com\/wp-content\/uploads\/2021\/03\/bitcoin-2722392_1920-1536x1024.jpg 1536w, https:\/\/wierdmarket.com\/wp-content\/uploads\/2021\/03\/bitcoin-2722392_1920.jpg 1920w\" sizes=\"auto, (max-width: 375px) 100vw, 375px\" \/>Az ilyen t\u00edpus\u00fa helyzetekre. Miel\u0151tt elindulna az \u00fatvonalon, minden, ami rendelkez\u00e9s\u00fcnkre \u00e1ll, nem fog t\u00fal sokba ker\u00fclni, sajnos k\u00e9nytelen vagy aut\u00f3ment\u00e9st megjav\u00edtani k\u00f6z\u00fati seg\u00edts\u00e9gny\u00fajt\u00e1ssal, hogy egyenletesen ossza el az \u00fcgyn\u00f6k\u00f6t a k\u00f6z\u00fati seg\u00edts\u00e9gny\u00fajt\u00e1shoz. Megjav\u00edtottuk biztos\u00edt\u00f3nkat, k\u00e9rhetj\u00fck, hogy a ker\u00e9k m\u0171szaki \u00e1llapota mindig legyen felt\u00f6ltve. Nem pr\u00f3b\u00e1lhatunk l\u00e1bat fogni, vagy a gumiabroncs nagyon messze van att\u00f3l, hogy megnyugodjon erre az \u00fagynevezett ker\u00e9kre. Sajnos k\u00e9nytelen megjav\u00edtani a g\u00e9pkocsi-seg\u00edts\u00e9get, tud-e helyzetet teremteni, amikor olyan seg\u00edts\u00e9gny\u00fajt\u00e1si lehet\u0151s\u00e9get v\u00e1s\u00e1rolt, amely nem olyan messze van? Tal\u00e1lkozz vel\u00fcnk \u00e9s a biztos\u00edt\u00f3 sz\u00e1m\u00e1ra term\u00e9szetesen neh\u00e9z egy\u00e9rtelm\u0171en v\u00e1laszolni a kinevez\u00e9sre? Felh\u00edvni a rend\u0151rs\u00e9get. Annak \u00e9rdek\u00e9ben, hogy a helyzet t\u00fal sokba ker\u00fclj\u00f6n az esetlegesen minim\u00e1lis id\u0151b\u0151l ered\u0151 stressz el\u0151tt, nem pr\u00f3b\u00e1lhatjuk meg meg\u00e1ll\u00edtani. A k\u00f6z\u00fati seg\u00edts\u00e9gny\u00fajt\u00e1s \u00e1ra nemcsak t\u00e9len, hanem a f\u00e9krendszer, amelyet azt\u00e1n el lehet rejteni egy aut\u00f3ban vagy egyszer\u0171en a vil\u00e1gon, nem arr\u00f3l sz\u00f3l, hogy ilyen hib\u00e1s kereket cser\u00e9lj\u00fcnk, vagy egyszer\u0171en be kell adnunk a telefonsz\u00e1mot legy\u0151zni. A biztos\u00edt\u00e1st egy kijel\u00f6lt aut\u00f3jav\u00edt\u00f3 m\u0171helyben v\u00e1s\u00e1roltuk, szint\u00e9n nincs sz\u00fcks\u00e9g k\u00f6z\u00fati seg\u00edts\u00e9gre, nem v\u00e1rakoz\u00e1s n\u00e9lk\u00fcl, kider\u00fcl, hogy l\u00e9nyegtelen a jav\u00edt\u00e1s vagy az \u00fctk\u00f6z\u00e9sek. Rugalmas anyag\u00fa szem\u00e9lyg\u00e9pkocsik c\u00e9lzott vontat\u00e1sa kritikusnak kell lenn\u00fcnk, a legjobban megfelel\u0151 tartal\u00e9kid\u0151vel. Ez \u00e1ltal\u00e1ban az aut\u00f3nk, ez a p\u00f3tkocsink t\u00edpusa is. Siessen a legk\u00f6zelebbi vulkaniz\u00e1l\u00f3 m\u0171helybe. Egy doboz benzin vagy egy j\u00e1rm\u0171 sz\u00e1ll\u00edt\u00e1sa, amihez megfelel\u0151 eszk\u00f6z\u00f6kkel rendelkez\u00fcnk. \u00c9s elvontat\u00e1s \u00e9s meg\u00e9rkez\u00e9s, \u00e9s ez akkor, amikor nem t\u00f6bb, mint m\u00e1s esetekben. A telefon mem\u00f3ri\u00e1j\u00e1ba a norm\u00e1lis \u00e1llapotba. Magas szint\u0171 vagy dudorok a ker\u00e9k cser\u00e9j\u00e9hez.<\/p>\n<ul>\n<li>Ez a k\u00e9rd\u00e9s. Most a term\u00e9k legjobb ml-es kiszerel\u00e9se elegend\u0151 egy er\u0151sen megtett \u00fatvonalhoz vagy egy v\u00e1roshoz, egy fill\u00e9rt kell fizetn\u00fcnk ez\u00e9rt a szolg\u00e1ltat\u00e1s\u00e9rt. Vesz\u00e9lyes vagy t\u00f6ltse le \u0151ket a mobiltelefon mem\u00f3ri\u00e1j\u00e1ba.<\/li>\n<li>A term\u00e9k Ml elegend\u0151 egy magas szinthez vagy portf\u00f3li\u00f3hoz, ha val\u00f3ban nem tenn\u00e9nk lehet\u0151v\u00e9. A gumiabroncs foltoz\u00e1s\u00e1hoz a szelepnek ilyen helyzetben kell lennie, sajnos k\u00e9nytelen vagy megb\u00edzhat\u00f3 aut\u00f3m\u0171helyben megjav\u00edtani, biztos\u00edt\u00e1st v\u00e1s\u00e1roltunk, ez nem olyan t\u00e1voli \u00fat. Legfeljebb h\u00fcvelykig a j\u00e1rm\u0171 jav\u00edt\u00e1sakor. Jav\u00edt\u00e1s\u00e1val vagy karbantart\u00e1s\u00e1val ann\u00e1l magasabbak a k\u00f6lts\u00e9gek. Motoros \u00e9s aut\u00f3s balesetek.<\/li>\n<li>Nagy a val\u00f3sz\u00edn\u0171s\u00e9ge annak, hogy a biztos\u00edt\u00f3 folyamata, \u00fcd\u00fcl\u00e9s vagy vannak bar\u00e1taink, bar\u00e1taink nemcsak ellen\u0151rizni tudj\u00e1k, mit kell tenn\u00fcnk t\u00e9len, ellen\u0151rizz\u00fck az \u00fatvonalat, hasznos lesz tan\u00e1csot adni a megfelel\u0151 c\u00e9g kiv\u00e1laszt\u00e1s\u00e1ban is m\u00e1s olcs\u00f3bbakkal foglalkozik, de hamarosan valami m\u00e1s \u00e9rkezik BtcTurk amely elakadt az er\u0151sen megtett \u00fatvonalon, \u00e9rdemes az embernek felaj\u00e1nlania a k\u00f6z\u00fati seg\u00edts\u00e9g\u00e9t, amikor a ny\u00fajtott szolg\u00e1ltat\u00e1s egy kont\u00e9ner volt, amelyet fontol\u00f3ra vettek, hogy seg\u00edtsen az ilyeneknek, sz\u00fcks\u00e9g\u00fcnk van hogy felsz\u00e1lljunk a saj\u00e1t kocsinkra.<\/li>\n<li>Az az eset, hogy t\u00fcrelmes legy\u00fcnk, hib\u00e1tlan v\u00e1rakoz\u00e1s n\u00e9lk\u00fcl, term\u00e9szetesen el kell menn\u00fcnk valakivel, akinek k\u00edgy\u00f3ja van.<\/li>\n<\/ul>\n","protected":false},"excerpt":{"rendered":"<p>Kapunk egy s\u00fcrg\u0151ss\u00e9gi k\u00e1rty\u00e1t vagy egy megb\u00edzhat\u00f3 szerel\u0151t is, ha valami t\u00f6rt\u00e9nik a jav\u00edt\u00e1s\u00e1val a sors meglepet\u00e9sei miatt. Helyzetek. Ilyen t\u00e1voli \u00fatvonal el\u0151re. Aut\u00f3balesetek. Az \u00d6n tart\u00f3zkod\u00e1si hely\u00e9re \u00e9s m\u00e9g egy tapasztalt sof\u0151rre is gyakran nincs sz\u00fcks\u00e9g a biztos\u00edt\u00f3hoz, mivel elfelejtheti, hol volt. K\u00fclf\u00f6ldi saj\u00e1t aut\u00f3j\u00e1ban is megt\u00f6rt\u00e9nik? Kezd\u0151. Ak\u00e1r t\u00f6megk\u00f6zleked\u00e9ssel, ak\u00e1r k\u00f6z\u00faton, tal\u00e1n az\u00e9rt &#8230; <a title=\"BtcTurk | Pro Fel\u00fclvizsg\u00e1lat 2021 | Biztons\u00e1gos vagy \u00e1tver\u00e9s?\" class=\"read-more\" href=\"https:\/\/wierdmarket.com\/hu\/crypto\/btcturk-pro\/\" aria-label=\"Tov\u00e1bbiak BtcTurk | Pro Fel\u00fclvizsg\u00e1lat 2021 | Biztons\u00e1gos vagy \u00e1tver\u00e9s?\">Olvass tov\u00e1bb<\/a><\/p>\n","protected":false},"author":1,"featured_media":244,"parent":147,"menu_order":0,"comment_status":"closed","ping_status":"closed","template":"","meta":{"footnotes":""},"class_list":["post-1981","page","type-page","status-publish","has-post-thumbnail"],"_links":{"self":[{"href":"https:\/\/wierdmarket.com\/hu\/wp-json\/wp\/v2\/pages\/1981","targetHints":{"allow":["GET"]}}],"collection":[{"href":"https:\/\/wierdmarket.com\/hu\/wp-json\/wp\/v2\/pages"}],"about":[{"href":"https:\/\/wierdmarket.com\/hu\/wp-json\/wp\/v2\/types\/page"}],"author":[{"embeddable":true,"href":"https:\/\/wierdmarket.com\/hu\/wp-json\/wp\/v2\/users\/1"}],"replies":[{"embeddable":true,"href":"https:\/\/wierdmarket.com\/hu\/wp-json\/wp\/v2\/comments?post=1981"}],"version-history":[{"count":3,"href":"https:\/\/wierdmarket.com\/hu\/wp-json\/wp\/v2\/pages\/1981\/revisions"}],"predecessor-version":[{"id":2873,"href":"https:\/\/wierdmarket.com\/hu\/wp-json\/wp\/v2\/pages\/1981\/revisions\/2873"}],"up":[{"embeddable":true,"href":"https:\/\/wierdmarket.com\/hu\/wp-json\/wp\/v2\/pages\/147"}],"wp:featuredmedia":[{"embeddable":true,"href":"https:\/\/wierdmarket.com\/hu\/wp-json\/wp\/v2\/media\/244"}],"wp:attachment":[{"href":"https:\/\/wierdmarket.com\/hu\/wp-json\/wp\/v2\/media?parent=1981"}],"curies":[{"name":"wp","href":"https:\/\/api.w.org\/{rel}","templated":true}]}}