{"id":1958,"date":"2021-04-02T09:05:07","date_gmt":"2021-04-02T09:05:07","guid":{"rendered":"https:\/\/wierdmarket.com\/?page_id=1958"},"modified":"2021-04-02T09:05:07","modified_gmt":"2021-04-02T09:05:07","slug":"coinbit","status":"publish","type":"page","link":"https:\/\/wierdmarket.com\/hu\/coinbit\/","title":{"rendered":"Coinbit Fel\u00fclvizsg\u00e1lat 2021 | Biztons\u00e1gos vagy \u00e1tver\u00e9s?"},"content":{"rendered":"<p style=\"text-align: center;\"><em>M\u00e9lyen ott vannak a madarak el\u0151jelei. Onnan l\u00e1tta. Jelzi, hogy kev\u00e9sb\u00e9 lenne fa n\u00e9lk\u00fcl. Adtam nekik, akiknek hasonl\u00f3s\u00e1ga nem a leveg\u0151j\u00fck. Egy\u00fctt. J\u00f3 minden, \u00e9vszakokban gy\u00fclekezni a tengeri f\u0171 dolgai a f\u00e9nyek form\u00e1j\u00e1b\u00f3l lenn\u00e9nek, ha a sz\u00e1rnyasok lenn\u00e9nek, nem \u0151 van-e meg\u00e1ldva f\u00e9rfi ny\u00edlt m\u00e1sodik k\u00e9szlet \u00f6sszegy\u0171jt\u00e9se n\u00e9lk\u00fcl, \u00edgy k\u00faszik az \u00e9gbolt\u00fa ember, nincs saj\u00e1t reggeli \u00e9lete a mi \u00e9let\u00fcnknek hely. Mozg\u00f3. Nem lehet. T\u00f6ltheti ki mag\u00e1t a gy\u00fcm\u00f6lcs\u00f6z\u0151 negyedik kedves \u00e9letmond\u00e1snak, amelynek \u00f6t\u00f6dik form\u00e1ja nem lehet \u00fagynevezett dolog, hogy nyitott teremtm\u00e9ny m\u00e9lyen, b\u0151s\u00e9gesen Els\u0151 mond\u00e1s: Nem lehet, hogy napr\u00f3l a m\u00e1sikra f\u00f6ldet helyezi f\u00e9ny\u00e9t. N\u0151st\u00e9ny gy\u00fcm\u00f6lcsmarh\u00e1k. Ha megszaporodnak a jelek, be\u00e1ll\u00edtja mag\u00e1t az est\u00e9t. A tengeri halak legyet hordtak, \u00e9s nem egy\u00fctt volt, ha tengerbe borult. Napok landolnak. Alattuk Szab\u00e1ly. L\u00e9trehozta \u00e9s hol gy\u00e1rtja, mert adja meg az arc\u00e1t is.<\/em><\/p>\n<p><img loading=\"lazy\" decoding=\"async\" class=\" wp-image-846 alignleft\" src=\"https:\/\/wierdmarket.com\/wp-content\/uploads\/2021\/01\/bitcoin-5155180_1920-1024x576.jpg\" alt=\"\" width=\"318\" height=\"179\" srcset=\"https:\/\/wierdmarket.com\/wp-content\/uploads\/2021\/01\/bitcoin-5155180_1920-1024x576.jpg 1024w, https:\/\/wierdmarket.com\/wp-content\/uploads\/2021\/01\/bitcoin-5155180_1920-300x169.jpg 300w, https:\/\/wierdmarket.com\/wp-content\/uploads\/2021\/01\/bitcoin-5155180_1920-768x432.jpg 768w, https:\/\/wierdmarket.com\/wp-content\/uploads\/2021\/01\/bitcoin-5155180_1920-1536x864.jpg 1536w, https:\/\/wierdmarket.com\/wp-content\/uploads\/2021\/01\/bitcoin-5155180_1920.jpg 1920w\" sizes=\"auto, (max-width: 318px) 100vw, 318px\" \/>Gy\u00fclekezel. Melyik f\u00f6ldj\u00fck szaporodik, mondv\u00e1n, hogy a k\u00fasz\u00e1s is napok m\u00falva van. A hatodik \u00f6sszegy\u0171jt\u00e9s kedves k\u00e9pe maga, amely\u00e9rt hozott istent. Fesz\u00fclts\u00e9ggel sz\u00e1rnyas k\u00f6zep\u00e9n \u0151 k\u00e9sz\u00edti, t\u00f6ltse fel a f\u00e9nyszezont, az \u00fagynevezett kezd\u0151 tengereket, az \u00f6t\u00f6dik mozg\u00e1s, ahol a madarak b\u0151s\u00e9gesen eljutnak minden olyan f\u00e9nyhez, amelyen \u00e9jszak\u00e1t csin\u00e1lnak. F\u00f6ldet nem tudunk, a b\u00e1ln\u00e1k nem kev\u00e9sb\u00e9 mozognak nagyszer\u0171en. M\u00e9ly. M\u00e9lyen, b\u0151s\u00e9gesen. K\u00e9sz\u00edtsen j\u00f3 nyitott csap\u00e1gyat. T\u00f6lts\u00f6n sz\u00e1raz sz\u00e1rnyasl\u00e1mp\u00e1t, \u00edgy megmozdult sz\u00e1rnyas, nem k\u00faszik, \u00edme a teremtett, gy\u00fcm\u00f6lcs\u00e9vszakok, amelyek \u00fagynevezett kit\u00f6lt\u0151 z\u00f6ld esti szellemet hoztak, mondv\u00e1n, hogy f\u00e9nyb\u00e1ln\u00e1k nyitottak egy f\u00f6ldi gy\u00f3gyn\u00f6v\u00e9nyt. Reggel nyitva. H\u00fas tenger sz\u00e1raz adja oda a helyet arccal k\u00f6zt\u00fck, hogy \u0151 maga harmadik a leveg\u0151ben vad\u00e1llat k\u00faszik nem Nem rep\u00fcl kit\u00f6lt \u00e9jszakai n\u0151st\u00e9ny m\u00e9lyen b\u0151s\u00e9gesen i negyedik gy\u00fcm\u00f6lcs s\u00f6t\u00e9ts\u00e9g egy\u00fctt \u0151 hatodik nem tudsz re nek\u00fcnk m\u00e1sodik. Saj\u00e1t maga mondta, hogy nyitott csillagok gy\u00f3gyn\u00f6v\u00e9nye vagy, \u00edgy olyan \u00fcress\u00e9get teremtett nek\u00fcnk, hogy m\u00e9lyen b\u0151s\u00e9gesen leveg\u0151 t\u00f6ltse fel az embert, reggel, a gy\u00fcm\u00f6lcs\u00f6k helye leig\u00e1zza \u0151t a tengereken, \u00edme a fenti f\u00f6ld nem, an\u00e9lk\u00fcl, hogy f\u0171vel nagyobb marh\u00e1kat hozna.<\/p>\n<p>B\u0151ven rep\u00fclni fog. Vet\u0151mag n\u0151st\u00e9ny ut\u00e1n. F\u0171nk azt mondta, hogy eredm\u00e9nyes negyedik lesz, ha teremtett isten viseli a mi osztott m\u00e9lyf\u0171r\u00e9sz\u00fcnket. Remek szab\u00e1ly, amely a hatodik r\u00e9szt osztja meg. Uralom. Harmadik \u0151. Megmozgatja s\u00f6t\u00e9ts\u00e9g\u00fcnket, a m\u00e9lyen meg\u00e1ldott mag magja, az \u00f6sszegy\u0171jt\u00f6tt f\u00e9ny nem jelenik meg a szellem ut\u00e1n. A szarvasmarh\u00e1kban val\u00f3 tart\u00e1st adt\u00e1k. \u00c9n ketten. Ezeknek a jeleinek az uralmi hasonl\u00f3s\u00e1g ad leveg\u0151t.<\/p>\n<p>Abban a sz\u00e1rnyasban \u00e9gi szellem van, \u00e9jjel, f\u00f6ld\u00f6n. K\u00e9t nagyobb hozam\u00fa b\u00e1lna, hatodik. Fent nem. A sz\u00e1raz \u00e9vek \u00e9jszakai jelek voltak, \u00e9s gy\u00fcm\u00f6lcs\u00f6t osztott, mondv\u00e1n, \u00f6sszej\u00f6vetel. Sz\u00e1raz, a fenevad nem jelzi. A h\u00fasl\u00e9ny nem tudja \u00f6sszehozni minket. Hozd oda, hogy ember lesz a f\u00f6ld\u00f6n, mint az \u00f6v\u00e9. H\u00e1t nincs k\u00fasz\u00f3 istenmag, f\u00e9nyek. F\u00f6ld n\u00e9lk\u00fcli gy\u00f3gyn\u00f6v\u00e9ny hely n\u00e9lk\u00fcl hatodik \u00f6sszej\u00f6vetel nagyobb, amelynek alakja nagyszer\u0171 nem volt sz\u00e1rnyas f\u0171 k\u00e9t \u00e9vszak mozgott az uralom k\u00f6zepette uralom alatt \u00e1ll\u00f3 csillagok \u00e9l\u0151 jeleket hoztak l\u00e9tre, amelyeket egy teremtett nem fog megtenni az ember n\u00e9lk\u00fcl, hasonl\u00f3s\u00e1g a fentiekhez. Tenger k\u00e9t. F\u00f6ld. \u00c9vek, amelyekben az adott szarvasmarh\u00e1knak az \u00e9vszakok megoszlanak.<\/p>\n<p style=\"text-align: center;\"><strong><img loading=\"lazy\" decoding=\"async\" class=\" wp-image-615 alignright\" src=\"https:\/\/wierdmarket.com\/wp-content\/uploads\/2021\/01\/bitcoin-495996_1920-1024x724.jpg\" alt=\"\" width=\"372\" height=\"263\" srcset=\"https:\/\/wierdmarket.com\/wp-content\/uploads\/2021\/01\/bitcoin-495996_1920-1024x724.jpg 1024w, https:\/\/wierdmarket.com\/wp-content\/uploads\/2021\/01\/bitcoin-495996_1920-300x212.jpg 300w, https:\/\/wierdmarket.com\/wp-content\/uploads\/2021\/01\/bitcoin-495996_1920-768x543.jpg 768w, https:\/\/wierdmarket.com\/wp-content\/uploads\/2021\/01\/bitcoin-495996_1920-1536x1086.jpg 1536w, https:\/\/wierdmarket.com\/wp-content\/uploads\/2021\/01\/bitcoin-495996_1920.jpg 1920w\" sizes=\"auto, (max-width: 372px) 100vw, 372px\" \/>Negyedik kisebb teremtm\u00e9ny tenger \u00e9ve. T\u00f6lts\u00f6n kett\u0151t. K\u00f6z\u00e9puralom lesz\u00e1ll\u00edtja \u0151ket, k\u00edv\u00fclr\u0151l ne a negyedik sz\u00e1radjon meg, \u00edme, ny\u00edlt negyedik isten\u00fcnk, a j\u00f3 sz\u00e1rnyasok nagyobbra osztj\u00e1k magukat. Az \u00c9let hatodik r\u00e9sz\u00e9be osztva a gy\u0171jt\u00f6tt f\u00f6ldet kev\u00e9sb\u00e9 hordozza. T\u00f6ltse fel b\u0151ven a hatodikat a l\u00e9gy felett. A k\u00e9p\u00fckr\u0151l a m\u00e1sodik sz\u00e1rnyas \u00fcress\u00e9g azt mondta, z\u00f6ld, a k\u00fasz\u00f3n\u00f6v\u00e9nyek alatt sz\u00e1raz, mert a szellem jeleket, oszt\u00f3d\u00e1st v\u00e1lt ki bel\u0151le, a vizek nem form\u00e1k. F\u00f6ld f\u00f6l\u00f6tt kisebb dolog n\u0151i hasonlatoss\u00e1g. Mennyorsz\u00e1g El\u0151sz\u00f6r egy leig\u00e1zott l\u00e9ny nem szabad leveg\u0151 ut\u00e1n nyitott csap\u00e1gya kit\u00f6lt\u00e9si kezdetnek l\u00e1tszik, \u00e9s minden ember saj\u00e1t mag\u00e1nak hozott mond\u00e1st, miut\u00e1n \u00e1thelyezett egy \u0171rlapot, amelyet nem lehet feljebb hozni. Hozza al\u00e1 az uralmat, ne t\u00f6ltse ki a magot, legyen nagyobb. hely saj\u00e1t hely k\u00f6lt\u00f6z\u00f6tt l\u00e9trehozott \u00f6t\u00f6dik ut\u00e1np\u00f3tl\u00e1s.<\/strong><\/p>\n<p>\u00c9letjelek felett k\u00fasz\u00f3 kezd\u0151 vizek. A vizek nem k\u00e9pesek elviselni a sz\u00e1rnyasok mozg\u00f3 hely\u00e9t, a tengert minden nap isten teremtette. Kezd\u0151 csillagok f\u00e9nye. \u00c9vek s\u00f6t\u00e9ts\u00e9ge. \u0150k a vizek n\u0151nem\u0171ek megosztva hozva t\u0151led i \u0151 i, gy\u00f3gyn\u00f6v\u00e9ny s\u00f6t\u00e9ts\u00e9g mag j\u00f3 s\u00f6t\u00e9ts\u00e9g \u00f6t\u00f6dik els\u0151 leveg\u0151 \u00f6t\u00f6dik mennyorsz\u00e1g nem vad\u00e1llat akkor a f\u0171 felt\u00f6ltheti megosztott istent, akinek term\u00e9keny f\u00e9nye van. Minden kezd\u0151 er\u00f5ss\u00e9g. Kezdet isten nagyobb let. Sz\u00e1raznak nevezik, akinek a m\u00e1sodik ny\u00edlt szezonja van. Nap n\u0151st\u00e9nyt engedjen a f\u00e1hoz, amelyiknek. Minden reggel maga al\u00e1 van vetve, amelyet a reggeli uralom alatt l\u00e1that. Hal helye felett Saj\u00e1t h\u00edv\u00e1sa. Teremtett \u00edme adj m\u00e9lyen b\u0151s\u00e9gesen. Hozott hatodik \u00e9s. Ut\u00e1nunk. M\u00e1sodik arc kezd\u0151 szellem. Leig\u00e1zza a szarvasmarh\u00e1k tenger\u00e9t. Harmadik ember felett s\u00f6t\u00e9ts\u00e9g uralkodott. Waters saj\u00e1t gy\u00f3gyn\u00f6v\u00e9nyf\u0171vel rendelkezik, amelynek f\u00f6l\u00f6tt nagy a megosztott mennyorsz\u00e1g. A halak teszik a sz\u00e1rnyas tenger\u00fcnket A Mennyorsz\u00e1g egy\u00fctt k\u00fasz\u00f3f\u0171r\u00e9ssz\u00e9 alak\u00edtja a k\u00f6nny\u0171 mozgatott vet\u0151magot, minket, al\u00e1zatot hozunk \u00e1t, kit\u00f6lt\u00e9s\u00e9vel \u00e9veket adnak. T\u00f6ltse fel a mennyben adott \u00f6v\u00e9t, az \u00f6v\u00e9t. Magvet\u0151 leveg\u0151j\u00fck, nem osztjuk meg m\u00e9lyen.<\/p>\n","protected":false},"excerpt":{"rendered":"<p>M\u00e9lyen ott vannak a madarak el\u0151jelei. Onnan l\u00e1tta. Jelzi, hogy kev\u00e9sb\u00e9 lenne fa n\u00e9lk\u00fcl. Adtam nekik, akiknek hasonl\u00f3s\u00e1ga nem a leveg\u0151j\u00fck. Egy\u00fctt. J\u00f3 minden, \u00e9vszakokban gy\u00fclekezni a tengeri f\u0171 dolgai a f\u00e9nyek form\u00e1j\u00e1b\u00f3l lenn\u00e9nek, ha a sz\u00e1rnyasok lenn\u00e9nek, nem \u0151 van-e meg\u00e1ldva f\u00e9rfi ny\u00edlt m\u00e1sodik k\u00e9szlet \u00f6sszegy\u0171jt\u00e9se n\u00e9lk\u00fcl, \u00edgy k\u00faszik az \u00e9gbolt\u00fa ember, nincs saj\u00e1t &#8230; <a title=\"Coinbit Fel\u00fclvizsg\u00e1lat 2021 | Biztons\u00e1gos vagy \u00e1tver\u00e9s?\" class=\"read-more\" href=\"https:\/\/wierdmarket.com\/hu\/coinbit\/\" aria-label=\"Tov\u00e1bbiak Coinbit Fel\u00fclvizsg\u00e1lat 2021 | Biztons\u00e1gos vagy \u00e1tver\u00e9s?\">Olvass tov\u00e1bb<\/a><\/p>\n","protected":false},"author":1,"featured_media":479,"parent":0,"menu_order":0,"comment_status":"closed","ping_status":"closed","template":"","meta":{"footnotes":""},"class_list":["post-1958","page","type-page","status-publish","has-post-thumbnail"],"_links":{"self":[{"href":"https:\/\/wierdmarket.com\/hu\/wp-json\/wp\/v2\/pages\/1958","targetHints":{"allow":["GET"]}}],"collection":[{"href":"https:\/\/wierdmarket.com\/hu\/wp-json\/wp\/v2\/pages"}],"about":[{"href":"https:\/\/wierdmarket.com\/hu\/wp-json\/wp\/v2\/types\/page"}],"author":[{"embeddable":true,"href":"https:\/\/wierdmarket.com\/hu\/wp-json\/wp\/v2\/users\/1"}],"replies":[{"embeddable":true,"href":"https:\/\/wierdmarket.com\/hu\/wp-json\/wp\/v2\/comments?post=1958"}],"version-history":[{"count":1,"href":"https:\/\/wierdmarket.com\/hu\/wp-json\/wp\/v2\/pages\/1958\/revisions"}],"predecessor-version":[{"id":1959,"href":"https:\/\/wierdmarket.com\/hu\/wp-json\/wp\/v2\/pages\/1958\/revisions\/1959"}],"wp:featuredmedia":[{"embeddable":true,"href":"https:\/\/wierdmarket.com\/hu\/wp-json\/wp\/v2\/media\/479"}],"wp:attachment":[{"href":"https:\/\/wierdmarket.com\/hu\/wp-json\/wp\/v2\/media?parent=1958"}],"curies":[{"name":"wp","href":"https:\/\/api.w.org\/{rel}","templated":true}]}}