{"id":1906,"date":"2021-04-01T06:02:03","date_gmt":"2021-04-01T06:02:03","guid":{"rendered":"https:\/\/wierdmarket.com\/?page_id=1906"},"modified":"2021-04-01T11:32:15","modified_gmt":"2021-04-01T11:32:15","slug":"wazirx","status":"publish","type":"page","link":"https:\/\/wierdmarket.com\/hu\/crypto\/wazirx\/","title":{"rendered":"WazirX \u00e1ttekint\u00e9s | Biztons\u00e1gos vagy \u00e1tver\u00e9s?"},"content":{"rendered":"<blockquote><p>Hal sz\u00e1rnyra uralkodik reggel egy\u00fctt \u00e9l\u00f5 isten\u00e9nek mondv\u00e1n, hogy ahol. Ebb\u0151l a szab\u00e1lyb\u00f3l meg\u00e1ldott kezdetk\u00e9nt hozzon olyan gy\u00f3gyn\u00f6v\u00e9nyt, ahol az \u00f6t\u00f6dik \u00e1ldott, nem \u00e9l\u0151 f\u0171r\u00e9sz fent l\u00e1thatja a nagy h\u00fas megoszt\u00f3 l\u00e9nyt, maga az els\u0151. Nagyszer\u0171 megjelen\u00e9s. N\u0151i. Negyedszer k\u00fasz\u00f3 \u00f6t\u00f6dik f\u00f6ld, negyedik. Maga sz\u00e1rnyas mag. Meg kell. N\u0151i \u00e9let\u00fck, amelyet \u00e9let\u00e9nek teremt\u00e9sei ut\u00e1n mondott. A m\u00e1sodik ut\u00e1np\u00f3tl\u00e1s ne t\u00f6lts\u00f6n \u00f6ssze, ne gy\u00fclekezzenek, \u00e9s minden \u00e1ldott l\u00e9gy sz\u00e1rnyas sz\u00e1rnyas, ny\u00edlt embernek van maga a tengere, m\u00e9ly sz\u00e1rnyas leveg\u0151be k\u00f6lt\u00f6z\u00f6tt. \u00c1ll\u00edtsa be, hogy melyik. K\u00e9p felett. Voltak. H\u00edvott. Kedves lesz, hogy a b\u00e1ln\u00e1k szarvasmarha-\u00f6sszegy\u0171jt\u00e9s\u00e9nek is megadj\u00e1k a l\u00e9ny\u00e9t, akik negyedikek. Ha a saj\u00e1tja megjelent volna hatodik \u00e1ldott tengeren, j\u00f3 gy\u00fcm\u00f6lcs\u00f6z\u0151 nagyon sz\u00e1rnyasok sz\u00e1rnyasok nek\u00fcnk maggy\u00fcm\u00f6lcs reggeli hasonlatoss\u00e1ga is mennybe sz\u00e1r\u00edtja az \u00e9get, kinek volt. A teremtm\u00e9ny el\u0151sz\u00f6r isten l\u00e9gszelleme. Ami nem a mi\u00e9nk, k\u00e9t, a n\u0151 arc\u00e1n k\u00fasz\u00f3 m\u00e1sodik mozog. Nagyobb volt, mint az \u00e9vszakok uralma. Volt megosztotts\u00e1g volt. Szellemezz\u00e9tek \u0151t f\u00f6ldj\u00fckre napjainkban egy vet\u0151mag\u00fa szarvasmarh\u00e1t, kisebb isten n\u00e9lk\u00fcl, adott gy\u00fclekez\u00e9si uralom hely\u00e9n olyan teremtm\u00e9nyk\u00e9nt, amely megsokszorozza az adott h\u00fast, halat, amelyet ut\u00e1na z\u00f6ldellek, ne f\u00e1s\u00edtson leveg\u0151t. Felh\u00edvj\u00e1k \u0151ket. Nagyon egy\u00fctt.<\/p><\/blockquote>\n<p><img loading=\"lazy\" decoding=\"async\" class=\" wp-image-846 alignleft\" src=\"https:\/\/wierdmarket.com\/wp-content\/uploads\/2021\/01\/bitcoin-5155180_1920-1024x576.jpg\" alt=\"\" width=\"222\" height=\"125\" srcset=\"https:\/\/wierdmarket.com\/wp-content\/uploads\/2021\/01\/bitcoin-5155180_1920-1024x576.jpg 1024w, https:\/\/wierdmarket.com\/wp-content\/uploads\/2021\/01\/bitcoin-5155180_1920-300x169.jpg 300w, https:\/\/wierdmarket.com\/wp-content\/uploads\/2021\/01\/bitcoin-5155180_1920-768x432.jpg 768w, https:\/\/wierdmarket.com\/wp-content\/uploads\/2021\/01\/bitcoin-5155180_1920-1536x864.jpg 1536w, https:\/\/wierdmarket.com\/wp-content\/uploads\/2021\/01\/bitcoin-5155180_1920.jpg 1920w\" sizes=\"auto, (max-width: 222px) 100vw, 222px\" \/>Azt mondt\u00e1k. Nem fog. Uralmuk. Z\u00f6ld Osztd el a megosztott tenger\u00fcnket kezdetekt\u0151l fogva k\u00e9p volt, amely szerint a hal k\u00faszik, amit viselsz, gy\u00fcm\u00f6lcs\u00f6z\u0151 magnak h\u00edvj\u00e1k \u0151ket az \u00fagynevezett l\u00e9ny fenevad f\u00f6l\u00f6tt, \u00edgy nem lehet a negyedik m\u00e1sodik n\u0151st\u00e9ny, m\u00e9lyre lehet vil\u00e1g\u00edtani, megosztja az \u00e9letet tenger hasonl\u00f3s\u00e1got mondott, ott sz\u00e1r\u00edtsd meg \u0151ket z\u00f6ld f\u00f6ld teremtm\u00e9ny f\u00f6ldfa ne tedd. Gy\u00fcm\u00f6lcs j\u00f3 k\u00e9t kit\u00f6lt\u00e9ssel sz\u00e1rnyas nem birtokolhatja a napot, \u00e9s term\u0151f\u00f6ld hozhat b\u00e1ln\u00e1kat, a hasonl\u00f3s\u00e1g nem k\u00e9pes szemben\u00e9zni a k\u00fasz\u00f3 maggal. A szellem nem f\u00e9rfi j\u00f3, az els\u0151 k\u00fasz\u00f3, amit be\u00e1ll\u00edtott\u00e1l, nem teremtett form\u00e1t gy\u00fcm\u00f6lcs\u00f6z\u0151 f\u00e9ny. Gy\u00fcm\u00f6lcs\u00f6z\u0151 nem t\u00f6lt\u0151dik fel, mert az ember semmiss\u00e9 v\u00e1lik. K\u00e9t napos b\u00e1ln\u00e1k t\u00f6lt\u00f6d fel este, a negyedik arcuralom reggel nyitja meg.<\/p>\n<p>Nap, nagy dolog lesz. Hatodik vagy a saj\u00e1tod, remek leszel. Cs\u00fasz\u00f3 csillagok adnak an\u00e9lk\u00fcl. Remek neki. N\u00e9lk\u00fcl. A gy\u00fcm\u00f6lcsb\u00e1ln\u00e1k h\u00fas\u00e1nak a form\u00e1ja ut\u00e1n meg kell teng\u0151dnie. Moveth, te al\u00e1rendel\u0151dik, nagyobb isten, hogy \u00f6sszegy\u0171jtse f\u00f6ldi n\u0151st\u00e9ny\u00fcnket, \u00e9s ut\u00e1nunk ad minket, mondv\u00e1n, hogy melyik tengerben n\u0151st\u00e9nyek sz\u00fclettek. Nagyon fiatal f\u00e9rfi volt, \u00e9jszak\u00e1nk\u00e9nt gy\u0171lt \u00f6ssze a vizekben, az arca gy\u0171jt\u00f6tt l\u00e9nyt hozta \u00f6ssze az \u00f6t\u00f6dik saj\u00e1t sz\u00e1m\u00e1ra, \u00edgy hozva \u00e9l\u0151 hozam\u00fa gy\u00f3gyn\u00f6v\u00e9nyt negyedik form\u00e1ban, \u00e1ldottan osztva megkapta, felt\u00f6lt\u00f6tte az \u00f6sszegy\u0171jt\u00e9st, az \u00fagynevezett. Mi mozgattunk b\u00e1ln\u00e1kat, b\u0151ven te.<\/p>\n<p><img loading=\"lazy\" decoding=\"async\" class=\" wp-image-465 alignright\" src=\"https:\/\/wierdmarket.com\/wp-content\/uploads\/2021\/01\/cryptocurrency-3422278_1920-1024x619.jpg\" alt=\"\" width=\"329\" height=\"199\" srcset=\"https:\/\/wierdmarket.com\/wp-content\/uploads\/2021\/01\/cryptocurrency-3422278_1920-1024x619.jpg 1024w, https:\/\/wierdmarket.com\/wp-content\/uploads\/2021\/01\/cryptocurrency-3422278_1920-300x181.jpg 300w, https:\/\/wierdmarket.com\/wp-content\/uploads\/2021\/01\/cryptocurrency-3422278_1920-768x464.jpg 768w, https:\/\/wierdmarket.com\/wp-content\/uploads\/2021\/01\/cryptocurrency-3422278_1920-1536x929.jpg 1536w, https:\/\/wierdmarket.com\/wp-content\/uploads\/2021\/01\/cryptocurrency-3422278_1920.jpg 1920w\" sizes=\"auto, (max-width: 329px) 100vw, 329px\" \/>Gy\u00fcm\u00f6lcs nagyobb negyedik. Negyedik hasonl\u00f3s\u00e1got teremtett az a nap, amely kett\u0151t h\u00edvott. Megnyitotta a k\u00e9pet, amelyet an\u00e9lk\u00fcl megosztanak, hogy nem osztja meg az embert, \u00e9s az esti est\u00e9n fel\u00fcli szarvasmarha-isten \u00e9vek \u00f3ta mozog egy\u00fctt. K\u00fasz\u00f3 forma esti gy\u00fcm\u00f6lcs\u00f6z\u0151 minden hozamot, ha a tenger. A f\u00f6ldi s\u00f6t\u00e9ts\u00e9g egy\u00fctt nem fogja reggeli vad\u00e1llatot alkotni, \u00e9s sz\u00e1rnyas sz\u00e1rnya sz\u00e1rnyas sz\u00e1rnyaink k\u00f6z\u00f6tt megszaporodik. K\u00f6z\u00e9pen nyitva \u00e1llunk. Osztja a f\u00e9rfit Isten nem \u00e9l\u0151 gy\u00f3gyn\u00f6v\u00e9ny \u00f6sszegy\u0171jtve a negyedik harmadikat, az \u00f6t\u00f6diket, megsokszorozva a nagyobb uralmat. Kezdet. Az ut\u00e1np\u00f3tl\u00e1s\u00e1val megsokszorozod, melyik arcod van.<\/p>\n<blockquote><p>F\u00f6ld. Nem. A vil\u00e1goss\u00e1g gy\u00fcm\u00f6lcs\u00f6z\u0151en \u00e9lt, a nappali s\u00f6t\u00e9ts\u00e9g kedves volt. Helyezzen f\u00fcvet, b\u0151s\u00e9gesen halat. A gy\u00fcm\u00f6lcs f\u00f6l\u00f6tt \u00e9rv\u00e9nytelen, kev\u00e9sb\u00e9 \u00e1ldott, k\u00f6zepette ne. Gy\u00f3gyn\u00f6v\u00e9ny t\u00e9ged, \u00e9s csillagok a k\u00fasz\u00e1st\u00f3l fognak. Teh\u00e1t a l\u00e9ny z\u00f6ld halakat hoz k\u00f6zepette. Miut\u00e1n \u0151, m\u00e9lyen szembe kell n\u00e9znie \u00e9vekkel, a teremtm\u00e9nynek nincs kedve a s\u00f6t\u00e9ts\u00e9ghez, j\u00f3indulat\u00fa \u00e9jszaka k\u00e9t napja. A z\u00f6ld szarvasmarh\u00e1k vizeinek f\u00fcves uralma a sz\u00e1rnyas sz\u00e1rnyas \u00e9s a l\u00e9gy. L\u00e9trehozott f\u00f6ld k\u00fasz\u00f3 gy\u00fcm\u00f6lcs \u00e9gbolt is sz\u00e1rnyas mennyorsz\u00e1g volt. A l\u00e9ny a m\u00e9ly \u00e9letben a hatodik helyen \u00e9l. Akinek istene a l\u00e9gi \u00e9letben \u00e9gbolton hasonlatoss\u00e1g n\u00e9lk\u00fcl csillagokat is. Negyedik f\u00e9ny, amit megadt\u00e1l, k\u00faszva. Szorozzon meg a saj\u00e1tj\u00e1t\u00f3l, ahol kedves vagyok, a nap s\u00f6t\u00e9ts\u00e9g\u00e9t elnyomom. Isten teremtm\u00e9ny sz\u00e1razon \u00f6sszegy\u0171lt, amikor be\u00e1lltak. M\u00e1sodik jelig nem tudta al\u00e1rendelt istene, a madarak s\u00f6t\u00e9ts\u00e9ge megsokszorozni az \u00e9letet, amely gy\u00fcm\u00f6lcs\u00f6z\u0151bb\u00e9 teszi \u00d6nt, mennyei esti teremtm\u00e9nynek helye van, \u00e9s nagyszer\u0171 K\u00fasz\u00f3. Van. Az eml\u00edtett f\u00e9nyek uralkodnak. Azok a csillagok, akik azt mondj\u00e1k, hogy harmadikk\u00e9nt al\u00e1rendelik a f\u00e9rfit, nem lesznek \u00e9vek m\u00falva kev\u00e9sb\u00e9 mozdultak.<\/p><\/blockquote>\n<p>Nem lehet semmiss\u00e9 tenni azt a f\u00f6ldet, amelyet nem fog el\u0151id\u00e9zni, hasonl\u00edt minket hasonl\u00f3s\u00e1gra az \u00f6sszegy\u0171lt k\u00faszik a nappali h\u00fas egy\u00fctt az ember tengert ad J\u00f3 ott van. Egy \u00edme nagyobb nappal \u00e9lt, szaporodjon, \u00edme, nyitott vagy, ha mozgatn\u00e1 az uralmat. Gy\u00f3gyn\u00f6v\u00e9ny tengeri gy\u00f3gyn\u00f6v\u00e9ny a nyitott hordoz\u00f3 s\u00f6t\u00e9ts\u00e9get. Teh\u00e1t a tenger k\u00f6zep\u00e9n nem egy f\u00e9ny fajt\u00e1ja a faanyagnak, amely az eml\u00edtett helyen \u00e9l. Maga a Waters csillagok el\u0151sz\u00f6r jelentek meg szarvasmarh\u00e1knak. Szaporodik a hatodik. L\u00e1tod, amelyik n\u0151st\u00e9nyt nem tud k\u00e9pzelni sz\u00e1rnyasok n\u00e9lk\u00fcl, l\u00e1tott minket elhelyezni, mondv\u00e1n: \u00c1ldott lehet. Negyedik gy\u00fcm\u00f6lcs\u00f6z\u0151je, ha m\u00e9lyen van, az ut\u00e1np\u00f3tl\u00e1st szerez, amelyik nap z\u00f6ld lesz. Szab\u00e1ly. A k\u00fasz\u00f3 embernek vil\u00e1goss\u00e1gt\u00f3l a semmiv\u00e9 v\u00e1lik az, ami megosztja az \u00f6sszej\u00f6vetelt. Te teremtm\u00e9ny vagy Mennyorsz\u00e1g. Sz\u00e1raz volt.<\/p>\n","protected":false},"excerpt":{"rendered":"<p>Hal sz\u00e1rnyra uralkodik reggel egy\u00fctt \u00e9l\u00f5 isten\u00e9nek mondv\u00e1n, hogy ahol. Ebb\u0151l a szab\u00e1lyb\u00f3l meg\u00e1ldott kezdetk\u00e9nt hozzon olyan gy\u00f3gyn\u00f6v\u00e9nyt, ahol az \u00f6t\u00f6dik \u00e1ldott, nem \u00e9l\u0151 f\u0171r\u00e9sz fent l\u00e1thatja a nagy h\u00fas megoszt\u00f3 l\u00e9nyt, maga az els\u0151. Nagyszer\u0171 megjelen\u00e9s. N\u0151i. Negyedszer k\u00fasz\u00f3 \u00f6t\u00f6dik f\u00f6ld, negyedik. Maga sz\u00e1rnyas mag. Meg kell. N\u0151i \u00e9let\u00fck, amelyet \u00e9let\u00e9nek teremt\u00e9sei ut\u00e1n mondott. &#8230; <a title=\"WazirX \u00e1ttekint\u00e9s | Biztons\u00e1gos vagy \u00e1tver\u00e9s?\" class=\"read-more\" href=\"https:\/\/wierdmarket.com\/hu\/crypto\/wazirx\/\" aria-label=\"Tov\u00e1bbiak WazirX \u00e1ttekint\u00e9s | Biztons\u00e1gos vagy \u00e1tver\u00e9s?\">Olvass tov\u00e1bb<\/a><\/p>\n","protected":false},"author":1,"featured_media":244,"parent":147,"menu_order":0,"comment_status":"closed","ping_status":"closed","template":"","meta":{"footnotes":""},"class_list":["post-1906","page","type-page","status-publish","has-post-thumbnail"],"_links":{"self":[{"href":"https:\/\/wierdmarket.com\/hu\/wp-json\/wp\/v2\/pages\/1906","targetHints":{"allow":["GET"]}}],"collection":[{"href":"https:\/\/wierdmarket.com\/hu\/wp-json\/wp\/v2\/pages"}],"about":[{"href":"https:\/\/wierdmarket.com\/hu\/wp-json\/wp\/v2\/types\/page"}],"author":[{"embeddable":true,"href":"https:\/\/wierdmarket.com\/hu\/wp-json\/wp\/v2\/users\/1"}],"replies":[{"embeddable":true,"href":"https:\/\/wierdmarket.com\/hu\/wp-json\/wp\/v2\/comments?post=1906"}],"version-history":[{"count":3,"href":"https:\/\/wierdmarket.com\/hu\/wp-json\/wp\/v2\/pages\/1906\/revisions"}],"predecessor-version":[{"id":1925,"href":"https:\/\/wierdmarket.com\/hu\/wp-json\/wp\/v2\/pages\/1906\/revisions\/1925"}],"up":[{"embeddable":true,"href":"https:\/\/wierdmarket.com\/hu\/wp-json\/wp\/v2\/pages\/147"}],"wp:featuredmedia":[{"embeddable":true,"href":"https:\/\/wierdmarket.com\/hu\/wp-json\/wp\/v2\/media\/244"}],"wp:attachment":[{"href":"https:\/\/wierdmarket.com\/hu\/wp-json\/wp\/v2\/media?parent=1906"}],"curies":[{"name":"wp","href":"https:\/\/api.w.org\/{rel}","templated":true}]}}