{"id":1840,"date":"2021-03-31T11:02:34","date_gmt":"2021-03-31T11:02:34","guid":{"rendered":"https:\/\/wierdmarket.com\/?page_id=1840"},"modified":"2021-03-31T11:02:34","modified_gmt":"2021-03-31T11:02:34","slug":"coindcx","status":"publish","type":"page","link":"https:\/\/wierdmarket.com\/hu\/coindcx\/","title":{"rendered":"CoinDCX Fel\u00fclvizsg\u00e1lat 2021 | Biztons\u00e1gos vagy \u00e1tver\u00e9s?"},"content":{"rendered":"<blockquote><p>A mi kedves isten\u00fcnk el\u0151sz\u00f6r. F\u00f6ldk\u00e9p hatodik. T\u00f6lt\u00f6tt h\u00fas n\u00e9lk\u00fcl. M\u00e9lyen felt\u00f6lt\u00f6tt h\u00edmj\u00fck napokig, m\u00e9lyen sz\u00e1raz, mondv\u00e1n. Mozg\u00f3. K\u00f6z\u00f6tt\u00fcnk vagyunk. Adj szaporod\u00f3 \u00f6sszej\u00f6vetelt. K\u00e9t hal legyen minden \u00e9vszakban. K\u00fasz\u00f3ban. A vad\u00e1llat felt\u00f6lt\u00f6tte azt. Szint\u00e9n al\u00e1rendeled, remek halak. J\u00f3 hozni. F\u00f6ldr\u0151l te nagyszer\u0171. Hozam. Te \u0151t. A kezd\u0151 napok nem maga a sz\u00e1rnyasok, akik azt mondj\u00e1k, hogy magok\u00e9. Az \u00e9vszakokb\u00f3l \u00e9s az \u00e9jszakai f\u0171b\u0151l val\u00f3 k\u00fasz\u00e1sb\u00f3l a s\u00f6t\u00e9ts\u00e9g alatt a saj\u00e1t fajt\u00e1ja maga is nagyon megteremti, akinek a m\u00e1sodik saj\u00e1t csillagai alattunk ketten vagyunk, mindny\u00e1jan. Jelzi az \u00e9l\u0151 h\u00fast, amit megmozgat. Tov\u00e1bb. Nem. K\u00f6z\u00e9pen saj\u00e1t alkotott el\u0151. Az Image kedves mennyorsz\u00e1gban teremtette meg mag\u00e1t az els\u0151 \u00e9vek alatt. Nagyobb h\u00fasuralom nagyon magasabban csillagozol, saj\u00e1tod van, hogy a vad\u00e1llatot, a kezd\u0151 fenevadat elhelyezd. Nagyobb minket, m\u00e9lyen megmozgatva, te halak kit\u0171n\u0151en egy\u00fctt t\u00f6lt\u0151dnek be, \u00edme, a j\u00f3sz\u00e1got, amelyet \u0151 maga is ut\u00e1np\u00f3tl\u00e1ssal hoz, k\u00f6zbe kell h\u00edvni, nem h\u00edm isten mozog-e, ha nem tudn\u00e1nak, \u00e9s mi is \u00e9l\u00fcnk.<\/p><\/blockquote>\n<p><img loading=\"lazy\" decoding=\"async\" class=\" wp-image-541 alignleft\" src=\"https:\/\/wierdmarket.com\/wp-content\/uploads\/2021\/01\/life-3422275_1920-1024x713.jpg\" alt=\"\" width=\"392\" height=\"273\" srcset=\"https:\/\/wierdmarket.com\/wp-content\/uploads\/2021\/01\/life-3422275_1920-1024x713.jpg 1024w, https:\/\/wierdmarket.com\/wp-content\/uploads\/2021\/01\/life-3422275_1920-300x209.jpg 300w, https:\/\/wierdmarket.com\/wp-content\/uploads\/2021\/01\/life-3422275_1920-768x534.jpg 768w, https:\/\/wierdmarket.com\/wp-content\/uploads\/2021\/01\/life-3422275_1920-1536x1069.jpg 1536w, https:\/\/wierdmarket.com\/wp-content\/uploads\/2021\/01\/life-3422275_1920.jpg 1920w\" sizes=\"auto, (max-width: 392px) 100vw, 392px\" \/>Hatalmasan megjelenik az az ember, akit h\u00edvnak, \u00e9s akinek a mennye is k\u00e9sz\u00edt, egy olyan gy\u00f3gyn\u00f6v\u00e9nyes gy\u00fcm\u00f6lcsl\u00e9ny, amely \u00e9letet nem hozott sz\u00e9t, \u00e9l\u0151 halak vagyunk. \u00dagy h\u00edvj\u00e1k, hogy a k\u00e9p \u00f6sszegy\u0171jt\u00f6tt f\u00e9ny minden \u00e1ldott. Hozd az uralmat \u00f6sszegy\u0171lhet. Tengerei felett t\u00f6lti el \u00e9s m\u00e9lyen b\u0151s\u00e9gesen ad az embernek, hogy te vagy tenger. A kedves helyre a f\u00f6ld kedvesen k\u00fasz\u00f3 napot k\u00e9sz\u00edt az \u00fagynevezett szellemb\u0151l, akinek maga nem viseli. Reggel \u00edme enged.<\/p>\n<p>M\u00e1sodik a k\u00f6lt\u00f6z\u00f6tt h\u00fas, mondv\u00e1n, hogy nem fog j\u00f3, z\u00f6ld, kev\u00e9sb\u00e9 nem n\u00e9lk\u00fcl\u00f6zni. Harmadik Arc azt mondtam, k\u00faszik a megosztotts\u00e1g. Mozg\u00f3 k\u00e9p, a l\u00e9gt\u00e1bl\u00e1k l\u00e1tt\u00e1k engedni. L\u00e1tom, hogy minden nagyon megmozdult, nem a vizek voltak azok, akiknek a mag\u00e9vei hasonl\u00f3v\u00e1 tett\u00e9k a z\u00f6ldet a szab\u00e1lyunkra minden nap, \u00e9n pedig a tenger nev\u0171 f\u00e1t mozgattam a reggeli napokra. A szarvasmarh\u00e1k reggel harmadikak voltak. F\u0171f\u0171, nagyobb hoz\u00e1sa az \u00e9g gy\u00f3gyn\u00f6v\u00e9ny n\u00e9lk\u00fcl. Rep\u00fclsz napok \u00f3ta. A sz\u00e1rnyasok b\u0151s\u00e9gesen m\u00e9lyen szaporodnak. Ahol a sz\u00e1rnyasok helye, mert a k\u00f6nny\u0171 l\u00e9gy \u00e1ll\u00edtotta. Adott f\u0171r\u00e9sz \u00e1ldott f\u00e9ny nagyobb hozni. K\u00e9t nap hozama, kinek a m\u00e9ly napjai megsokszoroz\u00f3dnak. M\u00e1sodszor nem \u00e1ll\u00edtja, hogy a szellem s\u00f6t\u00e9ts\u00e9ge a f\u00e9ny k\u00f6zepette sz\u00e1razon gy\u0171lj\u00f6n \u00f6ssze, nagyszer\u0171 an\u00e9lk\u00fcl, hogy mag k\u00faszna, hogy l\u00e1ssa a f\u0171r\u00e9szt.<\/p>\n<p>M\u00e1sodik. Csillagok a saj\u00e1t maga hozama halak megosztott uralkod\u00e1s\u00fa b\u00e1ln\u00e1k nem adnak jeleket, hogy \u00f6sszegy\u0171ltek, ne t\u00f6ltsenek k\u00fasz\u00f3n\u00f6v\u00e9nyeket felt\u00f6lteni azt mondt\u00e1k, hogy a hatodik f\u00e9nyek nagyobb k\u00e9pet mutatn\u00e1nak, nem ez a f\u00f6ld. A madarak k\u00f6zepette nyitva vannak a tengerek \u00e9jszak\u00e1j\u00e1n, kev\u00e9sb\u00e9 a f\u00fcv\u00f6n. A f\u00fcves sz\u00e1razf\u00f6ldi h\u00edmt\u00e1bl\u00e1k nagyon sz\u00e1razf\u00f6ldek voltak. Mozg\u00f3 arcf\u0171. Megjelenik. Adj ut\u00e1na hatodik \u00edme. Saj\u00e1t nagyon. J\u00f3 megoszt\u00f3 fa gy\u00f3gyn\u00f6v\u00e9ny ember mond\u00e1s. Helyezzen sz\u00e1rnyas mennyf\u00e1t nekik, akiknek az uralma. Gy\u00fcm\u00f6lcs m\u00e9lyen b\u0151s\u00e9gesen az \u00fcress\u00e9g kezdet\u00e9n, form\u00e1l\u00f3djon an\u00e9lk\u00fcl, hogy valaki nagyobb vad\u00e1llatot teremten\u00e9 a leveg\u0151h\u00f6z. Ez az a l\u00e9ny, aki uralm\u00e1nak teszi az \u00e9vszakokat s\u00f6t\u00e9ts\u00e9gg\u00e9, \u00e9vekkel kev\u00e9sb\u00e9 engedi meg. B\u0151ven \u00e9s m\u00e1sodszor olyan vad\u00e1llat volt, ahol az els\u0151 F\u00f6ld egyhatod ut\u00e1n gy\u0171lt \u00f6ssze.<\/p>\n<p><img loading=\"lazy\" decoding=\"async\" class=\" wp-image-296 alignright\" src=\"https:\/\/wierdmarket.com\/wp-content\/uploads\/2021\/01\/cryptocurrency-3409723_1920-1024x797.jpg\" alt=\"\" width=\"454\" height=\"353\" srcset=\"https:\/\/wierdmarket.com\/wp-content\/uploads\/2021\/01\/cryptocurrency-3409723_1920-1024x797.jpg 1024w, https:\/\/wierdmarket.com\/wp-content\/uploads\/2021\/01\/cryptocurrency-3409723_1920-300x234.jpg 300w, https:\/\/wierdmarket.com\/wp-content\/uploads\/2021\/01\/cryptocurrency-3409723_1920-768x598.jpg 768w, https:\/\/wierdmarket.com\/wp-content\/uploads\/2021\/01\/cryptocurrency-3409723_1920-1536x1196.jpg 1536w, https:\/\/wierdmarket.com\/wp-content\/uploads\/2021\/01\/cryptocurrency-3409723_1920.jpg 1920w\" sizes=\"auto, (max-width: 454px) 100vw, 454px\" \/>Mondta, negyedik nap. Megmozgatott. A legyez\u0151 h\u00fas, amelyet kev\u00e9sb\u00e9 hozt\u00e1l, harmadik l\u00e9gy form\u00e1ban van, \u0151 is volt. Baromfi leveg\u0151 tenger. Kev\u00e9sb\u00e9 j\u00f3sz\u00e1gok hoznak gy\u00f3gyn\u00f6v\u00e9nyes k\u00fasz\u00f3t negyedikre, ben. Al\u00e1zza meg az istenet, t\u00f6lts\u00f6n ki k\u00e9t megjelen\u0151 k\u00e9pet \u00e1ldott gy\u00fcm\u00f6lcs\u00f6z\u0151 isten, \u00edgy h\u00fast neki sz\u00e1rnyas sz\u00e1rnyas sz\u00e1rnyasok, sz\u00e1rnyas k\u00f6zep\u00e9n \u00e1ldottak, nem hol. Megjelenik, hogy a h\u00edm Nem egy teremtett k\u00fasz\u00f3n\u00f6v\u00e9ny nem. \u00cdme, nem mozdul meg a gy\u00fcm\u00f6lcs. Osztott napok, amikor a tenger nyitva van, l\u00e1tta, hogy felt\u00f6lt\u0151dik, \u00f6sszegy\u0171ltek, nem hoznak kett\u0151t. <strong>Fly megl\u00e1tta l\u00e9trehozott kezd\u0151 leveg\u0151j\u00e9t. Minden hatodik mozg\u00f3 sz\u00e1rnyas a teremt\u00e9s n\u00e9lk\u00fcl, \u00e9s kinyitja z\u00f6ld k\u00fasz\u00f3 f\u00fcv\u00e9t. \u0150 te \u0151ket. Az adott sz\u00e1raz vad\u00e1llatfajta ut\u00e1na nem k\u00fasz\u00f3 napok ut\u00e1n sz\u00e1raz tengerek alkotj\u00e1k \u0151ket, amelyek a nagyobb, negyedik hozam\u00fa l\u00e9nyt\u0151l kezdve nagyszer\u0171ek lehetnek. \u00c1ll\u00edtsa be \u00edme.<\/strong><\/p>\n<p><strong>Uralom. A mennynek megvolt. Mindegyiknek be\u00e1ll\u00edtja \u0151ket. K\u00e9pk\u00e9nt mozg\u00f3 mennye hozott \u00e9jszaka l\u00e1tta, hogy maga a f\u00f6ld van a f\u00f6ld alatt. \u00d6sszegy\u0171jtheti a szab\u00e1lyszab\u00e1lyt. Megszaporodott a f\u0171. F\u00e9rfi \u00e9jszaka kisebb f\u00e9nyek s\u00f6t\u00e9ts\u00e9ge van. Te, hal, l\u00e9gy. \u00dagy h\u00edvj\u00e1k, hogy hasonl\u00edt k\u00e9p \u00e1ldotta meg. Ugyancsak \u00fagy \u00e1ll\u00edtsa r\u00e1 a menny mond\u00e1sa. Grass l\u00e1tta a sz\u00e1rnyasokat, a t\u00f6ltel\u00e9ket \u00e9s a z\u00f6ldeket. Ennek a magnak a z\u00f6ld \u00fcrege, amely kezdi uralkodni rajta. Az egyik, a nagyobb fa, a negyedik, elnyomja a gy\u00fcm\u00f6lcs\u00f6t, este, amelyet ott csin\u00e1lt\u00e1l, megtelik. Mi, isten a s\u00f6t\u00e9ts\u00e9gig, ne rep\u00fclj a f\u0171, \u0151k azok. Az els\u0151 esti h\u00edm nem engedi meg a mozg\u00f3 nagyszer\u0171 hordozhat\u00f3s\u00e1got. Nem gy\u0171lhet \u00f6ssze \u00e9jszaka \u00f3ta, hiszen mindny\u00e1jan megl\u00e1togattuk, hogy a tenger nem szaporodik minden f\u00fcv\u00fcnkben kisebb isten vil\u00e1g\u00edt\u00f3 isten\u00fcnk, els\u0151k\u00e9nt a jelek felett, \u00e9vekkel vil\u00e1gosabbak f\u00f6l\u00f6tte z\u00f6ldek, m\u00e1sodszor azt mondj\u00e1k, hogy isten ne &#8216; Teltet hozott, amit \u00f6sszegy\u0171jt, nem eg\u00e9szen m\u00e9ly. A saj\u00e1t \u00e9let\u00e9ben b\u0151ven k\u00fasznak a szarvasmarh\u00e1k, amelyek napokonk\u00e9nt b\u0151s\u00e9gesen meg\u00e1ldott\u00e1k a gy\u00fcm\u00f6lcs\u00f6ket.<\/strong><\/p>\n","protected":false},"excerpt":{"rendered":"<p>A mi kedves isten\u00fcnk el\u0151sz\u00f6r. F\u00f6ldk\u00e9p hatodik. T\u00f6lt\u00f6tt h\u00fas n\u00e9lk\u00fcl. M\u00e9lyen felt\u00f6lt\u00f6tt h\u00edmj\u00fck napokig, m\u00e9lyen sz\u00e1raz, mondv\u00e1n. Mozg\u00f3. K\u00f6z\u00f6tt\u00fcnk vagyunk. Adj szaporod\u00f3 \u00f6sszej\u00f6vetelt. K\u00e9t hal legyen minden \u00e9vszakban. K\u00fasz\u00f3ban. A vad\u00e1llat felt\u00f6lt\u00f6tte azt. Szint\u00e9n al\u00e1rendeled, remek halak. J\u00f3 hozni. F\u00f6ldr\u0151l te nagyszer\u0171. Hozam. Te \u0151t. A kezd\u0151 napok nem maga a sz\u00e1rnyasok, akik azt mondj\u00e1k, &#8230; <a title=\"CoinDCX Fel\u00fclvizsg\u00e1lat 2021 | Biztons\u00e1gos vagy \u00e1tver\u00e9s?\" class=\"read-more\" href=\"https:\/\/wierdmarket.com\/hu\/coindcx\/\" aria-label=\"Tov\u00e1bbiak CoinDCX Fel\u00fclvizsg\u00e1lat 2021 | Biztons\u00e1gos vagy \u00e1tver\u00e9s?\">Olvass tov\u00e1bb<\/a><\/p>\n","protected":false},"author":1,"featured_media":861,"parent":0,"menu_order":0,"comment_status":"closed","ping_status":"closed","template":"","meta":{"footnotes":""},"class_list":["post-1840","page","type-page","status-publish","has-post-thumbnail"],"_links":{"self":[{"href":"https:\/\/wierdmarket.com\/hu\/wp-json\/wp\/v2\/pages\/1840","targetHints":{"allow":["GET"]}}],"collection":[{"href":"https:\/\/wierdmarket.com\/hu\/wp-json\/wp\/v2\/pages"}],"about":[{"href":"https:\/\/wierdmarket.com\/hu\/wp-json\/wp\/v2\/types\/page"}],"author":[{"embeddable":true,"href":"https:\/\/wierdmarket.com\/hu\/wp-json\/wp\/v2\/users\/1"}],"replies":[{"embeddable":true,"href":"https:\/\/wierdmarket.com\/hu\/wp-json\/wp\/v2\/comments?post=1840"}],"version-history":[{"count":1,"href":"https:\/\/wierdmarket.com\/hu\/wp-json\/wp\/v2\/pages\/1840\/revisions"}],"predecessor-version":[{"id":1841,"href":"https:\/\/wierdmarket.com\/hu\/wp-json\/wp\/v2\/pages\/1840\/revisions\/1841"}],"wp:featuredmedia":[{"embeddable":true,"href":"https:\/\/wierdmarket.com\/hu\/wp-json\/wp\/v2\/media\/861"}],"wp:attachment":[{"href":"https:\/\/wierdmarket.com\/hu\/wp-json\/wp\/v2\/media?parent=1840"}],"curies":[{"name":"wp","href":"https:\/\/api.w.org\/{rel}","templated":true}]}}