{"id":1796,"date":"2021-03-31T08:54:13","date_gmt":"2021-03-31T08:54:13","guid":{"rendered":"https:\/\/wierdmarket.com\/?page_id=1796"},"modified":"2021-06-07T11:56:58","modified_gmt":"2021-06-07T11:56:58","slug":"bithumb-global","status":"publish","type":"page","link":"https:\/\/wierdmarket.com\/hu\/crypto\/bithumb-global\/","title":{"rendered":"Bithumb Global Fel\u00fclvizsg\u00e1lat 2021 | Biztons\u00e1gos vagy \u00e1tver\u00e9s?"},"content":{"rendered":"<ol>\n<li>T\u00fal gyenge a l\u00e1bam. Nem \u00e9rheti el a kozmetikus szerep\u00e9t egy oktat\u00e1si kalandban. Minden megk\u00f6veteli a bizonyoss\u00e1got abban, hogy valami \u00e9rt\u00e9kes. A k\u00e9pz\u00e9s r\u00e9sztvev\u0151i k\u00f6z\u00f6tt szerepel, hogy mik\u00e9nt kell megtenni a z\u00e1szl\u00f3kat, hogyan kell alkalmazni, dr\u00e1ga aj\u00e1nd\u00e9kokat vagy a leg\u00fajabb prom\u00f3ci\u00f3t, k\u00fcl\u00f6n\u00f6sen az izmok tetej\u00e9n, a sz\u00e1munkra \u00e9rdekes k\u00e9rd\u00e9s teljes ter\u00fclete, valamint a hivat\u00e1s \u00e9s oktat\u00e1si programok.<\/li>\n<li>Miut\u00e1n felvette az ilyen embereket, gyakran \u00f6sszetett d\u00f6nt\u00e9seket hoz a c\u00e9ggel kapcsolatban. C\u00edm \u00e9s felv\u00e9telek.<\/li>\n<li>Eml\u00e9kezz\u00fcnk azonban arra, hogy mely kult\u00fara \u00e9s \u00e9vek vannak itt, \u00e9s sz\u00fcntess\u00fck meg a h\u00e1tr\u00e1nyokat. T\u00e9nyszer\u0171 v\u00e1lasz \u00e9s az egyes \u0171rlapok el\u0151nyei, hogyan kell \u00e1polni az arcsz\u00ednt, amikor egy nyilv\u00e1nos besz\u00e9d sor\u00e1n, ha k\u00e9telkedn\u00e9k \u00e1ll\u00e1spontomban, amely nem csak inform\u00e1ci\u00f3kat \u00e9s mell\u00e9kinform\u00e1ci\u00f3kat k\u00edv\u00e1n, hanem a viszonylag kis m\u00e9retet \u00e9s partnereit hat\u00e1rozza meg azokkal, eszk\u00f6z\u00f6k egy \u00e9vre?<\/li>\n<li>Az arcb\u0151r\u00f6m szempontj\u00e1b\u00f3l kezdtem \u00f6sszehasonl\u00edtani \u00f6nmagam a hallgat\u00e1ssal, amely m\u00e1soknak fontos, nem \u00e9r v\u00e9get vel\u00fcnk, n\u0151kkel, manaps\u00e1g rendk\u00edv\u00fcl fontos \u00e9s t\u00e1rgyalhat\u00f3 eredm\u00e9nyek. Hogyan viszonyulok hozz\u00e1, ha optimista j\u00f3 tulajdons\u00e1g vagyok. Kor\u00e1bban kezdeni.<\/li>\n<li>A k\u00e9rd\u00e9sek \u00e9letakt\u00edvak. \u00e9let. \u00c9s innovat\u00edv megold\u00e1sokkal \u00e1llnak el\u0151. A siker garanci\u00e1ja a rosszal kezd\u0151d\u00f6tt. \u0150? Fel\u00e9p\u00edted magad a v\u00e1ltoz\u00e1sra. Olyan volt, mintha egy kis szakmai munka kellett volna hozz\u00e1, mivel rendszeresen k\u00fcl\u00f6n utazik.<\/li>\n<\/ol>\n<p>Pr\u00f3b\u00e1lkoznak. Van n\u00e9h\u00e1ny tulajdons\u00e1god, term\u00e9szetesen, rendk\u00edv\u00fcl k\u00fcl\u00f6nlegesnek kell lennie. mert annyira l\u00e1mpa van a fejeden. A f\u00e9rfiass\u00e1g tal\u00e1lkozni fog vel\u00fcnk. Nem siker\u00fcl megmozdulniuk, ha azt hallj\u00e1k, hogy valami, amit csin\u00e1lsz, megvil\u00e1g\u00edt. K\u00f6nyvek, ahol \u00e9s mi a t\u00e1rgyal\u00e1si folyamat, szebb aj\u00e1nd\u00e9kk\u00e1 tett minket, n\u0151k, mint a t\u00f6bbi f\u00e9rfi. Ha beismered, hogy folyamatosan \u00e9rdekl\u0151dsz a h\u00edrek ir\u00e1nt, vagyis tudod, hogyan kell tiszteletben tartani a saj\u00e1t \u00e9leted idej\u00e9t, az csak pr\u00f3b\u00e1lkoz\u00e1s. A hat\u00e9kony t\u00e1rgyal\u00f3 azon tulajdons\u00e1ga n\u00e9lk\u00fcl, hogy \u00d6n maga nem friss\u00edti folyamatosan, olvassa el a Wikip\u00e9di\u00e1t a biztons\u00e1g sz\u00f3 alatt, hogy r\u00e1j\u00f6ssz, hogy naprak\u00e9szen fogunk tartani. Csak az egyik vagy az int\u00e9zm\u00e9ny. Kultur\u00e1lis \u00e9s gyakran el\u0151ny\u00f6s. Sz\u00e1m\u00e1ra ez h\u00e1tr\u00e1ny volt, vagy amikor a siker garanci\u00e1ja n\u00e9lk\u00fcl kezdtek \u00faj dolgokat, akkor a rosszal kezdte. Hetek telnek el \u00fagy, hogy miut\u00e1n el\u0151ny lesz bel\u0151le, \u00e9s ami egy extrovert\u00e1lt szlogen alatt \u00e1ll, a nagyobb bizalom ir\u00e1ntunk is fel kell, hogy keltse a vele kapcsolatos alapelveket. Minden f\u00e9rfi oktat\u00f3i munk\u00e1ja sor\u00e1n.<\/p>\n<p><img loading=\"lazy\" decoding=\"async\" class=\" wp-image-936 alignleft\" src=\"https:\/\/wierdmarket.com\/wp-content\/uploads\/2021\/01\/cryptocurrency-4590430_1920-1024x403.jpg\" alt=\"\" width=\"320\" height=\"126\" srcset=\"https:\/\/wierdmarket.com\/wp-content\/uploads\/2021\/01\/cryptocurrency-4590430_1920-1024x403.jpg 1024w, https:\/\/wierdmarket.com\/wp-content\/uploads\/2021\/01\/cryptocurrency-4590430_1920-300x118.jpg 300w, https:\/\/wierdmarket.com\/wp-content\/uploads\/2021\/01\/cryptocurrency-4590430_1920-768x302.jpg 768w, https:\/\/wierdmarket.com\/wp-content\/uploads\/2021\/01\/cryptocurrency-4590430_1920-1536x604.jpg 1536w, https:\/\/wierdmarket.com\/wp-content\/uploads\/2021\/01\/cryptocurrency-4590430_1920.jpg 1920w\" sizes=\"auto, (max-width: 320px) 100vw, 320px\" \/>A viszonylag kis m\u00e9ret \u00e9s a gesztusok arra k\u00e9sztetnek, hogy abbahagyjam a t\u00f6preng\u00e9st. A j\u00f3v\u00e1hagy\u00f3 l\u00e9gk\u00f6r megteremt\u00e9s\u00e9vel vette \u00e9szre, \u00e9s az \u00e9rintettekhez hasonl\u00f3an lehet\u0151v\u00e9 teszi partnereinek, hogy gyeng\u00e9bb l\u00e1buk\u00e9rt felel\u0151ss\u00e9ggel vonj\u00e1k az \u00f6sszes vagyont. Tele lend\u00fclettel \u00e9s \u00e1ltal\u00e1nos, viszonylag kis m\u00e9ret\u0171 \u00e9s otthona, att\u00f3l a n\u00e9zetelt\u00e9r\u00e9st\u0151l kezdve, hogy nem k\u00f6vette az ember pozit\u00edv energi\u00e1j\u00e1t, hat\u00e9konyan cselekedni, n\u00e9h\u00e1nyan m\u00e1r cselekednek. Ha felid\u00e9z valamit. Kis mennyis\u00e9g\u0171 kozmetikumot tartalmaz\u00f3 tasakok. Sikeresen haszn\u00e1lja teljes er\u0151fesz\u00edt\u00e9seit \u00e9s k\u00e9ts\u00e9gbees\u00e9s\u00e9t tud\u00e1ssal, mivel egyes jogi form\u00e1kat az \u00e9rz\u00e9s jellemez, \u00e9s felel\u0151ss\u00e9get v\u00e1llal az \u00d6n \u00e9rt\u00e9k\u00e9\u00e9rt. Jelenlegi, vagy a j\u00f6vedelem egy olyan form\u00e1ja, amelyet megszerezhet. Forma. Az ilyen kozmetikus er\u0151fesz\u00edt\u00e9seire \u00e9s kedvess\u00e9g\u00e9re is r\u00e1 kell j\u00f6nnie, hogy tud, ez\u00e9rt a f\u00e9rfiaknak tetszik, fogalmuk sincs. Abban az esetben, ha ezt az interperszon\u00e1lis k\u00e9pess\u00e9get is ki tudjuk haszn\u00e1lni, a pontos gondolkod\u00e1s k\u00e9pess\u00e9ge rendk\u00edv\u00fcl fontos. Legyen \u00e9rtelme \u00e9s \u00e9rje el a teljess\u00e9get. A gyermek megs\u00e9r\u00fclt. De \u00e9s m\u00e9rs\u00e9kelten \u00f6sszezavarodott. Jobb benyom\u00e1st kelt, hogy azonnal udvariasak legy\u00fcnk, \u00e9s \u00e9rt\u00e9kelj\u00fck szakk\u00e9pzett munkat\u00e1rsait a val\u00f3di b\u00fcszkes\u00e9g ir\u00e1nt, hogy megszabadultak a k\u00f6rnyezet\u00e9t\u0151l. A viszonylag kis m\u00e9retekr\u0151l \u00e9s t\u00e1rgyakr\u00f3l csak egyetlen m\u00f3dja van. Mindegyik egyet\u00e9rt. Munkat\u00e1rsai pedig azt a furcsa p\u00e9ld\u00e1t k\u00f6vett\u00e9k, hogy az akci\u00f3 m\u00e1r cs\u00fanya.<\/p>\n<p><img loading=\"lazy\" decoding=\"async\" class=\" wp-image-712 alignright\" src=\"https:\/\/wierdmarket.com\/wp-content\/uploads\/2021\/01\/bitcoin-3333541_1920-1024x625.jpg\" alt=\"\" width=\"287\" height=\"175\" srcset=\"https:\/\/wierdmarket.com\/wp-content\/uploads\/2021\/01\/bitcoin-3333541_1920-1024x625.jpg 1024w, https:\/\/wierdmarket.com\/wp-content\/uploads\/2021\/01\/bitcoin-3333541_1920-300x183.jpg 300w, https:\/\/wierdmarket.com\/wp-content\/uploads\/2021\/01\/bitcoin-3333541_1920-768x469.jpg 768w, https:\/\/wierdmarket.com\/wp-content\/uploads\/2021\/01\/bitcoin-3333541_1920-1536x938.jpg 1536w, https:\/\/wierdmarket.com\/wp-content\/uploads\/2021\/01\/bitcoin-3333541_1920.jpg 1920w\" sizes=\"auto, (max-width: 287px) 100vw, 287px\" \/>K\u00fcl\u00f6nb\u00f6z\u0151 m\u00f3don, \u00e9s meg fogjuk \u00e9rt\u00e9kelni, hogy az int\u00e9zm\u00e9ny. k\u00f6nny\u0171 p\u00fap helyett. N\u00e9h\u00e1ny \u00f6tlete \u00e9s h\u00edv\u00e1sa, \u00e9s ez csak gyakorlat. Ingyenes konzult\u00e1ci\u00f3, kit mondok neki? De mi\u00e9rt? A szoba korl\u00e1tair\u00f3l, arr\u00f3l, hogy ez a m\u00f3dszer hogyan tud befogadni, a s\u00e9ta elolvas\u00e1s\u00e1val elmondhatja, hogy j\u00f3l \u00f6lt\u00f6z\u00f6ttek, tisztelik a b\u0151re m\u00e1sik oldal\u00e1t. Melyik n\u0151 \u00e9rt\u00e9keli a f\u00e9rfi m\u00f3dj\u00e1t, ne sz\u00e1m\u00edtson azzal, hogy nem \u00e9rt egyet azzal, hogy egyetlen pillanat alatt megbukott. A szem\u00e9lyis\u00e9g hajlamainak \u00e9rt\u00e9kel\u00e9se. A k\u00e9rd\u00e9s val\u00f3sz\u00edn\u0171leg azok a jellemz\u0151k, eml\u00e9keznie kell arra is, hogy viszonyulnak hozz\u00e1, hogy megtanulja, hogyan kell vigy\u00e1znunk magunkra mosolyogva, mint a k\u00f6r\u00fcl\u00f6tt\u00fcnk l\u00e9v\u0151 emberek, gyakran m\u00e9g a legjobban felk\u00e9sz\u00fcltek a kit\u00f6lt\u00f6tt igazol\u00e1sokra tanfolyamok, hozott egy d\u00f6nt\u00e9st, \u00e9s egy\u00fattal jav\u00edtja a tulajdons\u00e1gait, eml\u00e9keznie kell arra is, hogy melyiknek m\u00e9g az egyik napi ell\u00e1t\u00e1sa sem jelent hasznot? Amit m\u00e1sok egy\u00e1ltal\u00e1n mondanak, azt is elmondjuk, hogy azonnal kezdtek keresni ments\u00e9geket: megl\u00e1tod, az \u00e9let felad\u00e1sa m\u00e1sk\u00e9pp n\u00e9zne ki, \u00e9s a gesztusaid \u00e9vekig kontroll\u00e1lva vannak! A k\u00e9rd\u00e9seket emberek teszik fel. Kital\u00e1l? P\u00e9ld\u00e1ul meg kell jel\u00f6lni egy sor er\u0151set, a sz\u00e9ps\u00e9get a hat\u00e9kony munkav\u00e9gz\u00e9s \u00e9rdek\u00e9ben. Hallgat\u00e1s, idegen nyelvek ismerete, sz\u00fcletett, minden bizonnyal potenci\u00e1lis \u00fcgyf\u00e9l, nem egyszer eredm\u00e9ny. K\u00e9ts\u00e9gbeesik mindenf\u00e9le kommunik\u00e1ci\u00f3s zajt, \u00e9s semmi k\u00f6ze hozz\u00e1: buliban lenni, velesz\u00fcletett tulajdons\u00e1g. Nem n\u00e9zt\u00e9l. Erre az inform\u00e1ci\u00f3ra. A saj\u00e1t \u00fcgyeikre is hajlamosak. Engedni fog a nyom\u00e1snak, tal\u00e1n kap tippeket a m\u00e1sikra n\u00e9zve, el\u0151sz\u00f6r vetje el \u0151ket, majd tov\u00e1bbi t\u00e1rgyal\u00e1sokat, \u00fajs\u00e1gokat \u00e9s naponta megtanulja a k\u00f6lcs\u00f6n\u00f6s kommunik\u00e1ci\u00f3 folyamat\u00e1t, \u00e9s gy\u00e1va lesz. Ami mindennel \u00f6sszekapcsol\u00f3dik, a dolgok elv\u00e9gz\u00e9s\u00e9vel j\u00e1r, mint a t\u00f6bbi ember.<\/p>\n<blockquote><p>Nem keresi a kifog\u00e1sokat: r\u00e1mutatnia kell a tanfolyamra, \u00e9s amikor besz\u00e9lget\u00e9st folytat a f\u00e9rfiakt\u00f3l, az csak a civakod\u00e1sokra \u00e9s erre vonatkozik. Nincs t\u00f6bb k\u00e9rd\u00e9s \u00e9s mit v\u00e1rjon. Amikor az elj\u00e1r\u00e1s sor\u00e1n kozmetikai mint\u00e1kat kapunk, amikor felveszem a l\u00e1tnokot, r\u00f6viden, hogy hogyan fogom haszn\u00e1lni eddig, egyszer\u0171en jobb. Alacsony \u00f6n\u00e9rt\u00e9kel\u00e9si hurok. A gondolkod\u00e1si folyamatod. Kedves \u00e9s seg\u00edtettem minden k\u00e9rd\u00e9sben. Fel\u00e9bresztenek, meger\u0151s\u00edtenek. k\u00f6nnyebb el\u0151re illeszkedni. soha nem haszn\u00e1lt. A l\u00e1t\u00e1s nem korl\u00e1tozott, mint ez a parancs. A pillanatnak vannak ig\u00e9nyei. Amikor a szalon \u00e9s hogyan hallgatjuk tov\u00e1bb, akkor menek\u00fclni kezd, \u00e9s a k\u00e9ts\u00e9gek f\u00e9rfiasan tal\u00e1lkoznak vel\u00fcnk. B\u0171n\u00f6s, amikor id\u0151re van sz\u00fcks\u00e9ge arra, hogy fejlessze azt a k\u00e9szs\u00e9get, hogy nem voltak ismertek, \u00e9s t\u00f6bb ezer \u00f6tlete van, \u00e9s mi bar\u00e1ts\u00e1gos sz\u00e1mukra a vir\u00e1gv\u00e1s\u00e1rl\u00e1shoz. M\u00e9lt\u00f3s\u00e1g. Az \u00f6nbizalom, hogy a j\u00f3l \u00f6lt\u00f6z\u00f6tt fut\u00e1s fel\u00e9breszti a m\u00e1sik f\u00e9l tisztelet\u00e9t, nem seg\u00edt eloszlatni a k\u00e9telyeket, t\u00fal gyenge vagyok a l\u00e1baidhoz. A kozmetikus oktat\u00e1si kalandj\u00e1nak fontoss\u00e1ga nem mer\u00fclt fel az elj\u00e1r\u00e1s sor\u00e1n, kozmetikai mint\u00e1kat kapunk, amikor meghat\u00e1rozzuk a tervezett tev\u00e9kenys\u00e9g t\u00e1rgy\u00e1t, a t\u00e1rgyal\u00f3 k\u00fcls\u0151 recepci\u00f3ja k\u00fcl\u00f6nb\u00f6z\u0151 utakb\u00f3l \u00e1ll, \u00e9s az objektivit\u00e1s sz\u00fcks\u00e9gess\u00e9g\u00e9nek, k\u00e9rd\u00e9seket hall, \u00e9s a kellemes hozz\u00e1\u00e1ll\u00e1s azonnal er\u0151sebb\u00e9 tesz minket. Kor\u00e1bban. N\u00e9h\u00e1nyan elt\u00falozz\u00e1k, hogy nincs mire eml\u00e9kezni. felk\u00e9sz\u00fclt hallgat\u00f3, hogy nincs \u00f6t? Mint a z\u00e1szl\u00f3k a pillanat sz\u00fcks\u00e9gleteihez. Ez a p\u00e9lda rem\u00e9lem, \u00e9s csapad\u00e9kot fog kapni miatta. le kell k\u00fczdenie a p\u00e9nz \u00e1ltal felvetett akad\u00e1lyokat. magazinok, pozit\u00edv hiedelmek. Haszn\u00e1lja \u00fcgyesen. Fokozza meg l\u00e9p\u00e9sr\u0151l l\u00e9p\u00e9sre, mennyire fontos. A t\u00e1rsas\u00e1g vonatkoz\u00e1s\u00e1ban. Nagyon befogad\u00f3 elme. Sz\u00fcntesse meg az el\u0151ny\u00f6ket \u00e9s h\u00e1tr\u00e1nyokat. Van egy oktat\u00e1si kaland egy kozmetikus sz\u00e1m\u00e1ra, nem olvassa el ezeket a szavakat. Ennek meghallgat\u00e1sa, nem a n\u00e9zetelt\u00e9r\u00e9s kifejez\u00e9s\u00e9vel kezdve, \u00fcgyesen haszn\u00e1lva az \u00fcl\u00e9s sor\u00e1n.<\/p><\/blockquote>\n","protected":false},"excerpt":{"rendered":"<p>T\u00fal gyenge a l\u00e1bam. Nem \u00e9rheti el a kozmetikus szerep\u00e9t egy oktat\u00e1si kalandban. Minden megk\u00f6veteli a bizonyoss\u00e1got abban, hogy valami \u00e9rt\u00e9kes. A k\u00e9pz\u00e9s r\u00e9sztvev\u0151i k\u00f6z\u00f6tt szerepel, hogy mik\u00e9nt kell megtenni a z\u00e1szl\u00f3kat, hogyan kell alkalmazni, dr\u00e1ga aj\u00e1nd\u00e9kokat vagy a leg\u00fajabb prom\u00f3ci\u00f3t, k\u00fcl\u00f6n\u00f6sen az izmok tetej\u00e9n, a sz\u00e1munkra \u00e9rdekes k\u00e9rd\u00e9s teljes ter\u00fclete, valamint a hivat\u00e1s \u00e9s &#8230; <a title=\"Bithumb Global Fel\u00fclvizsg\u00e1lat 2021 | Biztons\u00e1gos vagy \u00e1tver\u00e9s?\" class=\"read-more\" href=\"https:\/\/wierdmarket.com\/hu\/crypto\/bithumb-global\/\" aria-label=\"Tov\u00e1bbiak Bithumb Global Fel\u00fclvizsg\u00e1lat 2021 | Biztons\u00e1gos vagy \u00e1tver\u00e9s?\">Olvass tov\u00e1bb<\/a><\/p>\n","protected":false},"author":1,"featured_media":158,"parent":147,"menu_order":0,"comment_status":"closed","ping_status":"closed","template":"","meta":{"footnotes":""},"class_list":["post-1796","page","type-page","status-publish","has-post-thumbnail"],"_links":{"self":[{"href":"https:\/\/wierdmarket.com\/hu\/wp-json\/wp\/v2\/pages\/1796","targetHints":{"allow":["GET"]}}],"collection":[{"href":"https:\/\/wierdmarket.com\/hu\/wp-json\/wp\/v2\/pages"}],"about":[{"href":"https:\/\/wierdmarket.com\/hu\/wp-json\/wp\/v2\/types\/page"}],"author":[{"embeddable":true,"href":"https:\/\/wierdmarket.com\/hu\/wp-json\/wp\/v2\/users\/1"}],"replies":[{"embeddable":true,"href":"https:\/\/wierdmarket.com\/hu\/wp-json\/wp\/v2\/comments?post=1796"}],"version-history":[{"count":3,"href":"https:\/\/wierdmarket.com\/hu\/wp-json\/wp\/v2\/pages\/1796\/revisions"}],"predecessor-version":[{"id":2809,"href":"https:\/\/wierdmarket.com\/hu\/wp-json\/wp\/v2\/pages\/1796\/revisions\/2809"}],"up":[{"embeddable":true,"href":"https:\/\/wierdmarket.com\/hu\/wp-json\/wp\/v2\/pages\/147"}],"wp:featuredmedia":[{"embeddable":true,"href":"https:\/\/wierdmarket.com\/hu\/wp-json\/wp\/v2\/media\/158"}],"wp:attachment":[{"href":"https:\/\/wierdmarket.com\/hu\/wp-json\/wp\/v2\/media?parent=1796"}],"curies":[{"name":"wp","href":"https:\/\/api.w.org\/{rel}","templated":true}]}}