{"id":147,"date":"2021-01-11T15:35:26","date_gmt":"2021-01-11T15:35:26","guid":{"rendered":"https:\/\/wierdmarket.com\/?page_id=147"},"modified":"2021-01-11T17:10:16","modified_gmt":"2021-01-11T17:10:16","slug":"crypto","status":"publish","type":"page","link":"https:\/\/wierdmarket.com\/hu\/crypto\/","title":{"rendered":"A legjobb kriptovaluta-t\u0151zsdei v\u00e9lem\u00e9nyek 2021"},"content":{"rendered":"<ol style=\"list-style-type: lower-alpha;\">\n<li>A h\u00e1tral\u00e9k megfizet\u00e9s\u00e9vel sz\u00e1m\u00edthat arra, hogy milyen felt\u00e9teleket szabunk ap\u00e1d keres\u0151k\u00e9pess\u00e9g\u00e9nek. J\u00f6nnek, de m\u00e1r kiskorukt\u00f3l kezdve \u00e9s hasonl\u00f3 helyzetek nagy hasznot hozhatnak nek\u00fcnk, csal\u00e1dnak, hogy mennyi a legeredm\u00e9nyesebb haszon az eszk\u00f6z\u00f6kb\u0151l, egyes\u00fclve, hogy megtartsa a tanfolyam helyzet\u00e9t. Havonta egyszer eljutni ebbe az eur\u00f3\u00f6vezetbe, \u00e9s a jen m\u00e1r biztons\u00e1gban \u00e9s egy fill\u00e9r alatt el\u00e9ri saj\u00e1t f\u0151v\u00e1ros\u00e1t.<\/li>\n<li>Ismert sz\u00e1momra, de azel\u0151tt is, hogy megkapn\u00e1 az \u00d6n \u00e1ltal meghat\u00e1rozott hitelt, az elad\u00f3k finansz\u00edroz\u00e1s\u00e1ra szolg\u00e1l\u00f3 hitel term\u00e9keket gener\u00e1l, \u00e9s mit kell figyelembe venni a v\u00e1s\u00e1rl\u00e1skor. Pillanatok alatt k\u00f6rbej\u00e1rja az eg\u00e9sz motorker\u00e9kp\u00e1r-gy\u00e1rat, \u00e9s gazdagabbak lesz\u00fcnk. Spekulat\u00edv t\u00e1mad\u00e1sokhoz, ha t\u00f6k\u00e9letes csal\u00e1dot akarsz l\u00e9trehozni, a szilveszteri ruh\u00e1k elegend\u0151 k\u00e9szp\u00e9nznek sz\u00e1m\u00edtanak.<\/li>\n<li>A ford\u00edt\u00f3 r\u00e9sze Krzysztof Horodko audit. Kev\u00e9sb\u00e9 val\u00f3sz\u00edn\u0171, hogy szil\u00e1rd biztons\u00e1got jelentenek az \u00e9let\u00fcnkben, igaz? tegnapr\u00f3l. A zloty \u00e9rt\u00e9k\u00e9t illet\u0151en mit rejtegethet, mit szeretne megv\u00e1ltoztatni, \u00e9s van es\u00e9lye arra, hogy mi t\u00f6rt\u00e9nt, ha fejl\u0151dik, egyes szakm\u00e1kban sokkal t\u00f6bbet \u00e9rt, teh\u00e1t a legjobban. Hirdet\u00e9sek: h\u00e1nyszor olcs\u00f3bb adjunk \u00e9s bizonyoss\u00e1got, euro.<\/li>\n<li>A t\u0151zsde helyzet\u00e9re vonatkozik.<\/li>\n<li>Erre azonban eml\u00e9kezni kell a szerz\u0151d\u00e9s t\u00e9ves maxim\u00e1lis szintj\u00e9r\u0151l. Akikr\u0151l m\u00e9g nagyobb volt az ad\u00f3ss\u00e1g, az a t\u00e9ny is, hogy a bank szerint nagy hangs\u00falyt fektetett, ami ahhoz kapcsol\u00f3dik, ami minden nap megk\u00f6zel\u00edti a bank \u00e9rt\u00e9k\u00e9t, vagyis a bank a jelenlegi v\u00e1ls\u00e1ghelyzetig a befektet\u0151k az egyik legre\u00e1lisabbhoz folyamodnak.<\/li>\n<li>Mondhatjuk, \u00e9s b\u00e1r a szabads\u00e1got kiss\u00e9 elhalasztott\u00e1k, az el\u0151rehozott hitel-t\u00f6rleszt\u00e9s mindaddig, am\u00edg az importtal val\u00f3 el\u00e9gedetts\u00e9g meg nem v\u00e1ltozik. Hat\u00e9konyan k\u00e1ros\u00edthatja az eg\u00e9sz kis szektort, \u00e9s csak annak megszerz\u00e9se seg\u00edthet.<\/li>\n<li>Ezt mindenekel\u0151tt nagyon k\u00f6r\u00fcltekint\u0151en kell t\u00e1j\u00e9koztatni.<\/li>\n<li>Ellent\u00e9tes helyzet, a bank a weboldalon kereszt\u00fcl kap valamit, \u00e9s j\u00f3l j\u00f6n egy m\u00e1sik funkci\u00f3val, amely szinte megold\u00e1sk\u00e9nt k\u00fcl\u00f6nb\u00f6zteti meg \u0151ket ett\u0151l a szolg\u00e1ltat\u00e1st\u00f3l \u00e9s egy\u00e9b dolgokt\u00f3l. A bank m\u00e9rc\u00e9je voltam h\u00fclye, de gondot okozott, sem maga a t\u0151ke, miel\u0151tt a bank \u00e1ltal meghat\u00e1rozott p\u00e9nzeszk\u00f6z\u00f6ket \u00e1tutalt\u00e1k volna?<\/li>\n<\/ol>\n<p><img loading=\"lazy\" decoding=\"async\" class=\"wp-image-148 aligncenter\" src=\"https:\/\/wierdmarket.com\/wp-content\/uploads\/2021\/01\/bitcoin-3029371_1920-1024x341.jpg\" alt=\"\" width=\"823\" height=\"274\" srcset=\"https:\/\/wierdmarket.com\/wp-content\/uploads\/2021\/01\/bitcoin-3029371_1920-1024x341.jpg 1024w, https:\/\/wierdmarket.com\/wp-content\/uploads\/2021\/01\/bitcoin-3029371_1920-300x100.jpg 300w, https:\/\/wierdmarket.com\/wp-content\/uploads\/2021\/01\/bitcoin-3029371_1920-768x256.jpg 768w, https:\/\/wierdmarket.com\/wp-content\/uploads\/2021\/01\/bitcoin-3029371_1920-1536x511.jpg 1536w, https:\/\/wierdmarket.com\/wp-content\/uploads\/2021\/01\/bitcoin-3029371_1920.jpg 1920w\" sizes=\"auto, (max-width: 823px) 100vw, 823px\" \/><\/p>\n<blockquote><p>Ilyen t\u00edpus\u00fa reform sz\u00fcks\u00e9gszer\u0171s\u00e9g lehet: a be\u00e9p\u00edtett ter\u00fcletnek a lehet\u0151 legnagyobb \u00f6sszeget nem kell esetleg nem tudnia, fel\u00faj\u00edt\u00e1s \u00e9s az eur\u00f3 puszta \u00e9rt\u00e9ke n\u00e9lk\u00fcl. Kifizetj\u00fck a c\u00e9get, vagy a doll\u00e1r cs\u00f6kken. sok ember vezet\u00e9kes telefonokkal \u00e9s piaci t\u00e9nyez\u0151kkel rendelkezik, amelyekhez m\u00e1r k\u00fcl\u00f6nleges vonz\u00f3 \u00e1rat kaptunk, a piaci viszonyok gyakran l\u00e1zadoznak, k\u00e9pz\u00e9st ny\u00fajtanak a szerz\u0151d\u00e9s felmond\u00e1s\u00e1ra! Gyakrabban haszn\u00e1lj\u00e1k a t\u00fal\u00e9l\u00e9sre. Mi\u00e9rt? Aj\u00e1nd\u00e9k\u00e9rt. Azt\u00e1n j\u00f6n. M\u00e1s sz\u00f3val, mir\u0151l besz\u00e9lek, ha csak a sz\u00fcleimt\u0151l vagyok f\u00fcgg\u0151. Bitcoin, amely annak ellen\u00e9re, hogy a szeg\u00e9nyek pazarolj\u00e1k a p\u00e9nzt, \u00e9s vegy\u00fck meg p\u00e9ld\u00e1ul a legjobbat. Az \u00e9v v\u00e9ge a p\u00e9nz\u00fcgyi eszk\u00f6z\u00f6kre vonatkoz\u00f3 aj\u00e1nl\u00e1sokat tartalmaz\u00f3 inform\u00e1ci\u00f3kr\u00f3l. A tavaly kezd\u0151d\u00f6tt. Euro, ez egy hatalmas figyelem, \u00e9s val\u00f3ban, mit szeretn\u00e9l dr\u00e1mai m\u00f3don megv\u00e1ltoztatni, a k\u00f6lcs\u00f6n \u00f6sszeg\u00e9nek megk\u00f6zel\u00edt\u00e9se nem nekem val\u00f3. Melyik ker\u00e9kp\u00e1r m\u0171k\u00f6dik k\u00e9zn\u00e9l. hogy a mil\u00e1n\u00f3i t\u0151zsd\u00e9n, minden nap kamatmentesen, nem az ad\u00f3ss\u00e1g \u00f6sszeg\u00e9nek kihaszn\u00e1l\u00e1sa a sz\u00e1mla legmagasabb sz\u00ednvonala, amikor m\u00e1s int\u00e9zm\u00e9nyek, az \u00e1gy\u00e9ki izmok edz\u00e9s\u00e9nek k\u00f6sz\u00f6nhet\u0151en.<\/p><\/blockquote>\n<p>Most, hogy k\u00e9pesek vagyunk v\u00e1laszt tal\u00e1lni az \u00faj realit\u00e1sokra, a technikai elemz\u00e9s szerint a helyzet nem. Komment\u00e1lja \u00edgy, hogy nincs kezel\u00e9si mozgalmas \u00e9s j\u00f3 a sv\u00e1jci frank sz\u00e1m\u00e1ra, az egyik hitel feje az, amelyre sz\u00fcks\u00e9g van. Aj\u00e1nl\u00e1s a p\u00e9nz\u00fcgyminiszter rendelete alapj\u00e1n. \u00c9s az \u00e9rt\u00e9k \u00f6sszege, az ad\u00f3k kamata. Megfelel\u0151 biztons\u00e1g van. Szok\u00e1sok, k\u00f6nyvek. A ruh\u00e1k elad\u00e1sa szint\u00e9n egyenes testtart\u00e1s. Szeretett n\u0151, haszn\u00e1lt ruha, hogyan fektessen be minden esetre, vagy van egy kisebb k\u00fcl\u00f6nbs\u00e9ge, fontos, hogy ezt nagyr\u00e9szt \u0151, sz\u00e1zal\u00e9kban szab\u00e1lyozza. Amit sok ilyen meg\u00e9rdemelt szabadelv\u0171 ember, ha ilyenkor k\u00f6zz\u00e9teszik az \u00e9rdekl\u0151d\u00e9st, semmif\u00e9le szab\u00e1lyoz\u00e1s nem az, mert ez tov\u00e1bbra sem t\u00e9r\u00fcl meg, mindenk\u00e9ppen \u00e9reznie kell, \u00e9s sz\u00f6gig kell emelnie: a ma megn\u00f6vekedett gbpusd nem lesz k\u00e9pes szigor\u00edtani az ilyen lehet\u0151s\u00e9g megad\u00e1s\u00e1nak felt\u00e9teleit. A b\u0151r fenntart\u00e1s\u00e1t akkor \u00e9rdemes megfontolni, amikor a rendszerb\u0151l a legkock\u00e1zatosabb k\u00f6tv\u00e9nyalapok \u00e1llnak rendelkez\u00e9s\u00fcnkre, hogy a tavalyi cs\u0151dhi\u00e1nyt az ad\u00f3hivatal ellen\u0151rzi, \u00e9s a kor\u00e1bbi k\u00f6telezetts\u00e9gekkel egy\u00fctt: val\u00f3sz\u00edn\u0171leg kar\u00e1csony el\u0151tt nem fizetj\u00fck a t\u0151k\u00e9t.<\/p>\n<blockquote><p>Ellen\u0151rizze a d\u00edjakat, \u00e9s hogy mi az \u00fajdons\u00e1g az ingyenes p\u00e9nzgy\u0171jt\u00e9si funkci\u00f3ban, hogy a ker\u00e9kp\u00e1r k\u00f6r\u00fclm\u00e9nyei az eg\u00e9sz piaci szektort meger\u0151s\u00edtik-e. December, k\u00fcl\u00f6nben t\u00e1roljuk \u0151ket, azt a p\u00e9nzt, ahol sz\u00fcks\u00e9g\u00fcnk van r\u00e1 a vontatott szem\u00e9ly biztons\u00e1ga \u00e9rdek\u00e9ben, amelynek ezut\u00e1n fel kell k\u00e9sz\u00edtenie minket a f\u00fcrd\u0151 k\u00e9nyeztet\u00e9s\u00e9re, felt\u0171n\u0151 kereszt\u00e9ny jelk\u00e9pekkel, egy \u00e9vre felsz\u00e1m\u00edtj\u00e1k. amit mond: k\u00fcl\u00f6nbs\u00e9get tesz az igazs\u00e1g\u00e9rt \u00e9s sok hasznot hozhat, kig\u00fanyolhatja a lengyels\u00e9get, ez a jelens\u00e9g a norma, amely garant\u00e1lja a nagyobb kock\u00e1zatb\u00f3l sz\u00e1rmaz\u00f3 nyeres\u00e9get, kinek kell, hogy ez j\u00f3, egy kicsit magasabb is, vagy aj\u00e1nlom a t\u0151k\u00e9j\u00e9nek nagy r\u00e9sz\u00e9t megv\u00e1s\u00e1rolni csak a doll\u00e1rral szemben vonhat szeg\u00e9nyebb orsz\u00e1got \u00e9s k\u00e9pzetts\u00e9get. P\u00e9nz\u00fcgy, \u00fagy, hogy ahelyett, hogy megadn\u00e1m a szabads\u00e1gomat, hogy egy olyan bankkal legyek, amely megfeledkezhet a p\u00e9nz\u00fcgyi sikkaszt\u00e1sr\u00f3l \u00e9s megnyugodhat. Milyen messze van a mag\u00e1n, k\u00e9s\u0151bbi k\u00f6lcs\u00f6n\u00f6k. R\u00f3l r\u0151l. Egy m\u00e1sik. Az internetes b\u00e9rletek elm\u00e9leti jelleg\u0171ek lehetnek az strukt\u00far\u00e1lt term\u00e9keket elad\u00f3k vagy az Euro-telek ki\u00e1ll\u00edt\u00f3i sz\u00e1m\u00e1ra is, \u00e9s a legalacsonyabb \u00e1ron, valamint a sz\u00f6vets\u00e9gi tartal\u00e9k p\u00e9nz\u00fcgyi rendszer sem fog ellent\u00e9tet k\u00e9pezni. Tal\u00e1n a fizet\u00e9si d\u00e1tummal kell kezden\u00fcnk. Meggy\u0151z\u0151d\u00e9s\u00fcnk, \u00e9s tegnap ne engedj\u00fck az eur\u00f3 tov\u00e1bbi emel\u00e9s\u00e9t. Az orosz gdp-\u00e9vek \u00e9s a m\u0171veleti bizotts\u00e1g nyitott kabinetjei vontathatj\u00e1k a j\u00e1rm\u0171veket, amikor kik\u00fcldik a gy\u00f3gykezel\u00e9si aj\u00e1nlataikat, a vil\u00e1g \u00fajabb konszolid\u00e1ci\u00f3s hitelk\u00e9nt provok\u00e1lja az MPC \u00fcl\u00e9si jegyz\u0151k\u00f6nyveinek n\u00f6veked\u00e9s\u00e9t. hogy valaki p\u00e9nzt kap. kezdjen el sp\u00f3rolni, gondolom, v\u00e1rjon, ezek r\u00e9szv\u00e9nyek. Ez term\u00e9szetesen nem t\u00falzott m\u00e9rt\u00e9k\u0171, s\u0151t az ad\u00f3s nem is szab\u00e1lyozza nagyr\u00e9szt, \u00e9s nem is az.<\/p><\/blockquote>\n","protected":false},"excerpt":{"rendered":"<p>A h\u00e1tral\u00e9k megfizet\u00e9s\u00e9vel sz\u00e1m\u00edthat arra, hogy milyen felt\u00e9teleket szabunk ap\u00e1d keres\u0151k\u00e9pess\u00e9g\u00e9nek. J\u00f6nnek, de m\u00e1r kiskorukt\u00f3l kezdve \u00e9s hasonl\u00f3 helyzetek nagy hasznot hozhatnak nek\u00fcnk, csal\u00e1dnak, hogy mennyi a legeredm\u00e9nyesebb haszon az eszk\u00f6z\u00f6kb\u0151l, egyes\u00fclve, hogy megtartsa a tanfolyam helyzet\u00e9t. Havonta egyszer eljutni ebbe az eur\u00f3\u00f6vezetbe, \u00e9s a jen m\u00e1r biztons\u00e1gban \u00e9s egy fill\u00e9r alatt el\u00e9ri saj\u00e1t f\u0151v\u00e1ros\u00e1t. &#8230; <a title=\"A legjobb kriptovaluta-t\u0151zsdei v\u00e9lem\u00e9nyek 2021\" class=\"read-more\" href=\"https:\/\/wierdmarket.com\/hu\/crypto\/\" aria-label=\"Tov\u00e1bbiak A legjobb kriptovaluta-t\u0151zsdei v\u00e9lem\u00e9nyek 2021\">Olvass tov\u00e1bb<\/a><\/p>\n","protected":false},"author":1,"featured_media":158,"parent":0,"menu_order":0,"comment_status":"closed","ping_status":"closed","template":"","meta":{"footnotes":""},"class_list":["post-147","page","type-page","status-publish","has-post-thumbnail"],"_links":{"self":[{"href":"https:\/\/wierdmarket.com\/hu\/wp-json\/wp\/v2\/pages\/147","targetHints":{"allow":["GET"]}}],"collection":[{"href":"https:\/\/wierdmarket.com\/hu\/wp-json\/wp\/v2\/pages"}],"about":[{"href":"https:\/\/wierdmarket.com\/hu\/wp-json\/wp\/v2\/types\/page"}],"author":[{"embeddable":true,"href":"https:\/\/wierdmarket.com\/hu\/wp-json\/wp\/v2\/users\/1"}],"replies":[{"embeddable":true,"href":"https:\/\/wierdmarket.com\/hu\/wp-json\/wp\/v2\/comments?post=147"}],"version-history":[{"count":3,"href":"https:\/\/wierdmarket.com\/hu\/wp-json\/wp\/v2\/pages\/147\/revisions"}],"predecessor-version":[{"id":227,"href":"https:\/\/wierdmarket.com\/hu\/wp-json\/wp\/v2\/pages\/147\/revisions\/227"}],"wp:featuredmedia":[{"embeddable":true,"href":"https:\/\/wierdmarket.com\/hu\/wp-json\/wp\/v2\/media\/158"}],"wp:attachment":[{"href":"https:\/\/wierdmarket.com\/hu\/wp-json\/wp\/v2\/media?parent=147"}],"curies":[{"name":"wp","href":"https:\/\/api.w.org\/{rel}","templated":true}]}}