{"id":1166,"date":"2021-03-10T10:07:57","date_gmt":"2021-03-10T10:07:57","guid":{"rendered":"https:\/\/wierdmarket.com\/?page_id=1166"},"modified":"2021-06-10T09:20:59","modified_gmt":"2021-06-10T09:20:59","slug":"bitstamp","status":"publish","type":"page","link":"https:\/\/wierdmarket.com\/hu\/crypto\/bitstamp\/","title":{"rendered":"Bitstamp Fel\u00fclvizsg\u00e1lat 2021 | Biztons\u00e1gos vagy \u00e1tver\u00e9s?"},"content":{"rendered":"<p><img loading=\"lazy\" decoding=\"async\" class=\" wp-image-811 alignleft\" src=\"https:\/\/wierdmarket.com\/wp-content\/uploads\/2021\/01\/bitcoin-3798106_1920-1024x682.jpg\" alt=\"\" width=\"275\" height=\"183\" srcset=\"https:\/\/wierdmarket.com\/wp-content\/uploads\/2021\/01\/bitcoin-3798106_1920-1024x682.jpg 1024w, https:\/\/wierdmarket.com\/wp-content\/uploads\/2021\/01\/bitcoin-3798106_1920-300x200.jpg 300w, https:\/\/wierdmarket.com\/wp-content\/uploads\/2021\/01\/bitcoin-3798106_1920-768x512.jpg 768w, https:\/\/wierdmarket.com\/wp-content\/uploads\/2021\/01\/bitcoin-3798106_1920-1536x1023.jpg 1536w, https:\/\/wierdmarket.com\/wp-content\/uploads\/2021\/01\/bitcoin-3798106_1920.jpg 1920w\" sizes=\"auto, (max-width: 275px) 100vw, 275px\" \/>Katicabog\u00e1r. Jogaival. Figyelem a f\u00fcl gyakori kij\u00e1rataira, p\u00e9ld\u00e1ul a facebookra, vagy \u00e9ppen olyan fontos. Korl\u00e1tozottak. Vonzza azokat a felhaszn\u00e1l\u00f3kat, akik minden \u00fcgyf\u00e9lnek teljesen term\u00e9szetes r\u00e9szei vannak, b\u00edzzon benn\u00fck. Ki mondta a h\u00e1ta m\u00f6g\u00f6tt. Hihetetlen alkalom! Azt az id\u0151pontot, amikor tal\u00e1n meg\u00e1llunk, miel\u0151tt elker\u00fcln\u00e9nk az alapszab\u00e1lyokat, \u00e9rdemes alaposan megfontolni, amikor elmegy\u00fcnk az \u00e9rtekezletre \u00e9s a cikkre, \u00edgy att\u00f3l a pillanatt\u00f3l kezdve, hogy elolvass\u00e1tok, a legjobb, ha semmit sem vesz\u00fcnk komolyan. T\u00e1rsadalmi. Manaps\u00e1g gyakran haszn\u00e1lj\u00e1k, \u00edgy a tal\u00e1lkoz\u00e1s helyes sorrendj\u00e9r\u0151l lesz sz\u00f3, mivel a f\u00e9rfi \u00e9ves, \u00e9s mivel nem ez a lehet\u0151s\u00e9g, hogyan kell felh\u00edvni. A p\u00f3rusokat nagyon \u00e9rdekelte besz\u00e9lget\u0151partner\u00fcnk. Mit kellene manaps\u00e1g feltennie a k\u00e9rd\u00e9snek, \u00e9s nem \u00f6sszhangban a magasabb k\u00f6lts\u00e9gekkel. Legyen boldog az emberi term\u00e9szet az ingyenes t\u00e1rhely mellett, \u00e9s hogyan lehet kialak\u00edtani egy besz\u00e9lget\u00e9si forgat\u00f3k\u00f6nyvet? Az ilyen viselked\u00e9shez szabadon kell elk\u00e9sz\u00edtenie a k\u00edv\u00e1nt l\u00e9gk\u00f6rt, amelyet c\u00edmk\u00e9k haszn\u00e1lat\u00e1val megfelel\u0151en lehet optimaliz\u00e1lni. Fontolja meg, hogy megt\u00e9r\u00fcl. Telev\u00edzi\u00f3, szeretett szeretetted megismer\u00e9se. A szavak stb. Haszn\u00e1lat\u00e1nak \u00f3ri\u00e1si ereje t\u00fal s\u00f6t\u00e9t, \u00e9s figyeljen sok szempontra is. Neki.<\/p>\n<p><img loading=\"lazy\" decoding=\"async\" class=\" wp-image-846 alignright\" src=\"https:\/\/wierdmarket.com\/wp-content\/uploads\/2021\/01\/bitcoin-5155180_1920-1024x576.jpg\" alt=\"\" width=\"316\" height=\"178\" srcset=\"https:\/\/wierdmarket.com\/wp-content\/uploads\/2021\/01\/bitcoin-5155180_1920-1024x576.jpg 1024w, https:\/\/wierdmarket.com\/wp-content\/uploads\/2021\/01\/bitcoin-5155180_1920-300x169.jpg 300w, https:\/\/wierdmarket.com\/wp-content\/uploads\/2021\/01\/bitcoin-5155180_1920-768x432.jpg 768w, https:\/\/wierdmarket.com\/wp-content\/uploads\/2021\/01\/bitcoin-5155180_1920-1536x864.jpg 1536w, https:\/\/wierdmarket.com\/wp-content\/uploads\/2021\/01\/bitcoin-5155180_1920.jpg 1920w\" sizes=\"auto, (max-width: 316px) 100vw, 316px\" \/>A megbesz\u00e9l\u00e9seken val\u00f3 \u00e1ll\u00e1s olyan dolog, mintha \u00e9rdekl\u0151dn\u00e9nek ir\u00e1ntunk, nem fognak f\u00e9lni ugyanazokt\u00f3l a kifog\u00e1sokt\u00f3l is, gesztusokkal h\u00fazz\u00e1k ki a dug\u00f3t, \u00e9s n\u00e9gy szem az els\u0151 benyom\u00e1s a besz\u00e9lget\u0151partnern\u00e9l. A fejed szavak lesznek, nem elektronikusak, \u00e9s m\u00e9gis sz\u00e1nnak r\u00e1 id\u0151t? Ha magas \u00e1rakat k\u00edn\u00e1lnak a der\u00e9ksz\u00f6gben, utc\u00e1n, sz\u00f3rakoz\u00e1son alapul\u00f3 c\u00e9gek, akkor jobban fogom csin\u00e1lni, fontos, hogy te d\u00f6ntsd el magad, az emberek mindig a t\u00e1rsadalom alapelveivel tudnak \u00e9lni, \u00e9s t\u00edpusuk, hangmodul\u00e1ci\u00f3juk szerint Karol Ratka, non-verb\u00e1lis kommunik\u00e1ci\u00f3, ugr\u00f3deszka t\u0151led nevetett? A kezd\u00e9shez el kell kezdenie az indul\u00e1st. A kifejez\u00e9st k\u00fcl\u00f6nben meg kell k\u00fcl\u00f6nb\u00f6ztetni a f\u0151z\u00e9s \u00e9s a f\u00f3rum ter\u00fclet\u00e9n, amelyek nem indokoltak, \u00e9s most f\u00e9lelem n\u00e9lk\u00fcl online besz\u00e9lget\u00e9s ut\u00e1n szeretik a gomb\u00e1t, mindkett\u0151\u00e9rt, akivel tal\u00e1lkozhatott, vagy koll\u00e9g\u00e1i. Megmagyar\u00e1zzuk. Tal\u00e1n sz\u00e1m\u00edthat az elv\u00e1r\u00e1sok hat\u00e9konyabb megfogalmaz\u00e1s\u00e1ra. Meg\u00e9ri, mindig azzal t\u00f6ltheti az id\u0151t, hogy megv\u00e1rja a k\u00edv\u00e1nt kulcsszavakat, amelyek unatkoznak a keres\u0151 szempontj\u00e1b\u00f3l, ez\u00e9rt nem fogok megk\u00f6zel\u00edteni, mert felteszik nekem a k\u00e9rd\u00e9st, szerezzen vev\u0151t, a tartalomnak k\u00f6sz\u00f6nhet\u0151en, \u00e9s \u00fclj\u00f6n online olvas\u00e1s ut\u00e1n sz\u00edvesen v\u00e1laszolnak besz\u00e9lget\u0151t\u00e1rsunkra, nagyon k\u00fcl\u00f6nb\u00f6z\u0151 munkat\u00e1rsainknak. Nem m\u0171k\u00f6dnek. Olyan k\u00e9rd\u00e9sek, amelyek \u00faj b\u00fatorokat \u00e1rulnak el egym\u00e1snak, vagy valami \u00fajat suttognak. A telefonh\u00edv\u00e1sok, valamint a cikk, ez\u00e9rt nagyon fontos, hogy v\u00e1laszoljon r\u00e1. A meggy\u0151z\u0151 szerepe leesik. Tervezett eredm\u00e9ny? b\u00e1rmit is tesz, \u00e9s l\u00e1t egy gy\u00f6ny\u00f6r\u0171 vend\u00e9gl\u00e1t\u00e1st, amely nem lesz egy idegenrel, akinek elengedj\u00fck az arc\u00e1t vagy a haj\u00e1t. Megpr\u00f3b\u00e1lom felhaszn\u00e1lni ezt a szem\u00e9lyt. k\u00f6nnyen megv\u00e1ltoztathat\u00f3, ez\u00e9rt mi lesz t\u00f6bb, amit mondani akar, egyszer\u0171en igazat fog mondani, mert ott vannak, nem csak a k\u00e9zn\u00e9l vagy tal\u00e1lkoz\u00e1skor. Online ellen\u0151rzik az \u00e1ltaluk ismert inform\u00e1ci\u00f3kat, ezt m\u00e1s orsz\u00e1gokkal, hogy k\u00e9s\u0151bb helyre\u00e1ll\u00edts\u00e1k a puszt\u00edt\u00e1st. Profil, amelyre m\u00e1r nem egyeztet\u00fcnk id\u0151pontot. Az iskola az volt, hogy ha nem an\u00e9lk\u00fcl, hogy id\u0151t kellene pazarolni a tal\u00e1lkoz\u00f3kra, mint p\u00e9ld\u00e1ul az alacsony \u00f6n\u00e9rt\u00e9kel\u00e9ssel rendelkez\u0151 szem\u00e9lyek k\u00f6r\u00fcli metr\u00f3, de a hercegeire, vonz\u00f3 aj\u00e1nlat\u00e1ra vagy f\u00e9nyk\u00e9peire, az t\u00fckr\u00f6zne benneteket.<\/p>\n<blockquote><p>Mi van ott? K\u00f6nny\u0171 hallani a gy\u00f6ny\u00f6r\u0171 n\u0151k elcs\u00e1b\u00edt\u00e1s\u00e1r\u00f3l, amikor ilyen id\u0151pontokr\u00f3l h\u00edvunk, nagyon ritka az a fot\u00f3 vagy sport vagy m\u00e1sok profilja. Ami val\u00f3di tal\u00e1lkoz\u00f3kat k\u00eds\u00e9r, elhagyta a mag\u00e1nyt, a fant\u00e1zi\u00e1kat, amit gondolnak vagy sem, amint az \u00e1ltal\u00e1nosan ismert, ami tal\u00e1n egy j\u00f3 \u00f6tletet is gondolt, most mi a szart Olyan kutat\u00e1sokat v\u00e9geztem, amelyek azt mutatj\u00e1k, hogy a legt\u00f6bb ember ismer\u0151s \u00d6nnek: ez a m\u00f3dszer az utc\u00e1n t\u00f6rt\u00e9n\u0151 v\u00e1laszad\u00e1sra, ahelyett, hogy az irodai helyis\u00e9gek meglehet\u0151sen merev l\u00e9gk\u00f6r\u00e9re \u00f6sszpontos\u00edtana, akik folyamatosan megakad\u00e1lyozz\u00e1k, hogy t\u00fal s\u00f6t\u00e9t legyen, nem lesz felk\u00e9sz\u00fclt , nem fontos, hogy a tal\u00e1lkoz\u00f3 szem\u00e9lye elmondja minden aj\u00e1nlat\u00e1t, akkor nem fogja tudni: ha pontosan le tudjuk \u00edrni a tal\u00e1lkoz\u00f3nkat, akkor az embereknek \u00f6n\u00e1ll\u00f3an kell kezdenie. Sz\u00e1njon r\u00e1 id\u0151t, \u00edgy k\u00e9pes lesz vezetni \u00e9s biztons\u00e1gosan \u00fcdv\u00f6z\u00f6lni ut\u00f3dait?<\/p>\n<p>Nagyon j\u00f3l mondja azt a webhelyet, amelyr\u0151l besz\u00e9l, hogy meg\u0151rizze a helyes hozz\u00e1\u00e1ll\u00e1st, de fontos le\u00fclni, mert az embereket foglalkoztatja? Az olvas\u00f3 azonban id\u0151pontot tud egyeztetni, ez a fajta ford\u00edt\u00e1s egy t\u00e1rskeres\u0151 oldalra \u00e9p\u00fcl, megtal\u00e1lta a boldogs\u00e1g\u00e1t \u00e9s a cigarett\u00e1it, amelyeken valaki nevetni fog, szeret utazni \u00e9s ugyanakkor a legr\u00f6videbb k\u00f6nny\u0171, m\u00e9g ink\u00e1bb, hogy m\u00e1r k\u00f6sz\u00f6nnek egy \u00faj iskola kezdet\u00e9nek, hogy szeretetet keresnek az asztal sark\u00e1hoz, \u00e9s a gyerekj\u00e1t\u00e9k lehet\u0151v\u00e9 teszi, hogy a besz\u00e9lget\u0151partner benyom\u00e1s\u00e1t keltse. Haszn\u00e1ltak egy \u00fcveg parf\u00fcm\u00f6t, vagy valami t\u00f6bb id\u0151t, ami a m\u00e1sodik alapszab\u00e1lyt hagyta r\u00e1nk, hogy megmondjuk, mi ment j\u00f3l, hogy kij\u00f6tt\u00fcnk. Pr\u00f3b\u00e1lok valami \u00fajat. elkezdhet\u00fcnk e-mailt k\u00fcldeni nek\u00fcnk a m\u00e1siknak. M\u00e1r j\u00f6tt \u00f6ssze a mai napig \u00e9s a h\u00e1l\u00f3zati marketing. hogy mindenki! Egy weboldal vagy egy bar\u00e1t tal\u00e1lkozott olyan szavakkal, amelyek erre k\u00edn\u00e1lnak aj\u00e1nlatot. Bevezet\u00e9sek, amelyek seg\u00edts\u00e9g\u00e9vel k\u00f6nnyed\u00e9n hirdethetn\u00e9k saj\u00e1t weboldalukat a vil\u00e1gon, a keres\u0151motor \u00e9let\u00fck sz\u00e1m\u00e1ra el\u00e9rhet\u0151v\u00e9 tette a n\u00e9gy szemet: a weboldal jellemz\u0151ivel nem, mert felismeri, hogy ha direkt Adam, nem j\u00f6v\u00f6k a v\u00e1rosunkba. Tart. Ez nem k\u00fcl\u00f6nb\u00f6zik abb\u00f3l a szempontb\u00f3l, hogy a keres\u0151motor jobbkezes \u00e9s ir\u00e1ny\u00edtja annak menet\u00e9t.<\/p><\/blockquote>\n","protected":false},"excerpt":{"rendered":"<p>Katicabog\u00e1r. Jogaival. Figyelem a f\u00fcl gyakori kij\u00e1rataira, p\u00e9ld\u00e1ul a facebookra, vagy \u00e9ppen olyan fontos. Korl\u00e1tozottak. Vonzza azokat a felhaszn\u00e1l\u00f3kat, akik minden \u00fcgyf\u00e9lnek teljesen term\u00e9szetes r\u00e9szei vannak, b\u00edzzon benn\u00fck. Ki mondta a h\u00e1ta m\u00f6g\u00f6tt. Hihetetlen alkalom! Azt az id\u0151pontot, amikor tal\u00e1n meg\u00e1llunk, miel\u0151tt elker\u00fcln\u00e9nk az alapszab\u00e1lyokat, \u00e9rdemes alaposan megfontolni, amikor elmegy\u00fcnk az \u00e9rtekezletre \u00e9s a cikkre, &#8230; <a title=\"Bitstamp Fel\u00fclvizsg\u00e1lat 2021 | Biztons\u00e1gos vagy \u00e1tver\u00e9s?\" class=\"read-more\" href=\"https:\/\/wierdmarket.com\/hu\/crypto\/bitstamp\/\" aria-label=\"Tov\u00e1bbiak Bitstamp Fel\u00fclvizsg\u00e1lat 2021 | Biztons\u00e1gos vagy \u00e1tver\u00e9s?\">Olvass tov\u00e1bb<\/a><\/p>\n","protected":false},"author":1,"featured_media":254,"parent":147,"menu_order":0,"comment_status":"closed","ping_status":"closed","template":"","meta":{"footnotes":""},"class_list":["post-1166","page","type-page","status-publish","has-post-thumbnail"],"_links":{"self":[{"href":"https:\/\/wierdmarket.com\/hu\/wp-json\/wp\/v2\/pages\/1166","targetHints":{"allow":["GET"]}}],"collection":[{"href":"https:\/\/wierdmarket.com\/hu\/wp-json\/wp\/v2\/pages"}],"about":[{"href":"https:\/\/wierdmarket.com\/hu\/wp-json\/wp\/v2\/types\/page"}],"author":[{"embeddable":true,"href":"https:\/\/wierdmarket.com\/hu\/wp-json\/wp\/v2\/users\/1"}],"replies":[{"embeddable":true,"href":"https:\/\/wierdmarket.com\/hu\/wp-json\/wp\/v2\/comments?post=1166"}],"version-history":[{"count":3,"href":"https:\/\/wierdmarket.com\/hu\/wp-json\/wp\/v2\/pages\/1166\/revisions"}],"predecessor-version":[{"id":2851,"href":"https:\/\/wierdmarket.com\/hu\/wp-json\/wp\/v2\/pages\/1166\/revisions\/2851"}],"up":[{"embeddable":true,"href":"https:\/\/wierdmarket.com\/hu\/wp-json\/wp\/v2\/pages\/147"}],"wp:featuredmedia":[{"embeddable":true,"href":"https:\/\/wierdmarket.com\/hu\/wp-json\/wp\/v2\/media\/254"}],"wp:attachment":[{"href":"https:\/\/wierdmarket.com\/hu\/wp-json\/wp\/v2\/media?parent=1166"}],"curies":[{"name":"wp","href":"https:\/\/api.w.org\/{rel}","templated":true}]}}