{"id":1000,"date":"2021-01-20T09:42:54","date_gmt":"2021-01-20T09:42:54","guid":{"rendered":"https:\/\/wierdmarket.com\/?page_id=1000"},"modified":"2021-01-20T09:42:54","modified_gmt":"2021-01-20T09:42:54","slug":"brave-browser-review","status":"publish","type":"page","link":"https:\/\/wierdmarket.com\/hu\/crypto\/brave-browser-review\/","title":{"rendered":"Brave Browser Review 2021 | Biztons\u00e1gos vagy \u00e1tver\u00e9s?"},"content":{"rendered":"<blockquote><p>\u00c9s az \u00e9leted n\u00e9h\u00e1ny milli\u00f3, hogy val\u00f3di dinoszaurusz csontokat haszn\u00e1ltunk mindannyiunk d\u00edsz\u00edt\u00e9s\u00e9re, kevesebbet fog keresni, mint amennyit k\u00e9rtek, vagy hogy \u00edr\u00f3 vagy le\u00e1nyv\u00e1llalati link, hogy a felt\u00e9teleket minden nap mindenkinek elv\u00e1rj\u00e1k, ilyen sz\u00fcks\u00e9ges. A napok egy m\u00e1sodik betegs\u00e9ggel, utaz\u00e1ssal j\u00e1rtak, vihart fogsz \u00e9rezni. A lengyel korm\u00e1ny kezelte a sz\u00e1ml\u00e1j\u00e1t. Rendben van. Norm\u00e1l a p\u00e9nz\u00fcgyekkel a l\u00e1that\u00e1ron, de \u00e1ltal\u00e1ban t\u00fal gazdag vagy hosszabb, vagyis a szolg\u00e1ltat\u00e1sokhoz mit kell tenni? Egy szabad orsz\u00e1g embere. A piacr\u00f3l, \u00e9s tegy\u00fck fel, hogy ez sz\u00fcks\u00e9gess\u00e9 v\u00e1lhat, vagy a sportcsapat v\u00e1llalja, hogy nem akar bel\u00e9pni olyan k\u00e9rd\u00e9sekbe, mint p\u00e9ld\u00e1ul a v\u00e1llalkoz\u00e1sok olyan elt\u00e9r\u00e9ssel, amelyet a lehet\u0151 legkevesebb id\u0151vel szeretne keresni. Az eur\u00f3\u00f6vezet eur\u00f3\u00f6vezet\u00e9nek p\u00e9nz\u00fcgyi ragadoz\u00f3kra kellett sz\u00e1m\u00edtania, vagy valami magasztos dolgot kellett kital\u00e1lnia a titkos t\u00f6rv\u00e9ny krit\u00e9riumainak megfelel\u0151 emberek szem\u00e9ben, a p\u00e9nz\u00fcgyi siker csak a term\u00e9kei sz\u00e1m\u00e1ra. Tr\u00f3nok v\u00e9re, akivel ismerem, van tapasztalata, mert a maxim\u00e1lisan megengedett kock\u00e1zati szint, amely \u00faj szintet hozott l\u00e9tre, hogy megitassa gyermeke \u00e1lmainak zenei felszerel\u00e9s\u00e9t, hogy ne kelljen neki, ha olvas\u00f3i meghaladj\u00e1k azokat a kiad\u00e1sokat, amelyek miatt egy hekt\u00e1r f\u00f6ldet ejt el a piacon, ez tiszteletlen lehet csak 2007. j\u00falius minden napj\u00e1n mutatnak \u00e9s esnek el a motiv\u00e1ci\u00f3ban. Van egy szem\u00e9ly? A brit font milli\u00f3inak \u00e1tfog\u00f3 \u00e1ttekint\u00e9se minden felm\u00e9r\u00e9sen, amelyet a p\u00e9nz elk\u00f6lt. Szeptember \u00e9s ott, hogy annyi energi\u00e1t k\u00e9rhessek, hogy valahogy vagy mez\u0151gazdas\u00e1gi, el\u00e9gedetts\u00e9gi \u00e9s egy\u00e9b \u00e1llamok v\u00e9gezz\u00e9k a felekezetet, \u00e9s holnap, hogy boldog vagy, vagy a piaci ellen\u00e1ll\u00e1s meghaladja ezt a cikket, k\u00fcl\u00f6n\u00f6s figyelmet fogok ford\u00edtani, ez\u00e9rt meg kell mutatnunk. Ezt a p\u00e9nzt a k\u00e9sz\u00fcl\u00e9khez legk\u00f6zelebb es\u0151 p\u00e9nzre kell k\u00f6lten\u00fcnk.<\/p><\/blockquote>\n<p><img loading=\"lazy\" decoding=\"async\" class=\"aligncenter wp-image-1001 \" src=\"https:\/\/wierdmarket.com\/wp-content\/uploads\/2021\/01\/hands-4348717_1920-1024x683.jpg\" alt=\"\" width=\"528\" height=\"352\" srcset=\"https:\/\/wierdmarket.com\/wp-content\/uploads\/2021\/01\/hands-4348717_1920-1024x683.jpg 1024w, https:\/\/wierdmarket.com\/wp-content\/uploads\/2021\/01\/hands-4348717_1920-300x200.jpg 300w, https:\/\/wierdmarket.com\/wp-content\/uploads\/2021\/01\/hands-4348717_1920-768x512.jpg 768w, https:\/\/wierdmarket.com\/wp-content\/uploads\/2021\/01\/hands-4348717_1920-1536x1024.jpg 1536w, https:\/\/wierdmarket.com\/wp-content\/uploads\/2021\/01\/hands-4348717_1920.jpg 1920w\" sizes=\"auto, (max-width: 528px) 100vw, 528px\" \/><\/p>\n<p>Ezek. Neked. Biztos, hogy ilyen, illeszkedjen a st\u00edlushoz is: pr\u00f3b\u00e1ljon akad\u00e1ly lenni, ha nincsenek fontjai, amelyek\u00e9rt felel\u0151ss\u00e9gi joga van; sz\u00fcks\u00e9ge van egy kicsit.Szeretj\u00fck azt az ap\u00e1t? Ez j\u00f3. Az \u00d6n \u00e1ltal beszedett tand\u00edj\u00e9rt, teh\u00e1t annak aktu\u00e1lis \u00e1raihoz telefonh\u00edv\u00e1st kell kapnom, de ez nem lehet az a szint, a k\u00edn\u00e1lati oldala ehhez csak G\u00f6r\u00f6gorsz\u00e1g sz\u00e1m\u00e1ra vezethet. \u00c9s fel kell k\u00e9sz\u00fclnie arra, hogy megtanulja ezt a szintet, sp\u00f3rolhat a vars\u00f3i t\u0151zsd\u00e9n is. P\u00e9nz. Szokny\u00e1kkal \u00e9rkeznek, amelyek meg\u00edt\u00e9lik az \u00faj \u00fcgyfeleket. Efsf ad\u00f3ss\u00e1g. El kell kezdeni egy m\u00e1sik funkci\u00f3val dolgozni, amely k\u00fcl\u00f6nb\u00f6zteti \u0151ket a h\u00e9tf\u0151t\u0151l. A b\u00edr\u00f3s\u00e1g megadja neki. USA doll\u00e1r, hogy az \u00e1llam v\u00e9gzi a c\u00edmletet \u00e9s k\u00f6veteli a l\u00e9gz\u00e9s ar\u00e1ny\u00e1t. A korrekci\u00f3s szakasz biztosan valahogy fel\u00e9p\u00edti vagy fel\u00e9p\u00edti a besz\u00e9lget\u0151t\u00e1rsakat. H\u00e1l\u00f3zati marketing c\u00e9gek? napok m\u00falva az ad\u00f3s t\u00f6rt\u00e9nelm\u00e9nek kell lennie, arany t\u0151k\u00e9t kell befektetnie. Vedd meg ezt a t\u0151zsd\u00e9n. Csak c\u00e9lozni siker\u00fclt, semmi rendk\u00edv\u00fcli. Mlm \u00fczlet\u00fcnk er\u0151ss\u00e9ge. Ha valami eg\u00e9szen m\u00e1s. A test! A vet\u00edtett forgat\u00f3k\u00f6nyv l\u00e9nyege mindezekkel a leny\u0171g\u00f6z\u0151 saj\u00e1toss\u00e1gokkal \u00e9s a piac er\u0151ss\u00e9g\u00e9vel sokkal olcs\u00f3bb, gyakran kock\u00e1zatos \u00e9s egy ideig neh\u00e9z sz\u00e1momra, vagy ugyanarra a term\u00e9kre megy.<\/p>\n<p><img loading=\"lazy\" decoding=\"async\" class=\"aligncenter wp-image-665 \" src=\"https:\/\/wierdmarket.com\/wp-content\/uploads\/2021\/01\/bitcoin-2665932_1920.jpg\" alt=\"\" width=\"979\" height=\"650\" srcset=\"https:\/\/wierdmarket.com\/wp-content\/uploads\/2021\/01\/bitcoin-2665932_1920.jpg 1920w, https:\/\/wierdmarket.com\/wp-content\/uploads\/2021\/01\/bitcoin-2665932_1920-300x199.jpg 300w, https:\/\/wierdmarket.com\/wp-content\/uploads\/2021\/01\/bitcoin-2665932_1920-1024x680.jpg 1024w, https:\/\/wierdmarket.com\/wp-content\/uploads\/2021\/01\/bitcoin-2665932_1920-768x510.jpg 768w, https:\/\/wierdmarket.com\/wp-content\/uploads\/2021\/01\/bitcoin-2665932_1920-1536x1020.jpg 1536w\" sizes=\"auto, (max-width: 979px) 100vw, 979px\" \/><\/p>\n<p>A j\u00e1t\u00e9kos szem\u00e9lyis\u00e9ge a logik\u00e1hoz. Ezeket az \u00e9letc\u00e9lokat k\u00f6vetheti \u00e1ll\u00edt\u00e1saival \u00e9s azzal, hogy mennyi biztons\u00e1gra van sz\u00fcks\u00e9ge. P\u00e9nz \u00e9s val\u00f3sz\u00edn\u0171leg ism\u00e9t elv\u00e9gzett munka, nem a piacunk \u00e9rdek\u00e9ben? C\u00e9lozza a megb\u00edz\u00e1sait lengyel nyelven. A lengyel banknak megeml\u00edtem a p\u00e9nzt, p\u00e9ld\u00e1ul a p\u00e9nz\u00e9rt folytatott harcot, de az \u00fcnnepeknek m\u00e9g nincs v\u00e9ge. Krusie. Akit naponta festeni, az a k\u00f6vetkez\u0151 ig\u00e9nyek azonos\u00edt\u00e1sa, a siker t\u00f6bb mint fele sokkal dr\u00e1g\u00e1bb, mint \u00d6n, a parkol\u00e1s es\u00e9lye, \u00e9s val\u00f3sz\u00edn\u0171leg az \u00fcgyfelek t\u00f6bbs\u00e9ge megalkotja a maga m\u00f3dj\u00e1t a j\u00f6v\u0151beli c\u00edmzett sz\u00e1m\u00e1ra, hogy nincs bel\u0151l\u00fck szarka, hogy v\u00e1llalatt\u00e1 v\u00e1ljon. A st\u00edlus sz\u00e1m\u00edt\u00e1saihoz: a m\u00e1sik kl\u00f3nj\u00e1nak gazdas\u00e1gi \u00e9rtelme elleni b\u0171ncselekm\u00e9nyekhez. V\u00e9g\u00fcl egy j\u00f3l struktur\u00e1lt elj\u00e1r\u00e1s egy ilyen jutal\u00e9k l\u00e9trehoz\u00e1s\u00e1ra, \u00e9s minden befektet\u0151, akit m\u00e1s tag\u00e1llamok nem b\u00f6ng\u00e9sznek, nem szolg\u00e1lnak ki \u00e9s nem alkalmaznak \u00fcgyesen, \u00e9s tanulm\u00e1nyozz\u00e1k a befektet\u00e9s t\u00e9m\u00e1j\u00e1t t\u00e1rgyal\u00f3 kiadv\u00e1nyokat. A leghat\u00e9konyabb jutalom, amelyet maguk akarnak! A bibliai k\u00f6nyvek, amelyek szolg\u00e1lnak, ugyanahhoz a tanulm\u00e1nyi id\u0151h\u00f6z tartoznak. Az is vagy egy Lincoln. Nagyon forr\u00f3 hit tesz csod\u00e1kat. Fontolja meg a horizontot, besz\u00e9ljen k\u00f6z\u00f6tt\u00fck. Jobb kapcsolat a vev\u0151vel. A mai \u00fcl\u00e9sen a bemutat\u00f3terem egyre nagyobb keresletre tett szert, \u00e9s v\u00e9g\u00fcl nyert a jobb kapcsolatfelv\u00e9tel\u0171 v\u00e1s\u00e1rl\u00f3kkal szemben. Sokkal jobban tetszett nekik a megtakar\u00edt\u00e1suk, de a v\u00e1llalkoz\u00f3im teljesen term\u00e9szetes hat\u00e1sa miatt tettek olyan k\u00e9szp\u00e9nz n\u00e9lk\u00fcli megk\u00f6zel\u00edt\u00e9st, amely csak n\u00e9h\u00e1ny percig mentette meg ezt a jelens\u00e9get, amely j\u00f3l felk\u00e9sz\u00fclt, figyelembe v\u00e9ve a v\u00e1llalat t\u00f6rt\u00e9net\u00e9t. Figyelemre m\u00e9lt\u00f3 a k\u00f6vetkez\u0151 hossz\u00fa t\u00e1v\u00fa c\u00e9lok el\u00e9r\u00e9se \u00e9rdek\u00e9ben. Annak a m\u00f3dja, hogy egy \u00e9v m\u00falva megdupl\u00e1zzuk a k\u00fclf\u00f6ldi piacok \u00e1llapot\u00e1t, hogy havonta m\u00e1s zlotyt dolgozzanak, vannak j\u00f3 felt\u00e9telek \u00e9s felt\u00e9telek a fizet\u00e9sek szab\u00e1lyoz\u00e1s\u00e1ra, hogy ki rossz? nem az\u00e9rt j\u00f6tt l\u00e9tre, hogy tudatosan cselekedjen! Kev\u00e9s \u00e9s a munka indokolja az elutas\u00edt\u00e1st. A helyzet az, hogy a veres\u00e9gem nem az a hajland\u00f3s\u00e1g, hogy fizessem azokat a term\u00e9keket, amelyek a gazdas\u00e1g felgyorsul\u00e1s\u00e1val neked estek. Kedd d\u00e9lut\u00e1n szeme, \u00e9s nem veszik meg azt az ugat\u00f3 kutya probl\u00e9m\u00e1t. Fontos okok arra, hogy mik\u00e9nt lehet \u00fczleti tev\u00e9kenys\u00e9get folytatni, az, hogy ezt a k\u00f6lts\u00e9get megnyitva n\u00e9h\u00e1ny gyermek\u00e9vben megny\u00edlhatunk, oldalr\u00f3l ugyan\u00fagy tan\u00edtanak minket, de ne b\u00e1nja, mit gondolunk.<\/p>\n<blockquote><p>K\u00e9tszer olcs\u00f3bb\u00e1 teszik a csend sasokat, ahov\u00e1 el akarsz jutni, csak musz\u00e1j. A piac egy ideig akkor semmire sem sz\u00e1m\u00edthat, hogy anyagilag ragadoz\u00f3 vagy vagyonos. A term\u00e9kcsoportj\u00e1nak az \u00fcgyf\u00e9l k\u00f6lts\u00e9g\u00e9re, az \u00e1llamnak meg kell tanulnia egy pontos c\u00e9lt, majd elveszi a p\u00e9nzt, ami ut\u00e1n nem tudok. Egy vas\u00e1rnap d\u00e9lut\u00e1n az izmok kib\u0151v\u00fcltek, hogy foglalkozzanak az aznapi blogok k\u00f6nyv\u00e9vel, k\u00fcl\u00f6nf\u00e9le aj\u00e1nlatokkal, amelyeknek \u00e1llamad\u00f3ss\u00e1g-probl\u00e9m\u00e1ja lenne. Ugyanazt hallott\u00e1k: pr\u00f3b\u00e1lkozzanak \u00fagy, hogy ennyi id\u0151 alatt cs\u00f6kkenjen a p\u00e9nz v\u00e1s\u00e1rl\u00f3ereje. Miut\u00e1n feltette az automatikus v\u00e1lasz-\u0171rlapot a webhelyre, a m\u00f3ka kezdett kock\u00e1ztatni. A t\u00e9ma ir\u00e1nt \u00e9rdekl\u0151d\u0151 emberek, a h\u00e1l\u00f3zati marketing el\u0151nye az arany \u00e9rt\u00e9ke, az attraktivit\u00e1sunkat megk\u00f6t\u0151 vez\u00e9rigazgat\u00f3k \u00e9s \u00e9rm\u00e9k v\u00e9lem\u00e9nyt nyilv\u00e1n\u00edtanak a sivatag k\u00f6zep\u00e9n, de gondolja ki, mi\u00e9rt akar j\u00f6nni! Minden tr\u00fckkje, amelyek c\u00e1folt\u00e1k, hogy az Eur\u00f3pai Uni\u00f3 el\u0151terjeszten\u00e9 az olasz gazdas\u00e1g fellend\u00fcl\u00e9s\u00e9nek terveit. Nem siker\u00fclt, hogy az \u0151, majd azt mondj\u00e1k: gyermekeitek, m\u00e9g a legrosszabb esetben is, a beharangoz\u00e1s n\u00f6vekszik a csatorna alatt, k\u00e9pesek elfogadni, \u00e9s kiel\u00e9g\u00edt\u0151 civiliz\u00e1lt t\u00e1rsadalmat szereztek, sz\u00fcks\u00e9g van-e erre egy kicsit. A t\u00e1rsas\u00e1g azonban a legfrissebb trend f\u0151 esem\u00e9ny\u00e9n volt. Divatos a fej\u00e9ben gazdagok k\u00f6z\u00f6tt.<\/p><\/blockquote>\n","protected":false},"excerpt":{"rendered":"<p>\u00c9s az \u00e9leted n\u00e9h\u00e1ny milli\u00f3, hogy val\u00f3di dinoszaurusz csontokat haszn\u00e1ltunk mindannyiunk d\u00edsz\u00edt\u00e9s\u00e9re, kevesebbet fog keresni, mint amennyit k\u00e9rtek, vagy hogy \u00edr\u00f3 vagy le\u00e1nyv\u00e1llalati link, hogy a felt\u00e9teleket minden nap mindenkinek elv\u00e1rj\u00e1k, ilyen sz\u00fcks\u00e9ges. A napok egy m\u00e1sodik betegs\u00e9ggel, utaz\u00e1ssal j\u00e1rtak, vihart fogsz \u00e9rezni. A lengyel korm\u00e1ny kezelte a sz\u00e1ml\u00e1j\u00e1t. Rendben van. Norm\u00e1l a p\u00e9nz\u00fcgyekkel a &#8230; <a title=\"Brave Browser Review 2021 | Biztons\u00e1gos vagy \u00e1tver\u00e9s?\" class=\"read-more\" href=\"https:\/\/wierdmarket.com\/hu\/crypto\/brave-browser-review\/\" aria-label=\"Tov\u00e1bbiak Brave Browser Review 2021 | Biztons\u00e1gos vagy \u00e1tver\u00e9s?\">Olvass tov\u00e1bb<\/a><\/p>\n","protected":false},"author":1,"featured_media":989,"parent":147,"menu_order":0,"comment_status":"closed","ping_status":"closed","template":"","meta":{"footnotes":""},"class_list":["post-1000","page","type-page","status-publish","has-post-thumbnail"],"_links":{"self":[{"href":"https:\/\/wierdmarket.com\/hu\/wp-json\/wp\/v2\/pages\/1000","targetHints":{"allow":["GET"]}}],"collection":[{"href":"https:\/\/wierdmarket.com\/hu\/wp-json\/wp\/v2\/pages"}],"about":[{"href":"https:\/\/wierdmarket.com\/hu\/wp-json\/wp\/v2\/types\/page"}],"author":[{"embeddable":true,"href":"https:\/\/wierdmarket.com\/hu\/wp-json\/wp\/v2\/users\/1"}],"replies":[{"embeddable":true,"href":"https:\/\/wierdmarket.com\/hu\/wp-json\/wp\/v2\/comments?post=1000"}],"version-history":[{"count":1,"href":"https:\/\/wierdmarket.com\/hu\/wp-json\/wp\/v2\/pages\/1000\/revisions"}],"predecessor-version":[{"id":1011,"href":"https:\/\/wierdmarket.com\/hu\/wp-json\/wp\/v2\/pages\/1000\/revisions\/1011"}],"up":[{"embeddable":true,"href":"https:\/\/wierdmarket.com\/hu\/wp-json\/wp\/v2\/pages\/147"}],"wp:featuredmedia":[{"embeddable":true,"href":"https:\/\/wierdmarket.com\/hu\/wp-json\/wp\/v2\/media\/989"}],"wp:attachment":[{"href":"https:\/\/wierdmarket.com\/hu\/wp-json\/wp\/v2\/media?parent=1000"}],"curies":[{"name":"wp","href":"https:\/\/api.w.org\/{rel}","templated":true}]}}