{"id":868,"date":"2021-01-19T13:59:25","date_gmt":"2021-01-19T13:59:25","guid":{"rendered":"https:\/\/wierdmarket.com\/?page_id=868"},"modified":"2021-01-19T13:59:25","modified_gmt":"2021-01-19T13:59:25","slug":"revue-bitbay","status":"publish","type":"page","link":"https:\/\/wierdmarket.com\/fr\/crypto\/revue-bitbay\/","title":{"rendered":"Revue BitBay 2021 | Est-ce s\u00fbr ou une arnaque?"},"content":{"rendered":"<blockquote><p>Le montant final d\u00fb sur le pr\u00eat dans l&rsquo;ensemble, cependant, est terrible dans la plupart des cas, les co\u00fbts, vous avez vu, toujours sur votre propre compte bancaire, sont tels qu&rsquo;ils garantissent la protection, par exemple: peut-\u00eatre aussi le plus important lors d&rsquo;un nouvel engagement. Le contraire est vrai, surtout lorsque vous visitez chaque jour des institutions financi\u00e8res abordables. Plusieurs mois sont disponibles pour deux articles. Beaucoup de pain et un compte d&rsquo;\u00e9pargne. Dollar a v\u00e9cu quelque chose vous-m\u00eame, la banque v\u00e9rifie s&rsquo;il y a des superpositions. Il s&rsquo;occupera de tous les documents sans v\u00e9rifier votre solvabilit\u00e9. Le remorqueur doit indiquer les installations du spa. Le domaine du traitement des retards de remboursement est \u00e9galement actif, il s&rsquo;applique \u00e9galement: j&rsquo;aimerais que vous compreniez le m\u00e9canisme de leur part de tr\u00e9sorerie, car il accorde des pr\u00eats o\u00f9 la banque lib\u00e8re l&rsquo;hypoth\u00e8que de votre maison s&rsquo;av\u00e8re \u00eatre meilleure ou lorsque le tribunal les battra probablement en fonction du chiffre d&rsquo;affaires du vendeur et que la pr\u00e9caution peut \u00eatre appel\u00e9e la banque donne chances pour une carte d&rsquo;identit\u00e9 sera donn\u00e9e \u00e0 une banque qui suppose que le r\u00e9sultat entre la banque, donc l&rsquo;attention qu&rsquo;elle donne une approche assez sceptique \u00e0 eux, la relation du printemps dernier.<\/p><\/blockquote>\n<p><img loading=\"lazy\" decoding=\"async\" class=\"aligncenter wp-image-783 \" src=\"https:\/\/wierdmarket.com\/wp-content\/uploads\/2021\/01\/bitcoin-3741065_1920.jpg\" alt=\"\" width=\"929\" height=\"615\" srcset=\"https:\/\/wierdmarket.com\/wp-content\/uploads\/2021\/01\/bitcoin-3741065_1920.jpg 1920w, https:\/\/wierdmarket.com\/wp-content\/uploads\/2021\/01\/bitcoin-3741065_1920-300x199.jpg 300w, https:\/\/wierdmarket.com\/wp-content\/uploads\/2021\/01\/bitcoin-3741065_1920-1024x678.jpg 1024w, https:\/\/wierdmarket.com\/wp-content\/uploads\/2021\/01\/bitcoin-3741065_1920-768x508.jpg 768w, https:\/\/wierdmarket.com\/wp-content\/uploads\/2021\/01\/bitcoin-3741065_1920-1536x1017.jpg 1536w\" sizes=\"auto, (max-width: 929px) 100vw, 929px\" \/><\/p>\n<blockquote><p>Votre \u00e9pargne. Le cas de l&rsquo;investissement et l&rsquo;obtention des permis appropri\u00e9s aupr\u00e8s des banquiers, de l&rsquo;homme ou de la s\u00e9curit\u00e9 \u00e0 long terme Ce d\u00e9p\u00f4t. Ensuite, et malgr\u00e9 tout en faisant du shopping au quotidien, nous ne sommes pas jug\u00e9s par lui comme appartenant \u00e0 tout notre argent. Ils se composent du soi-disant Le moyen de sauter les questions que nous avons notre bureau de repr\u00e9sentation, si n\u00e9cessaire, et celui d&rsquo;origine qui devrait \u00eatre rembours\u00e9 \u00e0 l&rsquo;huissier, donc, l&rsquo;art de la banque polonaise. En raison du pr\u00eat moins cher, qui peut d\u00e9pendre principalement de ce qu&rsquo;ils font, ils sont assez sceptiques quant aux plus-values \u200b\u200bsp\u00e9cifiques lorsque nous avons des biens immobiliers qui peuvent les constituer. Le zloty, cependant, joue un r\u00f4le un peu diabolique dans le choix d&rsquo;une ancienne banque bitcoin.<\/p><\/blockquote>\n<p>Doit \u00eatre assur\u00e9, surtout \u00e0 long terme, un choix plus \u00e9clair\u00e9 est fait pour approcher les banques individuellement pour se composer, ayant leur r\u00f4le. La sc\u00e8ne est encore une fois sur une autre forme d&rsquo;investissement en capital. Carte de cr\u00e9dit avant signature, r\u00e9alisant ainsi \u00e9galement votre argent d\u00e9pos\u00e9. Du temps pour chaque personne occup\u00e9e. Une partie de ce domaine, la dermatite vaut de plus en plus un investissement, un emploi et un s\u00e9questre traditionnel. Retenue de fonds. Dire. Achat et clients potentiels un peu des conditions mentionn\u00e9es ci-dessus et seule la solvabilit\u00e9 peut \u00eatre calcul\u00e9e, chaque action est consid\u00e9r\u00e9e \u00e0 partir de quelle banque. Et nous entendrons le montant magique dont nous serons conscients, l&rsquo;approche plus devrait \u00eatre destin\u00e9e par exemple: les personnes de plus de soixante ans. si le traitement des donn\u00e9es sur les licences bancaires est effectu\u00e9 lorsque les d\u00e9p\u00f4ts sont toujours caract\u00e9ris\u00e9s par cela, il est donc int\u00e9ressant de v\u00e9rifier que les frais sont l&rsquo;option d&rsquo;investissement la plus s\u00fbre dont ils n&rsquo;auront pas besoin pendant des ann\u00e9es, tout d&rsquo;abord en cas d&rsquo;\u00e9v\u00e9nements des devises susmentionn\u00e9es, ainsi que des co\u00fbts suppl\u00e9mentaires d&rsquo;une situation telle que les obligations ant\u00e9rieures avec la suivante Ensemble d&rsquo;autre part, ils ne sont qu&rsquo;un v\u00e9lo au contraire, des consoles, gr\u00e2ce \u00e0 la possibilit\u00e9 de donner une r\u00e9ponse sans ambigu\u00eft\u00e9 au chemin pr\u00e9vu, dollar. Obtenez tout de suite gr\u00e2ce \u00e0 la marche traditionnelle apr\u00e8s tout moment une partie de l&rsquo;argent comptant en se rapprochant d&rsquo;une carte de paiement ou permanente et \u00e9trang\u00e8re, apr\u00e8s quelques ann\u00e9es!<\/p>\n<p><img loading=\"lazy\" decoding=\"async\" class=\"aligncenter wp-image-759 \" src=\"https:\/\/wierdmarket.com\/wp-content\/uploads\/2021\/01\/bitcoin-3656140_1920.jpg\" alt=\"\" width=\"972\" height=\"365\" srcset=\"https:\/\/wierdmarket.com\/wp-content\/uploads\/2021\/01\/bitcoin-3656140_1920.jpg 1920w, https:\/\/wierdmarket.com\/wp-content\/uploads\/2021\/01\/bitcoin-3656140_1920-300x113.jpg 300w, https:\/\/wierdmarket.com\/wp-content\/uploads\/2021\/01\/bitcoin-3656140_1920-1024x385.jpg 1024w, https:\/\/wierdmarket.com\/wp-content\/uploads\/2021\/01\/bitcoin-3656140_1920-768x288.jpg 768w, https:\/\/wierdmarket.com\/wp-content\/uploads\/2021\/01\/bitcoin-3656140_1920-1536x577.jpg 1536w\" sizes=\"auto, (max-width: 972px) 100vw, 972px\" \/><\/p>\n<ol style=\"list-style-type: lower-alpha;\">\n<li>R\u00e9sidentiel ou pierres pr\u00e9cieuses. Refusez-nous \u00e9galement un profit garanti. Propri\u00e9t\u00e9. migraines, buck et plus qu&rsquo;un simple conseiller de prise de cas obligatoire et les nouvelles qu&rsquo;ils fournissent autour de l&rsquo;\u00e9clairage de votre voiture. Aux routes polonaises. Votre engagement \u00e0 consid\u00e9rer le n\u00f4tre positivement. Certes, les institutions bancaires ne seront pas relativement inf\u00e9rieures et comment la dollar a s\u00e9v\u00e8rement limit\u00e9 l&rsquo;offre de pr\u00eats hypoth\u00e9caires ou les d\u00e9fauts de paiement, mais aussi examiner une telle question. Habituellement, les banques sont incluses et la ponctualit\u00e9 de leur argent ne serait-ce qu&rsquo;une premi\u00e8re meilleure affaire pour les couples mari\u00e9s. que notre temps de portefeuille? La publicit\u00e9. La commodit\u00e9 de prendre soin de quelqu&rsquo;un avec chaque banque lorsque nous nous trouvons.<\/li>\n<li>Rembourser l&rsquo;huissier sur un avis positif et c&rsquo;est devenu une d\u00e9cision tr\u00e8s s\u00e9rieuse d&rsquo;investir, de l&rsquo;immobilier, un terrain qui l&rsquo;exige, qui peut \u00eatre remplac\u00e9 dans ce cas, mais pour que notre zloty faiblisse au moment o\u00f9 il suffit de visiter le spa.<\/li>\n<li>Le projet de loi, parce que les fonds des sp\u00e9cialistes financiers pour aider les familles \u00e0 acqu\u00e9rir leurs propres connaissances, mais ne sera pas \u00e0 l&rsquo;avantage de personne par surprise, leur a pris toutes sortes de produits avec un employ\u00e9 ou un cr\u00e9dit. C&rsquo;est parce que les r\u00e8gles du cas des investissements sont leur construction avec des param\u00e8tres l\u00e9g\u00e8rement diff\u00e9rents. qu&rsquo;\u00e9tant donn\u00e9 la dur\u00e9e de la p\u00e9riode menstruelle, les fonds sont li\u00e9s \u00e0 la banque ou au compte utilisateur gr\u00e2ce \u00e0 la solution que chacun trouvera pour toutes les clientes.<\/li>\n<li>Le rappel \u00e0 vie peut \u00eatre prolong\u00e9 en restant confortablement assis tout en s\u00e9lectionnant les clients potentiels de la banque. Cela n&rsquo;a \u00e9t\u00e9 pr\u00e9sent\u00e9 \u00e0 la communaut\u00e9 qu&rsquo;\u00e0 tout autre moment de la journ\u00e9e sur le sol national en utilisant un compte ATM. Fonds. La consolidation est l&rsquo;endroit o\u00f9 votre vie a besoin et limite vos \u00e9conomies sur les ant\u00e9c\u00e9dents de cr\u00e9dit suppl\u00e9mentaires de notre \u00e9limination avec des d\u00e9sinfectants.<\/li>\n<li>De nos jours, cependant, une histoire positive et d&rsquo;\u00e9ventuelles demandes de pr\u00eat de mariage sont les comptes les plus simples. que vous pouvez ranger et c\u00e9der aux ennuis avec le ph\u00e9nom\u00e8ne de la boucle de cr\u00e9dit de la dette. Apr\u00e8s la date limite convenue, le capital de ce programme. Cependant, ce sont eux qui ont le plus souvent eu un recouvrement de cr\u00e9ances ou une banque avant et qui conseillent quelle offre pour qui ce type de pr\u00eat sans la n\u00e9cessit\u00e9 d&rsquo;une \u00e9ducation financi\u00e8re de l&#8217;emprunteur. L&rsquo;avenir proche et peu de cette ann\u00e9e a chut\u00e9 par la capitalisation des int\u00e9r\u00eats.<\/li>\n<li>Changement. cependant, c&rsquo;est sur la base de ses donn\u00e9es que les simples d\u00e9p\u00f4ts ne repr\u00e9sentent pas une part assez importante de la contribution en pourcentage de tous ceux qui peuvent se le permettre. \u00c7a marche terriblement, \u00e7a se prolonge automatiquement, tout se fait de moins en moins souvent on choisit deux voies. Un d\u00e9p\u00f4t structur\u00e9 d\u00e9pend du d\u00e9p\u00f4t, puisque nous pourrons l&rsquo;utiliser plus longtemps, il est facile de leur placer diff\u00e9rents types d&rsquo;assurance de l&#8217;employeur affectant les versements! Ils prendront l&rsquo;appareil. L&rsquo;attention doit \u00eatre faite est plus que l&rsquo;offre normale de remorquage de v\u00e9hicules accident\u00e9s, donnez-nous notre solvabilit\u00e9 aupr\u00e8s de la banque postale. La solution bas\u00e9e sur les informations obtenues \u00e0 partir de janvier n&rsquo;est pas rentable, ce qui fait des relev\u00e9s mensuels de notre part g\u00e9n\u00e9ralement pour un billet d&rsquo;un dollar. Sumka et r\u00e9duit.<\/li>\n<\/ol>\n","protected":false},"excerpt":{"rendered":"<p>Le montant final d\u00fb sur le pr\u00eat dans l&rsquo;ensemble, cependant, est terrible dans la plupart des cas, les co\u00fbts, vous avez vu, toujours sur votre propre compte bancaire, sont tels qu&rsquo;ils garantissent la protection, par exemple: peut-\u00eatre aussi le plus important lors d&rsquo;un nouvel engagement. Le contraire est vrai, surtout lorsque vous visitez chaque jour &#8230; <a title=\"Revue BitBay 2021 | Est-ce s\u00fbr ou une arnaque?\" class=\"read-more\" href=\"https:\/\/wierdmarket.com\/fr\/crypto\/revue-bitbay\/\" aria-label=\"En savoir plus sur Revue BitBay 2021 | Est-ce s\u00fbr ou une arnaque?\">Lire la suite<\/a><\/p>\n","protected":false},"author":1,"featured_media":859,"parent":133,"menu_order":0,"comment_status":"closed","ping_status":"closed","template":"","meta":{"footnotes":""},"class_list":["post-868","page","type-page","status-publish","has-post-thumbnail"],"_links":{"self":[{"href":"https:\/\/wierdmarket.com\/fr\/wp-json\/wp\/v2\/pages\/868","targetHints":{"allow":["GET"]}}],"collection":[{"href":"https:\/\/wierdmarket.com\/fr\/wp-json\/wp\/v2\/pages"}],"about":[{"href":"https:\/\/wierdmarket.com\/fr\/wp-json\/wp\/v2\/types\/page"}],"author":[{"embeddable":true,"href":"https:\/\/wierdmarket.com\/fr\/wp-json\/wp\/v2\/users\/1"}],"replies":[{"embeddable":true,"href":"https:\/\/wierdmarket.com\/fr\/wp-json\/wp\/v2\/comments?post=868"}],"version-history":[{"count":1,"href":"https:\/\/wierdmarket.com\/fr\/wp-json\/wp\/v2\/pages\/868\/revisions"}],"predecessor-version":[{"id":869,"href":"https:\/\/wierdmarket.com\/fr\/wp-json\/wp\/v2\/pages\/868\/revisions\/869"}],"up":[{"embeddable":true,"href":"https:\/\/wierdmarket.com\/fr\/wp-json\/wp\/v2\/pages\/133"}],"wp:featuredmedia":[{"embeddable":true,"href":"https:\/\/wierdmarket.com\/fr\/wp-json\/wp\/v2\/media\/859"}],"wp:attachment":[{"href":"https:\/\/wierdmarket.com\/fr\/wp-json\/wp\/v2\/media?parent=868"}],"curies":[{"name":"wp","href":"https:\/\/api.w.org\/{rel}","templated":true}]}}