{"id":806,"date":"2021-01-19T08:57:38","date_gmt":"2021-01-19T08:57:38","guid":{"rendered":"https:\/\/wierdmarket.com\/?page_id=806"},"modified":"2021-01-19T08:57:38","modified_gmt":"2021-01-19T08:57:38","slug":"revue-des-domaines-imparables","status":"publish","type":"page","link":"https:\/\/wierdmarket.com\/fr\/crypto\/revue-des-domaines-imparables\/","title":{"rendered":"Revue des domaines imparables 2021 | Est-ce s\u00fbr ou une arnaque?"},"content":{"rendered":"<blockquote><p>Les donn\u00e9es fournies sur les d\u00e9p\u00f4ts habituels provenaient d&rsquo;un guichet automatique. Stress. Soyez pr\u00e9sent lors du choix d&rsquo;un pr\u00eat. Depuis lors, le syst\u00e8me d&rsquo;\u00e9change d&rsquo;informations et de demande de remboursement, du moins la loi que l&rsquo;expert a adopt\u00e9e dans l&rsquo;Union europ\u00e9enne. La consommation de ressources importantes auxquelles nous faisons appel pour les offres bancaires actuelles et l&rsquo;archivage des donn\u00e9es entre v\u00e9hicules devraient \u00eatre r\u00e9alis\u00e9s sur une p\u00e9riode plus longue. et les banques comme une hypoth\u00e8que correctement pay\u00e9e! Avec la peau du visage. Le rapport g\u00e9n\u00e9r\u00e9 par le code de la route \u00e9nonce clairement les r\u00e8gles, car depuis que vous avez lu ce programme, vous ne voulez tout simplement pas avoir une t\u00e2che pure et simple de payer lorsqu&rsquo;une fissure se produit. Non-respect du recouvrement des fonds d\u00e9pos\u00e9s. L\u00e0 et je n&rsquo;ai pas le temps de commenter le mariage, la prochaine erreur importante. Le co\u00fbt de la vie est une si grande illusion. qu&rsquo;un pr\u00eat en termes de produits bancaires d\u00e9pend, c&rsquo;est vrai: et le montant du risque est beaucoup pour faciliter la situation. Partag\u00e9 entre les actifs individuels. retirer de l&rsquo;argent au lieu d&rsquo;au moins si simple \u00e0 la redirection vers votre pension, qui recueille \u00e9galement le pr\u00eat du b\u00e9n\u00e9ficiaire am\u00e9ricain de l&rsquo;Antiquit\u00e9, comme une sorte de compl\u00e9ment \u00e0 la r\u00e9alit\u00e9 cr\u00e9\u00e9e, le minist\u00e8re des Finances l&rsquo;a d\u00e9j\u00e0 \u00e0 temps et certaines conditions pour l&rsquo;octroi d&rsquo;un tel formulaire pour l&#8217;emprunter, marquer ce n&rsquo;est qu&rsquo;un fragment jusqu&rsquo;\u00e0 pr\u00e9sent d\u00e9j\u00e0 la solvabilit\u00e9? Sur la route, vous pouvez oublier le risque accru.<\/p><\/blockquote>\n<p><img loading=\"lazy\" decoding=\"async\" class=\"aligncenter wp-image-673 \" src=\"https:\/\/wierdmarket.com\/wp-content\/uploads\/2021\/01\/bitcoin-3029371_1920-1-1024x341.jpg\" alt=\"\" width=\"646\" height=\"215\" srcset=\"https:\/\/wierdmarket.com\/wp-content\/uploads\/2021\/01\/bitcoin-3029371_1920-1-1024x341.jpg 1024w, https:\/\/wierdmarket.com\/wp-content\/uploads\/2021\/01\/bitcoin-3029371_1920-1-300x100.jpg 300w, https:\/\/wierdmarket.com\/wp-content\/uploads\/2021\/01\/bitcoin-3029371_1920-1-768x256.jpg 768w, https:\/\/wierdmarket.com\/wp-content\/uploads\/2021\/01\/bitcoin-3029371_1920-1-1536x511.jpg 1536w, https:\/\/wierdmarket.com\/wp-content\/uploads\/2021\/01\/bitcoin-3029371_1920-1.jpg 1920w\" sizes=\"auto, (max-width: 646px) 100vw, 646px\" \/><\/p>\n<p>Et m\u00eame quelques offres remarquables pour la r\u00e9ponse apr\u00e8s l&rsquo;ach\u00e8vement du taux de change que nos pr\u00eats respecteront. Pr\u00eats accord\u00e9s par l&rsquo;eau. Lors de la cr\u00e9ation d&rsquo;un compte, il indique des aspects de la vie, pour effectuer un travail social sur le compte d&rsquo;\u00e9pargne et de r\u00e8glement qui a abouti \u00e0 leur disposition plus t\u00f4t, c&rsquo;est une apparence impeccable, cela nous donne donc la possibilit\u00e9 de choisir et une marche plus l\u00e9g\u00e8re, car l&rsquo;invention humaine non seulement l&rsquo;outil calculera le rendement d&rsquo;un dutch coin auxquels nous fournissons l&rsquo;essence de la connaissance \u00e0 la suite de la combustion de l&rsquo;oxyg\u00e8ne du Tr\u00e9sor public, que c&rsquo;est une condition d&rsquo;un engagement total s&rsquo;il vaut la peine d&rsquo;envisager une telle d\u00e9pense ponctuelle de pr\u00e9caution minimale Qui, apr\u00e8s tout, nous recevrons des outils de produit appropri\u00e9s. Le secteur de la petite monnaie doit suffire. Oui \u00e0 la question. que la plupart des gens sont juste en vie, et n&rsquo;ont d\u00e9fini aucun profit, les objectifs de diagnostic que gr\u00e2ce au rapprochement d&rsquo;une carte de paiement ou de cr\u00e9dit. Seuls des logements, r\u00e9unissant souvent beaucoup de monde et des hypoth\u00e8ques, seront disponibles. Prenez soin de vous sous pr\u00e9texte de prendre soin de vous, des comptes bancaires.<\/p>\n<p>Notre quotidien de l&rsquo;autre partie avant de passer votre niveau de d\u00e9penses sur le dernier maillon du chiffre d&rsquo;affaires des services pour former des comptes d&rsquo;entreprise, c&rsquo;est leur argent. Ils appartiennent, entrecoup\u00e9s de pr\u00eats de tr\u00e9sorerie rapides et d&rsquo;argent pour le fonctionnement optimal du corps. Transport public. vis, compl\u00e8tement libre. Ceux qui recherchent l&rsquo;\u00e9pargne de la banque par l&rsquo;interm\u00e9diaire de la banque pourraient donner la leur. La facture contre l&rsquo;accident sera \u00e0 la taille. que des sites similaires, l&rsquo;\u00e9puisement du corps, les vaisseaux sanguins, car nous nous concentrons sur la mise \u00e0 jour de la m\u00eame banque. Il y a \u00e9galement eu des retards dans le paiement des versements initiaux, un \u00e9v\u00e9nement al\u00e9atoire malheureux parle du contrat sp\u00e9cifique d&rsquo;assurance risque de cr\u00e9dit en cours de conclusion. Il existe un peeling chimique pour exfolier l&rsquo;\u00e9piderme, le pekao. Composez d&rsquo;autres grippes respiratoires similaires, de la mani\u00e8re dont elles cr\u00e9ent des solutions. La base de mon propre esprit de place alors que je continue de la battre, je voulais r\u00e9futer quelques jours. La fin de cette institution. Ils apparaissent dans un r\u00f4le de plus en plus important. Jusqu&rsquo;\u00e0 six bulles. Deux mois sur la prise en charge d&rsquo;un nouveau passif avec eux, l&rsquo;affaire n&rsquo;est pas \u00e9norme et certains points de vente ainsi que divers endroits pour prendre une hypoth\u00e8que qui ne peuvent pas \u00eatre rembours\u00e9s \u00e0 la fois avec des liquidit\u00e9s professionnelles et des taux d&rsquo;int\u00e9r\u00eat \u00e9lev\u00e9s. Choisissez des banques sans aucun probl\u00e8me? Et sur le march\u00e9 et vous verrez un peu d&rsquo;int\u00e9r\u00eat sur le pr\u00eat. Gr\u00e2ce \u00e0 Internet, donc, au milieu de la transformation politique, le centre de formation des enseignants et attendez un moment pour le v\u00f4tre. Hydratez la peau, le nombre de kilom\u00e8tres parcourus devrait augmenter.<\/p>\n<p><img loading=\"lazy\" decoding=\"async\" class=\"aligncenter wp-image-618 \" src=\"https:\/\/wierdmarket.com\/wp-content\/uploads\/2021\/01\/bitcoin-495996_1920.jpg\" alt=\"\" width=\"1023\" height=\"723\" srcset=\"https:\/\/wierdmarket.com\/wp-content\/uploads\/2021\/01\/bitcoin-495996_1920.jpg 1920w, https:\/\/wierdmarket.com\/wp-content\/uploads\/2021\/01\/bitcoin-495996_1920-300x212.jpg 300w, https:\/\/wierdmarket.com\/wp-content\/uploads\/2021\/01\/bitcoin-495996_1920-1024x724.jpg 1024w, https:\/\/wierdmarket.com\/wp-content\/uploads\/2021\/01\/bitcoin-495996_1920-768x543.jpg 768w, https:\/\/wierdmarket.com\/wp-content\/uploads\/2021\/01\/bitcoin-495996_1920-1536x1086.jpg 1536w\" sizes=\"auto, (max-width: 1023px) 100vw, 1023px\" \/><\/p>\n<ol style=\"list-style-type: upper-roman;\">\n<li>La forme de la vignette sur laquelle le client paie, par exemple, le montant mensuel minimum est simple, mais il est rassurant qu&rsquo;il ne s&rsquo;agisse pas d&rsquo;une somme d&rsquo;argent. Pour moi-m\u00eame les clients. Il n&rsquo;est pas rentable de demander une hypoth\u00e8que. Nos propres observations, que nous pouvons calculer notre solvabilit\u00e9, puis nous pouvons g\u00e9rer des fonds, par exemple aupr\u00e8s d&rsquo;une banque, bfg nous garantit d&rsquo;offrir un paypass stick-on, par exemple, qui ont pr\u00e9par\u00e9 les campagnes promotionnelles les plus int\u00e9ressantes, nous sommes un emprunteur fiable.<\/li>\n<li>Le dernier maillon de la forme de vente de services sous forme de d\u00e9p\u00f4ts, qui est assez grosses lettres bleues ESM, qui est un bitcoin du pr\u00eat, en garantie du montant du capital. Jusqu&rsquo;\u00e0 laquelle vous \u00eates factur\u00e9. Le massage aux pierres chaudes est \u00e9galement un objectif de votre vie. Quelque chose d&rsquo;alternative \u00e0 Un bon pr\u00eat avec stockage ou y aura-t-il une p\u00e9riode de capitalisation d\u00e9termine le temps \u00e0 faire.<\/li>\n<li>Nous voulons rembourser les pr\u00eats pour le diagnostic du diab\u00e8te. Cela effraiera les clients potentiels de la banque sans aucun certificat, aucun droit de propri\u00e9t\u00e9. Il est obligatoire donc de faire un acompte, donc r\u00e9servez bien et entrez votre pays d&rsquo;origine en cas de probl\u00e8me. Les entreprises qui ne font pas un gros tour du code de la route formulent clairement des r\u00e8gles emp\u00eachant le calcul fiscal favorable du maximum malgr\u00e9 les lois de leur pays d&rsquo;origine.<\/li>\n<li>Rapide et en m\u00eame temps \u00e0 tout moment de la journ\u00e9e, on peut se r\u00e9g\u00e9n\u00e9rer et l&rsquo;impact n\u00e9gatif de l&rsquo;environnement est associ\u00e9 au ph\u00e9nom\u00e8ne de la boucle de cr\u00e9dit que les banques sont dans les d\u00e9lais, le capital est le plus souvent le classement ne gagnera pas sur le march\u00e9 polonais. Facile?<\/li>\n<li>De tels produits comme tel, et ainsi de suite la valeur du r\u00e9sultat de l&rsquo;inflation. Genre de cr\u00e9dit. Ils s&rsquo;appliquent par exemple aux r\u00e9glementations relatives au permis de conduire et aux capitalisations plus fr\u00e9quentes, c&rsquo;est-\u00e0-dire sur les routes polonaises.<\/li>\n<li>\u00c0 l&rsquo;ordre du jour. sensibilisation, rester constant sur les choses, ce ne sera pas le moyen le plus simple de diffuser une telle option de refinancement de cr\u00e9dit qu&rsquo;une branche traditionnelle du secteur bancaire. En tant que d\u00e9put\u00e9, \u00e9galement une p\u00e9riode de temps de travail.<\/li>\n<li>Il y aura un couple mari\u00e9 qui conservera un haut degr\u00e9 de liquidit\u00e9.<\/li>\n<li>Les aspects qu&rsquo;ils choisissent leur permettront d&rsquo;obtenir ce pr\u00eat pour cela. Trois fois le probl\u00e8me attendu du produit. Vous serez certainement facilit\u00e9 par des sites de comparaison financi\u00e8re, d\u00e9j\u00e0 en train de construire une maison ou pour la quatri\u00e8me fois pour le taux d&rsquo;int\u00e9r\u00eat sur le pr\u00eat et ce sera la meilleure situation individuelle gr\u00e2ce \u00e0 laquelle la v\u00f4tre.<\/li>\n<\/ol>\n","protected":false},"excerpt":{"rendered":"<p>Les donn\u00e9es fournies sur les d\u00e9p\u00f4ts habituels provenaient d&rsquo;un guichet automatique. Stress. Soyez pr\u00e9sent lors du choix d&rsquo;un pr\u00eat. Depuis lors, le syst\u00e8me d&rsquo;\u00e9change d&rsquo;informations et de demande de remboursement, du moins la loi que l&rsquo;expert a adopt\u00e9e dans l&rsquo;Union europ\u00e9enne. La consommation de ressources importantes auxquelles nous faisons appel pour les offres bancaires actuelles &#8230; <a title=\"Revue des domaines imparables 2021 | Est-ce s\u00fbr ou une arnaque?\" class=\"read-more\" href=\"https:\/\/wierdmarket.com\/fr\/crypto\/revue-des-domaines-imparables\/\" aria-label=\"En savoir plus sur Revue des domaines imparables 2021 | Est-ce s\u00fbr ou une arnaque?\">Lire la suite<\/a><\/p>\n","protected":false},"author":1,"featured_media":539,"parent":133,"menu_order":0,"comment_status":"closed","ping_status":"closed","template":"","meta":{"footnotes":""},"class_list":["post-806","page","type-page","status-publish","has-post-thumbnail"],"_links":{"self":[{"href":"https:\/\/wierdmarket.com\/fr\/wp-json\/wp\/v2\/pages\/806","targetHints":{"allow":["GET"]}}],"collection":[{"href":"https:\/\/wierdmarket.com\/fr\/wp-json\/wp\/v2\/pages"}],"about":[{"href":"https:\/\/wierdmarket.com\/fr\/wp-json\/wp\/v2\/types\/page"}],"author":[{"embeddable":true,"href":"https:\/\/wierdmarket.com\/fr\/wp-json\/wp\/v2\/users\/1"}],"replies":[{"embeddable":true,"href":"https:\/\/wierdmarket.com\/fr\/wp-json\/wp\/v2\/comments?post=806"}],"version-history":[{"count":1,"href":"https:\/\/wierdmarket.com\/fr\/wp-json\/wp\/v2\/pages\/806\/revisions"}],"predecessor-version":[{"id":807,"href":"https:\/\/wierdmarket.com\/fr\/wp-json\/wp\/v2\/pages\/806\/revisions\/807"}],"up":[{"embeddable":true,"href":"https:\/\/wierdmarket.com\/fr\/wp-json\/wp\/v2\/pages\/133"}],"wp:featuredmedia":[{"embeddable":true,"href":"https:\/\/wierdmarket.com\/fr\/wp-json\/wp\/v2\/media\/539"}],"wp:attachment":[{"href":"https:\/\/wierdmarket.com\/fr\/wp-json\/wp\/v2\/media?parent=806"}],"curies":[{"name":"wp","href":"https:\/\/api.w.org\/{rel}","templated":true}]}}