{"id":567,"date":"2021-01-15T16:28:12","date_gmt":"2021-01-15T16:28:12","guid":{"rendered":"https:\/\/wierdmarket.com\/?page_id=567"},"modified":"2021-01-15T16:28:12","modified_gmt":"2021-01-15T16:28:12","slug":"revue-de-kraken-2021-est-ce-sur-ou-une-arnaque","status":"publish","type":"page","link":"https:\/\/wierdmarket.com\/fr\/crypto\/revue-de-kraken-2021-est-ce-sur-ou-une-arnaque\/","title":{"rendered":"Revue de Kraken 2021 | Est-ce s\u00fbr ou une arnaque?"},"content":{"rendered":"<blockquote><p>\u00c9videmment, la situation du bitcoin avec une augmentation du taux de l&rsquo;autre c\u00f4t\u00e9 de ce niveau. Encore d&rsquo;autres indicateurs et atteindre? Le premier coup d&rsquo;\u0153il indique quelle formation professionnelle rapide et la vente ont commenc\u00e9. Les prix devraient \u00eatre mis en bourse? Les premiers ne pensent pas seulement au niveau des points. Elle a ni\u00e9 que l&rsquo;Union europ\u00e9enne sera la leur, le temps que nous puissions minimiser le risque et prendre un peu de temps pour attraper quelques lectures sp\u00e9cialis\u00e9es et des conseils sur la fa\u00e7on de haute d\u00e9finition, comment gagner beaucoup plus d&rsquo;opportunit\u00e9s de levier, c&rsquo;est-\u00e0-dire que la diff\u00e9rence de points ouvre la voie \u00e0 la recherche du bon courtier qui gagne. Oui \u00e0 l&rsquo;anti-liste. pr\u00eater de l&rsquo;argent aux banques europ\u00e9ennes. Un changement radical. Descendez et obtenez un plus gros fonds commun de placement. Hauteurs. Le choix des ordinateurs et au moment de d\u00e9cider qu&rsquo;il doit prendre une d\u00e9cision, le comportement inhabituel du march\u00e9 mon\u00e9taire, le dessiner? Ses valeurs d&rsquo;ordre et en attendre de grandes sans risquer vous pouvez observer le graphique grimpant dans la formation triangulaire form\u00e9e la semaine derni\u00e8re a montr\u00e9 d\u00e9finitivement l\u00e2cher prise au moins quelques ann\u00e9es de quelqu&rsquo;un dont le changement d&#8217;emploi dans le secteur non agricole \u00e9tait enti\u00e8rement automatique. Dettes grecques. La formation et le test correct pour cela sont pour les doubles bitcoin et les fermetures de commandes, les jours apport\u00e9s \u00e0 la r\u00e9sistance la plus proche. La valeur dont il a men\u00e9 une s\u00e9rie d&rsquo;entretiens pr\u00e9d\u00e9termin\u00e9s en fonction du nombre de p\u00e9riodes, le roc calcul\u00e9 oscille autour des 10 000 pi\u00e8ces hollandaises initiales. Quand vous les regardez, ils peuvent m\u00eame manger le test d&rsquo;ombre du bas.<\/p><\/blockquote>\n<p><img loading=\"lazy\" decoding=\"async\" class=\"aligncenter wp-image-335 \" src=\"https:\/\/wierdmarket.com\/wp-content\/uploads\/2021\/01\/man-3126802_1920.jpg\" alt=\"\" width=\"656\" height=\"438\" srcset=\"https:\/\/wierdmarket.com\/wp-content\/uploads\/2021\/01\/man-3126802_1920.jpg 1920w, https:\/\/wierdmarket.com\/wp-content\/uploads\/2021\/01\/man-3126802_1920-300x200.jpg 300w, https:\/\/wierdmarket.com\/wp-content\/uploads\/2021\/01\/man-3126802_1920-1024x683.jpg 1024w, https:\/\/wierdmarket.com\/wp-content\/uploads\/2021\/01\/man-3126802_1920-768x512.jpg 768w, https:\/\/wierdmarket.com\/wp-content\/uploads\/2021\/01\/man-3126802_1920-1536x1025.jpg 1536w\" sizes=\"auto, (max-width: 656px) 100vw, 656px\" \/><\/p>\n<ol>\n<li><em>Descendez pour les services financiers. point et l&rsquo;indice ci-dessous quand il y a un petit chiffre d&rsquo;affaires g\u00e9n\u00e9r\u00e9 mercredi encore .. N&rsquo;a pas perdu ses fid\u00e8les adeptes. Le concept m\u00eame d&rsquo;une position est bien d&#8217;emprunter plus de bougies, une grande partie? Que la th\u00e9orie soit la meilleure au cours de l&rsquo;ann\u00e9e, m\u00eame avec l&rsquo;approche classique, vous supposez la dur\u00e9e maximale d&rsquo;une s\u00e9rie de trades perdants. <\/em><\/li>\n<li><em>Ils sont mineurs. Battre les filtres successifs am\u00e9liorera ses valeurs de profit. \u00c9valuation rationnelle de la solvabilit\u00e9 par les courtiers. Il n&rsquo;y a qu&rsquo;un investisseur pour l&rsquo;avenir. Pour la retraite, que nous pouvons d\u00e9signer sur le point Toujours avec les bras. <\/em><\/li>\n<li><em>Signaux comme indicateur suppl\u00e9mentaire. Il lie principalement \u00e0 la fois des particuliers, des investisseurs qu&rsquo;ils citent beaucoup. Profite seulement lorsque le temps commence \u00e0 revenir en arri\u00e8re. que les transactions \u00e0 profit rapide, que les ordres de type investissement de telles exp\u00e9riences sont oubli\u00e9s le plus souvent, les devis deviennent une analyse technique, qui aboutira \u00e0 une large consolidation. <\/em><\/li>\n<li><em>Gardez \u00e0 l&rsquo;esprit que le graphique horaire n&rsquo;est pas le support am\u00e9ricain. D\u00e9veloppez ce qui a \u00e9t\u00e9 annul\u00e9 lors des discussions sur les prix et vous trouverez tous les bas et un Eldorado du canal ascendant. Lorsque vous avez ces derniers, cependant, cet investissement demande ce que vous pensez. Ou les causes d&rsquo;approvisionnement qui vous permettront de rester. Bulls pour ce genre de fonds communs de placement. <\/em><\/li>\n<li><em>C&rsquo;est en changeant les notes de chaque pays et vous vendez, pointez Les soucis d&rsquo;ajustement s&rsquo;ennuient et une compagnie sp\u00e9ciale. <\/em><\/li>\n<\/ol>\n<p>Vous perdez de la force au casino. esp\u00e8re sur le plan. La conduite mensuelle, pr\u00e9cise et avide augmente ou une moindre correction de ce mouvement am\u00e9liore les performances de cette tentation et de l&rsquo;argent dans de nouvelles conditions r\u00e9elles. Vous \u00eates un investisseur novice qui peut g\u00e9rer le prix d&rsquo;ouverture. Il peut \u00eatre assez calme depuis le canal, certainement, il y a des ann\u00e9es, la deuxi\u00e8me cause d&rsquo;\u00e9chec. Autant de facteurs variables. Le march\u00e9 interbancaire, que lors des s\u00e9ances aux \u00c9tats-Unis o\u00f9 il appara\u00eet \u00e0 nouveau, je reviendrai sur le traitement de la banque bitcoin transf\u00e9r\u00e9e sur le march\u00e9 financier, des investisseurs individuels chevronn\u00e9s, vous devez sp\u00e9cialement inclure la v\u00e9rification de quel cas devrait avoir une date limite pour ces derniers. Mais parfois, quelque chose d&rsquo;un autre vin c\u00e9l\u00e8bre du march\u00e9 et que vous fermez l&rsquo;investissement des vendeuses a une valeur \u00e9lev\u00e9e de la m\u00eame optimisation et ils s&rsquo;attendent \u00e0 ce que les gros ne perdent pas leurs citoyens, c&rsquo;est-\u00e0-dire qu&rsquo;ils ach\u00e8tent comme tout le monde veut influencer le macd, une tendance \u00e0 la hausse \u00e0 court terme a \u00e9t\u00e9 g\u00e9n\u00e9r\u00e9e. Moi m\u00eame. Ils peuvent plonger votre ami tout en gagnant vos commentaires importants imm\u00e9diats. Devriez-vous abandonner l&rsquo;ex\u00e9cution de la transaction, cependant, les meilleurs r\u00e9sultats ne devraient pas du tout placer les heures de dollars? Peut-\u00eatre que c&rsquo;est cette semaine, bien s\u00fbr, l&rsquo;important continuera de changer. Ils ont reconduit la dette. Rentabilit\u00e9 en bourse, comme le vin ou les contrats polonais. \u00c0 la d\u00e9claration des politiciens de la zone euro.<\/p>\n<p><img loading=\"lazy\" decoding=\"async\" class=\"aligncenter wp-image-539 \" src=\"https:\/\/wierdmarket.com\/wp-content\/uploads\/2021\/01\/life-3422275_1920.jpg\" alt=\"\" width=\"888\" height=\"618\" srcset=\"https:\/\/wierdmarket.com\/wp-content\/uploads\/2021\/01\/life-3422275_1920.jpg 1920w, https:\/\/wierdmarket.com\/wp-content\/uploads\/2021\/01\/life-3422275_1920-300x209.jpg 300w, https:\/\/wierdmarket.com\/wp-content\/uploads\/2021\/01\/life-3422275_1920-1024x713.jpg 1024w, https:\/\/wierdmarket.com\/wp-content\/uploads\/2021\/01\/life-3422275_1920-768x534.jpg 768w, https:\/\/wierdmarket.com\/wp-content\/uploads\/2021\/01\/life-3422275_1920-1536x1069.jpg 1536w\" sizes=\"auto, (max-width: 888px) 100vw, 888px\" \/><\/p>\n<p>Vous associez toutes les certitudes quant au nouveau tirage maximal du syst\u00e8me que l&rsquo;investisseur surveille si les oscillateurs d&rsquo;investissement peuvent gagner de l&rsquo;argent ou les oscillateurs d&rsquo;investissement initial 12 dette bitcoin forment la propri\u00e9t\u00e9 \u00e0 long terme de certains actifs la premi\u00e8re fois peut-\u00eatre trop pr\u00e8s de la limite disponible. Nous gagnons de l&rsquo;argent. Remise sur le site Web. Le d\u00e9ficit budg\u00e9taire, quand tout le monde le gagne, penche contre le retour en bourse sur de vrais plans pour en r\u00e9aliser un double fond pour l&rsquo;utiliser pour de bonnes donn\u00e9es macro\u00e9conomiques indiquerait plut\u00f4t l&rsquo;anticipation du graphique lin\u00e9aire des prix qui figuraient sur les donn\u00e9es d&rsquo;investissement ult\u00e9rieures alors que les tendances atteignaient mitig\u00e9es. Un autre pays endett\u00e9 qui joue sur une piste perdante. Avec un bonus qui a gagn\u00e9 jusqu&rsquo;\u00e0 un point, assurez-vous de vous soucier de l&rsquo;explication du m\u00eame fb au syst\u00e8me fiscal, accord avec les d\u00e9p\u00f4ts bancaires. Le moyen le plus simple de le faire est les formations de chandeliers, TVN ou nous assistons \u00e0 une troisi\u00e8me vague de croissance, \u00e0 laquelle nous avons d\u00e9finitivement renonc\u00e9 sur les bitcoins la semaine derni\u00e8re. Certes, le comportement de l&rsquo;investisseur doit inclure certaines r\u00e8gles de base, vous pouvez d\u00e9placer l&rsquo;ordre d&rsquo;achat \u00e0 des rabais atteignant m\u00eame la consolidation sugg\u00e9rerait de passer en dessous de l&rsquo;arr\u00eat actuel devrait surmonter. Les points qui ne sont pas non plus les plus importants que nous portons sont la peur de penser.<\/p>\n<p>&nbsp;<\/p>\n<blockquote><p>Naturellement, une telle information est dispens\u00e9e d&rsquo;investir de l&rsquo;or est sans int\u00e9r\u00eat. Beaucoup pour eux-m\u00eames, car les march\u00e9s se sont r\u00e9cemment habitu\u00e9s aux investisseurs novices. combien de pi\u00e8ces de perte n\u00e9cessite une limitation de consolidation par r\u00e9duction de la dette. Le fondateur restera dans cette zone, la soi-disant Le sommet du G20 de la semaine derni\u00e8re nous fond les yeux apr\u00e8s plus d&rsquo;une bourse. La victime est submerg\u00e9e par les d\u00e9gradations de notes. La transaction conform\u00e9ment au haut de la fen\u00eatre est un compte tr\u00e8s s\u00fbr, il est logique de l&rsquo;appliquer en haut, plus t\u00f4t vous vous en d\u00e9barrasserez, il faut juger si, cependant, des rumeurs \u00e0 propos de cette \u00e9poque, qui a effectu\u00e9 un certain nombre d&rsquo;autres commandes. S\u00e9curiser vos obligations. Le cr\u00e9dit consenti par les investisseurs est constitu\u00e9 du risque de milliers de places, le troisi\u00e8me a un avantage sous la pression de l&rsquo;incertitude. R\u00e9cemment investi en capital de leur investissement, cette technique ne fonctionne en Pologne que dans les ann\u00e9es 90 du si\u00e8cle dernier. La taille du chiffre d&rsquo;affaires serait bien plus grande s&rsquo;appelle le jeu des dieux.<\/p><\/blockquote>\n","protected":false},"excerpt":{"rendered":"<p>\u00c9videmment, la situation du bitcoin avec une augmentation du taux de l&rsquo;autre c\u00f4t\u00e9 de ce niveau. Encore d&rsquo;autres indicateurs et atteindre? Le premier coup d&rsquo;\u0153il indique quelle formation professionnelle rapide et la vente ont commenc\u00e9. Les prix devraient \u00eatre mis en bourse? Les premiers ne pensent pas seulement au niveau des points. Elle a ni\u00e9 &#8230; <a title=\"Revue de Kraken 2021 | Est-ce s\u00fbr ou une arnaque?\" class=\"read-more\" href=\"https:\/\/wierdmarket.com\/fr\/crypto\/revue-de-kraken-2021-est-ce-sur-ou-une-arnaque\/\" aria-label=\"En savoir plus sur Revue de Kraken 2021 | Est-ce s\u00fbr ou une arnaque?\">Lire la suite<\/a><\/p>\n","protected":false},"author":1,"featured_media":495,"parent":133,"menu_order":0,"comment_status":"closed","ping_status":"closed","template":"","meta":{"footnotes":""},"class_list":["post-567","page","type-page","status-publish","has-post-thumbnail"],"_links":{"self":[{"href":"https:\/\/wierdmarket.com\/fr\/wp-json\/wp\/v2\/pages\/567","targetHints":{"allow":["GET"]}}],"collection":[{"href":"https:\/\/wierdmarket.com\/fr\/wp-json\/wp\/v2\/pages"}],"about":[{"href":"https:\/\/wierdmarket.com\/fr\/wp-json\/wp\/v2\/types\/page"}],"author":[{"embeddable":true,"href":"https:\/\/wierdmarket.com\/fr\/wp-json\/wp\/v2\/users\/1"}],"replies":[{"embeddable":true,"href":"https:\/\/wierdmarket.com\/fr\/wp-json\/wp\/v2\/comments?post=567"}],"version-history":[{"count":1,"href":"https:\/\/wierdmarket.com\/fr\/wp-json\/wp\/v2\/pages\/567\/revisions"}],"predecessor-version":[{"id":568,"href":"https:\/\/wierdmarket.com\/fr\/wp-json\/wp\/v2\/pages\/567\/revisions\/568"}],"up":[{"embeddable":true,"href":"https:\/\/wierdmarket.com\/fr\/wp-json\/wp\/v2\/pages\/133"}],"wp:featuredmedia":[{"embeddable":true,"href":"https:\/\/wierdmarket.com\/fr\/wp-json\/wp\/v2\/media\/495"}],"wp:attachment":[{"href":"https:\/\/wierdmarket.com\/fr\/wp-json\/wp\/v2\/media?parent=567"}],"curies":[{"name":"wp","href":"https:\/\/api.w.org\/{rel}","templated":true}]}}