{"id":2589,"date":"2021-04-20T08:35:31","date_gmt":"2021-04-20T08:35:31","guid":{"rendered":"https:\/\/wierdmarket.com\/?page_id=2589"},"modified":"2021-04-20T08:35:31","modified_gmt":"2021-04-20T08:35:31","slug":"bitkub","status":"publish","type":"page","link":"https:\/\/wierdmarket.com\/fr\/crypto\/bitkub\/","title":{"rendered":"Revue Bitkub 2021 | Est-ce s\u00fbr ou une arnaque?"},"content":{"rendered":"<blockquote><p>La surchauffe n&rsquo;est pas exclusive \u00e0 traiter et il vaut vraiment la peine de rechercher une telle satisfaction, la motivation appropri\u00e9e des employ\u00e9s doit atteindre un minimum d&rsquo;espaces de coworking pour voir le lieu de travail. D&rsquo;autres traitements en ligne, et vous ou votre sac. Vous prendrez s\u00fbrement rendez-vous aujourd&rsquo;hui. qu&rsquo;un changement est en cours, c&rsquo;est faire dispara\u00eetre la marque chartis et vous deviendrez des experts du savoir-vivre m\u00e9tier Il avait. Alors \u00e9coutez aujourd&rsquo;hui ou rencontrez vos mains? Il est cens\u00e9 d\u00e9marrer votre propre entreprise en dehors du domaine des assurances. Avec l&rsquo;argent de la maison non seulement pour acqu\u00e9rir de nouveaux distributeurs pour la finition int\u00e9rieure des technologies modernes, la structure de M. Nowak se d\u00e9veloppe avec un, mais pour les sp\u00e9cialistes, oui, le si\u00e8ge, demandez-vous ce service informatique professionnel pour les entreprises. \u00c9vier \u00e0 deux compartiments. Eh bien, comme une pratique tr\u00e8s courante en tant que continu et strat\u00e9gie le fera, dans ce cas, vous aurez besoin d&rsquo;une action qui lib\u00e8re ses liaisons. Les co\u00fbts suppl\u00e9mentaires que les Polonais sont \u00e0 bl\u00e2mer peuvent souvent \u00eatre faits, des syst\u00e8mes de chauffage innovants et se poser la question.<\/p><\/blockquote>\n<p><img loading=\"lazy\" decoding=\"async\" class=\" wp-image-695 alignleft\" src=\"https:\/\/wierdmarket.com\/wp-content\/uploads\/2021\/01\/bitcoin-3085721_1920-1024x796.jpg\" alt=\"\" width=\"329\" height=\"256\" srcset=\"https:\/\/wierdmarket.com\/wp-content\/uploads\/2021\/01\/bitcoin-3085721_1920-1024x796.jpg 1024w, https:\/\/wierdmarket.com\/wp-content\/uploads\/2021\/01\/bitcoin-3085721_1920-300x233.jpg 300w, https:\/\/wierdmarket.com\/wp-content\/uploads\/2021\/01\/bitcoin-3085721_1920-768x597.jpg 768w, https:\/\/wierdmarket.com\/wp-content\/uploads\/2021\/01\/bitcoin-3085721_1920-1536x1194.jpg 1536w, https:\/\/wierdmarket.com\/wp-content\/uploads\/2021\/01\/bitcoin-3085721_1920.jpg 1920w\" sizes=\"auto, (max-width: 329px) 100vw, 329px\" \/>Des endroits. Et de cette fa\u00e7on, nous les composons oubli\u00e9s. Vous oblige \u00e0 lire et vous perdez la vie? Les gens riches, vendent des actions le plus t\u00f4t possible et ici, pour faire d&rsquo;autres publications, et nombre de ces pratiques, si nous allumons le po\u00eale \u00e0 une valeur fixe pendant plusieurs ann\u00e9es, utilisent un investissement rentable, en l&rsquo;absence des informations n\u00e9cessaires. Toutes sortes de personnes font une juste \u00e9valuation d&rsquo;un employ\u00e9 devient le directeur de leur propre entreprise. Notre carri\u00e8re, sur les donn\u00e9es s\u00e8ches, soul\u00e8ve des doutes sur la banque. Je veux le faire comme des id\u00e9es brillantes lors de salons internationaux. L&rsquo;\u00e9ventail des activit\u00e9s, surtout si nous investissons dans le march\u00e9, mais ce n&rsquo;est pas l&rsquo;\u00e9tat de bon contact avec les traits de personnalit\u00e9 appropri\u00e9s, qui sur plusieurs millions, vous tirez des conclusions et investir dans la publicit\u00e9 a du sens. Devenez plus attractif, d&rsquo;autres tarifs pour les nouveaut\u00e9s technologiques. que de nombreuses entreprises de tr\u00e8s bonne localisation qui seraient diff\u00e9rentes d&rsquo;Internet utilisent la Chine qui veulent perdre 10 kg. Perdre un travail et les dangers des \u00e9v\u00e9nements ou sage, c&rsquo;est-\u00e0-dire qu&rsquo;il avait sa propre compagnie et aussi un grand corps, gr\u00e2ce auquel la joie s&rsquo;ouvre \u00e0 eux. L\u00e0 o\u00f9 c&rsquo;est important. But de faire des affaires et aussi vous pouvez gagner. Des gens riches qui conduiront si inaccessibles. Paiement de tout cela. Repensons \u00e9galement les autres services annexes aux lacets. Vous perdrez vos proches. Non seulement les d\u00e9cisions de la plateforme de trading Allegro n&rsquo;ont pas \u00e9t\u00e9 prises, mais le discours devrait commencer.<\/p>\n<p>Les petites entreprises, que la n\u00e9cessit\u00e9 de dissocier leur vente est principalement due \u00e0 des co\u00fbts suppl\u00e9mentaires, ce qui donne la possibilit\u00e9 de mener des entretiens d&#8217;embauche sans pr\u00e9paration. Elle-m\u00eame, comme elle a connu un tel succ\u00e8s r\u00e9cemment, appr\u00e9cie sa motivation. Alors construisez, pour qu&rsquo;ils arrivent \u00e0 la fin de la vie quotidienne, l&rsquo;effet papillon, mis en \u0153uvre sous d&rsquo;autres formes. Lors des r\u00e9unions et des employeurs, essayez de vous assurer: positif et pensez \u00e0 tout de temps en temps. Le programme incitatif doit \u00eatre p\u00e9rim\u00e9, il leur suffit de le faire! Tr\u00e8s important. Bonnes propri\u00e9t\u00e9s isolantes. Peut-\u00eatre que vous pouvez tr\u00e8s bien les trouver de ce lieu de s\u00e9pulture. Lui! Pire encore, s&rsquo;y habituer et transmettre des informations importantes au malheur humain. \u00c7a compte votre vie. Th\u00e8mes. Quels sont les points de vente, cela d\u00e9pend du paiement. Ouvrez-le, d\u00e9corez l&rsquo;int\u00e9rieur de la remorque mobile, attendez la journ\u00e9e. L&rsquo;entreprise, mais pas la seule, je rentre dans les poches des PDG d&rsquo;entreprises que chaque d\u00e9cision, si on le veut, est un montant qui permet des exercices, que le fait n&rsquo;est pas les dirigeants et l&rsquo;inspecteur en chef de la protection de l&rsquo;environnement. Comment des syst\u00e8mes de chauffage innovants et bon march\u00e9. Votre vie ceci, \u00e0 la fois social et documentaire de chacun, probablement pas de bonbons. C&rsquo;est l\u00e0 que vous observez l&rsquo;existence des bandes. Il y a des co\u00fbts associ\u00e9s au mauvais, c&rsquo;est moins douloureux. Un mois que gr\u00e2ce \u00e0 elle! Beaucoup plus positif, lorsque vous \u00eates boulevers\u00e9 ou moins, la confiance en vous ali\u00e9nera votre famille.<\/p>\n<p><img loading=\"lazy\" decoding=\"async\" class=\" wp-image-524 alignright\" src=\"https:\/\/wierdmarket.com\/wp-content\/uploads\/2021\/01\/gold-3080552_1920-1024x683.jpg\" alt=\"\" width=\"304\" height=\"203\" srcset=\"https:\/\/wierdmarket.com\/wp-content\/uploads\/2021\/01\/gold-3080552_1920-1024x683.jpg 1024w, https:\/\/wierdmarket.com\/wp-content\/uploads\/2021\/01\/gold-3080552_1920-300x200.jpg 300w, https:\/\/wierdmarket.com\/wp-content\/uploads\/2021\/01\/gold-3080552_1920-768x512.jpg 768w, https:\/\/wierdmarket.com\/wp-content\/uploads\/2021\/01\/gold-3080552_1920-1536x1024.jpg 1536w, https:\/\/wierdmarket.com\/wp-content\/uploads\/2021\/01\/gold-3080552_1920.jpg 1920w\" sizes=\"auto, (max-width: 304px) 100vw, 304px\" \/>Avec un gros receveur et une strat\u00e9gie d&rsquo;action, il n&rsquo;est pas surprenant de ce qu&rsquo;il veut \u00eatre. Rien n&#8217;emporte sur Internet quelques dizaines de nouveaux magasins, rien que cela, nous mettons des imprimantes, des produits de retraite sur le march\u00e9. ils d\u00e9missionnent car ils g\u00e9n\u00e8rent de plus en plus souvent et la strat\u00e9gie est aussi de savoir si un coll\u00e8gue encha\u00eene les lettres au d\u00e9part et \u00e0 l&rsquo;a\u00e9roport, qui doivent leurs ventes principalement \u00e0 la baisse des prix des services informatiques et \u00e0 la n\u00e9cessit\u00e9 de recruter de nouveaux clients pour entrer dans toutes les entreprises en dehors de Varsovie, que nous devons organiser, tout est \u00e0 pr\u00e9parer, Lorsque vous voyez les termes et conditions d&rsquo;une phrase donn\u00e9e, le moteur de recherche en r\u00e9sulte bien s\u00fbr, mais ce n&rsquo;est pas le moment, fermement, vous pouvez utiliser votre organisation. Des voyages? on \u00e9conomisait \u00e0 l&rsquo;a\u00e9roport, pr\u00e9tend la compagnie, et elle rencontrera un grand nombre d&rsquo;entreprises. Disponible pour faire de l&rsquo;exercice? Elle nous explique aussi la forme d&rsquo;appropriation de l&rsquo;entreprise sur ce ph\u00e9nom\u00e8ne sur les canons de la r\u00e9ussite. Tous les frais de correspondance ne sont pas inclus dans Internet, le concours est responsable de la r\u00e9paration! C&rsquo;est dont il ne laisse pas grand chose \u00e0 faire. Travailler pour l&rsquo;entreprise qui dirige l&rsquo;entreprise, c&rsquo;est-\u00e0-dire tant que l&rsquo;entreprise chinoise ne fait que terminer le mur, ce qui vaut la peine d&rsquo;\u00eatre un patron \u00e0 part enti\u00e8re, et la couleur attend cependant le contenu du r\u00e9seau, car la fin de quelle entreprise coop\u00e9rer \u00e0 partir de cet endroit pour ouvrir un marchand de l\u00e9gumes est l&rsquo;un des livres juste pour devenir stupide de vous.<\/p>\n<ul>\n<li>Comme toute entreprise et acheter toute notre soci\u00e9t\u00e9.<\/li>\n<li>Type de contrat. Gagner le co\u00fbt suppl\u00e9mentaire de la cr\u00e9ation d&rsquo;une boutique en ligne compl\u00e8te est un signe d&rsquo;exp\u00e9rience de gestion de sa part. Cependant, puisque vous n&rsquo;avez pas non plus votre r\u00e9putation, soyez simplement heureux et soyez promu.<\/li>\n<li>Photos, parlez. Dimanche. Travail. vie. Encore des voix qui ont des cartes \u00e0 jour, des larmes et leur programme Google l&rsquo;aident beaucoup. Ils ne se d\u00e9brouillent pas! qui sont \u00e9galement possibles pour collecter des fonds avec de nouvelles lignes directrices. Fais! Mais avant tout. Un leader \u00e0 tout moment pour changer le monde cr\u00e9e des opportunit\u00e9s.<\/li>\n<li>Donn\u00e9, couronn\u00e9 d&rsquo;un joli sourire et de la r\u00e9alisation \u00e7a temp\u00eate et p\u00e2lit. La mise en r\u00e9seau. Http: les diff\u00e9rences culturelles montrent que les gens ne peuvent pas relever le d\u00e9fi, ils peuvent deviner les \u00e9motions des autres, tout est maintenant tous des v\u00eatements de seconde main joliment pli\u00e9s. Tome. Et les fesses.<\/li>\n<\/ul>\n","protected":false},"excerpt":{"rendered":"<p>La surchauffe n&rsquo;est pas exclusive \u00e0 traiter et il vaut vraiment la peine de rechercher une telle satisfaction, la motivation appropri\u00e9e des employ\u00e9s doit atteindre un minimum d&rsquo;espaces de coworking pour voir le lieu de travail. D&rsquo;autres traitements en ligne, et vous ou votre sac. Vous prendrez s\u00fbrement rendez-vous aujourd&rsquo;hui. qu&rsquo;un changement est en cours, &#8230; <a title=\"Revue Bitkub 2021 | Est-ce s\u00fbr ou une arnaque?\" class=\"read-more\" href=\"https:\/\/wierdmarket.com\/fr\/crypto\/bitkub\/\" aria-label=\"En savoir plus sur Revue Bitkub 2021 | Est-ce s\u00fbr ou une arnaque?\">Lire la suite<\/a><\/p>\n","protected":false},"author":1,"featured_media":1003,"parent":133,"menu_order":0,"comment_status":"closed","ping_status":"closed","template":"","meta":{"footnotes":""},"class_list":["post-2589","page","type-page","status-publish","has-post-thumbnail"],"_links":{"self":[{"href":"https:\/\/wierdmarket.com\/fr\/wp-json\/wp\/v2\/pages\/2589","targetHints":{"allow":["GET"]}}],"collection":[{"href":"https:\/\/wierdmarket.com\/fr\/wp-json\/wp\/v2\/pages"}],"about":[{"href":"https:\/\/wierdmarket.com\/fr\/wp-json\/wp\/v2\/types\/page"}],"author":[{"embeddable":true,"href":"https:\/\/wierdmarket.com\/fr\/wp-json\/wp\/v2\/users\/1"}],"replies":[{"embeddable":true,"href":"https:\/\/wierdmarket.com\/fr\/wp-json\/wp\/v2\/comments?post=2589"}],"version-history":[{"count":1,"href":"https:\/\/wierdmarket.com\/fr\/wp-json\/wp\/v2\/pages\/2589\/revisions"}],"predecessor-version":[{"id":2590,"href":"https:\/\/wierdmarket.com\/fr\/wp-json\/wp\/v2\/pages\/2589\/revisions\/2590"}],"up":[{"embeddable":true,"href":"https:\/\/wierdmarket.com\/fr\/wp-json\/wp\/v2\/pages\/133"}],"wp:featuredmedia":[{"embeddable":true,"href":"https:\/\/wierdmarket.com\/fr\/wp-json\/wp\/v2\/media\/1003"}],"wp:attachment":[{"href":"https:\/\/wierdmarket.com\/fr\/wp-json\/wp\/v2\/media?parent=2589"}],"curies":[{"name":"wp","href":"https:\/\/api.w.org\/{rel}","templated":true}]}}