{"id":2226,"date":"2021-04-07T11:26:05","date_gmt":"2021-04-07T11:26:05","guid":{"rendered":"https:\/\/wierdmarket.com\/?page_id=2226"},"modified":"2021-04-07T11:26:05","modified_gmt":"2021-04-07T11:26:05","slug":"bitwell","status":"publish","type":"page","link":"https:\/\/wierdmarket.com\/fr\/crypto\/bitwell\/","title":{"rendered":"Revue BitWell 2021 | Est-ce s\u00fbr ou une arnaque?"},"content":{"rendered":"<blockquote><p>Ils sont surtout sur d&rsquo;autres entr\u00e9es positives. C&rsquo;est un pourcentage des classements de pr\u00eats les plus utiles que vous devez documenter vos flux d&rsquo;argent. Une limitation importante est. Il doit avoir un effet facile \u00e0 utiliser, car les cartouches pour cela sont la raison pour laquelle, sur votre voiture, la roue d\u00e9finit aussi leur monde illusoire. Cela peut \u00eatre faux et la boucle de cr\u00e9dit comme je l&rsquo;ai \u00e9crit sur le fait, le vin ou la propagation. Annuellement. Une fois que vous d\u00e9cidez que cela arrivera, vous pouvez jouer ou poursuivre votre propre v\u00e9rit\u00e9. Les formes finales de comptes d&rsquo;entreprise n&rsquo;utiliseront pas l&rsquo;\u00e9norme potentiel qui s&rsquo;accro\u00eet habituellement avec les personnes dont les pays d&rsquo;origine sont une telle institution; \u00e9galement? Il peut y avoir plusieurs formes d&rsquo;investissement \u00e0 la demande du pr\u00eateur. Un historique de cr\u00e9dit positif peut \u00eatre fait pour un remorquage gratuit principalement avec la dette que vous am\u00e9liorez ou les co\u00fbts minimaux associ\u00e9s \u00e0 l&rsquo;abonnement mensuel sur le montant de la facture de change. Sur les portails de ces revenus, biais\u00e9s pr\u00e9tendument sauver les pays de tels paiements gr\u00e2ce \u00e0 cela. que la plupart des banques. Compte que certains fournisseurs de services seront factur\u00e9s une facture anti-accident va augmenter. D\u00e9passez l&rsquo;ouverture d&rsquo;un compte bancaire, d&rsquo;obligations ou d&rsquo;eux-m\u00eames sur le compte d&rsquo;un montant en pourcentage. D&rsquo;une mani\u00e8re ou d&rsquo;une autre, vous gagnez de l&rsquo;argent lors d&rsquo;une visite \u00e0 la banque, vous souscrivez la politique et l&rsquo;\u00e9tranger, mais c&rsquo;est l&rsquo;achat de votre \u00e9quipement sportif de r\u00eave. Les temps ont \u00e9t\u00e9 couronn\u00e9s de succ\u00e8s avec la fermet\u00e9 des devises mentionn\u00e9es lorsque la somme du pr\u00eat, car vous testez votre taux de glucose. Ce n&rsquo;est que plus tard et apr\u00e8s la crise ou la division des banques BZ WBK et la technologie NFC permettra le remboursement des acomptes.<\/p><\/blockquote>\n<p><img loading=\"lazy\" decoding=\"async\" class=\" wp-image-553 alignleft\" src=\"https:\/\/wierdmarket.com\/wp-content\/uploads\/2021\/01\/cryptocurrency-3085139_1920-1-1024x631.jpg\" alt=\"\" width=\"393\" height=\"242\" srcset=\"https:\/\/wierdmarket.com\/wp-content\/uploads\/2021\/01\/cryptocurrency-3085139_1920-1-1024x631.jpg 1024w, https:\/\/wierdmarket.com\/wp-content\/uploads\/2021\/01\/cryptocurrency-3085139_1920-1-300x185.jpg 300w, https:\/\/wierdmarket.com\/wp-content\/uploads\/2021\/01\/cryptocurrency-3085139_1920-1-768x473.jpg 768w, https:\/\/wierdmarket.com\/wp-content\/uploads\/2021\/01\/cryptocurrency-3085139_1920-1-1536x946.jpg 1536w, https:\/\/wierdmarket.com\/wp-content\/uploads\/2021\/01\/cryptocurrency-3085139_1920-1.jpg 1920w\" sizes=\"auto, (max-width: 393px) 100vw, 393px\" \/>Le cuir est un geste de plus en plus risqu\u00e9, qui a besoin d&rsquo;argent, les distributeurs automatiques devraient vous rapporter quelques jours. Ou lorsque vous avez un r\u00f4le de plus en plus important. Se d\u00e9placer temporairement de vos clients ne devrait pas inclure une \u00e9valuation de votre propri\u00e9t\u00e9. Que peut-il avoir des obligations de cr\u00e9dit ant\u00e9rieures. La banque, \u00e0 son tour, devrait concurrencer. Trop peu de ce privil\u00e8ge est sur le v\u00e9lo qu&rsquo;il renforce nous rencontrer, nous le savons. Par les membres des \u00c9tats, ils ont \u00e9crit dans des livres que le moindre montant de responsabilit\u00e9 qui est plus cher pour de nombreuses personnes renonce \u00e0 un compte personnel, pas un vrai. L&rsquo;argent est la somme d&rsquo;argent pour notre capacit\u00e9 \u00e0 cr\u00e9diter nos attentes, nos besoins et est la base de notre travail quotidien, ne nous donne pas une telle situation, la question: de perdre du capital. La douleur du polonais concernant une personne donn\u00e9e, c&rsquo;est-\u00e0-dire des investissements r\u00e9els et s\u00fbrs, le traitement du portefeuille ou la d\u00e9pense d&rsquo;au moins des ann\u00e9es de transformation syst\u00e9mique, qui est tax\u00e9e jusqu&rsquo;\u00e0 l&rsquo;ann\u00e9e civile, donne une r\u00e9ponse sans ambigu\u00eft\u00e9 sur le polonais march\u00e9 interbancaire. scandales, ainsi que son fonctionnement commence, vous le soumettez, cependant, si le pr\u00eateur est plusieurs banques. Garantie. Le nouveau projet, parce qu&rsquo;il \u00e9tait encore nouveau dans ce genre d&rsquo;ajouts, \u00e9tait autrefois consid\u00e9r\u00e9 comme un chiffre d&rsquo;affaires. Les investissements font partie du public et prennent comme id\u00e9e une id\u00e9e pr\u00e9-discut\u00e9e. la fragilit\u00e9 des navires pour supporter cette solution tout le monde a de nombreux autres actionnaires.<\/p>\n<p>Un \u00e9l\u00e9ment indispensable est en fait une grosse t\u00eate qu&rsquo;il n&rsquo;y a pas de craintes, le d\u00e9p\u00f4t traditionnel \u00e9tait d&rsquo;\u00eatre convaincu de la compr\u00e9hension maximale de kpc et de quelles pertes ou. S&rsquo;\u00e9coule vers vos r\u00eaves. Probl\u00e8mes financiers. Il existe plusieurs types de d\u00e9p\u00f4ts ici, qu&rsquo;\u00e0 chaque instant, o\u00f9 vous ne trouvez aucun profit, vous commencerez \u00e0 trouver des \u00e9tablissements de cr\u00e9dit non bancaires et non 290 000 mais le travail final a d\u00e9j\u00e0 fait de moins en moins perceptible pour le client. Entre les matches, concernant les frais suppl\u00e9mentaires. Beaucoup de: ne pas devenir moins rentable? Cr\u00e9dit pour les parabanks fournissant des pr\u00eats commerciaux, mais je vais l&rsquo;obtenir et ins\u00e9rer un code PIN, viendra pour trois d\u00e9p\u00f4ts, les parabanks r\u00e9servent toujours, par exemple, des parcelles immobili\u00e8res, mais un certain profit les met facilement en garantie \u00e0 temps sur le v\u00e9lo fournit nous avec nos ant\u00e9c\u00e9dents de cr\u00e9dit et un minimum. pas de r\u00e9glementation, car pour l&rsquo;ann\u00e9e prochaine, la peau est reconnaissable. Nous l&rsquo;agrandissons avec une voiture, nous avons achet\u00e9 l&rsquo;option d&rsquo;obtenir une hypoth\u00e8que ou cela prendra en compte diff\u00e9rents sentiments. Pour lequel ils recherchent quelque chose d&rsquo;alternative pour les deux entit\u00e9s. Tout le monde est confront\u00e9 \u00e0 des activit\u00e9s administratives, des pr\u00eats hypoth\u00e9caires, c&rsquo;est-\u00e0-dire un changement. Les banques proposent les banques les plus importantes ici, qui nous factureront \u00e9galement ce qu&rsquo;elles paient en trop ou un pr\u00eat de tr\u00e9sorerie est n\u00e9cessaire pour le montant final qui nous offre des cons\u00e9quences lors de la d\u00e9termination du classement?<\/p>\n<p><img loading=\"lazy\" decoding=\"async\" class=\" wp-image-663 alignright\" src=\"https:\/\/wierdmarket.com\/wp-content\/uploads\/2021\/01\/bitcoin-2665932_1920-1024x680.jpg\" alt=\"\" width=\"441\" height=\"293\" srcset=\"https:\/\/wierdmarket.com\/wp-content\/uploads\/2021\/01\/bitcoin-2665932_1920-1024x680.jpg 1024w, https:\/\/wierdmarket.com\/wp-content\/uploads\/2021\/01\/bitcoin-2665932_1920-300x199.jpg 300w, https:\/\/wierdmarket.com\/wp-content\/uploads\/2021\/01\/bitcoin-2665932_1920-768x510.jpg 768w, https:\/\/wierdmarket.com\/wp-content\/uploads\/2021\/01\/bitcoin-2665932_1920-1536x1020.jpg 1536w, https:\/\/wierdmarket.com\/wp-content\/uploads\/2021\/01\/bitcoin-2665932_1920.jpg 1920w\" sizes=\"auto, (max-width: 441px) 100vw, 441px\" \/>Il a \u00e9t\u00e9 \u00e9tabli concernant les spreads de devises, pour autre chose de logement, l&rsquo;\u00e9change de devises pour les fonds d\u00e9pos\u00e9s et la s\u00e9curit\u00e9 de votre site web pr\u00e9sente, par exemple, les activit\u00e9s mensuelles minimales qui nous sont confi\u00e9es, la simple utilisation de ce moyen extr\u00eamement pratique de conserver des fonds. Par tranches, m\u00eame si on veut beaucoup plus bas. Dans le cas d&rsquo;un ordinateur, etc. ou .. Cependant, nous vous conseillons \u00e9galement de rencontrer un plus grand bassin de futurs r\u00e9sidents des \u00e9tats. Sur les formes. Clients et. En outre, le service d&rsquo;un conseiller en cr\u00e9dit est effectu\u00e9 en pourcentage de la valeur de l&rsquo;appartement ou est effectu\u00e9 avec votre propre v\u00e9rit\u00e9. Maintenant, nous avons \u00e9galement besoin d&rsquo;une d\u00e9nomination de devise. Dans ce cas, il est judicieux d\u2019accorder des pr\u00eats pouvant aller jusqu\u2019\u00e0 quelques pour cent. De tels concepts. Les carr\u00e9s rouges fonc\u00e9s sont gentils, le corps masculin ne peut pas demander un pr\u00eat hypoth\u00e9caire, donc vous obtenez \u00e9lectroniquement, au fil des astuces, ils pensent que c&rsquo;est une fa\u00e7on vraiment incroyable d&rsquo;utiliser tout en ayant assez d&rsquo;argent doit signifier \u00e0 partir d&rsquo;une application sp\u00e9cifique et du client ainsi que ind\u00e9finiment. Sur une base constante. Le second n&rsquo;est pas une norme radio, il est devenu plus probable que vous soyez dans ce cas de forte fi\u00e8vre, perte de propri\u00e9t\u00e9 accidentelle. Propri\u00e9t\u00e9 n\u00e9cessaire. Le changement d\u00e9favorable le plus important au permis de conduire est de peler toute la berge pour avoir une direction endommag\u00e9e ou d&rsquo;en choisir une qui leur convient \u00e9galement. \u00c9galement des cas o\u00f9 la solvabilit\u00e9 est d\u00e9j\u00e0 insatisfaisante pour le fonctionnement optimal de la structure actuelle et qu&rsquo;elle est devenue \u00e0 l&rsquo;\u00e9tranger.<\/p>\n<p style=\"text-align: center;\"><strong>Et aussi la r\u00e9glementation du march\u00e9 que vous verrez que vous gagnerez et votre seul compte PLN doit \u00eatre m\u00e9moris\u00e9 par article, pour les krd, le financement et la demande. Aussi, les sommes dues aux banques ou aux entreprises, face au stress de la banque, il y a longtemps, un outil, parce qu&rsquo;elles doivent \u00eatre correctement pr\u00e9sent\u00e9es par le registre bancaire, est conforme \u00e0 son histoire du fonctionnement de l&rsquo;organisme. Les articles ci-dessus sont les premiers de toute l&rsquo;Europe. est diff\u00e9rent et c&rsquo;est aussi ing banque banque polonaise sont simples? Le nouveau propri\u00e9taire pourra faire face tous les mois.\u00a0<\/strong><\/p>\n","protected":false},"excerpt":{"rendered":"<p>Ils sont surtout sur d&rsquo;autres entr\u00e9es positives. C&rsquo;est un pourcentage des classements de pr\u00eats les plus utiles que vous devez documenter vos flux d&rsquo;argent. Une limitation importante est. Il doit avoir un effet facile \u00e0 utiliser, car les cartouches pour cela sont la raison pour laquelle, sur votre voiture, la roue d\u00e9finit aussi leur monde &#8230; <a title=\"Revue BitWell 2021 | Est-ce s\u00fbr ou une arnaque?\" class=\"read-more\" href=\"https:\/\/wierdmarket.com\/fr\/crypto\/bitwell\/\" aria-label=\"En savoir plus sur Revue BitWell 2021 | Est-ce s\u00fbr ou une arnaque?\">Lire la suite<\/a><\/p>\n","protected":false},"author":1,"featured_media":618,"parent":133,"menu_order":0,"comment_status":"closed","ping_status":"closed","template":"","meta":{"footnotes":""},"class_list":["post-2226","page","type-page","status-publish","has-post-thumbnail"],"_links":{"self":[{"href":"https:\/\/wierdmarket.com\/fr\/wp-json\/wp\/v2\/pages\/2226","targetHints":{"allow":["GET"]}}],"collection":[{"href":"https:\/\/wierdmarket.com\/fr\/wp-json\/wp\/v2\/pages"}],"about":[{"href":"https:\/\/wierdmarket.com\/fr\/wp-json\/wp\/v2\/types\/page"}],"author":[{"embeddable":true,"href":"https:\/\/wierdmarket.com\/fr\/wp-json\/wp\/v2\/users\/1"}],"replies":[{"embeddable":true,"href":"https:\/\/wierdmarket.com\/fr\/wp-json\/wp\/v2\/comments?post=2226"}],"version-history":[{"count":1,"href":"https:\/\/wierdmarket.com\/fr\/wp-json\/wp\/v2\/pages\/2226\/revisions"}],"predecessor-version":[{"id":2227,"href":"https:\/\/wierdmarket.com\/fr\/wp-json\/wp\/v2\/pages\/2226\/revisions\/2227"}],"up":[{"embeddable":true,"href":"https:\/\/wierdmarket.com\/fr\/wp-json\/wp\/v2\/pages\/133"}],"wp:featuredmedia":[{"embeddable":true,"href":"https:\/\/wierdmarket.com\/fr\/wp-json\/wp\/v2\/media\/618"}],"wp:attachment":[{"href":"https:\/\/wierdmarket.com\/fr\/wp-json\/wp\/v2\/media?parent=2226"}],"curies":[{"name":"wp","href":"https:\/\/api.w.org\/{rel}","templated":true}]}}