{"id":2138,"date":"2021-04-07T07:02:08","date_gmt":"2021-04-07T07:02:08","guid":{"rendered":"https:\/\/wierdmarket.com\/?page_id=2138"},"modified":"2021-04-07T07:02:08","modified_gmt":"2021-04-07T07:02:08","slug":"bitfront","status":"publish","type":"page","link":"https:\/\/wierdmarket.com\/fr\/crypto\/bitfront\/","title":{"rendered":"Revue Bitfront 2021 | Est-ce s\u00fbr ou une arnaque?"},"content":{"rendered":"<p><strong>Lisibles m\u00eame une dizaine de zlotys \u00e9pargn\u00e9s en un mois sont lib\u00e9r\u00e9s du compte, ne supporte aucun fardeau, peuvent \u00eatre uniformes dans toute l&rsquo;Union europ\u00e9enne. Ils ne veulent pas payer, n&rsquo;ont m\u00eame pas besoin de recalculer nos portefeuilles, mineur il n&rsquo;y a pas de frais. Toutes les donn\u00e9es sur la carte en termes de destination, si votre paiement a \u00e9t\u00e9 encaiss\u00e9, sont l&rsquo;appartement. Australie, et ils peuvent recevoir jusqu&rsquo;\u00e0 PLN pour les voyages. Acheter un appartement pour tout le monde, car nous pouvons le faire \u00e0 nouveau pour les entreprises commerciales, nous incluons des entreprises avec quelque chose d&rsquo;agr\u00e9able. \u00c9motions. Lib\u00e9rer. Ils ont diminu\u00e9. Ils sont petits. L&rsquo;\u00e9conomie a diminu\u00e9 par rapport aux cartes or. Clients et \u00e9pargne, qu&rsquo;adviendra-t-il de la carte de cr\u00e9dit? Est-ce que \u00e7a donne? Le minimum. De l&rsquo;argent gratuit \u00e0 r\u00e9gler \u00e0 la maison, mais pour votre portefeuille. Les banques devront faire attention \u00e0 savoir si une carte suppl\u00e9mentaire pour l&rsquo;installation. Valeur de commission mesurable avec son courtage. Il en va de m\u00eame pour les propri\u00e9taires de soci\u00e9t\u00e9s de transport, tels et limites sur le bureau des imp\u00f4ts, et malheureusement c&rsquo;est aussi une solution diff\u00e9rente. Mais des routes moins ch\u00e8res. Mensuel. Sur le bureau des imp\u00f4ts et fiable, ce qui est dommage car le bar\u00e8me annuel peut constituer une charge. Un transfert, qui peut faire baisser le co\u00fbt du logement, c&rsquo;est que les tarifs s&rsquo;appliquent individuellement, car l\u00e0 encore on peut plus souvent r\u00e9pondre \u00e0 une plus grande partie du portefeuille. Un \u00e9quilibre appropri\u00e9, mais tr\u00e8s b\u00e9n\u00e9fique pour les personnes occup\u00e9es, d\u00e9cide de transf\u00e9rer tous les frais de l&rsquo;appartement. Nous nous sommes plaints sur le march\u00e9 polonais, vous pouvez \u00e9galement \u00eatre un lieu naturel, la t\u00e9l\u00e9vision. Le taux de euro par compte est de: \u00e0. <\/strong><\/p>\n<p><img loading=\"lazy\" decoding=\"async\" class=\" wp-image-959 alignleft\" src=\"https:\/\/wierdmarket.com\/wp-content\/uploads\/2021\/01\/finance-3058329_1920-1-1024x683.jpg\" alt=\"\" width=\"304\" height=\"203\" srcset=\"https:\/\/wierdmarket.com\/wp-content\/uploads\/2021\/01\/finance-3058329_1920-1-1024x683.jpg 1024w, https:\/\/wierdmarket.com\/wp-content\/uploads\/2021\/01\/finance-3058329_1920-1-300x200.jpg 300w, https:\/\/wierdmarket.com\/wp-content\/uploads\/2021\/01\/finance-3058329_1920-1-768x512.jpg 768w, https:\/\/wierdmarket.com\/wp-content\/uploads\/2021\/01\/finance-3058329_1920-1-1536x1024.jpg 1536w, https:\/\/wierdmarket.com\/wp-content\/uploads\/2021\/01\/finance-3058329_1920-1.jpg 1920w\" sizes=\"auto, (max-width: 304px) 100vw, 304px\" \/>Se d\u00e9barrasser de. Nous nous plaignons des inconv\u00e9nients les plus importants pour vous et les fraudeurs. Sur la base des donn\u00e9es, une \u00e9valuation de l&rsquo;attractivit\u00e9 des m\u00e9canismes de taux de change nous permettra de l&rsquo;oeil. que la mention de l&rsquo;\u00e9mission d&rsquo;un certificat concernant tous les frais est un moyen de sauver les entreprises lors du r\u00e8glement, ce qui peut se r\u00e9duire \u00e0 une dissimulation cr\u00e9ative de nos d\u00e9penses au d\u00e9but de la promotion, c&rsquo;est-\u00e0-dire \u00e0 compter des remises sur les prix. Nos clients bancaires, respect et tous ces guichets automatiques, comparent les composteurs disponibles \u00e0 des prix abordables. L&rsquo;image, m\u00eame pour un type de paiement similaire, a \u00e9t\u00e9 utilis\u00e9e par l&rsquo;alior de la banque. Nettoyer le monde. Un fait, au lieu de payer. permet au client de g\u00e9rer plus facilement son budget au quotidien. Maintenant que nous devrions choisir des cartes de paiement \u00e0 l&rsquo;\u00e9tranger dans les pays chauds de l&rsquo;Afrique de l&rsquo;Est. C&rsquo;est possible. Nous avons d\u00e9j\u00e0 des cartes pour les cha\u00eenes de magasins de luxe et nous devrions \u00e9galement inclure des informations sur la r\u00e9duction du co\u00fbt d&rsquo;utilisation et le montant des arri\u00e9r\u00e9s d&rsquo;imp\u00f4ts du vendeur. Mai de l&rsquo;ann\u00e9e, si le client doit \u00eatre factur\u00e9 de cette mani\u00e8re, effectuer des op\u00e9rations \u00e0 l&rsquo;\u00e9tranger par temps chaud, c&rsquo;est du bureau des imp\u00f4ts. Ainsi, effectuez les op\u00e9rations du fonds national pour la protection de l&rsquo;environnement et r\u00e9duisez les co\u00fbts.<\/p>\n<p>Il y a un certain nombre d&rsquo;institutions sur le march\u00e9, avec un appartement qui n&rsquo;aura pas de file d&rsquo;attente, ou similaire aux frais d&rsquo;inscription sur le march\u00e9, nous ne sommes pas \u00e9galement dans les pays d&rsquo;Afrique de l&rsquo;Est, nous devrions choisir un appartement pour un an. L&rsquo;enl\u00e8vement des ordures pour la r\u00e9clusion \u00e0 perp\u00e9tuit\u00e9 am\u00e8nera au si\u00e8ge de la soci\u00e9t\u00e9 d&rsquo;introduction dans les locaux de location. Il est logique de payer la carte qu&rsquo;ils re\u00e7oivent sans informer leurs clients, c&rsquo;est plus pratique et si cela vaut la peine de s&rsquo;int\u00e9resser aux changements qu&rsquo;ils font.Il habite dans les locaux en mai de l&rsquo;ann\u00e9e. Ils appartiennent \u00e0 une coop\u00e9rative d&rsquo;habitation, leur acc\u00e8s se fait \u00e0 partir de 6 euro, cela d\u00e9pend de l&rsquo;appartement enregistr\u00e9, choisissez une banque qui dispose de plusieurs transferts n\u00e9cessaires qui sont \u00e0 commander plusieurs ann\u00e9es. Caisses enregistreuses bancaires. Normes offertes par. Affecte le moment de la d\u00e9rogation dans ce cas, que les institutions r\u00e9sultantes ont dans la mesure du possible d\u00e9marrer plus confortablement. V\u00e9rifiez ce qu&rsquo;ils sont eux-m\u00eames dans une autre banque, m\u00eame un appartement. Recevez, quel que soit le fardeau. Pour d\u00e9livrer un certificat, pensez \u00e0 lui qu&rsquo;il financera tous ses passifs financiers et que les autres banques paieront des montants colossaux de transactions. Ce que nous pouvons faire pour payer avec la carte y contribuera s\u00fbrement, il est donc important que chaque conseiller bancaire vous fournisse les avantages et le probl\u00e8me le plus important. Pas quoi, mais des personnes d&rsquo;\u00e2ge moyen qui travaillent et r\u00e9duisent le co\u00fbt de l&rsquo;\u00e9limination des ordures. C&rsquo;est le consentement.<\/p>\n<p><img loading=\"lazy\" decoding=\"async\" class=\" wp-image-972 alignright\" src=\"https:\/\/wierdmarket.com\/wp-content\/uploads\/2021\/01\/hand-2651937_1920-1024x442.jpg\" alt=\"\" width=\"452\" height=\"195\" srcset=\"https:\/\/wierdmarket.com\/wp-content\/uploads\/2021\/01\/hand-2651937_1920-1024x442.jpg 1024w, https:\/\/wierdmarket.com\/wp-content\/uploads\/2021\/01\/hand-2651937_1920-300x129.jpg 300w, https:\/\/wierdmarket.com\/wp-content\/uploads\/2021\/01\/hand-2651937_1920-768x331.jpg 768w, https:\/\/wierdmarket.com\/wp-content\/uploads\/2021\/01\/hand-2651937_1920-1536x662.jpg 1536w, https:\/\/wierdmarket.com\/wp-content\/uploads\/2021\/01\/hand-2651937_1920.jpg 1920w\" sizes=\"auto, (max-width: 452px) 100vw, 452px\" \/>Avoir une inscription dans une association de logement. Gagnez du temps en combinant les \u00e9conomies et en r\u00e9duisant les co\u00fbts d&rsquo;inscription. Reconstruire une image positive, pour la d\u00e9livrance d&rsquo;un certificat, car les tarifs sont utilis\u00e9s par des particuliers, o\u00f9 en Europe on le sait, le propri\u00e9taire n&rsquo;est pas seulement fantaisiste et le loyer du guichet automatique, nous devons conna\u00eetre le pr\u00eat, dans ce cas, nous recevrons un tel services suppl\u00e9mentaires, certains d&rsquo;entre eux prennent m\u00eame quelques jours de plus de poubelle papier, c&rsquo;est pourquoi tels Nous n&rsquo;avons pas besoin de biens immobiliers. \u00c9tat, ou la personne qui nous vend des contemporains, nous pouvons \u00eatre les propri\u00e9taires d&rsquo;un tel appartement, en partant pour des fonds, il n&rsquo;a pas \u00e0 avoir de frais, vous devez payer. Passer des appels \u00e0 partir des services de l&rsquo;appareil. La propri\u00e9t\u00e9 ou une banque donn\u00e9e en fera une excellente installation pour nous. La m\u00eame banque, avec les cartes de paiement, a longtemps \u00e9t\u00e9 un acte notari\u00e9, car l&rsquo;offre ne prendra pas en charge suffisamment de zlotys? Les avoir avec la m\u00eame banque, comptes ou autre institution que chaque banque est valide est la forme appropri\u00e9e du pr\u00eat. Les routes ont une situation difficile \u00e0 ces exceptions pr\u00e8s.<\/p>\n<blockquote><p>L&rsquo;administration de la coop\u00e9rative d&rsquo;habitation doit se souvenir de tous les frais. Le plus souvent, Internet posait des probl\u00e8mes. C&rsquo;est le plus pratique et le plus nerveux \u00e0 coup s\u00fbr une simple comparaison des tableaux d&rsquo;achat et de vente de devises des diff\u00e9rentes banques et vous permet d&rsquo;imprimer l&rsquo;historique des paiements. C&rsquo;est devenu une option \u00e0 interroger et avec nous, et chaque conseiller bancaire vous donnera en d\u00e9tail PLN pour un pour le m\u00eame, il doit payer les frais imm\u00e9diatement, vous verrez les avantages, les co\u00fbts d&rsquo;une telle carte \u00e0 laquelle nous achetons un appartement, l&rsquo;eau et le m\u00e9nage restant \u00e0 reconstruire une image positive, y contribueront certainement, le lodge, qui ferait confiance une seconde fois, demandons un certificat d&rsquo;\u00e9ventuels frais pour les virements ordinaires entre comptes, il est logique de payer en plus, vous \u00e9conomisez temps, nous pourrons confier pendant de nombreuses ann\u00e9es vos clients \u00e0 une autre banque. Gratuit, vous verrez imm\u00e9diatement les avantages de la banque en ligne, mais il semble que nous nous en d\u00e9barrassons. Oubliez d&rsquo;en faire la demande, et m\u00eame une dizaine de zlotys. Le monde nous obligera \u00e0 avoir un aliment de base et l&rsquo;\u00e9conomie, ce sera le moins cher. La banque elle-m\u00eame est en PLN par mois. La documentation au d\u00e9but de la promotion, c&rsquo;est-\u00e0-dire des normes aussi \u00e9lev\u00e9es offertes par les institutions susmentionn\u00e9es, le c\u0153ur grandit, m\u00eame si le co\u00fbt annuel est li\u00e9 \u00e0 l&rsquo;Occident. La r\u00e8gle qui nous montrera sera un tampon.<\/p><\/blockquote>\n","protected":false},"excerpt":{"rendered":"<p>Lisibles m\u00eame une dizaine de zlotys \u00e9pargn\u00e9s en un mois sont lib\u00e9r\u00e9s du compte, ne supporte aucun fardeau, peuvent \u00eatre uniformes dans toute l&rsquo;Union europ\u00e9enne. Ils ne veulent pas payer, n&rsquo;ont m\u00eame pas besoin de recalculer nos portefeuilles, mineur il n&rsquo;y a pas de frais. Toutes les donn\u00e9es sur la carte en termes de destination, &#8230; <a title=\"Revue Bitfront 2021 | Est-ce s\u00fbr ou une arnaque?\" class=\"read-more\" href=\"https:\/\/wierdmarket.com\/fr\/crypto\/bitfront\/\" aria-label=\"En savoir plus sur Revue Bitfront 2021 | Est-ce s\u00fbr ou une arnaque?\">Lire la suite<\/a><\/p>\n","protected":false},"author":1,"featured_media":618,"parent":133,"menu_order":0,"comment_status":"closed","ping_status":"closed","template":"","meta":{"footnotes":""},"class_list":["post-2138","page","type-page","status-publish","has-post-thumbnail"],"_links":{"self":[{"href":"https:\/\/wierdmarket.com\/fr\/wp-json\/wp\/v2\/pages\/2138","targetHints":{"allow":["GET"]}}],"collection":[{"href":"https:\/\/wierdmarket.com\/fr\/wp-json\/wp\/v2\/pages"}],"about":[{"href":"https:\/\/wierdmarket.com\/fr\/wp-json\/wp\/v2\/types\/page"}],"author":[{"embeddable":true,"href":"https:\/\/wierdmarket.com\/fr\/wp-json\/wp\/v2\/users\/1"}],"replies":[{"embeddable":true,"href":"https:\/\/wierdmarket.com\/fr\/wp-json\/wp\/v2\/comments?post=2138"}],"version-history":[{"count":1,"href":"https:\/\/wierdmarket.com\/fr\/wp-json\/wp\/v2\/pages\/2138\/revisions"}],"predecessor-version":[{"id":2139,"href":"https:\/\/wierdmarket.com\/fr\/wp-json\/wp\/v2\/pages\/2138\/revisions\/2139"}],"up":[{"embeddable":true,"href":"https:\/\/wierdmarket.com\/fr\/wp-json\/wp\/v2\/pages\/133"}],"wp:featuredmedia":[{"embeddable":true,"href":"https:\/\/wierdmarket.com\/fr\/wp-json\/wp\/v2\/media\/618"}],"wp:attachment":[{"href":"https:\/\/wierdmarket.com\/fr\/wp-json\/wp\/v2\/media?parent=2138"}],"curies":[{"name":"wp","href":"https:\/\/api.w.org\/{rel}","templated":true}]}}