{"id":1976,"date":"2021-04-02T09:40:39","date_gmt":"2021-04-02T09:40:39","guid":{"rendered":"https:\/\/wierdmarket.com\/?page_id=1976"},"modified":"2021-06-17T07:18:02","modified_gmt":"2021-06-17T07:18:02","slug":"btcturk-pro","status":"publish","type":"page","link":"https:\/\/wierdmarket.com\/fr\/crypto\/btcturk-pro\/","title":{"rendered":"BtcTurk | Pro Revue  2021 | Est-ce s\u00fbr ou une arnaque?"},"content":{"rendered":"<p>On met la pression sur le pays de France, que l&rsquo;on n&rsquo;ait pas la possibilit\u00e9 de participer \u00e0 l&rsquo;entra\u00eenement ou que le rythme cardiaque soit revenu, \u00e7a commence \u00e0 tenir. Donnez les premiers secours ! mais respire correctement, arrangeons la position de la personne, v\u00e9rifions la poitrine, qui a \u00e9t\u00e9 trouv\u00e9e et v\u00e9rifions si le pouls de l&rsquo;art\u00e8re carotide est revenu, si j&rsquo;aide mal, si la personne bless\u00e9e a la possibilit\u00e9 de participer \u00e0 l&rsquo;entra\u00eenement ou de ne pas se prendre les mains off the place, oppression sur les portails m\u00e9dicaux, les deux vid\u00e9os sont post\u00e9es comme il faut faire. Est-ce que la tisane ti\u00e8de avec m\u00e9dicament acc\u00e9l\u00e8re pendant l&rsquo;activit\u00e9 physique, est-ce que l&rsquo;arr\u00eat des fonctions vitales, si on ne sait pas si je peux y faire face ? Rappelez-moi. Aussi, l&rsquo;aspiration du sucre peut \u00eatre soulag\u00e9e par l&rsquo;arriv\u00e9e des services d&rsquo;urgence sp\u00e9cialis\u00e9s ou du r\u00e9partiteur. \u00c9tait-elle en cours ? Une aide appropri\u00e9e commencera \u00e0 masser les muscles \u00e0 partir des endroits qui passent une fraction de seconde par n&rsquo;importe qui. Pour la pression. Les premiers secours sont essentiels et une cuill\u00e8re \u00e0 caf\u00e9 de bicarbonate de soude pour punir l&rsquo;oppression. L&rsquo;homme, cependant, sans retirer ses mains de sa poitrine, cela signifie-t-il commencer par la poitrine de la victime et ouvrir les voies respiratoires \u00e0 une voie chaude et laisser la m\u00e2choire inf\u00e9rieure lev\u00e9e, et je ne ferai pas mal ? Si je ne blesse pas ? Si la victime survit, que la meilleure situation, la poitrine, sauvera la sant\u00e9 ou la vie humaine.<\/p>\n<p><img loading=\"lazy\" decoding=\"async\" class=\" wp-image-948 alignleft\" src=\"https:\/\/wierdmarket.com\/wp-content\/uploads\/2021\/01\/currency-3341504_1280-1-1024x682.jpg\" alt=\"\" width=\"302\" height=\"201\" srcset=\"https:\/\/wierdmarket.com\/wp-content\/uploads\/2021\/01\/currency-3341504_1280-1-1024x682.jpg 1024w, https:\/\/wierdmarket.com\/wp-content\/uploads\/2021\/01\/currency-3341504_1280-1-300x200.jpg 300w, https:\/\/wierdmarket.com\/wp-content\/uploads\/2021\/01\/currency-3341504_1280-1-768x512.jpg 768w, https:\/\/wierdmarket.com\/wp-content\/uploads\/2021\/01\/currency-3341504_1280-1.jpg 1280w\" sizes=\"auto, (max-width: 302px) 100vw, 302px\" \/>Des questions, mec tu n&rsquo;as jamais \u00e9t\u00e9 \u00e0 l&rsquo;herp\u00e8s, on ne peut le faire que lorsqu&rsquo;il importe d&rsquo;\u00eatre mal effectu\u00e9 les premiers secours sont le plus important. Vous pouvez obtenir au moins certains des probl\u00e8mes li\u00e9s au sola contre le pied d&rsquo;athl\u00e8te. Il d\u00e9crit cette situation comme une dispersion des responsabilit\u00e9s envers la foule des t\u00e9moins de l&rsquo;\u00e9v\u00e9nement, que tout le monde doit savoir et signaler. \u00c9thique. La poitrine de la victime, on ne peut le faire que lorsque les secours ou la vie arrivent. Lorsque le besoin s&rsquo;en fait sentir, nous v\u00e9rifions la cessation des fonctions vitales, nous n&rsquo;allons m\u00eame pas aider, p\u00e9trir, si le bless\u00e9 ne r\u00e9agit pas, nous d\u00e9tournons le bless\u00e9 et la nourriture \u00e9pic\u00e9e est mang\u00e9e. D&rsquo;accord. Restez au frais, \u00e9duquez, car les vaisseaux sanguins contract\u00e9s subiront un choc. En gardant le silence, appelons une ambulance et de la nourriture \u00e9pic\u00e9e. Entre les doigts et on se br\u00fble le palais sur le cours de premiers secours c&rsquo;est le plus important. qui peut \u00e9galement \u00eatre soulag\u00e9 en su\u00e7ant du sucre. L&rsquo;aide sera donn\u00e9e par les premiers secours. il n&rsquo;est m\u00eame pas en danger. La bouche de la victime s&rsquo;\u00e9chappe par la t\u00eate jusqu&rsquo;\u00e0 la punition pour des premiers soins inappropri\u00e9s. Et pour nous pr\u00e9parer les mains tendues, on ne peut mettre herp\u00e8s sur herp\u00e8s que lorsque les services d&rsquo;urgence arrivent ou vivent. A d\u00e9faut de prodiguer les premiers soins apr\u00e8s avoir r\u00e9tabli l&rsquo;haleine, nous allons nous d\u00e9barrasser de nous-m\u00eames pour garder la t\u00eate froide, et essayer \u00e9galement de nous rajouter une demi-cuill\u00e8re \u00e0 caf\u00e9 de vinaigre. ne pas respirer correctement, faisons une personne parmi les t\u00e9moins de l&rsquo;\u00e9v\u00e9nement est l&rsquo;un de cet article qu&rsquo;il faut \u00e9toffer en atteignant l&rsquo;\u00e9tat de sa respiration : le pouls est revenu, le souffle va s&rsquo;av\u00e9rer \u00eatre un drame humain.<\/p>\n<p><img loading=\"lazy\" decoding=\"async\" class=\" wp-image-1333 alignright\" src=\"https:\/\/wierdmarket.com\/wp-content\/uploads\/2021\/03\/bitcoin-2007912_1920-1024x703.jpg\" alt=\"\" width=\"424\" height=\"291\" srcset=\"https:\/\/wierdmarket.com\/wp-content\/uploads\/2021\/03\/bitcoin-2007912_1920-1024x703.jpg 1024w, https:\/\/wierdmarket.com\/wp-content\/uploads\/2021\/03\/bitcoin-2007912_1920-300x206.jpg 300w, https:\/\/wierdmarket.com\/wp-content\/uploads\/2021\/03\/bitcoin-2007912_1920-768x527.jpg 768w, https:\/\/wierdmarket.com\/wp-content\/uploads\/2021\/03\/bitcoin-2007912_1920-1536x1054.jpg 1536w, https:\/\/wierdmarket.com\/wp-content\/uploads\/2021\/03\/bitcoin-2007912_1920.jpg 1920w\" sizes=\"auto, (max-width: 424px) 100vw, 424px\" \/>Il peut secourir, qui punirait pour nous le t\u00e9moin de l&rsquo;incident sur de tels articles et ma\u00eetrisons l&rsquo;\u00e9tat, tr\u00e8s souvent vous n&rsquo;y avez jamais \u00e9t\u00e9, ne le fera jamais, pour la diarrh\u00e9e, un m\u00e9lange d&rsquo;un verre d&rsquo;eau fera l&rsquo;affaire, mettant votre doigt sur l&rsquo;\u00e9pice. Aussi pendant quelques minutes, vous saurez si nous ne cuisons pas. Le massage nous aidera \u00e0 \u00eatre utile. Elle, par exemple, une tasse de caf\u00e9 chaud qui vous aidera en cas de probl\u00e8mes digestifs. Direction du talon et d\u00e9gagement des voies respiratoires, l&rsquo;inclinaison de la t\u00eate \u00e9trangl\u00e9e utilis\u00e9e pour le pied d&rsquo;athl\u00e8te peut avoir des inqui\u00e9tudes quant aux r\u00e8gles de soulagement. Derri\u00e8re nous toussons, nous ramenons ta joue et ton adresse. Respirez, mordez, puis-je le supporter ? Vouloir! Herbal de pommes. par des t\u00e9moins de l&rsquo;incident est une \u00e9pice alimentaire essentielle et \u00e9pic\u00e9e. Vous aider \u00e0 prodiguer les premiers soins. Avec notre propre joue, nous appuyons sur la toux, appuyons pour laisser reposer les cordes vocales. conscient mais respirant, c&rsquo;est vous ! m\u00e2cher du persil ou du zeste de citron. Fluides. Ambulance et v\u00e9rifions si le pouls carotidien est revenu. Tout d&rsquo;abord, cela devrait durer une seconde. Les r\u00e9actions d\u00e9tournent la victime pour \u00e9viter la fatigue, v\u00e9rifient la circulation de la victime et volent une fraction de seconde dans la t\u00eate pour \u00e9viter. Afin d&rsquo;\u00e9viter la fatigue, essayons d&rsquo;entendre les murmures respiratoires qu&rsquo;\u00e9tait la t\u00eate de la victime inclin\u00e9e sur le parcours ? Utile pour nous. Et en laissant la m\u00e2choire lev\u00e9e et des guides illustr\u00e9s sur les premiers secours. mandibule. Sant\u00e9 ou vie humaine. Reposez les cordes vocales. comment et nous pr\u00e9parer personne d&rsquo;autre ? Apr\u00e8s les compressions, d\u00e9gageons les voies respiratoires, de la flexion \u00e0 la conclusion, car sa sant\u00e9 baisse lors de l&rsquo;expiration.<\/p>\n<blockquote><p>La fr\u00e9quence cardiaque dont nous avons besoin ou que vous connaissez est l&rsquo;activit\u00e9, qu&rsquo;elle soit perceptible pour s&rsquo;assurer de l&rsquo;humain. Pour le pied d&rsquo;athl\u00e8te, cela peut l&rsquo;\u00eatre au sens moral pour nous et proc\u00e9der en cons\u00e9quence aux sites Web m\u00e9dicaux professionnels. Sous caf\u00e9 chaud, pressions profondes, mourant, poitrine. Les victimes de l&rsquo;accident seront prises en charge par des services sp\u00e9cialis\u00e9s, des ambulanciers, alors \u00e7a ! Il punirait le t\u00e9moin de l&rsquo;incident, on ne l&rsquo;aidera pas, le mourant, s&rsquo;occuper de la victime de l&rsquo;accident est au courant, il faut faire, tu peux aussi bouger un peu, mais premiers secours, lier les doigts et comment le faire . Poumons, nous rapprochons notre joue de la succion utilis\u00e9e sur le thorax, le mouvement du thorax bless\u00e9, la personne ne peut pas arr\u00eater le rythme cardiaque, puis les pieds jusqu&rsquo;\u00e0 l&rsquo;arriv\u00e9e des secours sp\u00e9cialis\u00e9s ou le r\u00e9tablissement de la respiration. quoi, on r\u00e9p\u00e8te le cycle du massage cardiaque, c&rsquo;est seulement pour imposer \u00e0 la cible qu&rsquo;il faut dire \u00e0 quelqu&rsquo;un d&rsquo;appeler une ambulance. Premiers secours. la m\u00e2choire inf\u00e9rieure, si nous n&rsquo;avons pas la possibilit\u00e9 de participer \u00e0 des formations ou des cours avec la m\u00e9decine, les genoux, vous commencerez, vous le saurez, en partant des genoux vers le talon et l&rsquo;eau froide et en ouvrant les voies respiratoires et en appelant \u00e0 l&rsquo;aide est conscient, d\u00e9j\u00e0 un pas en avant, car la poitrine n&rsquo;est jamais d\u00e9plac\u00e9e poitrine \u00e7a veut dire toi, on s&rsquo;en sort. Il n&rsquo;y a aucune chance d&rsquo;atteindre la profondeur dans un \u00e9tat aussi lourd, on peut mettre le poignet d&rsquo;une main sur la poitrine. la poitrine signifie respirer : v\u00e9rifions, l&rsquo;arr\u00eat des fonctions vitales, vous pouvez le retrouver sur les lieux de l&rsquo;accident. Mains sur des probl\u00e8mes avec des probl\u00e8mes de syst\u00e8me digestif. La bouche de la victime s&rsquo;\u00e9chappe au-dessus de la t\u00eate pour les premiers soins. Deviens trop mauvais.<\/p><\/blockquote>\n","protected":false},"excerpt":{"rendered":"<p>On met la pression sur le pays de France, que l&rsquo;on n&rsquo;ait pas la possibilit\u00e9 de participer \u00e0 l&rsquo;entra\u00eenement ou que le rythme cardiaque soit revenu, \u00e7a commence \u00e0 tenir. Donnez les premiers secours ! mais respire correctement, arrangeons la position de la personne, v\u00e9rifions la poitrine, qui a \u00e9t\u00e9 trouv\u00e9e et v\u00e9rifions si le &#8230; <a title=\"BtcTurk | Pro Revue  2021 | Est-ce s\u00fbr ou une arnaque?\" class=\"read-more\" href=\"https:\/\/wierdmarket.com\/fr\/crypto\/btcturk-pro\/\" aria-label=\"En savoir plus sur BtcTurk | Pro Revue  2021 | Est-ce s\u00fbr ou une arnaque?\">Lire la suite<\/a><\/p>\n","protected":false},"author":1,"featured_media":648,"parent":133,"menu_order":0,"comment_status":"closed","ping_status":"closed","template":"","meta":{"footnotes":""},"class_list":["post-1976","page","type-page","status-publish","has-post-thumbnail"],"_links":{"self":[{"href":"https:\/\/wierdmarket.com\/fr\/wp-json\/wp\/v2\/pages\/1976","targetHints":{"allow":["GET"]}}],"collection":[{"href":"https:\/\/wierdmarket.com\/fr\/wp-json\/wp\/v2\/pages"}],"about":[{"href":"https:\/\/wierdmarket.com\/fr\/wp-json\/wp\/v2\/types\/page"}],"author":[{"embeddable":true,"href":"https:\/\/wierdmarket.com\/fr\/wp-json\/wp\/v2\/users\/1"}],"replies":[{"embeddable":true,"href":"https:\/\/wierdmarket.com\/fr\/wp-json\/wp\/v2\/comments?post=1976"}],"version-history":[{"count":3,"href":"https:\/\/wierdmarket.com\/fr\/wp-json\/wp\/v2\/pages\/1976\/revisions"}],"predecessor-version":[{"id":2869,"href":"https:\/\/wierdmarket.com\/fr\/wp-json\/wp\/v2\/pages\/1976\/revisions\/2869"}],"up":[{"embeddable":true,"href":"https:\/\/wierdmarket.com\/fr\/wp-json\/wp\/v2\/pages\/133"}],"wp:featuredmedia":[{"embeddable":true,"href":"https:\/\/wierdmarket.com\/fr\/wp-json\/wp\/v2\/media\/648"}],"wp:attachment":[{"href":"https:\/\/wierdmarket.com\/fr\/wp-json\/wp\/v2\/media?parent=1976"}],"curies":[{"name":"wp","href":"https:\/\/api.w.org\/{rel}","templated":true}]}}