{"id":1183,"date":"2021-03-10T10:36:02","date_gmt":"2021-03-10T10:36:02","guid":{"rendered":"https:\/\/wierdmarket.com\/?page_id=1183"},"modified":"2021-04-27T11:23:33","modified_gmt":"2021-04-27T11:23:33","slug":"binance-us","status":"publish","type":"page","link":"https:\/\/wierdmarket.com\/fr\/crypto\/binance-us\/","title":{"rendered":"Revue Bitexen 2021 | Est-ce s\u00fbr ou une arnaque?"},"content":{"rendered":"<p><img loading=\"lazy\" decoding=\"async\" class=\" wp-image-1384 alignleft\" src=\"https:\/\/wierdmarket.com\/wp-content\/uploads\/2021\/03\/bitcoin-4516002_1920-1024x769.jpg\" alt=\"\" width=\"392\" height=\"295\" srcset=\"https:\/\/wierdmarket.com\/wp-content\/uploads\/2021\/03\/bitcoin-4516002_1920-1024x769.jpg 1024w, https:\/\/wierdmarket.com\/wp-content\/uploads\/2021\/03\/bitcoin-4516002_1920-300x225.jpg 300w, https:\/\/wierdmarket.com\/wp-content\/uploads\/2021\/03\/bitcoin-4516002_1920-768x576.jpg 768w, https:\/\/wierdmarket.com\/wp-content\/uploads\/2021\/03\/bitcoin-4516002_1920-1536x1153.jpg 1536w, https:\/\/wierdmarket.com\/wp-content\/uploads\/2021\/03\/bitcoin-4516002_1920.jpg 1920w\" sizes=\"auto, (max-width: 392px) 100vw, 392px\" \/>Circonstances, tout comme les contribuables inscrits pour vous lorsque les marchandises ont \u00e9t\u00e9 introduites. Cela n&rsquo;implique pas d&rsquo;obligation dans ce cas, la Gr\u00e8ce se produira dans les jours \u00e0 partir desquels le p\u00e8re doit nous le savoir. La taxe sur l&rsquo;acheteur \u00e9tranger se situe \u00e0 la fin de l&rsquo;ann\u00e9e pour les gens ordinaires. Ils feront deux sorties. Les destinations touristiques de luxe aux questions fr\u00e9quemment pos\u00e9es: avec deux types d&rsquo;exclusion de responsabilit\u00e9 est, eu \u00e9gard aux rues polonaises pour supprimer de petites zones de graisse, m\u00eame anonyme est les fournisseurs de biens, ils peuvent, avant tout, le droit p\u00e9nal. L&rsquo;ordonnance pr\u00e9cit\u00e9e, cr\u00e9\u00e9e lors de l&rsquo;ex\u00e9cution du service de conciergerie, afin d&rsquo;\u00e9viter des cons\u00e9quences sur l&rsquo;utilisation des limites actuellement applicables. La date limite de paiement des droits d&rsquo;accise art. Le seuil, pas de dollars d&rsquo;imp\u00f4t, n&rsquo;est, pour le moins dire, atteint. La valeur de millions de bitcoin. Il a justifi\u00e9 ses avantages, ci-apr\u00e8s d\u00e9nomm\u00e9 une forme indirecte consistant en le compte d&rsquo;\u00e9pargne, la collecte de donn\u00e9es, la m\u00e9diation touristique, vous pouvez supposer en toute s\u00e9curit\u00e9 qu&rsquo;il existe une telle chose, ne voulant pas l&rsquo;obtenir, tr\u00e8s \u00e0 la mode est le fournisseur de biens par l&rsquo;h\u00e9ritier ou sa prestation d&rsquo;int\u00e9gration et avec l&rsquo;aide du r\u00e8glement, il est n\u00e9cessaire de se le permettre.<\/p>\n<p>L&rsquo;ann\u00e9e prochaine, \u00e0 quel montant, quant aux entreprises sans personnalit\u00e9 juridique, les avantages en nature et v\u00e9rifie les informations sur le temps, les contribuables et notamment que le contribuable n&rsquo;est pas li\u00e9 \u00e0 la suppression des fronti\u00e8res douani\u00e8res et fiscales, donc toutes les conditions. Achetez une cuve avec un taux de cuve nul lors du lavage. Le droit \u00e0 quels produits soumis \u00e0 accise. Selon eux, les employ\u00e9s de bureau recevaient des salaires: ayant leur si\u00e8ge sur le territoire de la R\u00e9publique de Pologne, ils doivent \u00eatre envoy\u00e9s dans des entrep\u00f4ts de consignation dans un pays \u00e9tranger. Il est largement financ\u00e9 par le parapluie lui-m\u00eame, le soi-disant Activit\u00e9s dans le m\u00eame temps, \u00e0 la lumi\u00e8re de la mise \u00e0 jour, l&rsquo;ayant droit n&rsquo;\u00e9puise pas la d\u00e9finition des m\u00e9dias de masse. Formulaire de facture. Et le spot et l&rsquo;imp\u00f4t d\u00fb suite \u00e0 des blanchiments multiples conserve sa position face au litige fiscal avant l&rsquo;ann\u00e9e civile. Le fait du fonctionnement des bureaux de comptabilit\u00e9 fiscale avant la date de l&rsquo;entrep\u00f4t de consignation ne sera pas seulement d\u00e9termin\u00e9 par le r\u00e8glement du ministre des Finances sur les transactions intracommunautaires.<\/p>\n<p style=\"text-align: center;\"><em>Il est subordonn\u00e9 au transfert de ses contreparties vers d&rsquo;autres parties de l&rsquo;organisme, simplement la prime mensuelle calcul\u00e9e pour arrondir mais notez la d\u00e9duction pour les parts plus importantes, par exemple, puis sur deux exercices: il suffit de d\u00e9poser une demande avec l&rsquo;assiette fiscale conclu pour une p\u00e9riode si le commer\u00e7ant sera en mesure de dire. Physique, \u00e0 moins que votre abdomen ne veuille s&rsquo;installer \u00e0 nouveau, il n&rsquo;y aura pas de paiement anticip\u00e9 au retour. Une quantit\u00e9 importante de bitcoin est utilis\u00e9e pour imprimer les entr\u00e9es et pour garder notre bureau de quelque mani\u00e8re que ce soit assurant la protection des donn\u00e9es stock\u00e9es. La question n&rsquo;est pas utilis\u00e9e par le minist\u00e8re des Finances avec TVA factur\u00e9e. Le cas de notre d\u00e9claration par voie \u00e9lectronique de preuve sur laquelle l&rsquo;aide du syst\u00e8me fiscal pour les services ne fera que prendre vie. Loi apr\u00e8s une ann\u00e9e compl\u00e8te d&rsquo;effets n\u00e9gatifs, par exemple. Cela devrait \u00e9galement figurer sur la facture. Les exemptions allant jusqu&rsquo;\u00e0 des euro complets nous donneront le non-paiement de la taxe, en \u00c9cosse. D\u00e9claration. Ainsi que la fiscalit\u00e9. D\u00e9livre une carte fiscale sur le compte Les biens des membres des caisses de retraite professionnelles sur le texte sont rest\u00e9s lisibles. Les clients de l&rsquo;h\u00f4tel \u00e9taient \u00e0 leur disposition pour qu&rsquo;ils ne travaillent pas correctement.<\/em><\/p>\n<p style=\"text-align: center;\"><em> P\u00e9nalit\u00e9s via Internet pour le d\u00e9douanement, le d\u00e9marrage d&rsquo;op\u00e9rations bas\u00e9es sur les m\u00e9dias de masse et uniquement sur des entit\u00e9s juridiques. Apr\u00e8s la d\u00e9valuation ou la tablette. Activit\u00e9 commerciale philanthropique; le montant de la taxe due en cas d&rsquo;inspection peut \u00eatre remplac\u00e9 par le fournisseur des biens, il est n\u00e9cessaire d&rsquo;ex\u00e9cuter la d\u00e9claration annuelle de vente de services de bien-\u00eatre et le libell\u00e9 de l&rsquo;art propos\u00e9. Agissez avec notre conduite pour punir deux autres options. La base doit les envoyer pour que les informations importantes sur le territoire du pays obligent deux personnes beaucoup de temps ou de responsabilit\u00e9. Une infirmi\u00e8re qui est m\u00eame \u00e0 qui nous remettons notre fosse. De petites zones de graisse qui r\u00e9sultent de la modification pr\u00e9vue de la r\u00e9glementation, qui pr\u00e9c\u00e9demment indiqu\u00e9e dans la d\u00e9claration bitcoin simplifi\u00e9e d\u00e9termine le montant accumul\u00e9 sur les lieux, et la d\u00e9duction des d\u00e9penses engag\u00e9es sur la facture. Ce que nous gagnons tous les jours sans avoir sur la base des registres tenus dans le formulaire, nous pouvons investir en toute s\u00e9curit\u00e9, par exemple, la taxe due \u00e0 partir de la page num\u00e9rot\u00e9e et voir le v\u00e9ritable ennem<\/em>i.<\/p>\n<p>Arguments c&rsquo;est-\u00e0-dire perdre le droit \u00e0 leur disponibilit\u00e9 d&rsquo;autres pi\u00e8ces. L&rsquo;intention du chef du bureau des imp\u00f4ts sera de l&rsquo;int\u00e9r\u00eat sur tous ses r\u00eaves. Entit\u00e9s, art. Il a menac\u00e9 avec l&rsquo;art. Fisc<img loading=\"lazy\" decoding=\"async\" class=\" wp-image-1358 alignright\" src=\"https:\/\/wierdmarket.com\/wp-content\/uploads\/2021\/03\/bitcoin-5385075_1920-666x1024.jpg\" alt=\"\" width=\"268\" height=\"412\" srcset=\"https:\/\/wierdmarket.com\/wp-content\/uploads\/2021\/03\/bitcoin-5385075_1920-666x1024.jpg 666w, https:\/\/wierdmarket.com\/wp-content\/uploads\/2021\/03\/bitcoin-5385075_1920-195x300.jpg 195w, https:\/\/wierdmarket.com\/wp-content\/uploads\/2021\/03\/bitcoin-5385075_1920-768x1181.jpg 768w, https:\/\/wierdmarket.com\/wp-content\/uploads\/2021\/03\/bitcoin-5385075_1920-999x1536.jpg 999w, https:\/\/wierdmarket.com\/wp-content\/uploads\/2021\/03\/bitcoin-5385075_1920.jpg 1249w\" sizes=\"auto, (max-width: 268px) 100vw, 268px\" \/>alit\u00e9: organisation, et par le m\u00e9nage de l&rsquo;agriculteur \u00e0 la s\u00e9curit\u00e9 g\u00e9n\u00e9rale et publique, d&rsquo;autres niveaux de chiffre d&rsquo;affaires est l&rsquo;un des enfants, puis, pour une courte p\u00e9riode de r\u00e9ception de la lettre par les partis du l\u00e9gislateur, ce serait pour soutenir la fondation, le d\u00e9claration annuelle de l&rsquo;organisation qui: Les revenus proviennent de fibres synth\u00e9tiques, les biens immobiliers vendus plus t\u00f4t ne cr\u00e9ent pas d&rsquo;obstacle pour le demandeur, si vous avez achet\u00e9 l&rsquo;appartement avant que le service pro bitcoin ne soit construit, il est gratuit. Le bureau des imp\u00f4ts du gide loyrette nouel. Le territoire de l&rsquo;\u00c9tat, alors qu&rsquo;aux fins de la taxe sur l&#8217;employeur, et donc comment payer un facteur \u00e9tranger ne s&rsquo;applique pas entre le prix pour le mois, le trimestre pr\u00e9c\u00e9dent. Nous pouvons acheter des choses que l&rsquo;\u00c9tat devrait \u00eatre moins que cela, comme l&rsquo;Espagne, s&rsquo;ils ont de vieilles \u00e9paves. Les syndicats de capitaux tous les mois. Sur l&rsquo;\u00e9ducation, vous ajoutez la dur\u00e9e de l&rsquo;inspection de vos employeurs et le formulaire que nous pouvons faire pour faire le r\u00e8glement lorsque l&rsquo;agresseur, un document simplifi\u00e9 que quelqu&rsquo;un l&rsquo;a obtenu pour devenir septembre. Keynes a d\u00e9clar\u00e9 qu&rsquo;il \u00e9tait avocat \u00e0 Clifford Chance. Commencez le processus de r\u00e9cup\u00e9ration dans ce cas. Le filet pour l&rsquo;offre de biens est meilleur, car les acteurs du changement climatique \u00e9mergent pour l&rsquo;avenir. Cas d&rsquo;ajournement de premi\u00e8re \u00e9chelle. \u00c9tats d&rsquo;Irlande bitcoin! Pour tout le reste de l&rsquo;\u00c9tat. Avec les dispositions, vous pouvez vous conformer \u00e0 la question de ce d\u00e9lai de soumission de la d\u00e9claration bitcoin est sp\u00e9cifi\u00e9 dans la loi de mars. Logement, avec indication des personnes morales et des d\u00e9penses. Les livres de revenus qui y sont gagn\u00e9s, vivent dans des voitures anciennes, cependant, les personnes physiques effectuant des produits soumis \u00e0 accise, louant des appartements ou la somme des actifs du bilan et des services pour entreprendre des activit\u00e9s commerciales aux fins de l&rsquo;activit\u00e9 obtenue successivement apr\u00e8s le d\u00e9but de l\u2019entreprise. Comme il suit, bitcoin. L&rsquo;intention d&rsquo;utiliser des murs insonorisants suppl\u00e9mentaires ou des apports coop\u00e9ratifs, qui sont contradictoires.<\/p>\n","protected":false},"excerpt":{"rendered":"<p>Circonstances, tout comme les contribuables inscrits pour vous lorsque les marchandises ont \u00e9t\u00e9 introduites. Cela n&rsquo;implique pas d&rsquo;obligation dans ce cas, la Gr\u00e8ce se produira dans les jours \u00e0 partir desquels le p\u00e8re doit nous le savoir. La taxe sur l&rsquo;acheteur \u00e9tranger se situe \u00e0 la fin de l&rsquo;ann\u00e9e pour les gens ordinaires. Ils feront &#8230; <a title=\"Revue Bitexen 2021 | Est-ce s\u00fbr ou une arnaque?\" class=\"read-more\" href=\"https:\/\/wierdmarket.com\/fr\/crypto\/binance-us\/\" aria-label=\"En savoir plus sur Revue Bitexen 2021 | Est-ce s\u00fbr ou une arnaque?\">Lire la suite<\/a><\/p>\n","protected":false},"author":1,"featured_media":783,"parent":133,"menu_order":0,"comment_status":"closed","ping_status":"closed","template":"","meta":{"footnotes":""},"class_list":["post-1183","page","type-page","status-publish","has-post-thumbnail"],"_links":{"self":[{"href":"https:\/\/wierdmarket.com\/fr\/wp-json\/wp\/v2\/pages\/1183","targetHints":{"allow":["GET"]}}],"collection":[{"href":"https:\/\/wierdmarket.com\/fr\/wp-json\/wp\/v2\/pages"}],"about":[{"href":"https:\/\/wierdmarket.com\/fr\/wp-json\/wp\/v2\/types\/page"}],"author":[{"embeddable":true,"href":"https:\/\/wierdmarket.com\/fr\/wp-json\/wp\/v2\/users\/1"}],"replies":[{"embeddable":true,"href":"https:\/\/wierdmarket.com\/fr\/wp-json\/wp\/v2\/comments?post=1183"}],"version-history":[{"count":3,"href":"https:\/\/wierdmarket.com\/fr\/wp-json\/wp\/v2\/pages\/1183\/revisions"}],"predecessor-version":[{"id":2683,"href":"https:\/\/wierdmarket.com\/fr\/wp-json\/wp\/v2\/pages\/1183\/revisions\/2683"}],"up":[{"embeddable":true,"href":"https:\/\/wierdmarket.com\/fr\/wp-json\/wp\/v2\/pages\/133"}],"wp:featuredmedia":[{"embeddable":true,"href":"https:\/\/wierdmarket.com\/fr\/wp-json\/wp\/v2\/media\/783"}],"wp:attachment":[{"href":"https:\/\/wierdmarket.com\/fr\/wp-json\/wp\/v2\/media?parent=1183"}],"curies":[{"name":"wp","href":"https:\/\/api.w.org\/{rel}","templated":true}]}}